{"id":1273,"date":"2018-09-13T09:32:30","date_gmt":"2018-09-13T12:32:30","guid":{"rendered":"http:\/\/www.cm.cb.ce.gov.br\/?page_id=1273"},"modified":"2026-02-26T16:35:46","modified_gmt":"2026-02-26T19:35:46","slug":"acesso-a-informacao","status":"publish","type":"page","link":"https:\/\/www.ce.gov.br\/cm-cb\/acesso-a-informacao\/","title":{"rendered":"Acesso \u00e0 Informa\u00e7\u00e3o"},"content":{"rendered":"<div class=\"dt-8 -padfix HasSidebar\">\n<p><a href=\"https:\/\/www.bombeiros.ce.gov.br\/wp-content\/uploads\/sites\/27\/2021\/01\/WhatsApp-Image-2021-01-14-at-10.22.14-1.jpeg\"><img loading=\"lazy\" decoding=\"async\" class=\"aligncenter size-medium wp-image-78700\" src=\"https:\/\/www.bombeiros.ce.gov.br\/wp-content\/uploads\/sites\/27\/2021\/01\/WhatsApp-Image-2021-01-14-at-10.22.14-1-600x210.jpeg\" alt=\"\" width=\"600\" height=\"210\" \/><\/a><\/p>\n<p>Inicialmente, a Lei Estadual de transpar\u00eancia com acesso \u00e0 Informa\u00e7\u00e3o, Lei n\u00ba 15.175\/2012, institui como princ\u00edpio fundamental que o acesso \u00e0 informa\u00e7\u00e3o p\u00fablica \u00e9 a regra e o sigilo a exce\u00e7\u00e3o. Logo depois, sua san\u00e7\u00e3o representa mais um importante passo para a consolida\u00e7\u00e3o do regime democr\u00e1tico e para o fortalecimento das pol\u00edticas de transpar\u00eancia p\u00fablica. Bem como, a legisla\u00e7\u00e3o estadual vem complementar, no \u00e2mbito do Cear\u00e1, a Lei Geral de Acesso \u00e0 Informa\u00e7\u00e3o, Lei n\u00ba 12.527\/2011.<\/p>\n<p>Igualmente,\u00a0 a transpar\u00eancia com acesso \u00e0 Informa\u00e7\u00e3o, a mencionada Lei Estadual e o Decreto Estadual n\u00b0 31.199\/2013 determinam um rol m\u00ednimo de informa\u00e7\u00f5es que devem estar divulgadas proativamente (transpar\u00eancia ativa) nos s\u00edtios institucionais dos \u00f3rg\u00e3os e entidades, listadas no menu ao lado. Como tamb\u00e9m, as informa\u00e7\u00f5es de interesse do cidad\u00e3o que n\u00e3o estejam dispon\u00edveis na forma ativa, podem ser solicitadas clicando no bot\u00e3o abaixo (transpar\u00eancia passiva).<\/p>\n<ul class=\"ListaDecorada\">\n<li><a href=\"https:\/\/www.ceara.gov.br\/wp-content\/uploads\/2017\/01\/lei-de-acesso-a-informacao.pdf\">Conhe\u00e7a a \u00edntegra da Lei Estadual de Acesso \u00e0 Informa\u00e7\u00e3o \u2013 n\u00ba 15.175<\/a><\/li>\n<li><a href=\"https:\/\/www.cgu.gov.br\/acessoainformacaogov\/acesso-informacao-brasil\/legislacao-integra-texto-completo.asp\">Conhe\u00e7a a \u00edntegra da lei federal<\/a><\/li>\n<li><a href=\"https:\/\/www.transparencia.ce.gov.br\/\">Acesse o Cear\u00e1 Transparente<\/a><\/li>\n<li><a href=\"https:\/\/cearatransparente.ce.gov.br\/portal-da-transparencia\/acesso-a-informacao?locale=pt-BR#lei-de-acesso-a-informacao\">Acesso \u00e0 Informa\u00e7\u00e3o<\/a><\/li>\n<\/ul>\n<h4 class=\"titulo TitLight\"><span style=\"font-size: 1.5rem;letter-spacing: 0px\">Relat\u00f3rios SIC<\/span><\/h4>\n<\/div>\n<p><strong>2023<\/strong><\/p>\n<ul class=\"ListaDecorada\">\n<li><a href=\"https:\/\/www.bombeiros.ce.gov.br\/wp-content\/uploads\/sites\/27\/2024\/03\/GESTAO-SIC-CBMCE-2023-Assinado.pdf\">Relat\u00f3rio SIC 2023<\/a><\/li>\n<\/ul>\n<p><strong>2022<\/strong><\/p>\n<ul class=\"ListaDecorada\">\n<li><a href=\"https:\/\/www.bombeiros.ce.gov.br\/wp-content\/uploads\/sites\/27\/2023\/03\/Relatorio-Transparencia-CBMCE-2022-1.pdf\">Relat\u00f3rio SIC 2022<\/a><\/li>\n<\/ul>\n<p><strong>2021<\/strong><\/p>\n<ul class=\"ListaDecorada\">\n<li><a href=\"https:\/\/www.bombeiros.ce.gov.br\/wp-content\/uploads\/sites\/27\/2022\/03\/Relatorio-SIC-CBMCE-2021.pdf\">Relat\u00f3rio SIC 2021<\/a><\/li>\n<\/ul>\n<p><strong>2020<\/strong><\/p>\n<ul class=\"ListaDecorada\">\n<li><a href=\"https:\/\/www.bombeiros.ce.gov.br\/wp-content\/uploads\/sites\/27\/2021\/02\/SKM_C224e21020419590.pdf\">Relat\u00f3rio SIC 2020<\/a><\/li>\n<\/ul>\n<p><strong>2019<\/strong><\/p>\n<ul class=\"ListaDecorada\">\n<li><a href=\"https:\/\/www.bombeiros.ce.gov.br\/wp-content\/uploads\/sites\/27\/2021\/01\/RELATORIO-SIC-2019.pdf\">Relat\u00f3rio SIC 2019<\/a><\/li>\n<\/ul>\n<p>\u00a0<\/p>\n\n\n<figure class=\"wp-block-image size-large\"><img loading=\"lazy\" decoding=\"async\" width=\"1200\" height=\"400\" src=\"https:\/\/ww16.ce.gov.br\/cm-cb\/wp-content\/uploads\/sites\/45\/2026\/02\/RODAPE-SITE-110-ANOS-2048x683-1-1200x400.png\" alt=\"Rodap\u00e9 100 anos\" class=\"wp-image-7245\" srcset=\"https:\/\/www.ce.gov.br\/cm-cb\/wp-content\/uploads\/sites\/45\/2026\/02\/RODAPE-SITE-110-ANOS-2048x683-1-1200x400.png 1200w, https:\/\/www.ce.gov.br\/cm-cb\/wp-content\/uploads\/sites\/45\/2026\/02\/RODAPE-SITE-110-ANOS-2048x683-1-600x200.png 600w, https:\/\/www.ce.gov.br\/cm-cb\/wp-content\/uploads\/sites\/45\/2026\/02\/RODAPE-SITE-110-ANOS-2048x683-1-768x256.png 768w, https:\/\/www.ce.gov.br\/cm-cb\/wp-content\/uploads\/sites\/45\/2026\/02\/RODAPE-SITE-110-ANOS-2048x683-1-1536x512.png 1536w, https:\/\/www.ce.gov.br\/cm-cb\/wp-content\/uploads\/sites\/45\/2026\/02\/RODAPE-SITE-110-ANOS-2048x683-1.png 2048w\" sizes=\"auto, (max-width: 1200px) 100vw, 1200px\" \/><\/figure>\n","protected":false},"excerpt":{"rendered":"<p>Inicialmente, a Lei Estadual de transpar\u00eancia com acesso \u00e0 Informa\u00e7\u00e3o, Lei n\u00ba 15.175\/2012, institui como princ\u00edpio fundamental que o acesso \u00e0 informa\u00e7\u00e3o p\u00fablica \u00e9 a regra e o sigilo a exce\u00e7\u00e3o. Logo depois, sua san\u00e7\u00e3o representa mais um importante passo para a consolida\u00e7\u00e3o do regime democr\u00e1tico e para o fortalecimento das pol\u00edticas de transpar\u00eancia p\u00fablica. [&hellip;]<\/p>\n","protected":false},"author":445,"featured_media":7248,"parent":0,"menu_order":0,"comment_status":"closed","ping_status":"closed","template":"page-acesso-a-informacao.php","meta":{"_acf_changed":false,"inline_featured_image":false,"footnotes":""},"class_list":["post-1273","page","type-page","status-publish","has-post-thumbnail","hentry"],"acf":[],"yoast_head":"<!-- This site is optimized with the Yoast SEO plugin v27.3 - https:\/\/yoast.com\/product\/yoast-seo-wordpress\/ -->\n<title>Acesso \u00e0 Informa\u00e7\u00e3o<\/title>\n<meta name=\"robots\" content=\"index, follow, max-snippet:-1, max-image-preview:large, max-video-preview:-1\" \/>\n<link rel=\"canonical\" href=\"https:\/\/ww16.ce.gov.br\/cm-cb\/acesso-a-informacao\/\" \/>\n<meta property=\"og:locale\" content=\"pt_BR\" \/>\n<meta property=\"og:type\" content=\"article\" \/>\n<meta property=\"og:title\" content=\"Acesso \u00e0 Informa\u00e7\u00e3o\" \/>\n<meta property=\"og:description\" content=\"Inicialmente, a Lei Estadual de transpar\u00eancia com acesso \u00e0 Informa\u00e7\u00e3o, Lei n\u00ba 15.175\/2012, institui como princ\u00edpio fundamental que o acesso \u00e0 informa\u00e7\u00e3o p\u00fablica \u00e9 a regra e o sigilo a exce\u00e7\u00e3o. Logo depois, sua san\u00e7\u00e3o representa mais um importante passo para a consolida\u00e7\u00e3o do regime democr\u00e1tico e para o fortalecimento das pol\u00edticas de transpar\u00eancia p\u00fablica. [&hellip;]\" \/>\n<meta property=\"og:url\" content=\"https:\/\/ww16.ce.gov.br\/cm-cb\/acesso-a-informacao\/\" \/>\n<meta property=\"og:site_name\" content=\"CMCB\" \/>\n<meta property=\"article:modified_time\" content=\"2026-02-26T19:35:46+00:00\" \/>\n<meta property=\"og:image\" content=\"https:\/\/ww16.ce.gov.br\/cm-cb\/wp-content\/uploads\/sites\/45\/2026\/02\/Acesso-a-Informacao.jpeg\" \/>\n\t<meta property=\"og:image:width\" content=\"800\" \/>\n\t<meta property=\"og:image:height\" content=\"280\" \/>\n\t<meta property=\"og:image:type\" content=\"image\/jpeg\" \/>\n<meta name=\"twitter:card\" content=\"summary_large_image\" \/>\n<meta name=\"twitter:label1\" content=\"Est. reading time\" \/>\n\t<meta name=\"twitter:data1\" content=\"2 minutos\" \/>\n<script type=\"application\/ld+json\" class=\"yoast-schema-graph\">{\"@context\":\"https:\\\/\\\/schema.org\",\"@graph\":[{\"@type\":\"WebPage\",\"@id\":\"https:\\\/\\\/ww16.ce.gov.br\\\/cm-cb\\\/acesso-a-informacao\\\/\",\"url\":\"https:\\\/\\\/ww16.ce.gov.br\\\/cm-cb\\\/acesso-a-informacao\\\/\",\"name\":\"Acesso \u00e0 Informa\u00e7\u00e3o\",\"isPartOf\":{\"@id\":\"https:\\\/\\\/ww16.ce.gov.br\\\/cm-cb\\\/#website\"},\"primaryImageOfPage\":{\"@id\":\"https:\\\/\\\/ww16.ce.gov.br\\\/cm-cb\\\/acesso-a-informacao\\\/#primaryimage\"},\"image\":{\"@id\":\"https:\\\/\\\/ww16.ce.gov.br\\\/cm-cb\\\/acesso-a-informacao\\\/#primaryimage\"},\"thumbnailUrl\":\"https:\\\/\\\/www.ce.gov.br\\\/cm-cb\\\/wp-content\\\/uploads\\\/sites\\\/45\\\/2026\\\/02\\\/Acesso-a-Informacao.jpeg\",\"datePublished\":\"2018-09-13T12:32:30+00:00\",\"dateModified\":\"2026-02-26T19:35:46+00:00\",\"breadcrumb\":{\"@id\":\"https:\\\/\\\/ww16.ce.gov.br\\\/cm-cb\\\/acesso-a-informacao\\\/#breadcrumb\"},\"inLanguage\":\"pt-BR\",\"potentialAction\":[{\"@type\":\"ReadAction\",\"target\":[\"https:\\\/\\\/ww16.ce.gov.br\\\/cm-cb\\\/acesso-a-informacao\\\/\"]}]},{\"@type\":\"ImageObject\",\"inLanguage\":\"pt-BR\",\"@id\":\"https:\\\/\\\/ww16.ce.gov.br\\\/cm-cb\\\/acesso-a-informacao\\\/#primaryimage\",\"url\":\"https:\\\/\\\/www.ce.gov.br\\\/cm-cb\\\/wp-content\\\/uploads\\\/sites\\\/45\\\/2026\\\/02\\\/Acesso-a-Informacao.jpeg\",\"contentUrl\":\"https:\\\/\\\/www.ce.gov.br\\\/cm-cb\\\/wp-content\\\/uploads\\\/sites\\\/45\\\/2026\\\/02\\\/Acesso-a-Informacao.jpeg\",\"width\":800,\"height\":280,\"caption\":\"Acesso \u00e0 Informa\u00e7\u00e3o\"},{\"@type\":\"BreadcrumbList\",\"@id\":\"https:\\\/\\\/ww16.ce.gov.br\\\/cm-cb\\\/acesso-a-informacao\\\/#breadcrumb\",\"itemListElement\":[{\"@type\":\"ListItem\",\"position\":1,\"name\":\"In\u00edcio\",\"item\":\"https:\\\/\\\/ww16.ce.gov.br\\\/cm-cb\\\/\"},{\"@type\":\"ListItem\",\"position\":2,\"name\":\"Acesso \u00e0 Informa\u00e7\u00e3o\"}]},{\"@type\":\"WebSite\",\"@id\":\"https:\\\/\\\/ww16.ce.gov.br\\\/cm-cb\\\/#website\",\"url\":\"https:\\\/\\\/ww16.ce.gov.br\\\/cm-cb\\\/\",\"name\":\"Col\u00e9gio Militar do Corpo de Bombeiros\",\"description\":\"Portal CMCB\",\"publisher\":{\"@id\":\"https:\\\/\\\/ww16.ce.gov.br\\\/cm-cb\\\/#organization\"},\"potentialAction\":[{\"@type\":\"SearchAction\",\"target\":{\"@type\":\"EntryPoint\",\"urlTemplate\":\"https:\\\/\\\/ww16.ce.gov.br\\\/cm-cb\\\/?s={search_term_string}\"},\"query-input\":{\"@type\":\"PropertyValueSpecification\",\"valueRequired\":true,\"valueName\":\"search_term_string\"}}],\"inLanguage\":\"pt-BR\"},{\"@type\":\"Organization\",\"@id\":\"https:\\\/\\\/ww16.ce.gov.br\\\/cm-cb\\\/#organization\",\"name\":\"Col\u00e9gio Militar do Corpo de Bombeiros\",\"url\":\"https:\\\/\\\/ww16.ce.gov.br\\\/cm-cb\\\/\",\"logo\":{\"@type\":\"ImageObject\",\"inLanguage\":\"pt-BR\",\"@id\":\"https:\\\/\\\/ww16.ce.gov.br\\\/cm-cb\\\/#\\\/schema\\\/logo\\\/image\\\/\",\"url\":\"http:\\\/\\\/ww16.ce.gov.br\\\/cm-cb\\\/wp-content\\\/uploads\\\/sites\\\/62\\\/2018\\\/05\\\/cmcb-clara.png\",\"contentUrl\":\"http:\\\/\\\/ww16.ce.gov.br\\\/cm-cb\\\/wp-content\\\/uploads\\\/sites\\\/62\\\/2018\\\/05\\\/cmcb-clara.png\",\"width\":559,\"height\":106,\"caption\":\"Col\u00e9gio Militar do Corpo de Bombeiros\"},\"image\":{\"@id\":\"https:\\\/\\\/ww16.ce.gov.br\\\/cm-cb\\\/#\\\/schema\\\/logo\\\/image\\\/\"}}]}<\/script>\n<!-- \/ Yoast SEO plugin. -->","yoast_head_json":{"title":"Acesso \u00e0 Informa\u00e7\u00e3o","robots":{"index":"index","follow":"follow","max-snippet":"max-snippet:-1","max-image-preview":"max-image-preview:large","max-video-preview":"max-video-preview:-1"},"canonical":"https:\/\/ww16.ce.gov.br\/cm-cb\/acesso-a-informacao\/","og_locale":"pt_BR","og_type":"article","og_title":"Acesso \u00e0 Informa\u00e7\u00e3o","og_description":"Inicialmente, a Lei Estadual de transpar\u00eancia com acesso \u00e0 Informa\u00e7\u00e3o, Lei n\u00ba 15.175\/2012, institui como princ\u00edpio fundamental que o acesso \u00e0 informa\u00e7\u00e3o p\u00fablica \u00e9 a regra e o sigilo a exce\u00e7\u00e3o. Logo depois, sua san\u00e7\u00e3o representa mais um importante passo para a consolida\u00e7\u00e3o do regime democr\u00e1tico e para o fortalecimento das pol\u00edticas de transpar\u00eancia p\u00fablica. [&hellip;]","og_url":"https:\/\/ww16.ce.gov.br\/cm-cb\/acesso-a-informacao\/","og_site_name":"CMCB","article_modified_time":"2026-02-26T19:35:46+00:00","og_image":[{"width":800,"height":280,"url":"https:\/\/ww16.ce.gov.br\/cm-cb\/wp-content\/uploads\/sites\/45\/2026\/02\/Acesso-a-Informacao.jpeg","type":"image\/jpeg"}],"twitter_card":"summary_large_image","twitter_misc":{"Est. reading time":"2 minutos"},"schema":{"@context":"https:\/\/schema.org","@graph":[{"@type":"WebPage","@id":"https:\/\/ww16.ce.gov.br\/cm-cb\/acesso-a-informacao\/","url":"https:\/\/ww16.ce.gov.br\/cm-cb\/acesso-a-informacao\/","name":"Acesso \u00e0 Informa\u00e7\u00e3o","isPartOf":{"@id":"https:\/\/ww16.ce.gov.br\/cm-cb\/#website"},"primaryImageOfPage":{"@id":"https:\/\/ww16.ce.gov.br\/cm-cb\/acesso-a-informacao\/#primaryimage"},"image":{"@id":"https:\/\/ww16.ce.gov.br\/cm-cb\/acesso-a-informacao\/#primaryimage"},"thumbnailUrl":"https:\/\/www.ce.gov.br\/cm-cb\/wp-content\/uploads\/sites\/45\/2026\/02\/Acesso-a-Informacao.jpeg","datePublished":"2018-09-13T12:32:30+00:00","dateModified":"2026-02-26T19:35:46+00:00","breadcrumb":{"@id":"https:\/\/ww16.ce.gov.br\/cm-cb\/acesso-a-informacao\/#breadcrumb"},"inLanguage":"pt-BR","potentialAction":[{"@type":"ReadAction","target":["https:\/\/ww16.ce.gov.br\/cm-cb\/acesso-a-informacao\/"]}]},{"@type":"ImageObject","inLanguage":"pt-BR","@id":"https:\/\/ww16.ce.gov.br\/cm-cb\/acesso-a-informacao\/#primaryimage","url":"https:\/\/www.ce.gov.br\/cm-cb\/wp-content\/uploads\/sites\/45\/2026\/02\/Acesso-a-Informacao.jpeg","contentUrl":"https:\/\/www.ce.gov.br\/cm-cb\/wp-content\/uploads\/sites\/45\/2026\/02\/Acesso-a-Informacao.jpeg","width":800,"height":280,"caption":"Acesso \u00e0 Informa\u00e7\u00e3o"},{"@type":"BreadcrumbList","@id":"https:\/\/ww16.ce.gov.br\/cm-cb\/acesso-a-informacao\/#breadcrumb","itemListElement":[{"@type":"ListItem","position":1,"name":"In\u00edcio","item":"https:\/\/ww16.ce.gov.br\/cm-cb\/"},{"@type":"ListItem","position":2,"name":"Acesso \u00e0 Informa\u00e7\u00e3o"}]},{"@type":"WebSite","@id":"https:\/\/ww16.ce.gov.br\/cm-cb\/#website","url":"https:\/\/ww16.ce.gov.br\/cm-cb\/","name":"Col\u00e9gio Militar do Corpo de Bombeiros","description":"Portal CMCB","publisher":{"@id":"https:\/\/ww16.ce.gov.br\/cm-cb\/#organization"},"potentialAction":[{"@type":"SearchAction","target":{"@type":"EntryPoint","urlTemplate":"https:\/\/ww16.ce.gov.br\/cm-cb\/?s={search_term_string}"},"query-input":{"@type":"PropertyValueSpecification","valueRequired":true,"valueName":"search_term_string"}}],"inLanguage":"pt-BR"},{"@type":"Organization","@id":"https:\/\/ww16.ce.gov.br\/cm-cb\/#organization","name":"Col\u00e9gio Militar do Corpo de Bombeiros","url":"https:\/\/ww16.ce.gov.br\/cm-cb\/","logo":{"@type":"ImageObject","inLanguage":"pt-BR","@id":"https:\/\/ww16.ce.gov.br\/cm-cb\/#\/schema\/logo\/image\/","url":"http:\/\/ww16.ce.gov.br\/cm-cb\/wp-content\/uploads\/sites\/62\/2018\/05\/cmcb-clara.png","contentUrl":"http:\/\/ww16.ce.gov.br\/cm-cb\/wp-content\/uploads\/sites\/62\/2018\/05\/cmcb-clara.png","width":559,"height":106,"caption":"Col\u00e9gio Militar do Corpo de Bombeiros"},"image":{"@id":"https:\/\/ww16.ce.gov.br\/cm-cb\/#\/schema\/logo\/image\/"}}]}},"_links":{"self":[{"href":"https:\/\/www.ce.gov.br\/cm-cb\/wp-json\/wp\/v2\/pages\/1273","targetHints":{"allow":["GET"]}}],"collection":[{"href":"https:\/\/www.ce.gov.br\/cm-cb\/wp-json\/wp\/v2\/pages"}],"about":[{"href":"https:\/\/www.ce.gov.br\/cm-cb\/wp-json\/wp\/v2\/types\/page"}],"author":[{"embeddable":true,"href":"https:\/\/www.ce.gov.br\/cm-cb\/wp-json\/wp\/v2\/users\/445"}],"replies":[{"embeddable":true,"href":"https:\/\/www.ce.gov.br\/cm-cb\/wp-json\/wp\/v2\/comments?post=1273"}],"version-history":[{"count":14,"href":"https:\/\/www.ce.gov.br\/cm-cb\/wp-json\/wp\/v2\/pages\/1273\/revisions"}],"predecessor-version":[{"id":7398,"href":"https:\/\/www.ce.gov.br\/cm-cb\/wp-json\/wp\/v2\/pages\/1273\/revisions\/7398"}],"wp:featuredmedia":[{"embeddable":true,"href":"https:\/\/www.ce.gov.br\/cm-cb\/wp-json\/wp\/v2\/media\/7248"}],"wp:attachment":[{"href":"https:\/\/www.ce.gov.br\/cm-cb\/wp-json\/wp\/v2\/media?parent=1273"}],"curies":[{"name":"wp","href":"https:\/\/api.w.org\/{rel}","templated":true}]}}