{"id":1884,"date":"2019-03-11T14:25:35","date_gmt":"2019-03-11T17:25:35","guid":{"rendered":"http:\/\/ww16.ce.gov.br\/cm-cb\/?page_id=1884"},"modified":"2026-02-26T16:45:49","modified_gmt":"2026-02-26T19:45:49","slug":"perguntas-frequentes","status":"publish","type":"page","link":"https:\/\/www.ce.gov.br\/cm-cb\/acesso-a-informacao\/perguntas-frequentes\/","title":{"rendered":"Perguntas Frequentes"},"content":{"rendered":"<h4 class=\"destacado\" style=\"text-align: left\">Como meu filho pode estudar no Col\u00e9gio Militar do Corpo de Bombeiros?<\/h4>\n<p>O ingresso ocorre por meio de processo seletivo anual, realizado no segundo semestre e divulgado no site oficial do Col\u00e9gio.<\/p>\n<h4>Quais disciplinas comp\u00f5em a prova de sele\u00e7\u00e3o?<\/h4>\n<p>A avalia\u00e7\u00e3o inclui <strong>Portugu\u00eas<\/strong> e <strong>Matem\u00e1tica<\/strong>, com conte\u00fados referentes \u00e0 s\u00e9rie anterior \u00e0 que o candidato pretende ingressar.<\/p>\n<h4 class=\"destacado\">Quais documentos s\u00e3o necess\u00e1rios para a inscri\u00e7\u00e3o?<\/h4>\n<p>O edital publicado no Di\u00e1rio Oficial do Estado informa a documenta\u00e7\u00e3o exigida tanto do candidato quanto dos respons\u00e1veis legais.<\/p>\n<h4><strong>Como acessar o regulamento de uniformes?<\/strong><\/h4>\n<p>O regulamento est\u00e1 dispon\u00edvel na p\u00e1gina <a href=\"https:\/\/ww16.ce.gov.br\/cm-cb\/regulamentos\/\">Regulamentos e Autoriza\u00e7\u00f5es &#8211; CMCB<\/a><\/p>\n\n\n<p><\/p>\n","protected":false},"excerpt":{"rendered":"<p>Como meu filho pode estudar no Col\u00e9gio Militar do Corpo de Bombeiros? O ingresso ocorre por meio de processo seletivo anual, realizado no segundo semestre e divulgado no site oficial do Col\u00e9gio. Quais disciplinas comp\u00f5em a prova de sele\u00e7\u00e3o? A avalia\u00e7\u00e3o inclui Portugu\u00eas e Matem\u00e1tica, com conte\u00fados referentes \u00e0 s\u00e9rie anterior \u00e0 que o candidato [&hellip;]<\/p>\n","protected":false},"author":220,"featured_media":0,"parent":1273,"menu_order":1,"comment_status":"closed","ping_status":"closed","template":"page-perguntas-frequentes.php","meta":{"_acf_changed":false,"inline_featured_image":false,"footnotes":""},"class_list":["post-1884","page","type-page","status-publish","hentry"],"acf":[],"yoast_head":"<!-- This site is optimized with the Yoast SEO plugin v27.3 - https:\/\/yoast.com\/product\/yoast-seo-wordpress\/ -->\n<title>Perguntas Frequentes<\/title>\n<meta name=\"robots\" content=\"index, follow, max-snippet:-1, max-image-preview:large, max-video-preview:-1\" \/>\n<link rel=\"canonical\" href=\"https:\/\/ww16.ce.gov.br\/cm-cb\/acesso-a-informacao\/perguntas-frequentes\/\" \/>\n<meta property=\"og:locale\" content=\"pt_BR\" \/>\n<meta property=\"og:type\" content=\"article\" \/>\n<meta property=\"og:title\" content=\"Perguntas Frequentes\" \/>\n<meta property=\"og:description\" content=\"Como meu filho pode estudar no Col\u00e9gio Militar do Corpo de Bombeiros? O ingresso ocorre por meio de processo seletivo anual, realizado no segundo semestre e divulgado no site oficial do Col\u00e9gio. Quais disciplinas comp\u00f5em a prova de sele\u00e7\u00e3o? A avalia\u00e7\u00e3o inclui Portugu\u00eas e Matem\u00e1tica, com conte\u00fados referentes \u00e0 s\u00e9rie anterior \u00e0 que o candidato [&hellip;]\" \/>\n<meta property=\"og:url\" content=\"https:\/\/ww16.ce.gov.br\/cm-cb\/acesso-a-informacao\/perguntas-frequentes\/\" \/>\n<meta property=\"og:site_name\" content=\"CMCB\" \/>\n<meta property=\"article:modified_time\" content=\"2026-02-26T19:45:49+00:00\" \/>\n<meta name=\"twitter:card\" content=\"summary_large_image\" \/>\n<meta name=\"twitter:label1\" content=\"Est. reading time\" \/>\n\t<meta name=\"twitter:data1\" content=\"1 minuto\" \/>\n<script type=\"application\/ld+json\" class=\"yoast-schema-graph\">{\"@context\":\"https:\\\/\\\/schema.org\",\"@graph\":[{\"@type\":\"WebPage\",\"@id\":\"https:\\\/\\\/ww16.ce.gov.br\\\/cm-cb\\\/acesso-a-informacao\\\/perguntas-frequentes\\\/\",\"url\":\"https:\\\/\\\/ww16.ce.gov.br\\\/cm-cb\\\/acesso-a-informacao\\\/perguntas-frequentes\\\/\",\"name\":\"Perguntas Frequentes\",\"isPartOf\":{\"@id\":\"https:\\\/\\\/ww16.ce.gov.br\\\/cm-cb\\\/#website\"},\"datePublished\":\"2019-03-11T17:25:35+00:00\",\"dateModified\":\"2026-02-26T19:45:49+00:00\",\"breadcrumb\":{\"@id\":\"https:\\\/\\\/ww16.ce.gov.br\\\/cm-cb\\\/acesso-a-informacao\\\/perguntas-frequentes\\\/#breadcrumb\"},\"inLanguage\":\"pt-BR\",\"potentialAction\":[{\"@type\":\"ReadAction\",\"target\":[\"https:\\\/\\\/ww16.ce.gov.br\\\/cm-cb\\\/acesso-a-informacao\\\/perguntas-frequentes\\\/\"]}]},{\"@type\":\"BreadcrumbList\",\"@id\":\"https:\\\/\\\/ww16.ce.gov.br\\\/cm-cb\\\/acesso-a-informacao\\\/perguntas-frequentes\\\/#breadcrumb\",\"itemListElement\":[{\"@type\":\"ListItem\",\"position\":1,\"name\":\"In\u00edcio\",\"item\":\"https:\\\/\\\/ww16.ce.gov.br\\\/cm-cb\\\/\"},{\"@type\":\"ListItem\",\"position\":2,\"name\":\"Acesso \u00e0 Informa\u00e7\u00e3o\",\"item\":\"https:\\\/\\\/ww16.ce.gov.br\\\/cm-cb\\\/acesso-a-informacao\\\/\"},{\"@type\":\"ListItem\",\"position\":3,\"name\":\"Perguntas Frequentes\"}]},{\"@type\":\"WebSite\",\"@id\":\"https:\\\/\\\/ww16.ce.gov.br\\\/cm-cb\\\/#website\",\"url\":\"https:\\\/\\\/ww16.ce.gov.br\\\/cm-cb\\\/\",\"name\":\"Col\u00e9gio Militar do Corpo de Bombeiros\",\"description\":\"Portal CMCB\",\"publisher\":{\"@id\":\"https:\\\/\\\/ww16.ce.gov.br\\\/cm-cb\\\/#organization\"},\"potentialAction\":[{\"@type\":\"SearchAction\",\"target\":{\"@type\":\"EntryPoint\",\"urlTemplate\":\"https:\\\/\\\/ww16.ce.gov.br\\\/cm-cb\\\/?s={search_term_string}\"},\"query-input\":{\"@type\":\"PropertyValueSpecification\",\"valueRequired\":true,\"valueName\":\"search_term_string\"}}],\"inLanguage\":\"pt-BR\"},{\"@type\":\"Organization\",\"@id\":\"https:\\\/\\\/ww16.ce.gov.br\\\/cm-cb\\\/#organization\",\"name\":\"Col\u00e9gio Militar do Corpo de Bombeiros\",\"url\":\"https:\\\/\\\/ww16.ce.gov.br\\\/cm-cb\\\/\",\"logo\":{\"@type\":\"ImageObject\",\"inLanguage\":\"pt-BR\",\"@id\":\"https:\\\/\\\/ww16.ce.gov.br\\\/cm-cb\\\/#\\\/schema\\\/logo\\\/image\\\/\",\"url\":\"http:\\\/\\\/ww16.ce.gov.br\\\/cm-cb\\\/wp-content\\\/uploads\\\/sites\\\/62\\\/2018\\\/05\\\/cmcb-clara.png\",\"contentUrl\":\"http:\\\/\\\/ww16.ce.gov.br\\\/cm-cb\\\/wp-content\\\/uploads\\\/sites\\\/62\\\/2018\\\/05\\\/cmcb-clara.png\",\"width\":559,\"height\":106,\"caption\":\"Col\u00e9gio Militar do Corpo de Bombeiros\"},\"image\":{\"@id\":\"https:\\\/\\\/ww16.ce.gov.br\\\/cm-cb\\\/#\\\/schema\\\/logo\\\/image\\\/\"}}]}<\/script>\n<!-- \/ Yoast SEO plugin. -->","yoast_head_json":{"title":"Perguntas Frequentes","robots":{"index":"index","follow":"follow","max-snippet":"max-snippet:-1","max-image-preview":"max-image-preview:large","max-video-preview":"max-video-preview:-1"},"canonical":"https:\/\/ww16.ce.gov.br\/cm-cb\/acesso-a-informacao\/perguntas-frequentes\/","og_locale":"pt_BR","og_type":"article","og_title":"Perguntas Frequentes","og_description":"Como meu filho pode estudar no Col\u00e9gio Militar do Corpo de Bombeiros? O ingresso ocorre por meio de processo seletivo anual, realizado no segundo semestre e divulgado no site oficial do Col\u00e9gio. Quais disciplinas comp\u00f5em a prova de sele\u00e7\u00e3o? A avalia\u00e7\u00e3o inclui Portugu\u00eas e Matem\u00e1tica, com conte\u00fados referentes \u00e0 s\u00e9rie anterior \u00e0 que o candidato [&hellip;]","og_url":"https:\/\/ww16.ce.gov.br\/cm-cb\/acesso-a-informacao\/perguntas-frequentes\/","og_site_name":"CMCB","article_modified_time":"2026-02-26T19:45:49+00:00","twitter_card":"summary_large_image","twitter_misc":{"Est. reading time":"1 minuto"},"schema":{"@context":"https:\/\/schema.org","@graph":[{"@type":"WebPage","@id":"https:\/\/ww16.ce.gov.br\/cm-cb\/acesso-a-informacao\/perguntas-frequentes\/","url":"https:\/\/ww16.ce.gov.br\/cm-cb\/acesso-a-informacao\/perguntas-frequentes\/","name":"Perguntas Frequentes","isPartOf":{"@id":"https:\/\/ww16.ce.gov.br\/cm-cb\/#website"},"datePublished":"2019-03-11T17:25:35+00:00","dateModified":"2026-02-26T19:45:49+00:00","breadcrumb":{"@id":"https:\/\/ww16.ce.gov.br\/cm-cb\/acesso-a-informacao\/perguntas-frequentes\/#breadcrumb"},"inLanguage":"pt-BR","potentialAction":[{"@type":"ReadAction","target":["https:\/\/ww16.ce.gov.br\/cm-cb\/acesso-a-informacao\/perguntas-frequentes\/"]}]},{"@type":"BreadcrumbList","@id":"https:\/\/ww16.ce.gov.br\/cm-cb\/acesso-a-informacao\/perguntas-frequentes\/#breadcrumb","itemListElement":[{"@type":"ListItem","position":1,"name":"In\u00edcio","item":"https:\/\/ww16.ce.gov.br\/cm-cb\/"},{"@type":"ListItem","position":2,"name":"Acesso \u00e0 Informa\u00e7\u00e3o","item":"https:\/\/ww16.ce.gov.br\/cm-cb\/acesso-a-informacao\/"},{"@type":"ListItem","position":3,"name":"Perguntas Frequentes"}]},{"@type":"WebSite","@id":"https:\/\/ww16.ce.gov.br\/cm-cb\/#website","url":"https:\/\/ww16.ce.gov.br\/cm-cb\/","name":"Col\u00e9gio Militar do Corpo de Bombeiros","description":"Portal CMCB","publisher":{"@id":"https:\/\/ww16.ce.gov.br\/cm-cb\/#organization"},"potentialAction":[{"@type":"SearchAction","target":{"@type":"EntryPoint","urlTemplate":"https:\/\/ww16.ce.gov.br\/cm-cb\/?s={search_term_string}"},"query-input":{"@type":"PropertyValueSpecification","valueRequired":true,"valueName":"search_term_string"}}],"inLanguage":"pt-BR"},{"@type":"Organization","@id":"https:\/\/ww16.ce.gov.br\/cm-cb\/#organization","name":"Col\u00e9gio Militar do Corpo de Bombeiros","url":"https:\/\/ww16.ce.gov.br\/cm-cb\/","logo":{"@type":"ImageObject","inLanguage":"pt-BR","@id":"https:\/\/ww16.ce.gov.br\/cm-cb\/#\/schema\/logo\/image\/","url":"http:\/\/ww16.ce.gov.br\/cm-cb\/wp-content\/uploads\/sites\/62\/2018\/05\/cmcb-clara.png","contentUrl":"http:\/\/ww16.ce.gov.br\/cm-cb\/wp-content\/uploads\/sites\/62\/2018\/05\/cmcb-clara.png","width":559,"height":106,"caption":"Col\u00e9gio Militar do Corpo de Bombeiros"},"image":{"@id":"https:\/\/ww16.ce.gov.br\/cm-cb\/#\/schema\/logo\/image\/"}}]}},"_links":{"self":[{"href":"https:\/\/www.ce.gov.br\/cm-cb\/wp-json\/wp\/v2\/pages\/1884","targetHints":{"allow":["GET"]}}],"collection":[{"href":"https:\/\/www.ce.gov.br\/cm-cb\/wp-json\/wp\/v2\/pages"}],"about":[{"href":"https:\/\/www.ce.gov.br\/cm-cb\/wp-json\/wp\/v2\/types\/page"}],"author":[{"embeddable":true,"href":"https:\/\/www.ce.gov.br\/cm-cb\/wp-json\/wp\/v2\/users\/220"}],"replies":[{"embeddable":true,"href":"https:\/\/www.ce.gov.br\/cm-cb\/wp-json\/wp\/v2\/comments?post=1884"}],"version-history":[{"count":27,"href":"https:\/\/www.ce.gov.br\/cm-cb\/wp-json\/wp\/v2\/pages\/1884\/revisions"}],"predecessor-version":[{"id":7263,"href":"https:\/\/www.ce.gov.br\/cm-cb\/wp-json\/wp\/v2\/pages\/1884\/revisions\/7263"}],"up":[{"embeddable":true,"href":"https:\/\/www.ce.gov.br\/cm-cb\/wp-json\/wp\/v2\/pages\/1273"}],"wp:attachment":[{"href":"https:\/\/www.ce.gov.br\/cm-cb\/wp-json\/wp\/v2\/media?parent=1884"}],"curies":[{"name":"wp","href":"https:\/\/api.w.org\/{rel}","templated":true}]}}