{"id":1901,"date":"2019-03-13T15:33:08","date_gmt":"2019-03-13T18:33:08","guid":{"rendered":"http:\/\/ww16.ce.gov.br\/cm-cb\/?page_id=1901"},"modified":"2026-02-26T16:23:59","modified_gmt":"2026-02-26T19:23:59","slug":"relacao-de-informacoes-sigilosas","status":"publish","type":"page","link":"https:\/\/www.ce.gov.br\/cm-cb\/acesso-a-informacao\/relacao-de-informacoes-sigilosas\/","title":{"rendered":"Rela\u00e7\u00e3o de Informa\u00e7\u00f5es Sigilosas"},"content":{"rendered":"<div class=\"SistemasExternos\">\n<table>\n<thead>\n<tr>\n<th width=\"8%\"><strong>\u00d3RG\u00c3O<\/strong><\/th>\n<th width=\"3%\"><strong>REFER\u00caNCIA<\/strong><\/th>\n<th width=\"42%\"><strong>TIPO DE DOCUMENTO<\/strong><\/th>\n<th width=\"7%\"><strong>GRAU DE SIGILO PROPOSTO<\/strong><\/th>\n<th width=\"15%\"><strong>PRAZO DE SIGILO<\/strong><\/th>\n<th width=\"2%\"><strong>DATA DA CLASSIFICA\u00c7\u00c3O<\/strong><\/th>\n<th width=\"20%\"><strong>FUNDAMENTO LEGAL<\/strong><\/th>\n<\/tr>\n<\/thead>\n<tbody>\n<tr>\n<td class=\"laranja\"><strong>CBMCE<\/strong><\/td>\n<td><strong>\u2013<\/strong><\/td>\n<td>\n<p align=\"center\"><strong>Controle de Armamento<\/strong><\/p>\n<\/td>\n<td>\n<p align=\"center\"><strong>Ultrassecreto<\/strong><\/p>\n<\/td>\n<td>\n<p align=\"center\"><strong>25 (vinte e cinco) anos<\/strong><\/p>\n<\/td>\n<td>\n<p align=\"center\"><strong>8\u00aa Reuni\u00e3o:<\/strong><\/p>\n<p align=\"center\"><strong>07\/05\/2014<\/strong><\/p>\n<\/td>\n<td>\n<p align=\"center\"><strong>Art. 23, \u00a7 5\u00ba, incisos I e II, da Lei Estadual n\u00b0 15.175 de 28\/06\/2012<\/strong><\/p>\n<\/td>\n<\/tr>\n<tr>\n<td class=\"laranja\"><strong>CBMCE<\/strong><\/td>\n<td><strong>\u2013<\/strong><\/td>\n<td>\n<p align=\"center\"><strong>Informa\u00e7\u00f5es de Assessoria de Intelig\u00eancia<\/strong><\/p>\n<\/td>\n<td>\n<p align=\"center\"><strong>Secreto<\/strong><\/p>\n<\/td>\n<td>\n<p align=\"center\"><strong>15 (quinze) anos<\/strong><\/p>\n<\/td>\n<td>\n<p align=\"center\"><strong>6\u00aa Reuni\u00e3o:<\/strong><\/p>\n<p align=\"center\"><strong>27\/12\/2013<\/strong><\/p>\n<\/td>\n<td>\n<p align=\"center\"><strong>Art. 3\u00ba, inciso II, al\u00ednea \u201cb\u201d, Lei Estadual n\u00b0 15.175 de 28\/06\/2012<\/strong><\/p>\n<\/td>\n<\/tr>\n<\/tbody>\n<\/table>\n<ul class=\"ListaDecorada\">\n<li><strong><a href=\"https:\/\/www.cge.ce.gov.br\/wp-content\/uploads\/sites\/20\/2020\/09\/Informa%C3%A7%C3%B5es-Classificadas-e-Desclassificadas-dos-%C3%93rg%C3%A3os-e-Entidades-do-P.-Executivo-Estadual.pdf\">Confira aqui a rela\u00e7\u00e3o das informa\u00e7\u00f5es classificadas como sigilosas de todos os \u00f3rg\u00e3os e entidades do Poder Executivo Estadual<\/a><\/strong><\/li>\n<\/ul>\n<ul class=\"ListaDecorada\">\n<li><strong><a href=\"https:\/\/www.cge.ce.gov.br\/wp-content\/uploads\/sites\/20\/2019\/01\/Portaria-CGAI-n%C2%B0-01.2016-Disp%C3%B5e-sobre-a-Uniformiza%C3%A7%C3%A3o-na-Classifica%C3%A7%C3%A3o-de-Informa%C3%A7%C3%A3o-Sigilosa-de-Mat%C3%A9ria-Comum-a-Todos-os-%C3%93rg%C3%A3os-e-Entidades-do-Poder-Executivo-Estadual.pdf\">Portaria CGAI n\u00b0 01\/2016 \u2013 Disp\u00f5e sobre a Uniformiza\u00e7\u00e3o na Classifica\u00e7\u00e3o de Informa\u00e7\u00e3o Sigilosa de Mat\u00e9ria Comum a Todos os \u00d3rg\u00e3os e Entidades do Poder Executivo Estadual<\/a><\/strong><\/li>\n<\/ul>\n<\/div>\n","protected":false},"excerpt":{"rendered":"<p>\u00d3RG\u00c3O REFER\u00caNCIA TIPO DE DOCUMENTO GRAU DE SIGILO PROPOSTO PRAZO DE SIGILO DATA DA CLASSIFICA\u00c7\u00c3O FUNDAMENTO LEGAL CBMCE \u2013 Controle de Armamento Ultrassecreto 25 (vinte e cinco) anos 8\u00aa Reuni\u00e3o: 07\/05\/2014 Art. 23, \u00a7 5\u00ba, incisos I e II, da Lei Estadual n\u00b0 15.175 de 28\/06\/2012 CBMCE \u2013 Informa\u00e7\u00f5es de Assessoria de Intelig\u00eancia Secreto 15 [&hellip;]<\/p>\n","protected":false},"author":220,"featured_media":0,"parent":1273,"menu_order":2,"comment_status":"closed","ping_status":"closed","template":"page-relacao-de-informacao-sigilosa.php","meta":{"_acf_changed":false,"inline_featured_image":false,"footnotes":""},"class_list":["post-1901","page","type-page","status-publish","hentry"],"acf":[],"yoast_head":"<!-- This site is optimized with the Yoast SEO plugin v27.3 - https:\/\/yoast.com\/product\/yoast-seo-wordpress\/ -->\n<title>Rela\u00e7\u00e3o de Informa\u00e7\u00f5es Sigilosas - CMCB<\/title>\n<meta name=\"robots\" content=\"index, follow, max-snippet:-1, max-image-preview:large, max-video-preview:-1\" \/>\n<link rel=\"canonical\" href=\"https:\/\/ww16.ce.gov.br\/cm-cb\/acesso-a-informacao\/relacao-de-informacoes-sigilosas\/\" \/>\n<meta property=\"og:locale\" content=\"pt_BR\" \/>\n<meta property=\"og:type\" content=\"article\" \/>\n<meta property=\"og:title\" content=\"Rela\u00e7\u00e3o de Informa\u00e7\u00f5es Sigilosas - CMCB\" \/>\n<meta property=\"og:description\" content=\"\u00d3RG\u00c3O REFER\u00caNCIA TIPO DE DOCUMENTO GRAU DE SIGILO PROPOSTO PRAZO DE SIGILO DATA DA CLASSIFICA\u00c7\u00c3O FUNDAMENTO LEGAL CBMCE \u2013 Controle de Armamento Ultrassecreto 25 (vinte e cinco) anos 8\u00aa Reuni\u00e3o: 07\/05\/2014 Art. 23, \u00a7 5\u00ba, incisos I e II, da Lei Estadual n\u00b0 15.175 de 28\/06\/2012 CBMCE \u2013 Informa\u00e7\u00f5es de Assessoria de Intelig\u00eancia Secreto 15 [&hellip;]\" \/>\n<meta property=\"og:url\" content=\"https:\/\/ww16.ce.gov.br\/cm-cb\/acesso-a-informacao\/relacao-de-informacoes-sigilosas\/\" \/>\n<meta property=\"og:site_name\" content=\"CMCB\" \/>\n<meta property=\"article:modified_time\" content=\"2026-02-26T19:23:59+00:00\" \/>\n<meta name=\"twitter:card\" content=\"summary_large_image\" \/>\n<meta name=\"twitter:label1\" content=\"Est. reading time\" \/>\n\t<meta name=\"twitter:data1\" content=\"1 minuto\" \/>\n<script type=\"application\/ld+json\" class=\"yoast-schema-graph\">{\"@context\":\"https:\\\/\\\/schema.org\",\"@graph\":[{\"@type\":\"WebPage\",\"@id\":\"https:\\\/\\\/ww16.ce.gov.br\\\/cm-cb\\\/acesso-a-informacao\\\/relacao-de-informacoes-sigilosas\\\/\",\"url\":\"https:\\\/\\\/ww16.ce.gov.br\\\/cm-cb\\\/acesso-a-informacao\\\/relacao-de-informacoes-sigilosas\\\/\",\"name\":\"Rela\u00e7\u00e3o de Informa\u00e7\u00f5es Sigilosas - CMCB\",\"isPartOf\":{\"@id\":\"https:\\\/\\\/ww16.ce.gov.br\\\/cm-cb\\\/#website\"},\"datePublished\":\"2019-03-13T18:33:08+00:00\",\"dateModified\":\"2026-02-26T19:23:59+00:00\",\"breadcrumb\":{\"@id\":\"https:\\\/\\\/ww16.ce.gov.br\\\/cm-cb\\\/acesso-a-informacao\\\/relacao-de-informacoes-sigilosas\\\/#breadcrumb\"},\"inLanguage\":\"pt-BR\",\"potentialAction\":[{\"@type\":\"ReadAction\",\"target\":[\"https:\\\/\\\/ww16.ce.gov.br\\\/cm-cb\\\/acesso-a-informacao\\\/relacao-de-informacoes-sigilosas\\\/\"]}]},{\"@type\":\"BreadcrumbList\",\"@id\":\"https:\\\/\\\/ww16.ce.gov.br\\\/cm-cb\\\/acesso-a-informacao\\\/relacao-de-informacoes-sigilosas\\\/#breadcrumb\",\"itemListElement\":[{\"@type\":\"ListItem\",\"position\":1,\"name\":\"In\u00edcio\",\"item\":\"https:\\\/\\\/ww16.ce.gov.br\\\/cm-cb\\\/\"},{\"@type\":\"ListItem\",\"position\":2,\"name\":\"Acesso \u00e0 Informa\u00e7\u00e3o\",\"item\":\"https:\\\/\\\/ww16.ce.gov.br\\\/cm-cb\\\/acesso-a-informacao\\\/\"},{\"@type\":\"ListItem\",\"position\":3,\"name\":\"Rela\u00e7\u00e3o de Informa\u00e7\u00f5es Sigilosas\"}]},{\"@type\":\"WebSite\",\"@id\":\"https:\\\/\\\/ww16.ce.gov.br\\\/cm-cb\\\/#website\",\"url\":\"https:\\\/\\\/ww16.ce.gov.br\\\/cm-cb\\\/\",\"name\":\"Col\u00e9gio Militar do Corpo de Bombeiros\",\"description\":\"Portal CMCB\",\"publisher\":{\"@id\":\"https:\\\/\\\/ww16.ce.gov.br\\\/cm-cb\\\/#organization\"},\"potentialAction\":[{\"@type\":\"SearchAction\",\"target\":{\"@type\":\"EntryPoint\",\"urlTemplate\":\"https:\\\/\\\/ww16.ce.gov.br\\\/cm-cb\\\/?s={search_term_string}\"},\"query-input\":{\"@type\":\"PropertyValueSpecification\",\"valueRequired\":true,\"valueName\":\"search_term_string\"}}],\"inLanguage\":\"pt-BR\"},{\"@type\":\"Organization\",\"@id\":\"https:\\\/\\\/ww16.ce.gov.br\\\/cm-cb\\\/#organization\",\"name\":\"Col\u00e9gio Militar do Corpo de Bombeiros\",\"url\":\"https:\\\/\\\/ww16.ce.gov.br\\\/cm-cb\\\/\",\"logo\":{\"@type\":\"ImageObject\",\"inLanguage\":\"pt-BR\",\"@id\":\"https:\\\/\\\/ww16.ce.gov.br\\\/cm-cb\\\/#\\\/schema\\\/logo\\\/image\\\/\",\"url\":\"http:\\\/\\\/ww16.ce.gov.br\\\/cm-cb\\\/wp-content\\\/uploads\\\/sites\\\/62\\\/2018\\\/05\\\/cmcb-clara.png\",\"contentUrl\":\"http:\\\/\\\/ww16.ce.gov.br\\\/cm-cb\\\/wp-content\\\/uploads\\\/sites\\\/62\\\/2018\\\/05\\\/cmcb-clara.png\",\"width\":559,\"height\":106,\"caption\":\"Col\u00e9gio Militar do Corpo de Bombeiros\"},\"image\":{\"@id\":\"https:\\\/\\\/ww16.ce.gov.br\\\/cm-cb\\\/#\\\/schema\\\/logo\\\/image\\\/\"}}]}<\/script>\n<!-- \/ Yoast SEO plugin. -->","yoast_head_json":{"title":"Rela\u00e7\u00e3o de Informa\u00e7\u00f5es Sigilosas - CMCB","robots":{"index":"index","follow":"follow","max-snippet":"max-snippet:-1","max-image-preview":"max-image-preview:large","max-video-preview":"max-video-preview:-1"},"canonical":"https:\/\/ww16.ce.gov.br\/cm-cb\/acesso-a-informacao\/relacao-de-informacoes-sigilosas\/","og_locale":"pt_BR","og_type":"article","og_title":"Rela\u00e7\u00e3o de Informa\u00e7\u00f5es Sigilosas - CMCB","og_description":"\u00d3RG\u00c3O REFER\u00caNCIA TIPO DE DOCUMENTO GRAU DE SIGILO PROPOSTO PRAZO DE SIGILO DATA DA CLASSIFICA\u00c7\u00c3O FUNDAMENTO LEGAL CBMCE \u2013 Controle de Armamento Ultrassecreto 25 (vinte e cinco) anos 8\u00aa Reuni\u00e3o: 07\/05\/2014 Art. 23, \u00a7 5\u00ba, incisos I e II, da Lei Estadual n\u00b0 15.175 de 28\/06\/2012 CBMCE \u2013 Informa\u00e7\u00f5es de Assessoria de Intelig\u00eancia Secreto 15 [&hellip;]","og_url":"https:\/\/ww16.ce.gov.br\/cm-cb\/acesso-a-informacao\/relacao-de-informacoes-sigilosas\/","og_site_name":"CMCB","article_modified_time":"2026-02-26T19:23:59+00:00","twitter_card":"summary_large_image","twitter_misc":{"Est. reading time":"1 minuto"},"schema":{"@context":"https:\/\/schema.org","@graph":[{"@type":"WebPage","@id":"https:\/\/ww16.ce.gov.br\/cm-cb\/acesso-a-informacao\/relacao-de-informacoes-sigilosas\/","url":"https:\/\/ww16.ce.gov.br\/cm-cb\/acesso-a-informacao\/relacao-de-informacoes-sigilosas\/","name":"Rela\u00e7\u00e3o de Informa\u00e7\u00f5es Sigilosas - CMCB","isPartOf":{"@id":"https:\/\/ww16.ce.gov.br\/cm-cb\/#website"},"datePublished":"2019-03-13T18:33:08+00:00","dateModified":"2026-02-26T19:23:59+00:00","breadcrumb":{"@id":"https:\/\/ww16.ce.gov.br\/cm-cb\/acesso-a-informacao\/relacao-de-informacoes-sigilosas\/#breadcrumb"},"inLanguage":"pt-BR","potentialAction":[{"@type":"ReadAction","target":["https:\/\/ww16.ce.gov.br\/cm-cb\/acesso-a-informacao\/relacao-de-informacoes-sigilosas\/"]}]},{"@type":"BreadcrumbList","@id":"https:\/\/ww16.ce.gov.br\/cm-cb\/acesso-a-informacao\/relacao-de-informacoes-sigilosas\/#breadcrumb","itemListElement":[{"@type":"ListItem","position":1,"name":"In\u00edcio","item":"https:\/\/ww16.ce.gov.br\/cm-cb\/"},{"@type":"ListItem","position":2,"name":"Acesso \u00e0 Informa\u00e7\u00e3o","item":"https:\/\/ww16.ce.gov.br\/cm-cb\/acesso-a-informacao\/"},{"@type":"ListItem","position":3,"name":"Rela\u00e7\u00e3o de Informa\u00e7\u00f5es Sigilosas"}]},{"@type":"WebSite","@id":"https:\/\/ww16.ce.gov.br\/cm-cb\/#website","url":"https:\/\/ww16.ce.gov.br\/cm-cb\/","name":"Col\u00e9gio Militar do Corpo de Bombeiros","description":"Portal CMCB","publisher":{"@id":"https:\/\/ww16.ce.gov.br\/cm-cb\/#organization"},"potentialAction":[{"@type":"SearchAction","target":{"@type":"EntryPoint","urlTemplate":"https:\/\/ww16.ce.gov.br\/cm-cb\/?s={search_term_string}"},"query-input":{"@type":"PropertyValueSpecification","valueRequired":true,"valueName":"search_term_string"}}],"inLanguage":"pt-BR"},{"@type":"Organization","@id":"https:\/\/ww16.ce.gov.br\/cm-cb\/#organization","name":"Col\u00e9gio Militar do Corpo de Bombeiros","url":"https:\/\/ww16.ce.gov.br\/cm-cb\/","logo":{"@type":"ImageObject","inLanguage":"pt-BR","@id":"https:\/\/ww16.ce.gov.br\/cm-cb\/#\/schema\/logo\/image\/","url":"http:\/\/ww16.ce.gov.br\/cm-cb\/wp-content\/uploads\/sites\/62\/2018\/05\/cmcb-clara.png","contentUrl":"http:\/\/ww16.ce.gov.br\/cm-cb\/wp-content\/uploads\/sites\/62\/2018\/05\/cmcb-clara.png","width":559,"height":106,"caption":"Col\u00e9gio Militar do Corpo de Bombeiros"},"image":{"@id":"https:\/\/ww16.ce.gov.br\/cm-cb\/#\/schema\/logo\/image\/"}}]}},"_links":{"self":[{"href":"https:\/\/www.ce.gov.br\/cm-cb\/wp-json\/wp\/v2\/pages\/1901","targetHints":{"allow":["GET"]}}],"collection":[{"href":"https:\/\/www.ce.gov.br\/cm-cb\/wp-json\/wp\/v2\/pages"}],"about":[{"href":"https:\/\/www.ce.gov.br\/cm-cb\/wp-json\/wp\/v2\/types\/page"}],"author":[{"embeddable":true,"href":"https:\/\/www.ce.gov.br\/cm-cb\/wp-json\/wp\/v2\/users\/220"}],"replies":[{"embeddable":true,"href":"https:\/\/www.ce.gov.br\/cm-cb\/wp-json\/wp\/v2\/comments?post=1901"}],"version-history":[{"count":8,"href":"https:\/\/www.ce.gov.br\/cm-cb\/wp-json\/wp\/v2\/pages\/1901\/revisions"}],"predecessor-version":[{"id":7399,"href":"https:\/\/www.ce.gov.br\/cm-cb\/wp-json\/wp\/v2\/pages\/1901\/revisions\/7399"}],"up":[{"embeddable":true,"href":"https:\/\/www.ce.gov.br\/cm-cb\/wp-json\/wp\/v2\/pages\/1273"}],"wp:attachment":[{"href":"https:\/\/www.ce.gov.br\/cm-cb\/wp-json\/wp\/v2\/media?parent=1901"}],"curies":[{"name":"wp","href":"https:\/\/api.w.org\/{rel}","templated":true}]}}