{"id":1903,"date":"2019-03-13T15:34:06","date_gmt":"2019-03-13T18:34:06","guid":{"rendered":"http:\/\/ww16.ce.gov.br\/cm-cb\/?page_id=1903"},"modified":"2026-02-26T16:26:00","modified_gmt":"2026-02-26T19:26:00","slug":"comite-setorial-de-acesso-a-informacao","status":"publish","type":"page","link":"https:\/\/www.ce.gov.br\/cm-cb\/acesso-a-informacao\/comite-setorial-de-acesso-a-informacao\/","title":{"rendered":"Comit\u00ea Setorial de Acesso \u00e0 Informa\u00e7\u00e3o"},"content":{"rendered":"<div class=\"dt-8 -padfix HasSidebar\">\n<h4>Representante do Titular do \u00d3rg\u00e3o<\/h4>\n<div class=\"Card Informativo BgBranco\">\n<p><strong>Coronel Comandante-Geral Adjunto<\/strong><\/p>\n<p><strong>Contato<\/strong>\u00a03101-2219<\/p>\n<p><strong>E-mail:<\/strong>\u00a0cmtgeral@cb.ce.gov.br<\/p>\n<p>\u00a0<\/p>\n<\/div>\n<div class=\"Card Informativo BgBranco\">\n<h4>Assessor de Desenvolvimento Institucional<\/h4>\n<p>\u00a0<\/p>\n<\/div>\n<div class=\"Card Informativo BgBranco\">\n<h4>Ouvidor Setorial<\/h4>\n<p><strong>Tenente-Coronel Jos\u00e9 Edir Paix\u00e3o de Sousa<\/strong><\/p>\n<p><strong>Contato:<\/strong>\u00a03101-2211<\/p>\n<p><strong>E-mail: edir.sousa<\/strong>@cb.ce.gov.br<\/p>\n<p>\u00a0<\/p>\n<h4>Respons\u00e1vel pelo Servi\u00e7o de Informa\u00e7\u00e3o ao Cidad\u00e3o \u2013 SIC<\/h4>\n<p><strong>Tenente Domingos Alves Evangelista Neto<\/strong><\/p>\n<p><strong>Contato:<\/strong>\u00a03223-7742<\/p>\n<p><strong>E-mail:\u00a0<\/strong>domingos.neto@cb.ce.gov.br<\/p>\n<\/div>\n<\/div>\n\n\n<h3 class=\"wp-block-heading\"><strong>Relat\u00f3rios e Informa\u00e7\u00f5es<\/strong><\/h3>\n\n\n\n<ul class=\"wp-block-list\">\n<li><a href=\"https:\/\/transparencia.ce.gov.br\/static\/prioridades-de-governo\/resultados\">Indicadores de Resultados<\/a><\/li>\n\n\n\n<li><a>Relat\u00f3rio Estat\u00edstico SIC<\/a><\/li>\n\n\n\n<li><a href=\"https:\/\/transparencia.ce.gov.br\/static\/modelo-de-governanca\/informacoes-servidores\">Informa\u00e7\u00f5es de Servidores<\/a><\/li>\n<\/ul>\n","protected":false},"excerpt":{"rendered":"<p>Representante do Titular do \u00d3rg\u00e3o Coronel Comandante-Geral Adjunto Contato\u00a03101-2219 E-mail:\u00a0cmtgeral@cb.ce.gov.br \u00a0 Assessor de Desenvolvimento Institucional \u00a0 Ouvidor Setorial Tenente-Coronel Jos\u00e9 Edir Paix\u00e3o de Sousa Contato:\u00a03101-2211 E-mail: edir.sousa@cb.ce.gov.br \u00a0 Respons\u00e1vel pelo Servi\u00e7o de Informa\u00e7\u00e3o ao Cidad\u00e3o \u2013 SIC Tenente Domingos Alves Evangelista Neto Contato:\u00a03223-7742 E-mail:\u00a0domingos.neto@cb.ce.gov.br Relat\u00f3rios e Informa\u00e7\u00f5es<\/p>\n","protected":false},"author":220,"featured_media":0,"parent":1273,"menu_order":3,"comment_status":"closed","ping_status":"closed","template":"page-comite-setorial.php","meta":{"_acf_changed":false,"inline_featured_image":false,"footnotes":""},"class_list":["post-1903","page","type-page","status-publish","hentry"],"acf":[],"yoast_head":"<!-- This site is optimized with the Yoast SEO plugin v27.3 - https:\/\/yoast.com\/product\/yoast-seo-wordpress\/ -->\n<title>Comit\u00ea Setorial de Acesso \u00e0 Informa\u00e7\u00e3o - CMCB<\/title>\n<meta name=\"robots\" content=\"index, follow, max-snippet:-1, max-image-preview:large, max-video-preview:-1\" \/>\n<link rel=\"canonical\" href=\"https:\/\/ww16.ce.gov.br\/cm-cb\/acesso-a-informacao\/comite-setorial-de-acesso-a-informacao\/\" \/>\n<meta property=\"og:locale\" content=\"pt_BR\" \/>\n<meta property=\"og:type\" content=\"article\" \/>\n<meta property=\"og:title\" content=\"Comit\u00ea Setorial de Acesso \u00e0 Informa\u00e7\u00e3o - CMCB\" \/>\n<meta property=\"og:description\" content=\"Representante do Titular do \u00d3rg\u00e3o Coronel Comandante-Geral Adjunto Contato\u00a03101-2219 E-mail:\u00a0cmtgeral@cb.ce.gov.br \u00a0 Assessor de Desenvolvimento Institucional \u00a0 Ouvidor Setorial Tenente-Coronel Jos\u00e9 Edir Paix\u00e3o de Sousa Contato:\u00a03101-2211 E-mail: edir.sousa@cb.ce.gov.br \u00a0 Respons\u00e1vel pelo Servi\u00e7o de Informa\u00e7\u00e3o ao Cidad\u00e3o \u2013 SIC Tenente Domingos Alves Evangelista Neto Contato:\u00a03223-7742 E-mail:\u00a0domingos.neto@cb.ce.gov.br Relat\u00f3rios e Informa\u00e7\u00f5es\" \/>\n<meta property=\"og:url\" content=\"https:\/\/ww16.ce.gov.br\/cm-cb\/acesso-a-informacao\/comite-setorial-de-acesso-a-informacao\/\" \/>\n<meta property=\"og:site_name\" content=\"CMCB\" \/>\n<meta property=\"article:modified_time\" content=\"2026-02-26T19:26:00+00:00\" \/>\n<meta name=\"twitter:card\" content=\"summary_large_image\" \/>\n<meta name=\"twitter:label1\" content=\"Est. reading time\" \/>\n\t<meta name=\"twitter:data1\" content=\"1 minuto\" \/>\n<script type=\"application\/ld+json\" class=\"yoast-schema-graph\">{\"@context\":\"https:\\\/\\\/schema.org\",\"@graph\":[{\"@type\":\"WebPage\",\"@id\":\"https:\\\/\\\/ww16.ce.gov.br\\\/cm-cb\\\/acesso-a-informacao\\\/comite-setorial-de-acesso-a-informacao\\\/\",\"url\":\"https:\\\/\\\/ww16.ce.gov.br\\\/cm-cb\\\/acesso-a-informacao\\\/comite-setorial-de-acesso-a-informacao\\\/\",\"name\":\"Comit\u00ea Setorial de Acesso \u00e0 Informa\u00e7\u00e3o - CMCB\",\"isPartOf\":{\"@id\":\"https:\\\/\\\/ww16.ce.gov.br\\\/cm-cb\\\/#website\"},\"datePublished\":\"2019-03-13T18:34:06+00:00\",\"dateModified\":\"2026-02-26T19:26:00+00:00\",\"breadcrumb\":{\"@id\":\"https:\\\/\\\/ww16.ce.gov.br\\\/cm-cb\\\/acesso-a-informacao\\\/comite-setorial-de-acesso-a-informacao\\\/#breadcrumb\"},\"inLanguage\":\"pt-BR\",\"potentialAction\":[{\"@type\":\"ReadAction\",\"target\":[\"https:\\\/\\\/ww16.ce.gov.br\\\/cm-cb\\\/acesso-a-informacao\\\/comite-setorial-de-acesso-a-informacao\\\/\"]}]},{\"@type\":\"BreadcrumbList\",\"@id\":\"https:\\\/\\\/ww16.ce.gov.br\\\/cm-cb\\\/acesso-a-informacao\\\/comite-setorial-de-acesso-a-informacao\\\/#breadcrumb\",\"itemListElement\":[{\"@type\":\"ListItem\",\"position\":1,\"name\":\"In\u00edcio\",\"item\":\"https:\\\/\\\/ww16.ce.gov.br\\\/cm-cb\\\/\"},{\"@type\":\"ListItem\",\"position\":2,\"name\":\"Acesso \u00e0 Informa\u00e7\u00e3o\",\"item\":\"https:\\\/\\\/ww16.ce.gov.br\\\/cm-cb\\\/acesso-a-informacao\\\/\"},{\"@type\":\"ListItem\",\"position\":3,\"name\":\"Comit\u00ea Setorial de Acesso \u00e0 Informa\u00e7\u00e3o\"}]},{\"@type\":\"WebSite\",\"@id\":\"https:\\\/\\\/ww16.ce.gov.br\\\/cm-cb\\\/#website\",\"url\":\"https:\\\/\\\/ww16.ce.gov.br\\\/cm-cb\\\/\",\"name\":\"Col\u00e9gio Militar do Corpo de Bombeiros\",\"description\":\"Portal CMCB\",\"publisher\":{\"@id\":\"https:\\\/\\\/ww16.ce.gov.br\\\/cm-cb\\\/#organization\"},\"potentialAction\":[{\"@type\":\"SearchAction\",\"target\":{\"@type\":\"EntryPoint\",\"urlTemplate\":\"https:\\\/\\\/ww16.ce.gov.br\\\/cm-cb\\\/?s={search_term_string}\"},\"query-input\":{\"@type\":\"PropertyValueSpecification\",\"valueRequired\":true,\"valueName\":\"search_term_string\"}}],\"inLanguage\":\"pt-BR\"},{\"@type\":\"Organization\",\"@id\":\"https:\\\/\\\/ww16.ce.gov.br\\\/cm-cb\\\/#organization\",\"name\":\"Col\u00e9gio Militar do Corpo de Bombeiros\",\"url\":\"https:\\\/\\\/ww16.ce.gov.br\\\/cm-cb\\\/\",\"logo\":{\"@type\":\"ImageObject\",\"inLanguage\":\"pt-BR\",\"@id\":\"https:\\\/\\\/ww16.ce.gov.br\\\/cm-cb\\\/#\\\/schema\\\/logo\\\/image\\\/\",\"url\":\"http:\\\/\\\/ww16.ce.gov.br\\\/cm-cb\\\/wp-content\\\/uploads\\\/sites\\\/62\\\/2018\\\/05\\\/cmcb-clara.png\",\"contentUrl\":\"http:\\\/\\\/ww16.ce.gov.br\\\/cm-cb\\\/wp-content\\\/uploads\\\/sites\\\/62\\\/2018\\\/05\\\/cmcb-clara.png\",\"width\":559,\"height\":106,\"caption\":\"Col\u00e9gio Militar do Corpo de Bombeiros\"},\"image\":{\"@id\":\"https:\\\/\\\/ww16.ce.gov.br\\\/cm-cb\\\/#\\\/schema\\\/logo\\\/image\\\/\"}}]}<\/script>\n<!-- \/ Yoast SEO plugin. -->","yoast_head_json":{"title":"Comit\u00ea Setorial de Acesso \u00e0 Informa\u00e7\u00e3o - CMCB","robots":{"index":"index","follow":"follow","max-snippet":"max-snippet:-1","max-image-preview":"max-image-preview:large","max-video-preview":"max-video-preview:-1"},"canonical":"https:\/\/ww16.ce.gov.br\/cm-cb\/acesso-a-informacao\/comite-setorial-de-acesso-a-informacao\/","og_locale":"pt_BR","og_type":"article","og_title":"Comit\u00ea Setorial de Acesso \u00e0 Informa\u00e7\u00e3o - CMCB","og_description":"Representante do Titular do \u00d3rg\u00e3o Coronel Comandante-Geral Adjunto Contato\u00a03101-2219 E-mail:\u00a0cmtgeral@cb.ce.gov.br \u00a0 Assessor de Desenvolvimento Institucional \u00a0 Ouvidor Setorial Tenente-Coronel Jos\u00e9 Edir Paix\u00e3o de Sousa Contato:\u00a03101-2211 E-mail: edir.sousa@cb.ce.gov.br \u00a0 Respons\u00e1vel pelo Servi\u00e7o de Informa\u00e7\u00e3o ao Cidad\u00e3o \u2013 SIC Tenente Domingos Alves Evangelista Neto Contato:\u00a03223-7742 E-mail:\u00a0domingos.neto@cb.ce.gov.br Relat\u00f3rios e Informa\u00e7\u00f5es","og_url":"https:\/\/ww16.ce.gov.br\/cm-cb\/acesso-a-informacao\/comite-setorial-de-acesso-a-informacao\/","og_site_name":"CMCB","article_modified_time":"2026-02-26T19:26:00+00:00","twitter_card":"summary_large_image","twitter_misc":{"Est. reading time":"1 minuto"},"schema":{"@context":"https:\/\/schema.org","@graph":[{"@type":"WebPage","@id":"https:\/\/ww16.ce.gov.br\/cm-cb\/acesso-a-informacao\/comite-setorial-de-acesso-a-informacao\/","url":"https:\/\/ww16.ce.gov.br\/cm-cb\/acesso-a-informacao\/comite-setorial-de-acesso-a-informacao\/","name":"Comit\u00ea Setorial de Acesso \u00e0 Informa\u00e7\u00e3o - CMCB","isPartOf":{"@id":"https:\/\/ww16.ce.gov.br\/cm-cb\/#website"},"datePublished":"2019-03-13T18:34:06+00:00","dateModified":"2026-02-26T19:26:00+00:00","breadcrumb":{"@id":"https:\/\/ww16.ce.gov.br\/cm-cb\/acesso-a-informacao\/comite-setorial-de-acesso-a-informacao\/#breadcrumb"},"inLanguage":"pt-BR","potentialAction":[{"@type":"ReadAction","target":["https:\/\/ww16.ce.gov.br\/cm-cb\/acesso-a-informacao\/comite-setorial-de-acesso-a-informacao\/"]}]},{"@type":"BreadcrumbList","@id":"https:\/\/ww16.ce.gov.br\/cm-cb\/acesso-a-informacao\/comite-setorial-de-acesso-a-informacao\/#breadcrumb","itemListElement":[{"@type":"ListItem","position":1,"name":"In\u00edcio","item":"https:\/\/ww16.ce.gov.br\/cm-cb\/"},{"@type":"ListItem","position":2,"name":"Acesso \u00e0 Informa\u00e7\u00e3o","item":"https:\/\/ww16.ce.gov.br\/cm-cb\/acesso-a-informacao\/"},{"@type":"ListItem","position":3,"name":"Comit\u00ea Setorial de Acesso \u00e0 Informa\u00e7\u00e3o"}]},{"@type":"WebSite","@id":"https:\/\/ww16.ce.gov.br\/cm-cb\/#website","url":"https:\/\/ww16.ce.gov.br\/cm-cb\/","name":"Col\u00e9gio Militar do Corpo de Bombeiros","description":"Portal CMCB","publisher":{"@id":"https:\/\/ww16.ce.gov.br\/cm-cb\/#organization"},"potentialAction":[{"@type":"SearchAction","target":{"@type":"EntryPoint","urlTemplate":"https:\/\/ww16.ce.gov.br\/cm-cb\/?s={search_term_string}"},"query-input":{"@type":"PropertyValueSpecification","valueRequired":true,"valueName":"search_term_string"}}],"inLanguage":"pt-BR"},{"@type":"Organization","@id":"https:\/\/ww16.ce.gov.br\/cm-cb\/#organization","name":"Col\u00e9gio Militar do Corpo de Bombeiros","url":"https:\/\/ww16.ce.gov.br\/cm-cb\/","logo":{"@type":"ImageObject","inLanguage":"pt-BR","@id":"https:\/\/ww16.ce.gov.br\/cm-cb\/#\/schema\/logo\/image\/","url":"http:\/\/ww16.ce.gov.br\/cm-cb\/wp-content\/uploads\/sites\/62\/2018\/05\/cmcb-clara.png","contentUrl":"http:\/\/ww16.ce.gov.br\/cm-cb\/wp-content\/uploads\/sites\/62\/2018\/05\/cmcb-clara.png","width":559,"height":106,"caption":"Col\u00e9gio Militar do Corpo de Bombeiros"},"image":{"@id":"https:\/\/ww16.ce.gov.br\/cm-cb\/#\/schema\/logo\/image\/"}}]}},"_links":{"self":[{"href":"https:\/\/www.ce.gov.br\/cm-cb\/wp-json\/wp\/v2\/pages\/1903","targetHints":{"allow":["GET"]}}],"collection":[{"href":"https:\/\/www.ce.gov.br\/cm-cb\/wp-json\/wp\/v2\/pages"}],"about":[{"href":"https:\/\/www.ce.gov.br\/cm-cb\/wp-json\/wp\/v2\/types\/page"}],"author":[{"embeddable":true,"href":"https:\/\/www.ce.gov.br\/cm-cb\/wp-json\/wp\/v2\/users\/220"}],"replies":[{"embeddable":true,"href":"https:\/\/www.ce.gov.br\/cm-cb\/wp-json\/wp\/v2\/comments?post=1903"}],"version-history":[{"count":8,"href":"https:\/\/www.ce.gov.br\/cm-cb\/wp-json\/wp\/v2\/pages\/1903\/revisions"}],"predecessor-version":[{"id":7253,"href":"https:\/\/www.ce.gov.br\/cm-cb\/wp-json\/wp\/v2\/pages\/1903\/revisions\/7253"}],"up":[{"embeddable":true,"href":"https:\/\/www.ce.gov.br\/cm-cb\/wp-json\/wp\/v2\/pages\/1273"}],"wp:attachment":[{"href":"https:\/\/www.ce.gov.br\/cm-cb\/wp-json\/wp\/v2\/media?parent=1903"}],"curies":[{"name":"wp","href":"https:\/\/api.w.org\/{rel}","templated":true}]}}