{"id":2227,"date":"2019-06-17T16:37:30","date_gmt":"2019-06-17T19:37:30","guid":{"rendered":"http:\/\/ww16.ce.gov.br\/cm-cb\/?page_id=2227"},"modified":"2023-01-16T07:34:28","modified_gmt":"2023-01-16T10:34:28","slug":"concurso","status":"publish","type":"page","link":"https:\/\/www.ce.gov.br\/cm-cb\/concurso\/","title":{"rendered":"Sele\u00e7\u00e3o de Novos Alunos"},"content":{"rendered":"<ul class=\"ListaEst -laranja\">\n<li><a href=\"https:\/\/ww16.ce.gov.br\/cm-cb\/2023\/01\/16\/nova-convocacao-de-candidatos-aprovados-no-processo-seletivo\/\">Mais vagas remanescentes e nova convoca\u00e7\u00e3o de classific\u00e1veis<\/a><\/li>\n<li><a href=\"https:\/\/ww16.ce.gov.br\/cm-cb\/2023\/01\/03\/vagas-remanescentes\/\">Vagas remanescentes e convoca\u00e7\u00e3o de classific\u00e1veis<\/a><\/li>\n<li><a href=\"https:\/\/forms.gle\/Mf9nxY6arVvfeJfYA\">Formul\u00e1rio de pr\u00e9-matr\u00edcula dos alunos novatos<\/a><\/li>\n<li><a href=\"https:\/\/ww16.ce.gov.br\/cm-cb\/wp-content\/uploads\/sites\/45\/2022\/12\/1o-ANO-AMPLA-C.pdf\">RESULTADO 1\u00ba Ano do Ensino Fundamental AMPLA CONCORR\u00caNCIA<\/a><\/li>\n<li><a href=\"https:\/\/ww16.ce.gov.br\/cm-cb\/wp-content\/uploads\/sites\/45\/2022\/12\/1o-ANO-RESERVADA.pdf\">RESULTADO 1\u00ba Ano do Ensino Fundamental VAGAS RESERVADAS<\/a><\/li>\n<li><a href=\"https:\/\/ww16.ce.gov.br\/cm-cb\/wp-content\/uploads\/sites\/45\/2022\/12\/6-EF-NC.pdf\">RESULTADO 6\u00ba Ano do Ensino Fundamental AMPLA CONCORR\u00caNCIA<\/a><\/li>\n<li><a href=\"https:\/\/ww16.ce.gov.br\/cm-cb\/wp-content\/uploads\/sites\/45\/2022\/12\/6-EF-C.pdf\">RESULTADO 6\u00ba Ano do Ensino Fundamental VAGAS RESERVADAS<\/a><\/li>\n<li><a href=\"https:\/\/ww16.ce.gov.br\/cm-cb\/wp-content\/uploads\/sites\/45\/2022\/12\/1-EM-NC.pdf\">RESULTADO 1\u00ba Ano do Ensino M\u00e9dio AMPLA CONCORR\u00caNCIA<\/a><\/li>\n<li><a href=\"https:\/\/ww16.ce.gov.br\/cm-cb\/wp-content\/uploads\/sites\/45\/2022\/12\/1-EM-C.pdf\">RESULTADO 1\u00ba Ano do Ensino M\u00e9dio VAGAS RESERVADAS<\/a><\/li>\n<li><a href=\"https:\/\/ww16.ce.gov.br\/cm-cb\/wp-content\/uploads\/sites\/45\/2022\/12\/GABARITO-OFICIAL-1-ANO-EF-2021-22.pdf\">GABARITO DEFINITIVO 1\u00ba Ano do Ensino Fundamental<\/a><\/li>\n<li><a href=\"https:\/\/ww16.ce.gov.br\/cm-cb\/wp-content\/uploads\/sites\/45\/2022\/11\/6o-ANO-EF-2023-gabarito-atualizado.pdf\">GABARITO DEFINITIVO 6\u00ba Ano do Ensino Fundamental<\/a><\/li>\n<li><a href=\"https:\/\/ww16.ce.gov.br\/cm-cb\/wp-content\/uploads\/sites\/45\/2022\/11\/Gabarito-1o-Ano-EM.pdf\">GABARITO DEFINITIVO 1\u00ba Ano do Ensino M\u00e9dio<\/a><\/li>\n<li><a href=\"https:\/\/selecaodealunos.seduc.ce.gov.br\/login\/selecao\/1\">\u00c1REA DO CANDIDATO<\/a><\/li>\n<li><a href=\"https:\/\/ww16.ce.gov.br\/cm-cb\/wp-content\/uploads\/sites\/45\/2022\/11\/retificacao-edital-01.2023-regra-de-transicao.pdf\">Retifica\u00e7\u00e3o de Edital &#8211; Regra de Transi\u00e7\u00e3o<\/a><\/li>\n<li><a href=\"https:\/\/ww16.ce.gov.br\/cm-cb\/wp-content\/uploads\/sites\/45\/2022\/10\/edital-CMCB-2022.pdf\">EDITAL DO PROCESSO SELETIVO 22\/23<\/a><\/li>\n<li><a href=\"https:\/\/ww16.ce.gov.br\/cm-cb\/download\/provas-antigas\">PROVAS ANTIGAS<\/a><\/li>\n<\/ul>\n<h2><strong><span style=\"color: #028245\">Para fazer a inscri\u00e7\u00e3o, use o <span style=\"color: #fc6836\">Google Chrome <\/span><\/span><span style=\"color: #028245\">preferencialmente<\/span>.<\/strong><\/h2>\n<h2><strong><span style=\"color: #028245\">O link de inscri\u00e7\u00e3o est\u00e1 no final da p\u00e1gina ap\u00f3s as instru\u00e7\u00f5es<\/span><span style=\"color: #108441\"> de como se inscrever.<\/span><\/strong><\/h2>\n<h3>siga-nos em nossas redes sociais @cmcb.ce<\/h3>\n<h3 style=\"text-align: center\"><strong><span style=\"color: #fc6836\">&#8211; instru\u00e7\u00f5es de como fazer sua inscri\u00e7\u00e3o &#8211;<\/span><\/strong><\/h3>\n<p><img loading=\"lazy\" decoding=\"async\" class=\"size-full wp-image-2445 aligncenter\" src=\"https:\/\/ww16.ce.gov.br\/cm-cb\/wp-content\/uploads\/sites\/45\/2019\/09\/foto.jpg\" alt=\"\" width=\"1514\" height=\"889\" srcset=\"https:\/\/www.ce.gov.br\/cm-cb\/wp-content\/uploads\/sites\/45\/2019\/09\/foto.jpg 1514w, https:\/\/www.ce.gov.br\/cm-cb\/wp-content\/uploads\/sites\/45\/2019\/09\/foto-600x352.jpg 600w, https:\/\/www.ce.gov.br\/cm-cb\/wp-content\/uploads\/sites\/45\/2019\/09\/foto-768x451.jpg 768w, https:\/\/www.ce.gov.br\/cm-cb\/wp-content\/uploads\/sites\/45\/2019\/09\/foto-1200x705.jpg 1200w\" sizes=\"auto, (max-width: 1514px) 100vw, 1514px\" \/><\/p>\n<div class=\"lista-entidade\">\n<h4 style=\"text-align: justify\"><strong>CMCB \u2013 Edital de Sele\u00e7\u00e3o para Novos Alunos \u2013 Informe 001<\/strong><\/h4>\n<p><img loading=\"lazy\" decoding=\"async\" class=\"wp-image-3049 aligncenter\" src=\"https:\/\/ww16.ce.gov.br\/cm-cb\/wp-content\/uploads\/sites\/45\/2020\/10\/TELA-2.png\" alt=\"\" width=\"1349\" height=\"1104\" srcset=\"https:\/\/www.ce.gov.br\/cm-cb\/wp-content\/uploads\/sites\/45\/2020\/10\/TELA-2.png 1213w, https:\/\/www.ce.gov.br\/cm-cb\/wp-content\/uploads\/sites\/45\/2020\/10\/TELA-2-600x491.png 600w, https:\/\/www.ce.gov.br\/cm-cb\/wp-content\/uploads\/sites\/45\/2020\/10\/TELA-2-768x629.png 768w, https:\/\/www.ce.gov.br\/cm-cb\/wp-content\/uploads\/sites\/45\/2020\/10\/TELA-2-1200x982.png 1200w\" sizes=\"auto, (max-width: 1349px) 100vw, 1349px\" \/><\/p>\n<p><img loading=\"lazy\" decoding=\"async\" class=\"size-full wp-image-3050 aligncenter\" src=\"https:\/\/ww16.ce.gov.br\/cm-cb\/wp-content\/uploads\/sites\/45\/2020\/10\/TELA-3.png\" alt=\"\" width=\"1213\" height=\"993\" srcset=\"https:\/\/www.ce.gov.br\/cm-cb\/wp-content\/uploads\/sites\/45\/2020\/10\/TELA-3.png 1213w, https:\/\/www.ce.gov.br\/cm-cb\/wp-content\/uploads\/sites\/45\/2020\/10\/TELA-3-600x491.png 600w, https:\/\/www.ce.gov.br\/cm-cb\/wp-content\/uploads\/sites\/45\/2020\/10\/TELA-3-768x629.png 768w, https:\/\/www.ce.gov.br\/cm-cb\/wp-content\/uploads\/sites\/45\/2020\/10\/TELA-3-1200x982.png 1200w\" sizes=\"auto, (max-width: 1213px) 100vw, 1213px\" \/><\/p>\n<p><img loading=\"lazy\" decoding=\"async\" class=\"size-full wp-image-3051 aligncenter\" src=\"https:\/\/ww16.ce.gov.br\/cm-cb\/wp-content\/uploads\/sites\/45\/2020\/10\/TELA-4.png\" alt=\"\" width=\"1213\" height=\"993\" srcset=\"https:\/\/www.ce.gov.br\/cm-cb\/wp-content\/uploads\/sites\/45\/2020\/10\/TELA-4.png 1213w, https:\/\/www.ce.gov.br\/cm-cb\/wp-content\/uploads\/sites\/45\/2020\/10\/TELA-4-600x491.png 600w, https:\/\/www.ce.gov.br\/cm-cb\/wp-content\/uploads\/sites\/45\/2020\/10\/TELA-4-768x629.png 768w, https:\/\/www.ce.gov.br\/cm-cb\/wp-content\/uploads\/sites\/45\/2020\/10\/TELA-4-1200x982.png 1200w\" sizes=\"auto, (max-width: 1213px) 100vw, 1213px\" \/><\/p>\n<p><img loading=\"lazy\" decoding=\"async\" class=\"size-full wp-image-3052 aligncenter\" src=\"https:\/\/ww16.ce.gov.br\/cm-cb\/wp-content\/uploads\/sites\/45\/2020\/10\/TELA-5.png\" alt=\"\" width=\"1213\" height=\"993\" srcset=\"https:\/\/www.ce.gov.br\/cm-cb\/wp-content\/uploads\/sites\/45\/2020\/10\/TELA-5.png 1213w, https:\/\/www.ce.gov.br\/cm-cb\/wp-content\/uploads\/sites\/45\/2020\/10\/TELA-5-600x491.png 600w, https:\/\/www.ce.gov.br\/cm-cb\/wp-content\/uploads\/sites\/45\/2020\/10\/TELA-5-768x629.png 768w, https:\/\/www.ce.gov.br\/cm-cb\/wp-content\/uploads\/sites\/45\/2020\/10\/TELA-5-1200x982.png 1200w\" sizes=\"auto, (max-width: 1213px) 100vw, 1213px\" \/><\/p>\n<p><img loading=\"lazy\" decoding=\"async\" class=\"size-full wp-image-3053 aligncenter\" src=\"https:\/\/ww16.ce.gov.br\/cm-cb\/wp-content\/uploads\/sites\/45\/2020\/10\/TELA-6.png\" alt=\"\" width=\"1213\" height=\"993\" srcset=\"https:\/\/www.ce.gov.br\/cm-cb\/wp-content\/uploads\/sites\/45\/2020\/10\/TELA-6.png 1213w, https:\/\/www.ce.gov.br\/cm-cb\/wp-content\/uploads\/sites\/45\/2020\/10\/TELA-6-600x491.png 600w, https:\/\/www.ce.gov.br\/cm-cb\/wp-content\/uploads\/sites\/45\/2020\/10\/TELA-6-768x629.png 768w, https:\/\/www.ce.gov.br\/cm-cb\/wp-content\/uploads\/sites\/45\/2020\/10\/TELA-6-1200x982.png 1200w\" sizes=\"auto, (max-width: 1213px) 100vw, 1213px\" \/><\/p>\n<p><img loading=\"lazy\" decoding=\"async\" class=\"size-full wp-image-3054 aligncenter\" src=\"https:\/\/ww16.ce.gov.br\/cm-cb\/wp-content\/uploads\/sites\/45\/2020\/10\/TELA-7.png\" alt=\"\" width=\"1110\" height=\"871\" srcset=\"https:\/\/www.ce.gov.br\/cm-cb\/wp-content\/uploads\/sites\/45\/2020\/10\/TELA-7.png 1110w, https:\/\/www.ce.gov.br\/cm-cb\/wp-content\/uploads\/sites\/45\/2020\/10\/TELA-7-600x471.png 600w, https:\/\/www.ce.gov.br\/cm-cb\/wp-content\/uploads\/sites\/45\/2020\/10\/TELA-7-768x603.png 768w\" sizes=\"auto, (max-width: 1110px) 100vw, 1110px\" \/><\/p>\n<p><img loading=\"lazy\" decoding=\"async\" class=\"size-full wp-image-3055 aligncenter\" src=\"https:\/\/ww16.ce.gov.br\/cm-cb\/wp-content\/uploads\/sites\/45\/2020\/10\/TELA-8.png\" alt=\"\" width=\"927\" height=\"697\" srcset=\"https:\/\/www.ce.gov.br\/cm-cb\/wp-content\/uploads\/sites\/45\/2020\/10\/TELA-8.png 927w, https:\/\/www.ce.gov.br\/cm-cb\/wp-content\/uploads\/sites\/45\/2020\/10\/TELA-8-600x451.png 600w, https:\/\/www.ce.gov.br\/cm-cb\/wp-content\/uploads\/sites\/45\/2020\/10\/TELA-8-768x577.png 768w\" sizes=\"auto, (max-width: 927px) 100vw, 927px\" \/><\/p>\n<p><img loading=\"lazy\" decoding=\"async\" class=\"size-full wp-image-3056 alignnone\" src=\"https:\/\/ww16.ce.gov.br\/cm-cb\/wp-content\/uploads\/sites\/45\/2020\/10\/1-TELA.jpg\" alt=\"\" width=\"1456\" height=\"1010\" srcset=\"https:\/\/www.ce.gov.br\/cm-cb\/wp-content\/uploads\/sites\/45\/2020\/10\/1-TELA.jpg 1456w, https:\/\/www.ce.gov.br\/cm-cb\/wp-content\/uploads\/sites\/45\/2020\/10\/1-TELA-600x416.jpg 600w, https:\/\/www.ce.gov.br\/cm-cb\/wp-content\/uploads\/sites\/45\/2020\/10\/1-TELA-768x533.jpg 768w, https:\/\/www.ce.gov.br\/cm-cb\/wp-content\/uploads\/sites\/45\/2020\/10\/1-TELA-1200x832.jpg 1200w\" sizes=\"auto, (max-width: 1456px) 100vw, 1456px\" \/><\/p>\n<\/div>\n<p>&nbsp;<\/p>\n","protected":false},"excerpt":{"rendered":"<p>Mais vagas remanescentes e nova convoca\u00e7\u00e3o de classific\u00e1veis Vagas remanescentes e convoca\u00e7\u00e3o de classific\u00e1veis Formul\u00e1rio de pr\u00e9-matr\u00edcula dos alunos novatos RESULTADO 1\u00ba Ano do Ensino Fundamental AMPLA CONCORR\u00caNCIA RESULTADO 1\u00ba Ano do Ensino Fundamental VAGAS RESERVADAS RESULTADO 6\u00ba Ano do Ensino Fundamental AMPLA CONCORR\u00caNCIA RESULTADO 6\u00ba Ano do Ensino Fundamental VAGAS RESERVADAS RESULTADO 1\u00ba Ano [&hellip;]<\/p>\n","protected":false},"author":220,"featured_media":3509,"parent":0,"menu_order":0,"comment_status":"closed","ping_status":"closed","template":"","meta":{"_acf_changed":false,"inline_featured_image":false,"footnotes":""},"class_list":["post-2227","page","type-page","status-publish","has-post-thumbnail","hentry"],"acf":[],"yoast_head":"<!-- This site is optimized with the Yoast SEO plugin v27.3 - https:\/\/yoast.com\/product\/yoast-seo-wordpress\/ -->\n<title>Sele\u00e7\u00e3o de Novos Alunos - CMCB<\/title>\n<meta name=\"robots\" content=\"index, follow, max-snippet:-1, max-image-preview:large, max-video-preview:-1\" \/>\n<link rel=\"canonical\" href=\"https:\/\/ww16.ce.gov.br\/cm-cb\/concurso\/\" \/>\n<meta property=\"og:locale\" content=\"pt_BR\" \/>\n<meta property=\"og:type\" content=\"article\" \/>\n<meta property=\"og:title\" content=\"Sele\u00e7\u00e3o de Novos Alunos - CMCB\" \/>\n<meta property=\"og:description\" content=\"Mais vagas remanescentes e nova convoca\u00e7\u00e3o de classific\u00e1veis Vagas remanescentes e convoca\u00e7\u00e3o de classific\u00e1veis Formul\u00e1rio de pr\u00e9-matr\u00edcula dos alunos novatos RESULTADO 1\u00ba Ano do Ensino Fundamental AMPLA CONCORR\u00caNCIA RESULTADO 1\u00ba Ano do Ensino Fundamental VAGAS RESERVADAS RESULTADO 6\u00ba Ano do Ensino Fundamental AMPLA CONCORR\u00caNCIA RESULTADO 6\u00ba Ano do Ensino Fundamental VAGAS RESERVADAS RESULTADO 1\u00ba Ano [&hellip;]\" \/>\n<meta property=\"og:url\" content=\"https:\/\/ww16.ce.gov.br\/cm-cb\/concurso\/\" \/>\n<meta property=\"og:site_name\" content=\"CMCB\" \/>\n<meta property=\"article:modified_time\" content=\"2023-01-16T10:34:28+00:00\" \/>\n<meta property=\"og:image\" content=\"https:\/\/ww16.ce.gov.br\/cm-cb\/wp-content\/uploads\/sites\/45\/2021\/08\/20anoscmcb3.jpg\" \/>\n\t<meta property=\"og:image:width\" content=\"1024\" \/>\n\t<meta property=\"og:image:height\" content=\"768\" \/>\n\t<meta property=\"og:image:type\" content=\"image\/jpeg\" \/>\n<meta name=\"twitter:card\" content=\"summary_large_image\" \/>\n<meta name=\"twitter:label1\" content=\"Est. reading time\" \/>\n\t<meta name=\"twitter:data1\" content=\"3 minutos\" \/>\n<script type=\"application\/ld+json\" class=\"yoast-schema-graph\">{\"@context\":\"https:\\\/\\\/schema.org\",\"@graph\":[{\"@type\":\"WebPage\",\"@id\":\"https:\\\/\\\/ww16.ce.gov.br\\\/cm-cb\\\/concurso\\\/\",\"url\":\"https:\\\/\\\/ww16.ce.gov.br\\\/cm-cb\\\/concurso\\\/\",\"name\":\"Sele\u00e7\u00e3o de Novos Alunos - CMCB\",\"isPartOf\":{\"@id\":\"https:\\\/\\\/ww16.ce.gov.br\\\/cm-cb\\\/#website\"},\"primaryImageOfPage\":{\"@id\":\"https:\\\/\\\/ww16.ce.gov.br\\\/cm-cb\\\/concurso\\\/#primaryimage\"},\"image\":{\"@id\":\"https:\\\/\\\/ww16.ce.gov.br\\\/cm-cb\\\/concurso\\\/#primaryimage\"},\"thumbnailUrl\":\"https:\\\/\\\/www.ce.gov.br\\\/cm-cb\\\/wp-content\\\/uploads\\\/sites\\\/45\\\/2021\\\/08\\\/20anoscmcb3.jpg\",\"datePublished\":\"2019-06-17T19:37:30+00:00\",\"dateModified\":\"2023-01-16T10:34:28+00:00\",\"breadcrumb\":{\"@id\":\"https:\\\/\\\/ww16.ce.gov.br\\\/cm-cb\\\/concurso\\\/#breadcrumb\"},\"inLanguage\":\"pt-BR\",\"potentialAction\":[{\"@type\":\"ReadAction\",\"target\":[\"https:\\\/\\\/ww16.ce.gov.br\\\/cm-cb\\\/concurso\\\/\"]}]},{\"@type\":\"ImageObject\",\"inLanguage\":\"pt-BR\",\"@id\":\"https:\\\/\\\/ww16.ce.gov.br\\\/cm-cb\\\/concurso\\\/#primaryimage\",\"url\":\"https:\\\/\\\/www.ce.gov.br\\\/cm-cb\\\/wp-content\\\/uploads\\\/sites\\\/45\\\/2021\\\/08\\\/20anoscmcb3.jpg\",\"contentUrl\":\"https:\\\/\\\/www.ce.gov.br\\\/cm-cb\\\/wp-content\\\/uploads\\\/sites\\\/45\\\/2021\\\/08\\\/20anoscmcb3.jpg\",\"width\":1024,\"height\":768},{\"@type\":\"BreadcrumbList\",\"@id\":\"https:\\\/\\\/ww16.ce.gov.br\\\/cm-cb\\\/concurso\\\/#breadcrumb\",\"itemListElement\":[{\"@type\":\"ListItem\",\"position\":1,\"name\":\"In\u00edcio\",\"item\":\"https:\\\/\\\/ww16.ce.gov.br\\\/cm-cb\\\/\"},{\"@type\":\"ListItem\",\"position\":2,\"name\":\"Sele\u00e7\u00e3o de Novos Alunos\"}]},{\"@type\":\"WebSite\",\"@id\":\"https:\\\/\\\/ww16.ce.gov.br\\\/cm-cb\\\/#website\",\"url\":\"https:\\\/\\\/ww16.ce.gov.br\\\/cm-cb\\\/\",\"name\":\"Col\u00e9gio Militar do Corpo de Bombeiros\",\"description\":\"Portal CMCB\",\"publisher\":{\"@id\":\"https:\\\/\\\/ww16.ce.gov.br\\\/cm-cb\\\/#organization\"},\"potentialAction\":[{\"@type\":\"SearchAction\",\"target\":{\"@type\":\"EntryPoint\",\"urlTemplate\":\"https:\\\/\\\/ww16.ce.gov.br\\\/cm-cb\\\/?s={search_term_string}\"},\"query-input\":{\"@type\":\"PropertyValueSpecification\",\"valueRequired\":true,\"valueName\":\"search_term_string\"}}],\"inLanguage\":\"pt-BR\"},{\"@type\":\"Organization\",\"@id\":\"https:\\\/\\\/ww16.ce.gov.br\\\/cm-cb\\\/#organization\",\"name\":\"Col\u00e9gio Militar do Corpo de Bombeiros\",\"url\":\"https:\\\/\\\/ww16.ce.gov.br\\\/cm-cb\\\/\",\"logo\":{\"@type\":\"ImageObject\",\"inLanguage\":\"pt-BR\",\"@id\":\"https:\\\/\\\/ww16.ce.gov.br\\\/cm-cb\\\/#\\\/schema\\\/logo\\\/image\\\/\",\"url\":\"http:\\\/\\\/ww16.ce.gov.br\\\/cm-cb\\\/wp-content\\\/uploads\\\/sites\\\/62\\\/2018\\\/05\\\/cmcb-clara.png\",\"contentUrl\":\"http:\\\/\\\/ww16.ce.gov.br\\\/cm-cb\\\/wp-content\\\/uploads\\\/sites\\\/62\\\/2018\\\/05\\\/cmcb-clara.png\",\"width\":559,\"height\":106,\"caption\":\"Col\u00e9gio Militar do Corpo de Bombeiros\"},\"image\":{\"@id\":\"https:\\\/\\\/ww16.ce.gov.br\\\/cm-cb\\\/#\\\/schema\\\/logo\\\/image\\\/\"}}]}<\/script>\n<!-- \/ Yoast SEO plugin. -->","yoast_head_json":{"title":"Sele\u00e7\u00e3o de Novos Alunos - CMCB","robots":{"index":"index","follow":"follow","max-snippet":"max-snippet:-1","max-image-preview":"max-image-preview:large","max-video-preview":"max-video-preview:-1"},"canonical":"https:\/\/ww16.ce.gov.br\/cm-cb\/concurso\/","og_locale":"pt_BR","og_type":"article","og_title":"Sele\u00e7\u00e3o de Novos Alunos - CMCB","og_description":"Mais vagas remanescentes e nova convoca\u00e7\u00e3o de classific\u00e1veis Vagas remanescentes e convoca\u00e7\u00e3o de classific\u00e1veis Formul\u00e1rio de pr\u00e9-matr\u00edcula dos alunos novatos RESULTADO 1\u00ba Ano do Ensino Fundamental AMPLA CONCORR\u00caNCIA RESULTADO 1\u00ba Ano do Ensino Fundamental VAGAS RESERVADAS RESULTADO 6\u00ba Ano do Ensino Fundamental AMPLA CONCORR\u00caNCIA RESULTADO 6\u00ba Ano do Ensino Fundamental VAGAS RESERVADAS RESULTADO 1\u00ba Ano [&hellip;]","og_url":"https:\/\/ww16.ce.gov.br\/cm-cb\/concurso\/","og_site_name":"CMCB","article_modified_time":"2023-01-16T10:34:28+00:00","og_image":[{"width":1024,"height":768,"url":"https:\/\/ww16.ce.gov.br\/cm-cb\/wp-content\/uploads\/sites\/45\/2021\/08\/20anoscmcb3.jpg","type":"image\/jpeg"}],"twitter_card":"summary_large_image","twitter_misc":{"Est. reading time":"3 minutos"},"schema":{"@context":"https:\/\/schema.org","@graph":[{"@type":"WebPage","@id":"https:\/\/ww16.ce.gov.br\/cm-cb\/concurso\/","url":"https:\/\/ww16.ce.gov.br\/cm-cb\/concurso\/","name":"Sele\u00e7\u00e3o de Novos Alunos - CMCB","isPartOf":{"@id":"https:\/\/ww16.ce.gov.br\/cm-cb\/#website"},"primaryImageOfPage":{"@id":"https:\/\/ww16.ce.gov.br\/cm-cb\/concurso\/#primaryimage"},"image":{"@id":"https:\/\/ww16.ce.gov.br\/cm-cb\/concurso\/#primaryimage"},"thumbnailUrl":"https:\/\/www.ce.gov.br\/cm-cb\/wp-content\/uploads\/sites\/45\/2021\/08\/20anoscmcb3.jpg","datePublished":"2019-06-17T19:37:30+00:00","dateModified":"2023-01-16T10:34:28+00:00","breadcrumb":{"@id":"https:\/\/ww16.ce.gov.br\/cm-cb\/concurso\/#breadcrumb"},"inLanguage":"pt-BR","potentialAction":[{"@type":"ReadAction","target":["https:\/\/ww16.ce.gov.br\/cm-cb\/concurso\/"]}]},{"@type":"ImageObject","inLanguage":"pt-BR","@id":"https:\/\/ww16.ce.gov.br\/cm-cb\/concurso\/#primaryimage","url":"https:\/\/www.ce.gov.br\/cm-cb\/wp-content\/uploads\/sites\/45\/2021\/08\/20anoscmcb3.jpg","contentUrl":"https:\/\/www.ce.gov.br\/cm-cb\/wp-content\/uploads\/sites\/45\/2021\/08\/20anoscmcb3.jpg","width":1024,"height":768},{"@type":"BreadcrumbList","@id":"https:\/\/ww16.ce.gov.br\/cm-cb\/concurso\/#breadcrumb","itemListElement":[{"@type":"ListItem","position":1,"name":"In\u00edcio","item":"https:\/\/ww16.ce.gov.br\/cm-cb\/"},{"@type":"ListItem","position":2,"name":"Sele\u00e7\u00e3o de Novos Alunos"}]},{"@type":"WebSite","@id":"https:\/\/ww16.ce.gov.br\/cm-cb\/#website","url":"https:\/\/ww16.ce.gov.br\/cm-cb\/","name":"Col\u00e9gio Militar do Corpo de Bombeiros","description":"Portal CMCB","publisher":{"@id":"https:\/\/ww16.ce.gov.br\/cm-cb\/#organization"},"potentialAction":[{"@type":"SearchAction","target":{"@type":"EntryPoint","urlTemplate":"https:\/\/ww16.ce.gov.br\/cm-cb\/?s={search_term_string}"},"query-input":{"@type":"PropertyValueSpecification","valueRequired":true,"valueName":"search_term_string"}}],"inLanguage":"pt-BR"},{"@type":"Organization","@id":"https:\/\/ww16.ce.gov.br\/cm-cb\/#organization","name":"Col\u00e9gio Militar do Corpo de Bombeiros","url":"https:\/\/ww16.ce.gov.br\/cm-cb\/","logo":{"@type":"ImageObject","inLanguage":"pt-BR","@id":"https:\/\/ww16.ce.gov.br\/cm-cb\/#\/schema\/logo\/image\/","url":"http:\/\/ww16.ce.gov.br\/cm-cb\/wp-content\/uploads\/sites\/62\/2018\/05\/cmcb-clara.png","contentUrl":"http:\/\/ww16.ce.gov.br\/cm-cb\/wp-content\/uploads\/sites\/62\/2018\/05\/cmcb-clara.png","width":559,"height":106,"caption":"Col\u00e9gio Militar do Corpo de Bombeiros"},"image":{"@id":"https:\/\/ww16.ce.gov.br\/cm-cb\/#\/schema\/logo\/image\/"}}]}},"_links":{"self":[{"href":"https:\/\/www.ce.gov.br\/cm-cb\/wp-json\/wp\/v2\/pages\/2227","targetHints":{"allow":["GET"]}}],"collection":[{"href":"https:\/\/www.ce.gov.br\/cm-cb\/wp-json\/wp\/v2\/pages"}],"about":[{"href":"https:\/\/www.ce.gov.br\/cm-cb\/wp-json\/wp\/v2\/types\/page"}],"author":[{"embeddable":true,"href":"https:\/\/www.ce.gov.br\/cm-cb\/wp-json\/wp\/v2\/users\/220"}],"replies":[{"embeddable":true,"href":"https:\/\/www.ce.gov.br\/cm-cb\/wp-json\/wp\/v2\/comments?post=2227"}],"version-history":[{"count":143,"href":"https:\/\/www.ce.gov.br\/cm-cb\/wp-json\/wp\/v2\/pages\/2227\/revisions"}],"predecessor-version":[{"id":4431,"href":"https:\/\/www.ce.gov.br\/cm-cb\/wp-json\/wp\/v2\/pages\/2227\/revisions\/4431"}],"wp:featuredmedia":[{"embeddable":true,"href":"https:\/\/www.ce.gov.br\/cm-cb\/wp-json\/wp\/v2\/media\/3509"}],"wp:attachment":[{"href":"https:\/\/www.ce.gov.br\/cm-cb\/wp-json\/wp\/v2\/media?parent=2227"}],"curies":[{"name":"wp","href":"https:\/\/api.w.org\/{rel}","templated":true}]}}