{"id":28,"date":"2017-11-20T12:57:39","date_gmt":"2017-11-20T15:57:39","guid":{"rendered":"http:\/\/www.ceara.gov.br\/cmcb\/?page_id=28"},"modified":"2018-12-10T16:43:07","modified_gmt":"2018-12-10T19:43:07","slug":"ultimas-noticias","status":"publish","type":"page","link":"https:\/\/www.ce.gov.br\/cm-cb\/home\/ultimas-noticias\/","title":{"rendered":"\u00daltimas Not\u00edcias"},"content":{"rendered":"<p>&nbsp;<\/p>\n\n<div class=\"ListagemManchetes row \">\n\n\n    <div class=\"  dt-8  \">\n\n        <div class=\"separador\">\n\n            \n        <\/div>\n\n            \n                    <div class=\"UltimasNoticias\">\n\n                                                    <h2 class=\"-SmallTitle\"> \u00daltimas Not\u00edcias <\/h2>\n                        \n                        <div class=\"SliderManchetes\">\n                            \n                                <figure class=\"frame\">\n                                    <img decoding=\"async\" src=\"https:\/\/www.ce.gov.br\/cm-cb\/wp-content\/uploads\/sites\/45\/2026\/02\/WhatsApp-Image-2026-02-23-at-10.28.44.jpeg\" class=\"attachment-medio size-medio\" alt=\"Nicolas Markzan Dantas Queiroz Lopes\" srcset=\"https:\/\/www.ce.gov.br\/cm-cb\/wp-content\/uploads\/sites\/45\/2026\/02\/WhatsApp-Image-2026-02-23-at-10.28.44.jpeg 1200w, https:\/\/www.ce.gov.br\/cm-cb\/wp-content\/uploads\/sites\/45\/2026\/02\/WhatsApp-Image-2026-02-23-at-10.28.44-600x613.jpeg 600w, https:\/\/www.ce.gov.br\/cm-cb\/wp-content\/uploads\/sites\/45\/2026\/02\/WhatsApp-Image-2026-02-23-at-10.28.44-768x784.jpeg 768w\" sizes=\"(max-width: 1200px) 100vw, 1200px\" \/>                                    <figcaption>\n                                                                                    <a href=\"https:\/\/www.ce.gov.br\/cm-cb\/categoria\/esportes\/\" class=\"categoria\">Esportes<\/a>\n                                                                                <a href=\"https:\/\/ww16.ce.gov.br\/cm-cb\/2026\/02\/23\/aluno-do-cmcb-conquista-1o-lugar-no-campeonato-estadual-de-jiu-jitsu\/\">\n                                            <h3 class=\"-bold\">Nicolas Markzan Dantas Queiroz Lopes<\/h3>\n                                        <\/a>\n\n                                        <div class=\"actions\">\n                                                                                                                                <\/div>\n                                    <\/figcaption>\n                                <\/figure>\n\n                            \n                                <figure class=\"frame\">\n                                    <img decoding=\"async\" src=\"https:\/\/www.ce.gov.br\/cm-cb\/wp-content\/uploads\/sites\/45\/2026\/02\/WhatsApp-Image-2026-02-12-at-13.41.49.jpeg\" class=\"attachment-medio size-medio\" alt=\"\" srcset=\"https:\/\/www.ce.gov.br\/cm-cb\/wp-content\/uploads\/sites\/45\/2026\/02\/WhatsApp-Image-2026-02-12-at-13.41.49.jpeg 1350w, https:\/\/www.ce.gov.br\/cm-cb\/wp-content\/uploads\/sites\/45\/2026\/02\/WhatsApp-Image-2026-02-12-at-13.41.49-600x333.jpeg 600w, https:\/\/www.ce.gov.br\/cm-cb\/wp-content\/uploads\/sites\/45\/2026\/02\/WhatsApp-Image-2026-02-12-at-13.41.49-1200x667.jpeg 1200w, https:\/\/www.ce.gov.br\/cm-cb\/wp-content\/uploads\/sites\/45\/2026\/02\/WhatsApp-Image-2026-02-12-at-13.41.49-768x427.jpeg 768w\" sizes=\"(max-width: 1350px) 100vw, 1350px\" \/>                                    <figcaption>\n                                                                                    <a href=\"https:\/\/www.ce.gov.br\/cm-cb\/categoria\/institucional\/\" class=\"categoria\">Institucional<\/a>\n                                                                                <a href=\"https:\/\/ww16.ce.gov.br\/cm-cb\/2026\/02\/12\/cmcb-informe-sobre-a-sexta-feira-13-e-o-periodo-de-carnaval\/\">\n                                            <h3 class=\"-bold\"><\/h3>\n                                        <\/a>\n\n                                        <div class=\"actions\">\n                                                                                                                                <\/div>\n                                    <\/figcaption>\n                                <\/figure>\n\n                            \n                                <figure class=\"frame\">\n                                    <img decoding=\"async\" src=\"https:\/\/www.ce.gov.br\/cm-cb\/wp-content\/uploads\/sites\/45\/2026\/02\/WhatsApp-Image-2026-02-11-at-11.37.51.jpeg\" class=\"attachment-medio size-medio\" alt=\"Alunos do Col\u00e9gio dos Bombeiros doam dez mil tampinhas ao Lar Torres de Melo\" srcset=\"https:\/\/www.ce.gov.br\/cm-cb\/wp-content\/uploads\/sites\/45\/2026\/02\/WhatsApp-Image-2026-02-11-at-11.37.51.jpeg 1500w, https:\/\/www.ce.gov.br\/cm-cb\/wp-content\/uploads\/sites\/45\/2026\/02\/WhatsApp-Image-2026-02-11-at-11.37.51-600x400.jpeg 600w, https:\/\/www.ce.gov.br\/cm-cb\/wp-content\/uploads\/sites\/45\/2026\/02\/WhatsApp-Image-2026-02-11-at-11.37.51-1200x800.jpeg 1200w, https:\/\/www.ce.gov.br\/cm-cb\/wp-content\/uploads\/sites\/45\/2026\/02\/WhatsApp-Image-2026-02-11-at-11.37.51-768x512.jpeg 768w\" sizes=\"(max-width: 1500px) 100vw, 1500px\" \/>                                    <figcaption>\n                                                                                <a href=\"https:\/\/ww16.ce.gov.br\/cm-cb\/2026\/02\/11\/alunos-do-colegio-dos-bombeiros-doam-dez-mil-tampinhas-ao-lar-torres-de-melo\/\">\n                                            <h3 class=\"-bold\">Alunos do Col\u00e9gio dos Bombeiros doam dez mil tampinhas ao Lar Torres de Melo<\/h3>\n                                        <\/a>\n\n                                        <div class=\"actions\">\n                                                                                                                                <\/div>\n                                    <\/figcaption>\n                                <\/figure>\n\n                            \n                                <figure class=\"frame\">\n                                    <img decoding=\"async\" src=\"https:\/\/www.ce.gov.br\/cm-cb\/wp-content\/uploads\/sites\/45\/2026\/02\/WhatsApp-Image-2026-02-06-at-15.46.53.jpeg\" class=\"attachment-medio size-medio\" alt=\"CMCB conquista 53 medalhas e men\u00e7\u00f5es honrosas na Olimp\u00edada Nacional de Ci\u00eancias (ONC) 2025\" srcset=\"https:\/\/www.ce.gov.br\/cm-cb\/wp-content\/uploads\/sites\/45\/2026\/02\/WhatsApp-Image-2026-02-06-at-15.46.53.jpeg 960w, https:\/\/www.ce.gov.br\/cm-cb\/wp-content\/uploads\/sites\/45\/2026\/02\/WhatsApp-Image-2026-02-06-at-15.46.53-600x344.jpeg 600w, https:\/\/www.ce.gov.br\/cm-cb\/wp-content\/uploads\/sites\/45\/2026\/02\/WhatsApp-Image-2026-02-06-at-15.46.53-768x440.jpeg 768w\" sizes=\"(max-width: 960px) 100vw, 960px\" \/>                                    <figcaption>\n                                                                                    <a href=\"https:\/\/www.ce.gov.br\/cm-cb\/categoria\/noticias\/lista-de-noticias\/medalhas\/\" class=\"categoria\">Medalhas<\/a>\n                                                                                <a href=\"https:\/\/ww16.ce.gov.br\/cm-cb\/2026\/02\/06\/cmce-conquista-53-medalhas-e-mencoes-honrosas-na-onc\/\">\n                                            <h3 class=\"-bold\">CMCB conquista 53 medalhas e men\u00e7\u00f5es honrosas na Olimp\u00edada Nacional de Ci\u00eancias (ONC) 2025<\/h3>\n                                        <\/a>\n\n                                        <div class=\"actions\">\n                                                                                                                                <\/div>\n                                    <\/figcaption>\n                                <\/figure>\n\n                            \n                                <figure class=\"frame\">\n                                    <img decoding=\"async\" src=\"https:\/\/www.ce.gov.br\/cm-cb\/wp-content\/uploads\/sites\/45\/2026\/02\/WhatsApp-Image-2026-02-03-at-15.16.37.jpeg\" class=\"attachment-medio size-medio\" alt=\"CMCB \u2013 Alunos conquistam medalhas na Olimp\u00edada Brasileira de Matem\u00e1tica\" srcset=\"https:\/\/www.ce.gov.br\/cm-cb\/wp-content\/uploads\/sites\/45\/2026\/02\/WhatsApp-Image-2026-02-03-at-15.16.37.jpeg 1087w, https:\/\/www.ce.gov.br\/cm-cb\/wp-content\/uploads\/sites\/45\/2026\/02\/WhatsApp-Image-2026-02-03-at-15.16.37-600x346.jpeg 600w, https:\/\/www.ce.gov.br\/cm-cb\/wp-content\/uploads\/sites\/45\/2026\/02\/WhatsApp-Image-2026-02-03-at-15.16.37-768x442.jpeg 768w\" sizes=\"(max-width: 1087px) 100vw, 1087px\" \/>                                    <figcaption>\n                                                                                    <a href=\"https:\/\/www.ce.gov.br\/cm-cb\/categoria\/noticias\/lista-de-noticias\/medalhas\/\" class=\"categoria\">Medalhas<\/a>\n                                                                                <a href=\"https:\/\/ww16.ce.gov.br\/cm-cb\/2026\/02\/03\/cmcb-alunos-conquistam-medalhas-na-olimpiada-brasileira-de-matematica\/\">\n                                            <h3 class=\"-bold\">CMCB \u2013 Alunos conquistam medalhas na Olimp\u00edada Brasileira de Matem\u00e1tica<\/h3>\n                                        <\/a>\n\n                                        <div class=\"actions\">\n                                                                                                                                <\/div>\n                                    <\/figcaption>\n                                <\/figure>\n\n                                                    <\/div>\n\n                    <\/div>\n\n            \n\n\n    <\/div>\n\n    <div class=\"Side dt-4\">\n                                \n\n        <div class=\"destacado\">\n                    <a class=\"categoria\" href=\"https:\/\/www.ce.gov.br\/cm-cb\/categoria\/aniversario-do-cmcb\/\">Anivers\u00e1rio do CMCB<\/a>\n                <a href=\"https:\/\/www.ce.gov.br\/cm-cb\/2026\/04\/24\/chefe-da-casa-militar-e-coordenadora-da-sefor-1-recebem-condecoracoes-do-cmcb\/\">\n                        <h2 class=\"-bold\">Chefe da Casa Militar e Coordenadora da Sefor 1 recebem condecora\u00e7\u00f5es do Col\u00e9gio dos Bombeiros<\/h2>\n                    <\/a>\n    <\/div><hr \/>\n    \n\n        <div class=\"destacado\">\n                    <a class=\"categoria\" href=\"https:\/\/www.ce.gov.br\/cm-cb\/categoria\/institucional\/\">Institucional<\/a>\n                <a href=\"https:\/\/www.ce.gov.br\/cm-cb\/2026\/04\/18\/28-anos-do-cmcb-solenidade-de-aniversario-do-colegio-do-cbmce-marca-a-entrada-de-novos-alunos-e-entrega-de-honrarias\/\">\n                            <h3>28 anos do CMCB: Solenidade de anivers\u00e1rio do col\u00e9gio do CBMCE<\/h3>\n                    <\/a>\n    <\/div><hr \/>\n    \n\n        <div class=\"destacado\">\n                    <a class=\"categoria\" href=\"https:\/\/www.ce.gov.br\/cm-cb\/categoria\/homenagem\/\">Homenagem<\/a>\n                <a href=\"https:\/\/www.ce.gov.br\/cm-cb\/2026\/04\/06\/aluna-do-colegio-dos-bombeiros-conquista-o-bronze-no-campeonato-brasileiro-de-judo\/\">\n                            <h3>Aluna do Col\u00e9gio dos Bombeiros conquista o bronze no Campeonato Brasileiro de Jud\u00f4<\/h3>\n                    <\/a>\n    <\/div><hr \/>\n    \n        \n    <\/div>\n\n<\/div>\n\n","protected":false},"excerpt":{"rendered":"<p>&nbsp;<\/p>\n","protected":false},"author":38,"featured_media":0,"parent":121,"menu_order":0,"comment_status":"closed","ping_status":"closed","template":"","meta":{"_acf_changed":false,"inline_featured_image":false,"footnotes":""},"class_list":["post-28","page","type-page","status-publish","hentry"],"acf":[],"yoast_head":"<!-- This site is optimized with the Yoast SEO plugin v27.3 - https:\/\/yoast.com\/product\/yoast-seo-wordpress\/ -->\n<title>\u00daltimas Not\u00edcias - CMCB<\/title>\n<meta name=\"robots\" content=\"index, follow, max-snippet:-1, max-image-preview:large, max-video-preview:-1\" \/>\n<link rel=\"canonical\" href=\"https:\/\/ww16.ce.gov.br\/cm-cb\/home\/ultimas-noticias\/\" \/>\n<meta property=\"og:locale\" content=\"pt_BR\" \/>\n<meta property=\"og:type\" content=\"article\" \/>\n<meta property=\"og:title\" content=\"\u00daltimas Not\u00edcias - CMCB\" \/>\n<meta property=\"og:description\" content=\"&nbsp;\" \/>\n<meta property=\"og:url\" content=\"https:\/\/ww16.ce.gov.br\/cm-cb\/home\/ultimas-noticias\/\" \/>\n<meta property=\"og:site_name\" content=\"CMCB\" \/>\n<meta property=\"article:modified_time\" content=\"2018-12-10T19:43:07+00:00\" \/>\n<meta name=\"twitter:card\" content=\"summary_large_image\" \/>\n<script type=\"application\/ld+json\" class=\"yoast-schema-graph\">{\"@context\":\"https:\\\/\\\/schema.org\",\"@graph\":[{\"@type\":\"WebPage\",\"@id\":\"https:\\\/\\\/ww16.ce.gov.br\\\/cm-cb\\\/home\\\/ultimas-noticias\\\/\",\"url\":\"https:\\\/\\\/ww16.ce.gov.br\\\/cm-cb\\\/home\\\/ultimas-noticias\\\/\",\"name\":\"\u00daltimas Not\u00edcias - CMCB\",\"isPartOf\":{\"@id\":\"https:\\\/\\\/ww16.ce.gov.br\\\/cm-cb\\\/#website\"},\"datePublished\":\"2017-11-20T15:57:39+00:00\",\"dateModified\":\"2018-12-10T19:43:07+00:00\",\"breadcrumb\":{\"@id\":\"https:\\\/\\\/ww16.ce.gov.br\\\/cm-cb\\\/home\\\/ultimas-noticias\\\/#breadcrumb\"},\"inLanguage\":\"pt-BR\",\"potentialAction\":[{\"@type\":\"ReadAction\",\"target\":[\"https:\\\/\\\/ww16.ce.gov.br\\\/cm-cb\\\/home\\\/ultimas-noticias\\\/\"]}]},{\"@type\":\"BreadcrumbList\",\"@id\":\"https:\\\/\\\/ww16.ce.gov.br\\\/cm-cb\\\/home\\\/ultimas-noticias\\\/#breadcrumb\",\"itemListElement\":[{\"@type\":\"ListItem\",\"position\":1,\"name\":\"In\u00edcio\",\"item\":\"https:\\\/\\\/ww16.ce.gov.br\\\/cm-cb\\\/\"},{\"@type\":\"ListItem\",\"position\":2,\"name\":\"P\u00e1gina inicial\",\"item\":\"https:\\\/\\\/ww16.ce.gov.br\\\/cm-cb\\\/\"},{\"@type\":\"ListItem\",\"position\":3,\"name\":\"\u00daltimas Not\u00edcias\"}]},{\"@type\":\"WebSite\",\"@id\":\"https:\\\/\\\/ww16.ce.gov.br\\\/cm-cb\\\/#website\",\"url\":\"https:\\\/\\\/ww16.ce.gov.br\\\/cm-cb\\\/\",\"name\":\"Col\u00e9gio Militar do Corpo de Bombeiros\",\"description\":\"Portal CMCB\",\"publisher\":{\"@id\":\"https:\\\/\\\/ww16.ce.gov.br\\\/cm-cb\\\/#organization\"},\"potentialAction\":[{\"@type\":\"SearchAction\",\"target\":{\"@type\":\"EntryPoint\",\"urlTemplate\":\"https:\\\/\\\/ww16.ce.gov.br\\\/cm-cb\\\/?s={search_term_string}\"},\"query-input\":{\"@type\":\"PropertyValueSpecification\",\"valueRequired\":true,\"valueName\":\"search_term_string\"}}],\"inLanguage\":\"pt-BR\"},{\"@type\":\"Organization\",\"@id\":\"https:\\\/\\\/ww16.ce.gov.br\\\/cm-cb\\\/#organization\",\"name\":\"Col\u00e9gio Militar do Corpo de Bombeiros\",\"url\":\"https:\\\/\\\/ww16.ce.gov.br\\\/cm-cb\\\/\",\"logo\":{\"@type\":\"ImageObject\",\"inLanguage\":\"pt-BR\",\"@id\":\"https:\\\/\\\/ww16.ce.gov.br\\\/cm-cb\\\/#\\\/schema\\\/logo\\\/image\\\/\",\"url\":\"http:\\\/\\\/ww16.ce.gov.br\\\/cm-cb\\\/wp-content\\\/uploads\\\/sites\\\/62\\\/2018\\\/05\\\/cmcb-clara.png\",\"contentUrl\":\"http:\\\/\\\/ww16.ce.gov.br\\\/cm-cb\\\/wp-content\\\/uploads\\\/sites\\\/62\\\/2018\\\/05\\\/cmcb-clara.png\",\"width\":559,\"height\":106,\"caption\":\"Col\u00e9gio Militar do Corpo de Bombeiros\"},\"image\":{\"@id\":\"https:\\\/\\\/ww16.ce.gov.br\\\/cm-cb\\\/#\\\/schema\\\/logo\\\/image\\\/\"}}]}<\/script>\n<!-- \/ Yoast SEO plugin. -->","yoast_head_json":{"title":"\u00daltimas Not\u00edcias - CMCB","robots":{"index":"index","follow":"follow","max-snippet":"max-snippet:-1","max-image-preview":"max-image-preview:large","max-video-preview":"max-video-preview:-1"},"canonical":"https:\/\/ww16.ce.gov.br\/cm-cb\/home\/ultimas-noticias\/","og_locale":"pt_BR","og_type":"article","og_title":"\u00daltimas Not\u00edcias - CMCB","og_description":"&nbsp;","og_url":"https:\/\/ww16.ce.gov.br\/cm-cb\/home\/ultimas-noticias\/","og_site_name":"CMCB","article_modified_time":"2018-12-10T19:43:07+00:00","twitter_card":"summary_large_image","schema":{"@context":"https:\/\/schema.org","@graph":[{"@type":"WebPage","@id":"https:\/\/ww16.ce.gov.br\/cm-cb\/home\/ultimas-noticias\/","url":"https:\/\/ww16.ce.gov.br\/cm-cb\/home\/ultimas-noticias\/","name":"\u00daltimas Not\u00edcias - CMCB","isPartOf":{"@id":"https:\/\/ww16.ce.gov.br\/cm-cb\/#website"},"datePublished":"2017-11-20T15:57:39+00:00","dateModified":"2018-12-10T19:43:07+00:00","breadcrumb":{"@id":"https:\/\/ww16.ce.gov.br\/cm-cb\/home\/ultimas-noticias\/#breadcrumb"},"inLanguage":"pt-BR","potentialAction":[{"@type":"ReadAction","target":["https:\/\/ww16.ce.gov.br\/cm-cb\/home\/ultimas-noticias\/"]}]},{"@type":"BreadcrumbList","@id":"https:\/\/ww16.ce.gov.br\/cm-cb\/home\/ultimas-noticias\/#breadcrumb","itemListElement":[{"@type":"ListItem","position":1,"name":"In\u00edcio","item":"https:\/\/ww16.ce.gov.br\/cm-cb\/"},{"@type":"ListItem","position":2,"name":"P\u00e1gina inicial","item":"https:\/\/ww16.ce.gov.br\/cm-cb\/"},{"@type":"ListItem","position":3,"name":"\u00daltimas Not\u00edcias"}]},{"@type":"WebSite","@id":"https:\/\/ww16.ce.gov.br\/cm-cb\/#website","url":"https:\/\/ww16.ce.gov.br\/cm-cb\/","name":"Col\u00e9gio Militar do Corpo de Bombeiros","description":"Portal CMCB","publisher":{"@id":"https:\/\/ww16.ce.gov.br\/cm-cb\/#organization"},"potentialAction":[{"@type":"SearchAction","target":{"@type":"EntryPoint","urlTemplate":"https:\/\/ww16.ce.gov.br\/cm-cb\/?s={search_term_string}"},"query-input":{"@type":"PropertyValueSpecification","valueRequired":true,"valueName":"search_term_string"}}],"inLanguage":"pt-BR"},{"@type":"Organization","@id":"https:\/\/ww16.ce.gov.br\/cm-cb\/#organization","name":"Col\u00e9gio Militar do Corpo de Bombeiros","url":"https:\/\/ww16.ce.gov.br\/cm-cb\/","logo":{"@type":"ImageObject","inLanguage":"pt-BR","@id":"https:\/\/ww16.ce.gov.br\/cm-cb\/#\/schema\/logo\/image\/","url":"http:\/\/ww16.ce.gov.br\/cm-cb\/wp-content\/uploads\/sites\/62\/2018\/05\/cmcb-clara.png","contentUrl":"http:\/\/ww16.ce.gov.br\/cm-cb\/wp-content\/uploads\/sites\/62\/2018\/05\/cmcb-clara.png","width":559,"height":106,"caption":"Col\u00e9gio Militar do Corpo de Bombeiros"},"image":{"@id":"https:\/\/ww16.ce.gov.br\/cm-cb\/#\/schema\/logo\/image\/"}}]}},"_links":{"self":[{"href":"https:\/\/www.ce.gov.br\/cm-cb\/wp-json\/wp\/v2\/pages\/28","targetHints":{"allow":["GET"]}}],"collection":[{"href":"https:\/\/www.ce.gov.br\/cm-cb\/wp-json\/wp\/v2\/pages"}],"about":[{"href":"https:\/\/www.ce.gov.br\/cm-cb\/wp-json\/wp\/v2\/types\/page"}],"author":[{"embeddable":true,"href":"https:\/\/www.ce.gov.br\/cm-cb\/wp-json\/wp\/v2\/users\/38"}],"replies":[{"embeddable":true,"href":"https:\/\/www.ce.gov.br\/cm-cb\/wp-json\/wp\/v2\/comments?post=28"}],"version-history":[{"count":36,"href":"https:\/\/www.ce.gov.br\/cm-cb\/wp-json\/wp\/v2\/pages\/28\/revisions"}],"predecessor-version":[{"id":1732,"href":"https:\/\/www.ce.gov.br\/cm-cb\/wp-json\/wp\/v2\/pages\/28\/revisions\/1732"}],"up":[{"embeddable":true,"href":"https:\/\/www.ce.gov.br\/cm-cb\/wp-json\/wp\/v2\/pages\/121"}],"wp:attachment":[{"href":"https:\/\/www.ce.gov.br\/cm-cb\/wp-json\/wp\/v2\/media?parent=28"}],"curies":[{"name":"wp","href":"https:\/\/api.w.org\/{rel}","templated":true}]}}