{"id":2906,"date":"2020-03-26T11:49:22","date_gmt":"2020-03-26T14:49:22","guid":{"rendered":"http:\/\/ww16.ce.gov.br\/cm-cb\/?page_id=2906"},"modified":"2020-04-03T11:25:33","modified_gmt":"2020-04-03T14:25:33","slug":"lista-de-salas-virtuais-cmcb","status":"publish","type":"page","link":"https:\/\/www.ce.gov.br\/cm-cb\/lista-de-salas-virtuais-cmcb\/","title":{"rendered":"Lista de Salas Virtuais &#8211; CMCB"},"content":{"rendered":"<h1><span style=\"font-weight: 400\">Acesso do aluno via c\u00f3digo:<\/span><\/h1>\n<p>&nbsp;<\/p>\n<h2><span style=\"font-weight: 400\">Fundamental<\/span><\/h2>\n<p>&nbsp;<\/p>\n<p><strong>6\u00ba ano<\/strong><\/p>\n<p>&nbsp;<\/p>\n<p><span style=\"font-weight: 400\">Portugu\u00eas : 3blsqwj<\/span><\/p>\n<p><span style=\"font-weight: 400\">Reda\u00e7\u00e3o : qozd5vm<\/span><\/p>\n<p><span style=\"font-weight: 400\">Artes :\u00a0w33dc7m<\/span><\/p>\n<p><span style=\"font-weight: 400\">Ingl\u00eas : ims7ncy<\/span><\/p>\n<p><span style=\"font-weight: 400\">CFB : pkmaoam<\/span><\/p>\n<p><span style=\"font-weight: 400\">Matem\u00e1tica :\u00a0bxox2t7<\/span><\/p>\n<p><span style=\"font-weight: 400\">Hist\u00f3ria :\u00a0ymz3mig<\/span><\/p>\n<p><span style=\"font-weight: 400\">Geografia : g46b7d6<\/span><\/p>\n<p><span style=\"font-weight: 400\">Astronomia : mazaf6b<\/span><\/p>\n<p><span style=\"font-weight: 400\">Religi\u00e3o :\u00a0\u00a0nn2iqpe<\/span><\/p>\n<p><span style=\"font-weight: 400\">Inform\u00e1tica : 33mxhlk<\/span><\/p>\n<p>Ed. F\u00ecsica:\u00a0boqck6j<\/p>\n<p>&nbsp;<\/p>\n<p><strong>7\u00ba\u00a0ano<\/strong><\/p>\n<p>&nbsp;<\/p>\n<p><span style=\"font-weight: 400\">Portugu\u00eas : nuprq23<\/span><\/p>\n<p><span style=\"font-weight: 400\">Reda\u00e7\u00e3o :\u00a0xbirxg2<\/span><\/p>\n<p><span style=\"font-weight: 400\">Artes :\u00a0ratpsyn<\/span><\/p>\n<p><span style=\"font-weight: 400\">Ingl\u00eas : 6e7fmj7<\/span><\/p>\n<p><span style=\"font-weight: 400\">CFB : y44zfxn<\/span><\/p>\n<p><span style=\"font-weight: 400\">Matem\u00e1tica : ybacz2j<\/span><\/p>\n<p><span style=\"font-weight: 400\">Hist\u00f3ria :\u00a0\u00a0mljxfoh<\/span><\/p>\n<p><span style=\"font-weight: 400\">Geografia : lr2h5v5<\/span><\/p>\n<p><span style=\"font-weight: 400\">Astronomia : mazaf6b<\/span><\/p>\n<p><span style=\"font-weight: 400\">Religi\u00e3o :\u00a04e6ecza<\/span><\/p>\n<p><span style=\"font-weight: 400\">Inform\u00e1tica : 33mxhlk<\/span><\/p>\n<p>Ed. F\u00edsica:\u00a0ljmvjuw<\/p>\n<p>&nbsp;<\/p>\n<p><strong>8\u00ba\u00a0ano<\/strong><\/p>\n<p>&nbsp;<\/p>\n<p><span style=\"font-weight: 400\">Portugu\u00eas : uzv67qi<\/span><\/p>\n<p><span style=\"font-weight: 400\">Reda\u00e7\u00e3o :\u00a0il5yaan<\/span><\/p>\n<p><span style=\"font-weight: 400\">Artes :\u00a0bzf6pqh<\/span><\/p>\n<p><span style=\"font-weight: 400\">Ingl\u00eas : gkdfbdt<\/span><\/p>\n<p><span style=\"font-weight: 400\">CFB : 4hcsc7s<\/span><\/p>\n<p><span style=\"font-weight: 400\">Matem\u00e1tica : eusmy3e<\/span><\/p>\n<p><span style=\"font-weight: 400\">Hist\u00f3ria : fbfcjq7<\/span><\/p>\n<p><span style=\"font-weight: 400\">Geografia : rqhiwel<\/span><\/p>\n<p><span style=\"font-weight: 400\">Astronomia : mazaf6b<\/span><\/p>\n<p><span style=\"font-weight: 400\">Defesa Civil : waw3kud<\/span><\/p>\n<p><span style=\"font-weight: 400\">Religi\u00e3o :\u00a0\u00a0nqscqf3<\/span><\/p>\n<p><span style=\"font-weight: 400\">Inform\u00e1tica : 33mxhlk<\/span><\/p>\n<p>Ed. F\u00edsica:\u00a06rudvbn<\/p>\n<p>&nbsp;<\/p>\n<p><strong>9\u00ba\u00a0ano<\/strong><\/p>\n<p>&nbsp;<\/p>\n<p><span style=\"font-weight: 400\">Portugu\u00eas : idxf4vp<\/span><\/p>\n<p><span style=\"font-weight: 400\">Reda\u00e7\u00e3o :\u00a0d4zr3gf<\/span><\/p>\n<p><span style=\"font-weight: 400\">Artes :\u00a0iffzb3g<\/span><\/p>\n<p><span style=\"font-weight: 400\">Ingl\u00eas : vl3erg5<\/span><\/p>\n<p><span style=\"font-weight: 400\">CFB :\u00a0exzlka7<\/span><\/p>\n<p><span style=\"font-weight: 400\">Matem\u00e1tica : zngbsxe<\/span><\/p>\n<p><span style=\"font-weight: 400\">Hist\u00f3ria :\u00a0\u00a04rxrlw4<\/span><\/p>\n<p><span style=\"font-weight: 400\">Geografia : yahwdvl<\/span><\/p>\n<p><span style=\"font-weight: 400\">Qu\u00edmica : abtyrpq<\/span><\/p>\n<p><span style=\"font-weight: 400\">F\u00edsica\u00a0 &gt; qtizudm<\/span><\/p>\n<p><span style=\"font-weight: 400\">Astronomia : mazaf6b<\/span><\/p>\n<p><span style=\"font-weight: 400\">Religi\u00e3o :\u00a0v2r3uxw<\/span><\/p>\n<p><span style=\"font-weight: 400\">Inform\u00e1tica : 33mxhlk<\/span><\/p>\n<p>Ed. F\u00edsica:\u00a0fhcfzi4<\/p>\n<p>&nbsp;<\/p>\n<h2><span style=\"font-weight: 400\">M\u00e9dio<\/span><\/h2>\n<p>&nbsp;<\/p>\n<p><strong>1\u00ba Ano<\/strong><\/p>\n<p><span style=\"font-weight: 400\">\u00a0Portugu\u00eas : 5bjm7gk<\/span><\/p>\n<p><span style=\"font-weight: 400\">\u00a0Reda\u00e7\u00e3o :\u00a0\u00a0ck7vgtq<\/span><\/p>\n<p><span style=\"font-weight: 400\">\u00a0Matem\u00e1tica : 3kf7z5d<\/span><\/p>\n<p><span style=\"font-weight: 400\">\u00a0F\u00edsica : yywy3y3<\/span><\/p>\n<p><span style=\"font-weight: 400\">\u00a0Qu\u00edmica : nc7eicu<\/span><\/p>\n<p><span style=\"font-weight: 400\">\u00a0Biologia : kglq7hu<\/span><\/p>\n<p><span style=\"font-weight: 400\">\u00a0Geografia : vj277l2<\/span><\/p>\n<p><span style=\"font-weight: 400\">\u00a0Hist\u00f3ria : fiq6k72<\/span><\/p>\n<p><span style=\"font-weight: 400\">\u00a0Ingl\u00eas : e3pemdm<\/span><\/p>\n<p><span style=\"font-weight: 400\">\u00a0Espanhol :\u00a0\u00a0qre37rt<\/span><\/p>\n<p><span style=\"font-weight: 400\">\u00a0Filosofia\/Sociologia :\u00a024t42oz<\/span><\/p>\n<p><span style=\"font-weight: 400\">\u00a0Inform\u00e1tica : bxrouur<\/span><\/p>\n<p>Ed. F\u00edsica:\u00a0rkdipek<\/p>\n<p>Literatura:\u00a0dhagxut<\/p>\n<p>&nbsp;<\/p>\n<p><strong>2\u00ba Ano<\/strong><\/p>\n<p><span style=\"font-weight: 400\">\u00a0Portugu\u00eas : akbrjku<\/span><\/p>\n<p><span style=\"font-weight: 400\">\u00a0Reda\u00e7\u00e3o :\u00a0qhf5p64<\/span><\/p>\n<p><span style=\"font-weight: 400\">\u00a0Literatura : n34hcr7<\/span><\/p>\n<p><span style=\"font-weight: 400\">\u00a0Matem\u00e1tica : iut6ikb<\/span><\/p>\n<p><span style=\"font-weight: 400\">\u00a0F\u00edsica : ge4cyud<\/span><\/p>\n<p><span style=\"font-weight: 400\">\u00a0Qu\u00edmica : u4fuyob<\/span><\/p>\n<p><span style=\"font-weight: 400\">\u00a0Biologia : nzd3awm<\/span><\/p>\n<p><span style=\"font-weight: 400\">\u00a0Geografia : comudoe<\/span><\/p>\n<p><span style=\"font-weight: 400\">\u00a0Hist\u00f3ria : qqni3qx<\/span><\/p>\n<p><span style=\"font-weight: 400\">\u00a0Ingl\u00eas : 33n2m2a<\/span><\/p>\n<p><span style=\"font-weight: 400\">\u00a0Espanhol :\u00a0jqcmc5w<\/span><\/p>\n<p><span style=\"font-weight: 400\">\u00a0Filosofia\/Sociologia :z6am3he<\/span><\/p>\n<p><span style=\"font-weight: 400\">\u00a0Inform\u00e1tica : bxrouur<\/span><\/p>\n<p>Ed. F\u00edsica:\u00a0phz2zfw<\/p>\n<p>&nbsp;<\/p>\n<p><strong>3\u00ba Ano<\/strong><\/p>\n<p><span style=\"font-weight: 400\">\u00a0Portugu\u00eas : drr33ep<\/span><\/p>\n<p><span style=\"font-weight: 400\">\u00a0Reda\u00e7\u00e3o :\u00a0ym3es7z<\/span><\/p>\n<p><span style=\"font-weight: 400\">\u00a0Matem\u00e1tica : iclmwo5<\/span><\/p>\n<p><span style=\"font-weight: 400\">\u00a0F\u00edsica : gr5mdlo\u00a0<\/span><\/p>\n<p><span style=\"font-weight: 400\">\u00a0Qu\u00edmica : do3u2d2<\/span><\/p>\n<p><span style=\"font-weight: 400\">\u00a0Biologia : 36njhdu<\/span><\/p>\n<p><span style=\"font-weight: 400\">\u00a0Geografia : yhau2vh<\/span><\/p>\n<p><span style=\"font-weight: 400\">\u00a0Hist\u00f3ria : qi2miqs<\/span><\/p>\n<p><span style=\"font-weight: 400\">\u00a0Ingl\u00eas : 6xdvbt2<\/span><\/p>\n<p><span style=\"font-weight: 400\">\u00a0Espanhol :\u00a0gitqpao<\/span><\/p>\n<p><span style=\"font-weight: 400\">\u00a0Filosofia\/Sociologia :\u00a0ycuovlj<\/span><\/p>\n<p><span style=\"font-weight: 400\">\u00a0Inform\u00e1tica : bxrouur<\/span><\/p>\n<p><span style=\"font-weight: 400\">\u00a0Ed. F\u00edsica : jeiwzxm<\/span><\/p>\n<p>Literatura:\u00a0yhf375n<\/p>\n<p>&nbsp;<\/p>\n","protected":false},"excerpt":{"rendered":"<p>Acesso do aluno via c\u00f3digo: &nbsp; Fundamental &nbsp; 6\u00ba ano &nbsp; Portugu\u00eas : 3blsqwj Reda\u00e7\u00e3o : qozd5vm Artes :\u00a0w33dc7m Ingl\u00eas : ims7ncy CFB : pkmaoam Matem\u00e1tica :\u00a0bxox2t7 Hist\u00f3ria :\u00a0ymz3mig Geografia : g46b7d6 Astronomia : mazaf6b Religi\u00e3o :\u00a0\u00a0nn2iqpe Inform\u00e1tica : 33mxhlk Ed. F\u00ecsica:\u00a0boqck6j &nbsp; 7\u00ba\u00a0ano &nbsp; Portugu\u00eas : nuprq23 Reda\u00e7\u00e3o :\u00a0xbirxg2 Artes :\u00a0ratpsyn Ingl\u00eas : 6e7fmj7 [&hellip;]<\/p>\n","protected":false},"author":220,"featured_media":0,"parent":0,"menu_order":0,"comment_status":"closed","ping_status":"closed","template":"","meta":{"_acf_changed":false,"inline_featured_image":false,"footnotes":""},"class_list":["post-2906","page","type-page","status-publish","hentry"],"acf":[],"yoast_head":"<!-- This site is optimized with the Yoast SEO plugin v27.3 - https:\/\/yoast.com\/product\/yoast-seo-wordpress\/ -->\n<title>Lista de Salas Virtuais - CMCB - CMCB<\/title>\n<meta name=\"robots\" content=\"index, follow, max-snippet:-1, max-image-preview:large, max-video-preview:-1\" \/>\n<link rel=\"canonical\" href=\"https:\/\/ww16.ce.gov.br\/cm-cb\/lista-de-salas-virtuais-cmcb\/\" \/>\n<meta property=\"og:locale\" content=\"pt_BR\" \/>\n<meta property=\"og:type\" content=\"article\" \/>\n<meta property=\"og:title\" content=\"Lista de Salas Virtuais - CMCB - CMCB\" \/>\n<meta property=\"og:description\" content=\"Acesso do aluno via c\u00f3digo: &nbsp; Fundamental &nbsp; 6\u00ba ano &nbsp; Portugu\u00eas : 3blsqwj Reda\u00e7\u00e3o : qozd5vm Artes :\u00a0w33dc7m Ingl\u00eas : ims7ncy CFB : pkmaoam Matem\u00e1tica :\u00a0bxox2t7 Hist\u00f3ria :\u00a0ymz3mig Geografia : g46b7d6 Astronomia : mazaf6b Religi\u00e3o :\u00a0\u00a0nn2iqpe Inform\u00e1tica : 33mxhlk Ed. F\u00ecsica:\u00a0boqck6j &nbsp; 7\u00ba\u00a0ano &nbsp; Portugu\u00eas : nuprq23 Reda\u00e7\u00e3o :\u00a0xbirxg2 Artes :\u00a0ratpsyn Ingl\u00eas : 6e7fmj7 [&hellip;]\" \/>\n<meta property=\"og:url\" content=\"https:\/\/ww16.ce.gov.br\/cm-cb\/lista-de-salas-virtuais-cmcb\/\" \/>\n<meta property=\"og:site_name\" content=\"CMCB\" \/>\n<meta property=\"article:modified_time\" content=\"2020-04-03T14:25:33+00:00\" \/>\n<meta name=\"twitter:card\" content=\"summary_large_image\" \/>\n<meta name=\"twitter:label1\" content=\"Est. reading time\" \/>\n\t<meta name=\"twitter:data1\" content=\"2 minutos\" \/>\n<script type=\"application\/ld+json\" class=\"yoast-schema-graph\">{\"@context\":\"https:\\\/\\\/schema.org\",\"@graph\":[{\"@type\":\"WebPage\",\"@id\":\"https:\\\/\\\/ww16.ce.gov.br\\\/cm-cb\\\/lista-de-salas-virtuais-cmcb\\\/\",\"url\":\"https:\\\/\\\/ww16.ce.gov.br\\\/cm-cb\\\/lista-de-salas-virtuais-cmcb\\\/\",\"name\":\"Lista de Salas Virtuais - CMCB - CMCB\",\"isPartOf\":{\"@id\":\"https:\\\/\\\/ww16.ce.gov.br\\\/cm-cb\\\/#website\"},\"datePublished\":\"2020-03-26T14:49:22+00:00\",\"dateModified\":\"2020-04-03T14:25:33+00:00\",\"breadcrumb\":{\"@id\":\"https:\\\/\\\/ww16.ce.gov.br\\\/cm-cb\\\/lista-de-salas-virtuais-cmcb\\\/#breadcrumb\"},\"inLanguage\":\"pt-BR\",\"potentialAction\":[{\"@type\":\"ReadAction\",\"target\":[\"https:\\\/\\\/ww16.ce.gov.br\\\/cm-cb\\\/lista-de-salas-virtuais-cmcb\\\/\"]}]},{\"@type\":\"BreadcrumbList\",\"@id\":\"https:\\\/\\\/ww16.ce.gov.br\\\/cm-cb\\\/lista-de-salas-virtuais-cmcb\\\/#breadcrumb\",\"itemListElement\":[{\"@type\":\"ListItem\",\"position\":1,\"name\":\"In\u00edcio\",\"item\":\"https:\\\/\\\/ww16.ce.gov.br\\\/cm-cb\\\/\"},{\"@type\":\"ListItem\",\"position\":2,\"name\":\"Lista de Salas Virtuais &#8211; CMCB\"}]},{\"@type\":\"WebSite\",\"@id\":\"https:\\\/\\\/ww16.ce.gov.br\\\/cm-cb\\\/#website\",\"url\":\"https:\\\/\\\/ww16.ce.gov.br\\\/cm-cb\\\/\",\"name\":\"Col\u00e9gio Militar do Corpo de Bombeiros\",\"description\":\"Portal CMCB\",\"publisher\":{\"@id\":\"https:\\\/\\\/ww16.ce.gov.br\\\/cm-cb\\\/#organization\"},\"potentialAction\":[{\"@type\":\"SearchAction\",\"target\":{\"@type\":\"EntryPoint\",\"urlTemplate\":\"https:\\\/\\\/ww16.ce.gov.br\\\/cm-cb\\\/?s={search_term_string}\"},\"query-input\":{\"@type\":\"PropertyValueSpecification\",\"valueRequired\":true,\"valueName\":\"search_term_string\"}}],\"inLanguage\":\"pt-BR\"},{\"@type\":\"Organization\",\"@id\":\"https:\\\/\\\/ww16.ce.gov.br\\\/cm-cb\\\/#organization\",\"name\":\"Col\u00e9gio Militar do Corpo de Bombeiros\",\"url\":\"https:\\\/\\\/ww16.ce.gov.br\\\/cm-cb\\\/\",\"logo\":{\"@type\":\"ImageObject\",\"inLanguage\":\"pt-BR\",\"@id\":\"https:\\\/\\\/ww16.ce.gov.br\\\/cm-cb\\\/#\\\/schema\\\/logo\\\/image\\\/\",\"url\":\"http:\\\/\\\/ww16.ce.gov.br\\\/cm-cb\\\/wp-content\\\/uploads\\\/sites\\\/62\\\/2018\\\/05\\\/cmcb-clara.png\",\"contentUrl\":\"http:\\\/\\\/ww16.ce.gov.br\\\/cm-cb\\\/wp-content\\\/uploads\\\/sites\\\/62\\\/2018\\\/05\\\/cmcb-clara.png\",\"width\":559,\"height\":106,\"caption\":\"Col\u00e9gio Militar do Corpo de Bombeiros\"},\"image\":{\"@id\":\"https:\\\/\\\/ww16.ce.gov.br\\\/cm-cb\\\/#\\\/schema\\\/logo\\\/image\\\/\"}}]}<\/script>\n<!-- \/ Yoast SEO plugin. -->","yoast_head_json":{"title":"Lista de Salas Virtuais - CMCB - CMCB","robots":{"index":"index","follow":"follow","max-snippet":"max-snippet:-1","max-image-preview":"max-image-preview:large","max-video-preview":"max-video-preview:-1"},"canonical":"https:\/\/ww16.ce.gov.br\/cm-cb\/lista-de-salas-virtuais-cmcb\/","og_locale":"pt_BR","og_type":"article","og_title":"Lista de Salas Virtuais - CMCB - CMCB","og_description":"Acesso do aluno via c\u00f3digo: &nbsp; Fundamental &nbsp; 6\u00ba ano &nbsp; Portugu\u00eas : 3blsqwj Reda\u00e7\u00e3o : qozd5vm Artes :\u00a0w33dc7m Ingl\u00eas : ims7ncy CFB : pkmaoam Matem\u00e1tica :\u00a0bxox2t7 Hist\u00f3ria :\u00a0ymz3mig Geografia : g46b7d6 Astronomia : mazaf6b Religi\u00e3o :\u00a0\u00a0nn2iqpe Inform\u00e1tica : 33mxhlk Ed. F\u00ecsica:\u00a0boqck6j &nbsp; 7\u00ba\u00a0ano &nbsp; Portugu\u00eas : nuprq23 Reda\u00e7\u00e3o :\u00a0xbirxg2 Artes :\u00a0ratpsyn Ingl\u00eas : 6e7fmj7 [&hellip;]","og_url":"https:\/\/ww16.ce.gov.br\/cm-cb\/lista-de-salas-virtuais-cmcb\/","og_site_name":"CMCB","article_modified_time":"2020-04-03T14:25:33+00:00","twitter_card":"summary_large_image","twitter_misc":{"Est. reading time":"2 minutos"},"schema":{"@context":"https:\/\/schema.org","@graph":[{"@type":"WebPage","@id":"https:\/\/ww16.ce.gov.br\/cm-cb\/lista-de-salas-virtuais-cmcb\/","url":"https:\/\/ww16.ce.gov.br\/cm-cb\/lista-de-salas-virtuais-cmcb\/","name":"Lista de Salas Virtuais - CMCB - CMCB","isPartOf":{"@id":"https:\/\/ww16.ce.gov.br\/cm-cb\/#website"},"datePublished":"2020-03-26T14:49:22+00:00","dateModified":"2020-04-03T14:25:33+00:00","breadcrumb":{"@id":"https:\/\/ww16.ce.gov.br\/cm-cb\/lista-de-salas-virtuais-cmcb\/#breadcrumb"},"inLanguage":"pt-BR","potentialAction":[{"@type":"ReadAction","target":["https:\/\/ww16.ce.gov.br\/cm-cb\/lista-de-salas-virtuais-cmcb\/"]}]},{"@type":"BreadcrumbList","@id":"https:\/\/ww16.ce.gov.br\/cm-cb\/lista-de-salas-virtuais-cmcb\/#breadcrumb","itemListElement":[{"@type":"ListItem","position":1,"name":"In\u00edcio","item":"https:\/\/ww16.ce.gov.br\/cm-cb\/"},{"@type":"ListItem","position":2,"name":"Lista de Salas Virtuais &#8211; CMCB"}]},{"@type":"WebSite","@id":"https:\/\/ww16.ce.gov.br\/cm-cb\/#website","url":"https:\/\/ww16.ce.gov.br\/cm-cb\/","name":"Col\u00e9gio Militar do Corpo de Bombeiros","description":"Portal CMCB","publisher":{"@id":"https:\/\/ww16.ce.gov.br\/cm-cb\/#organization"},"potentialAction":[{"@type":"SearchAction","target":{"@type":"EntryPoint","urlTemplate":"https:\/\/ww16.ce.gov.br\/cm-cb\/?s={search_term_string}"},"query-input":{"@type":"PropertyValueSpecification","valueRequired":true,"valueName":"search_term_string"}}],"inLanguage":"pt-BR"},{"@type":"Organization","@id":"https:\/\/ww16.ce.gov.br\/cm-cb\/#organization","name":"Col\u00e9gio Militar do Corpo de Bombeiros","url":"https:\/\/ww16.ce.gov.br\/cm-cb\/","logo":{"@type":"ImageObject","inLanguage":"pt-BR","@id":"https:\/\/ww16.ce.gov.br\/cm-cb\/#\/schema\/logo\/image\/","url":"http:\/\/ww16.ce.gov.br\/cm-cb\/wp-content\/uploads\/sites\/62\/2018\/05\/cmcb-clara.png","contentUrl":"http:\/\/ww16.ce.gov.br\/cm-cb\/wp-content\/uploads\/sites\/62\/2018\/05\/cmcb-clara.png","width":559,"height":106,"caption":"Col\u00e9gio Militar do Corpo de Bombeiros"},"image":{"@id":"https:\/\/ww16.ce.gov.br\/cm-cb\/#\/schema\/logo\/image\/"}}]}},"_links":{"self":[{"href":"https:\/\/www.ce.gov.br\/cm-cb\/wp-json\/wp\/v2\/pages\/2906","targetHints":{"allow":["GET"]}}],"collection":[{"href":"https:\/\/www.ce.gov.br\/cm-cb\/wp-json\/wp\/v2\/pages"}],"about":[{"href":"https:\/\/www.ce.gov.br\/cm-cb\/wp-json\/wp\/v2\/types\/page"}],"author":[{"embeddable":true,"href":"https:\/\/www.ce.gov.br\/cm-cb\/wp-json\/wp\/v2\/users\/220"}],"replies":[{"embeddable":true,"href":"https:\/\/www.ce.gov.br\/cm-cb\/wp-json\/wp\/v2\/comments?post=2906"}],"version-history":[{"count":5,"href":"https:\/\/www.ce.gov.br\/cm-cb\/wp-json\/wp\/v2\/pages\/2906\/revisions"}],"predecessor-version":[{"id":2940,"href":"https:\/\/www.ce.gov.br\/cm-cb\/wp-json\/wp\/v2\/pages\/2906\/revisions\/2940"}],"wp:attachment":[{"href":"https:\/\/www.ce.gov.br\/cm-cb\/wp-json\/wp\/v2\/media?parent=2906"}],"curies":[{"name":"wp","href":"https:\/\/api.w.org\/{rel}","templated":true}]}}