{"id":3463,"date":"2021-07-23T10:17:48","date_gmt":"2021-07-23T13:17:48","guid":{"rendered":"http:\/\/ww16.ce.gov.br\/cm-cb\/?page_id=3463"},"modified":"2026-05-13T13:32:23","modified_gmt":"2026-05-13T16:32:23","slug":"legislacao","status":"publish","type":"page","link":"https:\/\/www.ce.gov.br\/cm-cb\/legislacao\/","title":{"rendered":"Legisla\u00e7\u00e3o"},"content":{"rendered":"<p class=\"western\"><span style=\"font-family: Arial, sans-serif;\"><span style=\"font-size: medium;\"><strong>Lei 12.999 de 14 de janeiro de 2000<\/strong> (<\/span><\/span><span style=\"color: #000000;\"><span style=\"font-family: Arial, sans-serif;\"><span style=\"font-size: medium;\">Autoriza a cria\u00e7\u00e3o de Col\u00e9gios Militares na Pol\u00edcia Militar do Estado do Cear\u00e1 e no Corpo de Bombeiros Militar do Cear\u00e1 e d\u00e1 outras provid\u00eancias)<\/span><\/span><\/span><\/p>\n<p class=\"western\"><span style=\"color: #000080;\"><span lang=\"zxx\"><u><a href=\"https:\/\/www2.al.ce.gov.br\/legislativo\/legislacao5\/leis2000\/12999.htm\"><span style=\"font-family: Arial, sans-serif;\"><span style=\"font-size: medium;\">https:\/\/www2.al.ce.gov.br\/legislativo\/legislacao5\/leis2000\/12999.htm<\/span><\/span><\/a><\/u><\/span><\/span><\/p>\n<p class=\"western\"><span style=\"font-family: Arial, sans-serif;\"><span style=\"font-size: medium;\"><strong>Decreto 26.052 de 10 de novembro de 2000<\/strong> (Cria os col\u00e9gios militares PM e BM)<\/span><\/span><\/p>\n<p class=\"western\"><span style=\"color: #000080;\"><span lang=\"zxx\"><u><a href=\"https:\/\/ww16.ce.gov.br\/cm-cb\/wp-content\/uploads\/sites\/45\/2021\/07\/Dec-26052-2000-cria-os-Colegios-Militares.pdf\">Decreto que cria os Col\u00e9gios Militares do estado do Cear\u00e1<\/a><\/u><\/span><\/span><\/p>\n","protected":false},"excerpt":{"rendered":"<p>Lei 12.999 de 14 de janeiro de 2000 (Autoriza a cria\u00e7\u00e3o de Col\u00e9gios Militares na Pol\u00edcia Militar do Estado do Cear\u00e1 e no Corpo de Bombeiros Militar do Cear\u00e1 e d\u00e1 outras provid\u00eancias) https:\/\/www2.al.ce.gov.br\/legislativo\/legislacao5\/leis2000\/12999.htm Decreto 26.052 de 10 de novembro de 2000 (Cria os col\u00e9gios militares PM e BM) Decreto que cria os Col\u00e9gios Militares [&hellip;]<\/p>\n","protected":false},"author":220,"featured_media":0,"parent":0,"menu_order":0,"comment_status":"closed","ping_status":"closed","template":"","meta":{"_acf_changed":false,"inline_featured_image":false,"footnotes":""},"class_list":["post-3463","page","type-page","status-publish","hentry"],"acf":[],"yoast_head":"<!-- This site is optimized with the Yoast SEO plugin v27.3 - https:\/\/yoast.com\/product\/yoast-seo-wordpress\/ -->\n<title>Legisla\u00e7\u00e3o - CMCB<\/title>\n<meta name=\"robots\" content=\"index, follow, max-snippet:-1, max-image-preview:large, max-video-preview:-1\" \/>\n<link rel=\"canonical\" href=\"https:\/\/ww16.ce.gov.br\/cm-cb\/legislacao\/\" \/>\n<meta property=\"og:locale\" content=\"pt_BR\" \/>\n<meta property=\"og:type\" content=\"article\" \/>\n<meta property=\"og:title\" content=\"Legisla\u00e7\u00e3o - CMCB\" \/>\n<meta property=\"og:description\" content=\"Lei 12.999 de 14 de janeiro de 2000 (Autoriza a cria\u00e7\u00e3o de Col\u00e9gios Militares na Pol\u00edcia Militar do Estado do Cear\u00e1 e no Corpo de Bombeiros Militar do Cear\u00e1 e d\u00e1 outras provid\u00eancias) https:\/\/www2.al.ce.gov.br\/legislativo\/legislacao5\/leis2000\/12999.htm Decreto 26.052 de 10 de novembro de 2000 (Cria os col\u00e9gios militares PM e BM) Decreto que cria os Col\u00e9gios Militares [&hellip;]\" \/>\n<meta property=\"og:url\" content=\"https:\/\/ww16.ce.gov.br\/cm-cb\/legislacao\/\" \/>\n<meta property=\"og:site_name\" content=\"CMCB\" \/>\n<meta property=\"article:modified_time\" content=\"2026-05-13T16:32:23+00:00\" \/>\n<meta name=\"twitter:card\" content=\"summary_large_image\" \/>\n<meta name=\"twitter:label1\" content=\"Est. reading time\" \/>\n\t<meta name=\"twitter:data1\" content=\"1 minuto\" \/>\n<script type=\"application\/ld+json\" class=\"yoast-schema-graph\">{\"@context\":\"https:\\\/\\\/schema.org\",\"@graph\":[{\"@type\":\"WebPage\",\"@id\":\"https:\\\/\\\/ww16.ce.gov.br\\\/cm-cb\\\/legislacao\\\/\",\"url\":\"https:\\\/\\\/ww16.ce.gov.br\\\/cm-cb\\\/legislacao\\\/\",\"name\":\"Legisla\u00e7\u00e3o - CMCB\",\"isPartOf\":{\"@id\":\"https:\\\/\\\/ww16.ce.gov.br\\\/cm-cb\\\/#website\"},\"datePublished\":\"2021-07-23T13:17:48+00:00\",\"dateModified\":\"2026-05-13T16:32:23+00:00\",\"breadcrumb\":{\"@id\":\"https:\\\/\\\/ww16.ce.gov.br\\\/cm-cb\\\/legislacao\\\/#breadcrumb\"},\"inLanguage\":\"pt-BR\",\"potentialAction\":[{\"@type\":\"ReadAction\",\"target\":[\"https:\\\/\\\/ww16.ce.gov.br\\\/cm-cb\\\/legislacao\\\/\"]}]},{\"@type\":\"BreadcrumbList\",\"@id\":\"https:\\\/\\\/ww16.ce.gov.br\\\/cm-cb\\\/legislacao\\\/#breadcrumb\",\"itemListElement\":[{\"@type\":\"ListItem\",\"position\":1,\"name\":\"In\u00edcio\",\"item\":\"https:\\\/\\\/ww16.ce.gov.br\\\/cm-cb\\\/\"},{\"@type\":\"ListItem\",\"position\":2,\"name\":\"Legisla\u00e7\u00e3o\"}]},{\"@type\":\"WebSite\",\"@id\":\"https:\\\/\\\/ww16.ce.gov.br\\\/cm-cb\\\/#website\",\"url\":\"https:\\\/\\\/ww16.ce.gov.br\\\/cm-cb\\\/\",\"name\":\"Col\u00e9gio Militar do Corpo de Bombeiros\",\"description\":\"Portal CMCB\",\"publisher\":{\"@id\":\"https:\\\/\\\/ww16.ce.gov.br\\\/cm-cb\\\/#organization\"},\"potentialAction\":[{\"@type\":\"SearchAction\",\"target\":{\"@type\":\"EntryPoint\",\"urlTemplate\":\"https:\\\/\\\/ww16.ce.gov.br\\\/cm-cb\\\/?s={search_term_string}\"},\"query-input\":{\"@type\":\"PropertyValueSpecification\",\"valueRequired\":true,\"valueName\":\"search_term_string\"}}],\"inLanguage\":\"pt-BR\"},{\"@type\":\"Organization\",\"@id\":\"https:\\\/\\\/ww16.ce.gov.br\\\/cm-cb\\\/#organization\",\"name\":\"Col\u00e9gio Militar do Corpo de Bombeiros\",\"url\":\"https:\\\/\\\/ww16.ce.gov.br\\\/cm-cb\\\/\",\"logo\":{\"@type\":\"ImageObject\",\"inLanguage\":\"pt-BR\",\"@id\":\"https:\\\/\\\/ww16.ce.gov.br\\\/cm-cb\\\/#\\\/schema\\\/logo\\\/image\\\/\",\"url\":\"http:\\\/\\\/ww16.ce.gov.br\\\/cm-cb\\\/wp-content\\\/uploads\\\/sites\\\/62\\\/2018\\\/05\\\/cmcb-clara.png\",\"contentUrl\":\"http:\\\/\\\/ww16.ce.gov.br\\\/cm-cb\\\/wp-content\\\/uploads\\\/sites\\\/62\\\/2018\\\/05\\\/cmcb-clara.png\",\"width\":559,\"height\":106,\"caption\":\"Col\u00e9gio Militar do Corpo de Bombeiros\"},\"image\":{\"@id\":\"https:\\\/\\\/ww16.ce.gov.br\\\/cm-cb\\\/#\\\/schema\\\/logo\\\/image\\\/\"}}]}<\/script>\n<!-- \/ Yoast SEO plugin. -->","yoast_head_json":{"title":"Legisla\u00e7\u00e3o - CMCB","robots":{"index":"index","follow":"follow","max-snippet":"max-snippet:-1","max-image-preview":"max-image-preview:large","max-video-preview":"max-video-preview:-1"},"canonical":"https:\/\/ww16.ce.gov.br\/cm-cb\/legislacao\/","og_locale":"pt_BR","og_type":"article","og_title":"Legisla\u00e7\u00e3o - CMCB","og_description":"Lei 12.999 de 14 de janeiro de 2000 (Autoriza a cria\u00e7\u00e3o de Col\u00e9gios Militares na Pol\u00edcia Militar do Estado do Cear\u00e1 e no Corpo de Bombeiros Militar do Cear\u00e1 e d\u00e1 outras provid\u00eancias) https:\/\/www2.al.ce.gov.br\/legislativo\/legislacao5\/leis2000\/12999.htm Decreto 26.052 de 10 de novembro de 2000 (Cria os col\u00e9gios militares PM e BM) Decreto que cria os Col\u00e9gios Militares [&hellip;]","og_url":"https:\/\/ww16.ce.gov.br\/cm-cb\/legislacao\/","og_site_name":"CMCB","article_modified_time":"2026-05-13T16:32:23+00:00","twitter_card":"summary_large_image","twitter_misc":{"Est. reading time":"1 minuto"},"schema":{"@context":"https:\/\/schema.org","@graph":[{"@type":"WebPage","@id":"https:\/\/ww16.ce.gov.br\/cm-cb\/legislacao\/","url":"https:\/\/ww16.ce.gov.br\/cm-cb\/legislacao\/","name":"Legisla\u00e7\u00e3o - CMCB","isPartOf":{"@id":"https:\/\/ww16.ce.gov.br\/cm-cb\/#website"},"datePublished":"2021-07-23T13:17:48+00:00","dateModified":"2026-05-13T16:32:23+00:00","breadcrumb":{"@id":"https:\/\/ww16.ce.gov.br\/cm-cb\/legislacao\/#breadcrumb"},"inLanguage":"pt-BR","potentialAction":[{"@type":"ReadAction","target":["https:\/\/ww16.ce.gov.br\/cm-cb\/legislacao\/"]}]},{"@type":"BreadcrumbList","@id":"https:\/\/ww16.ce.gov.br\/cm-cb\/legislacao\/#breadcrumb","itemListElement":[{"@type":"ListItem","position":1,"name":"In\u00edcio","item":"https:\/\/ww16.ce.gov.br\/cm-cb\/"},{"@type":"ListItem","position":2,"name":"Legisla\u00e7\u00e3o"}]},{"@type":"WebSite","@id":"https:\/\/ww16.ce.gov.br\/cm-cb\/#website","url":"https:\/\/ww16.ce.gov.br\/cm-cb\/","name":"Col\u00e9gio Militar do Corpo de Bombeiros","description":"Portal CMCB","publisher":{"@id":"https:\/\/ww16.ce.gov.br\/cm-cb\/#organization"},"potentialAction":[{"@type":"SearchAction","target":{"@type":"EntryPoint","urlTemplate":"https:\/\/ww16.ce.gov.br\/cm-cb\/?s={search_term_string}"},"query-input":{"@type":"PropertyValueSpecification","valueRequired":true,"valueName":"search_term_string"}}],"inLanguage":"pt-BR"},{"@type":"Organization","@id":"https:\/\/ww16.ce.gov.br\/cm-cb\/#organization","name":"Col\u00e9gio Militar do Corpo de Bombeiros","url":"https:\/\/ww16.ce.gov.br\/cm-cb\/","logo":{"@type":"ImageObject","inLanguage":"pt-BR","@id":"https:\/\/ww16.ce.gov.br\/cm-cb\/#\/schema\/logo\/image\/","url":"http:\/\/ww16.ce.gov.br\/cm-cb\/wp-content\/uploads\/sites\/62\/2018\/05\/cmcb-clara.png","contentUrl":"http:\/\/ww16.ce.gov.br\/cm-cb\/wp-content\/uploads\/sites\/62\/2018\/05\/cmcb-clara.png","width":559,"height":106,"caption":"Col\u00e9gio Militar do Corpo de Bombeiros"},"image":{"@id":"https:\/\/ww16.ce.gov.br\/cm-cb\/#\/schema\/logo\/image\/"}}]}},"_links":{"self":[{"href":"https:\/\/www.ce.gov.br\/cm-cb\/wp-json\/wp\/v2\/pages\/3463","targetHints":{"allow":["GET"]}}],"collection":[{"href":"https:\/\/www.ce.gov.br\/cm-cb\/wp-json\/wp\/v2\/pages"}],"about":[{"href":"https:\/\/www.ce.gov.br\/cm-cb\/wp-json\/wp\/v2\/types\/page"}],"author":[{"embeddable":true,"href":"https:\/\/www.ce.gov.br\/cm-cb\/wp-json\/wp\/v2\/users\/220"}],"replies":[{"embeddable":true,"href":"https:\/\/www.ce.gov.br\/cm-cb\/wp-json\/wp\/v2\/comments?post=3463"}],"version-history":[{"count":3,"href":"https:\/\/www.ce.gov.br\/cm-cb\/wp-json\/wp\/v2\/pages\/3463\/revisions"}],"predecessor-version":[{"id":7439,"href":"https:\/\/www.ce.gov.br\/cm-cb\/wp-json\/wp\/v2\/pages\/3463\/revisions\/7439"}],"wp:attachment":[{"href":"https:\/\/www.ce.gov.br\/cm-cb\/wp-json\/wp\/v2\/media?parent=3463"}],"curies":[{"name":"wp","href":"https:\/\/api.w.org\/{rel}","templated":true}]}}