{"id":3470,"date":"2021-07-23T11:04:09","date_gmt":"2021-07-23T14:04:09","guid":{"rendered":"http:\/\/ww16.ce.gov.br\/cm-cb\/?page_id=3470"},"modified":"2026-03-04T10:55:43","modified_gmt":"2026-03-04T13:55:43","slug":"regulamentos","status":"publish","type":"page","link":"https:\/\/www.ce.gov.br\/cm-cb\/regulamentos\/","title":{"rendered":"Regulamentos e Autoriza\u00e7\u00e3o"},"content":{"rendered":"<ul>\n<li><strong>Termo de autoriza\u00e7\u00e3o para aulas externas ao col\u00e9gio\u00a0<\/strong><\/li>\n<\/ul>\n<p><a href=\"https:\/\/ww16.ce.gov.br\/cm-cb\/wp-content\/uploads\/sites\/45\/2024\/03\/TERMO-DE-AUTORIZACAO-AULAS-EXTERNAS.pdf\">TERMO DE AUTORIZA\u00c7\u00c3O &#8211; AULAS EXTERNAS<\/a><\/p>\n<ul>\n<li class=\"western\"><span style=\"font-family: Arial, sans-serif\"><span style=\"font-size: medium\"><strong>Regimento Escolar do CMCB<\/strong> (publicado no BCG n\u00ba 85 de 03 de maio de 2017)<\/span><\/span><\/li>\n<\/ul>\n<p><a href=\"https:\/\/ww16.ce.gov.br\/cm-cb\/wp-content\/uploads\/sites\/45\/2023\/07\/regimento-escolar-CMCB.pdf\">Regimento Escolar do CMCB<\/a><\/p>\n<ul>\n<li><span style=\"font-family: Arial, sans-serif\"><span style=\"font-size: medium\"><strong>Regulamento de Disciplinar do CMCB<\/strong><\/span><\/span><\/li>\n<\/ul>\n<p><a href=\"https:\/\/ww16.ce.gov.br\/cm-cb\/wp-content\/uploads\/sites\/45\/2023\/08\/REGULAMENTO-DISCIPLINAR-CMCB.pdf\">Regulamento Disciplinar CMCB<\/a><\/p>\n<ul>\n<li><span style=\"font-family: Arial, sans-serif\"><span style=\"font-size: medium\"><strong>Regulamento de Uniformes do CMCB<\/strong><\/span><\/span><\/li>\n<\/ul>\n<p><a href=\"https:\/\/ww16.ce.gov.br\/cm-cb\/wp-content\/uploads\/sites\/45\/2024\/01\/REGULAMENTO-UNIFORMES-CMCB.pdf\">REGULAMENTO UNIFORMES CMCB<\/a><\/p>\n<p>Outros regulamentos do Corpo de Bombeiros<\/p>\n<ul>\n<li class=\"western\"><span style=\"font-family: Arial, sans-serif\"><span style=\"font-size: medium\"><strong>Regulamento de Uniformes do CBMCE<\/strong> 2025<\/span><\/span><\/li>\n<\/ul>\n<p><a href=\"https:\/\/ww16.ce.gov.br\/cm-cb\/wp-content\/uploads\/sites\/45\/2025\/09\/Regulamento-de-Uniformes-CBMCE.pdf\">Regulamento de Uniformes CBMCE<\/a><\/p>\n","protected":false},"excerpt":{"rendered":"<p>Termo de autoriza\u00e7\u00e3o para aulas externas ao col\u00e9gio\u00a0 TERMO DE AUTORIZA\u00c7\u00c3O &#8211; AULAS EXTERNAS Regimento Escolar do CMCB (publicado no BCG n\u00ba 85 de 03 de maio de 2017) Regimento Escolar do CMCB Regulamento de Disciplinar do CMCB Regulamento Disciplinar CMCB Regulamento de Uniformes do CMCB REGULAMENTO UNIFORMES CMCB Outros regulamentos do Corpo de Bombeiros [&hellip;]<\/p>\n","protected":false},"author":220,"featured_media":5470,"parent":0,"menu_order":0,"comment_status":"closed","ping_status":"closed","template":"","meta":{"_acf_changed":false,"inline_featured_image":false,"footnotes":""},"class_list":["post-3470","page","type-page","status-publish","has-post-thumbnail","hentry"],"acf":[],"yoast_head":"<!-- This site is optimized with the Yoast SEO plugin v27.3 - https:\/\/yoast.com\/product\/yoast-seo-wordpress\/ -->\n<title>Regulamentos e Autoriza\u00e7\u00e3o - CMCB<\/title>\n<meta name=\"description\" content=\"REGULAMENTOS DO COL\u00c9GIO MILITAR DO CORPO DE BOMBEIROS ESCRITORA RACHEL DE QUEIROZ E OUTROS DO CORPO DE BOMBEIROS MILITAR DO ESTADO DO CEAR\u00c1\" \/>\n<meta name=\"robots\" content=\"index, follow, max-snippet:-1, max-image-preview:large, max-video-preview:-1\" \/>\n<link rel=\"canonical\" href=\"https:\/\/ww16.ce.gov.br\/cm-cb\/regulamentos\/\" \/>\n<meta property=\"og:locale\" content=\"pt_BR\" \/>\n<meta property=\"og:type\" content=\"article\" \/>\n<meta property=\"og:title\" content=\"Regulamentos e Autoriza\u00e7\u00e3o - CMCB\" \/>\n<meta property=\"og:description\" content=\"REGULAMENTOS DO COL\u00c9GIO MILITAR DO CORPO DE BOMBEIROS ESCRITORA RACHEL DE QUEIROZ E OUTROS DO CORPO DE BOMBEIROS MILITAR DO ESTADO DO CEAR\u00c1\" \/>\n<meta property=\"og:url\" content=\"https:\/\/ww16.ce.gov.br\/cm-cb\/regulamentos\/\" \/>\n<meta property=\"og:site_name\" content=\"CMCB\" \/>\n<meta property=\"article:modified_time\" content=\"2026-03-04T13:55:43+00:00\" \/>\n<meta property=\"og:image\" content=\"https:\/\/ww16.ce.gov.br\/cm-cb\/wp-content\/uploads\/sites\/45\/2023\/12\/colegio-sem-fundo.png\" \/>\n\t<meta property=\"og:image:width\" content=\"2256\" \/>\n\t<meta property=\"og:image:height\" content=\"1536\" \/>\n\t<meta property=\"og:image:type\" content=\"image\/png\" \/>\n<meta name=\"twitter:card\" content=\"summary_large_image\" \/>\n<meta name=\"twitter:label1\" content=\"Est. reading time\" \/>\n\t<meta name=\"twitter:data1\" content=\"1 minuto\" \/>\n<script type=\"application\/ld+json\" class=\"yoast-schema-graph\">{\"@context\":\"https:\\\/\\\/schema.org\",\"@graph\":[{\"@type\":\"WebPage\",\"@id\":\"https:\\\/\\\/ww16.ce.gov.br\\\/cm-cb\\\/regulamentos\\\/\",\"url\":\"https:\\\/\\\/ww16.ce.gov.br\\\/cm-cb\\\/regulamentos\\\/\",\"name\":\"Regulamentos e Autoriza\u00e7\u00e3o - CMCB\",\"isPartOf\":{\"@id\":\"https:\\\/\\\/ww16.ce.gov.br\\\/cm-cb\\\/#website\"},\"primaryImageOfPage\":{\"@id\":\"https:\\\/\\\/ww16.ce.gov.br\\\/cm-cb\\\/regulamentos\\\/#primaryimage\"},\"image\":{\"@id\":\"https:\\\/\\\/ww16.ce.gov.br\\\/cm-cb\\\/regulamentos\\\/#primaryimage\"},\"thumbnailUrl\":\"https:\\\/\\\/www.ce.gov.br\\\/cm-cb\\\/wp-content\\\/uploads\\\/sites\\\/45\\\/2023\\\/12\\\/colegio-sem-fundo.png\",\"datePublished\":\"2021-07-23T14:04:09+00:00\",\"dateModified\":\"2026-03-04T13:55:43+00:00\",\"description\":\"REGULAMENTOS DO COL\u00c9GIO MILITAR DO CORPO DE BOMBEIROS ESCRITORA RACHEL DE QUEIROZ E OUTROS DO CORPO DE BOMBEIROS MILITAR DO ESTADO DO CEAR\u00c1\",\"breadcrumb\":{\"@id\":\"https:\\\/\\\/ww16.ce.gov.br\\\/cm-cb\\\/regulamentos\\\/#breadcrumb\"},\"inLanguage\":\"pt-BR\",\"potentialAction\":[{\"@type\":\"ReadAction\",\"target\":[\"https:\\\/\\\/ww16.ce.gov.br\\\/cm-cb\\\/regulamentos\\\/\"]}]},{\"@type\":\"ImageObject\",\"inLanguage\":\"pt-BR\",\"@id\":\"https:\\\/\\\/ww16.ce.gov.br\\\/cm-cb\\\/regulamentos\\\/#primaryimage\",\"url\":\"https:\\\/\\\/www.ce.gov.br\\\/cm-cb\\\/wp-content\\\/uploads\\\/sites\\\/45\\\/2023\\\/12\\\/colegio-sem-fundo.png\",\"contentUrl\":\"https:\\\/\\\/www.ce.gov.br\\\/cm-cb\\\/wp-content\\\/uploads\\\/sites\\\/45\\\/2023\\\/12\\\/colegio-sem-fundo.png\",\"width\":2256,\"height\":1536},{\"@type\":\"BreadcrumbList\",\"@id\":\"https:\\\/\\\/ww16.ce.gov.br\\\/cm-cb\\\/regulamentos\\\/#breadcrumb\",\"itemListElement\":[{\"@type\":\"ListItem\",\"position\":1,\"name\":\"In\u00edcio\",\"item\":\"https:\\\/\\\/ww16.ce.gov.br\\\/cm-cb\\\/\"},{\"@type\":\"ListItem\",\"position\":2,\"name\":\"Regulamentos e Autoriza\u00e7\u00e3o\"}]},{\"@type\":\"WebSite\",\"@id\":\"https:\\\/\\\/ww16.ce.gov.br\\\/cm-cb\\\/#website\",\"url\":\"https:\\\/\\\/ww16.ce.gov.br\\\/cm-cb\\\/\",\"name\":\"Col\u00e9gio Militar do Corpo de Bombeiros\",\"description\":\"Portal CMCB\",\"publisher\":{\"@id\":\"https:\\\/\\\/ww16.ce.gov.br\\\/cm-cb\\\/#organization\"},\"potentialAction\":[{\"@type\":\"SearchAction\",\"target\":{\"@type\":\"EntryPoint\",\"urlTemplate\":\"https:\\\/\\\/ww16.ce.gov.br\\\/cm-cb\\\/?s={search_term_string}\"},\"query-input\":{\"@type\":\"PropertyValueSpecification\",\"valueRequired\":true,\"valueName\":\"search_term_string\"}}],\"inLanguage\":\"pt-BR\"},{\"@type\":\"Organization\",\"@id\":\"https:\\\/\\\/ww16.ce.gov.br\\\/cm-cb\\\/#organization\",\"name\":\"Col\u00e9gio Militar do Corpo de Bombeiros\",\"url\":\"https:\\\/\\\/ww16.ce.gov.br\\\/cm-cb\\\/\",\"logo\":{\"@type\":\"ImageObject\",\"inLanguage\":\"pt-BR\",\"@id\":\"https:\\\/\\\/ww16.ce.gov.br\\\/cm-cb\\\/#\\\/schema\\\/logo\\\/image\\\/\",\"url\":\"http:\\\/\\\/ww16.ce.gov.br\\\/cm-cb\\\/wp-content\\\/uploads\\\/sites\\\/62\\\/2018\\\/05\\\/cmcb-clara.png\",\"contentUrl\":\"http:\\\/\\\/ww16.ce.gov.br\\\/cm-cb\\\/wp-content\\\/uploads\\\/sites\\\/62\\\/2018\\\/05\\\/cmcb-clara.png\",\"width\":559,\"height\":106,\"caption\":\"Col\u00e9gio Militar do Corpo de Bombeiros\"},\"image\":{\"@id\":\"https:\\\/\\\/ww16.ce.gov.br\\\/cm-cb\\\/#\\\/schema\\\/logo\\\/image\\\/\"}}]}<\/script>\n<!-- \/ Yoast SEO plugin. -->","yoast_head_json":{"title":"Regulamentos e Autoriza\u00e7\u00e3o - CMCB","description":"REGULAMENTOS DO COL\u00c9GIO MILITAR DO CORPO DE BOMBEIROS ESCRITORA RACHEL DE QUEIROZ E OUTROS DO CORPO DE BOMBEIROS MILITAR DO ESTADO DO CEAR\u00c1","robots":{"index":"index","follow":"follow","max-snippet":"max-snippet:-1","max-image-preview":"max-image-preview:large","max-video-preview":"max-video-preview:-1"},"canonical":"https:\/\/ww16.ce.gov.br\/cm-cb\/regulamentos\/","og_locale":"pt_BR","og_type":"article","og_title":"Regulamentos e Autoriza\u00e7\u00e3o - CMCB","og_description":"REGULAMENTOS DO COL\u00c9GIO MILITAR DO CORPO DE BOMBEIROS ESCRITORA RACHEL DE QUEIROZ E OUTROS DO CORPO DE BOMBEIROS MILITAR DO ESTADO DO CEAR\u00c1","og_url":"https:\/\/ww16.ce.gov.br\/cm-cb\/regulamentos\/","og_site_name":"CMCB","article_modified_time":"2026-03-04T13:55:43+00:00","og_image":[{"width":2256,"height":1536,"url":"https:\/\/ww16.ce.gov.br\/cm-cb\/wp-content\/uploads\/sites\/45\/2023\/12\/colegio-sem-fundo.png","type":"image\/png"}],"twitter_card":"summary_large_image","twitter_misc":{"Est. reading time":"1 minuto"},"schema":{"@context":"https:\/\/schema.org","@graph":[{"@type":"WebPage","@id":"https:\/\/ww16.ce.gov.br\/cm-cb\/regulamentos\/","url":"https:\/\/ww16.ce.gov.br\/cm-cb\/regulamentos\/","name":"Regulamentos e Autoriza\u00e7\u00e3o - CMCB","isPartOf":{"@id":"https:\/\/ww16.ce.gov.br\/cm-cb\/#website"},"primaryImageOfPage":{"@id":"https:\/\/ww16.ce.gov.br\/cm-cb\/regulamentos\/#primaryimage"},"image":{"@id":"https:\/\/ww16.ce.gov.br\/cm-cb\/regulamentos\/#primaryimage"},"thumbnailUrl":"https:\/\/www.ce.gov.br\/cm-cb\/wp-content\/uploads\/sites\/45\/2023\/12\/colegio-sem-fundo.png","datePublished":"2021-07-23T14:04:09+00:00","dateModified":"2026-03-04T13:55:43+00:00","description":"REGULAMENTOS DO COL\u00c9GIO MILITAR DO CORPO DE BOMBEIROS ESCRITORA RACHEL DE QUEIROZ E OUTROS DO CORPO DE BOMBEIROS MILITAR DO ESTADO DO CEAR\u00c1","breadcrumb":{"@id":"https:\/\/ww16.ce.gov.br\/cm-cb\/regulamentos\/#breadcrumb"},"inLanguage":"pt-BR","potentialAction":[{"@type":"ReadAction","target":["https:\/\/ww16.ce.gov.br\/cm-cb\/regulamentos\/"]}]},{"@type":"ImageObject","inLanguage":"pt-BR","@id":"https:\/\/ww16.ce.gov.br\/cm-cb\/regulamentos\/#primaryimage","url":"https:\/\/www.ce.gov.br\/cm-cb\/wp-content\/uploads\/sites\/45\/2023\/12\/colegio-sem-fundo.png","contentUrl":"https:\/\/www.ce.gov.br\/cm-cb\/wp-content\/uploads\/sites\/45\/2023\/12\/colegio-sem-fundo.png","width":2256,"height":1536},{"@type":"BreadcrumbList","@id":"https:\/\/ww16.ce.gov.br\/cm-cb\/regulamentos\/#breadcrumb","itemListElement":[{"@type":"ListItem","position":1,"name":"In\u00edcio","item":"https:\/\/ww16.ce.gov.br\/cm-cb\/"},{"@type":"ListItem","position":2,"name":"Regulamentos e Autoriza\u00e7\u00e3o"}]},{"@type":"WebSite","@id":"https:\/\/ww16.ce.gov.br\/cm-cb\/#website","url":"https:\/\/ww16.ce.gov.br\/cm-cb\/","name":"Col\u00e9gio Militar do Corpo de Bombeiros","description":"Portal CMCB","publisher":{"@id":"https:\/\/ww16.ce.gov.br\/cm-cb\/#organization"},"potentialAction":[{"@type":"SearchAction","target":{"@type":"EntryPoint","urlTemplate":"https:\/\/ww16.ce.gov.br\/cm-cb\/?s={search_term_string}"},"query-input":{"@type":"PropertyValueSpecification","valueRequired":true,"valueName":"search_term_string"}}],"inLanguage":"pt-BR"},{"@type":"Organization","@id":"https:\/\/ww16.ce.gov.br\/cm-cb\/#organization","name":"Col\u00e9gio Militar do Corpo de Bombeiros","url":"https:\/\/ww16.ce.gov.br\/cm-cb\/","logo":{"@type":"ImageObject","inLanguage":"pt-BR","@id":"https:\/\/ww16.ce.gov.br\/cm-cb\/#\/schema\/logo\/image\/","url":"http:\/\/ww16.ce.gov.br\/cm-cb\/wp-content\/uploads\/sites\/62\/2018\/05\/cmcb-clara.png","contentUrl":"http:\/\/ww16.ce.gov.br\/cm-cb\/wp-content\/uploads\/sites\/62\/2018\/05\/cmcb-clara.png","width":559,"height":106,"caption":"Col\u00e9gio Militar do Corpo de Bombeiros"},"image":{"@id":"https:\/\/ww16.ce.gov.br\/cm-cb\/#\/schema\/logo\/image\/"}}]}},"_links":{"self":[{"href":"https:\/\/www.ce.gov.br\/cm-cb\/wp-json\/wp\/v2\/pages\/3470","targetHints":{"allow":["GET"]}}],"collection":[{"href":"https:\/\/www.ce.gov.br\/cm-cb\/wp-json\/wp\/v2\/pages"}],"about":[{"href":"https:\/\/www.ce.gov.br\/cm-cb\/wp-json\/wp\/v2\/types\/page"}],"author":[{"embeddable":true,"href":"https:\/\/www.ce.gov.br\/cm-cb\/wp-json\/wp\/v2\/users\/220"}],"replies":[{"embeddable":true,"href":"https:\/\/www.ce.gov.br\/cm-cb\/wp-json\/wp\/v2\/comments?post=3470"}],"version-history":[{"count":13,"href":"https:\/\/www.ce.gov.br\/cm-cb\/wp-json\/wp\/v2\/pages\/3470\/revisions"}],"predecessor-version":[{"id":7345,"href":"https:\/\/www.ce.gov.br\/cm-cb\/wp-json\/wp\/v2\/pages\/3470\/revisions\/7345"}],"wp:featuredmedia":[{"embeddable":true,"href":"https:\/\/www.ce.gov.br\/cm-cb\/wp-json\/wp\/v2\/media\/5470"}],"wp:attachment":[{"href":"https:\/\/www.ce.gov.br\/cm-cb\/wp-json\/wp\/v2\/media?parent=3470"}],"curies":[{"name":"wp","href":"https:\/\/api.w.org\/{rel}","templated":true}]}}