{"id":3563,"date":"2021-10-25T16:22:24","date_gmt":"2021-10-25T19:22:24","guid":{"rendered":"http:\/\/ww16.ce.gov.br\/cm-cb\/?page_id=3563"},"modified":"2021-10-25T16:22:24","modified_gmt":"2021-10-25T19:22:24","slug":"o-colegio","status":"publish","type":"page","link":"https:\/\/www.ce.gov.br\/cm-cb\/institucional\/o-colegio\/","title":{"rendered":"O Col\u00e9gio"},"content":{"rendered":"<p align=\"justify\">O Col\u00e9gio Militar do Corpo de Bombeiros Escritora Raquel de Queiroz (CMCB) foi criado provisoriamente em fevereiro de 1998, por meio de um conv\u00eanio celebrado entre o Corpo de Bombeiros Militar do Estado do Cear\u00e1 e a Secretaria da Educa\u00e7\u00e3o B\u00e1sica do Cear\u00e1, tendo iniciado suas atividades letivas em 13 de abril do mesmo ano.<\/p>\n<p align=\"justify\">Localizado na Rua Adriano Martins, n\u00ba 436, bairro Jacareacanga, na capital cearense, o educand\u00e1rio herdou as instala\u00e7\u00f5es da extinta Escola Estadual de Nutri\u00e7\u00e3o Agnus Junes, \u00e0s quais foi acrescido, por doa\u00e7\u00e3o federal, o terreno vizinho onde funcionou por muitos anos a Companhia Brasileira de Alimenta\u00e7\u00e3o \u2013 COBAL.<\/p>\n<p align=\"justify\">Criado durante a gest\u00e3o do Governador Tasso Ribeiro Jereissati, teve como primeiro comandante o coronel Ant\u00f4nio \u00c9sio Almeida Silva. Funcionou, naquele\u00a0 primeiro ano de atividades, com 18 turmas, nos turnos da manh\u00e3 e da tarde, atendendo a todas as s\u00e9ries da escolaridade regular, exceto as s\u00e9ries concludentes de cada n\u00edvel (fundamental e m\u00e9dio).<\/p>\n<p align=\"justify\">Devido aos resultados apresentados inicialmente e \u00e0 grande procura da popula\u00e7\u00e3o, o Governo resolveu agreg\u00e1-lo \u00e0 SEDUC, inserindo o CMCB no rol das Escolas Estaduais por meio da Lei Estadual N\u00ba 12.999, de 14 de janeiro de 2.000.<\/p>\n<p align=\"justify\">Atualmente o CMCB \u00e9 dirigido pelo tenente-coronel Holdayne do Nascimento Pereira, acompanhado por uma valorosa equipe composta por militares e civis, servidores e terceirizados, que comp\u00f5em a estrutura de gest\u00e3o da Escola, ao lado do Corpo Docente composto por professores efetivos e militares da Corpora\u00e7\u00e3o.<\/p>\n<p align=\"justify\">A institui\u00e7\u00e3o possui uma estrutura f\u00edsica composta por 25 salas de aula, dois audit\u00f3rios com capacidade para 150 pessoas e 60 pessoas, respectivamente, sala de Educa\u00e7\u00e3o Musical, Centro de Multimeios, Secretaria Escolar, Secretaria Militar, Refeit\u00f3rio, Cozinha, duas quadras cobertas poliesportivas, duas piscinas sendo uma semiol\u00edmpica, laborat\u00f3rios de F\u00edsica, Qu\u00edmica, Biologia, Inform\u00e1tica e Reda\u00e7\u00e3o, tr\u00eas p\u00e1tios cobertos, banheiros individuais e coletivos, estacionamento, al\u00e9m de outras reparti\u00e7\u00f5es que garantem o apoio e o bom funcionamento das atividades fim e meio.<\/p>\n<p align=\"justify\">Al\u00e9m dos objetivos educacionais previstos na Constitui\u00e7\u00e3o Federal e na Lei de Diretrizes e Bases da Educa\u00e7\u00e3o Nacional, o CMCB, tem como objetivo preparar os discentes como formadores de opini\u00f5es, ousados, empreendedores, participativos, respeitosos dos direitos humanos, solid\u00e1rios e construtores de uma sociedade justa, humana e fraterna, inspirada nos princ\u00edpios morais e \u00e9ticos que presidem as rela\u00e7\u00f5es sociais nas na\u00e7\u00f5es livres e civilizadas.<\/p>\n<p align=\"justify\">Seu corpo discente atual \u00e9 composto por 1.075 alunos, distribu\u00eddos do 1\u00b0 ano do Ensino Fundamental 1 ao 3\u00ba ano do Ensino M\u00e9dio, nos turnos manh\u00e3 e tarde, enquanto o corpo docente \u00e9 formado por 90 professores, entre civis e militares. Funcionando tamb\u00e9m no turno da noite o EJA (Ensino de Jovens e Adultos) para os alunos fora de suas respectivas faixas et\u00e1rias.<\/p>\n<p align=\"justify\">Os indicadores educacionais brasileiros est\u00e3o a\u00ed a comprovar. Em mat\u00e9ria de educa\u00e7\u00e3o, n\u00e3o lhe h\u00e1 tarefa imposs\u00edvel. Movido a desafios, sua gl\u00f3ria \u00e9 formar verdadeiros cidad\u00e3os, vocacionados a bem servir sua P\u00e1tria e a justa sociedade que a comp\u00f5e.<\/p>\n","protected":false},"excerpt":{"rendered":"<p>O Col\u00e9gio Militar do Corpo de Bombeiros Escritora Raquel de Queiroz (CMCB) foi criado provisoriamente em fevereiro de 1998, por meio de um conv\u00eanio celebrado entre o Corpo de Bombeiros Militar do Estado do Cear\u00e1 e a Secretaria da Educa\u00e7\u00e3o B\u00e1sica do Cear\u00e1, tendo iniciado suas atividades letivas em 13 de abril do mesmo ano. [&hellip;]<\/p>\n","protected":false},"author":220,"featured_media":0,"parent":52,"menu_order":0,"comment_status":"closed","ping_status":"closed","template":"","meta":{"_acf_changed":false,"inline_featured_image":false,"footnotes":""},"class_list":["post-3563","page","type-page","status-publish","hentry"],"acf":[],"yoast_head":"<!-- This site is optimized with the Yoast SEO plugin v27.3 - https:\/\/yoast.com\/product\/yoast-seo-wordpress\/ -->\n<title>O Col\u00e9gio - CMCB<\/title>\n<meta name=\"robots\" content=\"index, follow, max-snippet:-1, max-image-preview:large, max-video-preview:-1\" \/>\n<link rel=\"canonical\" href=\"https:\/\/ww16.ce.gov.br\/cm-cb\/institucional\/o-colegio\/\" \/>\n<meta property=\"og:locale\" content=\"pt_BR\" \/>\n<meta property=\"og:type\" content=\"article\" \/>\n<meta property=\"og:title\" content=\"O Col\u00e9gio - CMCB\" \/>\n<meta property=\"og:description\" content=\"O Col\u00e9gio Militar do Corpo de Bombeiros Escritora Raquel de Queiroz (CMCB) foi criado provisoriamente em fevereiro de 1998, por meio de um conv\u00eanio celebrado entre o Corpo de Bombeiros Militar do Estado do Cear\u00e1 e a Secretaria da Educa\u00e7\u00e3o B\u00e1sica do Cear\u00e1, tendo iniciado suas atividades letivas em 13 de abril do mesmo ano. [&hellip;]\" \/>\n<meta property=\"og:url\" content=\"https:\/\/ww16.ce.gov.br\/cm-cb\/institucional\/o-colegio\/\" \/>\n<meta property=\"og:site_name\" content=\"CMCB\" \/>\n<meta name=\"twitter:card\" content=\"summary_large_image\" \/>\n<meta name=\"twitter:label1\" content=\"Est. reading time\" \/>\n\t<meta name=\"twitter:data1\" content=\"3 minutos\" \/>\n<script type=\"application\/ld+json\" class=\"yoast-schema-graph\">{\"@context\":\"https:\\\/\\\/schema.org\",\"@graph\":[{\"@type\":\"WebPage\",\"@id\":\"https:\\\/\\\/ww16.ce.gov.br\\\/cm-cb\\\/institucional\\\/o-colegio\\\/\",\"url\":\"https:\\\/\\\/ww16.ce.gov.br\\\/cm-cb\\\/institucional\\\/o-colegio\\\/\",\"name\":\"O Col\u00e9gio - CMCB\",\"isPartOf\":{\"@id\":\"https:\\\/\\\/ww16.ce.gov.br\\\/cm-cb\\\/#website\"},\"datePublished\":\"2021-10-25T19:22:24+00:00\",\"breadcrumb\":{\"@id\":\"https:\\\/\\\/ww16.ce.gov.br\\\/cm-cb\\\/institucional\\\/o-colegio\\\/#breadcrumb\"},\"inLanguage\":\"pt-BR\",\"potentialAction\":[{\"@type\":\"ReadAction\",\"target\":[\"https:\\\/\\\/ww16.ce.gov.br\\\/cm-cb\\\/institucional\\\/o-colegio\\\/\"]}]},{\"@type\":\"BreadcrumbList\",\"@id\":\"https:\\\/\\\/ww16.ce.gov.br\\\/cm-cb\\\/institucional\\\/o-colegio\\\/#breadcrumb\",\"itemListElement\":[{\"@type\":\"ListItem\",\"position\":1,\"name\":\"In\u00edcio\",\"item\":\"https:\\\/\\\/ww16.ce.gov.br\\\/cm-cb\\\/\"},{\"@type\":\"ListItem\",\"position\":2,\"name\":\"Institucional\",\"item\":\"https:\\\/\\\/ww16.ce.gov.br\\\/cm-cb\\\/institucional\\\/\"},{\"@type\":\"ListItem\",\"position\":3,\"name\":\"O Col\u00e9gio\"}]},{\"@type\":\"WebSite\",\"@id\":\"https:\\\/\\\/ww16.ce.gov.br\\\/cm-cb\\\/#website\",\"url\":\"https:\\\/\\\/ww16.ce.gov.br\\\/cm-cb\\\/\",\"name\":\"Col\u00e9gio Militar do Corpo de Bombeiros\",\"description\":\"Portal CMCB\",\"publisher\":{\"@id\":\"https:\\\/\\\/ww16.ce.gov.br\\\/cm-cb\\\/#organization\"},\"potentialAction\":[{\"@type\":\"SearchAction\",\"target\":{\"@type\":\"EntryPoint\",\"urlTemplate\":\"https:\\\/\\\/ww16.ce.gov.br\\\/cm-cb\\\/?s={search_term_string}\"},\"query-input\":{\"@type\":\"PropertyValueSpecification\",\"valueRequired\":true,\"valueName\":\"search_term_string\"}}],\"inLanguage\":\"pt-BR\"},{\"@type\":\"Organization\",\"@id\":\"https:\\\/\\\/ww16.ce.gov.br\\\/cm-cb\\\/#organization\",\"name\":\"Col\u00e9gio Militar do Corpo de Bombeiros\",\"url\":\"https:\\\/\\\/ww16.ce.gov.br\\\/cm-cb\\\/\",\"logo\":{\"@type\":\"ImageObject\",\"inLanguage\":\"pt-BR\",\"@id\":\"https:\\\/\\\/ww16.ce.gov.br\\\/cm-cb\\\/#\\\/schema\\\/logo\\\/image\\\/\",\"url\":\"http:\\\/\\\/ww16.ce.gov.br\\\/cm-cb\\\/wp-content\\\/uploads\\\/sites\\\/62\\\/2018\\\/05\\\/cmcb-clara.png\",\"contentUrl\":\"http:\\\/\\\/ww16.ce.gov.br\\\/cm-cb\\\/wp-content\\\/uploads\\\/sites\\\/62\\\/2018\\\/05\\\/cmcb-clara.png\",\"width\":559,\"height\":106,\"caption\":\"Col\u00e9gio Militar do Corpo de Bombeiros\"},\"image\":{\"@id\":\"https:\\\/\\\/ww16.ce.gov.br\\\/cm-cb\\\/#\\\/schema\\\/logo\\\/image\\\/\"}}]}<\/script>\n<!-- \/ Yoast SEO plugin. -->","yoast_head_json":{"title":"O Col\u00e9gio - CMCB","robots":{"index":"index","follow":"follow","max-snippet":"max-snippet:-1","max-image-preview":"max-image-preview:large","max-video-preview":"max-video-preview:-1"},"canonical":"https:\/\/ww16.ce.gov.br\/cm-cb\/institucional\/o-colegio\/","og_locale":"pt_BR","og_type":"article","og_title":"O Col\u00e9gio - CMCB","og_description":"O Col\u00e9gio Militar do Corpo de Bombeiros Escritora Raquel de Queiroz (CMCB) foi criado provisoriamente em fevereiro de 1998, por meio de um conv\u00eanio celebrado entre o Corpo de Bombeiros Militar do Estado do Cear\u00e1 e a Secretaria da Educa\u00e7\u00e3o B\u00e1sica do Cear\u00e1, tendo iniciado suas atividades letivas em 13 de abril do mesmo ano. [&hellip;]","og_url":"https:\/\/ww16.ce.gov.br\/cm-cb\/institucional\/o-colegio\/","og_site_name":"CMCB","twitter_card":"summary_large_image","twitter_misc":{"Est. reading time":"3 minutos"},"schema":{"@context":"https:\/\/schema.org","@graph":[{"@type":"WebPage","@id":"https:\/\/ww16.ce.gov.br\/cm-cb\/institucional\/o-colegio\/","url":"https:\/\/ww16.ce.gov.br\/cm-cb\/institucional\/o-colegio\/","name":"O Col\u00e9gio - CMCB","isPartOf":{"@id":"https:\/\/ww16.ce.gov.br\/cm-cb\/#website"},"datePublished":"2021-10-25T19:22:24+00:00","breadcrumb":{"@id":"https:\/\/ww16.ce.gov.br\/cm-cb\/institucional\/o-colegio\/#breadcrumb"},"inLanguage":"pt-BR","potentialAction":[{"@type":"ReadAction","target":["https:\/\/ww16.ce.gov.br\/cm-cb\/institucional\/o-colegio\/"]}]},{"@type":"BreadcrumbList","@id":"https:\/\/ww16.ce.gov.br\/cm-cb\/institucional\/o-colegio\/#breadcrumb","itemListElement":[{"@type":"ListItem","position":1,"name":"In\u00edcio","item":"https:\/\/ww16.ce.gov.br\/cm-cb\/"},{"@type":"ListItem","position":2,"name":"Institucional","item":"https:\/\/ww16.ce.gov.br\/cm-cb\/institucional\/"},{"@type":"ListItem","position":3,"name":"O Col\u00e9gio"}]},{"@type":"WebSite","@id":"https:\/\/ww16.ce.gov.br\/cm-cb\/#website","url":"https:\/\/ww16.ce.gov.br\/cm-cb\/","name":"Col\u00e9gio Militar do Corpo de Bombeiros","description":"Portal CMCB","publisher":{"@id":"https:\/\/ww16.ce.gov.br\/cm-cb\/#organization"},"potentialAction":[{"@type":"SearchAction","target":{"@type":"EntryPoint","urlTemplate":"https:\/\/ww16.ce.gov.br\/cm-cb\/?s={search_term_string}"},"query-input":{"@type":"PropertyValueSpecification","valueRequired":true,"valueName":"search_term_string"}}],"inLanguage":"pt-BR"},{"@type":"Organization","@id":"https:\/\/ww16.ce.gov.br\/cm-cb\/#organization","name":"Col\u00e9gio Militar do Corpo de Bombeiros","url":"https:\/\/ww16.ce.gov.br\/cm-cb\/","logo":{"@type":"ImageObject","inLanguage":"pt-BR","@id":"https:\/\/ww16.ce.gov.br\/cm-cb\/#\/schema\/logo\/image\/","url":"http:\/\/ww16.ce.gov.br\/cm-cb\/wp-content\/uploads\/sites\/62\/2018\/05\/cmcb-clara.png","contentUrl":"http:\/\/ww16.ce.gov.br\/cm-cb\/wp-content\/uploads\/sites\/62\/2018\/05\/cmcb-clara.png","width":559,"height":106,"caption":"Col\u00e9gio Militar do Corpo de Bombeiros"},"image":{"@id":"https:\/\/ww16.ce.gov.br\/cm-cb\/#\/schema\/logo\/image\/"}}]}},"_links":{"self":[{"href":"https:\/\/www.ce.gov.br\/cm-cb\/wp-json\/wp\/v2\/pages\/3563","targetHints":{"allow":["GET"]}}],"collection":[{"href":"https:\/\/www.ce.gov.br\/cm-cb\/wp-json\/wp\/v2\/pages"}],"about":[{"href":"https:\/\/www.ce.gov.br\/cm-cb\/wp-json\/wp\/v2\/types\/page"}],"author":[{"embeddable":true,"href":"https:\/\/www.ce.gov.br\/cm-cb\/wp-json\/wp\/v2\/users\/220"}],"replies":[{"embeddable":true,"href":"https:\/\/www.ce.gov.br\/cm-cb\/wp-json\/wp\/v2\/comments?post=3563"}],"version-history":[{"count":1,"href":"https:\/\/www.ce.gov.br\/cm-cb\/wp-json\/wp\/v2\/pages\/3563\/revisions"}],"predecessor-version":[{"id":3564,"href":"https:\/\/www.ce.gov.br\/cm-cb\/wp-json\/wp\/v2\/pages\/3563\/revisions\/3564"}],"up":[{"embeddable":true,"href":"https:\/\/www.ce.gov.br\/cm-cb\/wp-json\/wp\/v2\/pages\/52"}],"wp:attachment":[{"href":"https:\/\/www.ce.gov.br\/cm-cb\/wp-json\/wp\/v2\/media?parent=3563"}],"curies":[{"name":"wp","href":"https:\/\/api.w.org\/{rel}","templated":true}]}}