{"id":3567,"date":"2021-10-25T22:07:22","date_gmt":"2021-10-26T01:07:22","guid":{"rendered":"http:\/\/ww16.ce.gov.br\/cm-cb\/?page_id=3567"},"modified":"2026-02-25T15:02:34","modified_gmt":"2026-02-25T18:02:34","slug":"fale-com-a-escola","status":"publish","type":"page","link":"https:\/\/www.ce.gov.br\/cm-cb\/fale-com-a-escola\/","title":{"rendered":"Fale com o CMCB"},"content":{"rendered":"\n<hr class=\"wp-block-separator has-text-color has-vivid-green-cyan-color has-alpha-channel-opacity has-vivid-green-cyan-background-color has-background\" \/>\n\n\n<section class=\"cmcb-contatos\">\n<h2>Quer falar com o Col\u00e9gio Militar do Corpo de Bombeiros Escritora Rachel de Queiroz (CMCB)?<\/h2>\n<p>Aqui tem o contato direto do respons\u00e1vel de cada setor do CMCB. Basta mandar um e-mail ou ligar.<\/p>\n<p><span style=\"font-family: OpenSans-Semibold, Helvetica, Arial, sans-serif;font-size: 1.75rem;letter-spacing: 0px\">Comandante \/ Diretor<\/span><\/p>\n<div class=\"cmcb-grid\">\n<article class=\"cmcb-item\">\n<p><strong>TC QOBM Joilton Moura de Menezes<\/strong><br \/>E-mail: <a href=\"mailto:joilton.menezes@cm.cb.ce.gov.br\">joilton.menezes@cm.cb.ce.gov.br<\/a><\/p>\n<\/article>\n<article class=\"cmcb-item\">\n<h3>Dire\u00e7\u00e3o Pedag\u00f3gica<\/h3>\n<p><strong>CAP QOABM Jos\u00e9 Dan\u00fabio Paiva Ribeiro<\/strong><br \/>E-mail: <a href=\"mailto:danubio@cm.cb.ce.gov.br\">danubio@cm.cb.ce.gov.br<\/a> &#8211; Tel.: <a href=\"tel:+558531259972\">+55 (85) 3125-9972<\/a><\/p>\n<\/article>\n<article class=\"cmcb-item\">\n<h3>Coordena\u00e7\u00e3o Fundamental<\/h3>\n<p><strong>CAP QOABM Reginaldo de Ara\u00fajo Laurentino<\/strong><br \/>E-mail: <a href=\"mailto:reginaldo@cm.cb.ce.gov.br\">reginaldo@cm.cb.ce.gov.br<\/a> &#8211; Tel.: <a href=\"tel:+558531259972\">+55 (85) 3125-9972 &#8211; <\/a><a href=\"tel:+558531259972\">+55 (85) 9 9974-9754<\/a><\/p>\n<\/article>\n<article class=\"cmcb-item\">\n<h3>Corpo de Alunos<\/h3>\n<p><strong>CAP QOABM Cosmo Silva<\/strong><br \/>E-mail: <a href=\"mailto:cosmo@cm.cb.ce.gov.br\">cosmo@cm.cb.ce.gov.br &#8211;\u00a0<\/a>Tel.: <a href=\"tel:+558531259973\">+55 (85) 3125-9973<\/a><\/p>\n<\/article>\n<article class=\"cmcb-item\">\n<h3>Secretaria Escolar<\/h3>\n<p><strong>Zanoni do Amaral Santos<\/strong><br \/>E-mail: <a href=\"mailto:zanoni@cm.cb.ce.gov.br\">zanoni@cm.cb.ce.gov.br &#8211;\u00a0<\/a>Tel.: <a href=\"tel:+558531259970\">+55 (85) 3125-9970<\/a><\/p>\n<\/article>\n<article class=\"cmcb-item\">\n<h3>Comunica\u00e7\u00e3o<\/h3>\n<p><strong>CAP QOABM Francisco Eduardo Fideles Dutra<\/strong><br \/>E-mail: <a href=\"mailto:dutra@cm.cb.ce.gov.br\">dutra@cm.cb.ce.gov.br<\/a><\/p>\n<p style=\"text-align: center\">\u00a0<\/p>\n<\/article>\n<\/div>\n<\/section>\n\n\n<figure class=\"wp-block-image size-full\"><img loading=\"lazy\" decoding=\"async\" width=\"1102\" height=\"266\" src=\"https:\/\/ww16.ce.gov.br\/cm-cb\/wp-content\/uploads\/sites\/45\/2024\/11\/Rodape-CMCB.jpeg\" alt=\"Col\u00e9gio Militar do Corpo de Bombeiros Escritora Rachel de Queiroz (CMCB)\" class=\"wp-image-5778\" srcset=\"https:\/\/www.ce.gov.br\/cm-cb\/wp-content\/uploads\/sites\/45\/2024\/11\/Rodape-CMCB.jpeg 1102w, https:\/\/www.ce.gov.br\/cm-cb\/wp-content\/uploads\/sites\/45\/2024\/11\/Rodape-CMCB-600x145.jpeg 600w, https:\/\/www.ce.gov.br\/cm-cb\/wp-content\/uploads\/sites\/45\/2024\/11\/Rodape-CMCB-768x185.jpeg 768w\" sizes=\"auto, (max-width: 1102px) 100vw, 1102px\" \/><\/figure>\n","protected":false},"excerpt":{"rendered":"<p>Quer falar com o Col\u00e9gio Militar do Corpo de Bombeiros Escritora Rachel de Queiroz (CMCB)? Aqui tem o contato direto do respons\u00e1vel de cada setor do CMCB. Basta mandar um e-mail ou ligar. Comandante \/ Diretor TC QOBM Joilton Moura de MenezesE-mail: joilton.menezes@cm.cb.ce.gov.br Dire\u00e7\u00e3o Pedag\u00f3gica CAP QOABM Jos\u00e9 Dan\u00fabio Paiva RibeiroE-mail: danubio@cm.cb.ce.gov.br &#8211; Tel.: +55 [&hellip;]<\/p>\n","protected":false},"author":220,"featured_media":0,"parent":0,"menu_order":0,"comment_status":"closed","ping_status":"closed","template":"","meta":{"_acf_changed":false,"inline_featured_image":false,"footnotes":""},"class_list":["post-3567","page","type-page","status-publish","hentry"],"acf":[],"yoast_head":"<!-- This site is optimized with the Yoast SEO plugin v27.3 - https:\/\/yoast.com\/product\/yoast-seo-wordpress\/ -->\n<title>Fale com a Escola<\/title>\n<meta name=\"description\" content=\"O espa\u00e7o &quot;Fale com o CMCB&quot; disponibiliza os contatos da dire\u00e7\u00e3o e dos principais setores do Col\u00e9gio Militar do Corpo de Bombeiros.\" \/>\n<meta name=\"robots\" content=\"index, follow, max-snippet:-1, max-image-preview:large, max-video-preview:-1\" \/>\n<link rel=\"canonical\" href=\"https:\/\/ww16.ce.gov.br\/cm-cb\/fale-com-a-escola\/\" \/>\n<meta property=\"og:locale\" content=\"pt_BR\" \/>\n<meta property=\"og:type\" content=\"article\" \/>\n<meta property=\"og:title\" content=\"Fale com a Escola\" \/>\n<meta property=\"og:description\" content=\"O espa\u00e7o &quot;Fale com o CMCB&quot; disponibiliza os contatos da dire\u00e7\u00e3o e dos principais setores do Col\u00e9gio Militar do Corpo de Bombeiros.\" \/>\n<meta property=\"og:url\" content=\"https:\/\/ww16.ce.gov.br\/cm-cb\/fale-com-a-escola\/\" \/>\n<meta property=\"og:site_name\" content=\"CMCB\" \/>\n<meta property=\"article:modified_time\" content=\"2026-02-25T18:02:34+00:00\" \/>\n<meta property=\"og:image\" content=\"http:\/\/ww16.ce.gov.br\/cm-cb\/wp-content\/uploads\/sites\/45\/2024\/11\/Rodape-CMCB.jpeg\" \/>\n<meta name=\"twitter:card\" content=\"summary_large_image\" \/>\n<meta name=\"twitter:label1\" content=\"Est. reading time\" \/>\n\t<meta name=\"twitter:data1\" content=\"1 minuto\" \/>\n<script type=\"application\/ld+json\" class=\"yoast-schema-graph\">{\"@context\":\"https:\\\/\\\/schema.org\",\"@graph\":[{\"@type\":\"WebPage\",\"@id\":\"https:\\\/\\\/ww16.ce.gov.br\\\/cm-cb\\\/fale-com-a-escola\\\/\",\"url\":\"https:\\\/\\\/ww16.ce.gov.br\\\/cm-cb\\\/fale-com-a-escola\\\/\",\"name\":\"Fale com a Escola\",\"isPartOf\":{\"@id\":\"https:\\\/\\\/ww16.ce.gov.br\\\/cm-cb\\\/#website\"},\"primaryImageOfPage\":{\"@id\":\"https:\\\/\\\/ww16.ce.gov.br\\\/cm-cb\\\/fale-com-a-escola\\\/#primaryimage\"},\"image\":{\"@id\":\"https:\\\/\\\/ww16.ce.gov.br\\\/cm-cb\\\/fale-com-a-escola\\\/#primaryimage\"},\"thumbnailUrl\":\"http:\\\/\\\/ww16.ce.gov.br\\\/cm-cb\\\/wp-content\\\/uploads\\\/sites\\\/45\\\/2024\\\/11\\\/Rodape-CMCB.jpeg\",\"datePublished\":\"2021-10-26T01:07:22+00:00\",\"dateModified\":\"2026-02-25T18:02:34+00:00\",\"description\":\"O espa\u00e7o \\\"Fale com o CMCB\\\" disponibiliza os contatos da dire\u00e7\u00e3o e dos principais setores do Col\u00e9gio Militar do Corpo de Bombeiros.\",\"breadcrumb\":{\"@id\":\"https:\\\/\\\/ww16.ce.gov.br\\\/cm-cb\\\/fale-com-a-escola\\\/#breadcrumb\"},\"inLanguage\":\"pt-BR\",\"potentialAction\":[{\"@type\":\"ReadAction\",\"target\":[\"https:\\\/\\\/ww16.ce.gov.br\\\/cm-cb\\\/fale-com-a-escola\\\/\"]}]},{\"@type\":\"ImageObject\",\"inLanguage\":\"pt-BR\",\"@id\":\"https:\\\/\\\/ww16.ce.gov.br\\\/cm-cb\\\/fale-com-a-escola\\\/#primaryimage\",\"url\":\"http:\\\/\\\/ww16.ce.gov.br\\\/cm-cb\\\/wp-content\\\/uploads\\\/sites\\\/45\\\/2024\\\/11\\\/Rodape-CMCB.jpeg\",\"contentUrl\":\"http:\\\/\\\/ww16.ce.gov.br\\\/cm-cb\\\/wp-content\\\/uploads\\\/sites\\\/45\\\/2024\\\/11\\\/Rodape-CMCB.jpeg\"},{\"@type\":\"BreadcrumbList\",\"@id\":\"https:\\\/\\\/ww16.ce.gov.br\\\/cm-cb\\\/fale-com-a-escola\\\/#breadcrumb\",\"itemListElement\":[{\"@type\":\"ListItem\",\"position\":1,\"name\":\"In\u00edcio\",\"item\":\"https:\\\/\\\/ww16.ce.gov.br\\\/cm-cb\\\/\"},{\"@type\":\"ListItem\",\"position\":2,\"name\":\"Fale com o CMCB\"}]},{\"@type\":\"WebSite\",\"@id\":\"https:\\\/\\\/ww16.ce.gov.br\\\/cm-cb\\\/#website\",\"url\":\"https:\\\/\\\/ww16.ce.gov.br\\\/cm-cb\\\/\",\"name\":\"Col\u00e9gio Militar do Corpo de Bombeiros\",\"description\":\"Portal CMCB\",\"publisher\":{\"@id\":\"https:\\\/\\\/ww16.ce.gov.br\\\/cm-cb\\\/#organization\"},\"potentialAction\":[{\"@type\":\"SearchAction\",\"target\":{\"@type\":\"EntryPoint\",\"urlTemplate\":\"https:\\\/\\\/ww16.ce.gov.br\\\/cm-cb\\\/?s={search_term_string}\"},\"query-input\":{\"@type\":\"PropertyValueSpecification\",\"valueRequired\":true,\"valueName\":\"search_term_string\"}}],\"inLanguage\":\"pt-BR\"},{\"@type\":\"Organization\",\"@id\":\"https:\\\/\\\/ww16.ce.gov.br\\\/cm-cb\\\/#organization\",\"name\":\"Col\u00e9gio Militar do Corpo de Bombeiros\",\"url\":\"https:\\\/\\\/ww16.ce.gov.br\\\/cm-cb\\\/\",\"logo\":{\"@type\":\"ImageObject\",\"inLanguage\":\"pt-BR\",\"@id\":\"https:\\\/\\\/ww16.ce.gov.br\\\/cm-cb\\\/#\\\/schema\\\/logo\\\/image\\\/\",\"url\":\"http:\\\/\\\/ww16.ce.gov.br\\\/cm-cb\\\/wp-content\\\/uploads\\\/sites\\\/62\\\/2018\\\/05\\\/cmcb-clara.png\",\"contentUrl\":\"http:\\\/\\\/ww16.ce.gov.br\\\/cm-cb\\\/wp-content\\\/uploads\\\/sites\\\/62\\\/2018\\\/05\\\/cmcb-clara.png\",\"width\":559,\"height\":106,\"caption\":\"Col\u00e9gio Militar do Corpo de Bombeiros\"},\"image\":{\"@id\":\"https:\\\/\\\/ww16.ce.gov.br\\\/cm-cb\\\/#\\\/schema\\\/logo\\\/image\\\/\"}}]}<\/script>\n<!-- \/ Yoast SEO plugin. -->","yoast_head_json":{"title":"Fale com a Escola","description":"O espa\u00e7o \"Fale com o CMCB\" disponibiliza os contatos da dire\u00e7\u00e3o e dos principais setores do Col\u00e9gio Militar do Corpo de Bombeiros.","robots":{"index":"index","follow":"follow","max-snippet":"max-snippet:-1","max-image-preview":"max-image-preview:large","max-video-preview":"max-video-preview:-1"},"canonical":"https:\/\/ww16.ce.gov.br\/cm-cb\/fale-com-a-escola\/","og_locale":"pt_BR","og_type":"article","og_title":"Fale com a Escola","og_description":"O espa\u00e7o \"Fale com o CMCB\" disponibiliza os contatos da dire\u00e7\u00e3o e dos principais setores do Col\u00e9gio Militar do Corpo de Bombeiros.","og_url":"https:\/\/ww16.ce.gov.br\/cm-cb\/fale-com-a-escola\/","og_site_name":"CMCB","article_modified_time":"2026-02-25T18:02:34+00:00","og_image":[{"url":"http:\/\/ww16.ce.gov.br\/cm-cb\/wp-content\/uploads\/sites\/45\/2024\/11\/Rodape-CMCB.jpeg","type":"","width":"","height":""}],"twitter_card":"summary_large_image","twitter_misc":{"Est. reading time":"1 minuto"},"schema":{"@context":"https:\/\/schema.org","@graph":[{"@type":"WebPage","@id":"https:\/\/ww16.ce.gov.br\/cm-cb\/fale-com-a-escola\/","url":"https:\/\/ww16.ce.gov.br\/cm-cb\/fale-com-a-escola\/","name":"Fale com a Escola","isPartOf":{"@id":"https:\/\/ww16.ce.gov.br\/cm-cb\/#website"},"primaryImageOfPage":{"@id":"https:\/\/ww16.ce.gov.br\/cm-cb\/fale-com-a-escola\/#primaryimage"},"image":{"@id":"https:\/\/ww16.ce.gov.br\/cm-cb\/fale-com-a-escola\/#primaryimage"},"thumbnailUrl":"http:\/\/ww16.ce.gov.br\/cm-cb\/wp-content\/uploads\/sites\/45\/2024\/11\/Rodape-CMCB.jpeg","datePublished":"2021-10-26T01:07:22+00:00","dateModified":"2026-02-25T18:02:34+00:00","description":"O espa\u00e7o \"Fale com o CMCB\" disponibiliza os contatos da dire\u00e7\u00e3o e dos principais setores do Col\u00e9gio Militar do Corpo de Bombeiros.","breadcrumb":{"@id":"https:\/\/ww16.ce.gov.br\/cm-cb\/fale-com-a-escola\/#breadcrumb"},"inLanguage":"pt-BR","potentialAction":[{"@type":"ReadAction","target":["https:\/\/ww16.ce.gov.br\/cm-cb\/fale-com-a-escola\/"]}]},{"@type":"ImageObject","inLanguage":"pt-BR","@id":"https:\/\/ww16.ce.gov.br\/cm-cb\/fale-com-a-escola\/#primaryimage","url":"http:\/\/ww16.ce.gov.br\/cm-cb\/wp-content\/uploads\/sites\/45\/2024\/11\/Rodape-CMCB.jpeg","contentUrl":"http:\/\/ww16.ce.gov.br\/cm-cb\/wp-content\/uploads\/sites\/45\/2024\/11\/Rodape-CMCB.jpeg"},{"@type":"BreadcrumbList","@id":"https:\/\/ww16.ce.gov.br\/cm-cb\/fale-com-a-escola\/#breadcrumb","itemListElement":[{"@type":"ListItem","position":1,"name":"In\u00edcio","item":"https:\/\/ww16.ce.gov.br\/cm-cb\/"},{"@type":"ListItem","position":2,"name":"Fale com o CMCB"}]},{"@type":"WebSite","@id":"https:\/\/ww16.ce.gov.br\/cm-cb\/#website","url":"https:\/\/ww16.ce.gov.br\/cm-cb\/","name":"Col\u00e9gio Militar do Corpo de Bombeiros","description":"Portal CMCB","publisher":{"@id":"https:\/\/ww16.ce.gov.br\/cm-cb\/#organization"},"potentialAction":[{"@type":"SearchAction","target":{"@type":"EntryPoint","urlTemplate":"https:\/\/ww16.ce.gov.br\/cm-cb\/?s={search_term_string}"},"query-input":{"@type":"PropertyValueSpecification","valueRequired":true,"valueName":"search_term_string"}}],"inLanguage":"pt-BR"},{"@type":"Organization","@id":"https:\/\/ww16.ce.gov.br\/cm-cb\/#organization","name":"Col\u00e9gio Militar do Corpo de Bombeiros","url":"https:\/\/ww16.ce.gov.br\/cm-cb\/","logo":{"@type":"ImageObject","inLanguage":"pt-BR","@id":"https:\/\/ww16.ce.gov.br\/cm-cb\/#\/schema\/logo\/image\/","url":"http:\/\/ww16.ce.gov.br\/cm-cb\/wp-content\/uploads\/sites\/62\/2018\/05\/cmcb-clara.png","contentUrl":"http:\/\/ww16.ce.gov.br\/cm-cb\/wp-content\/uploads\/sites\/62\/2018\/05\/cmcb-clara.png","width":559,"height":106,"caption":"Col\u00e9gio Militar do Corpo de Bombeiros"},"image":{"@id":"https:\/\/ww16.ce.gov.br\/cm-cb\/#\/schema\/logo\/image\/"}}]}},"_links":{"self":[{"href":"https:\/\/www.ce.gov.br\/cm-cb\/wp-json\/wp\/v2\/pages\/3567","targetHints":{"allow":["GET"]}}],"collection":[{"href":"https:\/\/www.ce.gov.br\/cm-cb\/wp-json\/wp\/v2\/pages"}],"about":[{"href":"https:\/\/www.ce.gov.br\/cm-cb\/wp-json\/wp\/v2\/types\/page"}],"author":[{"embeddable":true,"href":"https:\/\/www.ce.gov.br\/cm-cb\/wp-json\/wp\/v2\/users\/220"}],"replies":[{"embeddable":true,"href":"https:\/\/www.ce.gov.br\/cm-cb\/wp-json\/wp\/v2\/comments?post=3567"}],"version-history":[{"count":66,"href":"https:\/\/www.ce.gov.br\/cm-cb\/wp-json\/wp\/v2\/pages\/3567\/revisions"}],"predecessor-version":[{"id":7170,"href":"https:\/\/www.ce.gov.br\/cm-cb\/wp-json\/wp\/v2\/pages\/3567\/revisions\/7170"}],"wp:attachment":[{"href":"https:\/\/www.ce.gov.br\/cm-cb\/wp-json\/wp\/v2\/media?parent=3567"}],"curies":[{"name":"wp","href":"https:\/\/api.w.org\/{rel}","templated":true}]}}