{"id":3574,"date":"2021-10-26T09:00:13","date_gmt":"2021-10-26T12:00:13","guid":{"rendered":"http:\/\/ww16.ce.gov.br\/cm-cb\/?page_id=3574"},"modified":"2024-11-08T11:20:05","modified_gmt":"2024-11-08T14:20:05","slug":"o-cmcb","status":"publish","type":"page","link":"https:\/\/www.ce.gov.br\/cm-cb\/home\/o-cmcb\/","title":{"rendered":"Col\u00e9gio Militar do Corpo de Bombeiros Escritora Rachel de Queiroz (CMCB)"},"content":{"rendered":"<p style=\"text-align: center\"><img loading=\"lazy\" decoding=\"async\" class=\"alignnone wp-image-5780\" src=\"https:\/\/ww16.ce.gov.br\/cm-cb\/wp-content\/uploads\/sites\/45\/2024\/11\/WhatsApp-Image-2019-06-20-at-15.07.35-600x400.jpeg\" alt=\"Col\u00e9gio Militar do Corpo de Bombeiros Escritora Rachel de Queiroz (CMCB)\" width=\"902\" height=\"601\" srcset=\"https:\/\/www.ce.gov.br\/cm-cb\/wp-content\/uploads\/sites\/45\/2024\/11\/WhatsApp-Image-2019-06-20-at-15.07.35-600x400.jpeg 600w, https:\/\/www.ce.gov.br\/cm-cb\/wp-content\/uploads\/sites\/45\/2024\/11\/WhatsApp-Image-2019-06-20-at-15.07.35-1200x800.jpeg 1200w, https:\/\/www.ce.gov.br\/cm-cb\/wp-content\/uploads\/sites\/45\/2024\/11\/WhatsApp-Image-2019-06-20-at-15.07.35-768x512.jpeg 768w, https:\/\/www.ce.gov.br\/cm-cb\/wp-content\/uploads\/sites\/45\/2024\/11\/WhatsApp-Image-2019-06-20-at-15.07.35.jpeg 1225w\" sizes=\"auto, (max-width: 902px) 100vw, 902px\" \/><\/p>\n<p style=\"text-align: justify\">Inicialmente, o Col\u00e9gio Militar do Corpo de Bombeiros Escritora Raquel de Queiroz (CMCB) foi fundado em 1998 no Cear\u00e1. Posteriormente, a institui\u00e7\u00e3o foi incorporada \u00e0 rede estadual de ensino em 2000, devido ao seu sucesso inicial. Atualmente, o CMCB \u00e9 dirigido pelo coronel Francisco Albert Einstein Lima Arruda, contando com uma equipe diversificada de profissionais.<\/p>\n<p style=\"text-align: justify\">Estruturalmente, a escola possui 26 salas de aula, audit\u00f3rios, laborat\u00f3rios e instala\u00e7\u00f5es esportivas, incluindo piscinas e quadras poliesportivas. Al\u00e9m disso, o col\u00e9gio oferece uma forma\u00e7\u00e3o abrangente, do ensino fundamental ao m\u00e9dio, nos turnos da manh\u00e3 e tarde. Adicionalmente, o CMCB disponibiliza o programa EJA no per\u00edodo noturno para alunos fora da faixa et\u00e1ria regular.<\/p>\n<p style=\"text-align: justify\">Em resumo, o corpo discente \u00e9 composto por 946 alunos, enquanto o corpo docente conta com 90 professores, entre civis e militares. Fundamentalmente, o CMCB visa formar cidad\u00e3os \u00e9ticos, participativos e empreendedores, preparados para contribuir com a sociedade. Consequentemente, a institui\u00e7\u00e3o tem se destacado nos indicadores educacionais brasileiros, comprovando sua excel\u00eancia no ensino.<\/p>\n<p style=\"text-align: justify\">Finalmente, o CMCB se destaca por sua capacidade de enfrentar desafios e formar cidad\u00e3os comprometidos com o bem-estar da na\u00e7\u00e3o.<\/p>\n<p style=\"text-align: center\"><img loading=\"lazy\" decoding=\"async\" class=\"alignnone wp-image-5778\" src=\"https:\/\/ww16.ce.gov.br\/cm-cb\/wp-content\/uploads\/sites\/45\/2024\/11\/Rodape-CMCB-600x145.jpeg\" alt=\"Col\u00e9gio Militar do Corpo de Bombeiros Escritora Rachel de Queiroz (CMCB)\" width=\"902\" height=\"218\" srcset=\"https:\/\/www.ce.gov.br\/cm-cb\/wp-content\/uploads\/sites\/45\/2024\/11\/Rodape-CMCB-600x145.jpeg 600w, https:\/\/www.ce.gov.br\/cm-cb\/wp-content\/uploads\/sites\/45\/2024\/11\/Rodape-CMCB-768x185.jpeg 768w, https:\/\/www.ce.gov.br\/cm-cb\/wp-content\/uploads\/sites\/45\/2024\/11\/Rodape-CMCB.jpeg 1102w\" sizes=\"auto, (max-width: 902px) 100vw, 902px\" \/><\/p>\n<p style=\"text-align: justify\">\n","protected":false},"excerpt":{"rendered":"<p>Inicialmente, o Col\u00e9gio Militar do Corpo de Bombeiros Escritora Raquel de Queiroz (CMCB) foi fundado em 1998 no Cear\u00e1. Posteriormente, a institui\u00e7\u00e3o foi incorporada \u00e0 rede estadual de ensino em 2000, devido ao seu sucesso inicial. Atualmente, o CMCB \u00e9 dirigido pelo coronel Francisco Albert Einstein Lima Arruda, contando com uma equipe diversificada de profissionais. [&hellip;]<\/p>\n","protected":false},"author":220,"featured_media":5780,"parent":121,"menu_order":0,"comment_status":"closed","ping_status":"closed","template":"","meta":{"_acf_changed":false,"inline_featured_image":false,"footnotes":""},"class_list":["post-3574","page","type-page","status-publish","has-post-thumbnail","hentry"],"acf":[],"yoast_head":"<!-- This site is optimized with the Yoast SEO plugin v27.3 - https:\/\/yoast.com\/product\/yoast-seo-wordpress\/ -->\n<title>O CMCB<\/title>\n<meta name=\"description\" content=\"O Col\u00e9gio Militar do Corpo de Bombeiros Escritora Rachel de Queiroz (CMCB). Corpo de Bombeiros Militar do Estado do Cear\u00e1 (CBMCE).\" \/>\n<meta name=\"robots\" content=\"index, follow, max-snippet:-1, max-image-preview:large, max-video-preview:-1\" \/>\n<link rel=\"canonical\" href=\"https:\/\/ww16.ce.gov.br\/cm-cb\/home\/o-cmcb\/\" \/>\n<meta property=\"og:locale\" content=\"pt_BR\" \/>\n<meta property=\"og:type\" content=\"article\" \/>\n<meta property=\"og:title\" content=\"O CMCB\" \/>\n<meta property=\"og:description\" content=\"O Col\u00e9gio Militar do Corpo de Bombeiros Escritora Rachel de Queiroz (CMCB). Corpo de Bombeiros Militar do Estado do Cear\u00e1 (CBMCE).\" \/>\n<meta property=\"og:url\" content=\"https:\/\/ww16.ce.gov.br\/cm-cb\/home\/o-cmcb\/\" \/>\n<meta property=\"og:site_name\" content=\"CMCB\" \/>\n<meta property=\"article:modified_time\" content=\"2024-11-08T14:20:05+00:00\" \/>\n<meta property=\"og:image\" content=\"https:\/\/ww16.ce.gov.br\/cm-cb\/wp-content\/uploads\/sites\/45\/2024\/11\/WhatsApp-Image-2019-06-20-at-15.07.35.jpeg\" \/>\n\t<meta property=\"og:image:width\" content=\"1225\" \/>\n\t<meta property=\"og:image:height\" content=\"817\" \/>\n\t<meta property=\"og:image:type\" content=\"image\/jpeg\" \/>\n<meta name=\"twitter:card\" content=\"summary_large_image\" \/>\n<meta name=\"twitter:label1\" content=\"Est. reading time\" \/>\n\t<meta name=\"twitter:data1\" content=\"2 minutos\" \/>\n<script type=\"application\/ld+json\" class=\"yoast-schema-graph\">{\"@context\":\"https:\\\/\\\/schema.org\",\"@graph\":[{\"@type\":\"WebPage\",\"@id\":\"https:\\\/\\\/ww16.ce.gov.br\\\/cm-cb\\\/home\\\/o-cmcb\\\/\",\"url\":\"https:\\\/\\\/ww16.ce.gov.br\\\/cm-cb\\\/home\\\/o-cmcb\\\/\",\"name\":\"O CMCB\",\"isPartOf\":{\"@id\":\"https:\\\/\\\/ww16.ce.gov.br\\\/cm-cb\\\/#website\"},\"primaryImageOfPage\":{\"@id\":\"https:\\\/\\\/ww16.ce.gov.br\\\/cm-cb\\\/home\\\/o-cmcb\\\/#primaryimage\"},\"image\":{\"@id\":\"https:\\\/\\\/ww16.ce.gov.br\\\/cm-cb\\\/home\\\/o-cmcb\\\/#primaryimage\"},\"thumbnailUrl\":\"https:\\\/\\\/www.ce.gov.br\\\/cm-cb\\\/wp-content\\\/uploads\\\/sites\\\/45\\\/2024\\\/11\\\/WhatsApp-Image-2019-06-20-at-15.07.35.jpeg\",\"datePublished\":\"2021-10-26T12:00:13+00:00\",\"dateModified\":\"2024-11-08T14:20:05+00:00\",\"description\":\"O Col\u00e9gio Militar do Corpo de Bombeiros Escritora Rachel de Queiroz (CMCB). Corpo de Bombeiros Militar do Estado do Cear\u00e1 (CBMCE).\",\"breadcrumb\":{\"@id\":\"https:\\\/\\\/ww16.ce.gov.br\\\/cm-cb\\\/home\\\/o-cmcb\\\/#breadcrumb\"},\"inLanguage\":\"pt-BR\",\"potentialAction\":[{\"@type\":\"ReadAction\",\"target\":[\"https:\\\/\\\/ww16.ce.gov.br\\\/cm-cb\\\/home\\\/o-cmcb\\\/\"]}]},{\"@type\":\"ImageObject\",\"inLanguage\":\"pt-BR\",\"@id\":\"https:\\\/\\\/ww16.ce.gov.br\\\/cm-cb\\\/home\\\/o-cmcb\\\/#primaryimage\",\"url\":\"https:\\\/\\\/www.ce.gov.br\\\/cm-cb\\\/wp-content\\\/uploads\\\/sites\\\/45\\\/2024\\\/11\\\/WhatsApp-Image-2019-06-20-at-15.07.35.jpeg\",\"contentUrl\":\"https:\\\/\\\/www.ce.gov.br\\\/cm-cb\\\/wp-content\\\/uploads\\\/sites\\\/45\\\/2024\\\/11\\\/WhatsApp-Image-2019-06-20-at-15.07.35.jpeg\",\"width\":1225,\"height\":817,\"caption\":\"Col\u00e9gio Militar do Corpo de Bombeiros Escritora Rachel de Queiroz (CMCB)\"},{\"@type\":\"BreadcrumbList\",\"@id\":\"https:\\\/\\\/ww16.ce.gov.br\\\/cm-cb\\\/home\\\/o-cmcb\\\/#breadcrumb\",\"itemListElement\":[{\"@type\":\"ListItem\",\"position\":1,\"name\":\"In\u00edcio\",\"item\":\"https:\\\/\\\/ww16.ce.gov.br\\\/cm-cb\\\/\"},{\"@type\":\"ListItem\",\"position\":2,\"name\":\"P\u00e1gina inicial\",\"item\":\"https:\\\/\\\/ww16.ce.gov.br\\\/cm-cb\\\/\"},{\"@type\":\"ListItem\",\"position\":3,\"name\":\"Col\u00e9gio Militar do Corpo de Bombeiros Escritora Rachel de Queiroz (CMCB)\"}]},{\"@type\":\"WebSite\",\"@id\":\"https:\\\/\\\/ww16.ce.gov.br\\\/cm-cb\\\/#website\",\"url\":\"https:\\\/\\\/ww16.ce.gov.br\\\/cm-cb\\\/\",\"name\":\"Col\u00e9gio Militar do Corpo de Bombeiros\",\"description\":\"Portal CMCB\",\"publisher\":{\"@id\":\"https:\\\/\\\/ww16.ce.gov.br\\\/cm-cb\\\/#organization\"},\"potentialAction\":[{\"@type\":\"SearchAction\",\"target\":{\"@type\":\"EntryPoint\",\"urlTemplate\":\"https:\\\/\\\/ww16.ce.gov.br\\\/cm-cb\\\/?s={search_term_string}\"},\"query-input\":{\"@type\":\"PropertyValueSpecification\",\"valueRequired\":true,\"valueName\":\"search_term_string\"}}],\"inLanguage\":\"pt-BR\"},{\"@type\":\"Organization\",\"@id\":\"https:\\\/\\\/ww16.ce.gov.br\\\/cm-cb\\\/#organization\",\"name\":\"Col\u00e9gio Militar do Corpo de Bombeiros\",\"url\":\"https:\\\/\\\/ww16.ce.gov.br\\\/cm-cb\\\/\",\"logo\":{\"@type\":\"ImageObject\",\"inLanguage\":\"pt-BR\",\"@id\":\"https:\\\/\\\/ww16.ce.gov.br\\\/cm-cb\\\/#\\\/schema\\\/logo\\\/image\\\/\",\"url\":\"http:\\\/\\\/ww16.ce.gov.br\\\/cm-cb\\\/wp-content\\\/uploads\\\/sites\\\/62\\\/2018\\\/05\\\/cmcb-clara.png\",\"contentUrl\":\"http:\\\/\\\/ww16.ce.gov.br\\\/cm-cb\\\/wp-content\\\/uploads\\\/sites\\\/62\\\/2018\\\/05\\\/cmcb-clara.png\",\"width\":559,\"height\":106,\"caption\":\"Col\u00e9gio Militar do Corpo de Bombeiros\"},\"image\":{\"@id\":\"https:\\\/\\\/ww16.ce.gov.br\\\/cm-cb\\\/#\\\/schema\\\/logo\\\/image\\\/\"}}]}<\/script>\n<!-- \/ Yoast SEO plugin. -->","yoast_head_json":{"title":"O CMCB","description":"O Col\u00e9gio Militar do Corpo de Bombeiros Escritora Rachel de Queiroz (CMCB). Corpo de Bombeiros Militar do Estado do Cear\u00e1 (CBMCE).","robots":{"index":"index","follow":"follow","max-snippet":"max-snippet:-1","max-image-preview":"max-image-preview:large","max-video-preview":"max-video-preview:-1"},"canonical":"https:\/\/ww16.ce.gov.br\/cm-cb\/home\/o-cmcb\/","og_locale":"pt_BR","og_type":"article","og_title":"O CMCB","og_description":"O Col\u00e9gio Militar do Corpo de Bombeiros Escritora Rachel de Queiroz (CMCB). Corpo de Bombeiros Militar do Estado do Cear\u00e1 (CBMCE).","og_url":"https:\/\/ww16.ce.gov.br\/cm-cb\/home\/o-cmcb\/","og_site_name":"CMCB","article_modified_time":"2024-11-08T14:20:05+00:00","og_image":[{"width":1225,"height":817,"url":"https:\/\/ww16.ce.gov.br\/cm-cb\/wp-content\/uploads\/sites\/45\/2024\/11\/WhatsApp-Image-2019-06-20-at-15.07.35.jpeg","type":"image\/jpeg"}],"twitter_card":"summary_large_image","twitter_misc":{"Est. reading time":"2 minutos"},"schema":{"@context":"https:\/\/schema.org","@graph":[{"@type":"WebPage","@id":"https:\/\/ww16.ce.gov.br\/cm-cb\/home\/o-cmcb\/","url":"https:\/\/ww16.ce.gov.br\/cm-cb\/home\/o-cmcb\/","name":"O CMCB","isPartOf":{"@id":"https:\/\/ww16.ce.gov.br\/cm-cb\/#website"},"primaryImageOfPage":{"@id":"https:\/\/ww16.ce.gov.br\/cm-cb\/home\/o-cmcb\/#primaryimage"},"image":{"@id":"https:\/\/ww16.ce.gov.br\/cm-cb\/home\/o-cmcb\/#primaryimage"},"thumbnailUrl":"https:\/\/www.ce.gov.br\/cm-cb\/wp-content\/uploads\/sites\/45\/2024\/11\/WhatsApp-Image-2019-06-20-at-15.07.35.jpeg","datePublished":"2021-10-26T12:00:13+00:00","dateModified":"2024-11-08T14:20:05+00:00","description":"O Col\u00e9gio Militar do Corpo de Bombeiros Escritora Rachel de Queiroz (CMCB). Corpo de Bombeiros Militar do Estado do Cear\u00e1 (CBMCE).","breadcrumb":{"@id":"https:\/\/ww16.ce.gov.br\/cm-cb\/home\/o-cmcb\/#breadcrumb"},"inLanguage":"pt-BR","potentialAction":[{"@type":"ReadAction","target":["https:\/\/ww16.ce.gov.br\/cm-cb\/home\/o-cmcb\/"]}]},{"@type":"ImageObject","inLanguage":"pt-BR","@id":"https:\/\/ww16.ce.gov.br\/cm-cb\/home\/o-cmcb\/#primaryimage","url":"https:\/\/www.ce.gov.br\/cm-cb\/wp-content\/uploads\/sites\/45\/2024\/11\/WhatsApp-Image-2019-06-20-at-15.07.35.jpeg","contentUrl":"https:\/\/www.ce.gov.br\/cm-cb\/wp-content\/uploads\/sites\/45\/2024\/11\/WhatsApp-Image-2019-06-20-at-15.07.35.jpeg","width":1225,"height":817,"caption":"Col\u00e9gio Militar do Corpo de Bombeiros Escritora Rachel de Queiroz (CMCB)"},{"@type":"BreadcrumbList","@id":"https:\/\/ww16.ce.gov.br\/cm-cb\/home\/o-cmcb\/#breadcrumb","itemListElement":[{"@type":"ListItem","position":1,"name":"In\u00edcio","item":"https:\/\/ww16.ce.gov.br\/cm-cb\/"},{"@type":"ListItem","position":2,"name":"P\u00e1gina inicial","item":"https:\/\/ww16.ce.gov.br\/cm-cb\/"},{"@type":"ListItem","position":3,"name":"Col\u00e9gio Militar do Corpo de Bombeiros Escritora Rachel de Queiroz (CMCB)"}]},{"@type":"WebSite","@id":"https:\/\/ww16.ce.gov.br\/cm-cb\/#website","url":"https:\/\/ww16.ce.gov.br\/cm-cb\/","name":"Col\u00e9gio Militar do Corpo de Bombeiros","description":"Portal CMCB","publisher":{"@id":"https:\/\/ww16.ce.gov.br\/cm-cb\/#organization"},"potentialAction":[{"@type":"SearchAction","target":{"@type":"EntryPoint","urlTemplate":"https:\/\/ww16.ce.gov.br\/cm-cb\/?s={search_term_string}"},"query-input":{"@type":"PropertyValueSpecification","valueRequired":true,"valueName":"search_term_string"}}],"inLanguage":"pt-BR"},{"@type":"Organization","@id":"https:\/\/ww16.ce.gov.br\/cm-cb\/#organization","name":"Col\u00e9gio Militar do Corpo de Bombeiros","url":"https:\/\/ww16.ce.gov.br\/cm-cb\/","logo":{"@type":"ImageObject","inLanguage":"pt-BR","@id":"https:\/\/ww16.ce.gov.br\/cm-cb\/#\/schema\/logo\/image\/","url":"http:\/\/ww16.ce.gov.br\/cm-cb\/wp-content\/uploads\/sites\/62\/2018\/05\/cmcb-clara.png","contentUrl":"http:\/\/ww16.ce.gov.br\/cm-cb\/wp-content\/uploads\/sites\/62\/2018\/05\/cmcb-clara.png","width":559,"height":106,"caption":"Col\u00e9gio Militar do Corpo de Bombeiros"},"image":{"@id":"https:\/\/ww16.ce.gov.br\/cm-cb\/#\/schema\/logo\/image\/"}}]}},"_links":{"self":[{"href":"https:\/\/www.ce.gov.br\/cm-cb\/wp-json\/wp\/v2\/pages\/3574","targetHints":{"allow":["GET"]}}],"collection":[{"href":"https:\/\/www.ce.gov.br\/cm-cb\/wp-json\/wp\/v2\/pages"}],"about":[{"href":"https:\/\/www.ce.gov.br\/cm-cb\/wp-json\/wp\/v2\/types\/page"}],"author":[{"embeddable":true,"href":"https:\/\/www.ce.gov.br\/cm-cb\/wp-json\/wp\/v2\/users\/220"}],"replies":[{"embeddable":true,"href":"https:\/\/www.ce.gov.br\/cm-cb\/wp-json\/wp\/v2\/comments?post=3574"}],"version-history":[{"count":11,"href":"https:\/\/www.ce.gov.br\/cm-cb\/wp-json\/wp\/v2\/pages\/3574\/revisions"}],"predecessor-version":[{"id":5781,"href":"https:\/\/www.ce.gov.br\/cm-cb\/wp-json\/wp\/v2\/pages\/3574\/revisions\/5781"}],"up":[{"embeddable":true,"href":"https:\/\/www.ce.gov.br\/cm-cb\/wp-json\/wp\/v2\/pages\/121"}],"wp:featuredmedia":[{"embeddable":true,"href":"https:\/\/www.ce.gov.br\/cm-cb\/wp-json\/wp\/v2\/media\/5780"}],"wp:attachment":[{"href":"https:\/\/www.ce.gov.br\/cm-cb\/wp-json\/wp\/v2\/media?parent=3574"}],"curies":[{"name":"wp","href":"https:\/\/api.w.org\/{rel}","templated":true}]}}