{"id":4439,"date":"2022-09-14T15:16:53","date_gmt":"2022-09-14T18:16:53","guid":{"rendered":"http:\/\/ww16.ce.gov.br\/cm-cb\/?page_id=4439"},"modified":"2024-11-09T10:40:48","modified_gmt":"2024-11-09T13:40:48","slug":"disciplinas-diferenciais","status":"publish","type":"page","link":"https:\/\/www.ce.gov.br\/cm-cb\/institucional\/disciplinas-diferenciais\/","title":{"rendered":"Disciplinas Diferenciais"},"content":{"rendered":"<p style=\"text-align: justify\">Nos \u00faltimos dez anos, o CMCB vem desenvolvendo uma s\u00e9rie de projetos com car\u00e1ter disciplinar, tanto na forma de disciplinas obrigat\u00f3rias quanto na de disciplinas eletivas. Nos links abaixo, uma descri\u00e7\u00e3o do hist\u00f3rico e do funcionamento de cada uma dessas iniciativas desenvolvidas por nossos professores militares:<\/p>\n<p style=\"text-align: justify\"><strong><a href=\"https:\/\/ww16.ce.gov.br\/cm-cb\/institucional\/disciplinas-diferenciais\/astronomia\/\">Astronomia (obrigat\u00f3ria e eletiva)<\/a><\/strong><\/p>\n<p style=\"text-align: justify\"><strong><a href=\"https:\/\/ww16.ce.gov.br\/cm-cb\/institucional\/disciplinas-diferenciais\/defesa-civil\/\">Defesa Civil (obrigat\u00f3ria)<\/a><\/strong><\/p>\n<p style=\"text-align: justify\"><strong><a href=\"https:\/\/ww16.ce.gov.br\/cm-cb\/institucional\/disciplinas-diferenciais\/robotica\/\">Rob\u00f3tica (eletiva)<\/a><\/strong><\/p>\n<p style=\"text-align: justify\"><strong><a href=\"https:\/\/ww16.ce.gov.br\/cm-cb\/institucional\/disciplinas-diferenciais\/xadrez\/\">Xadrez (obrigat\u00f3ria)<\/a><\/strong><\/p>\n","protected":false},"excerpt":{"rendered":"<p>Nos \u00faltimos dez anos, o CMCB vem desenvolvendo uma s\u00e9rie de projetos com car\u00e1ter disciplinar, tanto na forma de disciplinas obrigat\u00f3rias quanto na de disciplinas eletivas. Nos links abaixo, uma descri\u00e7\u00e3o do hist\u00f3rico e do funcionamento de cada uma dessas iniciativas desenvolvidas por nossos professores militares: Astronomia (obrigat\u00f3ria e eletiva) Defesa Civil (obrigat\u00f3ria) Rob\u00f3tica (eletiva) [&hellip;]<\/p>\n","protected":false},"author":220,"featured_media":0,"parent":52,"menu_order":0,"comment_status":"closed","ping_status":"closed","template":"","meta":{"_acf_changed":false,"inline_featured_image":false,"footnotes":""},"class_list":["post-4439","page","type-page","status-publish","hentry"],"acf":[],"yoast_head":"<!-- This site is optimized with the Yoast SEO plugin v27.3 - https:\/\/yoast.com\/product\/yoast-seo-wordpress\/ -->\n<title>Disciplinas Diferenciais - CMCB<\/title>\n<meta name=\"robots\" content=\"index, follow, max-snippet:-1, max-image-preview:large, max-video-preview:-1\" \/>\n<link rel=\"canonical\" href=\"https:\/\/ww16.ce.gov.br\/cm-cb\/institucional\/disciplinas-diferenciais\/\" \/>\n<meta property=\"og:locale\" content=\"pt_BR\" \/>\n<meta property=\"og:type\" content=\"article\" \/>\n<meta property=\"og:title\" content=\"Disciplinas Diferenciais - CMCB\" \/>\n<meta property=\"og:description\" content=\"Nos \u00faltimos dez anos, o CMCB vem desenvolvendo uma s\u00e9rie de projetos com car\u00e1ter disciplinar, tanto na forma de disciplinas obrigat\u00f3rias quanto na de disciplinas eletivas. Nos links abaixo, uma descri\u00e7\u00e3o do hist\u00f3rico e do funcionamento de cada uma dessas iniciativas desenvolvidas por nossos professores militares: Astronomia (obrigat\u00f3ria e eletiva) Defesa Civil (obrigat\u00f3ria) Rob\u00f3tica (eletiva) [&hellip;]\" \/>\n<meta property=\"og:url\" content=\"https:\/\/ww16.ce.gov.br\/cm-cb\/institucional\/disciplinas-diferenciais\/\" \/>\n<meta property=\"og:site_name\" content=\"CMCB\" \/>\n<meta property=\"article:modified_time\" content=\"2024-11-09T13:40:48+00:00\" \/>\n<meta name=\"twitter:card\" content=\"summary_large_image\" \/>\n<meta name=\"twitter:label1\" content=\"Est. reading time\" \/>\n\t<meta name=\"twitter:data1\" content=\"1 minuto\" \/>\n<script type=\"application\/ld+json\" class=\"yoast-schema-graph\">{\"@context\":\"https:\\\/\\\/schema.org\",\"@graph\":[{\"@type\":\"WebPage\",\"@id\":\"https:\\\/\\\/ww16.ce.gov.br\\\/cm-cb\\\/institucional\\\/disciplinas-diferenciais\\\/\",\"url\":\"https:\\\/\\\/ww16.ce.gov.br\\\/cm-cb\\\/institucional\\\/disciplinas-diferenciais\\\/\",\"name\":\"Disciplinas Diferenciais - CMCB\",\"isPartOf\":{\"@id\":\"https:\\\/\\\/ww16.ce.gov.br\\\/cm-cb\\\/#website\"},\"datePublished\":\"2022-09-14T18:16:53+00:00\",\"dateModified\":\"2024-11-09T13:40:48+00:00\",\"breadcrumb\":{\"@id\":\"https:\\\/\\\/ww16.ce.gov.br\\\/cm-cb\\\/institucional\\\/disciplinas-diferenciais\\\/#breadcrumb\"},\"inLanguage\":\"pt-BR\",\"potentialAction\":[{\"@type\":\"ReadAction\",\"target\":[\"https:\\\/\\\/ww16.ce.gov.br\\\/cm-cb\\\/institucional\\\/disciplinas-diferenciais\\\/\"]}]},{\"@type\":\"BreadcrumbList\",\"@id\":\"https:\\\/\\\/ww16.ce.gov.br\\\/cm-cb\\\/institucional\\\/disciplinas-diferenciais\\\/#breadcrumb\",\"itemListElement\":[{\"@type\":\"ListItem\",\"position\":1,\"name\":\"In\u00edcio\",\"item\":\"https:\\\/\\\/ww16.ce.gov.br\\\/cm-cb\\\/\"},{\"@type\":\"ListItem\",\"position\":2,\"name\":\"Institucional\",\"item\":\"https:\\\/\\\/ww16.ce.gov.br\\\/cm-cb\\\/institucional\\\/\"},{\"@type\":\"ListItem\",\"position\":3,\"name\":\"Disciplinas Diferenciais\"}]},{\"@type\":\"WebSite\",\"@id\":\"https:\\\/\\\/ww16.ce.gov.br\\\/cm-cb\\\/#website\",\"url\":\"https:\\\/\\\/ww16.ce.gov.br\\\/cm-cb\\\/\",\"name\":\"Col\u00e9gio Militar do Corpo de Bombeiros\",\"description\":\"Portal CMCB\",\"publisher\":{\"@id\":\"https:\\\/\\\/ww16.ce.gov.br\\\/cm-cb\\\/#organization\"},\"potentialAction\":[{\"@type\":\"SearchAction\",\"target\":{\"@type\":\"EntryPoint\",\"urlTemplate\":\"https:\\\/\\\/ww16.ce.gov.br\\\/cm-cb\\\/?s={search_term_string}\"},\"query-input\":{\"@type\":\"PropertyValueSpecification\",\"valueRequired\":true,\"valueName\":\"search_term_string\"}}],\"inLanguage\":\"pt-BR\"},{\"@type\":\"Organization\",\"@id\":\"https:\\\/\\\/ww16.ce.gov.br\\\/cm-cb\\\/#organization\",\"name\":\"Col\u00e9gio Militar do Corpo de Bombeiros\",\"url\":\"https:\\\/\\\/ww16.ce.gov.br\\\/cm-cb\\\/\",\"logo\":{\"@type\":\"ImageObject\",\"inLanguage\":\"pt-BR\",\"@id\":\"https:\\\/\\\/ww16.ce.gov.br\\\/cm-cb\\\/#\\\/schema\\\/logo\\\/image\\\/\",\"url\":\"http:\\\/\\\/ww16.ce.gov.br\\\/cm-cb\\\/wp-content\\\/uploads\\\/sites\\\/62\\\/2018\\\/05\\\/cmcb-clara.png\",\"contentUrl\":\"http:\\\/\\\/ww16.ce.gov.br\\\/cm-cb\\\/wp-content\\\/uploads\\\/sites\\\/62\\\/2018\\\/05\\\/cmcb-clara.png\",\"width\":559,\"height\":106,\"caption\":\"Col\u00e9gio Militar do Corpo de Bombeiros\"},\"image\":{\"@id\":\"https:\\\/\\\/ww16.ce.gov.br\\\/cm-cb\\\/#\\\/schema\\\/logo\\\/image\\\/\"}}]}<\/script>\n<!-- \/ Yoast SEO plugin. -->","yoast_head_json":{"title":"Disciplinas Diferenciais - CMCB","robots":{"index":"index","follow":"follow","max-snippet":"max-snippet:-1","max-image-preview":"max-image-preview:large","max-video-preview":"max-video-preview:-1"},"canonical":"https:\/\/ww16.ce.gov.br\/cm-cb\/institucional\/disciplinas-diferenciais\/","og_locale":"pt_BR","og_type":"article","og_title":"Disciplinas Diferenciais - CMCB","og_description":"Nos \u00faltimos dez anos, o CMCB vem desenvolvendo uma s\u00e9rie de projetos com car\u00e1ter disciplinar, tanto na forma de disciplinas obrigat\u00f3rias quanto na de disciplinas eletivas. Nos links abaixo, uma descri\u00e7\u00e3o do hist\u00f3rico e do funcionamento de cada uma dessas iniciativas desenvolvidas por nossos professores militares: Astronomia (obrigat\u00f3ria e eletiva) Defesa Civil (obrigat\u00f3ria) Rob\u00f3tica (eletiva) [&hellip;]","og_url":"https:\/\/ww16.ce.gov.br\/cm-cb\/institucional\/disciplinas-diferenciais\/","og_site_name":"CMCB","article_modified_time":"2024-11-09T13:40:48+00:00","twitter_card":"summary_large_image","twitter_misc":{"Est. reading time":"1 minuto"},"schema":{"@context":"https:\/\/schema.org","@graph":[{"@type":"WebPage","@id":"https:\/\/ww16.ce.gov.br\/cm-cb\/institucional\/disciplinas-diferenciais\/","url":"https:\/\/ww16.ce.gov.br\/cm-cb\/institucional\/disciplinas-diferenciais\/","name":"Disciplinas Diferenciais - CMCB","isPartOf":{"@id":"https:\/\/ww16.ce.gov.br\/cm-cb\/#website"},"datePublished":"2022-09-14T18:16:53+00:00","dateModified":"2024-11-09T13:40:48+00:00","breadcrumb":{"@id":"https:\/\/ww16.ce.gov.br\/cm-cb\/institucional\/disciplinas-diferenciais\/#breadcrumb"},"inLanguage":"pt-BR","potentialAction":[{"@type":"ReadAction","target":["https:\/\/ww16.ce.gov.br\/cm-cb\/institucional\/disciplinas-diferenciais\/"]}]},{"@type":"BreadcrumbList","@id":"https:\/\/ww16.ce.gov.br\/cm-cb\/institucional\/disciplinas-diferenciais\/#breadcrumb","itemListElement":[{"@type":"ListItem","position":1,"name":"In\u00edcio","item":"https:\/\/ww16.ce.gov.br\/cm-cb\/"},{"@type":"ListItem","position":2,"name":"Institucional","item":"https:\/\/ww16.ce.gov.br\/cm-cb\/institucional\/"},{"@type":"ListItem","position":3,"name":"Disciplinas Diferenciais"}]},{"@type":"WebSite","@id":"https:\/\/ww16.ce.gov.br\/cm-cb\/#website","url":"https:\/\/ww16.ce.gov.br\/cm-cb\/","name":"Col\u00e9gio Militar do Corpo de Bombeiros","description":"Portal CMCB","publisher":{"@id":"https:\/\/ww16.ce.gov.br\/cm-cb\/#organization"},"potentialAction":[{"@type":"SearchAction","target":{"@type":"EntryPoint","urlTemplate":"https:\/\/ww16.ce.gov.br\/cm-cb\/?s={search_term_string}"},"query-input":{"@type":"PropertyValueSpecification","valueRequired":true,"valueName":"search_term_string"}}],"inLanguage":"pt-BR"},{"@type":"Organization","@id":"https:\/\/ww16.ce.gov.br\/cm-cb\/#organization","name":"Col\u00e9gio Militar do Corpo de Bombeiros","url":"https:\/\/ww16.ce.gov.br\/cm-cb\/","logo":{"@type":"ImageObject","inLanguage":"pt-BR","@id":"https:\/\/ww16.ce.gov.br\/cm-cb\/#\/schema\/logo\/image\/","url":"http:\/\/ww16.ce.gov.br\/cm-cb\/wp-content\/uploads\/sites\/62\/2018\/05\/cmcb-clara.png","contentUrl":"http:\/\/ww16.ce.gov.br\/cm-cb\/wp-content\/uploads\/sites\/62\/2018\/05\/cmcb-clara.png","width":559,"height":106,"caption":"Col\u00e9gio Militar do Corpo de Bombeiros"},"image":{"@id":"https:\/\/ww16.ce.gov.br\/cm-cb\/#\/schema\/logo\/image\/"}}]}},"_links":{"self":[{"href":"https:\/\/www.ce.gov.br\/cm-cb\/wp-json\/wp\/v2\/pages\/4439","targetHints":{"allow":["GET"]}}],"collection":[{"href":"https:\/\/www.ce.gov.br\/cm-cb\/wp-json\/wp\/v2\/pages"}],"about":[{"href":"https:\/\/www.ce.gov.br\/cm-cb\/wp-json\/wp\/v2\/types\/page"}],"author":[{"embeddable":true,"href":"https:\/\/www.ce.gov.br\/cm-cb\/wp-json\/wp\/v2\/users\/220"}],"replies":[{"embeddable":true,"href":"https:\/\/www.ce.gov.br\/cm-cb\/wp-json\/wp\/v2\/comments?post=4439"}],"version-history":[{"count":9,"href":"https:\/\/www.ce.gov.br\/cm-cb\/wp-json\/wp\/v2\/pages\/4439\/revisions"}],"predecessor-version":[{"id":5791,"href":"https:\/\/www.ce.gov.br\/cm-cb\/wp-json\/wp\/v2\/pages\/4439\/revisions\/5791"}],"up":[{"embeddable":true,"href":"https:\/\/www.ce.gov.br\/cm-cb\/wp-json\/wp\/v2\/pages\/52"}],"wp:attachment":[{"href":"https:\/\/www.ce.gov.br\/cm-cb\/wp-json\/wp\/v2\/media?parent=4439"}],"curies":[{"name":"wp","href":"https:\/\/api.w.org\/{rel}","templated":true}]}}