{"id":4443,"date":"2022-09-14T15:29:42","date_gmt":"2022-09-14T18:29:42","guid":{"rendered":"http:\/\/ww16.ce.gov.br\/cm-cb\/?page_id=4443"},"modified":"2022-09-14T15:52:08","modified_gmt":"2022-09-14T18:52:08","slug":"defesa-civil","status":"publish","type":"page","link":"https:\/\/www.ce.gov.br\/cm-cb\/institucional\/disciplinas-diferenciais\/defesa-civil\/","title":{"rendered":"Defesa Civil"},"content":{"rendered":"<p>&nbsp;<\/p>\n<p>O ensino da disciplina de Defesa Civil no CMCB, a cargo do major Alu\u00edzio, do tenente Teixeira e do tenente Paiva, teve in\u00edcio no ano de 2012, a partir de um projeto da Coordenadoria Estadual de Prote\u00e7\u00e3o e Defesa Civil do Corpo de Bombeiros Militar do Cear\u00e1 (Cedec\/CBMCE) aprovado pela dire\u00e7\u00e3o do Col\u00e9gio.<\/p>\n<p>&nbsp;<\/p>\n<p>A motiva\u00e7\u00e3o do projeto foi a previs\u00e3o, na Constitui\u00e7\u00e3o do Estado do Cear\u00e1 &#8211; 1989 (art. 215, \u00a7 1\u00ba, inciso &#8220;b&#8221;), da obrigatoriedade do ensino de no\u00e7\u00f5es de defesa civil nos estabelecimentos de ensino p\u00fablico e privado; bem como a compet\u00eancia legal do CBMCE (Lei n\u00ba 13.875, de 07\/02\/2007, Art. 64) de desenvolver a\u00e7\u00f5es educativas de preven\u00e7\u00e3o de inc\u00eandio, socorro de urg\u00eancia, p\u00e2nico coletivo e prote\u00e7\u00e3o ao meio ambiente.<\/p>\n<p>&nbsp;<\/p>\n<p>A import\u00e2ncia do ensino de Defesa Civil nas escolas tem ganhado destaque com o aumento do n\u00famero e intensidade dos desastres naturais e tecnol\u00f3gicos nas \u00faltimas d\u00e9cadas. Diante desse cen\u00e1rio, o objetivo da disciplina \u00e9 desenvolver, junto aos alunos, a cultura de percep\u00e7\u00e3o de riscos, de atua\u00e7\u00e3o na preven\u00e7\u00e3o e mitiga\u00e7\u00e3o de riscos, bem como de prepara\u00e7\u00e3o e resposta adequada a desastres.<\/p>\n<p>&nbsp;<\/p>\n<p>A disciplina est\u00e1 inserida na grade curricular do 8\u00ba ano do Ensino Fundamental, como disciplina obrigat\u00f3ria, sendo ministrada por bombeiros militares com forma\u00e7\u00e3o acad\u00eamica nas tem\u00e1ticas da disciplina e experi\u00eancia profissional na Cedec\/CBMCE.<\/p>\n<p>&nbsp;<\/p>\n<p>S\u00e3o realizadas 2 horas\/aula semanais com conte\u00fados relacionados:<\/p>\n<p>&nbsp;<\/p>\n<p>i) \u00e0 hist\u00f3ria, conceitos b\u00e1sicos e organiza\u00e7\u00e3o do sistema de Defesa Civil;<br \/>\nii) aos principais riscos e desastres naturais (terremotos, tsunamis, estiagens, secas, baixa umidade do ar, inunda\u00e7\u00f5es, enxurradas, alagamentos, tempestades, movimentos de massa, eros\u00f5es, epidemias, desertifica\u00e7\u00e3o e inc\u00eandios florestais) e tecnol\u00f3gicos (inc\u00eandios urbanos, colapso de edifica\u00e7\u00f5es, rompimento de barragens, desastres e acidentes nos meios de transporte);<br \/>\niii) ao monitoramento, alerta, alarme e desocupa\u00e7\u00e3o emergencial;<br \/>\niv) ao meio ambiente e mudan\u00e7as clim\u00e1ticas; e<br \/>\nv) aos conceitos b\u00e1sicos, preven\u00e7\u00e3o e primeiros socorros relacionados a choques el\u00e9tricos, queimaduras, acidentes com pipas, afogamentos, engasgos, acidentes vasculares, acidentes com animais pe\u00e7onhentos, quedas, cortes e produtos perigosos.<\/p>\n<p>&nbsp;<\/p>\n<p>Tamb\u00e9m s\u00e3o realizadas aulas de campo, com visitas a \u00f3rg\u00e3os de monitoramento hidrometeorol\u00f3gico (Funceme ou INPE) e a uma esta\u00e7\u00e3o de monitoramento de tremor de terra, bem como aulas pr\u00e1ticas, com simulado de desocupa\u00e7\u00e3o emergencial, treinamento de primeiros socorros e uma oficina de confec\u00e7\u00e3o de um pluvi\u00f4metro caseiro.<\/p>\n<p>&nbsp;<\/p>\n<p>Todas as aulas t\u00eam um conte\u00fado escrito e um exerc\u00edcio a ser respondido, bem como a indica\u00e7\u00e3o de v\u00eddeos sobre o conte\u00fado. Os conte\u00fados s\u00e3o disponibilizados em plataforma digital. S\u00e3o tamb\u00e9m realizadas avalia\u00e7\u00f5es, nos mesmos moldes das demais disciplinas do curr\u00edculo escolar.<\/p>\n<p>&nbsp;<\/p>\n<p>Para avaliar o n\u00edvel de desenvolvimento do conhecimento dos alunos, \u00e9 aplicado, no in\u00edcio e no t\u00e9rmino do ano letivo, um question\u00e1rio com perguntas sobre os conte\u00fados trabalhados no decorrer do ano. Os resultados do per\u00edodo de 2017 a 2020 demonstraram que h\u00e1 um aumento m\u00e9dio de 18% do n\u00edvel geral de conhecimento dos alunos sobre os temas estudados.<\/p>\n","protected":false},"excerpt":{"rendered":"<p>&nbsp; O ensino da disciplina de Defesa Civil no CMCB, a cargo do major Alu\u00edzio, do tenente Teixeira e do tenente Paiva, teve in\u00edcio no ano de 2012, a partir de um projeto da Coordenadoria Estadual de Prote\u00e7\u00e3o e Defesa Civil do Corpo de Bombeiros Militar do Cear\u00e1 (Cedec\/CBMCE) aprovado pela dire\u00e7\u00e3o do Col\u00e9gio. &nbsp; [&hellip;]<\/p>\n","protected":false},"author":220,"featured_media":0,"parent":4439,"menu_order":0,"comment_status":"closed","ping_status":"closed","template":"","meta":{"_acf_changed":false,"inline_featured_image":false,"footnotes":""},"class_list":["post-4443","page","type-page","status-publish","hentry"],"acf":[],"yoast_head":"<!-- This site is optimized with the Yoast SEO plugin v27.3 - https:\/\/yoast.com\/product\/yoast-seo-wordpress\/ -->\n<title>Defesa Civil - CMCB<\/title>\n<meta name=\"robots\" content=\"index, follow, max-snippet:-1, max-image-preview:large, max-video-preview:-1\" \/>\n<link rel=\"canonical\" href=\"https:\/\/ww16.ce.gov.br\/cm-cb\/institucional\/disciplinas-diferenciais\/defesa-civil\/\" \/>\n<meta property=\"og:locale\" content=\"pt_BR\" \/>\n<meta property=\"og:type\" content=\"article\" \/>\n<meta property=\"og:title\" content=\"Defesa Civil - CMCB\" \/>\n<meta property=\"og:description\" content=\"&nbsp; O ensino da disciplina de Defesa Civil no CMCB, a cargo do major Alu\u00edzio, do tenente Teixeira e do tenente Paiva, teve in\u00edcio no ano de 2012, a partir de um projeto da Coordenadoria Estadual de Prote\u00e7\u00e3o e Defesa Civil do Corpo de Bombeiros Militar do Cear\u00e1 (Cedec\/CBMCE) aprovado pela dire\u00e7\u00e3o do Col\u00e9gio. &nbsp; [&hellip;]\" \/>\n<meta property=\"og:url\" content=\"https:\/\/ww16.ce.gov.br\/cm-cb\/institucional\/disciplinas-diferenciais\/defesa-civil\/\" \/>\n<meta property=\"og:site_name\" content=\"CMCB\" \/>\n<meta property=\"article:modified_time\" content=\"2022-09-14T18:52:08+00:00\" \/>\n<meta name=\"twitter:card\" content=\"summary_large_image\" \/>\n<meta name=\"twitter:label1\" content=\"Est. reading time\" \/>\n\t<meta name=\"twitter:data1\" content=\"3 minutos\" \/>\n<script type=\"application\/ld+json\" class=\"yoast-schema-graph\">{\"@context\":\"https:\\\/\\\/schema.org\",\"@graph\":[{\"@type\":\"WebPage\",\"@id\":\"https:\\\/\\\/ww16.ce.gov.br\\\/cm-cb\\\/institucional\\\/disciplinas-diferenciais\\\/defesa-civil\\\/\",\"url\":\"https:\\\/\\\/ww16.ce.gov.br\\\/cm-cb\\\/institucional\\\/disciplinas-diferenciais\\\/defesa-civil\\\/\",\"name\":\"Defesa Civil - CMCB\",\"isPartOf\":{\"@id\":\"https:\\\/\\\/ww16.ce.gov.br\\\/cm-cb\\\/#website\"},\"datePublished\":\"2022-09-14T18:29:42+00:00\",\"dateModified\":\"2022-09-14T18:52:08+00:00\",\"breadcrumb\":{\"@id\":\"https:\\\/\\\/ww16.ce.gov.br\\\/cm-cb\\\/institucional\\\/disciplinas-diferenciais\\\/defesa-civil\\\/#breadcrumb\"},\"inLanguage\":\"pt-BR\",\"potentialAction\":[{\"@type\":\"ReadAction\",\"target\":[\"https:\\\/\\\/ww16.ce.gov.br\\\/cm-cb\\\/institucional\\\/disciplinas-diferenciais\\\/defesa-civil\\\/\"]}]},{\"@type\":\"BreadcrumbList\",\"@id\":\"https:\\\/\\\/ww16.ce.gov.br\\\/cm-cb\\\/institucional\\\/disciplinas-diferenciais\\\/defesa-civil\\\/#breadcrumb\",\"itemListElement\":[{\"@type\":\"ListItem\",\"position\":1,\"name\":\"In\u00edcio\",\"item\":\"https:\\\/\\\/ww16.ce.gov.br\\\/cm-cb\\\/\"},{\"@type\":\"ListItem\",\"position\":2,\"name\":\"Institucional\",\"item\":\"https:\\\/\\\/ww16.ce.gov.br\\\/cm-cb\\\/institucional\\\/\"},{\"@type\":\"ListItem\",\"position\":3,\"name\":\"Disciplinas Diferenciais\",\"item\":\"https:\\\/\\\/ww16.ce.gov.br\\\/cm-cb\\\/institucional\\\/disciplinas-diferenciais\\\/\"},{\"@type\":\"ListItem\",\"position\":4,\"name\":\"Defesa Civil\"}]},{\"@type\":\"WebSite\",\"@id\":\"https:\\\/\\\/ww16.ce.gov.br\\\/cm-cb\\\/#website\",\"url\":\"https:\\\/\\\/ww16.ce.gov.br\\\/cm-cb\\\/\",\"name\":\"Col\u00e9gio Militar do Corpo de Bombeiros\",\"description\":\"Portal CMCB\",\"publisher\":{\"@id\":\"https:\\\/\\\/ww16.ce.gov.br\\\/cm-cb\\\/#organization\"},\"potentialAction\":[{\"@type\":\"SearchAction\",\"target\":{\"@type\":\"EntryPoint\",\"urlTemplate\":\"https:\\\/\\\/ww16.ce.gov.br\\\/cm-cb\\\/?s={search_term_string}\"},\"query-input\":{\"@type\":\"PropertyValueSpecification\",\"valueRequired\":true,\"valueName\":\"search_term_string\"}}],\"inLanguage\":\"pt-BR\"},{\"@type\":\"Organization\",\"@id\":\"https:\\\/\\\/ww16.ce.gov.br\\\/cm-cb\\\/#organization\",\"name\":\"Col\u00e9gio Militar do Corpo de Bombeiros\",\"url\":\"https:\\\/\\\/ww16.ce.gov.br\\\/cm-cb\\\/\",\"logo\":{\"@type\":\"ImageObject\",\"inLanguage\":\"pt-BR\",\"@id\":\"https:\\\/\\\/ww16.ce.gov.br\\\/cm-cb\\\/#\\\/schema\\\/logo\\\/image\\\/\",\"url\":\"http:\\\/\\\/ww16.ce.gov.br\\\/cm-cb\\\/wp-content\\\/uploads\\\/sites\\\/62\\\/2018\\\/05\\\/cmcb-clara.png\",\"contentUrl\":\"http:\\\/\\\/ww16.ce.gov.br\\\/cm-cb\\\/wp-content\\\/uploads\\\/sites\\\/62\\\/2018\\\/05\\\/cmcb-clara.png\",\"width\":559,\"height\":106,\"caption\":\"Col\u00e9gio Militar do Corpo de Bombeiros\"},\"image\":{\"@id\":\"https:\\\/\\\/ww16.ce.gov.br\\\/cm-cb\\\/#\\\/schema\\\/logo\\\/image\\\/\"}}]}<\/script>\n<!-- \/ Yoast SEO plugin. -->","yoast_head_json":{"title":"Defesa Civil - CMCB","robots":{"index":"index","follow":"follow","max-snippet":"max-snippet:-1","max-image-preview":"max-image-preview:large","max-video-preview":"max-video-preview:-1"},"canonical":"https:\/\/ww16.ce.gov.br\/cm-cb\/institucional\/disciplinas-diferenciais\/defesa-civil\/","og_locale":"pt_BR","og_type":"article","og_title":"Defesa Civil - CMCB","og_description":"&nbsp; O ensino da disciplina de Defesa Civil no CMCB, a cargo do major Alu\u00edzio, do tenente Teixeira e do tenente Paiva, teve in\u00edcio no ano de 2012, a partir de um projeto da Coordenadoria Estadual de Prote\u00e7\u00e3o e Defesa Civil do Corpo de Bombeiros Militar do Cear\u00e1 (Cedec\/CBMCE) aprovado pela dire\u00e7\u00e3o do Col\u00e9gio. &nbsp; [&hellip;]","og_url":"https:\/\/ww16.ce.gov.br\/cm-cb\/institucional\/disciplinas-diferenciais\/defesa-civil\/","og_site_name":"CMCB","article_modified_time":"2022-09-14T18:52:08+00:00","twitter_card":"summary_large_image","twitter_misc":{"Est. reading time":"3 minutos"},"schema":{"@context":"https:\/\/schema.org","@graph":[{"@type":"WebPage","@id":"https:\/\/ww16.ce.gov.br\/cm-cb\/institucional\/disciplinas-diferenciais\/defesa-civil\/","url":"https:\/\/ww16.ce.gov.br\/cm-cb\/institucional\/disciplinas-diferenciais\/defesa-civil\/","name":"Defesa Civil - CMCB","isPartOf":{"@id":"https:\/\/ww16.ce.gov.br\/cm-cb\/#website"},"datePublished":"2022-09-14T18:29:42+00:00","dateModified":"2022-09-14T18:52:08+00:00","breadcrumb":{"@id":"https:\/\/ww16.ce.gov.br\/cm-cb\/institucional\/disciplinas-diferenciais\/defesa-civil\/#breadcrumb"},"inLanguage":"pt-BR","potentialAction":[{"@type":"ReadAction","target":["https:\/\/ww16.ce.gov.br\/cm-cb\/institucional\/disciplinas-diferenciais\/defesa-civil\/"]}]},{"@type":"BreadcrumbList","@id":"https:\/\/ww16.ce.gov.br\/cm-cb\/institucional\/disciplinas-diferenciais\/defesa-civil\/#breadcrumb","itemListElement":[{"@type":"ListItem","position":1,"name":"In\u00edcio","item":"https:\/\/ww16.ce.gov.br\/cm-cb\/"},{"@type":"ListItem","position":2,"name":"Institucional","item":"https:\/\/ww16.ce.gov.br\/cm-cb\/institucional\/"},{"@type":"ListItem","position":3,"name":"Disciplinas Diferenciais","item":"https:\/\/ww16.ce.gov.br\/cm-cb\/institucional\/disciplinas-diferenciais\/"},{"@type":"ListItem","position":4,"name":"Defesa Civil"}]},{"@type":"WebSite","@id":"https:\/\/ww16.ce.gov.br\/cm-cb\/#website","url":"https:\/\/ww16.ce.gov.br\/cm-cb\/","name":"Col\u00e9gio Militar do Corpo de Bombeiros","description":"Portal CMCB","publisher":{"@id":"https:\/\/ww16.ce.gov.br\/cm-cb\/#organization"},"potentialAction":[{"@type":"SearchAction","target":{"@type":"EntryPoint","urlTemplate":"https:\/\/ww16.ce.gov.br\/cm-cb\/?s={search_term_string}"},"query-input":{"@type":"PropertyValueSpecification","valueRequired":true,"valueName":"search_term_string"}}],"inLanguage":"pt-BR"},{"@type":"Organization","@id":"https:\/\/ww16.ce.gov.br\/cm-cb\/#organization","name":"Col\u00e9gio Militar do Corpo de Bombeiros","url":"https:\/\/ww16.ce.gov.br\/cm-cb\/","logo":{"@type":"ImageObject","inLanguage":"pt-BR","@id":"https:\/\/ww16.ce.gov.br\/cm-cb\/#\/schema\/logo\/image\/","url":"http:\/\/ww16.ce.gov.br\/cm-cb\/wp-content\/uploads\/sites\/62\/2018\/05\/cmcb-clara.png","contentUrl":"http:\/\/ww16.ce.gov.br\/cm-cb\/wp-content\/uploads\/sites\/62\/2018\/05\/cmcb-clara.png","width":559,"height":106,"caption":"Col\u00e9gio Militar do Corpo de Bombeiros"},"image":{"@id":"https:\/\/ww16.ce.gov.br\/cm-cb\/#\/schema\/logo\/image\/"}}]}},"_links":{"self":[{"href":"https:\/\/www.ce.gov.br\/cm-cb\/wp-json\/wp\/v2\/pages\/4443","targetHints":{"allow":["GET"]}}],"collection":[{"href":"https:\/\/www.ce.gov.br\/cm-cb\/wp-json\/wp\/v2\/pages"}],"about":[{"href":"https:\/\/www.ce.gov.br\/cm-cb\/wp-json\/wp\/v2\/types\/page"}],"author":[{"embeddable":true,"href":"https:\/\/www.ce.gov.br\/cm-cb\/wp-json\/wp\/v2\/users\/220"}],"replies":[{"embeddable":true,"href":"https:\/\/www.ce.gov.br\/cm-cb\/wp-json\/wp\/v2\/comments?post=4443"}],"version-history":[{"count":6,"href":"https:\/\/www.ce.gov.br\/cm-cb\/wp-json\/wp\/v2\/pages\/4443\/revisions"}],"predecessor-version":[{"id":4449,"href":"https:\/\/www.ce.gov.br\/cm-cb\/wp-json\/wp\/v2\/pages\/4443\/revisions\/4449"}],"up":[{"embeddable":true,"href":"https:\/\/www.ce.gov.br\/cm-cb\/wp-json\/wp\/v2\/pages\/4439"}],"wp:attachment":[{"href":"https:\/\/www.ce.gov.br\/cm-cb\/wp-json\/wp\/v2\/media?parent=4443"}],"curies":[{"name":"wp","href":"https:\/\/api.w.org\/{rel}","templated":true}]}}