{"id":4450,"date":"2022-09-14T16:26:58","date_gmt":"2022-09-14T19:26:58","guid":{"rendered":"http:\/\/ww16.ce.gov.br\/cm-cb\/?page_id=4450"},"modified":"2022-11-08T11:24:09","modified_gmt":"2022-11-08T14:24:09","slug":"xadrez","status":"publish","type":"page","link":"https:\/\/www.ce.gov.br\/cm-cb\/institucional\/disciplinas-diferenciais\/xadrez\/","title":{"rendered":"Xadrez"},"content":{"rendered":"<p>&nbsp;<\/p>\n<p>A disciplina de Xadrez foi criada em 2016, dentro da grade do 3\u00ba, do 4\u00ba e do 5\u00ba anos do CMCB, como uma disciplina obrigat\u00f3ria, atualmente sob a reg\u00eancia do tenente-coronel Edir e do cabo Bosco. O projeto funciona coordenado com a disciplina curricular de produ\u00e7\u00e3o textual da seguinte forma: cada uma das turmas dessas s\u00e9ries possui duas aulas semanais de produ\u00e7\u00e3o textual em que os alunos s\u00e3o orientados individualmente pelo professor. \u00c9 durante esses encontros que ocorrem as aulas de xadrez, voltadas para os estudantes que n\u00e3o est\u00e3o sendo atendidos.<\/p>\n<p>&nbsp;<\/p>\n<p>A metodologia utilizada tanto tem car\u00e1ter um t\u00e9cnico quanto um car\u00e1ter formativo. Como exemplo dessa dualidade, podemos citar os problemas solucionados no xadrez, que algumas vezes s\u00e3o dif\u00edceis, mas podem ser resolvidos quando mantemos a calma. Assim tamb\u00e9m \u00e9 na vida, quando nos deparamos muitas vezes com dificuldades, mas, mantendo a calma, muitas vezes \u00e9 poss\u00edvel encontrar solu\u00e7\u00f5es. Essas e outras analogias s\u00e3o adotadas nas aulas e h\u00e1 um enriquecimento pessoal para esses discentes.<\/p>\n<p>&nbsp;<\/p>\n<p>O jogo de xadrez concede aos alunos envolvidos uma inovadora &#8220;disciplina (escolar)&#8221;, um &#8220;jogo&#8221;, um &#8220;esporte&#8221;, uma &#8220;cultura&#8221;, um \u201cente l\u00fadico\u201d, dentre outros aspectos importantes, todos abrangendo desde condutas individuais e intera\u00e7\u00f5es coletivas at\u00e9 o conceito de respeito e cordialidade, englobando tamb\u00e9m a maximiza\u00e7\u00e3o de racioc\u00ednio, concentra\u00e7\u00e3o e a melhoria de desempenho nas outras disciplinas escolares.<\/p>\n<p>&nbsp;<\/p>\n<p>Essa melhoria \u00e9 capaz de gerar um significativo car\u00e1ter volunt\u00e1rio-participativo por parte dos alunos, fomentando uma interdisciplinaridade bastante bem-vinda e necess\u00e1ria no contexto do processo de ensino-aprendizagem contempor\u00e2neo. Esta soma de conhecimentos pode auxiliar ainda no desenvolvimento dos aspectos cognitivos acerca dos assuntos ministrados na disciplina de Matem\u00e1tica, bem como em outras mat\u00e9rias, como Artes, \u00c9tica, Educa\u00e7\u00e3o F\u00edsica, Filosofia, F\u00edsica etc.).<\/p>\n<p>&nbsp;<\/p>\n<p>Considerar as capacidades dos alunos com rela\u00e7\u00e3o \u00e0 aprendizagem de conceitos, procedimentos e atitudes e acrescentar a este aparato seus posicionamentos individuais e coletivos diante da ideia de jogo (e inclusive da concep\u00e7\u00e3o l\u00fadica do \u201cjogo de xadrez\u201d), tanto no que se refere \u00e0s regras quanto no que diz respeito \u00e0 sua possibilidade de desempenho e \u00e0 intera\u00e7\u00e3o com os outros, possibilita a eles adquirir a percep\u00e7\u00e3o de \u201csucesso pessoal\u201d, \u201csucesso do colega\u201d, \u201csucesso da equipe\u201d, \u201csucesso da escola\u201d, \u201cinsucesso\u201d etc. e permite que sejam capazes de colaborar com os demais colegas e com o(s) professor(es), interagindo com entusiasmo e incrementando \u201cautomaticamente\u201d benef\u00edcios escolares, n\u00e3o apenas em termos de notas, mas tamb\u00e9m em rela\u00e7\u00e3o \u00e0 forma\u00e7\u00e3o de uma pessoa melhor diante de situa\u00e7\u00f5es semelhantes e integrantes da vida de cada um e na \u201cess\u00eancia consciente\u201d de todos.<\/p>\n<p>&nbsp;<\/p>\n<p>&nbsp;<\/p>\n<p>&nbsp;<\/p>\n","protected":false},"excerpt":{"rendered":"<p>&nbsp; A disciplina de Xadrez foi criada em 2016, dentro da grade do 3\u00ba, do 4\u00ba e do 5\u00ba anos do CMCB, como uma disciplina obrigat\u00f3ria, atualmente sob a reg\u00eancia do tenente-coronel Edir e do cabo Bosco. O projeto funciona coordenado com a disciplina curricular de produ\u00e7\u00e3o textual da seguinte forma: cada uma das turmas [&hellip;]<\/p>\n","protected":false},"author":220,"featured_media":0,"parent":4439,"menu_order":0,"comment_status":"closed","ping_status":"closed","template":"","meta":{"_acf_changed":false,"inline_featured_image":false,"footnotes":""},"class_list":["post-4450","page","type-page","status-publish","hentry"],"acf":[],"yoast_head":"<!-- This site is optimized with the Yoast SEO plugin v27.3 - https:\/\/yoast.com\/product\/yoast-seo-wordpress\/ -->\n<title>Xadrez - CMCB<\/title>\n<meta name=\"robots\" content=\"index, follow, max-snippet:-1, max-image-preview:large, max-video-preview:-1\" \/>\n<link rel=\"canonical\" href=\"https:\/\/ww16.ce.gov.br\/cm-cb\/institucional\/disciplinas-diferenciais\/xadrez\/\" \/>\n<meta property=\"og:locale\" content=\"pt_BR\" \/>\n<meta property=\"og:type\" content=\"article\" \/>\n<meta property=\"og:title\" content=\"Xadrez - CMCB\" \/>\n<meta property=\"og:description\" content=\"&nbsp; A disciplina de Xadrez foi criada em 2016, dentro da grade do 3\u00ba, do 4\u00ba e do 5\u00ba anos do CMCB, como uma disciplina obrigat\u00f3ria, atualmente sob a reg\u00eancia do tenente-coronel Edir e do cabo Bosco. O projeto funciona coordenado com a disciplina curricular de produ\u00e7\u00e3o textual da seguinte forma: cada uma das turmas [&hellip;]\" \/>\n<meta property=\"og:url\" content=\"https:\/\/ww16.ce.gov.br\/cm-cb\/institucional\/disciplinas-diferenciais\/xadrez\/\" \/>\n<meta property=\"og:site_name\" content=\"CMCB\" \/>\n<meta property=\"article:modified_time\" content=\"2022-11-08T14:24:09+00:00\" \/>\n<meta name=\"twitter:card\" content=\"summary_large_image\" \/>\n<meta name=\"twitter:label1\" content=\"Est. reading time\" \/>\n\t<meta name=\"twitter:data1\" content=\"2 minutos\" \/>\n<script type=\"application\/ld+json\" class=\"yoast-schema-graph\">{\"@context\":\"https:\\\/\\\/schema.org\",\"@graph\":[{\"@type\":\"WebPage\",\"@id\":\"https:\\\/\\\/ww16.ce.gov.br\\\/cm-cb\\\/institucional\\\/disciplinas-diferenciais\\\/xadrez\\\/\",\"url\":\"https:\\\/\\\/ww16.ce.gov.br\\\/cm-cb\\\/institucional\\\/disciplinas-diferenciais\\\/xadrez\\\/\",\"name\":\"Xadrez - CMCB\",\"isPartOf\":{\"@id\":\"https:\\\/\\\/ww16.ce.gov.br\\\/cm-cb\\\/#website\"},\"datePublished\":\"2022-09-14T19:26:58+00:00\",\"dateModified\":\"2022-11-08T14:24:09+00:00\",\"breadcrumb\":{\"@id\":\"https:\\\/\\\/ww16.ce.gov.br\\\/cm-cb\\\/institucional\\\/disciplinas-diferenciais\\\/xadrez\\\/#breadcrumb\"},\"inLanguage\":\"pt-BR\",\"potentialAction\":[{\"@type\":\"ReadAction\",\"target\":[\"https:\\\/\\\/ww16.ce.gov.br\\\/cm-cb\\\/institucional\\\/disciplinas-diferenciais\\\/xadrez\\\/\"]}]},{\"@type\":\"BreadcrumbList\",\"@id\":\"https:\\\/\\\/ww16.ce.gov.br\\\/cm-cb\\\/institucional\\\/disciplinas-diferenciais\\\/xadrez\\\/#breadcrumb\",\"itemListElement\":[{\"@type\":\"ListItem\",\"position\":1,\"name\":\"In\u00edcio\",\"item\":\"https:\\\/\\\/ww16.ce.gov.br\\\/cm-cb\\\/\"},{\"@type\":\"ListItem\",\"position\":2,\"name\":\"Institucional\",\"item\":\"https:\\\/\\\/ww16.ce.gov.br\\\/cm-cb\\\/institucional\\\/\"},{\"@type\":\"ListItem\",\"position\":3,\"name\":\"Disciplinas Diferenciais\",\"item\":\"https:\\\/\\\/ww16.ce.gov.br\\\/cm-cb\\\/institucional\\\/disciplinas-diferenciais\\\/\"},{\"@type\":\"ListItem\",\"position\":4,\"name\":\"Xadrez\"}]},{\"@type\":\"WebSite\",\"@id\":\"https:\\\/\\\/ww16.ce.gov.br\\\/cm-cb\\\/#website\",\"url\":\"https:\\\/\\\/ww16.ce.gov.br\\\/cm-cb\\\/\",\"name\":\"Col\u00e9gio Militar do Corpo de Bombeiros\",\"description\":\"Portal CMCB\",\"publisher\":{\"@id\":\"https:\\\/\\\/ww16.ce.gov.br\\\/cm-cb\\\/#organization\"},\"potentialAction\":[{\"@type\":\"SearchAction\",\"target\":{\"@type\":\"EntryPoint\",\"urlTemplate\":\"https:\\\/\\\/ww16.ce.gov.br\\\/cm-cb\\\/?s={search_term_string}\"},\"query-input\":{\"@type\":\"PropertyValueSpecification\",\"valueRequired\":true,\"valueName\":\"search_term_string\"}}],\"inLanguage\":\"pt-BR\"},{\"@type\":\"Organization\",\"@id\":\"https:\\\/\\\/ww16.ce.gov.br\\\/cm-cb\\\/#organization\",\"name\":\"Col\u00e9gio Militar do Corpo de Bombeiros\",\"url\":\"https:\\\/\\\/ww16.ce.gov.br\\\/cm-cb\\\/\",\"logo\":{\"@type\":\"ImageObject\",\"inLanguage\":\"pt-BR\",\"@id\":\"https:\\\/\\\/ww16.ce.gov.br\\\/cm-cb\\\/#\\\/schema\\\/logo\\\/image\\\/\",\"url\":\"http:\\\/\\\/ww16.ce.gov.br\\\/cm-cb\\\/wp-content\\\/uploads\\\/sites\\\/62\\\/2018\\\/05\\\/cmcb-clara.png\",\"contentUrl\":\"http:\\\/\\\/ww16.ce.gov.br\\\/cm-cb\\\/wp-content\\\/uploads\\\/sites\\\/62\\\/2018\\\/05\\\/cmcb-clara.png\",\"width\":559,\"height\":106,\"caption\":\"Col\u00e9gio Militar do Corpo de Bombeiros\"},\"image\":{\"@id\":\"https:\\\/\\\/ww16.ce.gov.br\\\/cm-cb\\\/#\\\/schema\\\/logo\\\/image\\\/\"}}]}<\/script>\n<!-- \/ Yoast SEO plugin. -->","yoast_head_json":{"title":"Xadrez - CMCB","robots":{"index":"index","follow":"follow","max-snippet":"max-snippet:-1","max-image-preview":"max-image-preview:large","max-video-preview":"max-video-preview:-1"},"canonical":"https:\/\/ww16.ce.gov.br\/cm-cb\/institucional\/disciplinas-diferenciais\/xadrez\/","og_locale":"pt_BR","og_type":"article","og_title":"Xadrez - CMCB","og_description":"&nbsp; A disciplina de Xadrez foi criada em 2016, dentro da grade do 3\u00ba, do 4\u00ba e do 5\u00ba anos do CMCB, como uma disciplina obrigat\u00f3ria, atualmente sob a reg\u00eancia do tenente-coronel Edir e do cabo Bosco. O projeto funciona coordenado com a disciplina curricular de produ\u00e7\u00e3o textual da seguinte forma: cada uma das turmas [&hellip;]","og_url":"https:\/\/ww16.ce.gov.br\/cm-cb\/institucional\/disciplinas-diferenciais\/xadrez\/","og_site_name":"CMCB","article_modified_time":"2022-11-08T14:24:09+00:00","twitter_card":"summary_large_image","twitter_misc":{"Est. reading time":"2 minutos"},"schema":{"@context":"https:\/\/schema.org","@graph":[{"@type":"WebPage","@id":"https:\/\/ww16.ce.gov.br\/cm-cb\/institucional\/disciplinas-diferenciais\/xadrez\/","url":"https:\/\/ww16.ce.gov.br\/cm-cb\/institucional\/disciplinas-diferenciais\/xadrez\/","name":"Xadrez - CMCB","isPartOf":{"@id":"https:\/\/ww16.ce.gov.br\/cm-cb\/#website"},"datePublished":"2022-09-14T19:26:58+00:00","dateModified":"2022-11-08T14:24:09+00:00","breadcrumb":{"@id":"https:\/\/ww16.ce.gov.br\/cm-cb\/institucional\/disciplinas-diferenciais\/xadrez\/#breadcrumb"},"inLanguage":"pt-BR","potentialAction":[{"@type":"ReadAction","target":["https:\/\/ww16.ce.gov.br\/cm-cb\/institucional\/disciplinas-diferenciais\/xadrez\/"]}]},{"@type":"BreadcrumbList","@id":"https:\/\/ww16.ce.gov.br\/cm-cb\/institucional\/disciplinas-diferenciais\/xadrez\/#breadcrumb","itemListElement":[{"@type":"ListItem","position":1,"name":"In\u00edcio","item":"https:\/\/ww16.ce.gov.br\/cm-cb\/"},{"@type":"ListItem","position":2,"name":"Institucional","item":"https:\/\/ww16.ce.gov.br\/cm-cb\/institucional\/"},{"@type":"ListItem","position":3,"name":"Disciplinas Diferenciais","item":"https:\/\/ww16.ce.gov.br\/cm-cb\/institucional\/disciplinas-diferenciais\/"},{"@type":"ListItem","position":4,"name":"Xadrez"}]},{"@type":"WebSite","@id":"https:\/\/ww16.ce.gov.br\/cm-cb\/#website","url":"https:\/\/ww16.ce.gov.br\/cm-cb\/","name":"Col\u00e9gio Militar do Corpo de Bombeiros","description":"Portal CMCB","publisher":{"@id":"https:\/\/ww16.ce.gov.br\/cm-cb\/#organization"},"potentialAction":[{"@type":"SearchAction","target":{"@type":"EntryPoint","urlTemplate":"https:\/\/ww16.ce.gov.br\/cm-cb\/?s={search_term_string}"},"query-input":{"@type":"PropertyValueSpecification","valueRequired":true,"valueName":"search_term_string"}}],"inLanguage":"pt-BR"},{"@type":"Organization","@id":"https:\/\/ww16.ce.gov.br\/cm-cb\/#organization","name":"Col\u00e9gio Militar do Corpo de Bombeiros","url":"https:\/\/ww16.ce.gov.br\/cm-cb\/","logo":{"@type":"ImageObject","inLanguage":"pt-BR","@id":"https:\/\/ww16.ce.gov.br\/cm-cb\/#\/schema\/logo\/image\/","url":"http:\/\/ww16.ce.gov.br\/cm-cb\/wp-content\/uploads\/sites\/62\/2018\/05\/cmcb-clara.png","contentUrl":"http:\/\/ww16.ce.gov.br\/cm-cb\/wp-content\/uploads\/sites\/62\/2018\/05\/cmcb-clara.png","width":559,"height":106,"caption":"Col\u00e9gio Militar do Corpo de Bombeiros"},"image":{"@id":"https:\/\/ww16.ce.gov.br\/cm-cb\/#\/schema\/logo\/image\/"}}]}},"_links":{"self":[{"href":"https:\/\/www.ce.gov.br\/cm-cb\/wp-json\/wp\/v2\/pages\/4450","targetHints":{"allow":["GET"]}}],"collection":[{"href":"https:\/\/www.ce.gov.br\/cm-cb\/wp-json\/wp\/v2\/pages"}],"about":[{"href":"https:\/\/www.ce.gov.br\/cm-cb\/wp-json\/wp\/v2\/types\/page"}],"author":[{"embeddable":true,"href":"https:\/\/www.ce.gov.br\/cm-cb\/wp-json\/wp\/v2\/users\/220"}],"replies":[{"embeddable":true,"href":"https:\/\/www.ce.gov.br\/cm-cb\/wp-json\/wp\/v2\/comments?post=4450"}],"version-history":[{"count":3,"href":"https:\/\/www.ce.gov.br\/cm-cb\/wp-json\/wp\/v2\/pages\/4450\/revisions"}],"predecessor-version":[{"id":4505,"href":"https:\/\/www.ce.gov.br\/cm-cb\/wp-json\/wp\/v2\/pages\/4450\/revisions\/4505"}],"up":[{"embeddable":true,"href":"https:\/\/www.ce.gov.br\/cm-cb\/wp-json\/wp\/v2\/pages\/4439"}],"wp:attachment":[{"href":"https:\/\/www.ce.gov.br\/cm-cb\/wp-json\/wp\/v2\/media?parent=4450"}],"curies":[{"name":"wp","href":"https:\/\/api.w.org\/{rel}","templated":true}]}}