{"id":4507,"date":"2022-11-08T16:11:07","date_gmt":"2022-11-08T19:11:07","guid":{"rendered":"http:\/\/ww16.ce.gov.br\/cm-cb\/?page_id=4507"},"modified":"2022-11-18T23:06:25","modified_gmt":"2022-11-19T02:06:25","slug":"robotica","status":"publish","type":"page","link":"https:\/\/www.ce.gov.br\/cm-cb\/institucional\/disciplinas-diferenciais\/robotica\/","title":{"rendered":"Rob\u00f3tica"},"content":{"rendered":"<p>Criado em 2012, o clube da rob\u00f3tica do CMCB tem como objetivo trabalhar a Rob\u00f3tica Educacional com alunos do ensino fundamental e m\u00e9dio.<br \/>\nDesde ent\u00e3o tem participado ativamente de feiras, congressos e olimpiadas que envolvem a tem\u00e1tica da rob\u00f3tica educacional, como:<\/p>\n<p>&nbsp;<\/p>\n<p>&#8211; MNR &#8211; Mostra Nacional de Rob\u00f3tica 2013, cidade de Fortaleza\/CE, com o projeto \u201cLixeira Interativa para Deficientes Visuais\u201d, obteve a premia\u00e7\u00e3o de M\u00e9rito T\u00e9cnico, Aplica\u00e7\u00e3o Destaque e 02 (duas) Bolsas de Inicia\u00e7\u00e3o Cient\u00edfica J\u00fanior (ICJ), ofertadas pelo Conselho Nacional de Desenvolvimento Cient\u00edfico e Tecnologico (CNPq);<\/p>\n<p>&nbsp;<\/p>\n<p>&#8211; MNR &#8211; Mostra Nacional de Rob\u00f3tica 2014, cidade de S\u00e3o Carlos\/SP, apresenta\u00e7\u00e3o dos resultados do aprimoramento do projeto \u201cLixeira Interativa para Deficientes Visuais\u201d;<\/p>\n<p>&nbsp;<\/p>\n<p>&#8211; RoboParty@RoboCup 2014, cidade de Jo\u00e3o Pessoa\/PB;<\/p>\n<p>&nbsp;<\/p>\n<p>&#8211; III Feira Nacional de Matem\u00e1tica 2014, cidade de Salvador\/BA, artigo cient\u00edfico\u201cRob\u00f3tica Educacional para Aumento da Percep\u00e7\u00e3o Matem\u00e1tica no Ensino M\u00e9dio\u201d, obten\u00e7\u00e3o de premia\u00e7\u00e3o Destaque e 02 (duas) bolsas ICJ, ofertadas pelo Conselho Nacional de Desenvolvimento Cient\u00edfico e Tecnol\u00f3gico (CNPq);<\/p>\n<p>&nbsp;<\/p>\n<p>&#8211; PlayEnergy 2020, com uma equipe finalista para o desafio Online Challenge, ocorrido durante o Campus Party Spotlight em 28 e 29 de janeiro de 2021;<\/p>\n<p>&nbsp;<\/p>\n<p>&#8211; Cear\u00e1 Faz Ci\u00eancia 2021, com o projeto \u201cEsteira Sanitizante de Baixo Custo para Centros Educacionais&#8221;. Equipe premiada como projeto destaque;<\/p>\n<p>&nbsp;<\/p>\n<p>&#8211; FEBRACE 2021, com o projeto \u201cEsteira Sanitizante de Baixo Custo para Centros Educacionais\u201d;<\/p>\n<p>&nbsp;<\/p>\n<p>&#8211; MNR &#8211; Mostra Nacional de Rob\u00f3tica 2021, edi\u00e7\u00e3o virtual, com o projeto \u201cEsteira Sanitizante de Baixo Custo para Centros Educacionais\u201d, obteve a premia\u00e7\u00e3o de M\u00e9rito T\u00e9cnico, Aplica\u00e7\u00e3o Destaque e 05 (duas) Bolsas de Inicia\u00e7\u00e3o Cient\u00edfica J\u00fanior (ICJ), ofertadas pelo Conselho Nacional de Desenvolvimento Cient\u00edfico e Tecnol\u00f3gico (CNPq);<\/p>\n<p>&nbsp;<\/p>\n<p>No ano de 2022, com o retorno das atividades presenciais, temos 74 alunos participando do clube de rob\u00f3tica e 04 professores engajados com o projeto educacional STEM (ci\u00eancia, tecnologia, engenharia e matem\u00e1tica)<\/p>\n<p>&nbsp;<\/p>\n<p>Na Olimp\u00edada Brasileira de Rob\u00f3tica, esse \u00e9 o hist\u00f3rico dos nossos alunos:<\/p>\n<p><img loading=\"lazy\" decoding=\"async\" class=\"aligncenter wp-image-4544 size-medium\" src=\"https:\/\/ww16.ce.gov.br\/cm-cb\/wp-content\/uploads\/sites\/45\/2022\/11\/Design-sem-nome-15-e1668823449320-600x234.png\" alt=\"\" width=\"590\" height=\"230\" srcset=\"https:\/\/www.ce.gov.br\/cm-cb\/wp-content\/uploads\/sites\/45\/2022\/11\/Design-sem-nome-15-e1668823449320-600x234.png 600w, https:\/\/www.ce.gov.br\/cm-cb\/wp-content\/uploads\/sites\/45\/2022\/11\/Design-sem-nome-15-e1668823449320-120x46.png 120w, https:\/\/www.ce.gov.br\/cm-cb\/wp-content\/uploads\/sites\/45\/2022\/11\/Design-sem-nome-15-e1668823449320-768x299.png 768w, https:\/\/www.ce.gov.br\/cm-cb\/wp-content\/uploads\/sites\/45\/2022\/11\/Design-sem-nome-15-e1668823449320.png 1080w\" sizes=\"auto, (max-width: 590px) 100vw, 590px\" \/><\/p>\n","protected":false},"excerpt":{"rendered":"<p>Criado em 2012, o clube da rob\u00f3tica do CMCB tem como objetivo trabalhar a Rob\u00f3tica Educacional com alunos do ensino fundamental e m\u00e9dio. Desde ent\u00e3o tem participado ativamente de feiras, congressos e olimpiadas que envolvem a tem\u00e1tica da rob\u00f3tica educacional, como: &nbsp; &#8211; MNR &#8211; Mostra Nacional de Rob\u00f3tica 2013, cidade de Fortaleza\/CE, com o [&hellip;]<\/p>\n","protected":false},"author":220,"featured_media":0,"parent":4439,"menu_order":0,"comment_status":"closed","ping_status":"closed","template":"","meta":{"_acf_changed":false,"inline_featured_image":false,"footnotes":""},"class_list":["post-4507","page","type-page","status-publish","hentry"],"acf":[],"yoast_head":"<!-- This site is optimized with the Yoast SEO plugin v27.3 - https:\/\/yoast.com\/product\/yoast-seo-wordpress\/ -->\n<title>Rob\u00f3tica - CMCB<\/title>\n<meta name=\"robots\" content=\"index, follow, max-snippet:-1, max-image-preview:large, max-video-preview:-1\" \/>\n<link rel=\"canonical\" href=\"https:\/\/ww16.ce.gov.br\/cm-cb\/institucional\/disciplinas-diferenciais\/robotica\/\" \/>\n<meta property=\"og:locale\" content=\"pt_BR\" \/>\n<meta property=\"og:type\" content=\"article\" \/>\n<meta property=\"og:title\" content=\"Rob\u00f3tica - CMCB\" \/>\n<meta property=\"og:description\" content=\"Criado em 2012, o clube da rob\u00f3tica do CMCB tem como objetivo trabalhar a Rob\u00f3tica Educacional com alunos do ensino fundamental e m\u00e9dio. Desde ent\u00e3o tem participado ativamente de feiras, congressos e olimpiadas que envolvem a tem\u00e1tica da rob\u00f3tica educacional, como: &nbsp; &#8211; MNR &#8211; Mostra Nacional de Rob\u00f3tica 2013, cidade de Fortaleza\/CE, com o [&hellip;]\" \/>\n<meta property=\"og:url\" content=\"https:\/\/ww16.ce.gov.br\/cm-cb\/institucional\/disciplinas-diferenciais\/robotica\/\" \/>\n<meta property=\"og:site_name\" content=\"CMCB\" \/>\n<meta property=\"article:modified_time\" content=\"2022-11-19T02:06:25+00:00\" \/>\n<meta property=\"og:image\" content=\"http:\/\/ww16.ce.gov.br\/cm-cb\/wp-content\/uploads\/sites\/45\/2022\/11\/Design-sem-nome-15-e1668823449320-600x234.png\" \/>\n<meta name=\"twitter:card\" content=\"summary_large_image\" \/>\n<meta name=\"twitter:label1\" content=\"Est. reading time\" \/>\n\t<meta name=\"twitter:data1\" content=\"2 minutos\" \/>\n<script type=\"application\/ld+json\" class=\"yoast-schema-graph\">{\"@context\":\"https:\\\/\\\/schema.org\",\"@graph\":[{\"@type\":\"WebPage\",\"@id\":\"https:\\\/\\\/ww16.ce.gov.br\\\/cm-cb\\\/institucional\\\/disciplinas-diferenciais\\\/robotica\\\/\",\"url\":\"https:\\\/\\\/ww16.ce.gov.br\\\/cm-cb\\\/institucional\\\/disciplinas-diferenciais\\\/robotica\\\/\",\"name\":\"Rob\u00f3tica - CMCB\",\"isPartOf\":{\"@id\":\"https:\\\/\\\/ww16.ce.gov.br\\\/cm-cb\\\/#website\"},\"primaryImageOfPage\":{\"@id\":\"https:\\\/\\\/ww16.ce.gov.br\\\/cm-cb\\\/institucional\\\/disciplinas-diferenciais\\\/robotica\\\/#primaryimage\"},\"image\":{\"@id\":\"https:\\\/\\\/ww16.ce.gov.br\\\/cm-cb\\\/institucional\\\/disciplinas-diferenciais\\\/robotica\\\/#primaryimage\"},\"thumbnailUrl\":\"http:\\\/\\\/ww16.ce.gov.br\\\/cm-cb\\\/wp-content\\\/uploads\\\/sites\\\/45\\\/2022\\\/11\\\/Design-sem-nome-15-e1668823449320-600x234.png\",\"datePublished\":\"2022-11-08T19:11:07+00:00\",\"dateModified\":\"2022-11-19T02:06:25+00:00\",\"breadcrumb\":{\"@id\":\"https:\\\/\\\/ww16.ce.gov.br\\\/cm-cb\\\/institucional\\\/disciplinas-diferenciais\\\/robotica\\\/#breadcrumb\"},\"inLanguage\":\"pt-BR\",\"potentialAction\":[{\"@type\":\"ReadAction\",\"target\":[\"https:\\\/\\\/ww16.ce.gov.br\\\/cm-cb\\\/institucional\\\/disciplinas-diferenciais\\\/robotica\\\/\"]}]},{\"@type\":\"ImageObject\",\"inLanguage\":\"pt-BR\",\"@id\":\"https:\\\/\\\/ww16.ce.gov.br\\\/cm-cb\\\/institucional\\\/disciplinas-diferenciais\\\/robotica\\\/#primaryimage\",\"url\":\"http:\\\/\\\/ww16.ce.gov.br\\\/cm-cb\\\/wp-content\\\/uploads\\\/sites\\\/45\\\/2022\\\/11\\\/Design-sem-nome-15-e1668823449320-600x234.png\",\"contentUrl\":\"http:\\\/\\\/ww16.ce.gov.br\\\/cm-cb\\\/wp-content\\\/uploads\\\/sites\\\/45\\\/2022\\\/11\\\/Design-sem-nome-15-e1668823449320-600x234.png\"},{\"@type\":\"BreadcrumbList\",\"@id\":\"https:\\\/\\\/ww16.ce.gov.br\\\/cm-cb\\\/institucional\\\/disciplinas-diferenciais\\\/robotica\\\/#breadcrumb\",\"itemListElement\":[{\"@type\":\"ListItem\",\"position\":1,\"name\":\"In\u00edcio\",\"item\":\"https:\\\/\\\/ww16.ce.gov.br\\\/cm-cb\\\/\"},{\"@type\":\"ListItem\",\"position\":2,\"name\":\"Institucional\",\"item\":\"https:\\\/\\\/ww16.ce.gov.br\\\/cm-cb\\\/institucional\\\/\"},{\"@type\":\"ListItem\",\"position\":3,\"name\":\"Disciplinas Diferenciais\",\"item\":\"https:\\\/\\\/ww16.ce.gov.br\\\/cm-cb\\\/institucional\\\/disciplinas-diferenciais\\\/\"},{\"@type\":\"ListItem\",\"position\":4,\"name\":\"Rob\u00f3tica\"}]},{\"@type\":\"WebSite\",\"@id\":\"https:\\\/\\\/ww16.ce.gov.br\\\/cm-cb\\\/#website\",\"url\":\"https:\\\/\\\/ww16.ce.gov.br\\\/cm-cb\\\/\",\"name\":\"Col\u00e9gio Militar do Corpo de Bombeiros\",\"description\":\"Portal CMCB\",\"publisher\":{\"@id\":\"https:\\\/\\\/ww16.ce.gov.br\\\/cm-cb\\\/#organization\"},\"potentialAction\":[{\"@type\":\"SearchAction\",\"target\":{\"@type\":\"EntryPoint\",\"urlTemplate\":\"https:\\\/\\\/ww16.ce.gov.br\\\/cm-cb\\\/?s={search_term_string}\"},\"query-input\":{\"@type\":\"PropertyValueSpecification\",\"valueRequired\":true,\"valueName\":\"search_term_string\"}}],\"inLanguage\":\"pt-BR\"},{\"@type\":\"Organization\",\"@id\":\"https:\\\/\\\/ww16.ce.gov.br\\\/cm-cb\\\/#organization\",\"name\":\"Col\u00e9gio Militar do Corpo de Bombeiros\",\"url\":\"https:\\\/\\\/ww16.ce.gov.br\\\/cm-cb\\\/\",\"logo\":{\"@type\":\"ImageObject\",\"inLanguage\":\"pt-BR\",\"@id\":\"https:\\\/\\\/ww16.ce.gov.br\\\/cm-cb\\\/#\\\/schema\\\/logo\\\/image\\\/\",\"url\":\"http:\\\/\\\/ww16.ce.gov.br\\\/cm-cb\\\/wp-content\\\/uploads\\\/sites\\\/62\\\/2018\\\/05\\\/cmcb-clara.png\",\"contentUrl\":\"http:\\\/\\\/ww16.ce.gov.br\\\/cm-cb\\\/wp-content\\\/uploads\\\/sites\\\/62\\\/2018\\\/05\\\/cmcb-clara.png\",\"width\":559,\"height\":106,\"caption\":\"Col\u00e9gio Militar do Corpo de Bombeiros\"},\"image\":{\"@id\":\"https:\\\/\\\/ww16.ce.gov.br\\\/cm-cb\\\/#\\\/schema\\\/logo\\\/image\\\/\"}}]}<\/script>\n<!-- \/ Yoast SEO plugin. -->","yoast_head_json":{"title":"Rob\u00f3tica - CMCB","robots":{"index":"index","follow":"follow","max-snippet":"max-snippet:-1","max-image-preview":"max-image-preview:large","max-video-preview":"max-video-preview:-1"},"canonical":"https:\/\/ww16.ce.gov.br\/cm-cb\/institucional\/disciplinas-diferenciais\/robotica\/","og_locale":"pt_BR","og_type":"article","og_title":"Rob\u00f3tica - CMCB","og_description":"Criado em 2012, o clube da rob\u00f3tica do CMCB tem como objetivo trabalhar a Rob\u00f3tica Educacional com alunos do ensino fundamental e m\u00e9dio. Desde ent\u00e3o tem participado ativamente de feiras, congressos e olimpiadas que envolvem a tem\u00e1tica da rob\u00f3tica educacional, como: &nbsp; &#8211; MNR &#8211; Mostra Nacional de Rob\u00f3tica 2013, cidade de Fortaleza\/CE, com o [&hellip;]","og_url":"https:\/\/ww16.ce.gov.br\/cm-cb\/institucional\/disciplinas-diferenciais\/robotica\/","og_site_name":"CMCB","article_modified_time":"2022-11-19T02:06:25+00:00","og_image":[{"url":"http:\/\/ww16.ce.gov.br\/cm-cb\/wp-content\/uploads\/sites\/45\/2022\/11\/Design-sem-nome-15-e1668823449320-600x234.png","type":"","width":"","height":""}],"twitter_card":"summary_large_image","twitter_misc":{"Est. reading time":"2 minutos"},"schema":{"@context":"https:\/\/schema.org","@graph":[{"@type":"WebPage","@id":"https:\/\/ww16.ce.gov.br\/cm-cb\/institucional\/disciplinas-diferenciais\/robotica\/","url":"https:\/\/ww16.ce.gov.br\/cm-cb\/institucional\/disciplinas-diferenciais\/robotica\/","name":"Rob\u00f3tica - CMCB","isPartOf":{"@id":"https:\/\/ww16.ce.gov.br\/cm-cb\/#website"},"primaryImageOfPage":{"@id":"https:\/\/ww16.ce.gov.br\/cm-cb\/institucional\/disciplinas-diferenciais\/robotica\/#primaryimage"},"image":{"@id":"https:\/\/ww16.ce.gov.br\/cm-cb\/institucional\/disciplinas-diferenciais\/robotica\/#primaryimage"},"thumbnailUrl":"http:\/\/ww16.ce.gov.br\/cm-cb\/wp-content\/uploads\/sites\/45\/2022\/11\/Design-sem-nome-15-e1668823449320-600x234.png","datePublished":"2022-11-08T19:11:07+00:00","dateModified":"2022-11-19T02:06:25+00:00","breadcrumb":{"@id":"https:\/\/ww16.ce.gov.br\/cm-cb\/institucional\/disciplinas-diferenciais\/robotica\/#breadcrumb"},"inLanguage":"pt-BR","potentialAction":[{"@type":"ReadAction","target":["https:\/\/ww16.ce.gov.br\/cm-cb\/institucional\/disciplinas-diferenciais\/robotica\/"]}]},{"@type":"ImageObject","inLanguage":"pt-BR","@id":"https:\/\/ww16.ce.gov.br\/cm-cb\/institucional\/disciplinas-diferenciais\/robotica\/#primaryimage","url":"http:\/\/ww16.ce.gov.br\/cm-cb\/wp-content\/uploads\/sites\/45\/2022\/11\/Design-sem-nome-15-e1668823449320-600x234.png","contentUrl":"http:\/\/ww16.ce.gov.br\/cm-cb\/wp-content\/uploads\/sites\/45\/2022\/11\/Design-sem-nome-15-e1668823449320-600x234.png"},{"@type":"BreadcrumbList","@id":"https:\/\/ww16.ce.gov.br\/cm-cb\/institucional\/disciplinas-diferenciais\/robotica\/#breadcrumb","itemListElement":[{"@type":"ListItem","position":1,"name":"In\u00edcio","item":"https:\/\/ww16.ce.gov.br\/cm-cb\/"},{"@type":"ListItem","position":2,"name":"Institucional","item":"https:\/\/ww16.ce.gov.br\/cm-cb\/institucional\/"},{"@type":"ListItem","position":3,"name":"Disciplinas Diferenciais","item":"https:\/\/ww16.ce.gov.br\/cm-cb\/institucional\/disciplinas-diferenciais\/"},{"@type":"ListItem","position":4,"name":"Rob\u00f3tica"}]},{"@type":"WebSite","@id":"https:\/\/ww16.ce.gov.br\/cm-cb\/#website","url":"https:\/\/ww16.ce.gov.br\/cm-cb\/","name":"Col\u00e9gio Militar do Corpo de Bombeiros","description":"Portal CMCB","publisher":{"@id":"https:\/\/ww16.ce.gov.br\/cm-cb\/#organization"},"potentialAction":[{"@type":"SearchAction","target":{"@type":"EntryPoint","urlTemplate":"https:\/\/ww16.ce.gov.br\/cm-cb\/?s={search_term_string}"},"query-input":{"@type":"PropertyValueSpecification","valueRequired":true,"valueName":"search_term_string"}}],"inLanguage":"pt-BR"},{"@type":"Organization","@id":"https:\/\/ww16.ce.gov.br\/cm-cb\/#organization","name":"Col\u00e9gio Militar do Corpo de Bombeiros","url":"https:\/\/ww16.ce.gov.br\/cm-cb\/","logo":{"@type":"ImageObject","inLanguage":"pt-BR","@id":"https:\/\/ww16.ce.gov.br\/cm-cb\/#\/schema\/logo\/image\/","url":"http:\/\/ww16.ce.gov.br\/cm-cb\/wp-content\/uploads\/sites\/62\/2018\/05\/cmcb-clara.png","contentUrl":"http:\/\/ww16.ce.gov.br\/cm-cb\/wp-content\/uploads\/sites\/62\/2018\/05\/cmcb-clara.png","width":559,"height":106,"caption":"Col\u00e9gio Militar do Corpo de Bombeiros"},"image":{"@id":"https:\/\/ww16.ce.gov.br\/cm-cb\/#\/schema\/logo\/image\/"}}]}},"_links":{"self":[{"href":"https:\/\/www.ce.gov.br\/cm-cb\/wp-json\/wp\/v2\/pages\/4507","targetHints":{"allow":["GET"]}}],"collection":[{"href":"https:\/\/www.ce.gov.br\/cm-cb\/wp-json\/wp\/v2\/pages"}],"about":[{"href":"https:\/\/www.ce.gov.br\/cm-cb\/wp-json\/wp\/v2\/types\/page"}],"author":[{"embeddable":true,"href":"https:\/\/www.ce.gov.br\/cm-cb\/wp-json\/wp\/v2\/users\/220"}],"replies":[{"embeddable":true,"href":"https:\/\/www.ce.gov.br\/cm-cb\/wp-json\/wp\/v2\/comments?post=4507"}],"version-history":[{"count":5,"href":"https:\/\/www.ce.gov.br\/cm-cb\/wp-json\/wp\/v2\/pages\/4507\/revisions"}],"predecessor-version":[{"id":4546,"href":"https:\/\/www.ce.gov.br\/cm-cb\/wp-json\/wp\/v2\/pages\/4507\/revisions\/4546"}],"up":[{"embeddable":true,"href":"https:\/\/www.ce.gov.br\/cm-cb\/wp-json\/wp\/v2\/pages\/4439"}],"wp:attachment":[{"href":"https:\/\/www.ce.gov.br\/cm-cb\/wp-json\/wp\/v2\/media?parent=4507"}],"curies":[{"name":"wp","href":"https:\/\/api.w.org\/{rel}","templated":true}]}}