{"id":4582,"date":"2022-11-29T11:46:42","date_gmt":"2022-11-29T14:46:42","guid":{"rendered":"http:\/\/ww16.ce.gov.br\/cm-cb\/?page_id=4582"},"modified":"2022-12-05T09:31:09","modified_gmt":"2022-12-05T12:31:09","slug":"astronomia","status":"publish","type":"page","link":"https:\/\/www.ce.gov.br\/cm-cb\/institucional\/disciplinas-diferenciais\/astronomia\/","title":{"rendered":"Astronomia"},"content":{"rendered":"<p>A disciplina de astronomia surgiu em 2016, por determina\u00e7\u00e3o do major Francisco Albert Einstein Lima Arruda, coordenador pedag\u00f3gico da escola \u00e0 \u00e9poca. Juntamente com o capit\u00e3o Joel Nobre, professor de f\u00edsica, ele ministrava as aulas da mat\u00e9ria para o 8\u00ba Ano, com o prop\u00f3sito de fomentar o interesse dos alunos pela f\u00edsica e pela qu\u00edmica, que come\u00e7ariam a estudar no 9\u00ba Ano.<\/p>\n<p>Em 2017, o tenente Rom\u00e1rio Fernandes assumiu a disciplina, que foi transferida para o 7\u00ba ano, reorientando o foco do projeto, que passou a mirar olimp\u00edadas e competi\u00e7\u00f5es estudantis associadas \u00e0 \u00e1rea de Astronomia.<\/p>\n<p>Com um primeiro semestre ancorado no programa da Olimp\u00edada Brasileira de Astronomia (OBA), a escola passou a obter resultados expressivos na maior competi\u00e7\u00e3o nacional da \u00e1rea, como se v\u00ea na tabela abaixo:<\/p>\n<p><img loading=\"lazy\" decoding=\"async\" class=\"aligncenter wp-image-4581\" src=\"https:\/\/ww16.ce.gov.br\/cm-cb\/wp-content\/uploads\/sites\/45\/2022\/11\/OBA-Medalhas-2009-a-2022.jpeg\" alt=\"\" width=\"500\" height=\"313\" srcset=\"https:\/\/www.ce.gov.br\/cm-cb\/wp-content\/uploads\/sites\/45\/2022\/11\/OBA-Medalhas-2009-a-2022.jpeg 786w, https:\/\/www.ce.gov.br\/cm-cb\/wp-content\/uploads\/sites\/45\/2022\/11\/OBA-Medalhas-2009-a-2022-600x376.jpeg 600w, https:\/\/www.ce.gov.br\/cm-cb\/wp-content\/uploads\/sites\/45\/2022\/11\/OBA-Medalhas-2009-a-2022-768x481.jpeg 768w\" sizes=\"auto, (max-width: 500px) 100vw, 500px\" \/><\/p>\n<p>Ainda se tratando da OBA, \u00e9 preciso destacar a quantidade de alunos da escola convidados a participar anualmente das seletivas das olimp\u00edadas internacionais de astronomia. Alunos de 9\u00ba ano com nota igual ou superior a 9 na OBA n\u00edvel 3 e alunos do M\u00e9dio com nota igual ou superior a 7 na OBA n\u00edvel 4 s\u00e3o chamados a participar do processo seletivo que visa \u00e0 forma\u00e7\u00e3o das equipes nacionais que participar\u00e3o da Olimp\u00edada Internacional de Astronomia e da Olimp\u00edada Latinoamericana de Astronomia, que acontecem todos os anos.<\/p>\n<p><img loading=\"lazy\" decoding=\"async\" class=\"aligncenter wp-image-4584\" src=\"https:\/\/ww16.ce.gov.br\/cm-cb\/wp-content\/uploads\/sites\/45\/2022\/11\/Seletivas-Convocados-2018-a-2022.jpeg\" alt=\"\" width=\"213\" height=\"150\" \/><\/p>\n<p>No segundo semestre, os alunos desenvolvem atividades mais pr\u00e1ticas. Observam as varia\u00e7\u00f5es da sombra de uma vareta em torno do meio-dia, tomam nota da presen\u00e7a e da varia\u00e7\u00e3o de posi\u00e7\u00e3o de planetas e estrelas no c\u00e9u noturno e constroem foguetes de garrafa PET que s\u00e3o lan\u00e7ados a partir de bases de cano de PVC feitas tamb\u00e9m pelos pr\u00f3prios alunos. Esta \u00faltima atividade \u00e9 desenvolvida de acordo com a regras da Mostra Brasileira de Foguetes (MoBFog) o que tamb\u00e9m j\u00e1 rendeu uma s\u00e9rie de premia\u00e7\u00f5es \u00e0 escola:<\/p>\n<p><img loading=\"lazy\" decoding=\"async\" class=\"aligncenter wp-image-4583\" src=\"https:\/\/ww16.ce.gov.br\/cm-cb\/wp-content\/uploads\/sites\/45\/2022\/11\/Mobfog-Medalhas-2018-a-2022.jpeg\" alt=\"\" width=\"500\" height=\"139\" srcset=\"https:\/\/www.ce.gov.br\/cm-cb\/wp-content\/uploads\/sites\/45\/2022\/11\/Mobfog-Medalhas-2018-a-2022.jpeg 784w, https:\/\/www.ce.gov.br\/cm-cb\/wp-content\/uploads\/sites\/45\/2022\/11\/Mobfog-Medalhas-2018-a-2022-600x167.jpeg 600w, https:\/\/www.ce.gov.br\/cm-cb\/wp-content\/uploads\/sites\/45\/2022\/11\/Mobfog-Medalhas-2018-a-2022-768x214.jpeg 768w\" sizes=\"auto, (max-width: 500px) 100vw, 500px\" \/><\/p>\n<p>Como o prazo limite para fazer lan\u00e7amentos voltados para a MoBFog de cada ano coincidem com a data de aplica\u00e7\u00e3o da prova da OBA &#8211; e esta \u00faltima \u00e9 priorizada no \u00e2mbito da disciplina &#8211; os alcances obtidos num ano s\u00e3o inscritos apenas na Mostra do ano seguinte, o que explica o surgimento dos primeiros resultados apenas no ano de 2018.<\/p>\n<p>Ao longo dos anos, os alunos da disciplina participaram de outros concursos, entre os quais podemos destacar:<\/p>\n<p><strong>Concurso de Astronomia para Estudantes do Laborat\u00f3rio Nacional de Astrof\u00edsica<\/strong><\/p>\n<p>Cerca de 20 alunos da escola participaram das edi\u00e7\u00f5es de 2017 e 2018. Na primeira a aluna Maria Alice Mesquita ficou 3\u00ba lugar nacional, entre os alunos do Fundamental 2;<\/p>\n<p><strong>Concurso Nacional de Desenho Astronomia em M\u00e3os<\/strong><\/p>\n<p>Cerca de 15 alunos da escola participaram das edi\u00e7\u00f5es de 2017 e 2018. Na primeira a aluna Jullia Evellin ficou em 2\u00ba lugar nacional e na segunda a aluna Gabriela Campos ficou em 3\u00ba lugar nacional. Em ambos os casos, nas categorias voltadas ao Fundamental 2;<\/p>\n<p><strong>Jornada Cearense de Foguetes<\/strong><\/p>\n<p>Sete alunos da escola participaram da edi\u00e7\u00e3o de 2019 do evento, obtendo uma medalha de ouro, tr\u00eas de prata e tr\u00eas de bronze, no n\u00edvel 3.<\/p>\n<p><strong>Eratosthenes Experiment Photo Contest<\/strong><\/p>\n<p>A escola participou da edi\u00e7\u00e3o de 2019, tendo sido escolhida como uma das finalistas desse concurso fotogr\u00e1fico internacional centrado nos experimentos do astr\u00f4nomo e matem\u00e1tico grego Erat\u00f3stenes;<\/p>\n<p>Para os alunos que concluem a disciplina curricular do 7\u00ba ano, \u00e9 poss\u00edvel continuar a estudar astronomia se integrando ao Clube de Astronomia da escola, o AstroRQ. Ele funciona como uma disciplina eletiva, ao mesmo tempo que promove atividades pr\u00e1ticas, eventos p\u00fablicos de observa\u00e7\u00e3o de fen\u00f4menos celestes, viagens de estudos, e conta atualmente com alunos do 8\u00ba Ano do Fundamental ao 3\u00ba Ano do M\u00e9dio.<\/p>\n","protected":false},"excerpt":{"rendered":"<p>A disciplina de astronomia surgiu em 2016, por determina\u00e7\u00e3o do major Francisco Albert Einstein Lima Arruda, coordenador pedag\u00f3gico da escola \u00e0 \u00e9poca. Juntamente com o capit\u00e3o Joel Nobre, professor de f\u00edsica, ele ministrava as aulas da mat\u00e9ria para o 8\u00ba Ano, com o prop\u00f3sito de fomentar o interesse dos alunos pela f\u00edsica e pela qu\u00edmica, [&hellip;]<\/p>\n","protected":false},"author":220,"featured_media":0,"parent":4439,"menu_order":0,"comment_status":"closed","ping_status":"closed","template":"","meta":{"_acf_changed":false,"inline_featured_image":false,"footnotes":""},"class_list":["post-4582","page","type-page","status-publish","hentry"],"acf":[],"yoast_head":"<!-- This site is optimized with the Yoast SEO plugin v27.3 - https:\/\/yoast.com\/product\/yoast-seo-wordpress\/ -->\n<title>Astronomia - CMCB<\/title>\n<meta name=\"robots\" content=\"index, follow, max-snippet:-1, max-image-preview:large, max-video-preview:-1\" \/>\n<link rel=\"canonical\" href=\"https:\/\/ww16.ce.gov.br\/cm-cb\/institucional\/disciplinas-diferenciais\/astronomia\/\" \/>\n<meta property=\"og:locale\" content=\"pt_BR\" \/>\n<meta property=\"og:type\" content=\"article\" \/>\n<meta property=\"og:title\" content=\"Astronomia - CMCB\" \/>\n<meta property=\"og:description\" content=\"A disciplina de astronomia surgiu em 2016, por determina\u00e7\u00e3o do major Francisco Albert Einstein Lima Arruda, coordenador pedag\u00f3gico da escola \u00e0 \u00e9poca. Juntamente com o capit\u00e3o Joel Nobre, professor de f\u00edsica, ele ministrava as aulas da mat\u00e9ria para o 8\u00ba Ano, com o prop\u00f3sito de fomentar o interesse dos alunos pela f\u00edsica e pela qu\u00edmica, [&hellip;]\" \/>\n<meta property=\"og:url\" content=\"https:\/\/ww16.ce.gov.br\/cm-cb\/institucional\/disciplinas-diferenciais\/astronomia\/\" \/>\n<meta property=\"og:site_name\" content=\"CMCB\" \/>\n<meta property=\"article:modified_time\" content=\"2022-12-05T12:31:09+00:00\" \/>\n<meta property=\"og:image\" content=\"http:\/\/ww16.ce.gov.br\/cm-cb\/wp-content\/uploads\/sites\/45\/2022\/11\/OBA-Medalhas-2009-a-2022.jpeg\" \/>\n<meta name=\"twitter:card\" content=\"summary_large_image\" \/>\n<meta name=\"twitter:label1\" content=\"Est. reading time\" \/>\n\t<meta name=\"twitter:data1\" content=\"4 minutos\" \/>\n<script type=\"application\/ld+json\" class=\"yoast-schema-graph\">{\"@context\":\"https:\\\/\\\/schema.org\",\"@graph\":[{\"@type\":\"WebPage\",\"@id\":\"https:\\\/\\\/ww16.ce.gov.br\\\/cm-cb\\\/institucional\\\/disciplinas-diferenciais\\\/astronomia\\\/\",\"url\":\"https:\\\/\\\/ww16.ce.gov.br\\\/cm-cb\\\/institucional\\\/disciplinas-diferenciais\\\/astronomia\\\/\",\"name\":\"Astronomia - CMCB\",\"isPartOf\":{\"@id\":\"https:\\\/\\\/ww16.ce.gov.br\\\/cm-cb\\\/#website\"},\"primaryImageOfPage\":{\"@id\":\"https:\\\/\\\/ww16.ce.gov.br\\\/cm-cb\\\/institucional\\\/disciplinas-diferenciais\\\/astronomia\\\/#primaryimage\"},\"image\":{\"@id\":\"https:\\\/\\\/ww16.ce.gov.br\\\/cm-cb\\\/institucional\\\/disciplinas-diferenciais\\\/astronomia\\\/#primaryimage\"},\"thumbnailUrl\":\"http:\\\/\\\/ww16.ce.gov.br\\\/cm-cb\\\/wp-content\\\/uploads\\\/sites\\\/45\\\/2022\\\/11\\\/OBA-Medalhas-2009-a-2022.jpeg\",\"datePublished\":\"2022-11-29T14:46:42+00:00\",\"dateModified\":\"2022-12-05T12:31:09+00:00\",\"breadcrumb\":{\"@id\":\"https:\\\/\\\/ww16.ce.gov.br\\\/cm-cb\\\/institucional\\\/disciplinas-diferenciais\\\/astronomia\\\/#breadcrumb\"},\"inLanguage\":\"pt-BR\",\"potentialAction\":[{\"@type\":\"ReadAction\",\"target\":[\"https:\\\/\\\/ww16.ce.gov.br\\\/cm-cb\\\/institucional\\\/disciplinas-diferenciais\\\/astronomia\\\/\"]}]},{\"@type\":\"ImageObject\",\"inLanguage\":\"pt-BR\",\"@id\":\"https:\\\/\\\/ww16.ce.gov.br\\\/cm-cb\\\/institucional\\\/disciplinas-diferenciais\\\/astronomia\\\/#primaryimage\",\"url\":\"http:\\\/\\\/ww16.ce.gov.br\\\/cm-cb\\\/wp-content\\\/uploads\\\/sites\\\/45\\\/2022\\\/11\\\/OBA-Medalhas-2009-a-2022.jpeg\",\"contentUrl\":\"http:\\\/\\\/ww16.ce.gov.br\\\/cm-cb\\\/wp-content\\\/uploads\\\/sites\\\/45\\\/2022\\\/11\\\/OBA-Medalhas-2009-a-2022.jpeg\"},{\"@type\":\"BreadcrumbList\",\"@id\":\"https:\\\/\\\/ww16.ce.gov.br\\\/cm-cb\\\/institucional\\\/disciplinas-diferenciais\\\/astronomia\\\/#breadcrumb\",\"itemListElement\":[{\"@type\":\"ListItem\",\"position\":1,\"name\":\"In\u00edcio\",\"item\":\"https:\\\/\\\/ww16.ce.gov.br\\\/cm-cb\\\/\"},{\"@type\":\"ListItem\",\"position\":2,\"name\":\"Institucional\",\"item\":\"https:\\\/\\\/ww16.ce.gov.br\\\/cm-cb\\\/institucional\\\/\"},{\"@type\":\"ListItem\",\"position\":3,\"name\":\"Disciplinas Diferenciais\",\"item\":\"https:\\\/\\\/ww16.ce.gov.br\\\/cm-cb\\\/institucional\\\/disciplinas-diferenciais\\\/\"},{\"@type\":\"ListItem\",\"position\":4,\"name\":\"Astronomia\"}]},{\"@type\":\"WebSite\",\"@id\":\"https:\\\/\\\/ww16.ce.gov.br\\\/cm-cb\\\/#website\",\"url\":\"https:\\\/\\\/ww16.ce.gov.br\\\/cm-cb\\\/\",\"name\":\"Col\u00e9gio Militar do Corpo de Bombeiros\",\"description\":\"Portal CMCB\",\"publisher\":{\"@id\":\"https:\\\/\\\/ww16.ce.gov.br\\\/cm-cb\\\/#organization\"},\"potentialAction\":[{\"@type\":\"SearchAction\",\"target\":{\"@type\":\"EntryPoint\",\"urlTemplate\":\"https:\\\/\\\/ww16.ce.gov.br\\\/cm-cb\\\/?s={search_term_string}\"},\"query-input\":{\"@type\":\"PropertyValueSpecification\",\"valueRequired\":true,\"valueName\":\"search_term_string\"}}],\"inLanguage\":\"pt-BR\"},{\"@type\":\"Organization\",\"@id\":\"https:\\\/\\\/ww16.ce.gov.br\\\/cm-cb\\\/#organization\",\"name\":\"Col\u00e9gio Militar do Corpo de Bombeiros\",\"url\":\"https:\\\/\\\/ww16.ce.gov.br\\\/cm-cb\\\/\",\"logo\":{\"@type\":\"ImageObject\",\"inLanguage\":\"pt-BR\",\"@id\":\"https:\\\/\\\/ww16.ce.gov.br\\\/cm-cb\\\/#\\\/schema\\\/logo\\\/image\\\/\",\"url\":\"http:\\\/\\\/ww16.ce.gov.br\\\/cm-cb\\\/wp-content\\\/uploads\\\/sites\\\/62\\\/2018\\\/05\\\/cmcb-clara.png\",\"contentUrl\":\"http:\\\/\\\/ww16.ce.gov.br\\\/cm-cb\\\/wp-content\\\/uploads\\\/sites\\\/62\\\/2018\\\/05\\\/cmcb-clara.png\",\"width\":559,\"height\":106,\"caption\":\"Col\u00e9gio Militar do Corpo de Bombeiros\"},\"image\":{\"@id\":\"https:\\\/\\\/ww16.ce.gov.br\\\/cm-cb\\\/#\\\/schema\\\/logo\\\/image\\\/\"}}]}<\/script>\n<!-- \/ Yoast SEO plugin. -->","yoast_head_json":{"title":"Astronomia - CMCB","robots":{"index":"index","follow":"follow","max-snippet":"max-snippet:-1","max-image-preview":"max-image-preview:large","max-video-preview":"max-video-preview:-1"},"canonical":"https:\/\/ww16.ce.gov.br\/cm-cb\/institucional\/disciplinas-diferenciais\/astronomia\/","og_locale":"pt_BR","og_type":"article","og_title":"Astronomia - CMCB","og_description":"A disciplina de astronomia surgiu em 2016, por determina\u00e7\u00e3o do major Francisco Albert Einstein Lima Arruda, coordenador pedag\u00f3gico da escola \u00e0 \u00e9poca. Juntamente com o capit\u00e3o Joel Nobre, professor de f\u00edsica, ele ministrava as aulas da mat\u00e9ria para o 8\u00ba Ano, com o prop\u00f3sito de fomentar o interesse dos alunos pela f\u00edsica e pela qu\u00edmica, [&hellip;]","og_url":"https:\/\/ww16.ce.gov.br\/cm-cb\/institucional\/disciplinas-diferenciais\/astronomia\/","og_site_name":"CMCB","article_modified_time":"2022-12-05T12:31:09+00:00","og_image":[{"url":"http:\/\/ww16.ce.gov.br\/cm-cb\/wp-content\/uploads\/sites\/45\/2022\/11\/OBA-Medalhas-2009-a-2022.jpeg","type":"","width":"","height":""}],"twitter_card":"summary_large_image","twitter_misc":{"Est. reading time":"4 minutos"},"schema":{"@context":"https:\/\/schema.org","@graph":[{"@type":"WebPage","@id":"https:\/\/ww16.ce.gov.br\/cm-cb\/institucional\/disciplinas-diferenciais\/astronomia\/","url":"https:\/\/ww16.ce.gov.br\/cm-cb\/institucional\/disciplinas-diferenciais\/astronomia\/","name":"Astronomia - CMCB","isPartOf":{"@id":"https:\/\/ww16.ce.gov.br\/cm-cb\/#website"},"primaryImageOfPage":{"@id":"https:\/\/ww16.ce.gov.br\/cm-cb\/institucional\/disciplinas-diferenciais\/astronomia\/#primaryimage"},"image":{"@id":"https:\/\/ww16.ce.gov.br\/cm-cb\/institucional\/disciplinas-diferenciais\/astronomia\/#primaryimage"},"thumbnailUrl":"http:\/\/ww16.ce.gov.br\/cm-cb\/wp-content\/uploads\/sites\/45\/2022\/11\/OBA-Medalhas-2009-a-2022.jpeg","datePublished":"2022-11-29T14:46:42+00:00","dateModified":"2022-12-05T12:31:09+00:00","breadcrumb":{"@id":"https:\/\/ww16.ce.gov.br\/cm-cb\/institucional\/disciplinas-diferenciais\/astronomia\/#breadcrumb"},"inLanguage":"pt-BR","potentialAction":[{"@type":"ReadAction","target":["https:\/\/ww16.ce.gov.br\/cm-cb\/institucional\/disciplinas-diferenciais\/astronomia\/"]}]},{"@type":"ImageObject","inLanguage":"pt-BR","@id":"https:\/\/ww16.ce.gov.br\/cm-cb\/institucional\/disciplinas-diferenciais\/astronomia\/#primaryimage","url":"http:\/\/ww16.ce.gov.br\/cm-cb\/wp-content\/uploads\/sites\/45\/2022\/11\/OBA-Medalhas-2009-a-2022.jpeg","contentUrl":"http:\/\/ww16.ce.gov.br\/cm-cb\/wp-content\/uploads\/sites\/45\/2022\/11\/OBA-Medalhas-2009-a-2022.jpeg"},{"@type":"BreadcrumbList","@id":"https:\/\/ww16.ce.gov.br\/cm-cb\/institucional\/disciplinas-diferenciais\/astronomia\/#breadcrumb","itemListElement":[{"@type":"ListItem","position":1,"name":"In\u00edcio","item":"https:\/\/ww16.ce.gov.br\/cm-cb\/"},{"@type":"ListItem","position":2,"name":"Institucional","item":"https:\/\/ww16.ce.gov.br\/cm-cb\/institucional\/"},{"@type":"ListItem","position":3,"name":"Disciplinas Diferenciais","item":"https:\/\/ww16.ce.gov.br\/cm-cb\/institucional\/disciplinas-diferenciais\/"},{"@type":"ListItem","position":4,"name":"Astronomia"}]},{"@type":"WebSite","@id":"https:\/\/ww16.ce.gov.br\/cm-cb\/#website","url":"https:\/\/ww16.ce.gov.br\/cm-cb\/","name":"Col\u00e9gio Militar do Corpo de Bombeiros","description":"Portal CMCB","publisher":{"@id":"https:\/\/ww16.ce.gov.br\/cm-cb\/#organization"},"potentialAction":[{"@type":"SearchAction","target":{"@type":"EntryPoint","urlTemplate":"https:\/\/ww16.ce.gov.br\/cm-cb\/?s={search_term_string}"},"query-input":{"@type":"PropertyValueSpecification","valueRequired":true,"valueName":"search_term_string"}}],"inLanguage":"pt-BR"},{"@type":"Organization","@id":"https:\/\/ww16.ce.gov.br\/cm-cb\/#organization","name":"Col\u00e9gio Militar do Corpo de Bombeiros","url":"https:\/\/ww16.ce.gov.br\/cm-cb\/","logo":{"@type":"ImageObject","inLanguage":"pt-BR","@id":"https:\/\/ww16.ce.gov.br\/cm-cb\/#\/schema\/logo\/image\/","url":"http:\/\/ww16.ce.gov.br\/cm-cb\/wp-content\/uploads\/sites\/62\/2018\/05\/cmcb-clara.png","contentUrl":"http:\/\/ww16.ce.gov.br\/cm-cb\/wp-content\/uploads\/sites\/62\/2018\/05\/cmcb-clara.png","width":559,"height":106,"caption":"Col\u00e9gio Militar do Corpo de Bombeiros"},"image":{"@id":"https:\/\/ww16.ce.gov.br\/cm-cb\/#\/schema\/logo\/image\/"}}]}},"_links":{"self":[{"href":"https:\/\/www.ce.gov.br\/cm-cb\/wp-json\/wp\/v2\/pages\/4582","targetHints":{"allow":["GET"]}}],"collection":[{"href":"https:\/\/www.ce.gov.br\/cm-cb\/wp-json\/wp\/v2\/pages"}],"about":[{"href":"https:\/\/www.ce.gov.br\/cm-cb\/wp-json\/wp\/v2\/types\/page"}],"author":[{"embeddable":true,"href":"https:\/\/www.ce.gov.br\/cm-cb\/wp-json\/wp\/v2\/users\/220"}],"replies":[{"embeddable":true,"href":"https:\/\/www.ce.gov.br\/cm-cb\/wp-json\/wp\/v2\/comments?post=4582"}],"version-history":[{"count":2,"href":"https:\/\/www.ce.gov.br\/cm-cb\/wp-json\/wp\/v2\/pages\/4582\/revisions"}],"predecessor-version":[{"id":4597,"href":"https:\/\/www.ce.gov.br\/cm-cb\/wp-json\/wp\/v2\/pages\/4582\/revisions\/4597"}],"up":[{"embeddable":true,"href":"https:\/\/www.ce.gov.br\/cm-cb\/wp-json\/wp\/v2\/pages\/4439"}],"wp:attachment":[{"href":"https:\/\/www.ce.gov.br\/cm-cb\/wp-json\/wp\/v2\/media?parent=4582"}],"curies":[{"name":"wp","href":"https:\/\/api.w.org\/{rel}","templated":true}]}}