{"id":4605,"date":"2022-12-05T13:19:57","date_gmt":"2022-12-05T16:19:57","guid":{"rendered":"http:\/\/ww16.ce.gov.br\/cm-cb\/?page_id=4605"},"modified":"2024-12-13T16:20:50","modified_gmt":"2024-12-13T19:20:50","slug":"matricula-de-veteranos","status":"publish","type":"page","link":"https:\/\/www.ce.gov.br\/cm-cb\/servicos\/matricula-de-veteranos\/","title":{"rendered":"Matr\u00edcula de Veteranos 2025"},"content":{"rendered":"<div style=\"padding: 20px;font-family: Arial, sans-serif;line-height: 1.6;color: #000\">\n<h1 style=\"text-align: center;color: #ffa500\">Matr\u00edcula para Alunos Veteranos<\/h1>\n<h2 style=\"text-align: center;color: #ffa500\">Col\u00e9gio Militar do Corpo de Bombeiros<\/h2>\n<h3 style=\"color: #ffa500\">Per\u00edodo de Matr\u00edcula<\/h3>\n<p><strong>Data:<\/strong> 11 a 13 (quarta, quinta e sexta-feira) e, 16 e 17 (segunda e ter\u00e7a-feira) de dezembro<\/p>\n<p><strong>Hor\u00e1rios:<\/strong><\/p>\n<p><strong>Manh\u00e3:<\/strong> 08h \u00e0s 12h<\/p>\n<p><strong>Tarde:<\/strong> 13h \u00e0s 15h<\/p>\n<p><em>Observa\u00e7\u00e3o:<\/em> Matr\u00edculas para veteranos em recupera\u00e7\u00e3o ser\u00e3o realizadas de forma <strong>condicional<\/strong>.<\/p>\n<hr style=\"border: 1px solid #FFA500\" \/>\n<h3 style=\"color: #ffa500\">Orienta\u00e7\u00f5es para a Matr\u00edcula<\/h3>\n<p><strong>Preenchimento do Formul\u00e1rio Eletr\u00f4nico:<\/strong> Os pais ou respons\u00e1veis devem preencher o formul\u00e1rio eletr\u00f4nico dispon\u00edvel online antes de comparecer ao setor de matr\u00edculas.<\/p>\n<p><strong>Quita\u00e7\u00e3o de Boletos:<\/strong> Realize o pagamento dos boletos pelo aplicativo<em> <span style=\"color: #fc6836\"><a style=\"color: #fc6836\" href=\"https:\/\/ww16.ce.gov.br\/cm-cb\/wp-content\/uploads\/sites\/45\/2024\/12\/gestor-escolar-tu.mp4\">gestor escolar<\/a><\/span> <\/em>e levar o comprovante para confer\u00eancia ou mostre o pagamento diretamente no aplicativo.<\/p>\n<p><strong>Devolu\u00e7\u00e3o de Livros:<\/strong> Todos os livros devem ser devolvidos \u00e0 biblioteca antes da matr\u00edcula (exceto para alunos em recupera\u00e7\u00e3o nas respectivas mat\u00e9rias).<\/p>\n<p>Ap\u00f3s cumprir todas as etapas, dirija-se ao setor de matr\u00edcula para finalizar o processo.<\/p>\n<h4><em><strong><span style=\"color: #fc6836\"><a style=\"color: #fc6836\" href=\"https:\/\/forms.gle\/GfBBCofmwhjXH6ja8\">FORMUL\u00c1RIO DE PR\u00c9-MATR\u00cdCULA<\/a><\/span><\/strong><\/em><\/h4>\n<p><a href=\"https:\/\/ww16.ce.gov.br\/cm-cb\/wp-content\/uploads\/sites\/45\/2024\/12\/CMCB-Matricula-CoRRIGIDO.docx\">CMCB documenta\u00e7\u00e3o da CIA de alunos<\/a><\/p>\n<hr style=\"border: 1px solid #FFA500\" \/>\n<h3 style=\"color: #ffa500\">Material Necess\u00e1rio para a Matr\u00edcula<\/h3>\n<p>01 resma de papel (tamanhos aceitos: <strong>A4<\/strong> ou <strong>A3<\/strong>).<\/p>\n<p><strong>Termo de compromisso<\/strong>, que ser\u00e1 assinado no ato da matr\u00edcula.<\/p>\n<p><strong>Comprovante de pagamento online<\/strong>, para verifica\u00e7\u00e3o no local.<\/p>\n<p><strong>Comprovante de endere\u00e7o, telefone e e-mail<\/strong>, para confer\u00eancia.<\/p>\n<p><strong>Formul\u00e1rio de pr\u00e9-matr\u00edcula<\/strong>, devidamente preenchido.<\/p>\n<hr style=\"border: 1px solid #FFA500\" \/>\n<h3 style=\"color: #ffa500\">Informa\u00e7\u00f5es Adicionais<\/h3>\n<p>Certifique-se de apresentar todos os documentos e materiais solicitados para evitar atrasos. Caso tenha d\u00favidas, entre em contato com o <strong>setor de matr\u00edculas<\/strong> do col\u00e9gio.<\/p>\n<\/div>\n","protected":false},"excerpt":{"rendered":"<p>Matr\u00edcula para Alunos Veteranos Col\u00e9gio Militar do Corpo de Bombeiros Per\u00edodo de Matr\u00edcula Data: 11 a 13 (quarta, quinta e sexta-feira) e, 16 e 17 (segunda e ter\u00e7a-feira) de dezembro Hor\u00e1rios: Manh\u00e3: 08h \u00e0s 12h Tarde: 13h \u00e0s 15h Observa\u00e7\u00e3o: Matr\u00edculas para veteranos em recupera\u00e7\u00e3o ser\u00e3o realizadas de forma condicional. Orienta\u00e7\u00f5es para a Matr\u00edcula Preenchimento [&hellip;]<\/p>\n","protected":false},"author":220,"featured_media":5867,"parent":849,"menu_order":0,"comment_status":"closed","ping_status":"closed","template":"","meta":{"_acf_changed":false,"inline_featured_image":false,"footnotes":""},"class_list":["post-4605","page","type-page","status-publish","has-post-thumbnail","hentry"],"acf":[],"yoast_head":"<!-- This site is optimized with the Yoast SEO plugin v27.3 - https:\/\/yoast.com\/product\/yoast-seo-wordpress\/ -->\n<title>Matr\u00edcula de Veteranos 2025 - CMCB<\/title>\n<meta name=\"robots\" content=\"index, follow, max-snippet:-1, max-image-preview:large, max-video-preview:-1\" \/>\n<link rel=\"canonical\" href=\"https:\/\/ww16.ce.gov.br\/cm-cb\/servicos\/matricula-de-veteranos\/\" \/>\n<meta property=\"og:locale\" content=\"pt_BR\" \/>\n<meta property=\"og:type\" content=\"article\" \/>\n<meta property=\"og:title\" content=\"Matr\u00edcula de Veteranos 2025 - CMCB\" \/>\n<meta property=\"og:description\" content=\"Matr\u00edcula para Alunos Veteranos Col\u00e9gio Militar do Corpo de Bombeiros Per\u00edodo de Matr\u00edcula Data: 11 a 13 (quarta, quinta e sexta-feira) e, 16 e 17 (segunda e ter\u00e7a-feira) de dezembro Hor\u00e1rios: Manh\u00e3: 08h \u00e0s 12h Tarde: 13h \u00e0s 15h Observa\u00e7\u00e3o: Matr\u00edculas para veteranos em recupera\u00e7\u00e3o ser\u00e3o realizadas de forma condicional. Orienta\u00e7\u00f5es para a Matr\u00edcula Preenchimento [&hellip;]\" \/>\n<meta property=\"og:url\" content=\"https:\/\/ww16.ce.gov.br\/cm-cb\/servicos\/matricula-de-veteranos\/\" \/>\n<meta property=\"og:site_name\" content=\"CMCB\" \/>\n<meta property=\"article:modified_time\" content=\"2024-12-13T19:20:50+00:00\" \/>\n<meta property=\"og:image\" content=\"https:\/\/ww16.ce.gov.br\/cm-cb\/wp-content\/uploads\/sites\/45\/2024\/12\/DSC_02451212-scaled.jpg\" \/>\n\t<meta property=\"og:image:width\" content=\"2560\" \/>\n\t<meta property=\"og:image:height\" content=\"1709\" \/>\n\t<meta property=\"og:image:type\" content=\"image\/jpeg\" \/>\n<meta name=\"twitter:card\" content=\"summary_large_image\" \/>\n<meta name=\"twitter:label1\" content=\"Est. reading time\" \/>\n\t<meta name=\"twitter:data1\" content=\"2 minutos\" \/>\n<script type=\"application\/ld+json\" class=\"yoast-schema-graph\">{\"@context\":\"https:\\\/\\\/schema.org\",\"@graph\":[{\"@type\":\"WebPage\",\"@id\":\"https:\\\/\\\/ww16.ce.gov.br\\\/cm-cb\\\/servicos\\\/matricula-de-veteranos\\\/\",\"url\":\"https:\\\/\\\/ww16.ce.gov.br\\\/cm-cb\\\/servicos\\\/matricula-de-veteranos\\\/\",\"name\":\"Matr\u00edcula de Veteranos 2025 - CMCB\",\"isPartOf\":{\"@id\":\"https:\\\/\\\/ww16.ce.gov.br\\\/cm-cb\\\/#website\"},\"primaryImageOfPage\":{\"@id\":\"https:\\\/\\\/ww16.ce.gov.br\\\/cm-cb\\\/servicos\\\/matricula-de-veteranos\\\/#primaryimage\"},\"image\":{\"@id\":\"https:\\\/\\\/ww16.ce.gov.br\\\/cm-cb\\\/servicos\\\/matricula-de-veteranos\\\/#primaryimage\"},\"thumbnailUrl\":\"https:\\\/\\\/www.ce.gov.br\\\/cm-cb\\\/wp-content\\\/uploads\\\/sites\\\/45\\\/2024\\\/12\\\/DSC_02451212-scaled.jpg\",\"datePublished\":\"2022-12-05T16:19:57+00:00\",\"dateModified\":\"2024-12-13T19:20:50+00:00\",\"breadcrumb\":{\"@id\":\"https:\\\/\\\/ww16.ce.gov.br\\\/cm-cb\\\/servicos\\\/matricula-de-veteranos\\\/#breadcrumb\"},\"inLanguage\":\"pt-BR\",\"potentialAction\":[{\"@type\":\"ReadAction\",\"target\":[\"https:\\\/\\\/ww16.ce.gov.br\\\/cm-cb\\\/servicos\\\/matricula-de-veteranos\\\/\"]}]},{\"@type\":\"ImageObject\",\"inLanguage\":\"pt-BR\",\"@id\":\"https:\\\/\\\/ww16.ce.gov.br\\\/cm-cb\\\/servicos\\\/matricula-de-veteranos\\\/#primaryimage\",\"url\":\"https:\\\/\\\/www.ce.gov.br\\\/cm-cb\\\/wp-content\\\/uploads\\\/sites\\\/45\\\/2024\\\/12\\\/DSC_02451212-scaled.jpg\",\"contentUrl\":\"https:\\\/\\\/www.ce.gov.br\\\/cm-cb\\\/wp-content\\\/uploads\\\/sites\\\/45\\\/2024\\\/12\\\/DSC_02451212-scaled.jpg\",\"width\":2560,\"height\":1709,\"caption\":\"Matr\u00edcula Veteranos 2025\"},{\"@type\":\"BreadcrumbList\",\"@id\":\"https:\\\/\\\/ww16.ce.gov.br\\\/cm-cb\\\/servicos\\\/matricula-de-veteranos\\\/#breadcrumb\",\"itemListElement\":[{\"@type\":\"ListItem\",\"position\":1,\"name\":\"In\u00edcio\",\"item\":\"https:\\\/\\\/ww16.ce.gov.br\\\/cm-cb\\\/\"},{\"@type\":\"ListItem\",\"position\":2,\"name\":\"Servi\u00e7os\",\"item\":\"https:\\\/\\\/ww16.ce.gov.br\\\/cm-cb\\\/servicos\\\/\"},{\"@type\":\"ListItem\",\"position\":3,\"name\":\"Matr\u00edcula de Veteranos 2025\"}]},{\"@type\":\"WebSite\",\"@id\":\"https:\\\/\\\/ww16.ce.gov.br\\\/cm-cb\\\/#website\",\"url\":\"https:\\\/\\\/ww16.ce.gov.br\\\/cm-cb\\\/\",\"name\":\"Col\u00e9gio Militar do Corpo de Bombeiros\",\"description\":\"Portal CMCB\",\"publisher\":{\"@id\":\"https:\\\/\\\/ww16.ce.gov.br\\\/cm-cb\\\/#organization\"},\"potentialAction\":[{\"@type\":\"SearchAction\",\"target\":{\"@type\":\"EntryPoint\",\"urlTemplate\":\"https:\\\/\\\/ww16.ce.gov.br\\\/cm-cb\\\/?s={search_term_string}\"},\"query-input\":{\"@type\":\"PropertyValueSpecification\",\"valueRequired\":true,\"valueName\":\"search_term_string\"}}],\"inLanguage\":\"pt-BR\"},{\"@type\":\"Organization\",\"@id\":\"https:\\\/\\\/ww16.ce.gov.br\\\/cm-cb\\\/#organization\",\"name\":\"Col\u00e9gio Militar do Corpo de Bombeiros\",\"url\":\"https:\\\/\\\/ww16.ce.gov.br\\\/cm-cb\\\/\",\"logo\":{\"@type\":\"ImageObject\",\"inLanguage\":\"pt-BR\",\"@id\":\"https:\\\/\\\/ww16.ce.gov.br\\\/cm-cb\\\/#\\\/schema\\\/logo\\\/image\\\/\",\"url\":\"http:\\\/\\\/ww16.ce.gov.br\\\/cm-cb\\\/wp-content\\\/uploads\\\/sites\\\/62\\\/2018\\\/05\\\/cmcb-clara.png\",\"contentUrl\":\"http:\\\/\\\/ww16.ce.gov.br\\\/cm-cb\\\/wp-content\\\/uploads\\\/sites\\\/62\\\/2018\\\/05\\\/cmcb-clara.png\",\"width\":559,\"height\":106,\"caption\":\"Col\u00e9gio Militar do Corpo de Bombeiros\"},\"image\":{\"@id\":\"https:\\\/\\\/ww16.ce.gov.br\\\/cm-cb\\\/#\\\/schema\\\/logo\\\/image\\\/\"}}]}<\/script>\n<!-- \/ Yoast SEO plugin. -->","yoast_head_json":{"title":"Matr\u00edcula de Veteranos 2025 - CMCB","robots":{"index":"index","follow":"follow","max-snippet":"max-snippet:-1","max-image-preview":"max-image-preview:large","max-video-preview":"max-video-preview:-1"},"canonical":"https:\/\/ww16.ce.gov.br\/cm-cb\/servicos\/matricula-de-veteranos\/","og_locale":"pt_BR","og_type":"article","og_title":"Matr\u00edcula de Veteranos 2025 - CMCB","og_description":"Matr\u00edcula para Alunos Veteranos Col\u00e9gio Militar do Corpo de Bombeiros Per\u00edodo de Matr\u00edcula Data: 11 a 13 (quarta, quinta e sexta-feira) e, 16 e 17 (segunda e ter\u00e7a-feira) de dezembro Hor\u00e1rios: Manh\u00e3: 08h \u00e0s 12h Tarde: 13h \u00e0s 15h Observa\u00e7\u00e3o: Matr\u00edculas para veteranos em recupera\u00e7\u00e3o ser\u00e3o realizadas de forma condicional. Orienta\u00e7\u00f5es para a Matr\u00edcula Preenchimento [&hellip;]","og_url":"https:\/\/ww16.ce.gov.br\/cm-cb\/servicos\/matricula-de-veteranos\/","og_site_name":"CMCB","article_modified_time":"2024-12-13T19:20:50+00:00","og_image":[{"width":2560,"height":1709,"url":"https:\/\/ww16.ce.gov.br\/cm-cb\/wp-content\/uploads\/sites\/45\/2024\/12\/DSC_02451212-scaled.jpg","type":"image\/jpeg"}],"twitter_card":"summary_large_image","twitter_misc":{"Est. reading time":"2 minutos"},"schema":{"@context":"https:\/\/schema.org","@graph":[{"@type":"WebPage","@id":"https:\/\/ww16.ce.gov.br\/cm-cb\/servicos\/matricula-de-veteranos\/","url":"https:\/\/ww16.ce.gov.br\/cm-cb\/servicos\/matricula-de-veteranos\/","name":"Matr\u00edcula de Veteranos 2025 - CMCB","isPartOf":{"@id":"https:\/\/ww16.ce.gov.br\/cm-cb\/#website"},"primaryImageOfPage":{"@id":"https:\/\/ww16.ce.gov.br\/cm-cb\/servicos\/matricula-de-veteranos\/#primaryimage"},"image":{"@id":"https:\/\/ww16.ce.gov.br\/cm-cb\/servicos\/matricula-de-veteranos\/#primaryimage"},"thumbnailUrl":"https:\/\/www.ce.gov.br\/cm-cb\/wp-content\/uploads\/sites\/45\/2024\/12\/DSC_02451212-scaled.jpg","datePublished":"2022-12-05T16:19:57+00:00","dateModified":"2024-12-13T19:20:50+00:00","breadcrumb":{"@id":"https:\/\/ww16.ce.gov.br\/cm-cb\/servicos\/matricula-de-veteranos\/#breadcrumb"},"inLanguage":"pt-BR","potentialAction":[{"@type":"ReadAction","target":["https:\/\/ww16.ce.gov.br\/cm-cb\/servicos\/matricula-de-veteranos\/"]}]},{"@type":"ImageObject","inLanguage":"pt-BR","@id":"https:\/\/ww16.ce.gov.br\/cm-cb\/servicos\/matricula-de-veteranos\/#primaryimage","url":"https:\/\/www.ce.gov.br\/cm-cb\/wp-content\/uploads\/sites\/45\/2024\/12\/DSC_02451212-scaled.jpg","contentUrl":"https:\/\/www.ce.gov.br\/cm-cb\/wp-content\/uploads\/sites\/45\/2024\/12\/DSC_02451212-scaled.jpg","width":2560,"height":1709,"caption":"Matr\u00edcula Veteranos 2025"},{"@type":"BreadcrumbList","@id":"https:\/\/ww16.ce.gov.br\/cm-cb\/servicos\/matricula-de-veteranos\/#breadcrumb","itemListElement":[{"@type":"ListItem","position":1,"name":"In\u00edcio","item":"https:\/\/ww16.ce.gov.br\/cm-cb\/"},{"@type":"ListItem","position":2,"name":"Servi\u00e7os","item":"https:\/\/ww16.ce.gov.br\/cm-cb\/servicos\/"},{"@type":"ListItem","position":3,"name":"Matr\u00edcula de Veteranos 2025"}]},{"@type":"WebSite","@id":"https:\/\/ww16.ce.gov.br\/cm-cb\/#website","url":"https:\/\/ww16.ce.gov.br\/cm-cb\/","name":"Col\u00e9gio Militar do Corpo de Bombeiros","description":"Portal CMCB","publisher":{"@id":"https:\/\/ww16.ce.gov.br\/cm-cb\/#organization"},"potentialAction":[{"@type":"SearchAction","target":{"@type":"EntryPoint","urlTemplate":"https:\/\/ww16.ce.gov.br\/cm-cb\/?s={search_term_string}"},"query-input":{"@type":"PropertyValueSpecification","valueRequired":true,"valueName":"search_term_string"}}],"inLanguage":"pt-BR"},{"@type":"Organization","@id":"https:\/\/ww16.ce.gov.br\/cm-cb\/#organization","name":"Col\u00e9gio Militar do Corpo de Bombeiros","url":"https:\/\/ww16.ce.gov.br\/cm-cb\/","logo":{"@type":"ImageObject","inLanguage":"pt-BR","@id":"https:\/\/ww16.ce.gov.br\/cm-cb\/#\/schema\/logo\/image\/","url":"http:\/\/ww16.ce.gov.br\/cm-cb\/wp-content\/uploads\/sites\/62\/2018\/05\/cmcb-clara.png","contentUrl":"http:\/\/ww16.ce.gov.br\/cm-cb\/wp-content\/uploads\/sites\/62\/2018\/05\/cmcb-clara.png","width":559,"height":106,"caption":"Col\u00e9gio Militar do Corpo de Bombeiros"},"image":{"@id":"https:\/\/ww16.ce.gov.br\/cm-cb\/#\/schema\/logo\/image\/"}}]}},"_links":{"self":[{"href":"https:\/\/www.ce.gov.br\/cm-cb\/wp-json\/wp\/v2\/pages\/4605","targetHints":{"allow":["GET"]}}],"collection":[{"href":"https:\/\/www.ce.gov.br\/cm-cb\/wp-json\/wp\/v2\/pages"}],"about":[{"href":"https:\/\/www.ce.gov.br\/cm-cb\/wp-json\/wp\/v2\/types\/page"}],"author":[{"embeddable":true,"href":"https:\/\/www.ce.gov.br\/cm-cb\/wp-json\/wp\/v2\/users\/220"}],"replies":[{"embeddable":true,"href":"https:\/\/www.ce.gov.br\/cm-cb\/wp-json\/wp\/v2\/comments?post=4605"}],"version-history":[{"count":24,"href":"https:\/\/www.ce.gov.br\/cm-cb\/wp-json\/wp\/v2\/pages\/4605\/revisions"}],"predecessor-version":[{"id":5890,"href":"https:\/\/www.ce.gov.br\/cm-cb\/wp-json\/wp\/v2\/pages\/4605\/revisions\/5890"}],"up":[{"embeddable":true,"href":"https:\/\/www.ce.gov.br\/cm-cb\/wp-json\/wp\/v2\/pages\/849"}],"wp:featuredmedia":[{"embeddable":true,"href":"https:\/\/www.ce.gov.br\/cm-cb\/wp-json\/wp\/v2\/media\/5867"}],"wp:attachment":[{"href":"https:\/\/www.ce.gov.br\/cm-cb\/wp-json\/wp\/v2\/media?parent=4605"}],"curies":[{"name":"wp","href":"https:\/\/api.w.org\/{rel}","templated":true}]}}