{"id":28,"date":"2017-11-20T12:57:39","date_gmt":"2017-11-20T14:57:39","guid":{"rendered":"http:\/\/www.ceara.gov.br\/hgf\/?page_id=28"},"modified":"2025-08-19T16:34:04","modified_gmt":"2025-08-19T19:34:04","slug":"ultimas-noticias","status":"publish","type":"page","link":"https:\/\/www.ce.gov.br\/hgf\/imprensa-2\/ultimas-noticias\/","title":{"rendered":"\u00daltimas Not\u00edcias"},"content":{"rendered":"\n<div class=\"ListagemManchetes row \">\n\n\n    <div class=\"  dt-8  \">\n\n        <div class=\"separador\">\n\n            \n        <\/div>\n\n            \n                    <div class=\"UltimasNoticias\">\n\n                                                    <h2 class=\"-SmallTitle\"> \u00daltimas Not\u00edcias <\/h2>\n                        \n                        <div class=\"SliderManchetes\">\n                            \n                                <figure class=\"frame\">\n                                    <img decoding=\"async\" src=\"https:\/\/www.ce.gov.br\/hgf\/wp-content\/uploads\/sites\/26\/2025\/08\/02-1-1200x675-2.jpeg\" class=\"attachment-medio size-medio\" alt=\"Hospital Geral de Fortaleza inaugura novos espa\u00e7os de atendimento e moderniza servi\u00e7o de Hemodin\u00e2mica\" srcset=\"https:\/\/www.ce.gov.br\/hgf\/wp-content\/uploads\/sites\/26\/2025\/08\/02-1-1200x675-2.jpeg 1200w, https:\/\/www.ce.gov.br\/hgf\/wp-content\/uploads\/sites\/26\/2025\/08\/02-1-1200x675-2-600x338.jpeg 600w, https:\/\/www.ce.gov.br\/hgf\/wp-content\/uploads\/sites\/26\/2025\/08\/02-1-1200x675-2-768x432.jpeg 768w\" sizes=\"(max-width: 1200px) 100vw, 1200px\" \/>                                    <figcaption>\n                                                                                    <a href=\"https:\/\/www.ce.gov.br\/hgf\/categoria\/noticias\/promocao-da-saude\/\" class=\"categoria\">Promo\u00e7\u00e3o da Sa\u00fade<\/a>\n                                                                                <a href=\"https:\/\/www.saude.ce.gov.br\/2025\/08\/26\/hgf-inaugura-novos-espacos\/\">\n                                            <h3 class=\"-bold\">Hospital Geral de Fortaleza inaugura novos espa\u00e7os de atendimento e moderniza servi\u00e7o de Hemodin\u00e2mica<\/h3>\n                                        <\/a>\n\n                                        <div class=\"actions\">\n                                                                                                                                <\/div>\n                                    <\/figcaption>\n                                <\/figure>\n\n                            \n                                <figure class=\"frame\">\n                                    <img decoding=\"async\" src=\"https:\/\/www.ce.gov.br\/hgf\/wp-content\/uploads\/sites\/26\/2025\/08\/Foto-aerea-HGF2-1200x635-1.png\" class=\"attachment-medio size-medio\" alt=\"HGF adota energia limpa e garante economia superior a R$ 2 milh\u00f5es por ano\" srcset=\"https:\/\/www.ce.gov.br\/hgf\/wp-content\/uploads\/sites\/26\/2025\/08\/Foto-aerea-HGF2-1200x635-1.png 1200w, https:\/\/www.ce.gov.br\/hgf\/wp-content\/uploads\/sites\/26\/2025\/08\/Foto-aerea-HGF2-1200x635-1-600x318.png 600w, https:\/\/www.ce.gov.br\/hgf\/wp-content\/uploads\/sites\/26\/2025\/08\/Foto-aerea-HGF2-1200x635-1-768x406.png 768w\" sizes=\"(max-width: 1200px) 100vw, 1200px\" \/>                                    <figcaption>\n                                                                                    <a href=\"https:\/\/www.ce.gov.br\/hgf\/categoria\/noticias\/z-manchete\/\" class=\"categoria\">Z-Manchete<\/a>\n                                                                                <a href=\"https:\/\/ww16.ce.gov.br\/hgf\/2025\/08\/22\/hgf-adota-energia-limpa-e-garante-economia-superior-a-r-2-milhoes-por-ano\/\">\n                                            <h3 class=\"-bold\">HGF adota energia limpa e garante economia superior a R$ 2 milh\u00f5es por ano<\/h3>\n                                        <\/a>\n\n                                        <div class=\"actions\">\n                                                                                                                                <\/div>\n                                    <\/figcaption>\n                                <\/figure>\n\n                            \n                                <figure class=\"frame\">\n                                    <img decoding=\"async\" src=\"https:\/\/www.ce.gov.br\/hgf\/wp-content\/uploads\/sites\/26\/2025\/08\/SVO-CORNEAS-FOTO-2-1200x960-1.jpeg\" class=\"attachment-medio size-medio\" alt=\"Servi\u00e7o de Verifica\u00e7\u00e3o de \u00d3bitos do Cear\u00e1 realiza as primeiras capta\u00e7\u00f5es de c\u00f3rneas em parceria com Hospital Geral de Fortaleza\" srcset=\"https:\/\/www.ce.gov.br\/hgf\/wp-content\/uploads\/sites\/26\/2025\/08\/SVO-CORNEAS-FOTO-2-1200x960-1.jpeg 1200w, https:\/\/www.ce.gov.br\/hgf\/wp-content\/uploads\/sites\/26\/2025\/08\/SVO-CORNEAS-FOTO-2-1200x960-1-600x480.jpeg 600w, https:\/\/www.ce.gov.br\/hgf\/wp-content\/uploads\/sites\/26\/2025\/08\/SVO-CORNEAS-FOTO-2-1200x960-1-768x614.jpeg 768w\" sizes=\"(max-width: 1200px) 100vw, 1200px\" \/>                                    <figcaption>\n                                                                                    <a href=\"https:\/\/www.ce.gov.br\/hgf\/categoria\/noticias\/promocao-da-saude\/\" class=\"categoria\">Promo\u00e7\u00e3o da Sa\u00fade<\/a>\n                                                                                <a href=\"https:\/\/ww16.ce.gov.br\/hgf\/2025\/08\/19\/servico-de-verificacao-de-obitos-do-ceara-realiza-as-primeiras-captacoes-de-corneas-em-parceria-com-hospital-geral-de-fortaleza\/\">\n                                            <h3 class=\"-bold\">Servi\u00e7o de Verifica\u00e7\u00e3o de \u00d3bitos do Cear\u00e1 realiza as primeiras capta\u00e7\u00f5es de c\u00f3rneas em parceria com Hospital Geral de Fortaleza<\/h3>\n                                        <\/a>\n\n                                        <div class=\"actions\">\n                                                                                                                                <\/div>\n                                    <\/figcaption>\n                                <\/figure>\n\n                            \n                                <figure class=\"frame\">\n                                    <img decoding=\"async\" src=\"https:\/\/www.ce.gov.br\/hgf\/wp-content\/uploads\/sites\/26\/2025\/08\/Design-sem-nome.png\" class=\"attachment-medio size-medio\" alt=\"Agosto Dourado: HGF celebra e promove a\u00e7\u00f5es  de apoio \u00e0 amamenta\u00e7\u00e3o\" srcset=\"https:\/\/www.ce.gov.br\/hgf\/wp-content\/uploads\/sites\/26\/2025\/08\/Design-sem-nome.png 2344w, https:\/\/www.ce.gov.br\/hgf\/wp-content\/uploads\/sites\/26\/2025\/08\/Design-sem-nome-600x360.png 600w, https:\/\/www.ce.gov.br\/hgf\/wp-content\/uploads\/sites\/26\/2025\/08\/Design-sem-nome-1200x720.png 1200w, https:\/\/www.ce.gov.br\/hgf\/wp-content\/uploads\/sites\/26\/2025\/08\/Design-sem-nome-768x461.png 768w, https:\/\/www.ce.gov.br\/hgf\/wp-content\/uploads\/sites\/26\/2025\/08\/Design-sem-nome-1536x921.png 1536w, https:\/\/www.ce.gov.br\/hgf\/wp-content\/uploads\/sites\/26\/2025\/08\/Design-sem-nome-2048x1228.png 2048w\" sizes=\"(max-width: 2344px) 100vw, 2344px\" \/>                                    <figcaption>\n                                                                                    <a href=\"https:\/\/www.ce.gov.br\/hgf\/categoria\/noticias\/promocao-da-saude\/\" class=\"categoria\">Promo\u00e7\u00e3o da Sa\u00fade<\/a>\n                                                                                <a href=\"https:\/\/ww16.ce.gov.br\/hgf\/2025\/08\/01\/agosto-dourado-hgf-celebra-e-promove-acoes-de-apoio-a-amamentacao\/\">\n                                            <h3 class=\"-bold\">Agosto Dourado: HGF celebra e promove a\u00e7\u00f5es  de apoio \u00e0 amamenta\u00e7\u00e3o<\/h3>\n                                        <\/a>\n\n                                        <div class=\"actions\">\n                                                                                                                                <\/div>\n                                    <\/figcaption>\n                                <\/figure>\n\n                            \n                                <figure class=\"frame\">\n                                    <img decoding=\"async\" src=\"https:\/\/www.ce.gov.br\/hgf\/wp-content\/uploads\/sites\/26\/2025\/07\/IMG_1021-scaled.jpg\" class=\"attachment-medio size-medio\" alt=\"Com dois transplantes pelo SUS, paciente se reencontra com a vida no HGF\" srcset=\"https:\/\/www.ce.gov.br\/hgf\/wp-content\/uploads\/sites\/26\/2025\/07\/IMG_1021-scaled.jpg 2560w, https:\/\/www.ce.gov.br\/hgf\/wp-content\/uploads\/sites\/26\/2025\/07\/IMG_1021-600x450.jpg 600w, https:\/\/www.ce.gov.br\/hgf\/wp-content\/uploads\/sites\/26\/2025\/07\/IMG_1021-1200x900.jpg 1200w, https:\/\/www.ce.gov.br\/hgf\/wp-content\/uploads\/sites\/26\/2025\/07\/IMG_1021-768x576.jpg 768w, https:\/\/www.ce.gov.br\/hgf\/wp-content\/uploads\/sites\/26\/2025\/07\/IMG_1021-1536x1152.jpg 1536w, https:\/\/www.ce.gov.br\/hgf\/wp-content\/uploads\/sites\/26\/2025\/07\/IMG_1021-2048x1536.jpg 2048w\" sizes=\"(max-width: 2560px) 100vw, 2560px\" \/>                                    <figcaption>\n                                                                                    <a href=\"https:\/\/www.ce.gov.br\/hgf\/categoria\/noticias\/humanizacao\/\" class=\"categoria\">Humaniza\u00e7\u00e3o<\/a>\n                                                                                <a href=\"https:\/\/ww16.ce.gov.br\/hgf\/2025\/07\/24\/hgf-transplantes-sus\/\">\n                                            <h3 class=\"-bold\">Com dois transplantes pelo SUS, paciente se reencontra com a vida no HGF<\/h3>\n                                        <\/a>\n\n                                        <div class=\"actions\">\n                                                                                                                                <\/div>\n                                    <\/figcaption>\n                                <\/figure>\n\n                                                    <\/div>\n\n                    <\/div>\n\n            \n\n\n    <\/div>\n\n    <div class=\"Side dt-4\">\n                    <a href=\"https:\/\/ww16.ce.gov.br\/hgf\/contato\/ramais\/\" style=\"display: block; margin-bottom: 0.9375rem;\">\n                <img decoding=\"async\" src=\"https:\/\/ww16.ce.gov.br\/hgf\/wp-content\/uploads\/sites\/26\/2024\/10\/como-ter-acesso-ao.gif\" style=\"margin: 0; width: 100%;\">\n            <\/a>\n                                \n\n        <div class=\"destacado\">\n                    <a class=\"categoria\" href=\"https:\/\/www.ce.gov.br\/hgf\/categoria\/noticias\/\">Not\u00edcias<\/a>\n                <a href=\"https:\/\/www.ce.gov.br\/hgf\/2025\/08\/19\/hgf-realiza-acoes-em-alusao-ao-agosto-lilas\/\">\n                        <h2 class=\"-bold\">HGF realiza a\u00e7\u00f5es em alus\u00e3o ao agosto lil\u00e1s<\/h2>\n                    <\/a>\n    <\/div><hr \/>\n    \n\n        <div class=\"destacado\">\n                    <a class=\"categoria\" href=\"https:\/\/www.ce.gov.br\/hgf\/categoria\/noticias\/ensino-e-pesquisa\/\">Ensino e Pesquisa<\/a>\n                <a href=\"https:\/\/www.ce.gov.br\/hgf\/2025\/08\/04\/estagiarios-saude-2025\/\">\n                            <h3>HGF recebe novos estagi\u00e1rios em sa\u00fade<\/h3>\n                    <\/a>\n    <\/div><hr \/>\n    \n\n        <div class=\"destacado\">\n                    <a class=\"categoria\" href=\"https:\/\/www.ce.gov.br\/hgf\/categoria\/noticias\/promocao-da-saude\/\">Promo\u00e7\u00e3o da Sa\u00fade<\/a>\n                <a href=\"https:\/\/www.ce.gov.br\/hgf\/2025\/08\/01\/agosto-dourado-hgf-celebra-e-promove-acoes-de-apoio-a-amamentacao\/\">\n                            <h3>Agosto Dourado: HGF celebra e promove a\u00e7\u00f5es  de apoio \u00e0 amamenta\u00e7\u00e3o<\/h3>\n                    <\/a>\n    <\/div><hr \/>\n    \n    <ul class=\"ListaDecorada\">\n                    <li><a href=\"\/imprensa-2\/todas-noticias\/\">TODAS AS NOT\u00cdCIAS<\/a><\/li>\n                            <\/ul>\n        \n    <\/div>\n\n<\/div>\n\n","protected":false},"excerpt":{"rendered":"","protected":false},"author":38,"featured_media":0,"parent":121,"menu_order":0,"comment_status":"closed","ping_status":"closed","template":"","meta":{"_acf_changed":false,"inline_featured_image":false,"footnotes":""},"class_list":["post-28","page","type-page","status-publish","hentry"],"acf":[],"yoast_head":"<!-- This site is optimized with the Yoast SEO plugin v27.3 - https:\/\/yoast.com\/product\/yoast-seo-wordpress\/ -->\n<title>\u00daltimas Not\u00edcias - Hospital Geral de Fortaleza (HGF)<\/title>\n<meta name=\"robots\" content=\"index, follow, max-snippet:-1, max-image-preview:large, max-video-preview:-1\" \/>\n<link rel=\"canonical\" href=\"https:\/\/www.ce.gov.br\/hgf\/imprensa-2\/ultimas-noticias\/\" \/>\n<meta property=\"og:locale\" content=\"pt_BR\" \/>\n<meta property=\"og:type\" content=\"article\" \/>\n<meta property=\"og:title\" content=\"\u00daltimas Not\u00edcias - Hospital Geral de Fortaleza (HGF)\" \/>\n<meta property=\"og:url\" content=\"https:\/\/www.ce.gov.br\/hgf\/imprensa-2\/ultimas-noticias\/\" \/>\n<meta property=\"og:site_name\" content=\"Hospital Geral de Fortaleza (HGF)\" \/>\n<meta property=\"article:modified_time\" content=\"2025-08-19T19:34:04+00:00\" \/>\n<meta name=\"twitter:card\" content=\"summary_large_image\" \/>\n<meta name=\"twitter:label1\" content=\"Est. reading time\" \/>\n\t<meta name=\"twitter:data1\" content=\"1 minuto\" \/>\n<script type=\"application\/ld+json\" class=\"yoast-schema-graph\">{\"@context\":\"https:\\\/\\\/schema.org\",\"@graph\":[{\"@type\":\"WebPage\",\"@id\":\"https:\\\/\\\/www.ce.gov.br\\\/hgf\\\/imprensa-2\\\/ultimas-noticias\\\/\",\"url\":\"https:\\\/\\\/www.ce.gov.br\\\/hgf\\\/imprensa-2\\\/ultimas-noticias\\\/\",\"name\":\"\u00daltimas Not\u00edcias - Hospital Geral de Fortaleza (HGF)\",\"isPartOf\":{\"@id\":\"https:\\\/\\\/ww16.ce.gov.br\\\/hgf\\\/#website\"},\"datePublished\":\"2017-11-20T14:57:39+00:00\",\"dateModified\":\"2025-08-19T19:34:04+00:00\",\"breadcrumb\":{\"@id\":\"https:\\\/\\\/www.ce.gov.br\\\/hgf\\\/imprensa-2\\\/ultimas-noticias\\\/#breadcrumb\"},\"inLanguage\":\"pt-BR\",\"potentialAction\":[{\"@type\":\"ReadAction\",\"target\":[\"https:\\\/\\\/www.ce.gov.br\\\/hgf\\\/imprensa-2\\\/ultimas-noticias\\\/\"]}]},{\"@type\":\"BreadcrumbList\",\"@id\":\"https:\\\/\\\/www.ce.gov.br\\\/hgf\\\/imprensa-2\\\/ultimas-noticias\\\/#breadcrumb\",\"itemListElement\":[{\"@type\":\"ListItem\",\"position\":1,\"name\":\"In\u00edcio\",\"item\":\"https:\\\/\\\/www.ce.gov.br\\\/hgf\\\/\"},{\"@type\":\"ListItem\",\"position\":2,\"name\":\"In\u00edcio\",\"item\":\"https:\\\/\\\/www.ce.gov.br\\\/hgf\\\/\"},{\"@type\":\"ListItem\",\"position\":3,\"name\":\"\u00daltimas Not\u00edcias\"}]},{\"@type\":\"WebSite\",\"@id\":\"https:\\\/\\\/ww16.ce.gov.br\\\/hgf\\\/#website\",\"url\":\"https:\\\/\\\/ww16.ce.gov.br\\\/hgf\\\/\",\"name\":\"Hospital Geral de Fortaleza (HGF)\",\"description\":\"Refer\u00eancia em tratamentos de alta complexidade no Estado do Cear\u00e1\",\"potentialAction\":[{\"@type\":\"SearchAction\",\"target\":{\"@type\":\"EntryPoint\",\"urlTemplate\":\"https:\\\/\\\/ww16.ce.gov.br\\\/hgf\\\/?s={search_term_string}\"},\"query-input\":{\"@type\":\"PropertyValueSpecification\",\"valueRequired\":true,\"valueName\":\"search_term_string\"}}],\"inLanguage\":\"pt-BR\"}]}<\/script>\n<!-- \/ Yoast SEO plugin. -->","yoast_head_json":{"title":"\u00daltimas Not\u00edcias - Hospital Geral de Fortaleza (HGF)","robots":{"index":"index","follow":"follow","max-snippet":"max-snippet:-1","max-image-preview":"max-image-preview:large","max-video-preview":"max-video-preview:-1"},"canonical":"https:\/\/www.ce.gov.br\/hgf\/imprensa-2\/ultimas-noticias\/","og_locale":"pt_BR","og_type":"article","og_title":"\u00daltimas Not\u00edcias - Hospital Geral de Fortaleza (HGF)","og_url":"https:\/\/www.ce.gov.br\/hgf\/imprensa-2\/ultimas-noticias\/","og_site_name":"Hospital Geral de Fortaleza (HGF)","article_modified_time":"2025-08-19T19:34:04+00:00","twitter_card":"summary_large_image","twitter_misc":{"Est. reading time":"1 minuto"},"schema":{"@context":"https:\/\/schema.org","@graph":[{"@type":"WebPage","@id":"https:\/\/www.ce.gov.br\/hgf\/imprensa-2\/ultimas-noticias\/","url":"https:\/\/www.ce.gov.br\/hgf\/imprensa-2\/ultimas-noticias\/","name":"\u00daltimas Not\u00edcias - Hospital Geral de Fortaleza (HGF)","isPartOf":{"@id":"https:\/\/ww16.ce.gov.br\/hgf\/#website"},"datePublished":"2017-11-20T14:57:39+00:00","dateModified":"2025-08-19T19:34:04+00:00","breadcrumb":{"@id":"https:\/\/www.ce.gov.br\/hgf\/imprensa-2\/ultimas-noticias\/#breadcrumb"},"inLanguage":"pt-BR","potentialAction":[{"@type":"ReadAction","target":["https:\/\/www.ce.gov.br\/hgf\/imprensa-2\/ultimas-noticias\/"]}]},{"@type":"BreadcrumbList","@id":"https:\/\/www.ce.gov.br\/hgf\/imprensa-2\/ultimas-noticias\/#breadcrumb","itemListElement":[{"@type":"ListItem","position":1,"name":"In\u00edcio","item":"https:\/\/www.ce.gov.br\/hgf\/"},{"@type":"ListItem","position":2,"name":"In\u00edcio","item":"https:\/\/www.ce.gov.br\/hgf\/"},{"@type":"ListItem","position":3,"name":"\u00daltimas Not\u00edcias"}]},{"@type":"WebSite","@id":"https:\/\/ww16.ce.gov.br\/hgf\/#website","url":"https:\/\/ww16.ce.gov.br\/hgf\/","name":"Hospital Geral de Fortaleza (HGF)","description":"Refer\u00eancia em tratamentos de alta complexidade no Estado do Cear\u00e1","potentialAction":[{"@type":"SearchAction","target":{"@type":"EntryPoint","urlTemplate":"https:\/\/ww16.ce.gov.br\/hgf\/?s={search_term_string}"},"query-input":{"@type":"PropertyValueSpecification","valueRequired":true,"valueName":"search_term_string"}}],"inLanguage":"pt-BR"}]}},"_links":{"self":[{"href":"https:\/\/www.ce.gov.br\/hgf\/wp-json\/wp\/v2\/pages\/28","targetHints":{"allow":["GET"]}}],"collection":[{"href":"https:\/\/www.ce.gov.br\/hgf\/wp-json\/wp\/v2\/pages"}],"about":[{"href":"https:\/\/www.ce.gov.br\/hgf\/wp-json\/wp\/v2\/types\/page"}],"author":[{"embeddable":true,"href":"https:\/\/www.ce.gov.br\/hgf\/wp-json\/wp\/v2\/users\/38"}],"replies":[{"embeddable":true,"href":"https:\/\/www.ce.gov.br\/hgf\/wp-json\/wp\/v2\/comments?post=28"}],"version-history":[{"count":146,"href":"https:\/\/www.ce.gov.br\/hgf\/wp-json\/wp\/v2\/pages\/28\/revisions"}],"predecessor-version":[{"id":8751,"href":"https:\/\/www.ce.gov.br\/hgf\/wp-json\/wp\/v2\/pages\/28\/revisions\/8751"}],"up":[{"embeddable":true,"href":"https:\/\/www.ce.gov.br\/hgf\/wp-json\/wp\/v2\/pages\/121"}],"wp:attachment":[{"href":"https:\/\/www.ce.gov.br\/hgf\/wp-json\/wp\/v2\/media?parent=28"}],"curies":[{"name":"wp","href":"https:\/\/api.w.org\/{rel}","templated":true}]}}