{"id":4651,"date":"2022-10-07T10:44:58","date_gmt":"2022-10-07T13:44:58","guid":{"rendered":"http:\/\/ww16.ce.gov.br\/hgf\/?page_id=4651"},"modified":"2026-05-11T11:52:11","modified_gmt":"2026-05-11T14:52:11","slug":"historico","status":"publish","type":"page","link":"https:\/\/www.ce.gov.br\/hgf\/institucional\/historico\/","title":{"rendered":"Hist\u00f3rico"},"content":{"rendered":"<p><span style=\"font-weight: 400\">O Hospital Geral de Fortaleza (HGF) foi inaugurado em <strong>23 de maio de 1969<\/strong>, como unidade pertencente ao extinto Instituto Nacional de Assist\u00eancia M\u00e9dica, Previdenci\u00e1ria e Social (Inamps); idealizado para ser Centro de Refer\u00eancia para o Norte e Nordeste no tocante \u00e0 assist\u00eancia de alta complexidade.<\/span><\/p>\n<p><span style=\"font-weight: 400\">Desde o ano de 1990, quando de sua estadualiza\u00e7\u00e3o, o hospital passa a integrar o Sistema \u00danico de Sa\u00fade (SUS) na rede assistencial da Secretaria da Sa\u00fade do Estado do Cear\u00e1 (Sesa), \u00f3rg\u00e3o do Governo do Estado do Cear\u00e1.<\/span><\/p>\n<p style=\"text-align: center\"><img loading=\"lazy\" decoding=\"async\" class=\" wp-image-4799 aligncenter\" src=\"https:\/\/ww16.ce.gov.br\/hgf\/wp-content\/uploads\/sites\/26\/2022\/11\/0-600x397.jpg\" alt=\"\" width=\"486\" height=\"321\" srcset=\"https:\/\/www.ce.gov.br\/hgf\/wp-content\/uploads\/sites\/26\/2022\/11\/0-600x397.jpg 600w, https:\/\/www.ce.gov.br\/hgf\/wp-content\/uploads\/sites\/26\/2022\/11\/0.jpg 767w\" sizes=\"auto, (max-width: 486px) 100vw, 486px\" \/><em>Inaugura\u00e7\u00e3o do Hospital Geral de Fortaleza, em 23 de maio de 1969<\/em><\/p>\n<ul class=\"ListaEst\">\n<li><a href=\"\/hgf\/institucional\/sobre\/\" rel=\"noopener noreferrer\">Saiba mais<\/a><\/li>\n<\/ul>\n","protected":false},"excerpt":{"rendered":"<p>O Hospital Geral de Fortaleza (HGF) foi inaugurado em 23 de maio de 1969, como unidade pertencente ao extinto Instituto Nacional de Assist\u00eancia M\u00e9dica, Previdenci\u00e1ria e Social (Inamps); idealizado para ser Centro de Refer\u00eancia para o Norte e Nordeste no tocante \u00e0 assist\u00eancia de alta complexidade. Desde o ano de 1990, quando de sua estadualiza\u00e7\u00e3o, [&hellip;]<\/p>\n","protected":false},"author":540,"featured_media":0,"parent":52,"menu_order":10,"comment_status":"closed","ping_status":"closed","template":"","meta":{"_acf_changed":false,"inline_featured_image":false,"footnotes":""},"class_list":["post-4651","page","type-page","status-publish","hentry"],"acf":[],"yoast_head":"<!-- This site is optimized with the Yoast SEO plugin v27.3 - https:\/\/yoast.com\/product\/yoast-seo-wordpress\/ -->\n<title>Hist\u00f3rico - Hospital Geral de Fortaleza (HGF)<\/title>\n<meta name=\"robots\" content=\"index, follow, max-snippet:-1, max-image-preview:large, max-video-preview:-1\" \/>\n<link rel=\"canonical\" href=\"https:\/\/ww16.ce.gov.br\/hgf\/institucional\/historico\/\" \/>\n<meta property=\"og:locale\" content=\"pt_BR\" \/>\n<meta property=\"og:type\" content=\"article\" \/>\n<meta property=\"og:title\" content=\"Hist\u00f3rico - Hospital Geral de Fortaleza (HGF)\" \/>\n<meta property=\"og:description\" content=\"O Hospital Geral de Fortaleza (HGF) foi inaugurado em 23 de maio de 1969, como unidade pertencente ao extinto Instituto Nacional de Assist\u00eancia M\u00e9dica, Previdenci\u00e1ria e Social (Inamps); idealizado para ser Centro de Refer\u00eancia para o Norte e Nordeste no tocante \u00e0 assist\u00eancia de alta complexidade. Desde o ano de 1990, quando de sua estadualiza\u00e7\u00e3o, [&hellip;]\" \/>\n<meta property=\"og:url\" content=\"https:\/\/ww16.ce.gov.br\/hgf\/institucional\/historico\/\" \/>\n<meta property=\"og:site_name\" content=\"Hospital Geral de Fortaleza (HGF)\" \/>\n<meta property=\"article:modified_time\" content=\"2026-05-11T14:52:11+00:00\" \/>\n<meta property=\"og:image\" content=\"http:\/\/ww16.ce.gov.br\/hgf\/wp-content\/uploads\/sites\/26\/2022\/11\/0-600x397.jpg\" \/>\n<meta name=\"twitter:card\" content=\"summary_large_image\" \/>\n<meta name=\"twitter:label1\" content=\"Est. reading time\" \/>\n\t<meta name=\"twitter:data1\" content=\"1 minuto\" \/>\n<script type=\"application\/ld+json\" class=\"yoast-schema-graph\">{\"@context\":\"https:\\\/\\\/schema.org\",\"@graph\":[{\"@type\":\"WebPage\",\"@id\":\"https:\\\/\\\/ww16.ce.gov.br\\\/hgf\\\/institucional\\\/historico\\\/\",\"url\":\"https:\\\/\\\/ww16.ce.gov.br\\\/hgf\\\/institucional\\\/historico\\\/\",\"name\":\"Hist\u00f3rico - Hospital Geral de Fortaleza (HGF)\",\"isPartOf\":{\"@id\":\"https:\\\/\\\/ww16.ce.gov.br\\\/hgf\\\/#website\"},\"primaryImageOfPage\":{\"@id\":\"https:\\\/\\\/ww16.ce.gov.br\\\/hgf\\\/institucional\\\/historico\\\/#primaryimage\"},\"image\":{\"@id\":\"https:\\\/\\\/ww16.ce.gov.br\\\/hgf\\\/institucional\\\/historico\\\/#primaryimage\"},\"thumbnailUrl\":\"http:\\\/\\\/ww16.ce.gov.br\\\/hgf\\\/wp-content\\\/uploads\\\/sites\\\/26\\\/2022\\\/11\\\/0-600x397.jpg\",\"datePublished\":\"2022-10-07T13:44:58+00:00\",\"dateModified\":\"2026-05-11T14:52:11+00:00\",\"breadcrumb\":{\"@id\":\"https:\\\/\\\/ww16.ce.gov.br\\\/hgf\\\/institucional\\\/historico\\\/#breadcrumb\"},\"inLanguage\":\"pt-BR\",\"potentialAction\":[{\"@type\":\"ReadAction\",\"target\":[\"https:\\\/\\\/ww16.ce.gov.br\\\/hgf\\\/institucional\\\/historico\\\/\"]}]},{\"@type\":\"ImageObject\",\"inLanguage\":\"pt-BR\",\"@id\":\"https:\\\/\\\/ww16.ce.gov.br\\\/hgf\\\/institucional\\\/historico\\\/#primaryimage\",\"url\":\"http:\\\/\\\/ww16.ce.gov.br\\\/hgf\\\/wp-content\\\/uploads\\\/sites\\\/26\\\/2022\\\/11\\\/0-600x397.jpg\",\"contentUrl\":\"http:\\\/\\\/ww16.ce.gov.br\\\/hgf\\\/wp-content\\\/uploads\\\/sites\\\/26\\\/2022\\\/11\\\/0-600x397.jpg\"},{\"@type\":\"BreadcrumbList\",\"@id\":\"https:\\\/\\\/ww16.ce.gov.br\\\/hgf\\\/institucional\\\/historico\\\/#breadcrumb\",\"itemListElement\":[{\"@type\":\"ListItem\",\"position\":1,\"name\":\"In\u00edcio\",\"item\":\"https:\\\/\\\/www.ce.gov.br\\\/hgf\\\/\"},{\"@type\":\"ListItem\",\"position\":2,\"name\":\"Institucional\",\"item\":\"https:\\\/\\\/ww16.ce.gov.br\\\/hgf\\\/institucional\\\/\"},{\"@type\":\"ListItem\",\"position\":3,\"name\":\"Hist\u00f3rico\"}]},{\"@type\":\"WebSite\",\"@id\":\"https:\\\/\\\/ww16.ce.gov.br\\\/hgf\\\/#website\",\"url\":\"https:\\\/\\\/ww16.ce.gov.br\\\/hgf\\\/\",\"name\":\"Hospital Geral de Fortaleza (HGF)\",\"description\":\"Refer\u00eancia em tratamentos de alta complexidade no Estado do Cear\u00e1\",\"potentialAction\":[{\"@type\":\"SearchAction\",\"target\":{\"@type\":\"EntryPoint\",\"urlTemplate\":\"https:\\\/\\\/ww16.ce.gov.br\\\/hgf\\\/?s={search_term_string}\"},\"query-input\":{\"@type\":\"PropertyValueSpecification\",\"valueRequired\":true,\"valueName\":\"search_term_string\"}}],\"inLanguage\":\"pt-BR\"}]}<\/script>\n<!-- \/ Yoast SEO plugin. -->","yoast_head_json":{"title":"Hist\u00f3rico - Hospital Geral de Fortaleza (HGF)","robots":{"index":"index","follow":"follow","max-snippet":"max-snippet:-1","max-image-preview":"max-image-preview:large","max-video-preview":"max-video-preview:-1"},"canonical":"https:\/\/ww16.ce.gov.br\/hgf\/institucional\/historico\/","og_locale":"pt_BR","og_type":"article","og_title":"Hist\u00f3rico - Hospital Geral de Fortaleza (HGF)","og_description":"O Hospital Geral de Fortaleza (HGF) foi inaugurado em 23 de maio de 1969, como unidade pertencente ao extinto Instituto Nacional de Assist\u00eancia M\u00e9dica, Previdenci\u00e1ria e Social (Inamps); idealizado para ser Centro de Refer\u00eancia para o Norte e Nordeste no tocante \u00e0 assist\u00eancia de alta complexidade. Desde o ano de 1990, quando de sua estadualiza\u00e7\u00e3o, [&hellip;]","og_url":"https:\/\/ww16.ce.gov.br\/hgf\/institucional\/historico\/","og_site_name":"Hospital Geral de Fortaleza (HGF)","article_modified_time":"2026-05-11T14:52:11+00:00","og_image":[{"url":"http:\/\/ww16.ce.gov.br\/hgf\/wp-content\/uploads\/sites\/26\/2022\/11\/0-600x397.jpg","type":"","width":"","height":""}],"twitter_card":"summary_large_image","twitter_misc":{"Est. reading time":"1 minuto"},"schema":{"@context":"https:\/\/schema.org","@graph":[{"@type":"WebPage","@id":"https:\/\/ww16.ce.gov.br\/hgf\/institucional\/historico\/","url":"https:\/\/ww16.ce.gov.br\/hgf\/institucional\/historico\/","name":"Hist\u00f3rico - Hospital Geral de Fortaleza (HGF)","isPartOf":{"@id":"https:\/\/ww16.ce.gov.br\/hgf\/#website"},"primaryImageOfPage":{"@id":"https:\/\/ww16.ce.gov.br\/hgf\/institucional\/historico\/#primaryimage"},"image":{"@id":"https:\/\/ww16.ce.gov.br\/hgf\/institucional\/historico\/#primaryimage"},"thumbnailUrl":"http:\/\/ww16.ce.gov.br\/hgf\/wp-content\/uploads\/sites\/26\/2022\/11\/0-600x397.jpg","datePublished":"2022-10-07T13:44:58+00:00","dateModified":"2026-05-11T14:52:11+00:00","breadcrumb":{"@id":"https:\/\/ww16.ce.gov.br\/hgf\/institucional\/historico\/#breadcrumb"},"inLanguage":"pt-BR","potentialAction":[{"@type":"ReadAction","target":["https:\/\/ww16.ce.gov.br\/hgf\/institucional\/historico\/"]}]},{"@type":"ImageObject","inLanguage":"pt-BR","@id":"https:\/\/ww16.ce.gov.br\/hgf\/institucional\/historico\/#primaryimage","url":"http:\/\/ww16.ce.gov.br\/hgf\/wp-content\/uploads\/sites\/26\/2022\/11\/0-600x397.jpg","contentUrl":"http:\/\/ww16.ce.gov.br\/hgf\/wp-content\/uploads\/sites\/26\/2022\/11\/0-600x397.jpg"},{"@type":"BreadcrumbList","@id":"https:\/\/ww16.ce.gov.br\/hgf\/institucional\/historico\/#breadcrumb","itemListElement":[{"@type":"ListItem","position":1,"name":"In\u00edcio","item":"https:\/\/www.ce.gov.br\/hgf\/"},{"@type":"ListItem","position":2,"name":"Institucional","item":"https:\/\/ww16.ce.gov.br\/hgf\/institucional\/"},{"@type":"ListItem","position":3,"name":"Hist\u00f3rico"}]},{"@type":"WebSite","@id":"https:\/\/ww16.ce.gov.br\/hgf\/#website","url":"https:\/\/ww16.ce.gov.br\/hgf\/","name":"Hospital Geral de Fortaleza (HGF)","description":"Refer\u00eancia em tratamentos de alta complexidade no Estado do Cear\u00e1","potentialAction":[{"@type":"SearchAction","target":{"@type":"EntryPoint","urlTemplate":"https:\/\/ww16.ce.gov.br\/hgf\/?s={search_term_string}"},"query-input":{"@type":"PropertyValueSpecification","valueRequired":true,"valueName":"search_term_string"}}],"inLanguage":"pt-BR"}]}},"_links":{"self":[{"href":"https:\/\/www.ce.gov.br\/hgf\/wp-json\/wp\/v2\/pages\/4651","targetHints":{"allow":["GET"]}}],"collection":[{"href":"https:\/\/www.ce.gov.br\/hgf\/wp-json\/wp\/v2\/pages"}],"about":[{"href":"https:\/\/www.ce.gov.br\/hgf\/wp-json\/wp\/v2\/types\/page"}],"author":[{"embeddable":true,"href":"https:\/\/www.ce.gov.br\/hgf\/wp-json\/wp\/v2\/users\/540"}],"replies":[{"embeddable":true,"href":"https:\/\/www.ce.gov.br\/hgf\/wp-json\/wp\/v2\/comments?post=4651"}],"version-history":[{"count":6,"href":"https:\/\/www.ce.gov.br\/hgf\/wp-json\/wp\/v2\/pages\/4651\/revisions"}],"predecessor-version":[{"id":9143,"href":"https:\/\/www.ce.gov.br\/hgf\/wp-json\/wp\/v2\/pages\/4651\/revisions\/9143"}],"up":[{"embeddable":true,"href":"https:\/\/www.ce.gov.br\/hgf\/wp-json\/wp\/v2\/pages\/52"}],"wp:attachment":[{"href":"https:\/\/www.ce.gov.br\/hgf\/wp-json\/wp\/v2\/media?parent=4651"}],"curies":[{"name":"wp","href":"https:\/\/api.w.org\/{rel}","templated":true}]}}