{"id":4654,"date":"2022-10-07T10:46:21","date_gmt":"2022-10-07T13:46:21","guid":{"rendered":"http:\/\/ww16.ce.gov.br\/hgf\/?page_id=4654"},"modified":"2023-03-07T16:09:36","modified_gmt":"2023-03-07T19:09:36","slug":"funsaude","status":"publish","type":"page","link":"https:\/\/www.ce.gov.br\/hgf\/institucional\/funsaude\/","title":{"rendered":"Funsa\u00fade"},"content":{"rendered":"<p><img loading=\"lazy\" decoding=\"async\" class=\"wp-image-375 size-large\" src=\"https:\/\/www.funsaude.ce.gov.br\/wp-content\/uploads\/sites\/137\/2021\/12\/200708_UTI-NEONATAL-HGF_TM086841-1200x801.jpg\" alt=\"\" width=\"689\" height=\"460\" \/><\/p>\n<p>O Governo do Cear\u00e1 tem realizado crescentes investimentos na \u00e1rea da sa\u00fade. Diante do desafio de <strong>ampliar<\/strong>, <strong>descentralizar<\/strong> e <strong>qualificar<\/strong> a <strong>assist\u00eancia<\/strong> aos usu\u00e1rios do SUS, o Estado investe na reestrutura\u00e7\u00e3o da rede de servi\u00e7os com base em estudos, indicadores e metas.<\/p>\n<p>&nbsp;<\/p>\n<p>A Funda\u00e7\u00e3o Regional de Sa\u00fade (Funsa\u00fade), entidade p\u00fablica de direito privado, surgiu como parte desta pol\u00edtica. Atrav\u00e9s dela, a Secretaria da Sa\u00fade do Estado ir\u00e1 prestar servi\u00e7os de sa\u00fade \u00e0 popula\u00e7\u00e3o em todos os n\u00edveis de complexidade; desenvolver programas de educa\u00e7\u00e3o permanente para os profissionais do SUS; desenvolver atividades de car\u00e1ter cient\u00edfico e tecnol\u00f3gico, produtos, servi\u00e7os e processos inovadores na \u00e1rea da sa\u00fade..<\/p>\n<p>&nbsp;<\/p>\n<p>O desafio come\u00e7a pelos hospitais da rede. <strong>A Funsa\u00fade assume a gest\u00e3o de unidades que atualmente s\u00e3o administradas de forma direta<\/strong>. A mudan\u00e7a ocorre de forma gradual e contratualizada, com pactua\u00e7\u00e3o de metas e prazos, crit\u00e9rios de avalia\u00e7\u00e3o, direitos e obriga\u00e7\u00f5es..<\/p>\n<p>&nbsp;<\/p>\n<p>O projeto para os hospitais tem como base quatro pilares: a <strong>valoriza\u00e7\u00e3o dos profissionais<\/strong>, a <strong>efici\u00eancia administrativa e financeira<\/strong>, um <strong>modelo de assist\u00eancia mais humanizado<\/strong>, o <strong>est\u00edmulo \u00e0 inova\u00e7\u00e3o e pesquisa em sa\u00fade<\/strong>. Envolve, desta forma, todas as diretorias da funda\u00e7\u00e3o, somando esfor\u00e7os pela garantia de um servi\u00e7o de qualidade e consequentemente pela constru\u00e7\u00e3o de uma realidade mais justa e digna para a popula\u00e7\u00e3o cearense.<\/p>\n<p>&nbsp;<\/p>\n<ul class=\"ListaEst\">\n<li><a href=\"https:\/\/www.funsaude.ce.gov.br\/organogramas\/\" target=\"_blank\" rel=\"noopener noreferrer\">Conhe\u00e7a o organograma da Funsa\u00fade<br \/>\n<\/a><\/li>\n<\/ul>\n<p>&nbsp;<\/p>\n<h3 class=\"-laranja\"><strong>Mapa Estrat\u00e9gico<\/strong><\/h3>\n<p><img loading=\"lazy\" decoding=\"async\" class=\"alignnone wp-image-997\" src=\"https:\/\/www.funsaude.ce.gov.br\/wp-content\/uploads\/sites\/137\/2022\/02\/missao-visao-valores1-600x1801.png\" alt=\"\" width=\"966\" height=\"2900\" \/><\/p>\n","protected":false},"excerpt":{"rendered":"<p>O Governo do Cear\u00e1 tem realizado crescentes investimentos na \u00e1rea da sa\u00fade. Diante do desafio de ampliar, descentralizar e qualificar a assist\u00eancia aos usu\u00e1rios do SUS, o Estado investe na reestrutura\u00e7\u00e3o da rede de servi\u00e7os com base em estudos, indicadores e metas. &nbsp; A Funda\u00e7\u00e3o Regional de Sa\u00fade (Funsa\u00fade), entidade p\u00fablica de direito privado, surgiu [&hellip;]<\/p>\n","protected":false},"author":540,"featured_media":0,"parent":52,"menu_order":10,"comment_status":"closed","ping_status":"closed","template":"","meta":{"_acf_changed":false,"inline_featured_image":false,"footnotes":""},"class_list":["post-4654","page","type-page","status-publish","hentry"],"acf":[],"yoast_head":"<!-- This site is optimized with the Yoast SEO plugin v27.3 - https:\/\/yoast.com\/product\/yoast-seo-wordpress\/ -->\n<title>Funsa\u00fade - Hospital Geral de Fortaleza (HGF)<\/title>\n<meta name=\"robots\" content=\"index, follow, max-snippet:-1, max-image-preview:large, max-video-preview:-1\" \/>\n<link rel=\"canonical\" href=\"https:\/\/ww16.ce.gov.br\/hgf\/institucional\/funsaude\/\" \/>\n<meta property=\"og:locale\" content=\"pt_BR\" \/>\n<meta property=\"og:type\" content=\"article\" \/>\n<meta property=\"og:title\" content=\"Funsa\u00fade - Hospital Geral de Fortaleza (HGF)\" \/>\n<meta property=\"og:description\" content=\"O Governo do Cear\u00e1 tem realizado crescentes investimentos na \u00e1rea da sa\u00fade. Diante do desafio de ampliar, descentralizar e qualificar a assist\u00eancia aos usu\u00e1rios do SUS, o Estado investe na reestrutura\u00e7\u00e3o da rede de servi\u00e7os com base em estudos, indicadores e metas. &nbsp; A Funda\u00e7\u00e3o Regional de Sa\u00fade (Funsa\u00fade), entidade p\u00fablica de direito privado, surgiu [&hellip;]\" \/>\n<meta property=\"og:url\" content=\"https:\/\/ww16.ce.gov.br\/hgf\/institucional\/funsaude\/\" \/>\n<meta property=\"og:site_name\" content=\"Hospital Geral de Fortaleza (HGF)\" \/>\n<meta property=\"article:modified_time\" content=\"2023-03-07T19:09:36+00:00\" \/>\n<meta property=\"og:image\" content=\"https:\/\/www.funsaude.ce.gov.br\/wp-content\/uploads\/sites\/137\/2021\/12\/200708_UTI-NEONATAL-HGF_TM086841-1200x801.jpg\" \/>\n<meta name=\"twitter:card\" content=\"summary_large_image\" \/>\n<meta name=\"twitter:label1\" content=\"Est. reading time\" \/>\n\t<meta name=\"twitter:data1\" content=\"1 minuto\" \/>\n<script type=\"application\/ld+json\" class=\"yoast-schema-graph\">{\"@context\":\"https:\\\/\\\/schema.org\",\"@graph\":[{\"@type\":\"WebPage\",\"@id\":\"https:\\\/\\\/ww16.ce.gov.br\\\/hgf\\\/institucional\\\/funsaude\\\/\",\"url\":\"https:\\\/\\\/ww16.ce.gov.br\\\/hgf\\\/institucional\\\/funsaude\\\/\",\"name\":\"Funsa\u00fade - Hospital Geral de Fortaleza (HGF)\",\"isPartOf\":{\"@id\":\"https:\\\/\\\/ww16.ce.gov.br\\\/hgf\\\/#website\"},\"primaryImageOfPage\":{\"@id\":\"https:\\\/\\\/ww16.ce.gov.br\\\/hgf\\\/institucional\\\/funsaude\\\/#primaryimage\"},\"image\":{\"@id\":\"https:\\\/\\\/ww16.ce.gov.br\\\/hgf\\\/institucional\\\/funsaude\\\/#primaryimage\"},\"thumbnailUrl\":\"https:\\\/\\\/www.funsaude.ce.gov.br\\\/wp-content\\\/uploads\\\/sites\\\/137\\\/2021\\\/12\\\/200708_UTI-NEONATAL-HGF_TM086841-1200x801.jpg\",\"datePublished\":\"2022-10-07T13:46:21+00:00\",\"dateModified\":\"2023-03-07T19:09:36+00:00\",\"breadcrumb\":{\"@id\":\"https:\\\/\\\/ww16.ce.gov.br\\\/hgf\\\/institucional\\\/funsaude\\\/#breadcrumb\"},\"inLanguage\":\"pt-BR\",\"potentialAction\":[{\"@type\":\"ReadAction\",\"target\":[\"https:\\\/\\\/ww16.ce.gov.br\\\/hgf\\\/institucional\\\/funsaude\\\/\"]}]},{\"@type\":\"ImageObject\",\"inLanguage\":\"pt-BR\",\"@id\":\"https:\\\/\\\/ww16.ce.gov.br\\\/hgf\\\/institucional\\\/funsaude\\\/#primaryimage\",\"url\":\"https:\\\/\\\/www.funsaude.ce.gov.br\\\/wp-content\\\/uploads\\\/sites\\\/137\\\/2021\\\/12\\\/200708_UTI-NEONATAL-HGF_TM086841-1200x801.jpg\",\"contentUrl\":\"https:\\\/\\\/www.funsaude.ce.gov.br\\\/wp-content\\\/uploads\\\/sites\\\/137\\\/2021\\\/12\\\/200708_UTI-NEONATAL-HGF_TM086841-1200x801.jpg\"},{\"@type\":\"BreadcrumbList\",\"@id\":\"https:\\\/\\\/ww16.ce.gov.br\\\/hgf\\\/institucional\\\/funsaude\\\/#breadcrumb\",\"itemListElement\":[{\"@type\":\"ListItem\",\"position\":1,\"name\":\"In\u00edcio\",\"item\":\"https:\\\/\\\/www.ce.gov.br\\\/hgf\\\/\"},{\"@type\":\"ListItem\",\"position\":2,\"name\":\"Institucional\",\"item\":\"https:\\\/\\\/ww16.ce.gov.br\\\/hgf\\\/institucional\\\/\"},{\"@type\":\"ListItem\",\"position\":3,\"name\":\"Funsa\u00fade\"}]},{\"@type\":\"WebSite\",\"@id\":\"https:\\\/\\\/ww16.ce.gov.br\\\/hgf\\\/#website\",\"url\":\"https:\\\/\\\/ww16.ce.gov.br\\\/hgf\\\/\",\"name\":\"Hospital Geral de Fortaleza (HGF)\",\"description\":\"Refer\u00eancia em tratamentos de alta complexidade no Estado do Cear\u00e1\",\"potentialAction\":[{\"@type\":\"SearchAction\",\"target\":{\"@type\":\"EntryPoint\",\"urlTemplate\":\"https:\\\/\\\/ww16.ce.gov.br\\\/hgf\\\/?s={search_term_string}\"},\"query-input\":{\"@type\":\"PropertyValueSpecification\",\"valueRequired\":true,\"valueName\":\"search_term_string\"}}],\"inLanguage\":\"pt-BR\"}]}<\/script>\n<!-- \/ Yoast SEO plugin. -->","yoast_head_json":{"title":"Funsa\u00fade - Hospital Geral de Fortaleza (HGF)","robots":{"index":"index","follow":"follow","max-snippet":"max-snippet:-1","max-image-preview":"max-image-preview:large","max-video-preview":"max-video-preview:-1"},"canonical":"https:\/\/ww16.ce.gov.br\/hgf\/institucional\/funsaude\/","og_locale":"pt_BR","og_type":"article","og_title":"Funsa\u00fade - Hospital Geral de Fortaleza (HGF)","og_description":"O Governo do Cear\u00e1 tem realizado crescentes investimentos na \u00e1rea da sa\u00fade. Diante do desafio de ampliar, descentralizar e qualificar a assist\u00eancia aos usu\u00e1rios do SUS, o Estado investe na reestrutura\u00e7\u00e3o da rede de servi\u00e7os com base em estudos, indicadores e metas. &nbsp; A Funda\u00e7\u00e3o Regional de Sa\u00fade (Funsa\u00fade), entidade p\u00fablica de direito privado, surgiu [&hellip;]","og_url":"https:\/\/ww16.ce.gov.br\/hgf\/institucional\/funsaude\/","og_site_name":"Hospital Geral de Fortaleza (HGF)","article_modified_time":"2023-03-07T19:09:36+00:00","og_image":[{"url":"https:\/\/www.funsaude.ce.gov.br\/wp-content\/uploads\/sites\/137\/2021\/12\/200708_UTI-NEONATAL-HGF_TM086841-1200x801.jpg","type":"","width":"","height":""}],"twitter_card":"summary_large_image","twitter_misc":{"Est. reading time":"1 minuto"},"schema":{"@context":"https:\/\/schema.org","@graph":[{"@type":"WebPage","@id":"https:\/\/ww16.ce.gov.br\/hgf\/institucional\/funsaude\/","url":"https:\/\/ww16.ce.gov.br\/hgf\/institucional\/funsaude\/","name":"Funsa\u00fade - Hospital Geral de Fortaleza (HGF)","isPartOf":{"@id":"https:\/\/ww16.ce.gov.br\/hgf\/#website"},"primaryImageOfPage":{"@id":"https:\/\/ww16.ce.gov.br\/hgf\/institucional\/funsaude\/#primaryimage"},"image":{"@id":"https:\/\/ww16.ce.gov.br\/hgf\/institucional\/funsaude\/#primaryimage"},"thumbnailUrl":"https:\/\/www.funsaude.ce.gov.br\/wp-content\/uploads\/sites\/137\/2021\/12\/200708_UTI-NEONATAL-HGF_TM086841-1200x801.jpg","datePublished":"2022-10-07T13:46:21+00:00","dateModified":"2023-03-07T19:09:36+00:00","breadcrumb":{"@id":"https:\/\/ww16.ce.gov.br\/hgf\/institucional\/funsaude\/#breadcrumb"},"inLanguage":"pt-BR","potentialAction":[{"@type":"ReadAction","target":["https:\/\/ww16.ce.gov.br\/hgf\/institucional\/funsaude\/"]}]},{"@type":"ImageObject","inLanguage":"pt-BR","@id":"https:\/\/ww16.ce.gov.br\/hgf\/institucional\/funsaude\/#primaryimage","url":"https:\/\/www.funsaude.ce.gov.br\/wp-content\/uploads\/sites\/137\/2021\/12\/200708_UTI-NEONATAL-HGF_TM086841-1200x801.jpg","contentUrl":"https:\/\/www.funsaude.ce.gov.br\/wp-content\/uploads\/sites\/137\/2021\/12\/200708_UTI-NEONATAL-HGF_TM086841-1200x801.jpg"},{"@type":"BreadcrumbList","@id":"https:\/\/ww16.ce.gov.br\/hgf\/institucional\/funsaude\/#breadcrumb","itemListElement":[{"@type":"ListItem","position":1,"name":"In\u00edcio","item":"https:\/\/www.ce.gov.br\/hgf\/"},{"@type":"ListItem","position":2,"name":"Institucional","item":"https:\/\/ww16.ce.gov.br\/hgf\/institucional\/"},{"@type":"ListItem","position":3,"name":"Funsa\u00fade"}]},{"@type":"WebSite","@id":"https:\/\/ww16.ce.gov.br\/hgf\/#website","url":"https:\/\/ww16.ce.gov.br\/hgf\/","name":"Hospital Geral de Fortaleza (HGF)","description":"Refer\u00eancia em tratamentos de alta complexidade no Estado do Cear\u00e1","potentialAction":[{"@type":"SearchAction","target":{"@type":"EntryPoint","urlTemplate":"https:\/\/ww16.ce.gov.br\/hgf\/?s={search_term_string}"},"query-input":{"@type":"PropertyValueSpecification","valueRequired":true,"valueName":"search_term_string"}}],"inLanguage":"pt-BR"}]}},"_links":{"self":[{"href":"https:\/\/www.ce.gov.br\/hgf\/wp-json\/wp\/v2\/pages\/4654","targetHints":{"allow":["GET"]}}],"collection":[{"href":"https:\/\/www.ce.gov.br\/hgf\/wp-json\/wp\/v2\/pages"}],"about":[{"href":"https:\/\/www.ce.gov.br\/hgf\/wp-json\/wp\/v2\/types\/page"}],"author":[{"embeddable":true,"href":"https:\/\/www.ce.gov.br\/hgf\/wp-json\/wp\/v2\/users\/540"}],"replies":[{"embeddable":true,"href":"https:\/\/www.ce.gov.br\/hgf\/wp-json\/wp\/v2\/comments?post=4654"}],"version-history":[{"count":4,"href":"https:\/\/www.ce.gov.br\/hgf\/wp-json\/wp\/v2\/pages\/4654\/revisions"}],"predecessor-version":[{"id":5155,"href":"https:\/\/www.ce.gov.br\/hgf\/wp-json\/wp\/v2\/pages\/4654\/revisions\/5155"}],"up":[{"embeddable":true,"href":"https:\/\/www.ce.gov.br\/hgf\/wp-json\/wp\/v2\/pages\/52"}],"wp:attachment":[{"href":"https:\/\/www.ce.gov.br\/hgf\/wp-json\/wp\/v2\/media?parent=4654"}],"curies":[{"name":"wp","href":"https:\/\/api.w.org\/{rel}","templated":true}]}}