{"id":4657,"date":"2022-10-07T10:48:56","date_gmt":"2022-10-07T13:48:56","guid":{"rendered":"http:\/\/ww16.ce.gov.br\/hgf\/?page_id=4657"},"modified":"2026-05-11T13:01:46","modified_gmt":"2026-05-11T16:01:46","slug":"carta-de-servico","status":"publish","type":"page","link":"https:\/\/www.ce.gov.br\/hgf\/assistencia\/carta-de-servico\/","title":{"rendered":"Carta de Servi\u00e7o"},"content":{"rendered":"<p>A Carta de Servi\u00e7os do HGF \u00e9 o conjunto de <strong>t\u00e9cnicas<\/strong>, <strong>tecnologias<\/strong> e <strong>procedimentos<\/strong> que o hospital oferece aos seus usu\u00e1rios finais baseados no conhecimento e nas evid\u00eancias cient\u00edficas do momento. A defini\u00e7\u00e3o da carta de servi\u00e7os caracteriza a institui\u00e7\u00e3o e reflete a sua miss\u00e3o, apresentando aquilo que realiza considerando a demanda dos usu\u00e1rios e a organiza\u00e7\u00e3o da rede de sa\u00fade do Estado.<\/p>\n<p>A carta est\u00e1 classificada em servi\u00e7os cl\u00ednicos de hospitaliza\u00e7\u00e3o, ambulat\u00f3rio, hospital dia, urg\u00eancia\/emerg\u00eancia, Programa de Atendimento Domiciliar (Pad), compostos por 33 especialidades m\u00e9dicas e por 64 servi\u00e7os de suporte cl\u00ednico.<\/p>\n<ul class=\"ListaEst\">\n<li><a href=\"https:\/\/ww16.ce.gov.br\/hgf\/wp-content\/uploads\/sites\/26\/2023\/08\/Carta-de-Servico-HGF-2022.pdf\" target=\"_blank\" rel=\"noopener noreferrer\">Baixar Carta de Servi\u00e7o<\/a><\/li>\n<\/ul>\n","protected":false},"excerpt":{"rendered":"<p>A Carta de Servi\u00e7os do HGF \u00e9 o conjunto de t\u00e9cnicas, tecnologias e procedimentos que o hospital oferece aos seus usu\u00e1rios finais baseados no conhecimento e nas evid\u00eancias cient\u00edficas do momento. A defini\u00e7\u00e3o da carta de servi\u00e7os caracteriza a institui\u00e7\u00e3o e reflete a sua miss\u00e3o, apresentando aquilo que realiza considerando a demanda dos usu\u00e1rios e [&hellip;]<\/p>\n","protected":false},"author":544,"featured_media":0,"parent":4615,"menu_order":10,"comment_status":"closed","ping_status":"closed","template":"","meta":{"_acf_changed":false,"inline_featured_image":false,"footnotes":""},"class_list":["post-4657","page","type-page","status-publish","hentry"],"acf":[],"yoast_head":"<!-- This site is optimized with the Yoast SEO plugin v27.3 - https:\/\/yoast.com\/product\/yoast-seo-wordpress\/ -->\n<title>Carta de Servi\u00e7o - Hospital Geral de Fortaleza (HGF)<\/title>\n<meta name=\"robots\" content=\"index, follow, max-snippet:-1, max-image-preview:large, max-video-preview:-1\" \/>\n<link rel=\"canonical\" href=\"https:\/\/ww16.ce.gov.br\/hgf\/assistencia\/carta-de-servico\/\" \/>\n<meta property=\"og:locale\" content=\"pt_BR\" \/>\n<meta property=\"og:type\" content=\"article\" \/>\n<meta property=\"og:title\" content=\"Carta de Servi\u00e7o - Hospital Geral de Fortaleza (HGF)\" \/>\n<meta property=\"og:description\" content=\"A Carta de Servi\u00e7os do HGF \u00e9 o conjunto de t\u00e9cnicas, tecnologias e procedimentos que o hospital oferece aos seus usu\u00e1rios finais baseados no conhecimento e nas evid\u00eancias cient\u00edficas do momento. A defini\u00e7\u00e3o da carta de servi\u00e7os caracteriza a institui\u00e7\u00e3o e reflete a sua miss\u00e3o, apresentando aquilo que realiza considerando a demanda dos usu\u00e1rios e [&hellip;]\" \/>\n<meta property=\"og:url\" content=\"https:\/\/ww16.ce.gov.br\/hgf\/assistencia\/carta-de-servico\/\" \/>\n<meta property=\"og:site_name\" content=\"Hospital Geral de Fortaleza (HGF)\" \/>\n<meta property=\"article:modified_time\" content=\"2026-05-11T16:01:46+00:00\" \/>\n<meta name=\"twitter:card\" content=\"summary_large_image\" \/>\n<meta name=\"twitter:label1\" content=\"Est. reading time\" \/>\n\t<meta name=\"twitter:data1\" content=\"1 minuto\" \/>\n<script type=\"application\/ld+json\" class=\"yoast-schema-graph\">{\"@context\":\"https:\\\/\\\/schema.org\",\"@graph\":[{\"@type\":\"WebPage\",\"@id\":\"https:\\\/\\\/ww16.ce.gov.br\\\/hgf\\\/assistencia\\\/carta-de-servico\\\/\",\"url\":\"https:\\\/\\\/ww16.ce.gov.br\\\/hgf\\\/assistencia\\\/carta-de-servico\\\/\",\"name\":\"Carta de Servi\u00e7o - Hospital Geral de Fortaleza (HGF)\",\"isPartOf\":{\"@id\":\"https:\\\/\\\/ww16.ce.gov.br\\\/hgf\\\/#website\"},\"datePublished\":\"2022-10-07T13:48:56+00:00\",\"dateModified\":\"2026-05-11T16:01:46+00:00\",\"breadcrumb\":{\"@id\":\"https:\\\/\\\/ww16.ce.gov.br\\\/hgf\\\/assistencia\\\/carta-de-servico\\\/#breadcrumb\"},\"inLanguage\":\"pt-BR\",\"potentialAction\":[{\"@type\":\"ReadAction\",\"target\":[\"https:\\\/\\\/ww16.ce.gov.br\\\/hgf\\\/assistencia\\\/carta-de-servico\\\/\"]}]},{\"@type\":\"BreadcrumbList\",\"@id\":\"https:\\\/\\\/ww16.ce.gov.br\\\/hgf\\\/assistencia\\\/carta-de-servico\\\/#breadcrumb\",\"itemListElement\":[{\"@type\":\"ListItem\",\"position\":1,\"name\":\"In\u00edcio\",\"item\":\"https:\\\/\\\/www.ce.gov.br\\\/hgf\\\/\"},{\"@type\":\"ListItem\",\"position\":2,\"name\":\"Assist\u00eancia\",\"item\":\"https:\\\/\\\/ww16.ce.gov.br\\\/hgf\\\/assistencia\\\/\"},{\"@type\":\"ListItem\",\"position\":3,\"name\":\"Carta de Servi\u00e7o\"}]},{\"@type\":\"WebSite\",\"@id\":\"https:\\\/\\\/ww16.ce.gov.br\\\/hgf\\\/#website\",\"url\":\"https:\\\/\\\/ww16.ce.gov.br\\\/hgf\\\/\",\"name\":\"Hospital Geral de Fortaleza (HGF)\",\"description\":\"Refer\u00eancia em tratamentos de alta complexidade no Estado do Cear\u00e1\",\"potentialAction\":[{\"@type\":\"SearchAction\",\"target\":{\"@type\":\"EntryPoint\",\"urlTemplate\":\"https:\\\/\\\/ww16.ce.gov.br\\\/hgf\\\/?s={search_term_string}\"},\"query-input\":{\"@type\":\"PropertyValueSpecification\",\"valueRequired\":true,\"valueName\":\"search_term_string\"}}],\"inLanguage\":\"pt-BR\"}]}<\/script>\n<!-- \/ Yoast SEO plugin. -->","yoast_head_json":{"title":"Carta de Servi\u00e7o - Hospital Geral de Fortaleza (HGF)","robots":{"index":"index","follow":"follow","max-snippet":"max-snippet:-1","max-image-preview":"max-image-preview:large","max-video-preview":"max-video-preview:-1"},"canonical":"https:\/\/ww16.ce.gov.br\/hgf\/assistencia\/carta-de-servico\/","og_locale":"pt_BR","og_type":"article","og_title":"Carta de Servi\u00e7o - Hospital Geral de Fortaleza (HGF)","og_description":"A Carta de Servi\u00e7os do HGF \u00e9 o conjunto de t\u00e9cnicas, tecnologias e procedimentos que o hospital oferece aos seus usu\u00e1rios finais baseados no conhecimento e nas evid\u00eancias cient\u00edficas do momento. A defini\u00e7\u00e3o da carta de servi\u00e7os caracteriza a institui\u00e7\u00e3o e reflete a sua miss\u00e3o, apresentando aquilo que realiza considerando a demanda dos usu\u00e1rios e [&hellip;]","og_url":"https:\/\/ww16.ce.gov.br\/hgf\/assistencia\/carta-de-servico\/","og_site_name":"Hospital Geral de Fortaleza (HGF)","article_modified_time":"2026-05-11T16:01:46+00:00","twitter_card":"summary_large_image","twitter_misc":{"Est. reading time":"1 minuto"},"schema":{"@context":"https:\/\/schema.org","@graph":[{"@type":"WebPage","@id":"https:\/\/ww16.ce.gov.br\/hgf\/assistencia\/carta-de-servico\/","url":"https:\/\/ww16.ce.gov.br\/hgf\/assistencia\/carta-de-servico\/","name":"Carta de Servi\u00e7o - Hospital Geral de Fortaleza (HGF)","isPartOf":{"@id":"https:\/\/ww16.ce.gov.br\/hgf\/#website"},"datePublished":"2022-10-07T13:48:56+00:00","dateModified":"2026-05-11T16:01:46+00:00","breadcrumb":{"@id":"https:\/\/ww16.ce.gov.br\/hgf\/assistencia\/carta-de-servico\/#breadcrumb"},"inLanguage":"pt-BR","potentialAction":[{"@type":"ReadAction","target":["https:\/\/ww16.ce.gov.br\/hgf\/assistencia\/carta-de-servico\/"]}]},{"@type":"BreadcrumbList","@id":"https:\/\/ww16.ce.gov.br\/hgf\/assistencia\/carta-de-servico\/#breadcrumb","itemListElement":[{"@type":"ListItem","position":1,"name":"In\u00edcio","item":"https:\/\/www.ce.gov.br\/hgf\/"},{"@type":"ListItem","position":2,"name":"Assist\u00eancia","item":"https:\/\/ww16.ce.gov.br\/hgf\/assistencia\/"},{"@type":"ListItem","position":3,"name":"Carta de Servi\u00e7o"}]},{"@type":"WebSite","@id":"https:\/\/ww16.ce.gov.br\/hgf\/#website","url":"https:\/\/ww16.ce.gov.br\/hgf\/","name":"Hospital Geral de Fortaleza (HGF)","description":"Refer\u00eancia em tratamentos de alta complexidade no Estado do Cear\u00e1","potentialAction":[{"@type":"SearchAction","target":{"@type":"EntryPoint","urlTemplate":"https:\/\/ww16.ce.gov.br\/hgf\/?s={search_term_string}"},"query-input":{"@type":"PropertyValueSpecification","valueRequired":true,"valueName":"search_term_string"}}],"inLanguage":"pt-BR"}]}},"_links":{"self":[{"href":"https:\/\/www.ce.gov.br\/hgf\/wp-json\/wp\/v2\/pages\/4657","targetHints":{"allow":["GET"]}}],"collection":[{"href":"https:\/\/www.ce.gov.br\/hgf\/wp-json\/wp\/v2\/pages"}],"about":[{"href":"https:\/\/www.ce.gov.br\/hgf\/wp-json\/wp\/v2\/types\/page"}],"author":[{"embeddable":true,"href":"https:\/\/www.ce.gov.br\/hgf\/wp-json\/wp\/v2\/users\/544"}],"replies":[{"embeddable":true,"href":"https:\/\/www.ce.gov.br\/hgf\/wp-json\/wp\/v2\/comments?post=4657"}],"version-history":[{"count":13,"href":"https:\/\/www.ce.gov.br\/hgf\/wp-json\/wp\/v2\/pages\/4657\/revisions"}],"predecessor-version":[{"id":9144,"href":"https:\/\/www.ce.gov.br\/hgf\/wp-json\/wp\/v2\/pages\/4657\/revisions\/9144"}],"up":[{"embeddable":true,"href":"https:\/\/www.ce.gov.br\/hgf\/wp-json\/wp\/v2\/pages\/4615"}],"wp:attachment":[{"href":"https:\/\/www.ce.gov.br\/hgf\/wp-json\/wp\/v2\/media?parent=4657"}],"curies":[{"name":"wp","href":"https:\/\/api.w.org\/{rel}","templated":true}]}}