{"id":4658,"date":"2022-10-07T10:49:14","date_gmt":"2022-10-07T13:49:14","guid":{"rendered":"http:\/\/ww16.ce.gov.br\/hgf\/?page_id=4658"},"modified":"2026-05-12T13:52:38","modified_gmt":"2026-05-12T16:52:38","slug":"acesso","status":"publish","type":"page","link":"https:\/\/www.ce.gov.br\/hgf\/assistencia\/acesso\/","title":{"rendered":"Acesso"},"content":{"rendered":"\n<div class=\"wp-block-group is-layout-constrained wp-block-group-is-layout-constrained\">\n<p>O Hospital Geral de Fortaleza (HGF) \u00e9 uma institui\u00e7\u00e3o de&nbsp;<strong><b>n\u00edvel terci\u00e1rio<\/b><\/strong>&nbsp;pertencente \u00e0 Secretaria da Sa\u00fade do Cear\u00e1 (Sesa). A emerg\u00eancia \u00e9 porta aberta 24h para atendimentos de <strong>alta complexidade<\/strong>. J\u00e1 o acesso a ambulat\u00f3rios e exames acontece por meio de encaminhamentos de postos de sa\u00fade e secretarias de sa\u00fade de munic\u00edpios, via Central de Regula\u00e7\u00e3o da Sesa.<\/p>\n\n\n\n<p>O HGF fica localizado na <a href=\"https:\/\/goo.gl\/maps\/HDeNUuYXRnGigExdA\" target=\"_blank\" rel=\"noopener\"><strong>Rua Riachuelo, N\u00ba 900, bairro Papicu<\/strong><\/a>. A unidade, no entanto, possui entradas diferentes de acordo com o atendimento a ser realizado.<\/p>\n<\/div>\n\n\n\n<figure class=\"wp-block-image aligncenter\"><img loading=\"lazy\" decoding=\"async\" width=\"3000\" height=\"3000\" src=\"https:\/\/ww16.ce.gov.br\/hgf\/wp-content\/uploads\/sites\/26\/2023\/03\/Mapa-do-HGF-1.jpg\" alt=\"\" class=\"wp-image-5160\" srcset=\"https:\/\/www.ce.gov.br\/hgf\/wp-content\/uploads\/sites\/26\/2023\/03\/Mapa-do-HGF-1.jpg 3000w, https:\/\/www.ce.gov.br\/hgf\/wp-content\/uploads\/sites\/26\/2023\/03\/Mapa-do-HGF-1-600x600.jpg 600w, https:\/\/www.ce.gov.br\/hgf\/wp-content\/uploads\/sites\/26\/2023\/03\/Mapa-do-HGF-1-768x768.jpg 768w, https:\/\/www.ce.gov.br\/hgf\/wp-content\/uploads\/sites\/26\/2023\/03\/Mapa-do-HGF-1-1200x1200.jpg 1200w\" sizes=\"auto, (max-width: 3000px) 100vw, 3000px\" \/><\/figure>\n\n\n\n<div class=\"wp-block-cegovbr-titulo-personalizado cegovbr-titulo-personalizado\"><div class=\"cegovbr-titulo-header\"><span class=\"material-symbols-outlined cegovbr-titulo-icon\">location_on<\/span><h6 class=\"cegovbr-titulo-text\">Entrada principal<\/h6><\/div><\/div>\n\n\n\n<div class=\"wp-block-group is-layout-constrained wp-block-group-is-layout-constrained\">\n<p>A entrada principal do HGF \u00e9 por onde se tem acesso \u00e0s enfermarias de interna\u00e7\u00e3o, aos setores administrativos, aos audit\u00f3rios e a procedimentos espec\u00edficos como pequenas cirurgias e hemodi\u00e1lise. \u00c9 por l\u00e1 tamb\u00e9m (via Controle de Acesso) que acontece a troca de acompanhantes e a realiza\u00e7\u00e3o de visitas.<\/p>\n\n\n\n<p><span style=\"color: #028245\">\u25aa <\/span>Entrada: Rua&nbsp;\u00c1vila Goulart.<br><span style=\"color: #028245\">\u25aa<\/span> Funcionamento: 7h \u00e0s 21h.<\/p>\n<\/div>\n\n\n\n<div class=\"wp-block-cegovbr-titulo-personalizado cegovbr-titulo-personalizado\"><div class=\"cegovbr-titulo-header\"><span class=\"material-symbols-outlined cegovbr-titulo-icon\">location_on<\/span><h6 class=\"cegovbr-titulo-text\">Emerg\u00eancia<\/h6><\/div><\/div>\n\n\n\n<div class=\"wp-block-group is-layout-constrained wp-block-group-is-layout-constrained\">\n<p>A Emerg\u00eancia do HGF funciona em regime de plant\u00e3o 24h e atende casos de alta complexidade. Na chegada \u00e0 unidade, \u00e9 realizada uma triagem para encaminhamento ao atendimento m\u00e9dico e, posteriormente, \u00e0 interna\u00e7\u00e3o para continuidade do tratamento. Ap\u00f3s a primeira triagem, pacientes que n\u00e3o se encaixem no perfil de atendimento do hospital podem ser orientados a buscar unidades de sa\u00fades mais adequadas.<\/p>\n\n\n\n<p><span style=\"color: #028245\">\u25aa <\/span>Entrada: Rua Professor Ot\u00e1vio Lobo.<br><span style=\"color: #028245\">\u25aa<\/span> Funcionamento: 24h.<\/p>\n\n\n\n<div class=\"wp-block-cegovbr-titulo-personalizado cegovbr-titulo-personalizado\"><div class=\"cegovbr-titulo-header\"><span class=\"material-symbols-outlined cegovbr-titulo-icon\">location_on<\/span><h6 class=\"cegovbr-titulo-text\">Emerg\u00eancia Obst\u00e9trica<\/h6><\/div><\/div>\n<\/div>\n\n\n\n<div class=\"wp-block-group is-layout-constrained wp-block-group-is-layout-constrained\">\n<p>A Emerg\u00eancia Obst\u00e9trica do HGF funciona em regime de plant\u00e3o 24h e atende pu\u00e9rperas em casos de alta complexidade. Na chegada \u00e0 unidade, \u00e9 realizada uma triagem para encaminhamento ao atendimento m\u00e9dico e, posteriormente, \u00e0 interna\u00e7\u00e3o para continuidade do tratamento. Ap\u00f3s a primeira triagem, pacientes que n\u00e3o se encaixem no perfil de atendimento do hospital podem ser orientadas a buscar unidades de sa\u00fades mais adequadas.<\/p>\n\n\n\n<p>\u25aa Entrada: Rua Professor Ot\u00e1vio Lobo.<br>\u25aa Funcionamento: 24h.<\/p>\n<\/div>\n\n\n\n<div class=\"wp-block-cegovbr-titulo-personalizado cegovbr-titulo-personalizado\"><div class=\"cegovbr-titulo-header\"><span class=\"material-symbols-outlined cegovbr-titulo-icon\">location_on<\/span><h6 class=\"cegovbr-titulo-text\">Ambulat\u00f3rio<\/h6><\/div><\/div>\n\n\n\n<div class=\"wp-block-group is-layout-constrained wp-block-group-is-layout-constrained\">\n<p>O acesso aos ambulat\u00f3rios de atendimento m\u00e9dico e multiprofissional do HGF s\u00e3o administrados pela Central de Regula\u00e7\u00e3o da Sesa a partir de solicita\u00e7\u00e3o de postos de sa\u00fade e secretarias municipais. Dessa forma, n\u00e3o \u00e9 poss\u00edvel marcar consultas ou exames diretamente na unidade. A partir do primeiro atendimento, o N\u00facleo de Atendimento ao Cliente (NAC) do HGF passa a gerenciar os retornos de atendimentos e solicita\u00e7\u00f5es de exames.<\/p>\n\n\n\n<p>\u25aa Entrada: Rua&nbsp;Andr\u00e9 Dall&#8217;Olio.<br>\u25aa Hor\u00e1rio de funcionamento:&nbsp;segunda a sexta-feira, das 7h \u00e0s 16h.<\/p>\n<\/div>\n\n\n\n<div class=\"wp-block-cegovbr-titulo-personalizado cegovbr-titulo-personalizado\"><div class=\"cegovbr-titulo-header\"><span class=\"material-symbols-outlined cegovbr-titulo-icon\">location_on<\/span><h6 class=\"cegovbr-titulo-text\">Centro de Imagem<\/h6><\/div><\/div>\n\n\n\n<div class=\"wp-block-group is-layout-constrained wp-block-group-is-layout-constrained\">\n<p>O acesso ao exames do Centro de Imagem do HGF, assim como o atendimento ambulatorial, \u00e9 gerenciado pela Central de Regula\u00e7\u00e3o da Sesa. Pacientes que j\u00e1 s\u00e3o atendidos nos ambulat\u00f3rios da unidade podem realizar exames a partir de encaminhamento m\u00e9dico.<\/p>\n\n\n\n<p>\u25aa Entrada: Rua Professor Ot\u00e1vio Lobo.<br>\u25aa Funcionamento: segunda a sexta-feira, das 7h \u00e0s 16h.<\/p>\n<\/div>\n","protected":false},"excerpt":{"rendered":"<p>O Hospital Geral de Fortaleza (HGF) \u00e9 uma institui\u00e7\u00e3o de&nbsp;n\u00edvel terci\u00e1rio&nbsp;pertencente \u00e0 Secretaria da Sa\u00fade do Cear\u00e1 (Sesa). A emerg\u00eancia \u00e9 porta aberta 24h para atendimentos de alta complexidade. J\u00e1 o acesso a ambulat\u00f3rios e exames acontece por meio de encaminhamentos de postos de sa\u00fade e secretarias de sa\u00fade de munic\u00edpios, via Central de Regula\u00e7\u00e3o [&hellip;]<\/p>\n","protected":false},"author":540,"featured_media":0,"parent":4615,"menu_order":10,"comment_status":"closed","ping_status":"closed","template":"","meta":{"_acf_changed":false,"inline_featured_image":false,"footnotes":""},"class_list":["post-4658","page","type-page","status-publish","hentry"],"acf":[],"yoast_head":"<!-- This site is optimized with the Yoast SEO plugin v27.3 - https:\/\/yoast.com\/product\/yoast-seo-wordpress\/ -->\n<title>Acesso - Hospital Geral de Fortaleza (HGF)<\/title>\n<meta name=\"robots\" content=\"index, follow, max-snippet:-1, max-image-preview:large, max-video-preview:-1\" \/>\n<link rel=\"canonical\" href=\"https:\/\/ww16.ce.gov.br\/hgf\/assistencia\/acesso\/\" \/>\n<meta property=\"og:locale\" content=\"pt_BR\" \/>\n<meta property=\"og:type\" content=\"article\" \/>\n<meta property=\"og:title\" content=\"Acesso - Hospital Geral de Fortaleza (HGF)\" \/>\n<meta property=\"og:description\" content=\"O Hospital Geral de Fortaleza (HGF) \u00e9 uma institui\u00e7\u00e3o de&nbsp;n\u00edvel terci\u00e1rio&nbsp;pertencente \u00e0 Secretaria da Sa\u00fade do Cear\u00e1 (Sesa). A emerg\u00eancia \u00e9 porta aberta 24h para atendimentos de alta complexidade. J\u00e1 o acesso a ambulat\u00f3rios e exames acontece por meio de encaminhamentos de postos de sa\u00fade e secretarias de sa\u00fade de munic\u00edpios, via Central de Regula\u00e7\u00e3o [&hellip;]\" \/>\n<meta property=\"og:url\" content=\"https:\/\/ww16.ce.gov.br\/hgf\/assistencia\/acesso\/\" \/>\n<meta property=\"og:site_name\" content=\"Hospital Geral de Fortaleza (HGF)\" \/>\n<meta property=\"article:modified_time\" content=\"2026-05-12T16:52:38+00:00\" \/>\n<meta property=\"og:image\" content=\"http:\/\/ww16.ce.gov.br\/hgf\/wp-content\/uploads\/sites\/26\/2023\/03\/Mapa-do-HGF-1.jpg\" \/>\n<meta name=\"twitter:card\" content=\"summary_large_image\" \/>\n<meta name=\"twitter:label1\" content=\"Est. reading time\" \/>\n\t<meta name=\"twitter:data1\" content=\"3 minutos\" \/>\n<script type=\"application\/ld+json\" class=\"yoast-schema-graph\">{\"@context\":\"https:\\\/\\\/schema.org\",\"@graph\":[{\"@type\":\"WebPage\",\"@id\":\"https:\\\/\\\/ww16.ce.gov.br\\\/hgf\\\/assistencia\\\/acesso\\\/\",\"url\":\"https:\\\/\\\/ww16.ce.gov.br\\\/hgf\\\/assistencia\\\/acesso\\\/\",\"name\":\"Acesso - Hospital Geral de Fortaleza (HGF)\",\"isPartOf\":{\"@id\":\"https:\\\/\\\/ww16.ce.gov.br\\\/hgf\\\/#website\"},\"primaryImageOfPage\":{\"@id\":\"https:\\\/\\\/ww16.ce.gov.br\\\/hgf\\\/assistencia\\\/acesso\\\/#primaryimage\"},\"image\":{\"@id\":\"https:\\\/\\\/ww16.ce.gov.br\\\/hgf\\\/assistencia\\\/acesso\\\/#primaryimage\"},\"thumbnailUrl\":\"http:\\\/\\\/ww16.ce.gov.br\\\/hgf\\\/wp-content\\\/uploads\\\/sites\\\/26\\\/2023\\\/03\\\/Mapa-do-HGF-1.jpg\",\"datePublished\":\"2022-10-07T13:49:14+00:00\",\"dateModified\":\"2026-05-12T16:52:38+00:00\",\"breadcrumb\":{\"@id\":\"https:\\\/\\\/ww16.ce.gov.br\\\/hgf\\\/assistencia\\\/acesso\\\/#breadcrumb\"},\"inLanguage\":\"pt-BR\",\"potentialAction\":[{\"@type\":\"ReadAction\",\"target\":[\"https:\\\/\\\/ww16.ce.gov.br\\\/hgf\\\/assistencia\\\/acesso\\\/\"]}]},{\"@type\":\"ImageObject\",\"inLanguage\":\"pt-BR\",\"@id\":\"https:\\\/\\\/ww16.ce.gov.br\\\/hgf\\\/assistencia\\\/acesso\\\/#primaryimage\",\"url\":\"http:\\\/\\\/ww16.ce.gov.br\\\/hgf\\\/wp-content\\\/uploads\\\/sites\\\/26\\\/2023\\\/03\\\/Mapa-do-HGF-1.jpg\",\"contentUrl\":\"http:\\\/\\\/ww16.ce.gov.br\\\/hgf\\\/wp-content\\\/uploads\\\/sites\\\/26\\\/2023\\\/03\\\/Mapa-do-HGF-1.jpg\"},{\"@type\":\"BreadcrumbList\",\"@id\":\"https:\\\/\\\/ww16.ce.gov.br\\\/hgf\\\/assistencia\\\/acesso\\\/#breadcrumb\",\"itemListElement\":[{\"@type\":\"ListItem\",\"position\":1,\"name\":\"In\u00edcio\",\"item\":\"https:\\\/\\\/www.ce.gov.br\\\/hgf\\\/\"},{\"@type\":\"ListItem\",\"position\":2,\"name\":\"Assist\u00eancia\",\"item\":\"https:\\\/\\\/ww16.ce.gov.br\\\/hgf\\\/assistencia\\\/\"},{\"@type\":\"ListItem\",\"position\":3,\"name\":\"Acesso\"}]},{\"@type\":\"WebSite\",\"@id\":\"https:\\\/\\\/ww16.ce.gov.br\\\/hgf\\\/#website\",\"url\":\"https:\\\/\\\/ww16.ce.gov.br\\\/hgf\\\/\",\"name\":\"Hospital Geral de Fortaleza (HGF)\",\"description\":\"Refer\u00eancia em tratamentos de alta complexidade no Estado do Cear\u00e1\",\"potentialAction\":[{\"@type\":\"SearchAction\",\"target\":{\"@type\":\"EntryPoint\",\"urlTemplate\":\"https:\\\/\\\/ww16.ce.gov.br\\\/hgf\\\/?s={search_term_string}\"},\"query-input\":{\"@type\":\"PropertyValueSpecification\",\"valueRequired\":true,\"valueName\":\"search_term_string\"}}],\"inLanguage\":\"pt-BR\"}]}<\/script>\n<!-- \/ Yoast SEO plugin. -->","yoast_head_json":{"title":"Acesso - Hospital Geral de Fortaleza (HGF)","robots":{"index":"index","follow":"follow","max-snippet":"max-snippet:-1","max-image-preview":"max-image-preview:large","max-video-preview":"max-video-preview:-1"},"canonical":"https:\/\/ww16.ce.gov.br\/hgf\/assistencia\/acesso\/","og_locale":"pt_BR","og_type":"article","og_title":"Acesso - Hospital Geral de Fortaleza (HGF)","og_description":"O Hospital Geral de Fortaleza (HGF) \u00e9 uma institui\u00e7\u00e3o de&nbsp;n\u00edvel terci\u00e1rio&nbsp;pertencente \u00e0 Secretaria da Sa\u00fade do Cear\u00e1 (Sesa). A emerg\u00eancia \u00e9 porta aberta 24h para atendimentos de alta complexidade. J\u00e1 o acesso a ambulat\u00f3rios e exames acontece por meio de encaminhamentos de postos de sa\u00fade e secretarias de sa\u00fade de munic\u00edpios, via Central de Regula\u00e7\u00e3o [&hellip;]","og_url":"https:\/\/ww16.ce.gov.br\/hgf\/assistencia\/acesso\/","og_site_name":"Hospital Geral de Fortaleza (HGF)","article_modified_time":"2026-05-12T16:52:38+00:00","og_image":[{"url":"http:\/\/ww16.ce.gov.br\/hgf\/wp-content\/uploads\/sites\/26\/2023\/03\/Mapa-do-HGF-1.jpg","type":"","width":"","height":""}],"twitter_card":"summary_large_image","twitter_misc":{"Est. reading time":"3 minutos"},"schema":{"@context":"https:\/\/schema.org","@graph":[{"@type":"WebPage","@id":"https:\/\/ww16.ce.gov.br\/hgf\/assistencia\/acesso\/","url":"https:\/\/ww16.ce.gov.br\/hgf\/assistencia\/acesso\/","name":"Acesso - Hospital Geral de Fortaleza (HGF)","isPartOf":{"@id":"https:\/\/ww16.ce.gov.br\/hgf\/#website"},"primaryImageOfPage":{"@id":"https:\/\/ww16.ce.gov.br\/hgf\/assistencia\/acesso\/#primaryimage"},"image":{"@id":"https:\/\/ww16.ce.gov.br\/hgf\/assistencia\/acesso\/#primaryimage"},"thumbnailUrl":"http:\/\/ww16.ce.gov.br\/hgf\/wp-content\/uploads\/sites\/26\/2023\/03\/Mapa-do-HGF-1.jpg","datePublished":"2022-10-07T13:49:14+00:00","dateModified":"2026-05-12T16:52:38+00:00","breadcrumb":{"@id":"https:\/\/ww16.ce.gov.br\/hgf\/assistencia\/acesso\/#breadcrumb"},"inLanguage":"pt-BR","potentialAction":[{"@type":"ReadAction","target":["https:\/\/ww16.ce.gov.br\/hgf\/assistencia\/acesso\/"]}]},{"@type":"ImageObject","inLanguage":"pt-BR","@id":"https:\/\/ww16.ce.gov.br\/hgf\/assistencia\/acesso\/#primaryimage","url":"http:\/\/ww16.ce.gov.br\/hgf\/wp-content\/uploads\/sites\/26\/2023\/03\/Mapa-do-HGF-1.jpg","contentUrl":"http:\/\/ww16.ce.gov.br\/hgf\/wp-content\/uploads\/sites\/26\/2023\/03\/Mapa-do-HGF-1.jpg"},{"@type":"BreadcrumbList","@id":"https:\/\/ww16.ce.gov.br\/hgf\/assistencia\/acesso\/#breadcrumb","itemListElement":[{"@type":"ListItem","position":1,"name":"In\u00edcio","item":"https:\/\/www.ce.gov.br\/hgf\/"},{"@type":"ListItem","position":2,"name":"Assist\u00eancia","item":"https:\/\/ww16.ce.gov.br\/hgf\/assistencia\/"},{"@type":"ListItem","position":3,"name":"Acesso"}]},{"@type":"WebSite","@id":"https:\/\/ww16.ce.gov.br\/hgf\/#website","url":"https:\/\/ww16.ce.gov.br\/hgf\/","name":"Hospital Geral de Fortaleza (HGF)","description":"Refer\u00eancia em tratamentos de alta complexidade no Estado do Cear\u00e1","potentialAction":[{"@type":"SearchAction","target":{"@type":"EntryPoint","urlTemplate":"https:\/\/ww16.ce.gov.br\/hgf\/?s={search_term_string}"},"query-input":{"@type":"PropertyValueSpecification","valueRequired":true,"valueName":"search_term_string"}}],"inLanguage":"pt-BR"}]}},"_links":{"self":[{"href":"https:\/\/www.ce.gov.br\/hgf\/wp-json\/wp\/v2\/pages\/4658","targetHints":{"allow":["GET"]}}],"collection":[{"href":"https:\/\/www.ce.gov.br\/hgf\/wp-json\/wp\/v2\/pages"}],"about":[{"href":"https:\/\/www.ce.gov.br\/hgf\/wp-json\/wp\/v2\/types\/page"}],"author":[{"embeddable":true,"href":"https:\/\/www.ce.gov.br\/hgf\/wp-json\/wp\/v2\/users\/540"}],"replies":[{"embeddable":true,"href":"https:\/\/www.ce.gov.br\/hgf\/wp-json\/wp\/v2\/comments?post=4658"}],"version-history":[{"count":17,"href":"https:\/\/www.ce.gov.br\/hgf\/wp-json\/wp\/v2\/pages\/4658\/revisions"}],"predecessor-version":[{"id":9171,"href":"https:\/\/www.ce.gov.br\/hgf\/wp-json\/wp\/v2\/pages\/4658\/revisions\/9171"}],"up":[{"embeddable":true,"href":"https:\/\/www.ce.gov.br\/hgf\/wp-json\/wp\/v2\/pages\/4615"}],"wp:attachment":[{"href":"https:\/\/www.ce.gov.br\/hgf\/wp-json\/wp\/v2\/media?parent=4658"}],"curies":[{"name":"wp","href":"https:\/\/api.w.org\/{rel}","templated":true}]}}