{"id":4660,"date":"2022-10-07T10:49:55","date_gmt":"2022-10-07T13:49:55","guid":{"rendered":"http:\/\/ww16.ce.gov.br\/hgf\/?page_id=4660"},"modified":"2023-03-30T17:21:17","modified_gmt":"2023-03-30T20:21:17","slug":"exames","status":"publish","type":"page","link":"https:\/\/www.ce.gov.br\/hgf\/assistencia\/exames\/","title":{"rendered":"Exames"},"content":{"rendered":"<p>&nbsp;<\/p>\n<p>O acesso ao exames do<strong> Centro de Imagem<\/strong> e dos <strong>laborat\u00f3rios<\/strong> do Hospital Geral de Fortaleza (HGF) \u00e9 administrado pela Central de Regula\u00e7\u00e3o da Secretaria da Sa\u00fade do Cear\u00e1 (Sesa). Pacientes que j\u00e1 s\u00e3o atendidos nos ambulat\u00f3rios da unidade podem realizar exames a partir de encaminhamento m\u00e9dico.<\/p>\n<p>&nbsp;<\/p>\n<p><strong>Confira os exames disponibilizados<\/strong><\/p>\n<p>&nbsp;<\/p>\n\n<!-- iframe plugin v.6.0 wordpress.org\/plugins\/iframe\/ -->\n<iframe src=\"https:\/\/ww16.ce.gov.br\/hgf\/wp-content\/uploads\/sites\/26\/2023\/03\/Listagem-exames-ativos-HGF-09.02.23.pdf\" width height scrolling=\"auto\" class=\"iframe-class\" frameborder=\"0\"><\/iframe>\n\n","protected":false},"excerpt":{"rendered":"<p>&nbsp; O acesso ao exames do Centro de Imagem e dos laborat\u00f3rios do Hospital Geral de Fortaleza (HGF) \u00e9 administrado pela Central de Regula\u00e7\u00e3o da Secretaria da Sa\u00fade do Cear\u00e1 (Sesa). Pacientes que j\u00e1 s\u00e3o atendidos nos ambulat\u00f3rios da unidade podem realizar exames a partir de encaminhamento m\u00e9dico. &nbsp; Confira os exames disponibilizados &nbsp;<\/p>\n","protected":false},"author":540,"featured_media":0,"parent":4615,"menu_order":10,"comment_status":"closed","ping_status":"closed","template":"","meta":{"_acf_changed":false,"inline_featured_image":false,"footnotes":""},"class_list":["post-4660","page","type-page","status-publish","hentry"],"acf":[],"yoast_head":"<!-- This site is optimized with the Yoast SEO plugin v27.3 - https:\/\/yoast.com\/product\/yoast-seo-wordpress\/ -->\n<title>Exames - Hospital Geral de Fortaleza (HGF)<\/title>\n<meta name=\"robots\" content=\"index, follow, max-snippet:-1, max-image-preview:large, max-video-preview:-1\" \/>\n<link rel=\"canonical\" href=\"https:\/\/ww16.ce.gov.br\/hgf\/assistencia\/exames\/\" \/>\n<meta property=\"og:locale\" content=\"pt_BR\" \/>\n<meta property=\"og:type\" content=\"article\" \/>\n<meta property=\"og:title\" content=\"Exames - Hospital Geral de Fortaleza (HGF)\" \/>\n<meta property=\"og:description\" content=\"&nbsp; O acesso ao exames do Centro de Imagem e dos laborat\u00f3rios do Hospital Geral de Fortaleza (HGF) \u00e9 administrado pela Central de Regula\u00e7\u00e3o da Secretaria da Sa\u00fade do Cear\u00e1 (Sesa). Pacientes que j\u00e1 s\u00e3o atendidos nos ambulat\u00f3rios da unidade podem realizar exames a partir de encaminhamento m\u00e9dico. &nbsp; Confira os exames disponibilizados &nbsp;\" \/>\n<meta property=\"og:url\" content=\"https:\/\/ww16.ce.gov.br\/hgf\/assistencia\/exames\/\" \/>\n<meta property=\"og:site_name\" content=\"Hospital Geral de Fortaleza (HGF)\" \/>\n<meta property=\"article:modified_time\" content=\"2023-03-30T20:21:17+00:00\" \/>\n<meta name=\"twitter:card\" content=\"summary_large_image\" \/>\n<script type=\"application\/ld+json\" class=\"yoast-schema-graph\">{\"@context\":\"https:\\\/\\\/schema.org\",\"@graph\":[{\"@type\":\"WebPage\",\"@id\":\"https:\\\/\\\/ww16.ce.gov.br\\\/hgf\\\/assistencia\\\/exames\\\/\",\"url\":\"https:\\\/\\\/ww16.ce.gov.br\\\/hgf\\\/assistencia\\\/exames\\\/\",\"name\":\"Exames - Hospital Geral de Fortaleza (HGF)\",\"isPartOf\":{\"@id\":\"https:\\\/\\\/ww16.ce.gov.br\\\/hgf\\\/#website\"},\"datePublished\":\"2022-10-07T13:49:55+00:00\",\"dateModified\":\"2023-03-30T20:21:17+00:00\",\"breadcrumb\":{\"@id\":\"https:\\\/\\\/ww16.ce.gov.br\\\/hgf\\\/assistencia\\\/exames\\\/#breadcrumb\"},\"inLanguage\":\"pt-BR\",\"potentialAction\":[{\"@type\":\"ReadAction\",\"target\":[\"https:\\\/\\\/ww16.ce.gov.br\\\/hgf\\\/assistencia\\\/exames\\\/\"]}]},{\"@type\":\"BreadcrumbList\",\"@id\":\"https:\\\/\\\/ww16.ce.gov.br\\\/hgf\\\/assistencia\\\/exames\\\/#breadcrumb\",\"itemListElement\":[{\"@type\":\"ListItem\",\"position\":1,\"name\":\"In\u00edcio\",\"item\":\"https:\\\/\\\/www.ce.gov.br\\\/hgf\\\/\"},{\"@type\":\"ListItem\",\"position\":2,\"name\":\"Assist\u00eancia\",\"item\":\"https:\\\/\\\/ww16.ce.gov.br\\\/hgf\\\/assistencia\\\/\"},{\"@type\":\"ListItem\",\"position\":3,\"name\":\"Exames\"}]},{\"@type\":\"WebSite\",\"@id\":\"https:\\\/\\\/ww16.ce.gov.br\\\/hgf\\\/#website\",\"url\":\"https:\\\/\\\/ww16.ce.gov.br\\\/hgf\\\/\",\"name\":\"Hospital Geral de Fortaleza (HGF)\",\"description\":\"Refer\u00eancia em tratamentos de alta complexidade no Estado do Cear\u00e1\",\"potentialAction\":[{\"@type\":\"SearchAction\",\"target\":{\"@type\":\"EntryPoint\",\"urlTemplate\":\"https:\\\/\\\/ww16.ce.gov.br\\\/hgf\\\/?s={search_term_string}\"},\"query-input\":{\"@type\":\"PropertyValueSpecification\",\"valueRequired\":true,\"valueName\":\"search_term_string\"}}],\"inLanguage\":\"pt-BR\"}]}<\/script>\n<!-- \/ Yoast SEO plugin. -->","yoast_head_json":{"title":"Exames - Hospital Geral de Fortaleza (HGF)","robots":{"index":"index","follow":"follow","max-snippet":"max-snippet:-1","max-image-preview":"max-image-preview:large","max-video-preview":"max-video-preview:-1"},"canonical":"https:\/\/ww16.ce.gov.br\/hgf\/assistencia\/exames\/","og_locale":"pt_BR","og_type":"article","og_title":"Exames - Hospital Geral de Fortaleza (HGF)","og_description":"&nbsp; O acesso ao exames do Centro de Imagem e dos laborat\u00f3rios do Hospital Geral de Fortaleza (HGF) \u00e9 administrado pela Central de Regula\u00e7\u00e3o da Secretaria da Sa\u00fade do Cear\u00e1 (Sesa). Pacientes que j\u00e1 s\u00e3o atendidos nos ambulat\u00f3rios da unidade podem realizar exames a partir de encaminhamento m\u00e9dico. &nbsp; Confira os exames disponibilizados &nbsp;","og_url":"https:\/\/ww16.ce.gov.br\/hgf\/assistencia\/exames\/","og_site_name":"Hospital Geral de Fortaleza (HGF)","article_modified_time":"2023-03-30T20:21:17+00:00","twitter_card":"summary_large_image","schema":{"@context":"https:\/\/schema.org","@graph":[{"@type":"WebPage","@id":"https:\/\/ww16.ce.gov.br\/hgf\/assistencia\/exames\/","url":"https:\/\/ww16.ce.gov.br\/hgf\/assistencia\/exames\/","name":"Exames - Hospital Geral de Fortaleza (HGF)","isPartOf":{"@id":"https:\/\/ww16.ce.gov.br\/hgf\/#website"},"datePublished":"2022-10-07T13:49:55+00:00","dateModified":"2023-03-30T20:21:17+00:00","breadcrumb":{"@id":"https:\/\/ww16.ce.gov.br\/hgf\/assistencia\/exames\/#breadcrumb"},"inLanguage":"pt-BR","potentialAction":[{"@type":"ReadAction","target":["https:\/\/ww16.ce.gov.br\/hgf\/assistencia\/exames\/"]}]},{"@type":"BreadcrumbList","@id":"https:\/\/ww16.ce.gov.br\/hgf\/assistencia\/exames\/#breadcrumb","itemListElement":[{"@type":"ListItem","position":1,"name":"In\u00edcio","item":"https:\/\/www.ce.gov.br\/hgf\/"},{"@type":"ListItem","position":2,"name":"Assist\u00eancia","item":"https:\/\/ww16.ce.gov.br\/hgf\/assistencia\/"},{"@type":"ListItem","position":3,"name":"Exames"}]},{"@type":"WebSite","@id":"https:\/\/ww16.ce.gov.br\/hgf\/#website","url":"https:\/\/ww16.ce.gov.br\/hgf\/","name":"Hospital Geral de Fortaleza (HGF)","description":"Refer\u00eancia em tratamentos de alta complexidade no Estado do Cear\u00e1","potentialAction":[{"@type":"SearchAction","target":{"@type":"EntryPoint","urlTemplate":"https:\/\/ww16.ce.gov.br\/hgf\/?s={search_term_string}"},"query-input":{"@type":"PropertyValueSpecification","valueRequired":true,"valueName":"search_term_string"}}],"inLanguage":"pt-BR"}]}},"_links":{"self":[{"href":"https:\/\/www.ce.gov.br\/hgf\/wp-json\/wp\/v2\/pages\/4660","targetHints":{"allow":["GET"]}}],"collection":[{"href":"https:\/\/www.ce.gov.br\/hgf\/wp-json\/wp\/v2\/pages"}],"about":[{"href":"https:\/\/www.ce.gov.br\/hgf\/wp-json\/wp\/v2\/types\/page"}],"author":[{"embeddable":true,"href":"https:\/\/www.ce.gov.br\/hgf\/wp-json\/wp\/v2\/users\/540"}],"replies":[{"embeddable":true,"href":"https:\/\/www.ce.gov.br\/hgf\/wp-json\/wp\/v2\/comments?post=4660"}],"version-history":[{"count":4,"href":"https:\/\/www.ce.gov.br\/hgf\/wp-json\/wp\/v2\/pages\/4660\/revisions"}],"predecessor-version":[{"id":5166,"href":"https:\/\/www.ce.gov.br\/hgf\/wp-json\/wp\/v2\/pages\/4660\/revisions\/5166"}],"up":[{"embeddable":true,"href":"https:\/\/www.ce.gov.br\/hgf\/wp-json\/wp\/v2\/pages\/4615"}],"wp:attachment":[{"href":"https:\/\/www.ce.gov.br\/hgf\/wp-json\/wp\/v2\/media?parent=4660"}],"curies":[{"name":"wp","href":"https:\/\/api.w.org\/{rel}","templated":true}]}}