{"id":4669,"date":"2022-10-07T10:52:53","date_gmt":"2022-10-07T13:52:53","guid":{"rendered":"http:\/\/ww16.ce.gov.br\/hgf\/?page_id=4669"},"modified":"2026-05-12T10:17:30","modified_gmt":"2026-05-12T13:17:30","slug":"gerencia-de-risco","status":"publish","type":"page","link":"https:\/\/www.ce.gov.br\/hgf\/gestao-da-qualidade\/gerencia-de-risco\/","title":{"rendered":"Ger\u00eancia de Risco"},"content":{"rendered":"<p>A Ger\u00eancia de Risco do Hospital Geral de Fortaleza (HGF) foi implantada por meio da <a href=\"https:\/\/ww16.ce.gov.br\/hgf\/wp-content\/uploads\/sites\/26\/2023\/03\/Portaria-de-Implanta\u00e7\u00e3o-da-GR-no-HGF.pdf\" target=\"_blank\" rel=\"noopener\">Portaria N\u00ba 17\/2002 no Di\u00e1rio Oficial do Estado (DOE)<\/a>, de 14 de agosto de 2002, e, desde ent\u00e3o, vem desenvolvendo estrat\u00e9gias para a identifica\u00e7\u00e3o, avalia\u00e7\u00e3o, compreens\u00e3o e preven\u00e7\u00e3o de eventos adversos (EA) e queixas t\u00e9cnicas (QT) de produtos para sa\u00fade sob vigil\u00e2ncia sanit\u00e1ria na fase de p\u00f3s-comercializa\u00e7\u00e3o.<\/p>\n<p>O servi\u00e7o tem como miss\u00e3o\u00a0<span style=\"letter-spacing: 0.02px\"><strong>monitorar, avaliar, investigar e n<\/strong><\/span><span style=\"letter-spacing: 0.02px\"><strong>o<\/strong><\/span><span style=\"letter-spacing: 0.02px\"><strong>tific<\/strong><\/span><span style=\"letter-spacing: 0.02px\"><strong>ar eventos adversos e queixas t\u00e9cnicas decorrentes do uso de produtos sob vigil\u00e2ncia sanit\u00e1ria<\/strong>.<\/span><\/p>\n<p class=\"destacado\"><strong>Objetivos:<\/strong><\/p>\n<p style=\"padding-left: 30px\">&#8211; Obter informa\u00e7\u00f5es de qualidade sobre eventos adversos e queixas t\u00e9cnicas relacionados a produtos sob vigil\u00e2ncia no per\u00edodo p\u00f3s-uso\/p\u00f3s-comercializa\u00e7\u00e3o \u2013 VIGIP\u00d3S, para subsidiar a tomada de decis\u00e3o por parte do Sistema Nacional de Vigil\u00e2ncia Sanit\u00e1ria (SNVS);<br \/>\n&#8211; Contribuir para o aprimoramento do gerenciamento de risco no hospital;<br \/>\n&#8211; Desenvolver e apoiar estudos de interesse do Sistema de Sa\u00fade Brasileiro;<br \/>\n&#8211; Cooperar para atividades de forma\u00e7\u00e3o de pessoal, educa\u00e7\u00e3o continuada e produ\u00e7\u00e3o de conhecimento no \u00e2mbito do VIGIP\u00d3S;<br \/>\n&#8211; Promover a\u00e7\u00f5es de Notifica\u00e7\u00e3o e Investiga\u00e7\u00e3o em Vigil\u00e2ncia Sanit\u00e1ria com o intuito de consolidar a cultura da notifica\u00e7\u00e3o.<\/p>\n<p class=\"destacado\"><strong>Atividades realizadas:<\/strong><\/p>\n<p style=\"padding-left: 30px\">&#8211; Avalia\u00e7\u00e3o e elabora\u00e7\u00e3o de estrat\u00e9gias de acordo com o resultado das visitas nas unidades assistenciais e dos dados obtidos durante a avalia\u00e7\u00e3o das notifica\u00e7\u00f5es;<br \/>\n\u2013 Avalia\u00e7\u00e3o de notifica\u00e7\u00f5es espont\u00e2neas (advindas das unidades assistenciais) e de busca ativa (realizadas nos prontu\u00e1rios f\u00edsico e eletr\u00f4nico, e<br \/>\ndurante as rondas nas unidades assistenciais);<br \/>\n&#8211; Notifica\u00e7\u00e3o dos eventos adversos e queixas t\u00e9cnicas para a Anvisa;<br \/>\n&#8211; Promo\u00e7\u00e3o de treinamentos relacionados \u00e0s \u00e1reas de monitoramento;<br \/>\n&#8211; Consolida\u00e7\u00e3o dos dados das notifica\u00e7\u00f5es em planilhas e em gr\u00e1ficos.<br \/>\n&#8211; Preceptoria dos residentes multiprofissionais, m\u00e9dicos e uniprofissionais.<\/p>\n<p class=\"destacado\"><strong>\u00c1reas de monitoramento:<\/strong><\/p>\n<p style=\"padding-left: 30px\"><strong>Farmacovigil\u00e2ncia<\/strong><em>:\u00a0<\/em>Ci\u00eancia relativa \u00e0 detec\u00e7\u00e3o, avalia\u00e7\u00e3o, compreens\u00e3o e preven\u00e7\u00e3o dos eventos adversos ou quaisquer problemas como, por exemplo, queixas t\u00e9cnicas, relacionados a medicamentos e vacinas.<\/p>\n<p style=\"padding-left: 30px\"><strong>Tecnovigil\u00e2ncia:\u00a0<\/strong>Vigil\u00e2ncia p\u00f3s-comercializa\u00e7\u00e3o de seguran\u00e7a e desempenho dos produtos para a sa\u00fade, identificando eventos adversos e\/ou queixas t\u00e9cnicas, que produzam ou possam produzir resultados inesperados ou indesej\u00e1veis, afetando a seguran\u00e7a do paciente ou causando dano a sa\u00fade individual ou coletiva.<\/p>\n<p style=\"padding-left: 30px\"><strong>Hemovigil\u00e2ncia:\u00a0<\/strong>Conjunto de procedimentos para o monitoramento das rea\u00e7\u00f5es transfusionais resultantes do uso terap\u00eautico de sangue e seus componentes, visando melhorar a qualidade dos produtos e processos em hemoterapia.<\/p>\n<p style=\"padding-left: 30px\"><strong>Cosmetovigil\u00e2ncia:\u00a0<\/strong>Conjunto de medidas que permite avaliar o risco de ocorr\u00eancia de eventos adversos decorrentes do uso de produtos de higiene pessoal, cosm\u00e9ticos e perfumes ap\u00f3s introdu\u00e7\u00e3o desses no mercado, contemplando detec\u00e7\u00e3o, avalia\u00e7\u00e3o, monitoramento e preven\u00e7\u00e3o dos eventos adversos e das queixas t\u00e9cnicas relacionadas a esses produtos.<\/p>\n<p style=\"padding-left: 30px\"><strong>Biovigil\u00e2ncia:\u00a0<\/strong>Conjunto de a\u00e7\u00f5es de monitoramento e controle que abrange todo o ciclo do uso terap\u00eautico de c\u00e9lulas, tecidos e \u00f3rg\u00e3os humanos desde a doa\u00e7\u00e3o at\u00e9 a evolu\u00e7\u00e3o cl\u00ednica do receptor e do doador vivo com o objetivo de obter e disponibilizar informa\u00e7\u00f5es sobre riscos e eventos adversos, a fim de prevenir sua ocorr\u00eancia ou recorr\u00eancia.<\/p>\n<p style=\"padding-left: 30px\"><strong>Vigil\u00e2ncia De Saneantes:\u00a0<\/strong>Consiste no monitoramento, an\u00e1lise e investiga\u00e7\u00e3o de queixas t\u00e9cnicas e eventos adversos causados pelo uso de produtos saneantes, tais como desinfetantes, produtos de limpeza, inseticidas, entre outros, com finalidade de identificar situa\u00e7\u00f5es que requeiram a ado\u00e7\u00e3o de a\u00e7\u00f5es para redu\u00e7\u00e3o do risco.<\/p>\n<p class=\"destacado\"><strong>Equipe t\u00e9cnica:<\/strong><\/p>\n<p style=\"padding-left: 30px\"><strong>Coordena\u00e7\u00e3o<\/strong><br \/>\n&#8211; Araguacy Rebou\u00e7as Simpl\u00edcio, enfermeira<\/p>\n<p style=\"padding-left: 30px\"><strong>Enfermagem<\/strong><br \/>\n&#8211;\u00a0Janiely Kelly Ferreira de Assis Damasceno<br \/>\n&#8211;\u00a0K\u00e9cia Cartaxo dos Santos<br \/>\n&#8211;\u00a0Renata Silva Albuquerque<br \/>\n&#8211;\u00a0Rita Dorot\u00e9a Alves Melo<br \/>\n&#8211; Thays de Oliveira Bezerra<\/p>\n<p style=\"padding-left: 30px\"><strong>Farm\u00e1cia<\/strong><br \/>\n&#8211; Fernanda Roza de Oliveira<br \/>\n&#8211; Gisele Rodrigues Lins<\/p>\n<p class=\"destacado\"><strong>Contato<\/strong><\/p>\n<p>(85) 3106-4018 | gerquasep@hgf.ce.gov.br<\/p>\n<ul class=\"ListaEst\">\n<li><a href=\"https:\/\/ww16.ce.gov.br\/hgf\/wp-content\/uploads\/sites\/26\/2023\/03\/Portaria-de-Implanta\u00e7\u00e3o-da-GR-no-HGF.pdf\" target=\"_blank\" rel=\"noopener noreferrer\">Portaria N\u00ba 17\/2002 do Di\u00e1rio Oficial do Estado do Cear\u00e1 (DOE), de 14 de agosto de 2002<\/a><\/li>\n<\/ul>\n","protected":false},"excerpt":{"rendered":"<p>A Ger\u00eancia de Risco do Hospital Geral de Fortaleza (HGF) foi implantada por meio da Portaria N\u00ba 17\/2002 no Di\u00e1rio Oficial do Estado (DOE), de 14 de agosto de 2002, e, desde ent\u00e3o, vem desenvolvendo estrat\u00e9gias para a identifica\u00e7\u00e3o, avalia\u00e7\u00e3o, compreens\u00e3o e preven\u00e7\u00e3o de eventos adversos (EA) e queixas t\u00e9cnicas (QT) de produtos para sa\u00fade [&hellip;]<\/p>\n","protected":false},"author":544,"featured_media":0,"parent":4641,"menu_order":10,"comment_status":"closed","ping_status":"closed","template":"","meta":{"_acf_changed":false,"inline_featured_image":false,"footnotes":""},"class_list":["post-4669","page","type-page","status-publish","hentry"],"acf":[],"yoast_head":"<!-- This site is optimized with the Yoast SEO plugin v27.3 - https:\/\/yoast.com\/product\/yoast-seo-wordpress\/ -->\n<title>Ger\u00eancia de Risco - Hospital Geral de Fortaleza (HGF)<\/title>\n<meta name=\"robots\" content=\"index, follow, max-snippet:-1, max-image-preview:large, max-video-preview:-1\" \/>\n<link rel=\"canonical\" href=\"https:\/\/ww16.ce.gov.br\/hgf\/gestao-da-qualidade\/gerencia-de-risco\/\" \/>\n<meta property=\"og:locale\" content=\"pt_BR\" \/>\n<meta property=\"og:type\" content=\"article\" \/>\n<meta property=\"og:title\" content=\"Ger\u00eancia de Risco - Hospital Geral de Fortaleza (HGF)\" \/>\n<meta property=\"og:description\" content=\"A Ger\u00eancia de Risco do Hospital Geral de Fortaleza (HGF) foi implantada por meio da Portaria N\u00ba 17\/2002 no Di\u00e1rio Oficial do Estado (DOE), de 14 de agosto de 2002, e, desde ent\u00e3o, vem desenvolvendo estrat\u00e9gias para a identifica\u00e7\u00e3o, avalia\u00e7\u00e3o, compreens\u00e3o e preven\u00e7\u00e3o de eventos adversos (EA) e queixas t\u00e9cnicas (QT) de produtos para sa\u00fade [&hellip;]\" \/>\n<meta property=\"og:url\" content=\"https:\/\/ww16.ce.gov.br\/hgf\/gestao-da-qualidade\/gerencia-de-risco\/\" \/>\n<meta property=\"og:site_name\" content=\"Hospital Geral de Fortaleza (HGF)\" \/>\n<meta property=\"article:modified_time\" content=\"2026-05-12T13:17:30+00:00\" \/>\n<meta name=\"twitter:card\" content=\"summary_large_image\" \/>\n<meta name=\"twitter:label1\" content=\"Est. reading time\" \/>\n\t<meta name=\"twitter:data1\" content=\"4 minutos\" \/>\n<script type=\"application\/ld+json\" class=\"yoast-schema-graph\">{\"@context\":\"https:\\\/\\\/schema.org\",\"@graph\":[{\"@type\":\"WebPage\",\"@id\":\"https:\\\/\\\/ww16.ce.gov.br\\\/hgf\\\/gestao-da-qualidade\\\/gerencia-de-risco\\\/\",\"url\":\"https:\\\/\\\/ww16.ce.gov.br\\\/hgf\\\/gestao-da-qualidade\\\/gerencia-de-risco\\\/\",\"name\":\"Ger\u00eancia de Risco - Hospital Geral de Fortaleza (HGF)\",\"isPartOf\":{\"@id\":\"https:\\\/\\\/ww16.ce.gov.br\\\/hgf\\\/#website\"},\"datePublished\":\"2022-10-07T13:52:53+00:00\",\"dateModified\":\"2026-05-12T13:17:30+00:00\",\"breadcrumb\":{\"@id\":\"https:\\\/\\\/ww16.ce.gov.br\\\/hgf\\\/gestao-da-qualidade\\\/gerencia-de-risco\\\/#breadcrumb\"},\"inLanguage\":\"pt-BR\",\"potentialAction\":[{\"@type\":\"ReadAction\",\"target\":[\"https:\\\/\\\/ww16.ce.gov.br\\\/hgf\\\/gestao-da-qualidade\\\/gerencia-de-risco\\\/\"]}]},{\"@type\":\"BreadcrumbList\",\"@id\":\"https:\\\/\\\/ww16.ce.gov.br\\\/hgf\\\/gestao-da-qualidade\\\/gerencia-de-risco\\\/#breadcrumb\",\"itemListElement\":[{\"@type\":\"ListItem\",\"position\":1,\"name\":\"In\u00edcio\",\"item\":\"https:\\\/\\\/www.ce.gov.br\\\/hgf\\\/\"},{\"@type\":\"ListItem\",\"position\":2,\"name\":\"Gest\u00e3o da Qualidade\",\"item\":\"https:\\\/\\\/ww16.ce.gov.br\\\/hgf\\\/gestao-da-qualidade\\\/\"},{\"@type\":\"ListItem\",\"position\":3,\"name\":\"Ger\u00eancia de Risco\"}]},{\"@type\":\"WebSite\",\"@id\":\"https:\\\/\\\/ww16.ce.gov.br\\\/hgf\\\/#website\",\"url\":\"https:\\\/\\\/ww16.ce.gov.br\\\/hgf\\\/\",\"name\":\"Hospital Geral de Fortaleza (HGF)\",\"description\":\"Refer\u00eancia em tratamentos de alta complexidade no Estado do Cear\u00e1\",\"potentialAction\":[{\"@type\":\"SearchAction\",\"target\":{\"@type\":\"EntryPoint\",\"urlTemplate\":\"https:\\\/\\\/ww16.ce.gov.br\\\/hgf\\\/?s={search_term_string}\"},\"query-input\":{\"@type\":\"PropertyValueSpecification\",\"valueRequired\":true,\"valueName\":\"search_term_string\"}}],\"inLanguage\":\"pt-BR\"}]}<\/script>\n<!-- \/ Yoast SEO plugin. -->","yoast_head_json":{"title":"Ger\u00eancia de Risco - Hospital Geral de Fortaleza (HGF)","robots":{"index":"index","follow":"follow","max-snippet":"max-snippet:-1","max-image-preview":"max-image-preview:large","max-video-preview":"max-video-preview:-1"},"canonical":"https:\/\/ww16.ce.gov.br\/hgf\/gestao-da-qualidade\/gerencia-de-risco\/","og_locale":"pt_BR","og_type":"article","og_title":"Ger\u00eancia de Risco - Hospital Geral de Fortaleza (HGF)","og_description":"A Ger\u00eancia de Risco do Hospital Geral de Fortaleza (HGF) foi implantada por meio da Portaria N\u00ba 17\/2002 no Di\u00e1rio Oficial do Estado (DOE), de 14 de agosto de 2002, e, desde ent\u00e3o, vem desenvolvendo estrat\u00e9gias para a identifica\u00e7\u00e3o, avalia\u00e7\u00e3o, compreens\u00e3o e preven\u00e7\u00e3o de eventos adversos (EA) e queixas t\u00e9cnicas (QT) de produtos para sa\u00fade [&hellip;]","og_url":"https:\/\/ww16.ce.gov.br\/hgf\/gestao-da-qualidade\/gerencia-de-risco\/","og_site_name":"Hospital Geral de Fortaleza (HGF)","article_modified_time":"2026-05-12T13:17:30+00:00","twitter_card":"summary_large_image","twitter_misc":{"Est. reading time":"4 minutos"},"schema":{"@context":"https:\/\/schema.org","@graph":[{"@type":"WebPage","@id":"https:\/\/ww16.ce.gov.br\/hgf\/gestao-da-qualidade\/gerencia-de-risco\/","url":"https:\/\/ww16.ce.gov.br\/hgf\/gestao-da-qualidade\/gerencia-de-risco\/","name":"Ger\u00eancia de Risco - Hospital Geral de Fortaleza (HGF)","isPartOf":{"@id":"https:\/\/ww16.ce.gov.br\/hgf\/#website"},"datePublished":"2022-10-07T13:52:53+00:00","dateModified":"2026-05-12T13:17:30+00:00","breadcrumb":{"@id":"https:\/\/ww16.ce.gov.br\/hgf\/gestao-da-qualidade\/gerencia-de-risco\/#breadcrumb"},"inLanguage":"pt-BR","potentialAction":[{"@type":"ReadAction","target":["https:\/\/ww16.ce.gov.br\/hgf\/gestao-da-qualidade\/gerencia-de-risco\/"]}]},{"@type":"BreadcrumbList","@id":"https:\/\/ww16.ce.gov.br\/hgf\/gestao-da-qualidade\/gerencia-de-risco\/#breadcrumb","itemListElement":[{"@type":"ListItem","position":1,"name":"In\u00edcio","item":"https:\/\/www.ce.gov.br\/hgf\/"},{"@type":"ListItem","position":2,"name":"Gest\u00e3o da Qualidade","item":"https:\/\/ww16.ce.gov.br\/hgf\/gestao-da-qualidade\/"},{"@type":"ListItem","position":3,"name":"Ger\u00eancia de Risco"}]},{"@type":"WebSite","@id":"https:\/\/ww16.ce.gov.br\/hgf\/#website","url":"https:\/\/ww16.ce.gov.br\/hgf\/","name":"Hospital Geral de Fortaleza (HGF)","description":"Refer\u00eancia em tratamentos de alta complexidade no Estado do Cear\u00e1","potentialAction":[{"@type":"SearchAction","target":{"@type":"EntryPoint","urlTemplate":"https:\/\/ww16.ce.gov.br\/hgf\/?s={search_term_string}"},"query-input":{"@type":"PropertyValueSpecification","valueRequired":true,"valueName":"search_term_string"}}],"inLanguage":"pt-BR"}]}},"_links":{"self":[{"href":"https:\/\/www.ce.gov.br\/hgf\/wp-json\/wp\/v2\/pages\/4669","targetHints":{"allow":["GET"]}}],"collection":[{"href":"https:\/\/www.ce.gov.br\/hgf\/wp-json\/wp\/v2\/pages"}],"about":[{"href":"https:\/\/www.ce.gov.br\/hgf\/wp-json\/wp\/v2\/types\/page"}],"author":[{"embeddable":true,"href":"https:\/\/www.ce.gov.br\/hgf\/wp-json\/wp\/v2\/users\/544"}],"replies":[{"embeddable":true,"href":"https:\/\/www.ce.gov.br\/hgf\/wp-json\/wp\/v2\/comments?post=4669"}],"version-history":[{"count":12,"href":"https:\/\/www.ce.gov.br\/hgf\/wp-json\/wp\/v2\/pages\/4669\/revisions"}],"predecessor-version":[{"id":9152,"href":"https:\/\/www.ce.gov.br\/hgf\/wp-json\/wp\/v2\/pages\/4669\/revisions\/9152"}],"up":[{"embeddable":true,"href":"https:\/\/www.ce.gov.br\/hgf\/wp-json\/wp\/v2\/pages\/4641"}],"wp:attachment":[{"href":"https:\/\/www.ce.gov.br\/hgf\/wp-json\/wp\/v2\/media?parent=4669"}],"curies":[{"name":"wp","href":"https:\/\/api.w.org\/{rel}","templated":true}]}}