{"id":4670,"date":"2022-10-07T10:53:19","date_gmt":"2022-10-07T13:53:19","guid":{"rendered":"http:\/\/ww16.ce.gov.br\/hgf\/?page_id=4670"},"modified":"2026-05-12T11:46:24","modified_gmt":"2026-05-12T14:46:24","slug":"epidemiologia","status":"publish","type":"page","link":"https:\/\/www.ce.gov.br\/hgf\/gestao-da-qualidade\/epidemiologia\/","title":{"rendered":"Epidemiologia"},"content":{"rendered":"<p>O N\u00facleo Hospitalar de Epidemiologia (NHE) \u00e9 respons\u00e1vel pela <strong>coleta, processamento, an\u00e1lise e interpreta\u00e7\u00e3o de dados em sa\u00fade relacionados \u00e0s doen\u00e7as e agravos de notifica\u00e7\u00e3o compuls\u00f3ria<\/strong>. O servi\u00e7o cumpre um papel de vig\u00edlia para a detec\u00e7\u00e3o em tempo oportuno de poss\u00edveis riscos \u00e0 sa\u00fade da popula\u00e7\u00e3o. Al\u00e9m disso, possui papel fundamental na recomenda\u00e7\u00e3o de medidas, promo\u00e7\u00e3o de a\u00e7\u00f5es de controle e avalia\u00e7\u00e3o da efic\u00e1cia e efetividade das provid\u00eancias adotadas.<\/p>\n<p>O servi\u00e7o de Epidemiologia do HGF realiza <strong>busca ativa di\u00e1ria<\/strong> nas emerg\u00eancias, unidades de interna\u00e7\u00e3o e ambulat\u00f3rios al\u00e9m da an\u00e1lise sistem\u00e1tica dos sistemas de informa\u00e7\u00e3o: interna\u00e7\u00e3o e laboratoriais.<\/p>\n<p><strong>A notifica\u00e7\u00e3o compuls\u00f3ria \u00e9 obrigat\u00f3ria para todos os profissionais de sa\u00fade ou respons\u00e1veis pelos servi\u00e7os p\u00fablicos e privados de sa\u00fade, que prestam assist\u00eancia ao paciente<\/strong>.\u00a0<span style=\"letter-spacing: 0.02px\">Contamos com a colabora\u00e7\u00e3o e a sensibilidade de todos os colaboradores, pacientes e acompanhantes na informa\u00e7\u00e3o de ocorr\u00eancia dessas doen\u00e7as\/agravos e eventos em sa\u00fade para os profissionais que realizam a busca ativa ou por meio do telefone.<\/span><\/p>\n<p class=\"destacado\"><strong>Equipe t\u00e9cnica<\/strong><\/p>\n<p style=\"padding-left: 30px\"><strong>Coordena\u00e7\u00e3o<\/strong><br \/>\n\u2013 T\u00e1ssila Silva Melo De Holanda, enfermeira epidemiologista<\/p>\n<p style=\"padding-left: 30px\"><strong>Enfermeiros<\/strong><br \/>\n\u2013 Karina Bianca Alencar de Almeida<br \/>\n\u2013 Suzeli Vaz Machado<\/p>\n<p style=\"padding-left: 30px\"><strong>T\u00e9cnicos de Enfermagem<br \/>\n<\/strong>\u2013 Debora Karina da Silva Pereira<br \/>\n\u2013 Nailson Pereira Vitor<br \/>\n\u2013 Maria Erika Braga Nobre<br \/>\n\u2013 Samira Lima Ribeiro<\/p>\n<p class=\"destacado\"><strong>Contato<\/strong><\/p>\n<p>(85) 3106-3984\u00a0| epidemiologia.hgf2014@gmail.com<\/p>\n<ul class=\"ListaEst\">\n<li><a href=\"https:\/\/www.funsaude.ce.gov.br\/organogramas\/\" target=\"_blank\" rel=\"noopener noreferrer\">Portaria GM\/MS N\u00ba 3.418, de 31 de agosto de 2022<\/a><\/li>\n<\/ul>\n","protected":false},"excerpt":{"rendered":"<p>O N\u00facleo Hospitalar de Epidemiologia (NHE) \u00e9 respons\u00e1vel pela coleta, processamento, an\u00e1lise e interpreta\u00e7\u00e3o de dados em sa\u00fade relacionados \u00e0s doen\u00e7as e agravos de notifica\u00e7\u00e3o compuls\u00f3ria. O servi\u00e7o cumpre um papel de vig\u00edlia para a detec\u00e7\u00e3o em tempo oportuno de poss\u00edveis riscos \u00e0 sa\u00fade da popula\u00e7\u00e3o. Al\u00e9m disso, possui papel fundamental na recomenda\u00e7\u00e3o de medidas, [&hellip;]<\/p>\n","protected":false},"author":544,"featured_media":0,"parent":4641,"menu_order":10,"comment_status":"closed","ping_status":"closed","template":"","meta":{"_acf_changed":false,"inline_featured_image":false,"footnotes":""},"class_list":["post-4670","page","type-page","status-publish","hentry"],"acf":[],"yoast_head":"<!-- This site is optimized with the Yoast SEO plugin v27.3 - https:\/\/yoast.com\/product\/yoast-seo-wordpress\/ -->\n<title>Epidemiologia - Hospital Geral de Fortaleza (HGF)<\/title>\n<meta name=\"robots\" content=\"index, follow, max-snippet:-1, max-image-preview:large, max-video-preview:-1\" \/>\n<link rel=\"canonical\" href=\"https:\/\/ww16.ce.gov.br\/hgf\/gestao-da-qualidade\/epidemiologia\/\" \/>\n<meta property=\"og:locale\" content=\"pt_BR\" \/>\n<meta property=\"og:type\" content=\"article\" \/>\n<meta property=\"og:title\" content=\"Epidemiologia - Hospital Geral de Fortaleza (HGF)\" \/>\n<meta property=\"og:description\" content=\"O N\u00facleo Hospitalar de Epidemiologia (NHE) \u00e9 respons\u00e1vel pela coleta, processamento, an\u00e1lise e interpreta\u00e7\u00e3o de dados em sa\u00fade relacionados \u00e0s doen\u00e7as e agravos de notifica\u00e7\u00e3o compuls\u00f3ria. O servi\u00e7o cumpre um papel de vig\u00edlia para a detec\u00e7\u00e3o em tempo oportuno de poss\u00edveis riscos \u00e0 sa\u00fade da popula\u00e7\u00e3o. Al\u00e9m disso, possui papel fundamental na recomenda\u00e7\u00e3o de medidas, [&hellip;]\" \/>\n<meta property=\"og:url\" content=\"https:\/\/ww16.ce.gov.br\/hgf\/gestao-da-qualidade\/epidemiologia\/\" \/>\n<meta property=\"og:site_name\" content=\"Hospital Geral de Fortaleza (HGF)\" \/>\n<meta property=\"article:modified_time\" content=\"2026-05-12T14:46:24+00:00\" \/>\n<meta name=\"twitter:card\" content=\"summary_large_image\" \/>\n<meta name=\"twitter:label1\" content=\"Est. reading time\" \/>\n\t<meta name=\"twitter:data1\" content=\"2 minutos\" \/>\n<script type=\"application\/ld+json\" class=\"yoast-schema-graph\">{\"@context\":\"https:\\\/\\\/schema.org\",\"@graph\":[{\"@type\":\"WebPage\",\"@id\":\"https:\\\/\\\/ww16.ce.gov.br\\\/hgf\\\/gestao-da-qualidade\\\/epidemiologia\\\/\",\"url\":\"https:\\\/\\\/ww16.ce.gov.br\\\/hgf\\\/gestao-da-qualidade\\\/epidemiologia\\\/\",\"name\":\"Epidemiologia - Hospital Geral de Fortaleza (HGF)\",\"isPartOf\":{\"@id\":\"https:\\\/\\\/ww16.ce.gov.br\\\/hgf\\\/#website\"},\"datePublished\":\"2022-10-07T13:53:19+00:00\",\"dateModified\":\"2026-05-12T14:46:24+00:00\",\"breadcrumb\":{\"@id\":\"https:\\\/\\\/ww16.ce.gov.br\\\/hgf\\\/gestao-da-qualidade\\\/epidemiologia\\\/#breadcrumb\"},\"inLanguage\":\"pt-BR\",\"potentialAction\":[{\"@type\":\"ReadAction\",\"target\":[\"https:\\\/\\\/ww16.ce.gov.br\\\/hgf\\\/gestao-da-qualidade\\\/epidemiologia\\\/\"]}]},{\"@type\":\"BreadcrumbList\",\"@id\":\"https:\\\/\\\/ww16.ce.gov.br\\\/hgf\\\/gestao-da-qualidade\\\/epidemiologia\\\/#breadcrumb\",\"itemListElement\":[{\"@type\":\"ListItem\",\"position\":1,\"name\":\"In\u00edcio\",\"item\":\"https:\\\/\\\/www.ce.gov.br\\\/hgf\\\/\"},{\"@type\":\"ListItem\",\"position\":2,\"name\":\"Gest\u00e3o da Qualidade\",\"item\":\"https:\\\/\\\/ww16.ce.gov.br\\\/hgf\\\/gestao-da-qualidade\\\/\"},{\"@type\":\"ListItem\",\"position\":3,\"name\":\"Epidemiologia\"}]},{\"@type\":\"WebSite\",\"@id\":\"https:\\\/\\\/ww16.ce.gov.br\\\/hgf\\\/#website\",\"url\":\"https:\\\/\\\/ww16.ce.gov.br\\\/hgf\\\/\",\"name\":\"Hospital Geral de Fortaleza (HGF)\",\"description\":\"Refer\u00eancia em tratamentos de alta complexidade no Estado do Cear\u00e1\",\"potentialAction\":[{\"@type\":\"SearchAction\",\"target\":{\"@type\":\"EntryPoint\",\"urlTemplate\":\"https:\\\/\\\/ww16.ce.gov.br\\\/hgf\\\/?s={search_term_string}\"},\"query-input\":{\"@type\":\"PropertyValueSpecification\",\"valueRequired\":true,\"valueName\":\"search_term_string\"}}],\"inLanguage\":\"pt-BR\"}]}<\/script>\n<!-- \/ Yoast SEO plugin. -->","yoast_head_json":{"title":"Epidemiologia - Hospital Geral de Fortaleza (HGF)","robots":{"index":"index","follow":"follow","max-snippet":"max-snippet:-1","max-image-preview":"max-image-preview:large","max-video-preview":"max-video-preview:-1"},"canonical":"https:\/\/ww16.ce.gov.br\/hgf\/gestao-da-qualidade\/epidemiologia\/","og_locale":"pt_BR","og_type":"article","og_title":"Epidemiologia - Hospital Geral de Fortaleza (HGF)","og_description":"O N\u00facleo Hospitalar de Epidemiologia (NHE) \u00e9 respons\u00e1vel pela coleta, processamento, an\u00e1lise e interpreta\u00e7\u00e3o de dados em sa\u00fade relacionados \u00e0s doen\u00e7as e agravos de notifica\u00e7\u00e3o compuls\u00f3ria. O servi\u00e7o cumpre um papel de vig\u00edlia para a detec\u00e7\u00e3o em tempo oportuno de poss\u00edveis riscos \u00e0 sa\u00fade da popula\u00e7\u00e3o. Al\u00e9m disso, possui papel fundamental na recomenda\u00e7\u00e3o de medidas, [&hellip;]","og_url":"https:\/\/ww16.ce.gov.br\/hgf\/gestao-da-qualidade\/epidemiologia\/","og_site_name":"Hospital Geral de Fortaleza (HGF)","article_modified_time":"2026-05-12T14:46:24+00:00","twitter_card":"summary_large_image","twitter_misc":{"Est. reading time":"2 minutos"},"schema":{"@context":"https:\/\/schema.org","@graph":[{"@type":"WebPage","@id":"https:\/\/ww16.ce.gov.br\/hgf\/gestao-da-qualidade\/epidemiologia\/","url":"https:\/\/ww16.ce.gov.br\/hgf\/gestao-da-qualidade\/epidemiologia\/","name":"Epidemiologia - Hospital Geral de Fortaleza (HGF)","isPartOf":{"@id":"https:\/\/ww16.ce.gov.br\/hgf\/#website"},"datePublished":"2022-10-07T13:53:19+00:00","dateModified":"2026-05-12T14:46:24+00:00","breadcrumb":{"@id":"https:\/\/ww16.ce.gov.br\/hgf\/gestao-da-qualidade\/epidemiologia\/#breadcrumb"},"inLanguage":"pt-BR","potentialAction":[{"@type":"ReadAction","target":["https:\/\/ww16.ce.gov.br\/hgf\/gestao-da-qualidade\/epidemiologia\/"]}]},{"@type":"BreadcrumbList","@id":"https:\/\/ww16.ce.gov.br\/hgf\/gestao-da-qualidade\/epidemiologia\/#breadcrumb","itemListElement":[{"@type":"ListItem","position":1,"name":"In\u00edcio","item":"https:\/\/www.ce.gov.br\/hgf\/"},{"@type":"ListItem","position":2,"name":"Gest\u00e3o da Qualidade","item":"https:\/\/ww16.ce.gov.br\/hgf\/gestao-da-qualidade\/"},{"@type":"ListItem","position":3,"name":"Epidemiologia"}]},{"@type":"WebSite","@id":"https:\/\/ww16.ce.gov.br\/hgf\/#website","url":"https:\/\/ww16.ce.gov.br\/hgf\/","name":"Hospital Geral de Fortaleza (HGF)","description":"Refer\u00eancia em tratamentos de alta complexidade no Estado do Cear\u00e1","potentialAction":[{"@type":"SearchAction","target":{"@type":"EntryPoint","urlTemplate":"https:\/\/ww16.ce.gov.br\/hgf\/?s={search_term_string}"},"query-input":{"@type":"PropertyValueSpecification","valueRequired":true,"valueName":"search_term_string"}}],"inLanguage":"pt-BR"}]}},"_links":{"self":[{"href":"https:\/\/www.ce.gov.br\/hgf\/wp-json\/wp\/v2\/pages\/4670","targetHints":{"allow":["GET"]}}],"collection":[{"href":"https:\/\/www.ce.gov.br\/hgf\/wp-json\/wp\/v2\/pages"}],"about":[{"href":"https:\/\/www.ce.gov.br\/hgf\/wp-json\/wp\/v2\/types\/page"}],"author":[{"embeddable":true,"href":"https:\/\/www.ce.gov.br\/hgf\/wp-json\/wp\/v2\/users\/544"}],"replies":[{"embeddable":true,"href":"https:\/\/www.ce.gov.br\/hgf\/wp-json\/wp\/v2\/comments?post=4670"}],"version-history":[{"count":10,"href":"https:\/\/www.ce.gov.br\/hgf\/wp-json\/wp\/v2\/pages\/4670\/revisions"}],"predecessor-version":[{"id":9156,"href":"https:\/\/www.ce.gov.br\/hgf\/wp-json\/wp\/v2\/pages\/4670\/revisions\/9156"}],"up":[{"embeddable":true,"href":"https:\/\/www.ce.gov.br\/hgf\/wp-json\/wp\/v2\/pages\/4641"}],"wp:attachment":[{"href":"https:\/\/www.ce.gov.br\/hgf\/wp-json\/wp\/v2\/media?parent=4670"}],"curies":[{"name":"wp","href":"https:\/\/api.w.org\/{rel}","templated":true}]}}