{"id":4671,"date":"2022-10-07T10:54:15","date_gmt":"2022-10-07T13:54:15","guid":{"rendered":"http:\/\/ww16.ce.gov.br\/hgf\/?page_id=4671"},"modified":"2026-05-13T10:27:04","modified_gmt":"2026-05-13T13:27:04","slug":"ccih","status":"publish","type":"page","link":"https:\/\/www.ce.gov.br\/hgf\/gestao-da-qualidade\/ccih\/","title":{"rendered":"Controle de Infec\u00e7\u00e3o Hospitalar"},"content":{"rendered":"<p>A Comiss\u00e3o de Controle de Infec\u00e7\u00e3o Hospitalar (CCIH) do\u00a0Hospital Geral de Fortaleza (HGF) tem como miss\u00e3o <strong>o planejamento e a realiza\u00e7\u00e3o de\u00a0<\/strong><span style=\"letter-spacing: 0.02px\"><strong>a\u00e7\u00f5es de vigil\u00e2ncia epidemiol\u00f3gica para identifica\u00e7\u00e3o e redu\u00e7\u00e3o de infec\u00e7\u00f5es relacionadas \u00e0 assist\u00eancia \u00e0 saude, doen\u00e7as e agravos de notifica\u00e7\u00e3o compuls\u00f3ria<\/strong>.<\/span><\/p>\n<p>As normas t\u00e9cnicas e operacionais do servi\u00e7o seguem as orienta\u00e7\u00f5es de controle de infec\u00e7\u00f5es recomendadas pela <strong>Ag\u00eancia Nacional de Vigil\u00e2ncia Sanit\u00e1ria (Anvisa)<\/strong> e pelo <strong>Centers for Disease Control and Prevention (CDC)<\/strong>.<\/p>\n<p class=\"destacado\"><strong>Objetivos:<\/strong><\/p>\n<p style=\"padding-left: 30px\">&#8211; Contribuir para preven\u00e7\u00e3o e para o controle das infec\u00e7\u00f5es relacionadas \u00e0 assist\u00eancia \u00e0 sa\u00fade, por meio do est\u00edmulo \u00e0 ado\u00e7\u00e3o de pr\u00e1ticas mais seguras para a assist\u00eancia;<br \/>\n&#8211; Contribuir para consolida\u00e7\u00e3o do Sistema Nacional de Vigil\u00e2ncia Epidemiol\u00f3gica das IRAS;<br \/>\n&#8211; Promo\u00e7\u00e3o da cultura de higieniza\u00e7\u00e3o das m\u00e3os e da limpeza e desinfec\u00e7\u00e3o de superf\u00edcies;<br \/>\n&#8211; Medidas de Isolamentos e precau\u00e7\u00f5es;<br \/>\n&#8211; Contribuir para redu\u00e7\u00e3o da incid\u00eancia das IRAS priorit\u00e1rias;<br \/>\n&#8211; Prevenir e controlar a dissemina\u00e7\u00e3o da resist\u00eancia microbiana na unidade hospitalar;<br \/>\n&#8211; Implementar a Pol\u00edtica de Restri\u00e7\u00e3o de Antimicrobianos;<br \/>\n&#8211; Contribuir para a redu\u00e7\u00e3o de propaga\u00e7\u00e3o intra-hospitalar de Covid-19;<br \/>\n&#8211; Promover, junto \u00e0 Educa\u00e7\u00e3o Permanente, eventos cient\u00edficos para promo\u00e7\u00e3o de conceitos em CCIH.<\/p>\n<p class=\"destacado\"><strong>A\u00e7\u00f5es:<\/strong><\/p>\n<p style=\"padding-left: 30px\">&#8211; Realiza\u00e7\u00e3o de atividades educativas;<br \/>\n&#8211; Revis\u00e3o e elabora\u00e7\u00e3o de protocolos para o controle de infec\u00e7\u00e3o;<br \/>\n&#8211; Elabora\u00e7\u00e3o de normas e rotinas;<br \/>\n&#8211; Realiza\u00e7\u00e3o de visitas de inspe\u00e7\u00e3o internas;<br \/>\n&#8211; Discuss\u00e3o e controle de uso dos antimicrobianos;<br \/>\n&#8211; Emiss\u00e3o de parecer t\u00e9cnico (quando solicitados);<br \/>\n&#8211; Aux\u00edlio para desenvolvimento de a\u00e7\u00f5es de pesquisa com o intuito de proporcionar o conhecimento situacional e propor medidas de interven\u00e7\u00e3o apropriadas.<\/p>\n<p class=\"destacado\"><strong>Equipe t\u00e9cnica:<\/strong><\/p>\n<p style=\"padding-left: 30px\"><strong>Coordena\u00e7\u00e3o<\/strong><br \/>\n&#8211; Luciana Pinto Bandeira, m\u00e9dica infectologista<br \/>\n&#8211; K\u00e1ren Maria Borges Nascimento, enfermeira<\/p>\n<p style=\"padding-left: 30px\"><strong>M\u00e9dicos infectologistas<\/strong><\/p>\n<p>&#8211; Christianne Fernandes Valente Takeda<br \/>\n&#8211; Danilo Am\u00e2ncio Campos<br \/>\n&#8211; Guilherme Alves de Lima Henn<br \/>\n&#8211; Luciana Pinto Bandeira<br \/>\n&#8211; Maria de Lourdes Bandeira de Melo Viana<br \/>\n&#8211; Matheus Dias Gir\u00e3o Rocha<\/p>\n<p style=\"padding-left: 30px\"><strong>Enfermagem<\/strong><br \/>\n&#8211; Amanda Bernardo Da Silva<br \/>\n&#8211; Evarilda Maria Nobre Feitosa<br \/>\n&#8211; Jorgiana Cavalcanti Dos Santos<br \/>\n&#8211; Livia Farias Araujo Gon\u00e7alves<br \/>\n&#8211; Maria S\u00f4nia Rocha<br \/>\n&#8211; K\u00e1ren Maria Borges Nascimento<br \/>\n&#8211; Patricia Aquino De Queiroz<br \/>\n&#8211; Simone Oliveira Lucas Bertoldo<br \/>\n&#8211; Vera L\u00facia Bento Ferreira<\/p>\n<p style=\"padding-left: 30px\"><strong>Farm\u00e1cia<\/strong><br \/>\n&#8211; Larissa Taumaturgo Baltazar<\/p>\n<p class=\"destacado\"><strong>Contato<\/strong><\/p>\n<p>(85) 3106-3866 | ccih.hgf@gmail.com<\/p>\n<ul class=\"ListaEst\">\n<li><a href=\"https:\/\/bvsms.saude.gov.br\/bvs\/saudelegis\/gm\/2013\/prt0529_01_04_2013.html\" target=\"_blank\" rel=\"noopener noreferrer\">Portaria GM\/MS N\u00ba 529, de 1\u00ba de abril de 2013<\/a><\/li>\n<li><a href=\"https:\/\/bvsms.saude.gov.br\/bvs\/saudelegis\/anvisa\/2013\/rdc0036_25_07_2013.html\" target=\"_blank\" rel=\"noopener noreferrer\">Resolu\u00e7\u00e3o \u2013 RDC N\u00ba 36, de 25 de julho de 2013<\/a><\/li>\n<\/ul>\n","protected":false},"excerpt":{"rendered":"<p>A Comiss\u00e3o de Controle de Infec\u00e7\u00e3o Hospitalar (CCIH) do\u00a0Hospital Geral de Fortaleza (HGF) tem como miss\u00e3o o planejamento e a realiza\u00e7\u00e3o de\u00a0a\u00e7\u00f5es de vigil\u00e2ncia epidemiol\u00f3gica para identifica\u00e7\u00e3o e redu\u00e7\u00e3o de infec\u00e7\u00f5es relacionadas \u00e0 assist\u00eancia \u00e0 saude, doen\u00e7as e agravos de notifica\u00e7\u00e3o compuls\u00f3ria. As normas t\u00e9cnicas e operacionais do servi\u00e7o seguem as orienta\u00e7\u00f5es de controle de [&hellip;]<\/p>\n","protected":false},"author":544,"featured_media":0,"parent":4641,"menu_order":10,"comment_status":"closed","ping_status":"closed","template":"","meta":{"_acf_changed":false,"inline_featured_image":false,"footnotes":""},"class_list":["post-4671","page","type-page","status-publish","hentry"],"acf":[],"yoast_head":"<!-- This site is optimized with the Yoast SEO plugin v27.3 - https:\/\/yoast.com\/product\/yoast-seo-wordpress\/ -->\n<title>Controle de Infec\u00e7\u00e3o Hospitalar - Hospital Geral de Fortaleza (HGF)<\/title>\n<meta name=\"robots\" content=\"index, follow, max-snippet:-1, max-image-preview:large, max-video-preview:-1\" \/>\n<link rel=\"canonical\" href=\"https:\/\/ww16.ce.gov.br\/hgf\/gestao-da-qualidade\/ccih\/\" \/>\n<meta property=\"og:locale\" content=\"pt_BR\" \/>\n<meta property=\"og:type\" content=\"article\" \/>\n<meta property=\"og:title\" content=\"Controle de Infec\u00e7\u00e3o Hospitalar - Hospital Geral de Fortaleza (HGF)\" \/>\n<meta property=\"og:description\" content=\"A Comiss\u00e3o de Controle de Infec\u00e7\u00e3o Hospitalar (CCIH) do\u00a0Hospital Geral de Fortaleza (HGF) tem como miss\u00e3o o planejamento e a realiza\u00e7\u00e3o de\u00a0a\u00e7\u00f5es de vigil\u00e2ncia epidemiol\u00f3gica para identifica\u00e7\u00e3o e redu\u00e7\u00e3o de infec\u00e7\u00f5es relacionadas \u00e0 assist\u00eancia \u00e0 saude, doen\u00e7as e agravos de notifica\u00e7\u00e3o compuls\u00f3ria. As normas t\u00e9cnicas e operacionais do servi\u00e7o seguem as orienta\u00e7\u00f5es de controle de [&hellip;]\" \/>\n<meta property=\"og:url\" content=\"https:\/\/ww16.ce.gov.br\/hgf\/gestao-da-qualidade\/ccih\/\" \/>\n<meta property=\"og:site_name\" content=\"Hospital Geral de Fortaleza (HGF)\" \/>\n<meta property=\"article:modified_time\" content=\"2026-05-13T13:27:04+00:00\" \/>\n<meta name=\"twitter:card\" content=\"summary_large_image\" \/>\n<meta name=\"twitter:label1\" content=\"Est. reading time\" \/>\n\t<meta name=\"twitter:data1\" content=\"2 minutos\" \/>\n<script type=\"application\/ld+json\" class=\"yoast-schema-graph\">{\"@context\":\"https:\\\/\\\/schema.org\",\"@graph\":[{\"@type\":\"WebPage\",\"@id\":\"https:\\\/\\\/ww16.ce.gov.br\\\/hgf\\\/gestao-da-qualidade\\\/ccih\\\/\",\"url\":\"https:\\\/\\\/ww16.ce.gov.br\\\/hgf\\\/gestao-da-qualidade\\\/ccih\\\/\",\"name\":\"Controle de Infec\u00e7\u00e3o Hospitalar - Hospital Geral de Fortaleza (HGF)\",\"isPartOf\":{\"@id\":\"https:\\\/\\\/ww16.ce.gov.br\\\/hgf\\\/#website\"},\"datePublished\":\"2022-10-07T13:54:15+00:00\",\"dateModified\":\"2026-05-13T13:27:04+00:00\",\"breadcrumb\":{\"@id\":\"https:\\\/\\\/ww16.ce.gov.br\\\/hgf\\\/gestao-da-qualidade\\\/ccih\\\/#breadcrumb\"},\"inLanguage\":\"pt-BR\",\"potentialAction\":[{\"@type\":\"ReadAction\",\"target\":[\"https:\\\/\\\/ww16.ce.gov.br\\\/hgf\\\/gestao-da-qualidade\\\/ccih\\\/\"]}]},{\"@type\":\"BreadcrumbList\",\"@id\":\"https:\\\/\\\/ww16.ce.gov.br\\\/hgf\\\/gestao-da-qualidade\\\/ccih\\\/#breadcrumb\",\"itemListElement\":[{\"@type\":\"ListItem\",\"position\":1,\"name\":\"In\u00edcio\",\"item\":\"https:\\\/\\\/www.ce.gov.br\\\/hgf\\\/\"},{\"@type\":\"ListItem\",\"position\":2,\"name\":\"Gest\u00e3o da Qualidade\",\"item\":\"https:\\\/\\\/ww16.ce.gov.br\\\/hgf\\\/gestao-da-qualidade\\\/\"},{\"@type\":\"ListItem\",\"position\":3,\"name\":\"Controle de Infec\u00e7\u00e3o Hospitalar\"}]},{\"@type\":\"WebSite\",\"@id\":\"https:\\\/\\\/ww16.ce.gov.br\\\/hgf\\\/#website\",\"url\":\"https:\\\/\\\/ww16.ce.gov.br\\\/hgf\\\/\",\"name\":\"Hospital Geral de Fortaleza (HGF)\",\"description\":\"Refer\u00eancia em tratamentos de alta complexidade no Estado do Cear\u00e1\",\"potentialAction\":[{\"@type\":\"SearchAction\",\"target\":{\"@type\":\"EntryPoint\",\"urlTemplate\":\"https:\\\/\\\/ww16.ce.gov.br\\\/hgf\\\/?s={search_term_string}\"},\"query-input\":{\"@type\":\"PropertyValueSpecification\",\"valueRequired\":true,\"valueName\":\"search_term_string\"}}],\"inLanguage\":\"pt-BR\"}]}<\/script>\n<!-- \/ Yoast SEO plugin. -->","yoast_head_json":{"title":"Controle de Infec\u00e7\u00e3o Hospitalar - Hospital Geral de Fortaleza (HGF)","robots":{"index":"index","follow":"follow","max-snippet":"max-snippet:-1","max-image-preview":"max-image-preview:large","max-video-preview":"max-video-preview:-1"},"canonical":"https:\/\/ww16.ce.gov.br\/hgf\/gestao-da-qualidade\/ccih\/","og_locale":"pt_BR","og_type":"article","og_title":"Controle de Infec\u00e7\u00e3o Hospitalar - Hospital Geral de Fortaleza (HGF)","og_description":"A Comiss\u00e3o de Controle de Infec\u00e7\u00e3o Hospitalar (CCIH) do\u00a0Hospital Geral de Fortaleza (HGF) tem como miss\u00e3o o planejamento e a realiza\u00e7\u00e3o de\u00a0a\u00e7\u00f5es de vigil\u00e2ncia epidemiol\u00f3gica para identifica\u00e7\u00e3o e redu\u00e7\u00e3o de infec\u00e7\u00f5es relacionadas \u00e0 assist\u00eancia \u00e0 saude, doen\u00e7as e agravos de notifica\u00e7\u00e3o compuls\u00f3ria. As normas t\u00e9cnicas e operacionais do servi\u00e7o seguem as orienta\u00e7\u00f5es de controle de [&hellip;]","og_url":"https:\/\/ww16.ce.gov.br\/hgf\/gestao-da-qualidade\/ccih\/","og_site_name":"Hospital Geral de Fortaleza (HGF)","article_modified_time":"2026-05-13T13:27:04+00:00","twitter_card":"summary_large_image","twitter_misc":{"Est. reading time":"2 minutos"},"schema":{"@context":"https:\/\/schema.org","@graph":[{"@type":"WebPage","@id":"https:\/\/ww16.ce.gov.br\/hgf\/gestao-da-qualidade\/ccih\/","url":"https:\/\/ww16.ce.gov.br\/hgf\/gestao-da-qualidade\/ccih\/","name":"Controle de Infec\u00e7\u00e3o Hospitalar - Hospital Geral de Fortaleza (HGF)","isPartOf":{"@id":"https:\/\/ww16.ce.gov.br\/hgf\/#website"},"datePublished":"2022-10-07T13:54:15+00:00","dateModified":"2026-05-13T13:27:04+00:00","breadcrumb":{"@id":"https:\/\/ww16.ce.gov.br\/hgf\/gestao-da-qualidade\/ccih\/#breadcrumb"},"inLanguage":"pt-BR","potentialAction":[{"@type":"ReadAction","target":["https:\/\/ww16.ce.gov.br\/hgf\/gestao-da-qualidade\/ccih\/"]}]},{"@type":"BreadcrumbList","@id":"https:\/\/ww16.ce.gov.br\/hgf\/gestao-da-qualidade\/ccih\/#breadcrumb","itemListElement":[{"@type":"ListItem","position":1,"name":"In\u00edcio","item":"https:\/\/www.ce.gov.br\/hgf\/"},{"@type":"ListItem","position":2,"name":"Gest\u00e3o da Qualidade","item":"https:\/\/ww16.ce.gov.br\/hgf\/gestao-da-qualidade\/"},{"@type":"ListItem","position":3,"name":"Controle de Infec\u00e7\u00e3o Hospitalar"}]},{"@type":"WebSite","@id":"https:\/\/ww16.ce.gov.br\/hgf\/#website","url":"https:\/\/ww16.ce.gov.br\/hgf\/","name":"Hospital Geral de Fortaleza (HGF)","description":"Refer\u00eancia em tratamentos de alta complexidade no Estado do Cear\u00e1","potentialAction":[{"@type":"SearchAction","target":{"@type":"EntryPoint","urlTemplate":"https:\/\/ww16.ce.gov.br\/hgf\/?s={search_term_string}"},"query-input":{"@type":"PropertyValueSpecification","valueRequired":true,"valueName":"search_term_string"}}],"inLanguage":"pt-BR"}]}},"_links":{"self":[{"href":"https:\/\/www.ce.gov.br\/hgf\/wp-json\/wp\/v2\/pages\/4671","targetHints":{"allow":["GET"]}}],"collection":[{"href":"https:\/\/www.ce.gov.br\/hgf\/wp-json\/wp\/v2\/pages"}],"about":[{"href":"https:\/\/www.ce.gov.br\/hgf\/wp-json\/wp\/v2\/types\/page"}],"author":[{"embeddable":true,"href":"https:\/\/www.ce.gov.br\/hgf\/wp-json\/wp\/v2\/users\/544"}],"replies":[{"embeddable":true,"href":"https:\/\/www.ce.gov.br\/hgf\/wp-json\/wp\/v2\/comments?post=4671"}],"version-history":[{"count":12,"href":"https:\/\/www.ce.gov.br\/hgf\/wp-json\/wp\/v2\/pages\/4671\/revisions"}],"predecessor-version":[{"id":9186,"href":"https:\/\/www.ce.gov.br\/hgf\/wp-json\/wp\/v2\/pages\/4671\/revisions\/9186"}],"up":[{"embeddable":true,"href":"https:\/\/www.ce.gov.br\/hgf\/wp-json\/wp\/v2\/pages\/4641"}],"wp:attachment":[{"href":"https:\/\/www.ce.gov.br\/hgf\/wp-json\/wp\/v2\/media?parent=4671"}],"curies":[{"name":"wp","href":"https:\/\/api.w.org\/{rel}","templated":true}]}}