{"id":4678,"date":"2022-10-07T10:59:15","date_gmt":"2022-10-07T13:59:15","guid":{"rendered":"http:\/\/ww16.ce.gov.br\/hgf\/?page_id=4678"},"modified":"2026-05-11T11:49:41","modified_gmt":"2026-05-11T14:49:41","slug":"sobre","status":"publish","type":"page","link":"https:\/\/www.ce.gov.br\/hgf\/institucional\/sobre\/","title":{"rendered":"Sobre"},"content":{"rendered":"\n<h3 class=\"wp-block-heading\"><strong>Hospital Geral de Fortaleza<\/strong><\/h3>\n\n\n\n<figure class=\"wp-block-image aligncenter\"><img loading=\"lazy\" decoding=\"async\" width=\"775\" height=\"485\" src=\"https:\/\/ww16.ce.gov.br\/hgf\/wp-content\/uploads\/sites\/26\/2021\/05\/WhatsApp-Image-2021-05-25-at-13.07.32.jpg\" alt=\"Fachada - HGF\" class=\"wp-image-4606\" srcset=\"https:\/\/www.ce.gov.br\/hgf\/wp-content\/uploads\/sites\/26\/2021\/05\/WhatsApp-Image-2021-05-25-at-13.07.32.jpg 775w, https:\/\/www.ce.gov.br\/hgf\/wp-content\/uploads\/sites\/26\/2021\/05\/WhatsApp-Image-2021-05-25-at-13.07.32-600x375.jpg 600w, https:\/\/www.ce.gov.br\/hgf\/wp-content\/uploads\/sites\/26\/2021\/05\/WhatsApp-Image-2021-05-25-at-13.07.32-768x481.jpg 768w\" sizes=\"auto, (max-width: 775px) 100vw, 775px\" \/><\/figure>\n\n\n\n<p><span style=\"font-weight: 400\"><strong>O Hospital Geral de Fortaleza (HGF) \u00e9 o maior hospital da rede p\u00fablica do estado do Cear\u00e1 e um centro de refer\u00eancia para o Norte e Nordeste em assist\u00eancia de alta complexidade<\/strong>. Ao todo, s\u00e3o <\/span>33 especialidades m\u00e9dicas e 64 subespecialidades. Entre os servi\u00e7os que se destacam, est\u00e3o Neurologia, Neurocirurgia, Oncologia, Cirurgia Vascular, Oftalmologia, Reumatologia, Nefrologia, Ortopedia e Obstetr\u00edcia de alto risco.<\/p>\n\n\n\n<p>&nbsp;<span style=\"font-weight: 400\">Com 56 anos de atividade completos em 2025 e mais de 92 mil m\u00b2 de \u00e1rea, a institui\u00e7\u00e3o oferece \u00e0 popula\u00e7\u00e3o mais de <\/span><b style=\"letter-spacing: 0.02px\">500 leitos<\/b> <span style=\"font-weight: 400\">entre enfermarias de interna\u00e7\u00e3o, emerg\u00eancia, obstetr\u00edcia e unidades de terapia intensiva (UTI) adulto e neonatal. Mensalmente, s\u00e3o mais de <\/span><b style=\"letter-spacing: 0.02px\">20 mil<\/b> <b style=\"letter-spacing: 0.02px\">atendimentos ambulatoriais<\/b><span style=\"font-weight: 400\">, <\/span><b style=\"letter-spacing: 0.02px\">800 cirurgias <\/b><span style=\"font-weight: 400\">(eletivas e emergenciais) e <\/span><b style=\"letter-spacing: 0.02px\">220 mil exames laboratoriais<\/b><span style=\"font-weight: 400\">. Tudo isso realizado por um corpo funcional que ultrapassa os <strong>5 mil trabalhadores<\/strong>.<\/span><\/p>\n\n\n\n<p>&nbsp;<strong>O HGF conta com emerg\u00eancia de portas abertas 24h <\/strong><span style=\"font-weight: 400\"><strong>e \u00e9 refer\u00eancia nacional no atendimento a pacientes com acidente vascular cerebral (AVC).<\/strong> Logo na chegada \u00e0 unidade, o paciente passa por triagem com equipe multidisciplinar especializada para maior assertividade no encaminhamento interno. Al\u00e9m da unidade de AVC isqu\u00eamico, que completa 15 anos de atividade em 2024, o hospital \u00e9 o \u00fanico do Brasil a ter uma enfermaria exclusiva para tratamento de AVC hemorr\u00e1gico.<\/span>&nbsp;<\/p>\n\n\n\n<p><span style=\"font-weight: 400\">Na institui\u00e7\u00e3o, encontra-se tamb\u00e9m <strong>o \u00fanico <\/strong><\/span><strong>Banco de Olhos <\/strong><span style=\"font-weight: 400\"><strong>p\u00fablico do Estado<\/strong>. O servi\u00e7o atua na capta\u00e7\u00e3o, preserva\u00e7\u00e3o e distribui\u00e7\u00e3o de c\u00f3rneas para centros transplantadores do Cear\u00e1 e at\u00e9 de estados vizinhos. Al\u00e9m de realizar transplantes de c\u00f3rneas, o HGF tamb\u00e9m \u00e9 refer\u00eancia em transplantes de f\u00edgado, p\u00e2ncreas e rins.<\/span>&nbsp;<\/p>\n\n\n\n<p><strong>O hospital se evidencia ainda pelo <b>maior parque tecnol\u00f3gico em equipamentos de sa\u00fade do Cear\u00e1<\/b><\/strong><span style=\"font-weight: 400\">. Destacam-se os maquin\u00e1rios cir\u00fargicos com videolaparoscopia, que proporcionam procedimentos menos invasivos; microsc\u00f3pios para cirurgias e exames oftalmol\u00f3gicos em 3D, que garantem maior assertividade cl\u00ednica e cir\u00fargica; e equipamentos de diagn\u00f3stico de imagem, que funcionam 24h para atender a demanda.<\/span><\/p>\n\n\n\n<p>&nbsp;<strong>Vis\u00e3o geral<\/strong>*<\/p>\n\n\n\n<p>\u2022 Total de leitos ativos: 597<br>\u2022 Total de leitos de UTI: 84<br>\u2022 Cirurgias eletivas e de urg\u00eancia: 800\/m\u00eas<br>\u2022 N\u00famero de exames Laboratoriais: 220.000\/m\u00eas<br>\u2022 N\u00famero de exames de imagem: 10.000\/m\u00eas<br>\u2022 Consultas ambulatoriais: 1.500\/dia&nbsp;<\/p>\n\n\n\n<h4 class=\"wp-block-heading destacado\"><strong>Acesso<\/strong><\/h4>\n\n\n\n<p><span style=\"font-weight: 400\">O Hospital Geral de Fortaleza \u00e9 uma institui\u00e7\u00e3o de <\/span><strong><b>n\u00edvel terci\u00e1rio<\/b><\/strong><span style=\"font-weight: 400\">pertencente \u00e0 Secretaria da Sa\u00fade do Cear\u00e1 (Sesa). A emerg\u00eancia \u00e9 aberta 24h para atendimentos de alta complexidade. J\u00e1 o acesso ambulatorial acontece por meio de encaminhamento de postos de sa\u00fade e secretarias de sa\u00fade de munic\u00edpios, via Central de Regula\u00e7\u00e3o da Sesa.<\/span>&nbsp;<\/p>\n\n\n\n<h4 class=\"wp-block-heading destacado\"><strong>Ensino e Pesquisa<\/strong><\/h4>\n\n\n\n<p><span style=\"font-weight: 400\">Certificado pelo Minist\u00e9rio da Educa\u00e7\u00e3o e pelo Minist\u00e9rio da Sa\u00fade, o HGF possui o maior n\u00famero de programas de resid\u00eancia m\u00e9dica e multiprofissional credenciados do Cear\u00e1. S\u00e3o <strong>38 programas de resid\u00eancia m\u00e9dica e 8 multiprofissionais<\/strong>. A institui\u00e7\u00e3o oferece ainda internato e est\u00e1gios curriculares para diversos cursos de gradua\u00e7\u00e3o.<\/span><\/p>\n\n\n\n<p>\u00a0<span style=\"font-weight: 400\">____________________________________________________<\/span><\/p>\n\n\n\n<p>\u00a0<strong>Miss\u00e3o:<span style=\"font-weight: 400\">\u00a0<\/span><\/strong><\/p>\n\n\n\n<p class=\"destacado\"><span style=\"font-weight: 400\">Realizar aten\u00e7\u00e3o especializada em procedimentos de alta complexidade \u00e0 sa\u00fade da popula\u00e7\u00e3o por meio do atendimento integral de qualidade e humanizado, promovendo ensino e pesquisa.<\/span><\/p>\n\n\n\n<p>\u00a0<strong>Vis\u00e3o<span style=\"font-weight: 400\">: <\/span><\/strong><\/p>\n\n\n\n<p class=\"destacado\"><span style=\"font-weight: 400\">Tornar-se um centro de excel\u00eancia em aten\u00e7\u00e3o especializada e em forma\u00e7\u00e3o na \u00e1rea da sa\u00fade do Brasil.<\/span><\/p>\n\n\n\n<p>\u00a0<strong>Valores<\/strong><span style=\"font-weight: 400\">: <\/span><\/p>\n\n\n\n<p class=\"destacado\">Efici\u00eancia e sustentabilidade;<br>Valoriza\u00e7\u00e3o das pessoas;<br>Comprometimento com o SUS;<br>Transpar\u00eancia;<br>Inova\u00e7\u00e3o e conhecimento;<br>Humaniza\u00e7\u00e3o;<br>Inclus\u00e3o e diversidade;<br>\u00c9tica.<\/p>\n\n\n\n<p class=\"destacado\">\u00a0<span style=\"font-weight: 300\"><em>*Dados de mar\u00e7o de 2025.<\/em><\/span><\/p>\n\n\n\n<p><\/p>\n","protected":false},"excerpt":{"rendered":"<p>Hospital Geral de Fortaleza O Hospital Geral de Fortaleza (HGF) \u00e9 o maior hospital da rede p\u00fablica do estado do Cear\u00e1 e um centro de refer\u00eancia para o Norte e Nordeste em assist\u00eancia de alta complexidade. Ao todo, s\u00e3o 33 especialidades m\u00e9dicas e 64 subespecialidades. Entre os servi\u00e7os que se destacam, est\u00e3o Neurologia, Neurocirurgia, Oncologia, [&hellip;]<\/p>\n","protected":false},"author":544,"featured_media":0,"parent":52,"menu_order":10,"comment_status":"closed","ping_status":"closed","template":"","meta":{"_acf_changed":false,"inline_featured_image":false,"footnotes":""},"class_list":["post-4678","page","type-page","status-publish","hentry"],"acf":[],"yoast_head":"<!-- This site is optimized with the Yoast SEO plugin v27.3 - https:\/\/yoast.com\/product\/yoast-seo-wordpress\/ -->\n<title>Sobre - Hospital Geral de Fortaleza (HGF)<\/title>\n<meta name=\"robots\" content=\"index, follow, max-snippet:-1, max-image-preview:large, max-video-preview:-1\" \/>\n<link rel=\"canonical\" href=\"https:\/\/ww16.ce.gov.br\/hgf\/institucional\/sobre\/\" \/>\n<meta property=\"og:locale\" content=\"pt_BR\" \/>\n<meta property=\"og:type\" content=\"article\" \/>\n<meta property=\"og:title\" content=\"Sobre - Hospital Geral de Fortaleza (HGF)\" \/>\n<meta property=\"og:description\" content=\"Hospital Geral de Fortaleza O Hospital Geral de Fortaleza (HGF) \u00e9 o maior hospital da rede p\u00fablica do estado do Cear\u00e1 e um centro de refer\u00eancia para o Norte e Nordeste em assist\u00eancia de alta complexidade. Ao todo, s\u00e3o 33 especialidades m\u00e9dicas e 64 subespecialidades. Entre os servi\u00e7os que se destacam, est\u00e3o Neurologia, Neurocirurgia, Oncologia, [&hellip;]\" \/>\n<meta property=\"og:url\" content=\"https:\/\/ww16.ce.gov.br\/hgf\/institucional\/sobre\/\" \/>\n<meta property=\"og:site_name\" content=\"Hospital Geral de Fortaleza (HGF)\" \/>\n<meta property=\"article:modified_time\" content=\"2026-05-11T14:49:41+00:00\" \/>\n<meta property=\"og:image\" content=\"http:\/\/ww16.ce.gov.br\/hgf\/wp-content\/uploads\/sites\/26\/2021\/05\/WhatsApp-Image-2021-05-25-at-13.07.32.jpg\" \/>\n<meta name=\"twitter:card\" content=\"summary_large_image\" \/>\n<meta name=\"twitter:label1\" content=\"Est. reading time\" \/>\n\t<meta name=\"twitter:data1\" content=\"4 minutos\" \/>\n<script type=\"application\/ld+json\" class=\"yoast-schema-graph\">{\"@context\":\"https:\\\/\\\/schema.org\",\"@graph\":[{\"@type\":\"WebPage\",\"@id\":\"https:\\\/\\\/ww16.ce.gov.br\\\/hgf\\\/institucional\\\/sobre\\\/\",\"url\":\"https:\\\/\\\/ww16.ce.gov.br\\\/hgf\\\/institucional\\\/sobre\\\/\",\"name\":\"Sobre - Hospital Geral de Fortaleza (HGF)\",\"isPartOf\":{\"@id\":\"https:\\\/\\\/ww16.ce.gov.br\\\/hgf\\\/#website\"},\"primaryImageOfPage\":{\"@id\":\"https:\\\/\\\/ww16.ce.gov.br\\\/hgf\\\/institucional\\\/sobre\\\/#primaryimage\"},\"image\":{\"@id\":\"https:\\\/\\\/ww16.ce.gov.br\\\/hgf\\\/institucional\\\/sobre\\\/#primaryimage\"},\"thumbnailUrl\":\"http:\\\/\\\/ww16.ce.gov.br\\\/hgf\\\/wp-content\\\/uploads\\\/sites\\\/26\\\/2021\\\/05\\\/WhatsApp-Image-2021-05-25-at-13.07.32.jpg\",\"datePublished\":\"2022-10-07T13:59:15+00:00\",\"dateModified\":\"2026-05-11T14:49:41+00:00\",\"breadcrumb\":{\"@id\":\"https:\\\/\\\/ww16.ce.gov.br\\\/hgf\\\/institucional\\\/sobre\\\/#breadcrumb\"},\"inLanguage\":\"pt-BR\",\"potentialAction\":[{\"@type\":\"ReadAction\",\"target\":[\"https:\\\/\\\/ww16.ce.gov.br\\\/hgf\\\/institucional\\\/sobre\\\/\"]}]},{\"@type\":\"ImageObject\",\"inLanguage\":\"pt-BR\",\"@id\":\"https:\\\/\\\/ww16.ce.gov.br\\\/hgf\\\/institucional\\\/sobre\\\/#primaryimage\",\"url\":\"http:\\\/\\\/ww16.ce.gov.br\\\/hgf\\\/wp-content\\\/uploads\\\/sites\\\/26\\\/2021\\\/05\\\/WhatsApp-Image-2021-05-25-at-13.07.32.jpg\",\"contentUrl\":\"http:\\\/\\\/ww16.ce.gov.br\\\/hgf\\\/wp-content\\\/uploads\\\/sites\\\/26\\\/2021\\\/05\\\/WhatsApp-Image-2021-05-25-at-13.07.32.jpg\"},{\"@type\":\"BreadcrumbList\",\"@id\":\"https:\\\/\\\/ww16.ce.gov.br\\\/hgf\\\/institucional\\\/sobre\\\/#breadcrumb\",\"itemListElement\":[{\"@type\":\"ListItem\",\"position\":1,\"name\":\"In\u00edcio\",\"item\":\"https:\\\/\\\/www.ce.gov.br\\\/hgf\\\/\"},{\"@type\":\"ListItem\",\"position\":2,\"name\":\"Institucional\",\"item\":\"https:\\\/\\\/ww16.ce.gov.br\\\/hgf\\\/institucional\\\/\"},{\"@type\":\"ListItem\",\"position\":3,\"name\":\"Sobre\"}]},{\"@type\":\"WebSite\",\"@id\":\"https:\\\/\\\/ww16.ce.gov.br\\\/hgf\\\/#website\",\"url\":\"https:\\\/\\\/ww16.ce.gov.br\\\/hgf\\\/\",\"name\":\"Hospital Geral de Fortaleza (HGF)\",\"description\":\"Refer\u00eancia em tratamentos de alta complexidade no Estado do Cear\u00e1\",\"potentialAction\":[{\"@type\":\"SearchAction\",\"target\":{\"@type\":\"EntryPoint\",\"urlTemplate\":\"https:\\\/\\\/ww16.ce.gov.br\\\/hgf\\\/?s={search_term_string}\"},\"query-input\":{\"@type\":\"PropertyValueSpecification\",\"valueRequired\":true,\"valueName\":\"search_term_string\"}}],\"inLanguage\":\"pt-BR\"}]}<\/script>\n<!-- \/ Yoast SEO plugin. -->","yoast_head_json":{"title":"Sobre - Hospital Geral de Fortaleza (HGF)","robots":{"index":"index","follow":"follow","max-snippet":"max-snippet:-1","max-image-preview":"max-image-preview:large","max-video-preview":"max-video-preview:-1"},"canonical":"https:\/\/ww16.ce.gov.br\/hgf\/institucional\/sobre\/","og_locale":"pt_BR","og_type":"article","og_title":"Sobre - Hospital Geral de Fortaleza (HGF)","og_description":"Hospital Geral de Fortaleza O Hospital Geral de Fortaleza (HGF) \u00e9 o maior hospital da rede p\u00fablica do estado do Cear\u00e1 e um centro de refer\u00eancia para o Norte e Nordeste em assist\u00eancia de alta complexidade. Ao todo, s\u00e3o 33 especialidades m\u00e9dicas e 64 subespecialidades. Entre os servi\u00e7os que se destacam, est\u00e3o Neurologia, Neurocirurgia, Oncologia, [&hellip;]","og_url":"https:\/\/ww16.ce.gov.br\/hgf\/institucional\/sobre\/","og_site_name":"Hospital Geral de Fortaleza (HGF)","article_modified_time":"2026-05-11T14:49:41+00:00","og_image":[{"url":"http:\/\/ww16.ce.gov.br\/hgf\/wp-content\/uploads\/sites\/26\/2021\/05\/WhatsApp-Image-2021-05-25-at-13.07.32.jpg","type":"","width":"","height":""}],"twitter_card":"summary_large_image","twitter_misc":{"Est. reading time":"4 minutos"},"schema":{"@context":"https:\/\/schema.org","@graph":[{"@type":"WebPage","@id":"https:\/\/ww16.ce.gov.br\/hgf\/institucional\/sobre\/","url":"https:\/\/ww16.ce.gov.br\/hgf\/institucional\/sobre\/","name":"Sobre - Hospital Geral de Fortaleza (HGF)","isPartOf":{"@id":"https:\/\/ww16.ce.gov.br\/hgf\/#website"},"primaryImageOfPage":{"@id":"https:\/\/ww16.ce.gov.br\/hgf\/institucional\/sobre\/#primaryimage"},"image":{"@id":"https:\/\/ww16.ce.gov.br\/hgf\/institucional\/sobre\/#primaryimage"},"thumbnailUrl":"http:\/\/ww16.ce.gov.br\/hgf\/wp-content\/uploads\/sites\/26\/2021\/05\/WhatsApp-Image-2021-05-25-at-13.07.32.jpg","datePublished":"2022-10-07T13:59:15+00:00","dateModified":"2026-05-11T14:49:41+00:00","breadcrumb":{"@id":"https:\/\/ww16.ce.gov.br\/hgf\/institucional\/sobre\/#breadcrumb"},"inLanguage":"pt-BR","potentialAction":[{"@type":"ReadAction","target":["https:\/\/ww16.ce.gov.br\/hgf\/institucional\/sobre\/"]}]},{"@type":"ImageObject","inLanguage":"pt-BR","@id":"https:\/\/ww16.ce.gov.br\/hgf\/institucional\/sobre\/#primaryimage","url":"http:\/\/ww16.ce.gov.br\/hgf\/wp-content\/uploads\/sites\/26\/2021\/05\/WhatsApp-Image-2021-05-25-at-13.07.32.jpg","contentUrl":"http:\/\/ww16.ce.gov.br\/hgf\/wp-content\/uploads\/sites\/26\/2021\/05\/WhatsApp-Image-2021-05-25-at-13.07.32.jpg"},{"@type":"BreadcrumbList","@id":"https:\/\/ww16.ce.gov.br\/hgf\/institucional\/sobre\/#breadcrumb","itemListElement":[{"@type":"ListItem","position":1,"name":"In\u00edcio","item":"https:\/\/www.ce.gov.br\/hgf\/"},{"@type":"ListItem","position":2,"name":"Institucional","item":"https:\/\/ww16.ce.gov.br\/hgf\/institucional\/"},{"@type":"ListItem","position":3,"name":"Sobre"}]},{"@type":"WebSite","@id":"https:\/\/ww16.ce.gov.br\/hgf\/#website","url":"https:\/\/ww16.ce.gov.br\/hgf\/","name":"Hospital Geral de Fortaleza (HGF)","description":"Refer\u00eancia em tratamentos de alta complexidade no Estado do Cear\u00e1","potentialAction":[{"@type":"SearchAction","target":{"@type":"EntryPoint","urlTemplate":"https:\/\/ww16.ce.gov.br\/hgf\/?s={search_term_string}"},"query-input":{"@type":"PropertyValueSpecification","valueRequired":true,"valueName":"search_term_string"}}],"inLanguage":"pt-BR"}]}},"_links":{"self":[{"href":"https:\/\/www.ce.gov.br\/hgf\/wp-json\/wp\/v2\/pages\/4678","targetHints":{"allow":["GET"]}}],"collection":[{"href":"https:\/\/www.ce.gov.br\/hgf\/wp-json\/wp\/v2\/pages"}],"about":[{"href":"https:\/\/www.ce.gov.br\/hgf\/wp-json\/wp\/v2\/types\/page"}],"author":[{"embeddable":true,"href":"https:\/\/www.ce.gov.br\/hgf\/wp-json\/wp\/v2\/users\/544"}],"replies":[{"embeddable":true,"href":"https:\/\/www.ce.gov.br\/hgf\/wp-json\/wp\/v2\/comments?post=4678"}],"version-history":[{"count":25,"href":"https:\/\/www.ce.gov.br\/hgf\/wp-json\/wp\/v2\/pages\/4678\/revisions"}],"predecessor-version":[{"id":9141,"href":"https:\/\/www.ce.gov.br\/hgf\/wp-json\/wp\/v2\/pages\/4678\/revisions\/9141"}],"up":[{"embeddable":true,"href":"https:\/\/www.ce.gov.br\/hgf\/wp-json\/wp\/v2\/pages\/52"}],"wp:attachment":[{"href":"https:\/\/www.ce.gov.br\/hgf\/wp-json\/wp\/v2\/media?parent=4678"}],"curies":[{"name":"wp","href":"https:\/\/api.w.org\/{rel}","templated":true}]}}