{"id":4684,"date":"2022-10-07T11:14:21","date_gmt":"2022-10-07T14:14:21","guid":{"rendered":"http:\/\/ww16.ce.gov.br\/hgf\/?page_id=4684"},"modified":"2026-05-12T13:52:56","modified_gmt":"2026-05-12T16:52:56","slug":"direcao","status":"publish","type":"page","link":"https:\/\/www.ce.gov.br\/hgf\/ensino-e-pesquisa\/direcao\/","title":{"rendered":"Dire\u00e7\u00e3o de Ensino, Pesquisa e Resid\u00eancia"},"content":{"rendered":"\n<p>O Hospital Geral de Fortaleza (HGF) \u00e9 um hospital com miss\u00e3o de ensino, certificado pelos Minist\u00e9rios da Educa\u00e7\u00e3o (ME) e da Sa\u00fade (MS), com programas de <strong>resid\u00eancia m\u00e9dica e multiprofissional<\/strong>, <strong>internato<\/strong> (para atender estudantes da \u00e1rea da Sa\u00fade nos \u00faltimos anos da gradua\u00e7\u00e3o de institui\u00e7\u00f5es p\u00fablicas e privadas de ensino superior), <strong>est\u00e1gios curriculares<\/strong> e <strong>bolsas acad\u00eamicas<\/strong> de diversos cursos de gradua\u00e7\u00e3o.<\/p>\n\n\n\n<p><strong>A unidade possui 38 programas de resid\u00eancia m\u00e9dica&nbsp;e 8 programas de resid\u00eancia multiprofissional credenciados<\/strong> \u2014 maior n\u00famero entre as unidades de sa\u00fade do Estado \u2014, tendo papel relevante e efetivo na forma\u00e7\u00e3o de profissionais e na difus\u00e3o de novas tecnologias na \u00e1rea da Sa\u00fade no Cear\u00e1.<\/p>\n\n\n\n<p>A Dire\u00e7\u00e3o de Ensino e Pesquisa do HGF \u00e9 o setor respons\u00e1vel pelo <strong>planejamento<\/strong>, <strong>supervis\u00e3o<\/strong>, <strong>orienta\u00e7\u00e3o<\/strong> e <strong>execu\u00e7\u00e3o<\/strong> das <strong>a\u00e7\u00f5es de ensino, aperfei\u00e7oamento e pesquisa<\/strong> relacionadas \u00e0 forma\u00e7\u00e3o e \u00e0 capacita\u00e7\u00e3o de recursos humanos nas \u00e1reas de sa\u00fade, administra\u00e7\u00e3o e servi\u00e7os de apoio.<\/p>\n\n\n\n<div class=\"wp-block-group is-nowrap is-layout-flex wp-container-core-group-is-layout-ad2f72ca wp-block-group-is-layout-flex\">\n<div class=\"wp-block-cegovbr-titulo-personalizado cegovbr-titulo-personalizado\"><div class=\"cegovbr-titulo-header\"><span class=\"material-symbols-outlined cegovbr-titulo-icon\">person<\/span><h6 class=\"cegovbr-titulo-text\">Equipe t\u00e9cnica<\/h6><\/div><\/div>\n<\/div>\n\n\n\n<p><strong>Dire\u00e7\u00e3o<\/strong><br>&#8211; Ant\u00f4nia Cristina Jorge<\/p>\n\n\n\n<p><strong>Ger\u00eancia de Educa\u00e7\u00e3o Permanente<\/strong><br>&#8211; Karen Lopes Cunha<\/p>\n\n\n\n<p><strong>Coordena\u00e7\u00e3o de Pesquisa Publica\u00e7\u00f5es e Centro de Pesquisa Cl\u00ednica<\/strong><br>\u2013 Rejane Maria Rodrigues de Abreu Vieira<\/p>\n\n\n\n<p><strong>Coordena\u00e7\u00e3o de Inova\u00e7\u00e3o e Pesquisa<\/strong><br>\u2013 Wald\u00e9lia Maria Santos Monteiro<\/p>\n\n\n\n<p><strong>Comiss\u00e3o de Resid\u00eancia M\u00e9dica (Coreme)<\/strong><br>\u2013 Jaime Alencar Benevides Filho<\/p>\n\n\n\n<p><strong>Coordena\u00e7\u00e3o de Resid\u00eancia Multiprofissional (Coremu)<\/strong><br>\u2013 Vasco Pinheiro Di\u00f3genes Bastos<\/p>\n\n\n\n<p><strong>Coordena\u00e7\u00e3o Geral do Internato<\/strong><br>\u2013 Sandra L\u00facia Michiles Santos<\/p>\n\n\n\n<p><strong>Coordena\u00e7\u00e3o de Est\u00e1gios Acad\u00eamicos \/ Multiprofissionais<\/strong><br>\u2013 Jane Eyre Rodrigues de Azevedo<\/p>\n\n\n\n<p><strong>Centro de Simula\u00e7\u00e3o Cl\u00ednica e Habilidades T\u00e9cnicas<\/strong><br>\u2013 Anna Paula Sousa da Silva, enfermeira<\/p>\n\n\n\n<p><strong>Biblioteca<\/strong><br>\u2013 Dayane Paula Ferreira<\/p>\n\n\n\n<p><strong>Telemedicina<\/strong><br>\u2013 Ivana Cristina de Holanda Cunha Barreto<\/p>\n\n\n\n<div class=\"wp-block-cegovbr-titulo-personalizado cegovbr-titulo-personalizado\"><div class=\"cegovbr-titulo-header\"><span class=\"material-symbols-outlined cegovbr-titulo-icon\">local_library<\/span><h6 class=\"cegovbr-titulo-text\"><strong>Estrutura<\/strong><\/h6><\/div><\/div>\n\n\n\n<p>\u2013 1 Centro de Simula\u00e7\u00e3o Cl\u00ednica e Habilidades T\u00e9cnicas;<br>\u2013 1 Biblioteca;<br>\u2013 1 Espa\u00e7o Multim\u00eddia com 11 computadores;<br>\u2013 1 Audit\u00f3rio Principal com capacidade para 174 pessoas;<br>\u2013 3 mini audit\u00f3rios com capacidade que varia de 20 a 40 pessoas;<br>\u2013 1 sala RUTE (Rede Universit\u00e1ria de Telemedicina) com capacidade para 26 pessoas;<br>\u2013 1 Centro de Pesquisa Cl\u00ednica;<br>\u2013 Alojamento para Residentes: 1 sala de estudos (com 2 computadores e wi-fi), 1 copa, 5 quartos com capacidade para 40 pessoas.<\/p>\n\n\n\n<div class=\"wp-block-cegovbr-titulo-personalizado cegovbr-titulo-personalizado\"><div class=\"cegovbr-titulo-header\"><span class=\"material-symbols-outlined cegovbr-titulo-icon\">phone<\/span><h6 class=\"cegovbr-titulo-text\"><strong>Contatos<\/strong><\/h6><\/div><\/div>\n\n\n\n<p>(85) 3106-4058 | diep.hgf@gmail.com<\/p>\n","protected":false},"excerpt":{"rendered":"<p>O Hospital Geral de Fortaleza (HGF) \u00e9 um hospital com miss\u00e3o de ensino, certificado pelos Minist\u00e9rios da Educa\u00e7\u00e3o (ME) e da Sa\u00fade (MS), com programas de resid\u00eancia m\u00e9dica e multiprofissional, internato (para atender estudantes da \u00e1rea da Sa\u00fade nos \u00faltimos anos da gradua\u00e7\u00e3o de institui\u00e7\u00f5es p\u00fablicas e privadas de ensino superior), est\u00e1gios curriculares e bolsas [&hellip;]<\/p>\n","protected":false},"author":544,"featured_media":0,"parent":4643,"menu_order":10,"comment_status":"closed","ping_status":"closed","template":"","meta":{"_acf_changed":false,"inline_featured_image":false,"footnotes":""},"class_list":["post-4684","page","type-page","status-publish","hentry"],"acf":[],"yoast_head":"<!-- This site is optimized with the Yoast SEO plugin v27.3 - https:\/\/yoast.com\/product\/yoast-seo-wordpress\/ -->\n<title>Dire\u00e7\u00e3o de Ensino, Pesquisa e Resid\u00eancia - Hospital Geral de Fortaleza (HGF)<\/title>\n<meta name=\"robots\" content=\"index, follow, max-snippet:-1, max-image-preview:large, max-video-preview:-1\" \/>\n<link rel=\"canonical\" href=\"https:\/\/ww16.ce.gov.br\/hgf\/ensino-e-pesquisa\/direcao\/\" \/>\n<meta property=\"og:locale\" content=\"pt_BR\" \/>\n<meta property=\"og:type\" content=\"article\" \/>\n<meta property=\"og:title\" content=\"Dire\u00e7\u00e3o de Ensino, Pesquisa e Resid\u00eancia - Hospital Geral de Fortaleza (HGF)\" \/>\n<meta property=\"og:description\" content=\"O Hospital Geral de Fortaleza (HGF) \u00e9 um hospital com miss\u00e3o de ensino, certificado pelos Minist\u00e9rios da Educa\u00e7\u00e3o (ME) e da Sa\u00fade (MS), com programas de resid\u00eancia m\u00e9dica e multiprofissional, internato (para atender estudantes da \u00e1rea da Sa\u00fade nos \u00faltimos anos da gradua\u00e7\u00e3o de institui\u00e7\u00f5es p\u00fablicas e privadas de ensino superior), est\u00e1gios curriculares e bolsas [&hellip;]\" \/>\n<meta property=\"og:url\" content=\"https:\/\/ww16.ce.gov.br\/hgf\/ensino-e-pesquisa\/direcao\/\" \/>\n<meta property=\"og:site_name\" content=\"Hospital Geral de Fortaleza (HGF)\" \/>\n<meta property=\"article:modified_time\" content=\"2026-05-12T16:52:56+00:00\" \/>\n<meta name=\"twitter:card\" content=\"summary_large_image\" \/>\n<meta name=\"twitter:label1\" content=\"Est. reading time\" \/>\n\t<meta name=\"twitter:data1\" content=\"2 minutos\" \/>\n<script type=\"application\/ld+json\" class=\"yoast-schema-graph\">{\"@context\":\"https:\\\/\\\/schema.org\",\"@graph\":[{\"@type\":\"WebPage\",\"@id\":\"https:\\\/\\\/ww16.ce.gov.br\\\/hgf\\\/ensino-e-pesquisa\\\/direcao\\\/\",\"url\":\"https:\\\/\\\/ww16.ce.gov.br\\\/hgf\\\/ensino-e-pesquisa\\\/direcao\\\/\",\"name\":\"Dire\u00e7\u00e3o de Ensino, Pesquisa e Resid\u00eancia - Hospital Geral de Fortaleza (HGF)\",\"isPartOf\":{\"@id\":\"https:\\\/\\\/ww16.ce.gov.br\\\/hgf\\\/#website\"},\"datePublished\":\"2022-10-07T14:14:21+00:00\",\"dateModified\":\"2026-05-12T16:52:56+00:00\",\"breadcrumb\":{\"@id\":\"https:\\\/\\\/ww16.ce.gov.br\\\/hgf\\\/ensino-e-pesquisa\\\/direcao\\\/#breadcrumb\"},\"inLanguage\":\"pt-BR\",\"potentialAction\":[{\"@type\":\"ReadAction\",\"target\":[\"https:\\\/\\\/ww16.ce.gov.br\\\/hgf\\\/ensino-e-pesquisa\\\/direcao\\\/\"]}]},{\"@type\":\"BreadcrumbList\",\"@id\":\"https:\\\/\\\/ww16.ce.gov.br\\\/hgf\\\/ensino-e-pesquisa\\\/direcao\\\/#breadcrumb\",\"itemListElement\":[{\"@type\":\"ListItem\",\"position\":1,\"name\":\"In\u00edcio\",\"item\":\"https:\\\/\\\/www.ce.gov.br\\\/hgf\\\/\"},{\"@type\":\"ListItem\",\"position\":2,\"name\":\"Ensino e Pesquisa\",\"item\":\"https:\\\/\\\/ww16.ce.gov.br\\\/hgf\\\/ensino-e-pesquisa\\\/\"},{\"@type\":\"ListItem\",\"position\":3,\"name\":\"Dire\u00e7\u00e3o de Ensino, Pesquisa e Resid\u00eancia\"}]},{\"@type\":\"WebSite\",\"@id\":\"https:\\\/\\\/ww16.ce.gov.br\\\/hgf\\\/#website\",\"url\":\"https:\\\/\\\/ww16.ce.gov.br\\\/hgf\\\/\",\"name\":\"Hospital Geral de Fortaleza (HGF)\",\"description\":\"Refer\u00eancia em tratamentos de alta complexidade no Estado do Cear\u00e1\",\"potentialAction\":[{\"@type\":\"SearchAction\",\"target\":{\"@type\":\"EntryPoint\",\"urlTemplate\":\"https:\\\/\\\/ww16.ce.gov.br\\\/hgf\\\/?s={search_term_string}\"},\"query-input\":{\"@type\":\"PropertyValueSpecification\",\"valueRequired\":true,\"valueName\":\"search_term_string\"}}],\"inLanguage\":\"pt-BR\"}]}<\/script>\n<!-- \/ Yoast SEO plugin. -->","yoast_head_json":{"title":"Dire\u00e7\u00e3o de Ensino, Pesquisa e Resid\u00eancia - Hospital Geral de Fortaleza (HGF)","robots":{"index":"index","follow":"follow","max-snippet":"max-snippet:-1","max-image-preview":"max-image-preview:large","max-video-preview":"max-video-preview:-1"},"canonical":"https:\/\/ww16.ce.gov.br\/hgf\/ensino-e-pesquisa\/direcao\/","og_locale":"pt_BR","og_type":"article","og_title":"Dire\u00e7\u00e3o de Ensino, Pesquisa e Resid\u00eancia - Hospital Geral de Fortaleza (HGF)","og_description":"O Hospital Geral de Fortaleza (HGF) \u00e9 um hospital com miss\u00e3o de ensino, certificado pelos Minist\u00e9rios da Educa\u00e7\u00e3o (ME) e da Sa\u00fade (MS), com programas de resid\u00eancia m\u00e9dica e multiprofissional, internato (para atender estudantes da \u00e1rea da Sa\u00fade nos \u00faltimos anos da gradua\u00e7\u00e3o de institui\u00e7\u00f5es p\u00fablicas e privadas de ensino superior), est\u00e1gios curriculares e bolsas [&hellip;]","og_url":"https:\/\/ww16.ce.gov.br\/hgf\/ensino-e-pesquisa\/direcao\/","og_site_name":"Hospital Geral de Fortaleza (HGF)","article_modified_time":"2026-05-12T16:52:56+00:00","twitter_card":"summary_large_image","twitter_misc":{"Est. reading time":"2 minutos"},"schema":{"@context":"https:\/\/schema.org","@graph":[{"@type":"WebPage","@id":"https:\/\/ww16.ce.gov.br\/hgf\/ensino-e-pesquisa\/direcao\/","url":"https:\/\/ww16.ce.gov.br\/hgf\/ensino-e-pesquisa\/direcao\/","name":"Dire\u00e7\u00e3o de Ensino, Pesquisa e Resid\u00eancia - Hospital Geral de Fortaleza (HGF)","isPartOf":{"@id":"https:\/\/ww16.ce.gov.br\/hgf\/#website"},"datePublished":"2022-10-07T14:14:21+00:00","dateModified":"2026-05-12T16:52:56+00:00","breadcrumb":{"@id":"https:\/\/ww16.ce.gov.br\/hgf\/ensino-e-pesquisa\/direcao\/#breadcrumb"},"inLanguage":"pt-BR","potentialAction":[{"@type":"ReadAction","target":["https:\/\/ww16.ce.gov.br\/hgf\/ensino-e-pesquisa\/direcao\/"]}]},{"@type":"BreadcrumbList","@id":"https:\/\/ww16.ce.gov.br\/hgf\/ensino-e-pesquisa\/direcao\/#breadcrumb","itemListElement":[{"@type":"ListItem","position":1,"name":"In\u00edcio","item":"https:\/\/www.ce.gov.br\/hgf\/"},{"@type":"ListItem","position":2,"name":"Ensino e Pesquisa","item":"https:\/\/ww16.ce.gov.br\/hgf\/ensino-e-pesquisa\/"},{"@type":"ListItem","position":3,"name":"Dire\u00e7\u00e3o de Ensino, Pesquisa e Resid\u00eancia"}]},{"@type":"WebSite","@id":"https:\/\/ww16.ce.gov.br\/hgf\/#website","url":"https:\/\/ww16.ce.gov.br\/hgf\/","name":"Hospital Geral de Fortaleza (HGF)","description":"Refer\u00eancia em tratamentos de alta complexidade no Estado do Cear\u00e1","potentialAction":[{"@type":"SearchAction","target":{"@type":"EntryPoint","urlTemplate":"https:\/\/ww16.ce.gov.br\/hgf\/?s={search_term_string}"},"query-input":{"@type":"PropertyValueSpecification","valueRequired":true,"valueName":"search_term_string"}}],"inLanguage":"pt-BR"}]}},"_links":{"self":[{"href":"https:\/\/www.ce.gov.br\/hgf\/wp-json\/wp\/v2\/pages\/4684","targetHints":{"allow":["GET"]}}],"collection":[{"href":"https:\/\/www.ce.gov.br\/hgf\/wp-json\/wp\/v2\/pages"}],"about":[{"href":"https:\/\/www.ce.gov.br\/hgf\/wp-json\/wp\/v2\/types\/page"}],"author":[{"embeddable":true,"href":"https:\/\/www.ce.gov.br\/hgf\/wp-json\/wp\/v2\/users\/544"}],"replies":[{"embeddable":true,"href":"https:\/\/www.ce.gov.br\/hgf\/wp-json\/wp\/v2\/comments?post=4684"}],"version-history":[{"count":24,"href":"https:\/\/www.ce.gov.br\/hgf\/wp-json\/wp\/v2\/pages\/4684\/revisions"}],"predecessor-version":[{"id":9174,"href":"https:\/\/www.ce.gov.br\/hgf\/wp-json\/wp\/v2\/pages\/4684\/revisions\/9174"}],"up":[{"embeddable":true,"href":"https:\/\/www.ce.gov.br\/hgf\/wp-json\/wp\/v2\/pages\/4643"}],"wp:attachment":[{"href":"https:\/\/www.ce.gov.br\/hgf\/wp-json\/wp\/v2\/media?parent=4684"}],"curies":[{"name":"wp","href":"https:\/\/api.w.org\/{rel}","templated":true}]}}