{"id":5263,"date":"2023-03-30T17:47:22","date_gmt":"2023-03-30T20:47:22","guid":{"rendered":"http:\/\/ww16.ce.gov.br\/hgf\/?page_id=5263"},"modified":"2024-08-28T09:39:59","modified_gmt":"2024-08-28T12:39:59","slug":"gestao-de-qualidade-e-seguranca","status":"publish","type":"page","link":"https:\/\/www.ce.gov.br\/hgf\/gestao-de-qualidade-e-seguranca\/","title":{"rendered":"Gest\u00e3o de Qualidade e Seguran\u00e7a"},"content":{"rendered":"<h4><strong>Gest\u00e3o de Qualidade e Seguran\u00e7a do Paciente<\/strong><\/h4>\n<p>&nbsp;<\/p>\n<ul class=\"ListaEst\">\n<li><a href=\"https:\/\/ww16.ce.gov.br\/hgf\/gestao-da-qualidade\/seguranca-do-paciente\/\" rel=\"noopener noreferrer\">N\u00facleo de Seguran\u00e7a e Qualidade Hospitalar<\/a><\/li>\n<li><a href=\"https:\/\/ww16.ce.gov.br\/hgf\/gestao-da-qualidade\/gerencia-de-risco\/\" rel=\"noopener noreferrer\">Ger\u00eancia de Risco Sanit\u00e1rio Hospitalar<\/a><\/li>\n<\/ul>\n<p>&nbsp;<\/p>\n<p>&nbsp;<\/p>\n<h4><strong>Gest\u00e3o de Controle e Indicadores de Infec\u00e7\u00e3o<\/strong><\/h4>\n<p>&nbsp;<\/p>\n<ul class=\"ListaEst\">\n<li><a href=\"https:\/\/ww16.ce.gov.br\/hgf\/gestao-da-qualidade\/ccih\/\" rel=\"noopener noreferrer\">Comiss\u00e3o de Controle de Infec\u00e7\u00e3o Hospitalar<\/a><\/li>\n<li><a href=\"https:\/\/ww16.ce.gov.br\/hgf\/gestao-da-qualidade\/epidemiologia\/\" rel=\"noopener noreferrer\">N\u00facleo Hospitalar Epidemiol\u00f3gico<\/a><\/li>\n<\/ul>\n","protected":false},"excerpt":{"rendered":"<p>Gest\u00e3o de Qualidade e Seguran\u00e7a do Paciente &nbsp; N\u00facleo de Seguran\u00e7a e Qualidade Hospitalar Ger\u00eancia de Risco Sanit\u00e1rio Hospitalar &nbsp; &nbsp; Gest\u00e3o de Controle e Indicadores de Infec\u00e7\u00e3o &nbsp; Comiss\u00e3o de Controle de Infec\u00e7\u00e3o Hospitalar N\u00facleo Hospitalar Epidemiol\u00f3gico<\/p>\n","protected":false},"author":544,"featured_media":0,"parent":0,"menu_order":0,"comment_status":"closed","ping_status":"closed","template":"","meta":{"_acf_changed":false,"inline_featured_image":false,"footnotes":""},"class_list":["post-5263","page","type-page","status-publish","hentry"],"acf":[],"yoast_head":"<!-- This site is optimized with the Yoast SEO plugin v27.3 - https:\/\/yoast.com\/product\/yoast-seo-wordpress\/ -->\n<title>Gest\u00e3o de Qualidade e Seguran\u00e7a - Hospital Geral de Fortaleza (HGF)<\/title>\n<meta name=\"robots\" content=\"index, follow, max-snippet:-1, max-image-preview:large, max-video-preview:-1\" \/>\n<link rel=\"canonical\" href=\"https:\/\/ww16.ce.gov.br\/hgf\/gestao-de-qualidade-e-seguranca\/\" \/>\n<meta property=\"og:locale\" content=\"pt_BR\" \/>\n<meta property=\"og:type\" content=\"article\" \/>\n<meta property=\"og:title\" content=\"Gest\u00e3o de Qualidade e Seguran\u00e7a - Hospital Geral de Fortaleza (HGF)\" \/>\n<meta property=\"og:description\" content=\"Gest\u00e3o de Qualidade e Seguran\u00e7a do Paciente &nbsp; N\u00facleo de Seguran\u00e7a e Qualidade Hospitalar Ger\u00eancia de Risco Sanit\u00e1rio Hospitalar &nbsp; &nbsp; Gest\u00e3o de Controle e Indicadores de Infec\u00e7\u00e3o &nbsp; Comiss\u00e3o de Controle de Infec\u00e7\u00e3o Hospitalar N\u00facleo Hospitalar Epidemiol\u00f3gico\" \/>\n<meta property=\"og:url\" content=\"https:\/\/ww16.ce.gov.br\/hgf\/gestao-de-qualidade-e-seguranca\/\" \/>\n<meta property=\"og:site_name\" content=\"Hospital Geral de Fortaleza (HGF)\" \/>\n<meta property=\"article:modified_time\" content=\"2024-08-28T12:39:59+00:00\" \/>\n<meta name=\"twitter:card\" content=\"summary_large_image\" \/>\n<meta name=\"twitter:label1\" content=\"Est. reading time\" \/>\n\t<meta name=\"twitter:data1\" content=\"1 minuto\" \/>\n<script type=\"application\/ld+json\" class=\"yoast-schema-graph\">{\"@context\":\"https:\\\/\\\/schema.org\",\"@graph\":[{\"@type\":\"WebPage\",\"@id\":\"https:\\\/\\\/ww16.ce.gov.br\\\/hgf\\\/gestao-de-qualidade-e-seguranca\\\/\",\"url\":\"https:\\\/\\\/ww16.ce.gov.br\\\/hgf\\\/gestao-de-qualidade-e-seguranca\\\/\",\"name\":\"Gest\u00e3o de Qualidade e Seguran\u00e7a - Hospital Geral de Fortaleza (HGF)\",\"isPartOf\":{\"@id\":\"https:\\\/\\\/ww16.ce.gov.br\\\/hgf\\\/#website\"},\"datePublished\":\"2023-03-30T20:47:22+00:00\",\"dateModified\":\"2024-08-28T12:39:59+00:00\",\"breadcrumb\":{\"@id\":\"https:\\\/\\\/ww16.ce.gov.br\\\/hgf\\\/gestao-de-qualidade-e-seguranca\\\/#breadcrumb\"},\"inLanguage\":\"pt-BR\",\"potentialAction\":[{\"@type\":\"ReadAction\",\"target\":[\"https:\\\/\\\/ww16.ce.gov.br\\\/hgf\\\/gestao-de-qualidade-e-seguranca\\\/\"]}]},{\"@type\":\"BreadcrumbList\",\"@id\":\"https:\\\/\\\/ww16.ce.gov.br\\\/hgf\\\/gestao-de-qualidade-e-seguranca\\\/#breadcrumb\",\"itemListElement\":[{\"@type\":\"ListItem\",\"position\":1,\"name\":\"In\u00edcio\",\"item\":\"https:\\\/\\\/www.ce.gov.br\\\/hgf\\\/\"},{\"@type\":\"ListItem\",\"position\":2,\"name\":\"Gest\u00e3o de Qualidade e Seguran\u00e7a\"}]},{\"@type\":\"WebSite\",\"@id\":\"https:\\\/\\\/ww16.ce.gov.br\\\/hgf\\\/#website\",\"url\":\"https:\\\/\\\/ww16.ce.gov.br\\\/hgf\\\/\",\"name\":\"Hospital Geral de Fortaleza (HGF)\",\"description\":\"Refer\u00eancia em tratamentos de alta complexidade no Estado do Cear\u00e1\",\"potentialAction\":[{\"@type\":\"SearchAction\",\"target\":{\"@type\":\"EntryPoint\",\"urlTemplate\":\"https:\\\/\\\/ww16.ce.gov.br\\\/hgf\\\/?s={search_term_string}\"},\"query-input\":{\"@type\":\"PropertyValueSpecification\",\"valueRequired\":true,\"valueName\":\"search_term_string\"}}],\"inLanguage\":\"pt-BR\"}]}<\/script>\n<!-- \/ Yoast SEO plugin. -->","yoast_head_json":{"title":"Gest\u00e3o de Qualidade e Seguran\u00e7a - Hospital Geral de Fortaleza (HGF)","robots":{"index":"index","follow":"follow","max-snippet":"max-snippet:-1","max-image-preview":"max-image-preview:large","max-video-preview":"max-video-preview:-1"},"canonical":"https:\/\/ww16.ce.gov.br\/hgf\/gestao-de-qualidade-e-seguranca\/","og_locale":"pt_BR","og_type":"article","og_title":"Gest\u00e3o de Qualidade e Seguran\u00e7a - Hospital Geral de Fortaleza (HGF)","og_description":"Gest\u00e3o de Qualidade e Seguran\u00e7a do Paciente &nbsp; N\u00facleo de Seguran\u00e7a e Qualidade Hospitalar Ger\u00eancia de Risco Sanit\u00e1rio Hospitalar &nbsp; &nbsp; Gest\u00e3o de Controle e Indicadores de Infec\u00e7\u00e3o &nbsp; Comiss\u00e3o de Controle de Infec\u00e7\u00e3o Hospitalar N\u00facleo Hospitalar Epidemiol\u00f3gico","og_url":"https:\/\/ww16.ce.gov.br\/hgf\/gestao-de-qualidade-e-seguranca\/","og_site_name":"Hospital Geral de Fortaleza (HGF)","article_modified_time":"2024-08-28T12:39:59+00:00","twitter_card":"summary_large_image","twitter_misc":{"Est. reading time":"1 minuto"},"schema":{"@context":"https:\/\/schema.org","@graph":[{"@type":"WebPage","@id":"https:\/\/ww16.ce.gov.br\/hgf\/gestao-de-qualidade-e-seguranca\/","url":"https:\/\/ww16.ce.gov.br\/hgf\/gestao-de-qualidade-e-seguranca\/","name":"Gest\u00e3o de Qualidade e Seguran\u00e7a - Hospital Geral de Fortaleza (HGF)","isPartOf":{"@id":"https:\/\/ww16.ce.gov.br\/hgf\/#website"},"datePublished":"2023-03-30T20:47:22+00:00","dateModified":"2024-08-28T12:39:59+00:00","breadcrumb":{"@id":"https:\/\/ww16.ce.gov.br\/hgf\/gestao-de-qualidade-e-seguranca\/#breadcrumb"},"inLanguage":"pt-BR","potentialAction":[{"@type":"ReadAction","target":["https:\/\/ww16.ce.gov.br\/hgf\/gestao-de-qualidade-e-seguranca\/"]}]},{"@type":"BreadcrumbList","@id":"https:\/\/ww16.ce.gov.br\/hgf\/gestao-de-qualidade-e-seguranca\/#breadcrumb","itemListElement":[{"@type":"ListItem","position":1,"name":"In\u00edcio","item":"https:\/\/www.ce.gov.br\/hgf\/"},{"@type":"ListItem","position":2,"name":"Gest\u00e3o de Qualidade e Seguran\u00e7a"}]},{"@type":"WebSite","@id":"https:\/\/ww16.ce.gov.br\/hgf\/#website","url":"https:\/\/ww16.ce.gov.br\/hgf\/","name":"Hospital Geral de Fortaleza (HGF)","description":"Refer\u00eancia em tratamentos de alta complexidade no Estado do Cear\u00e1","potentialAction":[{"@type":"SearchAction","target":{"@type":"EntryPoint","urlTemplate":"https:\/\/ww16.ce.gov.br\/hgf\/?s={search_term_string}"},"query-input":{"@type":"PropertyValueSpecification","valueRequired":true,"valueName":"search_term_string"}}],"inLanguage":"pt-BR"}]}},"_links":{"self":[{"href":"https:\/\/www.ce.gov.br\/hgf\/wp-json\/wp\/v2\/pages\/5263","targetHints":{"allow":["GET"]}}],"collection":[{"href":"https:\/\/www.ce.gov.br\/hgf\/wp-json\/wp\/v2\/pages"}],"about":[{"href":"https:\/\/www.ce.gov.br\/hgf\/wp-json\/wp\/v2\/types\/page"}],"author":[{"embeddable":true,"href":"https:\/\/www.ce.gov.br\/hgf\/wp-json\/wp\/v2\/users\/544"}],"replies":[{"embeddable":true,"href":"https:\/\/www.ce.gov.br\/hgf\/wp-json\/wp\/v2\/comments?post=5263"}],"version-history":[{"count":9,"href":"https:\/\/www.ce.gov.br\/hgf\/wp-json\/wp\/v2\/pages\/5263\/revisions"}],"predecessor-version":[{"id":7308,"href":"https:\/\/www.ce.gov.br\/hgf\/wp-json\/wp\/v2\/pages\/5263\/revisions\/7308"}],"wp:attachment":[{"href":"https:\/\/www.ce.gov.br\/hgf\/wp-json\/wp\/v2\/media?parent=5263"}],"curies":[{"name":"wp","href":"https:\/\/api.w.org\/{rel}","templated":true}]}}