{"id":5498,"date":"2023-08-29T16:53:41","date_gmt":"2023-08-29T19:53:41","guid":{"rendered":"http:\/\/ww16.ce.gov.br\/hgf\/?page_id=5498"},"modified":"2023-08-29T16:53:41","modified_gmt":"2023-08-29T19:53:41","slug":"horarios","status":"publish","type":"page","link":"https:\/\/www.ce.gov.br\/hgf\/assistencia\/horarios\/","title":{"rendered":"Hor\u00e1rios"},"content":{"rendered":"<p>Visitas<\/p>\n<p>Eletivo (Interna\u00e7\u00e3o)<\/p>\n<p>14h &#8211; 15h<\/p>\n<p>&#8211; Alas A<br \/>\n&#8211; DUTI Geral III<\/p>\n<p>&nbsp;<\/p>\n<p>15h &#8211; 16h<\/p>\n<p>&#8211; Alas E &#8211; I<br \/>\n&#8211; Unidade de Cuidados Prolongados (5\u00ba andar)<br \/>\n&#8211; AVCI<br \/>\n&#8211; UTI Amarela e Azul<\/p>\n<p>16h &#8211; 17h<\/p>\n<p>&#8211; Alas G, H e K<br \/>\n&#8211; UTI Verde<\/p>\n<p>&nbsp;<\/p>\n<p>&nbsp;<\/p>\n<p>&nbsp;<\/p>\n","protected":false},"excerpt":{"rendered":"<p>Visitas Eletivo (Interna\u00e7\u00e3o) 14h &#8211; 15h &#8211; Alas A &#8211; DUTI Geral III &nbsp; 15h &#8211; 16h &#8211; Alas E &#8211; I &#8211; Unidade de Cuidados Prolongados (5\u00ba andar) &#8211; AVCI &#8211; UTI Amarela e Azul 16h &#8211; 17h &#8211; Alas G, H e K &#8211; UTI Verde &nbsp; &nbsp; &nbsp;<\/p>\n","protected":false},"author":782,"featured_media":0,"parent":4615,"menu_order":0,"comment_status":"closed","ping_status":"closed","template":"","meta":{"_acf_changed":false,"inline_featured_image":false,"footnotes":""},"class_list":["post-5498","page","type-page","status-publish","hentry"],"acf":[],"yoast_head":"<!-- This site is optimized with the Yoast SEO plugin v27.3 - https:\/\/yoast.com\/product\/yoast-seo-wordpress\/ -->\n<title>Hor\u00e1rios - Hospital Geral de Fortaleza (HGF)<\/title>\n<meta name=\"robots\" content=\"index, follow, max-snippet:-1, max-image-preview:large, max-video-preview:-1\" \/>\n<link rel=\"canonical\" href=\"https:\/\/ww16.ce.gov.br\/hgf\/assistencia\/horarios\/\" \/>\n<meta property=\"og:locale\" content=\"pt_BR\" \/>\n<meta property=\"og:type\" content=\"article\" \/>\n<meta property=\"og:title\" content=\"Hor\u00e1rios - Hospital Geral de Fortaleza (HGF)\" \/>\n<meta property=\"og:description\" content=\"Visitas Eletivo (Interna\u00e7\u00e3o) 14h &#8211; 15h &#8211; Alas A &#8211; DUTI Geral III &nbsp; 15h &#8211; 16h &#8211; Alas E &#8211; I &#8211; Unidade de Cuidados Prolongados (5\u00ba andar) &#8211; AVCI &#8211; UTI Amarela e Azul 16h &#8211; 17h &#8211; Alas G, H e K &#8211; UTI Verde &nbsp; &nbsp; &nbsp;\" \/>\n<meta property=\"og:url\" content=\"https:\/\/ww16.ce.gov.br\/hgf\/assistencia\/horarios\/\" \/>\n<meta property=\"og:site_name\" content=\"Hospital Geral de Fortaleza (HGF)\" \/>\n<meta name=\"twitter:card\" content=\"summary_large_image\" \/>\n<meta name=\"twitter:label1\" content=\"Est. reading time\" \/>\n\t<meta name=\"twitter:data1\" content=\"1 minuto\" \/>\n<script type=\"application\/ld+json\" class=\"yoast-schema-graph\">{\"@context\":\"https:\\\/\\\/schema.org\",\"@graph\":[{\"@type\":\"WebPage\",\"@id\":\"https:\\\/\\\/ww16.ce.gov.br\\\/hgf\\\/assistencia\\\/horarios\\\/\",\"url\":\"https:\\\/\\\/ww16.ce.gov.br\\\/hgf\\\/assistencia\\\/horarios\\\/\",\"name\":\"Hor\u00e1rios - Hospital Geral de Fortaleza (HGF)\",\"isPartOf\":{\"@id\":\"https:\\\/\\\/ww16.ce.gov.br\\\/hgf\\\/#website\"},\"datePublished\":\"2023-08-29T19:53:41+00:00\",\"breadcrumb\":{\"@id\":\"https:\\\/\\\/ww16.ce.gov.br\\\/hgf\\\/assistencia\\\/horarios\\\/#breadcrumb\"},\"inLanguage\":\"pt-BR\",\"potentialAction\":[{\"@type\":\"ReadAction\",\"target\":[\"https:\\\/\\\/ww16.ce.gov.br\\\/hgf\\\/assistencia\\\/horarios\\\/\"]}]},{\"@type\":\"BreadcrumbList\",\"@id\":\"https:\\\/\\\/ww16.ce.gov.br\\\/hgf\\\/assistencia\\\/horarios\\\/#breadcrumb\",\"itemListElement\":[{\"@type\":\"ListItem\",\"position\":1,\"name\":\"In\u00edcio\",\"item\":\"https:\\\/\\\/www.ce.gov.br\\\/hgf\\\/\"},{\"@type\":\"ListItem\",\"position\":2,\"name\":\"Assist\u00eancia\",\"item\":\"https:\\\/\\\/ww16.ce.gov.br\\\/hgf\\\/assistencia\\\/\"},{\"@type\":\"ListItem\",\"position\":3,\"name\":\"Hor\u00e1rios\"}]},{\"@type\":\"WebSite\",\"@id\":\"https:\\\/\\\/ww16.ce.gov.br\\\/hgf\\\/#website\",\"url\":\"https:\\\/\\\/ww16.ce.gov.br\\\/hgf\\\/\",\"name\":\"Hospital Geral de Fortaleza (HGF)\",\"description\":\"Refer\u00eancia em tratamentos de alta complexidade no Estado do Cear\u00e1\",\"potentialAction\":[{\"@type\":\"SearchAction\",\"target\":{\"@type\":\"EntryPoint\",\"urlTemplate\":\"https:\\\/\\\/ww16.ce.gov.br\\\/hgf\\\/?s={search_term_string}\"},\"query-input\":{\"@type\":\"PropertyValueSpecification\",\"valueRequired\":true,\"valueName\":\"search_term_string\"}}],\"inLanguage\":\"pt-BR\"}]}<\/script>\n<!-- \/ Yoast SEO plugin. -->","yoast_head_json":{"title":"Hor\u00e1rios - Hospital Geral de Fortaleza (HGF)","robots":{"index":"index","follow":"follow","max-snippet":"max-snippet:-1","max-image-preview":"max-image-preview:large","max-video-preview":"max-video-preview:-1"},"canonical":"https:\/\/ww16.ce.gov.br\/hgf\/assistencia\/horarios\/","og_locale":"pt_BR","og_type":"article","og_title":"Hor\u00e1rios - Hospital Geral de Fortaleza (HGF)","og_description":"Visitas Eletivo (Interna\u00e7\u00e3o) 14h &#8211; 15h &#8211; Alas A &#8211; DUTI Geral III &nbsp; 15h &#8211; 16h &#8211; Alas E &#8211; I &#8211; Unidade de Cuidados Prolongados (5\u00ba andar) &#8211; AVCI &#8211; UTI Amarela e Azul 16h &#8211; 17h &#8211; Alas G, H e K &#8211; UTI Verde &nbsp; &nbsp; &nbsp;","og_url":"https:\/\/ww16.ce.gov.br\/hgf\/assistencia\/horarios\/","og_site_name":"Hospital Geral de Fortaleza (HGF)","twitter_card":"summary_large_image","twitter_misc":{"Est. reading time":"1 minuto"},"schema":{"@context":"https:\/\/schema.org","@graph":[{"@type":"WebPage","@id":"https:\/\/ww16.ce.gov.br\/hgf\/assistencia\/horarios\/","url":"https:\/\/ww16.ce.gov.br\/hgf\/assistencia\/horarios\/","name":"Hor\u00e1rios - Hospital Geral de Fortaleza (HGF)","isPartOf":{"@id":"https:\/\/ww16.ce.gov.br\/hgf\/#website"},"datePublished":"2023-08-29T19:53:41+00:00","breadcrumb":{"@id":"https:\/\/ww16.ce.gov.br\/hgf\/assistencia\/horarios\/#breadcrumb"},"inLanguage":"pt-BR","potentialAction":[{"@type":"ReadAction","target":["https:\/\/ww16.ce.gov.br\/hgf\/assistencia\/horarios\/"]}]},{"@type":"BreadcrumbList","@id":"https:\/\/ww16.ce.gov.br\/hgf\/assistencia\/horarios\/#breadcrumb","itemListElement":[{"@type":"ListItem","position":1,"name":"In\u00edcio","item":"https:\/\/www.ce.gov.br\/hgf\/"},{"@type":"ListItem","position":2,"name":"Assist\u00eancia","item":"https:\/\/ww16.ce.gov.br\/hgf\/assistencia\/"},{"@type":"ListItem","position":3,"name":"Hor\u00e1rios"}]},{"@type":"WebSite","@id":"https:\/\/ww16.ce.gov.br\/hgf\/#website","url":"https:\/\/ww16.ce.gov.br\/hgf\/","name":"Hospital Geral de Fortaleza (HGF)","description":"Refer\u00eancia em tratamentos de alta complexidade no Estado do Cear\u00e1","potentialAction":[{"@type":"SearchAction","target":{"@type":"EntryPoint","urlTemplate":"https:\/\/ww16.ce.gov.br\/hgf\/?s={search_term_string}"},"query-input":{"@type":"PropertyValueSpecification","valueRequired":true,"valueName":"search_term_string"}}],"inLanguage":"pt-BR"}]}},"_links":{"self":[{"href":"https:\/\/www.ce.gov.br\/hgf\/wp-json\/wp\/v2\/pages\/5498","targetHints":{"allow":["GET"]}}],"collection":[{"href":"https:\/\/www.ce.gov.br\/hgf\/wp-json\/wp\/v2\/pages"}],"about":[{"href":"https:\/\/www.ce.gov.br\/hgf\/wp-json\/wp\/v2\/types\/page"}],"author":[{"embeddable":true,"href":"https:\/\/www.ce.gov.br\/hgf\/wp-json\/wp\/v2\/users\/782"}],"replies":[{"embeddable":true,"href":"https:\/\/www.ce.gov.br\/hgf\/wp-json\/wp\/v2\/comments?post=5498"}],"version-history":[{"count":2,"href":"https:\/\/www.ce.gov.br\/hgf\/wp-json\/wp\/v2\/pages\/5498\/revisions"}],"predecessor-version":[{"id":5502,"href":"https:\/\/www.ce.gov.br\/hgf\/wp-json\/wp\/v2\/pages\/5498\/revisions\/5502"}],"up":[{"embeddable":true,"href":"https:\/\/www.ce.gov.br\/hgf\/wp-json\/wp\/v2\/pages\/4615"}],"wp:attachment":[{"href":"https:\/\/www.ce.gov.br\/hgf\/wp-json\/wp\/v2\/media?parent=5498"}],"curies":[{"name":"wp","href":"https:\/\/api.w.org\/{rel}","templated":true}]}}