{"id":5586,"date":"2023-10-02T11:44:16","date_gmt":"2023-10-02T14:44:16","guid":{"rendered":"http:\/\/ww16.ce.gov.br\/hgf\/?page_id=5586"},"modified":"2025-08-05T17:05:16","modified_gmt":"2025-08-05T20:05:16","slug":"revistahgf","status":"publish","type":"page","link":"https:\/\/www.ce.gov.br\/hgf\/revistahgf\/","title":{"rendered":"Revista HGF"},"content":{"rendered":"<p><img loading=\"lazy\" decoding=\"async\" class=\"aligncenter size-full wp-image-7160\" src=\"https:\/\/ww16.ce.gov.br\/hgf\/wp-content\/uploads\/sites\/26\/2024\/07\/FAIXA-SITE-ANUNCIO-REVISTA.png\" alt=\"\" width=\"2328\" height=\"390\" srcset=\"https:\/\/www.ce.gov.br\/hgf\/wp-content\/uploads\/sites\/26\/2024\/07\/FAIXA-SITE-ANUNCIO-REVISTA.png 2328w, https:\/\/www.ce.gov.br\/hgf\/wp-content\/uploads\/sites\/26\/2024\/07\/FAIXA-SITE-ANUNCIO-REVISTA-600x101.png 600w, https:\/\/www.ce.gov.br\/hgf\/wp-content\/uploads\/sites\/26\/2024\/07\/FAIXA-SITE-ANUNCIO-REVISTA-1200x201.png 1200w, https:\/\/www.ce.gov.br\/hgf\/wp-content\/uploads\/sites\/26\/2024\/07\/FAIXA-SITE-ANUNCIO-REVISTA-768x129.png 768w, https:\/\/www.ce.gov.br\/hgf\/wp-content\/uploads\/sites\/26\/2024\/07\/FAIXA-SITE-ANUNCIO-REVISTA-1536x257.png 1536w, https:\/\/www.ce.gov.br\/hgf\/wp-content\/uploads\/sites\/26\/2024\/07\/FAIXA-SITE-ANUNCIO-REVISTA-2048x343.png 2048w\" sizes=\"auto, (max-width: 2328px) 100vw, 2328px\" \/><\/p>\n<p>&nbsp;<\/p>\n<h3><strong><b>Sobre a Revista<\/b><\/strong><\/h3>\n<p><strong><b>Hist\u00f3rico<\/b><\/strong><\/p>\n<p>A Revista HGF foi criada em 2023 pela Diretoria de Ensino, Pesquisa e Resid\u00eancia (DIEP) do Hospital Geral de Fortaleza (HGF). De 2023 e 2024 cumpriu periodicidade quadrimestral e a partir de mar\u00e7o de 2025 adotou a periodicidade semestral.<\/p>\n<p><strong><b>\u00a0<\/b><\/strong><\/p>\n<p><strong><b>ISSN \/ eISSN<\/b><\/strong><\/p>\n<p>2966-0203 \/ 2965-579X<\/p>\n<p><strong><b>\u00a0<\/b><\/strong><\/p>\n<p><strong><b>Miss\u00e3o, Foco e Escopo <\/b><\/strong><\/p>\n<p>A Revista HGF tem como miss\u00e3o fomentar a pesquisa cient\u00edfica em Ci\u00eancias da Sa\u00fade, por meio da publica\u00e7\u00e3o de trabalhos relevantes e da divulga\u00e7\u00e3o de a\u00e7\u00f5es institucionais\u00a0locais.\u00a0Seu p\u00fablico alvo principal s\u00e3o estudantes de gradua\u00e7\u00e3o e p\u00f3s-gradua\u00e7\u00e3o em Ci\u00eancias da Sa\u00fade, residentes (da \u00e1rea m\u00e9dica, uniprofissional e multiprofissional), profissionais e pesquisadores da \u00e1rea da sa\u00fade. Aceita submiss\u00e3o de artigos originais,\u00a0artigos\u00a0de revis\u00e3o integrativa ou sistem\u00e1tica\u00a0ou de escopo, relatos\u00a0de caso\/experi\u00eancia,\u00a0artigos de opini\u00e3o\/comunica\u00e7\u00e3o(\u00f5es) breve,\u00a0desde que atendam as normas de publica\u00e7\u00e3o da revista.<\/p>\n<p><strong><b>\u00a0<\/b><\/strong><\/p>\n<p><strong><b>Periodicidade<\/b><\/strong><\/p>\n<p>A Revista HGF\u00a0publicou seu primeiro volume em 2023:<\/p>\n<p>Entre 2023 e 2024, adotou periodicidade quadrimestral, com a publica\u00e7\u00e3o de dois n\u00fameros em 2023 e tr\u00eas em 2024;<\/p>\n<p>A partir de mar\u00e7o de 2025, passou a adotar periodicidade semestral.<\/p>\n<p><strong><b>\u00a0<\/b><\/strong><\/p>\n<p><strong><b>Indexa\u00e7\u00e3o<\/b><\/strong><\/p>\n<p style=\"font-weight: 400\">Revista HGF encontra-se indexada nos diret\u00f3rios e sistemas de informa\u00e7\u00e3o cient\u00edfica\u00a0Diadorim,\u00a0Latindex, LivRe e Miguilim.<\/p>\n<p><strong><b>\u00a0<\/b><\/strong><\/p>\n<p><strong><b>Qualis CAPES<\/b><\/strong><\/p>\n<p>Sem avalia\u00e7\u00e3o, pois ainda n\u00e3o foi submetida a esse processo.<\/p>\n<p>&nbsp;<\/p>\n<h3><strong><b>Equipe Editorial<\/b><\/strong><\/h3>\n<p><strong><b>\u00a0<\/b><\/strong><\/p>\n<p><strong><b>Editora-<\/b><\/strong><strong><b>Chefe<\/b><\/strong><\/p>\n<p>Rejane Maria Rodrigues de Abreu Vieira- Universidade Estadual do Cear\u00e1, UECE, Fortaleza, CE, Brasil; Universidade de Fortaleza, UNIFOR, Fortaleza, CE, Brasil; Hospital Geral de Fortaleza, HGF, Fortaleza, CE, Brasil.<\/p>\n<p>&nbsp;<\/p>\n<p><strong><b>Conselho Editorial<\/b><\/strong><\/p>\n<p>Eliardo Silveira Santos\u00a0&#8211; Hospital Geral de Fortaleza, HGF, Fortaleza, CE, Brasil.<\/p>\n<p>Wald\u00e9lia Maria Santos Monteiro\u00a0&#8211; Hospital Geral de Fortaleza, HGF, Fortaleza, CE, Brasil.<\/p>\n<p>Jane Eyre Rodrigues de Azevedo- Hospital Geral de Fortaleza, HGF, Fortaleza, CE, Brasil.<\/p>\n<p>Anna Paula Sousa da Silva\u00a0&#8211; Centro Universit\u00e1rio Christus, Unichristus, Fortaleza, CE, Brasil; Faculdade Rodolfo Te\u00f3filo, Fortaleza, CE, Brasil; Hospital Geral de Fortaleza, HGF, Fortaleza, CE, Brasil.<\/p>\n<p>Jos\u00e9 Ananias Vasconcelos Neto\u00a0&#8211; Universidade Federal do Cear\u00e1, UFC, Fortaleza, CE, Brasil; Universidade Estadual do Cear\u00e1, UECE, Fortaleza, CE, Brasil; Hospital Geral de Fortaleza, HGF, Fortaleza, CE, Brasil.<\/p>\n<p>Ant\u00f4nia Cristina Jorge\u00a0&#8211; Hospital Geral de Fortaleza, HGF, Fortaleza, CE, Brasil.<\/p>\n<p>&nbsp;<\/p>\n<p><strong><b>Secretaria Editorial <\/b><\/strong><\/p>\n<p>Dayane Paula Ferreira Mota\u00a0&#8211; Hospital Geral de Fortaleza, HGF, Fortaleza, CE, Brasil.<\/p>\n<p>&nbsp;<\/p>\n<p><strong><b>Normaliza\u00e7\u00e3o <\/b><\/strong><\/p>\n<p>Dayane Paula Ferreira Mota\u00a0&#8211; Hospital Geral de Fortaleza, HGF, Fortaleza, CE, Brasil.<\/p>\n<p><strong><b>\u00a0<\/b><\/strong><\/p>\n<p><strong><b>Diagrama\u00e7\u00e3o<\/b><\/strong><\/p>\n<p>Assessoria de Comunica\u00e7\u00e3o do Hospital Geral de Fortaleza (ASCOM\/HGF)<\/p>\n<p><strong><b>\u00a0<\/b><\/strong><\/p>\n<h3>Pol\u00edticas Editoriais<\/h3>\n<p><strong><b>\u00a0<\/b><\/strong><\/p>\n<p><strong><b>Processo de Avalia\u00e7\u00e3o pelos Pares<\/b><\/strong><\/p>\n<p>O processo de avalia\u00e7\u00e3o dos artigos segue os princ\u00edpios da revis\u00e3o por pares, de modo duplo-cego. Os manuscritos submetidos com o prop\u00f3sito de publica\u00e7\u00e3o s\u00e3o enviados para o editor, que faz uma primeira an\u00e1lise e envia para os revisores. Os pareceres s\u00e3o\u00a0utilizados pelo editor para decidir sobre a aceita\u00e7\u00e3o, ou n\u00e3o, do manuscrito.<\/p>\n<p>O contato com a Secretaria Editorial da Revista HGF\u00a0deve ser feito preferencialmente por e-mail: revistahgf@gmail.com\u00a0ou atrav\u00e9s do telefone +55 85 3457-9157.<\/p>\n<p><strong><u><b>\u00a0<\/b><\/u><\/strong><\/p>\n<p><strong><b>\u00a0<\/b><\/strong><\/p>\n<p><strong><b>Pol\u00edtica de Acesso Livre<\/b><\/strong><\/p>\n<p>A Revista HGF adota a pol\u00edtica de Acesso Aberto, disponibilizando integralmente e de forma gratuita todo o seu conte\u00fado. \u00c9 permitido o uso, compartilhamento e distribui\u00e7\u00e3o dos artigos, desde que observados os termos da licen\u00e7a CC BY-NC 4.0.<\/p>\n<p><strong><u><b>\u00a0<\/b><\/u><\/strong><\/p>\n<p><strong><b>\u00a0<\/b><\/strong><\/p>\n<p><strong><b>Creative Commons<\/b><\/strong><\/p>\n<p>A Revista HGF\u00a0\u00a9 2023\u00a0do\u00a0Hospital Geral de Fortaleza\u00a0est\u00e1 licenciada sob a\u00a0Licen\u00e7a<a href=\"https:\/\/creativecommons.org\/licenses\/by-nc\/4.0\/\"><u>\u00a0Creative Commons Atribui\u00e7\u00e3o-N\u00e3oComercial 4.0 Internacional<\/u><\/a><\/p>\n<p>&nbsp;<\/p>\n<p><strong><b>Pol\u00edtica contra p<\/b><\/strong><strong><b>l\u00e1gio<\/b><\/strong><\/p>\n<p>O(s)\u00a0autor(es)\u00a0deve(m)\u00a0assegurar que seus trabalhos sejam inteiramente originais. Caso utilizem ideias ou trechos de obras de outros autores, \u00e9 essencial que esses sejam devidamente citados ou referenciados. O pl\u00e1gio, em qualquer de suas formas, constitui uma conduta anti\u00e9tica e inaceit\u00e1vel no processo de publica\u00e7\u00e3o.<\/p>\n<p>&nbsp;<\/p>\n<p>Todos os trabalhos submetidos s\u00e3o automaticamente analisados pelo software CopySpider. Adotamos o limite de 3% de similaridade como refer\u00eancia para identificar poss\u00edveis casos de pl\u00e1gio. Essa diretriz baseia-se em pesquisas internacionais sobre antipl\u00e1gio e similaridade de documentos.\u00a0Caso a similaridade seja igual ou superior a 3%, os autores s\u00e3o notificados e solicitados a reformular o manuscrito. Ap\u00f3s a corre\u00e7\u00e3o, o artigo segue para o fluxo editorial. Se a vers\u00e3o revisada n\u00e3o for devolvida dentro do prazo estipulado, a submiss\u00e3o ser\u00e1 rejeitada.<\/p>\n<p>&nbsp;<\/p>\n<h3><strong><b>Pol\u00edtica de Direitos Autorais<\/b><\/strong><\/h3>\n<p>A Revista HGF adota a licen\u00e7a <a href=\"https:\/\/creativecommons.org\/licenses\/by-nc\/4.0\/\"><u>CC-BY-NC 4.0<\/u><\/a>. Assim, o(s) autor(es) det\u00eam os direitos autorais do trabalho, declarando que se trata de um artigo original, nunca antes publicado e n\u00e3o submetido simultaneamente a outra revista cient\u00edfica. Concedem \u00e0 Revista HGF, vinculada ao Hospital Geral de Fortaleza\u00a0(HGF), o direito exclusivo de primeira publica\u00e7\u00e3o cient\u00edfica, revisada por pares, nas vers\u00f5es online e\/ou impressa.<\/p>\n<p>&nbsp;<\/p>\n<p>Voc\u00ea tem a permiss\u00e3o para compartilhar (copiar e redistribuir o material em qualquer formato ou meio) e adaptar (remixar, transformar e criar novas obras a partir do material).<\/p>\n<p>&nbsp;<\/p>\n<p>O licenciante n\u00e3o pode revogar esses direitos, desde que voc\u00ea cumpra os termos da licen\u00e7a, que incluem: Atribui\u00e7\u00e3o (dar o devido cr\u00e9dito, fornecer um link para a licen\u00e7a e indicar se altera\u00e7\u00f5es foram feitas, de maneira que n\u00e3o sugira o apoio do licenciante ao seu uso); e N\u00e3o Comercial (n\u00e3o utilizar o material para fins comerciais).<\/p>\n<p>&nbsp;<\/p>\n<p><strong><b>Comit\u00ea de \u00c9tica <\/b><\/strong><\/p>\n<p>Trabalhos que envolvam seres humanos ou animais devem, obrigatoriamente, ser acompanhados do parecer de aprova\u00e7\u00e3o emitido pelo Comit\u00ea de \u00c9tica competente.<\/p>\n<p>&nbsp;<\/p>\n<p><strong><b>Conflitos de Interesses<\/b><\/strong><\/p>\n<p>O(s)\u00a0autor(es)\u00a0deve(m)\u00a0declarar qualquer conflito de interesse\u00a0&#8211; financeiro, substantivo ou material\u00a0&#8211; que possa influenciar os resultados ou as\u00a0interpreta\u00e7\u00f5es em seus trabalhos. Al\u00e9m disso, todas as fontes de apoio financeiro devem ser\u00a0devidamente informadas<\/p>\n<p>&nbsp;<\/p>\n<p><strong><b>\u00a0<\/b><\/strong><\/p>\n<p><strong><b>Publica\u00e7\u00f5es m\u00faltiplas<\/b><\/strong><\/p>\n<p>O(s) autor(es)\u00a0deve(m) atentar para a n\u00e3o submiss\u00e3o simult\u00e2nea ou a publica\u00e7\u00e3o do mesmo trabalho em peri\u00f3dicos distintos, visto que essas a\u00e7\u00f5es configuram uma conduta anti\u00e9tica, n\u00e3o sendo aceita pela comunidade cient\u00edfica.<\/p>\n<p>&nbsp;<\/p>\n<h3><strong><b>Taxas de submiss\u00e3o e publica\u00e7\u00e3o de textos<\/b><\/strong><\/h3>\n<p>A Revista HGF n\u00e3o cobra nenhuma taxa para a publica\u00e7\u00e3o de textos, nem para a submiss\u00e3o, avalia\u00e7\u00e3o, revis\u00e3o, distribui\u00e7\u00e3o ou download. A publica\u00e7\u00e3o \u00e9 totalmente gratuita e de acesso aberto.<\/p>\n<p>&nbsp;<\/p>\n<h3><strong><b>Norma bibliogr\u00e1fica adotada para cita\u00e7\u00f5es e refer\u00eancia<\/b><\/strong><strong><u><b>s<\/b><\/u><\/strong><\/h3>\n<p>As cita\u00e7\u00f5es devem ser organizadas por meio do sistema num\u00e9rico. A numera\u00e7\u00e3o da refer\u00eancia\u00a0utilizada\u00a0deve ser consecutiva, de acordo com a ordem em que aparece no texto.As refer\u00eancias devem\u00a0estar em conformidade com o estilo Vancouver, estabelecido na p\u00e1gina\u00a0<a href=\"https:\/\/www.nlm.nih.gov\/bsd\/uniform_requirements.html\"><u>NLM\u2019s Samples of Formatted References for Authors of Journal Articles<\/u><\/a>.<\/p>\n<h3><strong><b>Palavras-chave<\/b><\/strong><\/h3>\n<p>Recomenda-se a consulta aos Descritores em Ci\u00eancias da Sa\u00fade\/Medical Subject Headings(<a href=\"https:\/\/decs.bvsalud.org\/\"><u>DeCS<\/u><\/a>\/<a href=\"https:\/\/www.ncbi.nlm.nih.gov\/mesh\/\"><u>MeSH<\/u><\/a>)<\/p>\n<p>&nbsp;<\/p>\n<p>&nbsp;<\/p>\n<p>&nbsp;<\/p>\n<p><strong><u><b>\u00a0<\/b><\/u><\/strong><\/p>\n<p><strong><u><b>Contato<\/b><\/u><\/strong><\/p>\n<p><strong><b>\u00a0<\/b><\/strong><\/p>\n<p><strong><b>\u00a0<\/b><\/strong><\/p>\n<p><strong><b>Entidade respons\u00e1vel<\/b><\/strong><\/p>\n<p>Diretoria de Ensino, Pesquisa e Resid\u00eancia (DIEP) &#8211;\u00a0Hospital Geral Fortaleza\u00a0(HGF)<\/p>\n<p>Rua Riachuelo, 900\u00a0&#8211; Papicu<\/p>\n<p>Fortaleza\u00a0&#8211; Cear\u00e1. CEP: 60.175-295<\/p>\n<p><strong><u><b>\u00a0<\/b><\/u><\/strong><\/p>\n<p><strong><u><b>\u00a0<\/b><\/u><\/strong><\/p>\n<p><strong><b>Contato Principal<\/b><\/strong><\/p>\n<p>Revista HGF<\/p>\n<p>Fone: (85) 3457-9157<\/p>\n<p>E-mail:\u00a0revistahgf@gmail.com<\/p>\n<p>&nbsp;<\/p>\n<p>&nbsp;<\/p>\n<p>&nbsp;<\/p>\n<p>&nbsp;<\/p>\n<p>&nbsp;<\/p>\n<p><strong><b>Revista HGF, Fortaleza, CE, Brasil. <\/b><\/strong><strong><b>ISSN: <\/b><\/strong><strong><b>2966-0203<\/b><\/strong><strong><b>\u00a0&#8211; <\/b><\/strong><strong><b>eISSN: <\/b><\/strong><strong><b>2965-579X<\/b><\/strong><\/p>\n<p>Licenciada com a\u00a0Licen\u00e7a<a href=\"https:\/\/creativecommons.org\/licenses\/by-nc\/4.0\/\"><u>\u00a0Creative Commons Atribui\u00e7\u00e3o-N\u00e3oComercial 4.0 Internacional<\/u><\/a><\/p>\n<p><strong><u><b>\u00a0<\/b><\/u><\/strong><\/p>\n<p>&nbsp;<\/p>\n<p>&nbsp;<\/p>\n<p>&nbsp;<\/p>\n<h3><strong>Documentos<\/strong><\/h3>\n<p>&nbsp;<\/p>\n<ul>\n<li style=\"list-style-type: none\">\n<ul>\n<li style=\"list-style-type: none\">\n<ul class=\"ListaEst\">\n<li><a href=\"https:\/\/ww16.ce.gov.br\/hgf\/wp-content\/uploads\/sites\/26\/2024\/11\/Normas-para-Submissao-Revista-HGF-nova-versao-27-11-2024.pdf\" target=\"_blank\" rel=\"noopener\">Normas de submiss\u00e3o<\/a><\/li>\n<li><a href=\"https:\/\/ww16.ce.gov.br\/hgf\/wp-content\/uploads\/sites\/26\/2023\/12\/Fluxo-Editorial-da-Revista-HGF.pdf\" target=\"_blank\" rel=\"noopener\">Fluxo editorial<\/a><\/li>\n<li><a href=\"https:\/\/ww16.ce.gov.br\/hgf\/wp-content\/uploads\/sites\/26\/2024\/11\/Artigo-Original-Template-Revista-HGF-27-11-2024.docx\" target=\"_blank\" rel=\"noopener\">Modelo para envio de Artigo Original<\/a><\/li>\n<li><a href=\"https:\/\/ww16.ce.gov.br\/hgf\/wp-content\/uploads\/sites\/26\/2024\/11\/Artigo-de-Opiniao-Comunicacao-breve-Template-Revista-HGF-27-11-2024.docx\" target=\"_blank\" rel=\"noopener\">Modelo para envio de Artigo de Opini\u00e3o \/ Comunica\u00e7\u00e3o Breve<\/a><\/li>\n<li><a href=\"https:\/\/ww16.ce.gov.br\/hgf\/wp-content\/uploads\/sites\/26\/2024\/11\/Artigo-de-Revisao-Revisao-Integrativa-Sistematica-Escopo-Template-Revista-HGF-27-11-2024.docx\" target=\"_blank\" rel=\"noopener\">Modelo para envio de Artigo de Revis\u00e3o \/ Revis\u00e3o Integrativa \/ Revis\u00e3o Sistem\u00e1tica \/ Revis\u00e3o de Escopo<\/a><\/li>\n<li><a href=\"https:\/\/ww16.ce.gov.br\/hgf\/wp-content\/uploads\/sites\/26\/2024\/11\/Relato-de-Experiencia-Template-Revista-HGF-27-11-2024.docx\" target=\"_blank\" rel=\"noopener\">Modelo para envio de Relato de Experi\u00eancia<\/a><\/li>\n<li><a href=\"https:\/\/ww16.ce.gov.br\/hgf\/wp-content\/uploads\/sites\/26\/2024\/11\/Relato-de-Caso-Template-Revista-HGF-27-11-2024.docx\" target=\"_blank\" rel=\"noopener\">Modelo para envio de Relato de Caso<\/a><\/li>\n<li><a href=\"https:\/\/ww16.ce.gov.br\/hgf\/wp-content\/uploads\/sites\/26\/2025\/07\/Termo-de-responsabilidade-pela-autoria-Revista-HGF-versao-2025.pdf\" target=\"_blank\" rel=\"noopener\">Termo de responsabilidade pela autoria<\/a><\/li>\n<\/ul>\n<\/li>\n<\/ul>\n<\/li>\n<\/ul>\n<p>&nbsp;<\/p>\n<p>&nbsp;<\/p>\n","protected":false},"excerpt":{"rendered":"<p>&nbsp; Sobre a Revista Hist\u00f3rico A Revista HGF foi criada em 2023 pela Diretoria de Ensino, Pesquisa e Resid\u00eancia (DIEP) do Hospital Geral de Fortaleza (HGF). De 2023 e 2024 cumpriu periodicidade quadrimestral e a partir de mar\u00e7o de 2025 adotou a periodicidade semestral. \u00a0 ISSN \/ eISSN 2966-0203 \/ 2965-579X \u00a0 Miss\u00e3o, Foco e [&hellip;]<\/p>\n","protected":false},"author":782,"featured_media":0,"parent":0,"menu_order":0,"comment_status":"closed","ping_status":"closed","template":"","meta":{"_acf_changed":false,"inline_featured_image":false,"footnotes":""},"class_list":["post-5586","page","type-page","status-publish","hentry"],"acf":[],"yoast_head":"<!-- This site is optimized with the Yoast SEO plugin v27.3 - https:\/\/yoast.com\/product\/yoast-seo-wordpress\/ -->\n<title>Revista HGF - Hospital Geral de Fortaleza (HGF)<\/title>\n<meta name=\"robots\" content=\"index, follow, max-snippet:-1, max-image-preview:large, max-video-preview:-1\" \/>\n<link rel=\"canonical\" href=\"https:\/\/ww16.ce.gov.br\/hgf\/revistahgf\/\" \/>\n<meta property=\"og:locale\" content=\"pt_BR\" \/>\n<meta property=\"og:type\" content=\"article\" \/>\n<meta property=\"og:title\" content=\"Revista HGF - Hospital Geral de Fortaleza (HGF)\" \/>\n<meta property=\"og:description\" content=\"&nbsp; Sobre a Revista Hist\u00f3rico A Revista HGF foi criada em 2023 pela Diretoria de Ensino, Pesquisa e Resid\u00eancia (DIEP) do Hospital Geral de Fortaleza (HGF). De 2023 e 2024 cumpriu periodicidade quadrimestral e a partir de mar\u00e7o de 2025 adotou a periodicidade semestral. \u00a0 ISSN \/ eISSN 2966-0203 \/ 2965-579X \u00a0 Miss\u00e3o, Foco e [&hellip;]\" \/>\n<meta property=\"og:url\" content=\"https:\/\/ww16.ce.gov.br\/hgf\/revistahgf\/\" \/>\n<meta property=\"og:site_name\" content=\"Hospital Geral de Fortaleza (HGF)\" \/>\n<meta property=\"article:modified_time\" content=\"2025-08-05T20:05:16+00:00\" \/>\n<meta property=\"og:image\" content=\"http:\/\/ww16.ce.gov.br\/hgf\/wp-content\/uploads\/sites\/26\/2024\/07\/FAIXA-SITE-ANUNCIO-REVISTA.png\" \/>\n<meta name=\"twitter:card\" content=\"summary_large_image\" \/>\n<meta name=\"twitter:label1\" content=\"Est. reading time\" \/>\n\t<meta name=\"twitter:data1\" content=\"7 minutos\" \/>\n<script type=\"application\/ld+json\" class=\"yoast-schema-graph\">{\"@context\":\"https:\\\/\\\/schema.org\",\"@graph\":[{\"@type\":\"WebPage\",\"@id\":\"https:\\\/\\\/ww16.ce.gov.br\\\/hgf\\\/revistahgf\\\/\",\"url\":\"https:\\\/\\\/ww16.ce.gov.br\\\/hgf\\\/revistahgf\\\/\",\"name\":\"Revista HGF - Hospital Geral de Fortaleza (HGF)\",\"isPartOf\":{\"@id\":\"https:\\\/\\\/ww16.ce.gov.br\\\/hgf\\\/#website\"},\"primaryImageOfPage\":{\"@id\":\"https:\\\/\\\/ww16.ce.gov.br\\\/hgf\\\/revistahgf\\\/#primaryimage\"},\"image\":{\"@id\":\"https:\\\/\\\/ww16.ce.gov.br\\\/hgf\\\/revistahgf\\\/#primaryimage\"},\"thumbnailUrl\":\"http:\\\/\\\/ww16.ce.gov.br\\\/hgf\\\/wp-content\\\/uploads\\\/sites\\\/26\\\/2024\\\/07\\\/FAIXA-SITE-ANUNCIO-REVISTA.png\",\"datePublished\":\"2023-10-02T14:44:16+00:00\",\"dateModified\":\"2025-08-05T20:05:16+00:00\",\"breadcrumb\":{\"@id\":\"https:\\\/\\\/ww16.ce.gov.br\\\/hgf\\\/revistahgf\\\/#breadcrumb\"},\"inLanguage\":\"pt-BR\",\"potentialAction\":[{\"@type\":\"ReadAction\",\"target\":[\"https:\\\/\\\/ww16.ce.gov.br\\\/hgf\\\/revistahgf\\\/\"]}]},{\"@type\":\"ImageObject\",\"inLanguage\":\"pt-BR\",\"@id\":\"https:\\\/\\\/ww16.ce.gov.br\\\/hgf\\\/revistahgf\\\/#primaryimage\",\"url\":\"http:\\\/\\\/ww16.ce.gov.br\\\/hgf\\\/wp-content\\\/uploads\\\/sites\\\/26\\\/2024\\\/07\\\/FAIXA-SITE-ANUNCIO-REVISTA.png\",\"contentUrl\":\"http:\\\/\\\/ww16.ce.gov.br\\\/hgf\\\/wp-content\\\/uploads\\\/sites\\\/26\\\/2024\\\/07\\\/FAIXA-SITE-ANUNCIO-REVISTA.png\"},{\"@type\":\"BreadcrumbList\",\"@id\":\"https:\\\/\\\/ww16.ce.gov.br\\\/hgf\\\/revistahgf\\\/#breadcrumb\",\"itemListElement\":[{\"@type\":\"ListItem\",\"position\":1,\"name\":\"In\u00edcio\",\"item\":\"https:\\\/\\\/www.ce.gov.br\\\/hgf\\\/\"},{\"@type\":\"ListItem\",\"position\":2,\"name\":\"Revista HGF\"}]},{\"@type\":\"WebSite\",\"@id\":\"https:\\\/\\\/ww16.ce.gov.br\\\/hgf\\\/#website\",\"url\":\"https:\\\/\\\/ww16.ce.gov.br\\\/hgf\\\/\",\"name\":\"Hospital Geral de Fortaleza (HGF)\",\"description\":\"Refer\u00eancia em tratamentos de alta complexidade no Estado do Cear\u00e1\",\"potentialAction\":[{\"@type\":\"SearchAction\",\"target\":{\"@type\":\"EntryPoint\",\"urlTemplate\":\"https:\\\/\\\/ww16.ce.gov.br\\\/hgf\\\/?s={search_term_string}\"},\"query-input\":{\"@type\":\"PropertyValueSpecification\",\"valueRequired\":true,\"valueName\":\"search_term_string\"}}],\"inLanguage\":\"pt-BR\"}]}<\/script>\n<!-- \/ Yoast SEO plugin. -->","yoast_head_json":{"title":"Revista HGF - Hospital Geral de Fortaleza (HGF)","robots":{"index":"index","follow":"follow","max-snippet":"max-snippet:-1","max-image-preview":"max-image-preview:large","max-video-preview":"max-video-preview:-1"},"canonical":"https:\/\/ww16.ce.gov.br\/hgf\/revistahgf\/","og_locale":"pt_BR","og_type":"article","og_title":"Revista HGF - Hospital Geral de Fortaleza (HGF)","og_description":"&nbsp; Sobre a Revista Hist\u00f3rico A Revista HGF foi criada em 2023 pela Diretoria de Ensino, Pesquisa e Resid\u00eancia (DIEP) do Hospital Geral de Fortaleza (HGF). De 2023 e 2024 cumpriu periodicidade quadrimestral e a partir de mar\u00e7o de 2025 adotou a periodicidade semestral. \u00a0 ISSN \/ eISSN 2966-0203 \/ 2965-579X \u00a0 Miss\u00e3o, Foco e [&hellip;]","og_url":"https:\/\/ww16.ce.gov.br\/hgf\/revistahgf\/","og_site_name":"Hospital Geral de Fortaleza (HGF)","article_modified_time":"2025-08-05T20:05:16+00:00","og_image":[{"url":"http:\/\/ww16.ce.gov.br\/hgf\/wp-content\/uploads\/sites\/26\/2024\/07\/FAIXA-SITE-ANUNCIO-REVISTA.png","type":"","width":"","height":""}],"twitter_card":"summary_large_image","twitter_misc":{"Est. reading time":"7 minutos"},"schema":{"@context":"https:\/\/schema.org","@graph":[{"@type":"WebPage","@id":"https:\/\/ww16.ce.gov.br\/hgf\/revistahgf\/","url":"https:\/\/ww16.ce.gov.br\/hgf\/revistahgf\/","name":"Revista HGF - Hospital Geral de Fortaleza (HGF)","isPartOf":{"@id":"https:\/\/ww16.ce.gov.br\/hgf\/#website"},"primaryImageOfPage":{"@id":"https:\/\/ww16.ce.gov.br\/hgf\/revistahgf\/#primaryimage"},"image":{"@id":"https:\/\/ww16.ce.gov.br\/hgf\/revistahgf\/#primaryimage"},"thumbnailUrl":"http:\/\/ww16.ce.gov.br\/hgf\/wp-content\/uploads\/sites\/26\/2024\/07\/FAIXA-SITE-ANUNCIO-REVISTA.png","datePublished":"2023-10-02T14:44:16+00:00","dateModified":"2025-08-05T20:05:16+00:00","breadcrumb":{"@id":"https:\/\/ww16.ce.gov.br\/hgf\/revistahgf\/#breadcrumb"},"inLanguage":"pt-BR","potentialAction":[{"@type":"ReadAction","target":["https:\/\/ww16.ce.gov.br\/hgf\/revistahgf\/"]}]},{"@type":"ImageObject","inLanguage":"pt-BR","@id":"https:\/\/ww16.ce.gov.br\/hgf\/revistahgf\/#primaryimage","url":"http:\/\/ww16.ce.gov.br\/hgf\/wp-content\/uploads\/sites\/26\/2024\/07\/FAIXA-SITE-ANUNCIO-REVISTA.png","contentUrl":"http:\/\/ww16.ce.gov.br\/hgf\/wp-content\/uploads\/sites\/26\/2024\/07\/FAIXA-SITE-ANUNCIO-REVISTA.png"},{"@type":"BreadcrumbList","@id":"https:\/\/ww16.ce.gov.br\/hgf\/revistahgf\/#breadcrumb","itemListElement":[{"@type":"ListItem","position":1,"name":"In\u00edcio","item":"https:\/\/www.ce.gov.br\/hgf\/"},{"@type":"ListItem","position":2,"name":"Revista HGF"}]},{"@type":"WebSite","@id":"https:\/\/ww16.ce.gov.br\/hgf\/#website","url":"https:\/\/ww16.ce.gov.br\/hgf\/","name":"Hospital Geral de Fortaleza (HGF)","description":"Refer\u00eancia em tratamentos de alta complexidade no Estado do Cear\u00e1","potentialAction":[{"@type":"SearchAction","target":{"@type":"EntryPoint","urlTemplate":"https:\/\/ww16.ce.gov.br\/hgf\/?s={search_term_string}"},"query-input":{"@type":"PropertyValueSpecification","valueRequired":true,"valueName":"search_term_string"}}],"inLanguage":"pt-BR"}]}},"_links":{"self":[{"href":"https:\/\/www.ce.gov.br\/hgf\/wp-json\/wp\/v2\/pages\/5586","targetHints":{"allow":["GET"]}}],"collection":[{"href":"https:\/\/www.ce.gov.br\/hgf\/wp-json\/wp\/v2\/pages"}],"about":[{"href":"https:\/\/www.ce.gov.br\/hgf\/wp-json\/wp\/v2\/types\/page"}],"author":[{"embeddable":true,"href":"https:\/\/www.ce.gov.br\/hgf\/wp-json\/wp\/v2\/users\/782"}],"replies":[{"embeddable":true,"href":"https:\/\/www.ce.gov.br\/hgf\/wp-json\/wp\/v2\/comments?post=5586"}],"version-history":[{"count":28,"href":"https:\/\/www.ce.gov.br\/hgf\/wp-json\/wp\/v2\/pages\/5586\/revisions"}],"predecessor-version":[{"id":8659,"href":"https:\/\/www.ce.gov.br\/hgf\/wp-json\/wp\/v2\/pages\/5586\/revisions\/8659"}],"wp:attachment":[{"href":"https:\/\/www.ce.gov.br\/hgf\/wp-json\/wp\/v2\/media?parent=5586"}],"curies":[{"name":"wp","href":"https:\/\/api.w.org\/{rel}","templated":true}]}}