{"id":6140,"date":"2024-01-16T15:12:02","date_gmt":"2024-01-16T18:12:02","guid":{"rendered":"http:\/\/ww16.ce.gov.br\/hgf\/?page_id=6140"},"modified":"2024-01-16T15:15:01","modified_gmt":"2024-01-16T18:15:01","slug":"faq","status":"publish","type":"page","link":"https:\/\/www.ce.gov.br\/hgf\/contato\/ouvidoria\/faq\/","title":{"rendered":"Perguntas frequentes"},"content":{"rendered":"<h3>Perguntas frequentes<\/h3>\n<p>&nbsp;<\/p>\n<p>&nbsp;<\/p>\n<h4 class=\"destacado\"><span style=\"font-family: Arial, sans-serif\"><span style=\"font-size: medium\"><b>Onde fica o HGF?<\/b><\/span><\/span><\/h4>\n<p>O Hospital Geral de Fortaleza fica na Rua \u00c1vila Goulart, 900, no bairro Papicu, Fortaleza &#8211; Cear\u00e1.<\/p>\n<p>&nbsp;<\/p>\n<h4 class=\"destacado\"><span style=\"font-family: Arial, sans-serif\"><span style=\"font-size: medium\"><b>Como agendar consulta no HGF?<\/b><\/span><\/span><\/h4>\n<p>Os usu\u00e1rios da rede p\u00fablica de sa\u00fade realizam atendimento inicial na aten\u00e7\u00e3o prim\u00e1ria (Posto de Sa\u00fade). Ap\u00f3s o primeiro atendimento, quando necess\u00e1rio, o m\u00e9dico o encaminha para atendimento especializado. O agendamento da primeira consulta \u00e9 realizado no pr\u00f3prio Posto de Sa\u00fade e o paciente j\u00e1 vai para o atendimento com consulta marcada. Os demais retornos de consultas s\u00e3o marcados no pr\u00f3prio HGF.<\/p>\n<p>&nbsp;<\/p>\n<h4 class=\"destacado\"><span style=\"font-family: Arial, sans-serif\"><span style=\"font-size: medium\"><b>Qual o n\u00famero de telefone do setor de marca\u00e7\u00e3o N\u00facleo de Atendimento ao Cliente?<\/b><\/span><\/span><\/h4>\n<p>(85) 3457-9261 | 3457-9266 | 34579267.<\/p>\n<p>&nbsp;<\/p>\n<h4 class=\"destacado\"><span style=\"font-family: Arial, sans-serif\"><span style=\"font-size: medium\"><b>Como obter informa\u00e7\u00f5es referentes \u00e0 fila de espera de cirurgia?<\/b><\/span><\/span><\/h4>\n<p>As informa\u00e7\u00f5es s\u00e3o repassadas pela Secretaria da Sa\u00fade do Cear\u00e1 (Sesa), por meio do n\u00famero 0800 280 5110.<\/p>\n<p>&nbsp;<\/p>\n<h4 class=\"destacado\"><span style=\"font-family: Arial, sans-serif\"><span style=\"font-size: medium\"><b>O HGF aceita plano de sa\u00fade e conv\u00eanio?<\/b><\/span><\/span><\/h4>\n<p>O HGF \u00e9 um hospital p\u00fablico com atendimento pelo Sistema \u00danico de Sa\u00fade (SUS) e os atendimentos s\u00e3o todos gratuitos.<\/p>\n<p>&nbsp;<\/p>\n","protected":false},"excerpt":{"rendered":"<p>Perguntas frequentes &nbsp; &nbsp; Onde fica o HGF? O Hospital Geral de Fortaleza fica na Rua \u00c1vila Goulart, 900, no bairro Papicu, Fortaleza &#8211; Cear\u00e1. &nbsp; Como agendar consulta no HGF? Os usu\u00e1rios da rede p\u00fablica de sa\u00fade realizam atendimento inicial na aten\u00e7\u00e3o prim\u00e1ria (Posto de Sa\u00fade). Ap\u00f3s o primeiro atendimento, quando necess\u00e1rio, o m\u00e9dico [&hellip;]<\/p>\n","protected":false},"author":782,"featured_media":0,"parent":4692,"menu_order":0,"comment_status":"closed","ping_status":"closed","template":"","meta":{"_acf_changed":false,"inline_featured_image":false,"footnotes":""},"class_list":["post-6140","page","type-page","status-publish","hentry"],"acf":[],"yoast_head":"<!-- This site is optimized with the Yoast SEO plugin v27.3 - https:\/\/yoast.com\/product\/yoast-seo-wordpress\/ -->\n<title>Perguntas frequentes - Hospital Geral de Fortaleza (HGF)<\/title>\n<meta name=\"robots\" content=\"index, follow, max-snippet:-1, max-image-preview:large, max-video-preview:-1\" \/>\n<link rel=\"canonical\" href=\"https:\/\/ww16.ce.gov.br\/hgf\/contato\/ouvidoria\/faq\/\" \/>\n<meta property=\"og:locale\" content=\"pt_BR\" \/>\n<meta property=\"og:type\" content=\"article\" \/>\n<meta property=\"og:title\" content=\"Perguntas frequentes - Hospital Geral de Fortaleza (HGF)\" \/>\n<meta property=\"og:description\" content=\"Perguntas frequentes &nbsp; &nbsp; Onde fica o HGF? O Hospital Geral de Fortaleza fica na Rua \u00c1vila Goulart, 900, no bairro Papicu, Fortaleza &#8211; Cear\u00e1. &nbsp; Como agendar consulta no HGF? Os usu\u00e1rios da rede p\u00fablica de sa\u00fade realizam atendimento inicial na aten\u00e7\u00e3o prim\u00e1ria (Posto de Sa\u00fade). Ap\u00f3s o primeiro atendimento, quando necess\u00e1rio, o m\u00e9dico [&hellip;]\" \/>\n<meta property=\"og:url\" content=\"https:\/\/ww16.ce.gov.br\/hgf\/contato\/ouvidoria\/faq\/\" \/>\n<meta property=\"og:site_name\" content=\"Hospital Geral de Fortaleza (HGF)\" \/>\n<meta property=\"article:modified_time\" content=\"2024-01-16T18:15:01+00:00\" \/>\n<meta name=\"twitter:card\" content=\"summary_large_image\" \/>\n<meta name=\"twitter:label1\" content=\"Est. reading time\" \/>\n\t<meta name=\"twitter:data1\" content=\"1 minuto\" \/>\n<script type=\"application\/ld+json\" class=\"yoast-schema-graph\">{\"@context\":\"https:\\\/\\\/schema.org\",\"@graph\":[{\"@type\":\"WebPage\",\"@id\":\"https:\\\/\\\/ww16.ce.gov.br\\\/hgf\\\/contato\\\/ouvidoria\\\/faq\\\/\",\"url\":\"https:\\\/\\\/ww16.ce.gov.br\\\/hgf\\\/contato\\\/ouvidoria\\\/faq\\\/\",\"name\":\"Perguntas frequentes - Hospital Geral de Fortaleza (HGF)\",\"isPartOf\":{\"@id\":\"https:\\\/\\\/ww16.ce.gov.br\\\/hgf\\\/#website\"},\"datePublished\":\"2024-01-16T18:12:02+00:00\",\"dateModified\":\"2024-01-16T18:15:01+00:00\",\"breadcrumb\":{\"@id\":\"https:\\\/\\\/ww16.ce.gov.br\\\/hgf\\\/contato\\\/ouvidoria\\\/faq\\\/#breadcrumb\"},\"inLanguage\":\"pt-BR\",\"potentialAction\":[{\"@type\":\"ReadAction\",\"target\":[\"https:\\\/\\\/ww16.ce.gov.br\\\/hgf\\\/contato\\\/ouvidoria\\\/faq\\\/\"]}]},{\"@type\":\"BreadcrumbList\",\"@id\":\"https:\\\/\\\/ww16.ce.gov.br\\\/hgf\\\/contato\\\/ouvidoria\\\/faq\\\/#breadcrumb\",\"itemListElement\":[{\"@type\":\"ListItem\",\"position\":1,\"name\":\"In\u00edcio\",\"item\":\"https:\\\/\\\/www.ce.gov.br\\\/hgf\\\/\"},{\"@type\":\"ListItem\",\"position\":2,\"name\":\"Contato\",\"item\":\"https:\\\/\\\/ww16.ce.gov.br\\\/hgf\\\/contato\\\/\"},{\"@type\":\"ListItem\",\"position\":3,\"name\":\"Ouvidoria\",\"item\":\"https:\\\/\\\/ww16.ce.gov.br\\\/hgf\\\/contato\\\/ouvidoria\\\/\"},{\"@type\":\"ListItem\",\"position\":4,\"name\":\"Perguntas frequentes\"}]},{\"@type\":\"WebSite\",\"@id\":\"https:\\\/\\\/ww16.ce.gov.br\\\/hgf\\\/#website\",\"url\":\"https:\\\/\\\/ww16.ce.gov.br\\\/hgf\\\/\",\"name\":\"Hospital Geral de Fortaleza (HGF)\",\"description\":\"Refer\u00eancia em tratamentos de alta complexidade no Estado do Cear\u00e1\",\"potentialAction\":[{\"@type\":\"SearchAction\",\"target\":{\"@type\":\"EntryPoint\",\"urlTemplate\":\"https:\\\/\\\/ww16.ce.gov.br\\\/hgf\\\/?s={search_term_string}\"},\"query-input\":{\"@type\":\"PropertyValueSpecification\",\"valueRequired\":true,\"valueName\":\"search_term_string\"}}],\"inLanguage\":\"pt-BR\"}]}<\/script>\n<!-- \/ Yoast SEO plugin. -->","yoast_head_json":{"title":"Perguntas frequentes - Hospital Geral de Fortaleza (HGF)","robots":{"index":"index","follow":"follow","max-snippet":"max-snippet:-1","max-image-preview":"max-image-preview:large","max-video-preview":"max-video-preview:-1"},"canonical":"https:\/\/ww16.ce.gov.br\/hgf\/contato\/ouvidoria\/faq\/","og_locale":"pt_BR","og_type":"article","og_title":"Perguntas frequentes - Hospital Geral de Fortaleza (HGF)","og_description":"Perguntas frequentes &nbsp; &nbsp; Onde fica o HGF? O Hospital Geral de Fortaleza fica na Rua \u00c1vila Goulart, 900, no bairro Papicu, Fortaleza &#8211; Cear\u00e1. &nbsp; Como agendar consulta no HGF? Os usu\u00e1rios da rede p\u00fablica de sa\u00fade realizam atendimento inicial na aten\u00e7\u00e3o prim\u00e1ria (Posto de Sa\u00fade). Ap\u00f3s o primeiro atendimento, quando necess\u00e1rio, o m\u00e9dico [&hellip;]","og_url":"https:\/\/ww16.ce.gov.br\/hgf\/contato\/ouvidoria\/faq\/","og_site_name":"Hospital Geral de Fortaleza (HGF)","article_modified_time":"2024-01-16T18:15:01+00:00","twitter_card":"summary_large_image","twitter_misc":{"Est. reading time":"1 minuto"},"schema":{"@context":"https:\/\/schema.org","@graph":[{"@type":"WebPage","@id":"https:\/\/ww16.ce.gov.br\/hgf\/contato\/ouvidoria\/faq\/","url":"https:\/\/ww16.ce.gov.br\/hgf\/contato\/ouvidoria\/faq\/","name":"Perguntas frequentes - Hospital Geral de Fortaleza (HGF)","isPartOf":{"@id":"https:\/\/ww16.ce.gov.br\/hgf\/#website"},"datePublished":"2024-01-16T18:12:02+00:00","dateModified":"2024-01-16T18:15:01+00:00","breadcrumb":{"@id":"https:\/\/ww16.ce.gov.br\/hgf\/contato\/ouvidoria\/faq\/#breadcrumb"},"inLanguage":"pt-BR","potentialAction":[{"@type":"ReadAction","target":["https:\/\/ww16.ce.gov.br\/hgf\/contato\/ouvidoria\/faq\/"]}]},{"@type":"BreadcrumbList","@id":"https:\/\/ww16.ce.gov.br\/hgf\/contato\/ouvidoria\/faq\/#breadcrumb","itemListElement":[{"@type":"ListItem","position":1,"name":"In\u00edcio","item":"https:\/\/www.ce.gov.br\/hgf\/"},{"@type":"ListItem","position":2,"name":"Contato","item":"https:\/\/ww16.ce.gov.br\/hgf\/contato\/"},{"@type":"ListItem","position":3,"name":"Ouvidoria","item":"https:\/\/ww16.ce.gov.br\/hgf\/contato\/ouvidoria\/"},{"@type":"ListItem","position":4,"name":"Perguntas frequentes"}]},{"@type":"WebSite","@id":"https:\/\/ww16.ce.gov.br\/hgf\/#website","url":"https:\/\/ww16.ce.gov.br\/hgf\/","name":"Hospital Geral de Fortaleza (HGF)","description":"Refer\u00eancia em tratamentos de alta complexidade no Estado do Cear\u00e1","potentialAction":[{"@type":"SearchAction","target":{"@type":"EntryPoint","urlTemplate":"https:\/\/ww16.ce.gov.br\/hgf\/?s={search_term_string}"},"query-input":{"@type":"PropertyValueSpecification","valueRequired":true,"valueName":"search_term_string"}}],"inLanguage":"pt-BR"}]}},"_links":{"self":[{"href":"https:\/\/www.ce.gov.br\/hgf\/wp-json\/wp\/v2\/pages\/6140","targetHints":{"allow":["GET"]}}],"collection":[{"href":"https:\/\/www.ce.gov.br\/hgf\/wp-json\/wp\/v2\/pages"}],"about":[{"href":"https:\/\/www.ce.gov.br\/hgf\/wp-json\/wp\/v2\/types\/page"}],"author":[{"embeddable":true,"href":"https:\/\/www.ce.gov.br\/hgf\/wp-json\/wp\/v2\/users\/782"}],"replies":[{"embeddable":true,"href":"https:\/\/www.ce.gov.br\/hgf\/wp-json\/wp\/v2\/comments?post=6140"}],"version-history":[{"count":11,"href":"https:\/\/www.ce.gov.br\/hgf\/wp-json\/wp\/v2\/pages\/6140\/revisions"}],"predecessor-version":[{"id":6152,"href":"https:\/\/www.ce.gov.br\/hgf\/wp-json\/wp\/v2\/pages\/6140\/revisions\/6152"}],"up":[{"embeddable":true,"href":"https:\/\/www.ce.gov.br\/hgf\/wp-json\/wp\/v2\/pages\/4692"}],"wp:attachment":[{"href":"https:\/\/www.ce.gov.br\/hgf\/wp-json\/wp\/v2\/media?parent=6140"}],"curies":[{"name":"wp","href":"https:\/\/api.w.org\/{rel}","templated":true}]}}