{"id":8982,"date":"2026-02-04T10:41:19","date_gmt":"2026-02-04T13:41:19","guid":{"rendered":"http:\/\/ww16.ce.gov.br\/hgf\/?page_id=8982"},"modified":"2026-02-04T11:01:53","modified_gmt":"2026-02-04T14:01:53","slug":"quem-e-quem","status":"publish","type":"page","link":"https:\/\/www.ce.gov.br\/hgf\/quem-e-quem\/","title":{"rendered":"Quem \u00e9 quem"},"content":{"rendered":"<div class=\"secretarios-container\"><div class=\"destaque-governo\" style=\"margin-bottom: 1.25rem;\"><div class=\"perfil-redes-sociais\"><img decoding=\"async\" src=\"https:\/\/www.ce.gov.br\/hgf\/wp-content\/uploads\/sites\/26\/2024\/12\/Manoel-Pedro-HGF-2.png\" alt=\"Manoel Pedro Guedes Guimar\u00e3es\" class=\"governo-foto\"><div class=\"governo-redes-sociais\"><\/div><\/div><div class=\"governo-bio\"><div class=\"governo-orgao\">Dire\u00e7\u00e3o-Geral<\/div><h3 class=\"governo-nome\">Manoel Pedro Guedes Guimar\u00e3es<\/h3><div class=\"governo-bio-texto\"><p>M\u00e9dico formado pela Universidade Federal do Cear\u00e1 (UFC), em 1998, fez resid\u00eancia em Cl\u00ednica M\u00e9dica no Hospital Geral Dr. C\u00e9sar Cals (HGCC), unidade da Secretaria da Sa\u00fade do Cear\u00e1 (Sesa). \u00c9 especialista em Terapia Intensiva pela Associa\u00e7\u00e3o de Medicina Intensiva Brasileira (Amib) e possui MBA em Gest\u00e3o de Neg\u00f3cios de Sa\u00fade pela Universidade de Fortaleza.<\/p>\n<p>Manoel Pedro foi preceptor de Cl\u00ednica M\u00e9dica no HGCC, na Santa Casa de Miseric\u00f3rdia de Fortaleza, e professor no Centro Universit\u00e1rio Christus. Ocupou a dire\u00e7\u00e3o t\u00e9cnica do HGCC e, mais recentemente, o cargo de Coordenador de Apoio \u00e0 Gest\u00e3o da Rede Assistencial da Sesa. Atualmente, exerce os cargos de\u00a0m\u00e9dico intensivista do Hospital Universit\u00e1rio Walter Cant\u00eddio (HUWC), da UFC, e de diretor-geral\u00a0do Hospital Geral de Fortaleza (HGF).<\/p>\n<\/div><\/div><\/div><div class=\"destaque-governo layout-alternating\" style=\"margin-bottom: 1.25rem;\"><div class=\"perfil-redes-sociais\"><img decoding=\"async\" src=\"https:\/\/www.ce.gov.br\/hgf\/wp-content\/uploads\/sites\/26\/2017\/11\/Mariana-Ribeiro_site.jpg\" alt=\"Mariana Ribeiro Moreira\" class=\"governo-foto\"><div class=\"governo-redes-sociais\"><\/div><\/div><div class=\"governo-bio\"><h3 class=\"governo-nome\">Mariana Ribeiro Moreira<\/h3><div class=\"governo-bio-texto\"><p>Graduada em Medicina pela Universidade Federal do Cear\u00e1 (UFC), Mariana \u00e9 preceptora do servi\u00e7o de Cl\u00ednica M\u00e9dica do Hospital Geral Dr C\u00e9sar Cals (HGCC) e plantonista da UTI do Hospital Universit\u00e1rio Walter Cant\u00eddio (HUWC). A m\u00e9dica j\u00e1 atuou tamb\u00e9m como gestora cl\u00ednica da empresa de assist\u00eancia m\u00e9dica privada Amil e como diretora t\u00e9cnica da empresa Autoimune, unidade de infus\u00e3o especializada em terapia biol\u00f3gica.<\/p>\n<p>No HGF, trabalhou por cinco anos nos servi\u00e7os de Emerg\u00eancia, UTI e TRR (Time de Resposta R\u00e1pida), retornando agora para fazer parte da equipe de gest\u00e3o do hospital.<\/p>\n<\/div><\/div><\/div><div class=\"destaque-governo\" style=\"margin-bottom: 1.25rem;\"><div class=\"perfil-redes-sociais\"><img decoding=\"async\" src=\"https:\/\/www.ce.gov.br\/hgf\/wp-content\/uploads\/sites\/26\/2023\/02\/KHALIL_FEITOSA_edit-1.jpg\" alt=\"Khalil Feitosa de Oliveira\" class=\"governo-foto\"><div class=\"governo-redes-sociais\"><\/div><\/div><div class=\"governo-bio\"><div class=\"governo-orgao\">Dire\u00e7\u00e3o T\u00e9cnica<\/div><h3 class=\"governo-nome\">Khalil Feitosa de Oliveira<\/h3><div class=\"governo-bio-texto\"><p>Graduado em Medicina pela Universidade Federal do Maranh\u00e3o (UFMA) e especialista em Medicina de Emerg\u00eancia pela Escola de Sa\u00fade P\u00fablica do Cear\u00e1 (ESP-CE).<\/p>\n<p>No HGF, iniciou sua experi\u00eancia em 2013 como residente em Medicina de Emerg\u00eancia. Em 2019, assumiu pela primeira vez a gest\u00e3o do departamento de emerg\u00eancia do HGF,<\/p>\n<p>Em 2022, atuou como superintendente do SAMU Cear\u00e1, retornando ao HGF em abril de 2023 como chefe do departamento de emerg\u00eancia at\u00e9 assumir a dire\u00e7\u00e3o t\u00e9cnica da unidade.<\/p>\n<\/div><\/div><\/div><div class=\"destaque-governo layout-alternating\" style=\"margin-bottom: 1.25rem;\"><div class=\"perfil-redes-sociais\"><img decoding=\"async\" src=\"https:\/\/www.ce.gov.br\/hgf\/wp-content\/uploads\/sites\/26\/2023\/02\/3.png\" alt=\"Isabel de Autran Nunes Matos\" class=\"governo-foto\"><div class=\"governo-redes-sociais\"><\/div><\/div><div class=\"governo-bio\"><div class=\"governo-orgao\">Dire\u00e7\u00e3o Administrativa-Financeira<\/div><h3 class=\"governo-nome\">Isabel de Autran Nunes Matos<\/h3><div class=\"governo-bio-texto\"><p>Graduada em Administra\u00e7\u00e3o de Empresas pela Unifanor, Isabel possui MBA em Gest\u00e3o Empresarial pela Funda\u00e7\u00e3o Get\u00falio Vargas \u2013 FGV.<\/p>\n<p>Participou de curso de forma\u00e7\u00e3o Gestor de Alta Performance, pela Seja Alta Performance \u2013 Aceleradora de Neg\u00f3cios e Resultados. Com ampla experi\u00eancia em gest\u00e3o financeira, or\u00e7amentos, planejamento estrat\u00e9gico, demonstra\u00e7\u00e3o de resultados, a administradora tamb\u00e9m domina \u00e1reas como an\u00e1lise de indicadores, controle de estoque, e demais segmentos administrativos.<\/p>\n<\/div><\/div><\/div><div class=\"destaque-governo\" style=\"margin-bottom: 1.25rem;\"><div class=\"perfil-redes-sociais\"><img decoding=\"async\" src=\"https:\/\/www.ce.gov.br\/hgf\/wp-content\/uploads\/sites\/26\/2023\/02\/Fotos-para-quem-\u00e9-quem-site-HGF-1.png\" alt=\"Regina Maria Monteiro de S\u00e1 Barreto\" class=\"governo-foto\"><div class=\"governo-redes-sociais\"><\/div><\/div><div class=\"governo-bio\"><div class=\"governo-orgao\">Dire\u00e7\u00e3o de Enfermagem<\/div><h3 class=\"governo-nome\">Regina Maria Monteiro de S\u00e1 Barreto<\/h3><div class=\"governo-bio-texto\"><p>Graduada pela Universidade de Fortaleza (Unifor), Regina \u00e9 enfermeira com especializa\u00e7\u00e3o em Obstetr\u00edcia, Perinatologia, Sa\u00fade\u00a0Reprodutiva e Educa\u00e7\u00e3o em Sa\u00fade.<\/p>\n<p>No HGF, atua h\u00e1 39 anos, tendo sido coordenadora de enfermagem do servi\u00e7o de Obstetr\u00edcia durante onze anos. Em 2019, assumiu a ger\u00eancia geral do servi\u00e7o de enfermagem, que, neste ano, passa a ser diretoria do hospital.<\/p>\n<\/div><\/div><\/div><div class=\"destaque-governo layout-alternating\" style=\"margin-bottom: 1.25rem;\"><div class=\"perfil-redes-sociais\"><img decoding=\"async\" src=\"https:\/\/www.ce.gov.br\/hgf\/wp-content\/uploads\/sites\/26\/2026\/02\/cristina_jorge.jpeg\" alt=\"Ant\u00f4nia Cristina Jorge\" class=\"governo-foto\"><div class=\"governo-redes-sociais\"><\/div><\/div><div class=\"governo-bio\"><div class=\"governo-orgao\">Dire\u00e7\u00e3o de Ensino e Pesquisa<\/div><h3 class=\"governo-nome\">Ant\u00f4nia Cristina Jorge<\/h3><div class=\"governo-bio-texto\"><p>Com carreira nas \u00e1reas de gest\u00e3o em sa\u00fade e educa\u00e7\u00e3o, ensino, pesquisa e assist\u00eancia, a profissional atuou na coordena\u00e7\u00e3o de pol\u00edticas e projetos na Secretaria da Sa\u00fade do Estado do Cear\u00e1 (Sesa), incluindo a Pol\u00edtica Estadual de Educa\u00e7\u00e3o Permanente em Sa\u00fade, a Pol\u00edtica Estadual de Humaniza\u00e7\u00e3o e o Projeto AcolheSUS. Exerceu a coordena\u00e7\u00e3o de programas de ensino, como a Educa\u00e7\u00e3o Permanente em Sa\u00fade no Hospital Geral de Fortaleza (HGF) e cursos para preceptores da Rede SESA. Adicionalmente, foi vice-coordenadora do curso de p\u00f3s-gradua\u00e7\u00e3o em Gest\u00e3o do Trabalho e da Educa\u00e7\u00e3o na Sa\u00fade (UECE\/ENSP\/Fiocruz).<\/p>\n<p>Na \u00e1rea acad\u00eamica e de consultoria, atuou como pesquisadora em projetos para a Sesa, a Universidade Federal de Santa Catarina (UFSC) e o Minist\u00e9rio da Sa\u00fade (PROFAE). Foi respons\u00e1vel pela elabora\u00e7\u00e3o de materiais did\u00e1ticos e curr\u00edculos para iniciativas como o projeto de coopera\u00e7\u00e3o Brasil-Canad\u00e1, QualiSUS Rede e os Cursos T\u00e9cnicos do programa ETEC-Brasil (MEC). Sua forma\u00e7\u00e3o inclui Mestrado em Educa\u00e7\u00e3o e cursos de p\u00f3s-gradua\u00e7\u00e3o em Gest\u00e3o de Sistemas e Servi\u00e7os de Sa\u00fade, Neuropsicologia, Terapia do Esquema e Educa\u00e7\u00e3o Profissional, al\u00e9m de outras forma\u00e7\u00f5es em psicologia, gest\u00e3o e metodologias de ensino.<\/p>\n<\/div><\/div><\/div><div class=\"div-listagem-cards-secretarios\"><div class=\"div-lista-cards secretarios-grid\"><\/div><\/div><\/div>","protected":false},"excerpt":{"rendered":"","protected":false},"author":41,"featured_media":0,"parent":0,"menu_order":0,"comment_status":"closed","ping_status":"closed","template":"page-secretarios.php","meta":{"_acf_changed":false,"inline_featured_image":false,"footnotes":""},"class_list":["post-8982","page","type-page","status-publish","hentry"],"acf":[],"yoast_head":"<!-- This site is optimized with the Yoast SEO plugin v27.3 - https:\/\/yoast.com\/product\/yoast-seo-wordpress\/ -->\n<title>Quem \u00e9 quem - Hospital Geral de Fortaleza (HGF)<\/title>\n<meta name=\"robots\" content=\"index, follow, max-snippet:-1, max-image-preview:large, max-video-preview:-1\" \/>\n<link rel=\"canonical\" href=\"https:\/\/ww16.ce.gov.br\/hgf\/quem-e-quem\/\" \/>\n<meta property=\"og:locale\" content=\"pt_BR\" \/>\n<meta property=\"og:type\" content=\"article\" \/>\n<meta property=\"og:title\" content=\"Quem \u00e9 quem - Hospital Geral de Fortaleza (HGF)\" \/>\n<meta property=\"og:url\" content=\"https:\/\/ww16.ce.gov.br\/hgf\/quem-e-quem\/\" \/>\n<meta property=\"og:site_name\" content=\"Hospital Geral de Fortaleza (HGF)\" \/>\n<meta property=\"article:modified_time\" content=\"2026-02-04T14:01:53+00:00\" \/>\n<meta name=\"twitter:card\" content=\"summary_large_image\" \/>\n<script type=\"application\/ld+json\" class=\"yoast-schema-graph\">{\"@context\":\"https:\\\/\\\/schema.org\",\"@graph\":[{\"@type\":\"WebPage\",\"@id\":\"https:\\\/\\\/ww16.ce.gov.br\\\/hgf\\\/quem-e-quem\\\/\",\"url\":\"https:\\\/\\\/ww16.ce.gov.br\\\/hgf\\\/quem-e-quem\\\/\",\"name\":\"Quem \u00e9 quem - Hospital Geral de Fortaleza (HGF)\",\"isPartOf\":{\"@id\":\"https:\\\/\\\/ww16.ce.gov.br\\\/hgf\\\/#website\"},\"datePublished\":\"2026-02-04T13:41:19+00:00\",\"dateModified\":\"2026-02-04T14:01:53+00:00\",\"breadcrumb\":{\"@id\":\"https:\\\/\\\/ww16.ce.gov.br\\\/hgf\\\/quem-e-quem\\\/#breadcrumb\"},\"inLanguage\":\"pt-BR\",\"potentialAction\":[{\"@type\":\"ReadAction\",\"target\":[\"https:\\\/\\\/ww16.ce.gov.br\\\/hgf\\\/quem-e-quem\\\/\"]}]},{\"@type\":\"BreadcrumbList\",\"@id\":\"https:\\\/\\\/ww16.ce.gov.br\\\/hgf\\\/quem-e-quem\\\/#breadcrumb\",\"itemListElement\":[{\"@type\":\"ListItem\",\"position\":1,\"name\":\"In\u00edcio\",\"item\":\"https:\\\/\\\/www.ce.gov.br\\\/hgf\\\/\"},{\"@type\":\"ListItem\",\"position\":2,\"name\":\"Quem \u00e9 quem\"}]},{\"@type\":\"WebSite\",\"@id\":\"https:\\\/\\\/ww16.ce.gov.br\\\/hgf\\\/#website\",\"url\":\"https:\\\/\\\/ww16.ce.gov.br\\\/hgf\\\/\",\"name\":\"Hospital Geral de Fortaleza (HGF)\",\"description\":\"Refer\u00eancia em tratamentos de alta complexidade no Estado do Cear\u00e1\",\"potentialAction\":[{\"@type\":\"SearchAction\",\"target\":{\"@type\":\"EntryPoint\",\"urlTemplate\":\"https:\\\/\\\/ww16.ce.gov.br\\\/hgf\\\/?s={search_term_string}\"},\"query-input\":{\"@type\":\"PropertyValueSpecification\",\"valueRequired\":true,\"valueName\":\"search_term_string\"}}],\"inLanguage\":\"pt-BR\"}]}<\/script>\n<!-- \/ Yoast SEO plugin. -->","yoast_head_json":{"title":"Quem \u00e9 quem - Hospital Geral de Fortaleza (HGF)","robots":{"index":"index","follow":"follow","max-snippet":"max-snippet:-1","max-image-preview":"max-image-preview:large","max-video-preview":"max-video-preview:-1"},"canonical":"https:\/\/ww16.ce.gov.br\/hgf\/quem-e-quem\/","og_locale":"pt_BR","og_type":"article","og_title":"Quem \u00e9 quem - Hospital Geral de Fortaleza (HGF)","og_url":"https:\/\/ww16.ce.gov.br\/hgf\/quem-e-quem\/","og_site_name":"Hospital Geral de Fortaleza (HGF)","article_modified_time":"2026-02-04T14:01:53+00:00","twitter_card":"summary_large_image","schema":{"@context":"https:\/\/schema.org","@graph":[{"@type":"WebPage","@id":"https:\/\/ww16.ce.gov.br\/hgf\/quem-e-quem\/","url":"https:\/\/ww16.ce.gov.br\/hgf\/quem-e-quem\/","name":"Quem \u00e9 quem - Hospital Geral de Fortaleza (HGF)","isPartOf":{"@id":"https:\/\/ww16.ce.gov.br\/hgf\/#website"},"datePublished":"2026-02-04T13:41:19+00:00","dateModified":"2026-02-04T14:01:53+00:00","breadcrumb":{"@id":"https:\/\/ww16.ce.gov.br\/hgf\/quem-e-quem\/#breadcrumb"},"inLanguage":"pt-BR","potentialAction":[{"@type":"ReadAction","target":["https:\/\/ww16.ce.gov.br\/hgf\/quem-e-quem\/"]}]},{"@type":"BreadcrumbList","@id":"https:\/\/ww16.ce.gov.br\/hgf\/quem-e-quem\/#breadcrumb","itemListElement":[{"@type":"ListItem","position":1,"name":"In\u00edcio","item":"https:\/\/www.ce.gov.br\/hgf\/"},{"@type":"ListItem","position":2,"name":"Quem \u00e9 quem"}]},{"@type":"WebSite","@id":"https:\/\/ww16.ce.gov.br\/hgf\/#website","url":"https:\/\/ww16.ce.gov.br\/hgf\/","name":"Hospital Geral de Fortaleza (HGF)","description":"Refer\u00eancia em tratamentos de alta complexidade no Estado do Cear\u00e1","potentialAction":[{"@type":"SearchAction","target":{"@type":"EntryPoint","urlTemplate":"https:\/\/ww16.ce.gov.br\/hgf\/?s={search_term_string}"},"query-input":{"@type":"PropertyValueSpecification","valueRequired":true,"valueName":"search_term_string"}}],"inLanguage":"pt-BR"}]}},"_links":{"self":[{"href":"https:\/\/www.ce.gov.br\/hgf\/wp-json\/wp\/v2\/pages\/8982","targetHints":{"allow":["GET"]}}],"collection":[{"href":"https:\/\/www.ce.gov.br\/hgf\/wp-json\/wp\/v2\/pages"}],"about":[{"href":"https:\/\/www.ce.gov.br\/hgf\/wp-json\/wp\/v2\/types\/page"}],"author":[{"embeddable":true,"href":"https:\/\/www.ce.gov.br\/hgf\/wp-json\/wp\/v2\/users\/41"}],"replies":[{"embeddable":true,"href":"https:\/\/www.ce.gov.br\/hgf\/wp-json\/wp\/v2\/comments?post=8982"}],"version-history":[{"count":3,"href":"https:\/\/www.ce.gov.br\/hgf\/wp-json\/wp\/v2\/pages\/8982\/revisions"}],"predecessor-version":[{"id":8993,"href":"https:\/\/www.ce.gov.br\/hgf\/wp-json\/wp\/v2\/pages\/8982\/revisions\/8993"}],"wp:attachment":[{"href":"https:\/\/www.ce.gov.br\/hgf\/wp-json\/wp\/v2\/media?parent=8982"}],"curies":[{"name":"wp","href":"https:\/\/api.w.org\/{rel}","templated":true}]}}