{"id":8994,"date":"2026-02-04T14:40:43","date_gmt":"2026-02-04T17:40:43","guid":{"rendered":"http:\/\/ww16.ce.gov.br\/hgf\/?page_id=8994"},"modified":"2026-05-06T16:03:52","modified_gmt":"2026-05-06T19:03:52","slug":"ramais","status":"publish","type":"page","link":"https:\/\/www.ce.gov.br\/hgf\/ramais\/","title":{"rendered":"Ramais"},"content":{"rendered":"\n<h2 class=\"wp-block-heading\">Lista telef\u00f4nica 2026<\/h2>\n\n\n\n<div class=\"wp-block-buttons is-layout-flex wp-block-buttons-is-layout-flex\">\n<div class=\"wp-block-button\"><a class=\"wp-block-button__link has-vivid-green-cyan-background-color has-background wp-element-button\" href=\"https:\/\/ww16.ce.gov.br\/hgf\/wp-content\/uploads\/sites\/26\/2026\/02\/LISTA-DE-telefones-14.01.26.pdf\">Acesse a lista aqui<\/a><\/div>\n<\/div>\n\n\n\n<p><\/p>\n\n\n\n<hr class=\"wp-block-separator has-alpha-channel-opacity is-style-default\"\/>\n\n\n\n<p><\/p>\n\n\n\n<h2 class=\"wp-block-heading\">N\u00facleo de Atendimento ao Cliente<\/h2>\n\n\n\n<p><strong>Hor\u00e1rios de funcionamento: <\/strong>segunda a sexta-feira, 7h \u00e0s 12h e 13h \u00e0s 16h<\/p>\n\n\n    <div class=\"wp-block-cegovbr-ramais\">\n                <form class=\"form-pesquisa-ramal ramais-search mb-4\" id=\"form-pesquisa-ramal\" role=\"search\" aria-label=\"Pesquisar ramais\">\n            <div class=\"ramais-search-row\">\n                <div class=\"ramais-search-input\">\n                    <label for=\"funcionario\" class=\"form-label visually-hidden\">Buscar ramal<\/label>\n                    <div class=\"ramais-input-wrapper\">\n                        <span class=\"material-symbols-outlined ramais-input-icon\" aria-hidden=\"true\">search<\/span>\n                        <input type=\"search\" class=\"form-control ramais-input\" name=\"funcionario\" id=\"funcionario\" placeholder=\"Busque ramal\" autocomplete=\"off\">\n                    <\/div>\n                <\/div>\n                <div class=\"ramais-search-button\">\n                    <button type=\"submit\" class=\"btn btn-ramal-buscar d-flex align-items-center justify-content-center\" title=\"Pesquisar ramal\">\n                        <span class=\"material-symbols-outlined ramais-btn-icon\" aria-hidden=\"true\">search<\/span>\n                        <span class=\"btn-ramal-text\" style=\"font-family: 'Kanit', sans-serif; font-weight: 400; font-style: normal; font-size: 1.25rem; line-height: 100%; letter-spacing: 0;\">Buscar<\/span>\n                    <\/button>\n                <\/div>\n            <\/div>\n        <\/form>\n                <div class=\"pgramais-header\">\n            <span>Setor<\/span>\n            <span> <\/span>\n            <span>Telefone<\/span>\n            <span>Demais n\u00fameros<\/span>\n        <\/div>\n        <div class=\"ramais-cards-wrapper\">\n                            <div class=\"ramal-card\">\n                    <div class=\"ramal-card-row\">\n                        <div class=\"ramal-setor\">Atendimento ao Cliente<\/div>\n                        <div class=\"ramal-numero\"> <\/div>\n                        <div class=\"ramal-coordenador\">(85) 98840-2054 (WhatsApp)<\/div>\n                        <div class=\"ramal-mais\" data-outros-ramais=\"(85) 3106-3978 \/ 3106-3979 \/ 3106-3980\">\n                                                        <button type=\"button\" class=\"ramal-ver-mais\" data-ramal-id=\"manual-0\" data-outros-ramais=\"(85) 3106-3978 \/ 3106-3979 \/ 3106-3980\">Mais informa\u00e7\u00f5es<\/button>\n                                                    <\/div>\n                    <\/div>\n                <\/div>\n                            <div class=\"ramal-card\">\n                    <div class=\"ramal-card-row\">\n                        <div class=\"ramal-setor\">Central de exames<\/div>\n                        <div class=\"ramal-numero\"> <\/div>\n                        <div class=\"ramal-coordenador\">(85) 99962-8293 (WhatsApp)<\/div>\n                        <div class=\"ramal-mais\" data-outros-ramais=\"\">\n                                                        <button type=\"button\" class=\"ramal-ver-mais\" data-ramal-id=\"manual-1\" data-outros-ramais=\"\">Mais informa\u00e7\u00f5es<\/button>\n                                                    <\/div>\n                    <\/div>\n                <\/div>\n                            <div class=\"ramal-card\">\n                    <div class=\"ramal-card-row\">\n                        <div class=\"ramal-setor\">Autoriza\u00e7\u00e3o de Interna\u00e7\u00e3o Hospitalar (AIH)<\/div>\n                        <div class=\"ramal-numero\"> <\/div>\n                        <div class=\"ramal-coordenador\">(85) 3106-3766<\/div>\n                        <div class=\"ramal-mais\" data-outros-ramais=\"\">\n                                                        <button type=\"button\" class=\"ramal-ver-mais\" data-ramal-id=\"manual-2\" data-outros-ramais=\"\">Mais informa\u00e7\u00f5es<\/button>\n                                                    <\/div>\n                    <\/div>\n                <\/div>\n                            <div class=\"ramal-card\">\n                    <div class=\"ramal-card-row\">\n                        <div class=\"ramal-setor\">Autoriza\u00e7\u00e3o de Interna\u00e7\u00e3o Hospitalar (AIH) \u2013 Admiss\u00e3o e alta<\/div>\n                        <div class=\"ramal-numero\"> <\/div>\n                        <div class=\"ramal-coordenador\">(85) 3106-3767<\/div>\n                        <div class=\"ramal-mais\" data-outros-ramais=\"\">\n                                                        <button type=\"button\" class=\"ramal-ver-mais\" data-ramal-id=\"manual-3\" data-outros-ramais=\"\">Mais informa\u00e7\u00f5es<\/button>\n                                                    <\/div>\n                    <\/div>\n                <\/div>\n                    <\/div>\n    <\/div>\n    ","protected":false},"excerpt":{"rendered":"<p>Lista telef\u00f4nica 2026 N\u00facleo de Atendimento ao Cliente Hor\u00e1rios de funcionamento: segunda a sexta-feira, 7h \u00e0s 12h e 13h \u00e0s 16h<\/p>\n","protected":false},"author":41,"featured_media":0,"parent":0,"menu_order":0,"comment_status":"closed","ping_status":"closed","template":"page-download.php","meta":{"_acf_changed":false,"inline_featured_image":false,"footnotes":""},"class_list":["post-8994","page","type-page","status-publish","hentry"],"acf":[],"yoast_head":"<!-- This site is optimized with the Yoast SEO plugin v27.3 - https:\/\/yoast.com\/product\/yoast-seo-wordpress\/ -->\n<title>Ramais - Hospital Geral de Fortaleza (HGF)<\/title>\n<meta name=\"robots\" content=\"index, follow, max-snippet:-1, max-image-preview:large, max-video-preview:-1\" \/>\n<link rel=\"canonical\" href=\"https:\/\/ww16.ce.gov.br\/hgf\/ramais\/\" \/>\n<meta property=\"og:locale\" content=\"pt_BR\" \/>\n<meta property=\"og:type\" content=\"article\" \/>\n<meta property=\"og:title\" content=\"Ramais - Hospital Geral de Fortaleza (HGF)\" \/>\n<meta property=\"og:description\" content=\"Lista telef\u00f4nica 2026 N\u00facleo de Atendimento ao Cliente Hor\u00e1rios de funcionamento: segunda a sexta-feira, 7h \u00e0s 12h e 13h \u00e0s 16h\" \/>\n<meta property=\"og:url\" content=\"https:\/\/ww16.ce.gov.br\/hgf\/ramais\/\" \/>\n<meta property=\"og:site_name\" content=\"Hospital Geral de Fortaleza (HGF)\" \/>\n<meta property=\"article:modified_time\" content=\"2026-05-06T19:03:52+00:00\" \/>\n<meta name=\"twitter:card\" content=\"summary_large_image\" \/>\n<meta name=\"twitter:label1\" content=\"Est. reading time\" \/>\n\t<meta name=\"twitter:data1\" content=\"1 minuto\" \/>\n<script type=\"application\/ld+json\" class=\"yoast-schema-graph\">{\"@context\":\"https:\\\/\\\/schema.org\",\"@graph\":[{\"@type\":\"WebPage\",\"@id\":\"https:\\\/\\\/ww16.ce.gov.br\\\/hgf\\\/ramais\\\/\",\"url\":\"https:\\\/\\\/ww16.ce.gov.br\\\/hgf\\\/ramais\\\/\",\"name\":\"Ramais - Hospital Geral de Fortaleza (HGF)\",\"isPartOf\":{\"@id\":\"https:\\\/\\\/ww16.ce.gov.br\\\/hgf\\\/#website\"},\"datePublished\":\"2026-02-04T17:40:43+00:00\",\"dateModified\":\"2026-05-06T19:03:52+00:00\",\"breadcrumb\":{\"@id\":\"https:\\\/\\\/ww16.ce.gov.br\\\/hgf\\\/ramais\\\/#breadcrumb\"},\"inLanguage\":\"pt-BR\",\"potentialAction\":[{\"@type\":\"ReadAction\",\"target\":[\"https:\\\/\\\/ww16.ce.gov.br\\\/hgf\\\/ramais\\\/\"]}]},{\"@type\":\"BreadcrumbList\",\"@id\":\"https:\\\/\\\/ww16.ce.gov.br\\\/hgf\\\/ramais\\\/#breadcrumb\",\"itemListElement\":[{\"@type\":\"ListItem\",\"position\":1,\"name\":\"In\u00edcio\",\"item\":\"https:\\\/\\\/www.ce.gov.br\\\/hgf\\\/\"},{\"@type\":\"ListItem\",\"position\":2,\"name\":\"Ramais\"}]},{\"@type\":\"WebSite\",\"@id\":\"https:\\\/\\\/ww16.ce.gov.br\\\/hgf\\\/#website\",\"url\":\"https:\\\/\\\/ww16.ce.gov.br\\\/hgf\\\/\",\"name\":\"Hospital Geral de Fortaleza (HGF)\",\"description\":\"Refer\u00eancia em tratamentos de alta complexidade no Estado do Cear\u00e1\",\"potentialAction\":[{\"@type\":\"SearchAction\",\"target\":{\"@type\":\"EntryPoint\",\"urlTemplate\":\"https:\\\/\\\/ww16.ce.gov.br\\\/hgf\\\/?s={search_term_string}\"},\"query-input\":{\"@type\":\"PropertyValueSpecification\",\"valueRequired\":true,\"valueName\":\"search_term_string\"}}],\"inLanguage\":\"pt-BR\"}]}<\/script>\n<!-- \/ Yoast SEO plugin. -->","yoast_head_json":{"title":"Ramais - Hospital Geral de Fortaleza (HGF)","robots":{"index":"index","follow":"follow","max-snippet":"max-snippet:-1","max-image-preview":"max-image-preview:large","max-video-preview":"max-video-preview:-1"},"canonical":"https:\/\/ww16.ce.gov.br\/hgf\/ramais\/","og_locale":"pt_BR","og_type":"article","og_title":"Ramais - Hospital Geral de Fortaleza (HGF)","og_description":"Lista telef\u00f4nica 2026 N\u00facleo de Atendimento ao Cliente Hor\u00e1rios de funcionamento: segunda a sexta-feira, 7h \u00e0s 12h e 13h \u00e0s 16h","og_url":"https:\/\/ww16.ce.gov.br\/hgf\/ramais\/","og_site_name":"Hospital Geral de Fortaleza (HGF)","article_modified_time":"2026-05-06T19:03:52+00:00","twitter_card":"summary_large_image","twitter_misc":{"Est. reading time":"1 minuto"},"schema":{"@context":"https:\/\/schema.org","@graph":[{"@type":"WebPage","@id":"https:\/\/ww16.ce.gov.br\/hgf\/ramais\/","url":"https:\/\/ww16.ce.gov.br\/hgf\/ramais\/","name":"Ramais - Hospital Geral de Fortaleza (HGF)","isPartOf":{"@id":"https:\/\/ww16.ce.gov.br\/hgf\/#website"},"datePublished":"2026-02-04T17:40:43+00:00","dateModified":"2026-05-06T19:03:52+00:00","breadcrumb":{"@id":"https:\/\/ww16.ce.gov.br\/hgf\/ramais\/#breadcrumb"},"inLanguage":"pt-BR","potentialAction":[{"@type":"ReadAction","target":["https:\/\/ww16.ce.gov.br\/hgf\/ramais\/"]}]},{"@type":"BreadcrumbList","@id":"https:\/\/ww16.ce.gov.br\/hgf\/ramais\/#breadcrumb","itemListElement":[{"@type":"ListItem","position":1,"name":"In\u00edcio","item":"https:\/\/www.ce.gov.br\/hgf\/"},{"@type":"ListItem","position":2,"name":"Ramais"}]},{"@type":"WebSite","@id":"https:\/\/ww16.ce.gov.br\/hgf\/#website","url":"https:\/\/ww16.ce.gov.br\/hgf\/","name":"Hospital Geral de Fortaleza (HGF)","description":"Refer\u00eancia em tratamentos de alta complexidade no Estado do Cear\u00e1","potentialAction":[{"@type":"SearchAction","target":{"@type":"EntryPoint","urlTemplate":"https:\/\/ww16.ce.gov.br\/hgf\/?s={search_term_string}"},"query-input":{"@type":"PropertyValueSpecification","valueRequired":true,"valueName":"search_term_string"}}],"inLanguage":"pt-BR"}]}},"_links":{"self":[{"href":"https:\/\/www.ce.gov.br\/hgf\/wp-json\/wp\/v2\/pages\/8994","targetHints":{"allow":["GET"]}}],"collection":[{"href":"https:\/\/www.ce.gov.br\/hgf\/wp-json\/wp\/v2\/pages"}],"about":[{"href":"https:\/\/www.ce.gov.br\/hgf\/wp-json\/wp\/v2\/types\/page"}],"author":[{"embeddable":true,"href":"https:\/\/www.ce.gov.br\/hgf\/wp-json\/wp\/v2\/users\/41"}],"replies":[{"embeddable":true,"href":"https:\/\/www.ce.gov.br\/hgf\/wp-json\/wp\/v2\/comments?post=8994"}],"version-history":[{"count":19,"href":"https:\/\/www.ce.gov.br\/hgf\/wp-json\/wp\/v2\/pages\/8994\/revisions"}],"predecessor-version":[{"id":9130,"href":"https:\/\/www.ce.gov.br\/hgf\/wp-json\/wp\/v2\/pages\/8994\/revisions\/9130"}],"wp:attachment":[{"href":"https:\/\/www.ce.gov.br\/hgf\/wp-json\/wp\/v2\/media?parent=8994"}],"curies":[{"name":"wp","href":"https:\/\/api.w.org\/{rel}","templated":true}]}}