{"id":9102,"date":"2026-02-06T14:16:03","date_gmt":"2026-02-06T17:16:03","guid":{"rendered":"http:\/\/ww16.ce.gov.br\/hgf\/?page_id=9102"},"modified":"2026-02-06T14:16:05","modified_gmt":"2026-02-06T17:16:05","slug":"relacao-de-informacoes-sigilosas","status":"publish","type":"page","link":"https:\/\/www.ce.gov.br\/hgf\/relacao-de-informacoes-sigilosas\/","title":{"rendered":"Rela\u00e7\u00e3o de informa\u00e7\u00f5es sigilosas"},"content":{"rendered":"\n<p>Em atendimento ao disposto no\u00a0<strong>art. 29 da Lei 15.175 de 28 de junho de 2012<\/strong>, o Comit\u00ea Setorial de Acesso \u00e0 Informa\u00e7\u00e3o da Secretaria da Sa\u00fade do Estado do Cear\u00e1 informa que esta\u00a0<strong>N\u00c3O<\/strong>\u00a0possui rol de documentos classificados como sigilosos.<\/p>\n","protected":false},"excerpt":{"rendered":"<p>Em atendimento ao disposto no\u00a0art. 29 da Lei 15.175 de 28 de junho de 2012, o Comit\u00ea Setorial de Acesso \u00e0 Informa\u00e7\u00e3o da Secretaria da Sa\u00fade do Estado do Cear\u00e1 informa que esta\u00a0N\u00c3O\u00a0possui rol de documentos classificados como sigilosos.<\/p>\n","protected":false},"author":41,"featured_media":0,"parent":0,"menu_order":0,"comment_status":"closed","ping_status":"closed","template":"page-relacao-de-informacao-sigilosa.php","meta":{"_acf_changed":false,"inline_featured_image":false,"footnotes":""},"class_list":["post-9102","page","type-page","status-publish","hentry"],"acf":[],"yoast_head":"<!-- This site is optimized with the Yoast SEO plugin v27.3 - https:\/\/yoast.com\/product\/yoast-seo-wordpress\/ -->\n<title>Rela\u00e7\u00e3o de informa\u00e7\u00f5es sigilosas - Hospital Geral de Fortaleza (HGF)<\/title>\n<meta name=\"robots\" content=\"index, follow, max-snippet:-1, max-image-preview:large, max-video-preview:-1\" \/>\n<link rel=\"canonical\" href=\"https:\/\/ww16.ce.gov.br\/hgf\/relacao-de-informacoes-sigilosas\/\" \/>\n<meta property=\"og:locale\" content=\"pt_BR\" \/>\n<meta property=\"og:type\" content=\"article\" \/>\n<meta property=\"og:title\" content=\"Rela\u00e7\u00e3o de informa\u00e7\u00f5es sigilosas - Hospital Geral de Fortaleza (HGF)\" \/>\n<meta property=\"og:description\" content=\"Em atendimento ao disposto no\u00a0art. 29 da Lei 15.175 de 28 de junho de 2012, o Comit\u00ea Setorial de Acesso \u00e0 Informa\u00e7\u00e3o da Secretaria da Sa\u00fade do Estado do Cear\u00e1 informa que esta\u00a0N\u00c3O\u00a0possui rol de documentos classificados como sigilosos.\" \/>\n<meta property=\"og:url\" content=\"https:\/\/ww16.ce.gov.br\/hgf\/relacao-de-informacoes-sigilosas\/\" \/>\n<meta property=\"og:site_name\" content=\"Hospital Geral de Fortaleza (HGF)\" \/>\n<meta property=\"article:modified_time\" content=\"2026-02-06T17:16:05+00:00\" \/>\n<meta name=\"twitter:card\" content=\"summary_large_image\" \/>\n<meta name=\"twitter:label1\" content=\"Est. reading time\" \/>\n\t<meta name=\"twitter:data1\" content=\"1 minuto\" \/>\n<script type=\"application\/ld+json\" class=\"yoast-schema-graph\">{\"@context\":\"https:\\\/\\\/schema.org\",\"@graph\":[{\"@type\":\"WebPage\",\"@id\":\"https:\\\/\\\/ww16.ce.gov.br\\\/hgf\\\/relacao-de-informacoes-sigilosas\\\/\",\"url\":\"https:\\\/\\\/ww16.ce.gov.br\\\/hgf\\\/relacao-de-informacoes-sigilosas\\\/\",\"name\":\"Rela\u00e7\u00e3o de informa\u00e7\u00f5es sigilosas - Hospital Geral de Fortaleza (HGF)\",\"isPartOf\":{\"@id\":\"https:\\\/\\\/ww16.ce.gov.br\\\/hgf\\\/#website\"},\"datePublished\":\"2026-02-06T17:16:03+00:00\",\"dateModified\":\"2026-02-06T17:16:05+00:00\",\"breadcrumb\":{\"@id\":\"https:\\\/\\\/ww16.ce.gov.br\\\/hgf\\\/relacao-de-informacoes-sigilosas\\\/#breadcrumb\"},\"inLanguage\":\"pt-BR\",\"potentialAction\":[{\"@type\":\"ReadAction\",\"target\":[\"https:\\\/\\\/ww16.ce.gov.br\\\/hgf\\\/relacao-de-informacoes-sigilosas\\\/\"]}]},{\"@type\":\"BreadcrumbList\",\"@id\":\"https:\\\/\\\/ww16.ce.gov.br\\\/hgf\\\/relacao-de-informacoes-sigilosas\\\/#breadcrumb\",\"itemListElement\":[{\"@type\":\"ListItem\",\"position\":1,\"name\":\"In\u00edcio\",\"item\":\"https:\\\/\\\/www.ce.gov.br\\\/hgf\\\/\"},{\"@type\":\"ListItem\",\"position\":2,\"name\":\"Rela\u00e7\u00e3o de informa\u00e7\u00f5es sigilosas\"}]},{\"@type\":\"WebSite\",\"@id\":\"https:\\\/\\\/ww16.ce.gov.br\\\/hgf\\\/#website\",\"url\":\"https:\\\/\\\/ww16.ce.gov.br\\\/hgf\\\/\",\"name\":\"Hospital Geral de Fortaleza (HGF)\",\"description\":\"Refer\u00eancia em tratamentos de alta complexidade no Estado do Cear\u00e1\",\"potentialAction\":[{\"@type\":\"SearchAction\",\"target\":{\"@type\":\"EntryPoint\",\"urlTemplate\":\"https:\\\/\\\/ww16.ce.gov.br\\\/hgf\\\/?s={search_term_string}\"},\"query-input\":{\"@type\":\"PropertyValueSpecification\",\"valueRequired\":true,\"valueName\":\"search_term_string\"}}],\"inLanguage\":\"pt-BR\"}]}<\/script>\n<!-- \/ Yoast SEO plugin. -->","yoast_head_json":{"title":"Rela\u00e7\u00e3o de informa\u00e7\u00f5es sigilosas - Hospital Geral de Fortaleza (HGF)","robots":{"index":"index","follow":"follow","max-snippet":"max-snippet:-1","max-image-preview":"max-image-preview:large","max-video-preview":"max-video-preview:-1"},"canonical":"https:\/\/ww16.ce.gov.br\/hgf\/relacao-de-informacoes-sigilosas\/","og_locale":"pt_BR","og_type":"article","og_title":"Rela\u00e7\u00e3o de informa\u00e7\u00f5es sigilosas - Hospital Geral de Fortaleza (HGF)","og_description":"Em atendimento ao disposto no\u00a0art. 29 da Lei 15.175 de 28 de junho de 2012, o Comit\u00ea Setorial de Acesso \u00e0 Informa\u00e7\u00e3o da Secretaria da Sa\u00fade do Estado do Cear\u00e1 informa que esta\u00a0N\u00c3O\u00a0possui rol de documentos classificados como sigilosos.","og_url":"https:\/\/ww16.ce.gov.br\/hgf\/relacao-de-informacoes-sigilosas\/","og_site_name":"Hospital Geral de Fortaleza (HGF)","article_modified_time":"2026-02-06T17:16:05+00:00","twitter_card":"summary_large_image","twitter_misc":{"Est. reading time":"1 minuto"},"schema":{"@context":"https:\/\/schema.org","@graph":[{"@type":"WebPage","@id":"https:\/\/ww16.ce.gov.br\/hgf\/relacao-de-informacoes-sigilosas\/","url":"https:\/\/ww16.ce.gov.br\/hgf\/relacao-de-informacoes-sigilosas\/","name":"Rela\u00e7\u00e3o de informa\u00e7\u00f5es sigilosas - Hospital Geral de Fortaleza (HGF)","isPartOf":{"@id":"https:\/\/ww16.ce.gov.br\/hgf\/#website"},"datePublished":"2026-02-06T17:16:03+00:00","dateModified":"2026-02-06T17:16:05+00:00","breadcrumb":{"@id":"https:\/\/ww16.ce.gov.br\/hgf\/relacao-de-informacoes-sigilosas\/#breadcrumb"},"inLanguage":"pt-BR","potentialAction":[{"@type":"ReadAction","target":["https:\/\/ww16.ce.gov.br\/hgf\/relacao-de-informacoes-sigilosas\/"]}]},{"@type":"BreadcrumbList","@id":"https:\/\/ww16.ce.gov.br\/hgf\/relacao-de-informacoes-sigilosas\/#breadcrumb","itemListElement":[{"@type":"ListItem","position":1,"name":"In\u00edcio","item":"https:\/\/www.ce.gov.br\/hgf\/"},{"@type":"ListItem","position":2,"name":"Rela\u00e7\u00e3o de informa\u00e7\u00f5es sigilosas"}]},{"@type":"WebSite","@id":"https:\/\/ww16.ce.gov.br\/hgf\/#website","url":"https:\/\/ww16.ce.gov.br\/hgf\/","name":"Hospital Geral de Fortaleza (HGF)","description":"Refer\u00eancia em tratamentos de alta complexidade no Estado do Cear\u00e1","potentialAction":[{"@type":"SearchAction","target":{"@type":"EntryPoint","urlTemplate":"https:\/\/ww16.ce.gov.br\/hgf\/?s={search_term_string}"},"query-input":{"@type":"PropertyValueSpecification","valueRequired":true,"valueName":"search_term_string"}}],"inLanguage":"pt-BR"}]}},"_links":{"self":[{"href":"https:\/\/www.ce.gov.br\/hgf\/wp-json\/wp\/v2\/pages\/9102","targetHints":{"allow":["GET"]}}],"collection":[{"href":"https:\/\/www.ce.gov.br\/hgf\/wp-json\/wp\/v2\/pages"}],"about":[{"href":"https:\/\/www.ce.gov.br\/hgf\/wp-json\/wp\/v2\/types\/page"}],"author":[{"embeddable":true,"href":"https:\/\/www.ce.gov.br\/hgf\/wp-json\/wp\/v2\/users\/41"}],"replies":[{"embeddable":true,"href":"https:\/\/www.ce.gov.br\/hgf\/wp-json\/wp\/v2\/comments?post=9102"}],"version-history":[{"count":1,"href":"https:\/\/www.ce.gov.br\/hgf\/wp-json\/wp\/v2\/pages\/9102\/revisions"}],"predecessor-version":[{"id":9104,"href":"https:\/\/www.ce.gov.br\/hgf\/wp-json\/wp\/v2\/pages\/9102\/revisions\/9104"}],"wp:attachment":[{"href":"https:\/\/www.ce.gov.br\/hgf\/wp-json\/wp\/v2\/media?parent=9102"}],"curies":[{"name":"wp","href":"https:\/\/api.w.org\/{rel}","templated":true}]}}