{"id":9105,"date":"2026-02-06T14:23:49","date_gmt":"2026-02-06T17:23:49","guid":{"rendered":"http:\/\/ww16.ce.gov.br\/hgf\/?page_id=9105"},"modified":"2026-02-06T14:55:12","modified_gmt":"2026-02-06T17:55:12","slug":"comite-setorial-de-acesso-a-informacao","status":"publish","type":"page","link":"https:\/\/www.ce.gov.br\/hgf\/comite-setorial-de-acesso-a-informacao\/","title":{"rendered":"Comit\u00ea Setorial de Acesso \u00e0 Informa\u00e7\u00e3o"},"content":{"rendered":"\n<p><\/p>\n\n\n\n<p><strong>Jo\u00e9lia Rodrigues da Silva<\/strong><\/p>\n\n\n\n<p><em>Coordenadora de Desenvolvimento Institucional e Planejamento<\/em><\/p>\n\n\n\n<p><strong>Contato:<\/strong>&nbsp;(85) 3101-5187<\/p>\n\n\n\n<p><strong>E-mail:<\/strong>&nbsp;joelia.rodrigues@saude.ce.gov.br<\/p>\n\n\n\n<div style=\"height:31px\" aria-hidden=\"true\" class=\"wp-block-spacer\"><\/div>\n\n\n\n<p><strong>M\u00e1rcia Maria Moror\u00f3 Monteiro Muniz<\/strong><\/p>\n\n\n\n<p><em>Ouvidora Setorial<\/em><\/p>\n\n\n\n<p><strong>Contato:<\/strong>&nbsp;(85) 3101-5226<\/p>\n\n\n\n<p><strong>E-mail:&nbsp;<\/strong>marcia.monteiro@saude.ce.gov.br<\/p>\n\n\n\n<div style=\"height:31px\" aria-hidden=\"true\" class=\"wp-block-spacer\"><\/div>\n\n\n\n<p><strong>Valniza Ara\u00fajo da Silva<\/strong><\/p>\n\n\n\n<p><em>Respons\u00e1vel pelo Servi\u00e7o de Informa\u00e7\u00e3o ao Cidad\u00e3o \u2013 SIC<\/em><\/p>\n\n\n\n<p><strong>Contato:&nbsp;<\/strong>(85) 3101-5227<\/p>\n\n\n\n<p><strong>E-mail:&nbsp;<\/strong>valniza.silva@saude.ce.gov.br<\/p>\n\n\n\n<div style=\"height:31px\" aria-hidden=\"true\" class=\"wp-block-spacer\"><\/div>\n\n\n\n<p><strong>K\u00e9lvia Maria Oliveira Borges<\/strong><\/p>\n\n\n\n<p><em>Assessora da Secretaria Executiva de Vigil\u00e2ncia em Sa\u00fade<\/em><\/p>\n\n\n\n<p><strong>Contato:&nbsp;<\/strong>(85) 3101.5275<\/p>\n\n\n\n<p><strong>E-mail:&nbsp;<\/strong>kelvia.oliveira@saude.ce.gov.br.<\/p>\n","protected":false},"excerpt":{"rendered":"<p>Jo\u00e9lia Rodrigues da Silva Coordenadora de Desenvolvimento Institucional e Planejamento Contato:&nbsp;(85) 3101-5187 E-mail:&nbsp;joelia.rodrigues@saude.ce.gov.br M\u00e1rcia Maria Moror\u00f3 Monteiro Muniz Ouvidora Setorial Contato:&nbsp;(85) 3101-5226 E-mail:&nbsp;marcia.monteiro@saude.ce.gov.br Valniza Ara\u00fajo da Silva Respons\u00e1vel pelo Servi\u00e7o de Informa\u00e7\u00e3o ao Cidad\u00e3o \u2013 SIC Contato:&nbsp;(85) 3101-5227 E-mail:&nbsp;valniza.silva@saude.ce.gov.br K\u00e9lvia Maria Oliveira Borges Assessora da Secretaria Executiva de Vigil\u00e2ncia em Sa\u00fade Contato:&nbsp;(85) 3101.5275 E-mail:&nbsp;kelvia.oliveira@saude.ce.gov.br.<\/p>\n","protected":false},"author":41,"featured_media":0,"parent":0,"menu_order":0,"comment_status":"closed","ping_status":"closed","template":"page-comite-setorial.php","meta":{"_acf_changed":false,"inline_featured_image":false,"footnotes":""},"class_list":["post-9105","page","type-page","status-publish","hentry"],"acf":[],"yoast_head":"<!-- This site is optimized with the Yoast SEO plugin v27.3 - https:\/\/yoast.com\/product\/yoast-seo-wordpress\/ -->\n<title>Comit\u00ea Setorial de Acesso \u00e0 Informa\u00e7\u00e3o - Hospital Geral de Fortaleza (HGF)<\/title>\n<meta name=\"robots\" content=\"index, follow, max-snippet:-1, max-image-preview:large, max-video-preview:-1\" \/>\n<link rel=\"canonical\" href=\"https:\/\/ww16.ce.gov.br\/hgf\/comite-setorial-de-acesso-a-informacao\/\" \/>\n<meta property=\"og:locale\" content=\"pt_BR\" \/>\n<meta property=\"og:type\" content=\"article\" \/>\n<meta property=\"og:title\" content=\"Comit\u00ea Setorial de Acesso \u00e0 Informa\u00e7\u00e3o - Hospital Geral de Fortaleza (HGF)\" \/>\n<meta property=\"og:description\" content=\"Jo\u00e9lia Rodrigues da Silva Coordenadora de Desenvolvimento Institucional e Planejamento Contato:&nbsp;(85) 3101-5187 E-mail:&nbsp;joelia.rodrigues@saude.ce.gov.br M\u00e1rcia Maria Moror\u00f3 Monteiro Muniz Ouvidora Setorial Contato:&nbsp;(85) 3101-5226 E-mail:&nbsp;marcia.monteiro@saude.ce.gov.br Valniza Ara\u00fajo da Silva Respons\u00e1vel pelo Servi\u00e7o de Informa\u00e7\u00e3o ao Cidad\u00e3o \u2013 SIC Contato:&nbsp;(85) 3101-5227 E-mail:&nbsp;valniza.silva@saude.ce.gov.br K\u00e9lvia Maria Oliveira Borges Assessora da Secretaria Executiva de Vigil\u00e2ncia em Sa\u00fade Contato:&nbsp;(85) 3101.5275 E-mail:&nbsp;kelvia.oliveira@saude.ce.gov.br.\" \/>\n<meta property=\"og:url\" content=\"https:\/\/ww16.ce.gov.br\/hgf\/comite-setorial-de-acesso-a-informacao\/\" \/>\n<meta property=\"og:site_name\" content=\"Hospital Geral de Fortaleza (HGF)\" \/>\n<meta property=\"article:modified_time\" content=\"2026-02-06T17:55:12+00:00\" \/>\n<meta name=\"twitter:card\" content=\"summary_large_image\" \/>\n<meta name=\"twitter:label1\" content=\"Est. reading time\" \/>\n\t<meta name=\"twitter:data1\" content=\"1 minuto\" \/>\n<script type=\"application\/ld+json\" class=\"yoast-schema-graph\">{\"@context\":\"https:\\\/\\\/schema.org\",\"@graph\":[{\"@type\":\"WebPage\",\"@id\":\"https:\\\/\\\/ww16.ce.gov.br\\\/hgf\\\/comite-setorial-de-acesso-a-informacao\\\/\",\"url\":\"https:\\\/\\\/ww16.ce.gov.br\\\/hgf\\\/comite-setorial-de-acesso-a-informacao\\\/\",\"name\":\"Comit\u00ea Setorial de Acesso \u00e0 Informa\u00e7\u00e3o - Hospital Geral de Fortaleza (HGF)\",\"isPartOf\":{\"@id\":\"https:\\\/\\\/ww16.ce.gov.br\\\/hgf\\\/#website\"},\"datePublished\":\"2026-02-06T17:23:49+00:00\",\"dateModified\":\"2026-02-06T17:55:12+00:00\",\"breadcrumb\":{\"@id\":\"https:\\\/\\\/ww16.ce.gov.br\\\/hgf\\\/comite-setorial-de-acesso-a-informacao\\\/#breadcrumb\"},\"inLanguage\":\"pt-BR\",\"potentialAction\":[{\"@type\":\"ReadAction\",\"target\":[\"https:\\\/\\\/ww16.ce.gov.br\\\/hgf\\\/comite-setorial-de-acesso-a-informacao\\\/\"]}]},{\"@type\":\"BreadcrumbList\",\"@id\":\"https:\\\/\\\/ww16.ce.gov.br\\\/hgf\\\/comite-setorial-de-acesso-a-informacao\\\/#breadcrumb\",\"itemListElement\":[{\"@type\":\"ListItem\",\"position\":1,\"name\":\"In\u00edcio\",\"item\":\"https:\\\/\\\/www.ce.gov.br\\\/hgf\\\/\"},{\"@type\":\"ListItem\",\"position\":2,\"name\":\"Comit\u00ea Setorial de Acesso \u00e0 Informa\u00e7\u00e3o\"}]},{\"@type\":\"WebSite\",\"@id\":\"https:\\\/\\\/ww16.ce.gov.br\\\/hgf\\\/#website\",\"url\":\"https:\\\/\\\/ww16.ce.gov.br\\\/hgf\\\/\",\"name\":\"Hospital Geral de Fortaleza (HGF)\",\"description\":\"Refer\u00eancia em tratamentos de alta complexidade no Estado do Cear\u00e1\",\"potentialAction\":[{\"@type\":\"SearchAction\",\"target\":{\"@type\":\"EntryPoint\",\"urlTemplate\":\"https:\\\/\\\/ww16.ce.gov.br\\\/hgf\\\/?s={search_term_string}\"},\"query-input\":{\"@type\":\"PropertyValueSpecification\",\"valueRequired\":true,\"valueName\":\"search_term_string\"}}],\"inLanguage\":\"pt-BR\"}]}<\/script>\n<!-- \/ Yoast SEO plugin. -->","yoast_head_json":{"title":"Comit\u00ea Setorial de Acesso \u00e0 Informa\u00e7\u00e3o - Hospital Geral de Fortaleza (HGF)","robots":{"index":"index","follow":"follow","max-snippet":"max-snippet:-1","max-image-preview":"max-image-preview:large","max-video-preview":"max-video-preview:-1"},"canonical":"https:\/\/ww16.ce.gov.br\/hgf\/comite-setorial-de-acesso-a-informacao\/","og_locale":"pt_BR","og_type":"article","og_title":"Comit\u00ea Setorial de Acesso \u00e0 Informa\u00e7\u00e3o - Hospital Geral de Fortaleza (HGF)","og_description":"Jo\u00e9lia Rodrigues da Silva Coordenadora de Desenvolvimento Institucional e Planejamento Contato:&nbsp;(85) 3101-5187 E-mail:&nbsp;joelia.rodrigues@saude.ce.gov.br M\u00e1rcia Maria Moror\u00f3 Monteiro Muniz Ouvidora Setorial Contato:&nbsp;(85) 3101-5226 E-mail:&nbsp;marcia.monteiro@saude.ce.gov.br Valniza Ara\u00fajo da Silva Respons\u00e1vel pelo Servi\u00e7o de Informa\u00e7\u00e3o ao Cidad\u00e3o \u2013 SIC Contato:&nbsp;(85) 3101-5227 E-mail:&nbsp;valniza.silva@saude.ce.gov.br K\u00e9lvia Maria Oliveira Borges Assessora da Secretaria Executiva de Vigil\u00e2ncia em Sa\u00fade Contato:&nbsp;(85) 3101.5275 E-mail:&nbsp;kelvia.oliveira@saude.ce.gov.br.","og_url":"https:\/\/ww16.ce.gov.br\/hgf\/comite-setorial-de-acesso-a-informacao\/","og_site_name":"Hospital Geral de Fortaleza (HGF)","article_modified_time":"2026-02-06T17:55:12+00:00","twitter_card":"summary_large_image","twitter_misc":{"Est. reading time":"1 minuto"},"schema":{"@context":"https:\/\/schema.org","@graph":[{"@type":"WebPage","@id":"https:\/\/ww16.ce.gov.br\/hgf\/comite-setorial-de-acesso-a-informacao\/","url":"https:\/\/ww16.ce.gov.br\/hgf\/comite-setorial-de-acesso-a-informacao\/","name":"Comit\u00ea Setorial de Acesso \u00e0 Informa\u00e7\u00e3o - Hospital Geral de Fortaleza (HGF)","isPartOf":{"@id":"https:\/\/ww16.ce.gov.br\/hgf\/#website"},"datePublished":"2026-02-06T17:23:49+00:00","dateModified":"2026-02-06T17:55:12+00:00","breadcrumb":{"@id":"https:\/\/ww16.ce.gov.br\/hgf\/comite-setorial-de-acesso-a-informacao\/#breadcrumb"},"inLanguage":"pt-BR","potentialAction":[{"@type":"ReadAction","target":["https:\/\/ww16.ce.gov.br\/hgf\/comite-setorial-de-acesso-a-informacao\/"]}]},{"@type":"BreadcrumbList","@id":"https:\/\/ww16.ce.gov.br\/hgf\/comite-setorial-de-acesso-a-informacao\/#breadcrumb","itemListElement":[{"@type":"ListItem","position":1,"name":"In\u00edcio","item":"https:\/\/www.ce.gov.br\/hgf\/"},{"@type":"ListItem","position":2,"name":"Comit\u00ea Setorial de Acesso \u00e0 Informa\u00e7\u00e3o"}]},{"@type":"WebSite","@id":"https:\/\/ww16.ce.gov.br\/hgf\/#website","url":"https:\/\/ww16.ce.gov.br\/hgf\/","name":"Hospital Geral de Fortaleza (HGF)","description":"Refer\u00eancia em tratamentos de alta complexidade no Estado do Cear\u00e1","potentialAction":[{"@type":"SearchAction","target":{"@type":"EntryPoint","urlTemplate":"https:\/\/ww16.ce.gov.br\/hgf\/?s={search_term_string}"},"query-input":{"@type":"PropertyValueSpecification","valueRequired":true,"valueName":"search_term_string"}}],"inLanguage":"pt-BR"}]}},"_links":{"self":[{"href":"https:\/\/www.ce.gov.br\/hgf\/wp-json\/wp\/v2\/pages\/9105","targetHints":{"allow":["GET"]}}],"collection":[{"href":"https:\/\/www.ce.gov.br\/hgf\/wp-json\/wp\/v2\/pages"}],"about":[{"href":"https:\/\/www.ce.gov.br\/hgf\/wp-json\/wp\/v2\/types\/page"}],"author":[{"embeddable":true,"href":"https:\/\/www.ce.gov.br\/hgf\/wp-json\/wp\/v2\/users\/41"}],"replies":[{"embeddable":true,"href":"https:\/\/www.ce.gov.br\/hgf\/wp-json\/wp\/v2\/comments?post=9105"}],"version-history":[{"count":4,"href":"https:\/\/www.ce.gov.br\/hgf\/wp-json\/wp\/v2\/pages\/9105\/revisions"}],"predecessor-version":[{"id":9120,"href":"https:\/\/www.ce.gov.br\/hgf\/wp-json\/wp\/v2\/pages\/9105\/revisions\/9120"}],"wp:attachment":[{"href":"https:\/\/www.ce.gov.br\/hgf\/wp-json\/wp\/v2\/media?parent=9105"}],"curies":[{"name":"wp","href":"https:\/\/api.w.org\/{rel}","templated":true}]}}