{"id":2745,"date":"2022-10-11T13:41:13","date_gmt":"2022-10-11T16:41:13","guid":{"rendered":"http:\/\/ww16.ce.gov.br\/hm\/?page_id=2745"},"modified":"2022-10-11T15:28:28","modified_gmt":"2022-10-11T18:28:28","slug":"programas-de-reabilitacao","status":"publish","type":"page","link":"https:\/\/www.ce.gov.br\/hm\/programas-de-reabilitacao\/","title":{"rendered":"Programas de Reabilita\u00e7\u00e3o"},"content":{"rendered":"<p><strong>Reabilita\u00e7\u00e3o Card\u00edaca<\/strong><\/p>\n<p>A Reabilita\u00e7\u00e3o Card\u00edaca, do Hospital de Messejana, iniciou suas atividades em 2009 atrav\u00e9s de um projeto piloto com foco na reabilita\u00e7\u00e3o de pacientes transplantados card\u00edacos. Os resultados fortaleceram a proposta de expandir o programa para outras categorias de pacientes, tais como: pacientes com insufici\u00eancia card\u00edaca, doen\u00e7a arterial coronariana e com valvopatias.<br \/>\n&nbsp;<br \/>\nO acesso ao programa se d\u00e1 atrav\u00e9s de encaminhamento m\u00e9dico diretamente. No setor, o paciente recebe acolhimento e abordagem multiprofissional que envolve fisioterapeutas, psic\u00f3logos e nutricionistas.<br \/>\n&nbsp;<br \/>\nAo longo de 20 semanas de sess\u00f5es semanais, focadas no <strong>condicionamento f\u00edsico<\/strong> e <strong>combate aos fatores de risco<\/strong>, os participantes alcan\u00e7am resultados positivos da <strong>qualidade de vida<\/strong>, <strong>melhora funcional e retorno laboral<\/strong>. Os desfechos cl\u00ednicos s\u00e3o monitorados atrav\u00e9s de indicadores de resultados e indicadores de ades\u00e3o ao programa.<br \/>\n&nbsp;<br \/>\nCentenas de pacientes j\u00e1 foram reabilitados, no modelo contempor\u00e2neo de reabilita\u00e7\u00e3o, com a utiliza\u00e7\u00e3o de ferramentas de avalia\u00e7\u00e3o de baixo custo, que envolvem n\u00e3o somente o <strong>exerc\u00edcio f\u00edsico<\/strong>, mas tamb\u00e9m <strong>educa\u00e7\u00e3o em sa\u00fade<\/strong>. Atualmente, o Programa de Reabilita\u00e7\u00e3o do Hospital de Messejana faz parte de uma rede colaborativa internacional e participa de um Registro Internacional de Reabilita\u00e7\u00e3o Card\u00edaca, atrav\u00e9s do Conselho Internacional de Preven\u00e7\u00e3o e Reabilita\u00e7\u00e3o Cardiovascular (Canad\u00e1), com objetivo de melhorar seus desfechos e entrega \u00e0 popula\u00e7\u00e3o.<br \/>\n&nbsp;<\/p>\n<p><strong>Reabilita\u00e7\u00e3o Pulmonar<\/strong><\/p>\n<p>O Programa de Reabilita\u00e7\u00e3o Pulmonar do Hospital de Messejana surgiu em 1999. Por meio de exposi\u00e7\u00e3o te\u00f3rica de car\u00e1ter informativo e educativo, de <strong>programas de exerc\u00edcios adequados, adaptados<\/strong> a cada paciente com doen\u00e7as pulmonares.<br \/>\n&nbsp;<br \/>\nO paciente ingressa no programa pela indica\u00e7\u00e3o do m\u00e9dico. Em seguida, passa por uma triagem realizada pela equipe multiprofissional, composta por terapeuta ocupacional, fisioterapeuta, enfermeiro, assistente social, nutricionista e psic\u00f3loga.<br \/>\n&nbsp;<br \/>\nOs benef\u00edcios para a sa\u00fade dos pacientes s\u00e3o gerados por explana\u00e7\u00f5es e debates aliados a atividades f\u00edsicas bem executadas. Os exerc\u00edcios aumentam a <strong>capacidade de trabalho card\u00edaco<\/strong>, a <strong>efici\u00eancia dos pulm\u00f5es e a capacidade dos m\u00fasculos<\/strong>, levando um melhor desempenho do paciente em todas as atividades cotidianas, aumentando habilidades de autoajuda e proporcionando uma <strong>melhor expectativa de vida<\/strong>.<\/p>\n","protected":false},"excerpt":{"rendered":"<p>Reabilita\u00e7\u00e3o Card\u00edaca A Reabilita\u00e7\u00e3o Card\u00edaca, do Hospital de Messejana, iniciou suas atividades em 2009 atrav\u00e9s de um projeto piloto com foco na reabilita\u00e7\u00e3o de pacientes transplantados card\u00edacos. Os resultados fortaleceram a proposta de expandir o programa para outras categorias de pacientes, tais como: pacientes com insufici\u00eancia card\u00edaca, doen\u00e7a arterial coronariana e com valvopatias. &nbsp; O [&hellip;]<\/p>\n","protected":false},"author":249,"featured_media":0,"parent":0,"menu_order":0,"comment_status":"closed","ping_status":"closed","template":"","meta":{"_acf_changed":false,"inline_featured_image":false,"footnotes":""},"class_list":["post-2745","page","type-page","status-publish","hentry"],"acf":[],"yoast_head":"<!-- This site is optimized with the Yoast SEO plugin v27.3 - https:\/\/yoast.com\/product\/yoast-seo-wordpress\/ -->\n<title>Programas de Reabilita\u00e7\u00e3o - Hospital de Messejana<\/title>\n<meta name=\"robots\" content=\"index, follow, max-snippet:-1, max-image-preview:large, max-video-preview:-1\" \/>\n<link rel=\"canonical\" href=\"https:\/\/ww16.ce.gov.br\/hm\/programas-de-reabilitacao\/\" \/>\n<meta property=\"og:locale\" content=\"pt_BR\" \/>\n<meta property=\"og:type\" content=\"article\" \/>\n<meta property=\"og:title\" content=\"Programas de Reabilita\u00e7\u00e3o - Hospital de Messejana\" \/>\n<meta property=\"og:description\" content=\"Reabilita\u00e7\u00e3o Card\u00edaca A Reabilita\u00e7\u00e3o Card\u00edaca, do Hospital de Messejana, iniciou suas atividades em 2009 atrav\u00e9s de um projeto piloto com foco na reabilita\u00e7\u00e3o de pacientes transplantados card\u00edacos. Os resultados fortaleceram a proposta de expandir o programa para outras categorias de pacientes, tais como: pacientes com insufici\u00eancia card\u00edaca, doen\u00e7a arterial coronariana e com valvopatias. &nbsp; O [&hellip;]\" \/>\n<meta property=\"og:url\" content=\"https:\/\/ww16.ce.gov.br\/hm\/programas-de-reabilitacao\/\" \/>\n<meta property=\"og:site_name\" content=\"Hospital de Messejana\" \/>\n<meta property=\"article:modified_time\" content=\"2022-10-11T18:28:28+00:00\" \/>\n<meta name=\"twitter:card\" content=\"summary_large_image\" \/>\n<meta name=\"twitter:label1\" content=\"Est. reading time\" \/>\n\t<meta name=\"twitter:data1\" content=\"2 minutos\" \/>\n<script type=\"application\/ld+json\" class=\"yoast-schema-graph\">{\"@context\":\"https:\\\/\\\/schema.org\",\"@graph\":[{\"@type\":\"WebPage\",\"@id\":\"https:\\\/\\\/ww16.ce.gov.br\\\/hm\\\/programas-de-reabilitacao\\\/\",\"url\":\"https:\\\/\\\/ww16.ce.gov.br\\\/hm\\\/programas-de-reabilitacao\\\/\",\"name\":\"Programas de Reabilita\u00e7\u00e3o - Hospital de Messejana\",\"isPartOf\":{\"@id\":\"https:\\\/\\\/ww16.ce.gov.br\\\/hm\\\/#website\"},\"datePublished\":\"2022-10-11T16:41:13+00:00\",\"dateModified\":\"2022-10-11T18:28:28+00:00\",\"breadcrumb\":{\"@id\":\"https:\\\/\\\/ww16.ce.gov.br\\\/hm\\\/programas-de-reabilitacao\\\/#breadcrumb\"},\"inLanguage\":\"pt-BR\",\"potentialAction\":[{\"@type\":\"ReadAction\",\"target\":[\"https:\\\/\\\/ww16.ce.gov.br\\\/hm\\\/programas-de-reabilitacao\\\/\"]}]},{\"@type\":\"BreadcrumbList\",\"@id\":\"https:\\\/\\\/ww16.ce.gov.br\\\/hm\\\/programas-de-reabilitacao\\\/#breadcrumb\",\"itemListElement\":[{\"@type\":\"ListItem\",\"position\":1,\"name\":\"In\u00edcio\",\"item\":\"https:\\\/\\\/ww16.ce.gov.br\\\/hm\\\/\"},{\"@type\":\"ListItem\",\"position\":2,\"name\":\"Programas de Reabilita\u00e7\u00e3o\"}]},{\"@type\":\"WebSite\",\"@id\":\"https:\\\/\\\/ww16.ce.gov.br\\\/hm\\\/#website\",\"url\":\"https:\\\/\\\/ww16.ce.gov.br\\\/hm\\\/\",\"name\":\"Hospital de Messejana\",\"description\":\"Modelo Padr\u00e3o do Estado\",\"potentialAction\":[{\"@type\":\"SearchAction\",\"target\":{\"@type\":\"EntryPoint\",\"urlTemplate\":\"https:\\\/\\\/ww16.ce.gov.br\\\/hm\\\/?s={search_term_string}\"},\"query-input\":{\"@type\":\"PropertyValueSpecification\",\"valueRequired\":true,\"valueName\":\"search_term_string\"}}],\"inLanguage\":\"pt-BR\"}]}<\/script>\n<!-- \/ Yoast SEO plugin. -->","yoast_head_json":{"title":"Programas de Reabilita\u00e7\u00e3o - Hospital de Messejana","robots":{"index":"index","follow":"follow","max-snippet":"max-snippet:-1","max-image-preview":"max-image-preview:large","max-video-preview":"max-video-preview:-1"},"canonical":"https:\/\/ww16.ce.gov.br\/hm\/programas-de-reabilitacao\/","og_locale":"pt_BR","og_type":"article","og_title":"Programas de Reabilita\u00e7\u00e3o - Hospital de Messejana","og_description":"Reabilita\u00e7\u00e3o Card\u00edaca A Reabilita\u00e7\u00e3o Card\u00edaca, do Hospital de Messejana, iniciou suas atividades em 2009 atrav\u00e9s de um projeto piloto com foco na reabilita\u00e7\u00e3o de pacientes transplantados card\u00edacos. Os resultados fortaleceram a proposta de expandir o programa para outras categorias de pacientes, tais como: pacientes com insufici\u00eancia card\u00edaca, doen\u00e7a arterial coronariana e com valvopatias. &nbsp; O [&hellip;]","og_url":"https:\/\/ww16.ce.gov.br\/hm\/programas-de-reabilitacao\/","og_site_name":"Hospital de Messejana","article_modified_time":"2022-10-11T18:28:28+00:00","twitter_card":"summary_large_image","twitter_misc":{"Est. reading time":"2 minutos"},"schema":{"@context":"https:\/\/schema.org","@graph":[{"@type":"WebPage","@id":"https:\/\/ww16.ce.gov.br\/hm\/programas-de-reabilitacao\/","url":"https:\/\/ww16.ce.gov.br\/hm\/programas-de-reabilitacao\/","name":"Programas de Reabilita\u00e7\u00e3o - Hospital de Messejana","isPartOf":{"@id":"https:\/\/ww16.ce.gov.br\/hm\/#website"},"datePublished":"2022-10-11T16:41:13+00:00","dateModified":"2022-10-11T18:28:28+00:00","breadcrumb":{"@id":"https:\/\/ww16.ce.gov.br\/hm\/programas-de-reabilitacao\/#breadcrumb"},"inLanguage":"pt-BR","potentialAction":[{"@type":"ReadAction","target":["https:\/\/ww16.ce.gov.br\/hm\/programas-de-reabilitacao\/"]}]},{"@type":"BreadcrumbList","@id":"https:\/\/ww16.ce.gov.br\/hm\/programas-de-reabilitacao\/#breadcrumb","itemListElement":[{"@type":"ListItem","position":1,"name":"In\u00edcio","item":"https:\/\/ww16.ce.gov.br\/hm\/"},{"@type":"ListItem","position":2,"name":"Programas de Reabilita\u00e7\u00e3o"}]},{"@type":"WebSite","@id":"https:\/\/ww16.ce.gov.br\/hm\/#website","url":"https:\/\/ww16.ce.gov.br\/hm\/","name":"Hospital de Messejana","description":"Modelo Padr\u00e3o do Estado","potentialAction":[{"@type":"SearchAction","target":{"@type":"EntryPoint","urlTemplate":"https:\/\/ww16.ce.gov.br\/hm\/?s={search_term_string}"},"query-input":{"@type":"PropertyValueSpecification","valueRequired":true,"valueName":"search_term_string"}}],"inLanguage":"pt-BR"}]}},"_links":{"self":[{"href":"https:\/\/www.ce.gov.br\/hm\/wp-json\/wp\/v2\/pages\/2745","targetHints":{"allow":["GET"]}}],"collection":[{"href":"https:\/\/www.ce.gov.br\/hm\/wp-json\/wp\/v2\/pages"}],"about":[{"href":"https:\/\/www.ce.gov.br\/hm\/wp-json\/wp\/v2\/types\/page"}],"author":[{"embeddable":true,"href":"https:\/\/www.ce.gov.br\/hm\/wp-json\/wp\/v2\/users\/249"}],"replies":[{"embeddable":true,"href":"https:\/\/www.ce.gov.br\/hm\/wp-json\/wp\/v2\/comments?post=2745"}],"version-history":[{"count":12,"href":"https:\/\/www.ce.gov.br\/hm\/wp-json\/wp\/v2\/pages\/2745\/revisions"}],"predecessor-version":[{"id":2763,"href":"https:\/\/www.ce.gov.br\/hm\/wp-json\/wp\/v2\/pages\/2745\/revisions\/2763"}],"wp:attachment":[{"href":"https:\/\/www.ce.gov.br\/hm\/wp-json\/wp\/v2\/media?parent=2745"}],"curies":[{"name":"wp","href":"https:\/\/api.w.org\/{rel}","templated":true}]}}