{"id":4463,"date":"2026-02-06T11:41:08","date_gmt":"2026-02-06T14:41:08","guid":{"rendered":"http:\/\/ww16.ce.gov.br\/hm\/?page_id=4463"},"modified":"2026-02-06T11:41:10","modified_gmt":"2026-02-06T14:41:10","slug":"nucleo-de-comunicacao","status":"publish","type":"page","link":"https:\/\/www.ce.gov.br\/hm\/nucleo-de-comunicacao\/","title":{"rendered":"N\u00facleo de Comunica\u00e7\u00e3o"},"content":{"rendered":"    <div class=\"nucleo-comunicacao-grid\">\n                                <div class=\"nucleo-item\">\n                <div class=\"nucleo-orgao-header\">\n                                            <h3>Hospital de Messejana<\/h3>\n                                                                <h4>Secretaria da Sa\u00fade<\/h4>\n                                    <\/div>\n                \n                <div class=\"nucleo-pessoa-info\">\n                                            <p>Assessoria de Comunica\u00e7\u00e3o e Imprensa<\/p>\n                                        <p><strong>Jessica Fortes<\/strong><\/p>\n                <\/div>\n\n                <a href=\"#\" class=\"nucleo-contact-info\" \n                   data-orgao=\"Hospital de Messejana\"\n                   data-orgao-desc=\"Secretaria da Sa\u00fade\"\n                   data-cargo=\"Assessoria de Comunica\u00e7\u00e3o e Imprensa\"\n                   data-nome=\"Jessica Fortes\"\n                   data-tel=\"(85) 3125-9625\"\n                   data-email=\"comunicacao.hm@gmail.com\">\n                   Informa\u00e7\u00f5es de contato\n                <\/a>\n            <\/div>\n                                <div class=\"nucleo-item\">\n                <div class=\"nucleo-orgao-header\">\n                                            <h3>Hospital de Messejana<\/h3>\n                                                                <h4>Secretaria de Sa\u00fade<\/h4>\n                                    <\/div>\n                \n                <div class=\"nucleo-pessoa-info\">\n                                            <p>Publicit\u00e1ria<\/p>\n                                        <p><strong>Priscila Sousa<\/strong><\/p>\n                <\/div>\n\n                <a href=\"#\" class=\"nucleo-contact-info\" \n                   data-orgao=\"Hospital de Messejana\"\n                   data-orgao-desc=\"Secretaria de Sa\u00fade\"\n                   data-cargo=\"Publicit\u00e1ria\"\n                   data-nome=\"Priscila Sousa\"\n                   data-tel=\"\"\n                   data-email=\"priscila.sousa@hm.ce.gov.br\">\n                   Informa\u00e7\u00f5es de contato\n                <\/a>\n            <\/div>\n            <\/div>\n\n<div id=\"nucleo-modal-overlay\" class=\"nucleo-modal-overlay\"><\/div>\n<div id=\"nucleo-modal\" class=\"nucleo-modal\">\n    <div class=\"nucleo-modal-header\">\n        <div>\n            <h3 id=\"nucleo-modal-title\"><\/h3>\n            <p id=\"nucleo-modal-orgao-desc\" class=\"nucleo-modal-orgao-desc\"><\/p>\n        <\/div>\n        <button id=\"nucleo-modal-close-x\" class=\"nucleo-modal-close-x\">&times;<\/button>\n    <\/div>\n    <div class=\"nucleo-modal-body\">\n        <div class=\"modal-section modal-pessoa-info\">\n            <p id=\"nucleo-modal-cargo\"><\/p>\n            <p id=\"nucleo-modal-nome\"><\/p>\n        <\/div>\n        <div class=\"modal-section modal-contato-info\">\n            <div class=\"contato-item\">\n                <h4>Email<\/h4>\n                <p id=\"nucleo-modal-email\"><\/p>\n            <\/div>\n            <div class=\"contato-item\">\n                <h4>Telefone<\/h4>\n                <p id=\"nucleo-modal-tel\"><\/p>\n            <\/div>\n        <\/div>\n    <\/div>\n\n<\/div>\n","protected":false},"excerpt":{"rendered":"","protected":false},"author":38,"featured_media":0,"parent":0,"menu_order":0,"comment_status":"closed","ping_status":"closed","template":"page-ramais.php","meta":{"_acf_changed":false,"inline_featured_image":false,"footnotes":""},"class_list":["post-4463","page","type-page","status-publish","hentry"],"acf":[],"yoast_head":"<!-- This site is optimized with the Yoast SEO plugin v27.3 - https:\/\/yoast.com\/product\/yoast-seo-wordpress\/ -->\n<title>N\u00facleo de Comunica\u00e7\u00e3o - Hospital de Messejana<\/title>\n<meta name=\"robots\" content=\"index, follow, max-snippet:-1, max-image-preview:large, max-video-preview:-1\" \/>\n<link rel=\"canonical\" href=\"https:\/\/ww16.ce.gov.br\/hm\/nucleo-de-comunicacao\/\" \/>\n<meta property=\"og:locale\" content=\"pt_BR\" \/>\n<meta property=\"og:type\" content=\"article\" \/>\n<meta property=\"og:title\" content=\"N\u00facleo de Comunica\u00e7\u00e3o - Hospital de Messejana\" \/>\n<meta property=\"og:url\" content=\"https:\/\/ww16.ce.gov.br\/hm\/nucleo-de-comunicacao\/\" \/>\n<meta property=\"og:site_name\" content=\"Hospital de Messejana\" \/>\n<meta property=\"article:modified_time\" content=\"2026-02-06T14:41:10+00:00\" \/>\n<meta name=\"twitter:card\" content=\"summary_large_image\" \/>\n<script type=\"application\/ld+json\" class=\"yoast-schema-graph\">{\"@context\":\"https:\\\/\\\/schema.org\",\"@graph\":[{\"@type\":\"WebPage\",\"@id\":\"https:\\\/\\\/ww16.ce.gov.br\\\/hm\\\/nucleo-de-comunicacao\\\/\",\"url\":\"https:\\\/\\\/ww16.ce.gov.br\\\/hm\\\/nucleo-de-comunicacao\\\/\",\"name\":\"N\u00facleo de Comunica\u00e7\u00e3o - Hospital de Messejana\",\"isPartOf\":{\"@id\":\"https:\\\/\\\/ww16.ce.gov.br\\\/hm\\\/#website\"},\"datePublished\":\"2026-02-06T14:41:08+00:00\",\"dateModified\":\"2026-02-06T14:41:10+00:00\",\"breadcrumb\":{\"@id\":\"https:\\\/\\\/ww16.ce.gov.br\\\/hm\\\/nucleo-de-comunicacao\\\/#breadcrumb\"},\"inLanguage\":\"pt-BR\",\"potentialAction\":[{\"@type\":\"ReadAction\",\"target\":[\"https:\\\/\\\/ww16.ce.gov.br\\\/hm\\\/nucleo-de-comunicacao\\\/\"]}]},{\"@type\":\"BreadcrumbList\",\"@id\":\"https:\\\/\\\/ww16.ce.gov.br\\\/hm\\\/nucleo-de-comunicacao\\\/#breadcrumb\",\"itemListElement\":[{\"@type\":\"ListItem\",\"position\":1,\"name\":\"In\u00edcio\",\"item\":\"https:\\\/\\\/ww16.ce.gov.br\\\/hm\\\/\"},{\"@type\":\"ListItem\",\"position\":2,\"name\":\"N\u00facleo de Comunica\u00e7\u00e3o\"}]},{\"@type\":\"WebSite\",\"@id\":\"https:\\\/\\\/ww16.ce.gov.br\\\/hm\\\/#website\",\"url\":\"https:\\\/\\\/ww16.ce.gov.br\\\/hm\\\/\",\"name\":\"Hospital de Messejana\",\"description\":\"Modelo Padr\u00e3o do Estado\",\"potentialAction\":[{\"@type\":\"SearchAction\",\"target\":{\"@type\":\"EntryPoint\",\"urlTemplate\":\"https:\\\/\\\/ww16.ce.gov.br\\\/hm\\\/?s={search_term_string}\"},\"query-input\":{\"@type\":\"PropertyValueSpecification\",\"valueRequired\":true,\"valueName\":\"search_term_string\"}}],\"inLanguage\":\"pt-BR\"}]}<\/script>\n<!-- \/ Yoast SEO plugin. -->","yoast_head_json":{"title":"N\u00facleo de Comunica\u00e7\u00e3o - Hospital de Messejana","robots":{"index":"index","follow":"follow","max-snippet":"max-snippet:-1","max-image-preview":"max-image-preview:large","max-video-preview":"max-video-preview:-1"},"canonical":"https:\/\/ww16.ce.gov.br\/hm\/nucleo-de-comunicacao\/","og_locale":"pt_BR","og_type":"article","og_title":"N\u00facleo de Comunica\u00e7\u00e3o - Hospital de Messejana","og_url":"https:\/\/ww16.ce.gov.br\/hm\/nucleo-de-comunicacao\/","og_site_name":"Hospital de Messejana","article_modified_time":"2026-02-06T14:41:10+00:00","twitter_card":"summary_large_image","schema":{"@context":"https:\/\/schema.org","@graph":[{"@type":"WebPage","@id":"https:\/\/ww16.ce.gov.br\/hm\/nucleo-de-comunicacao\/","url":"https:\/\/ww16.ce.gov.br\/hm\/nucleo-de-comunicacao\/","name":"N\u00facleo de Comunica\u00e7\u00e3o - Hospital de Messejana","isPartOf":{"@id":"https:\/\/ww16.ce.gov.br\/hm\/#website"},"datePublished":"2026-02-06T14:41:08+00:00","dateModified":"2026-02-06T14:41:10+00:00","breadcrumb":{"@id":"https:\/\/ww16.ce.gov.br\/hm\/nucleo-de-comunicacao\/#breadcrumb"},"inLanguage":"pt-BR","potentialAction":[{"@type":"ReadAction","target":["https:\/\/ww16.ce.gov.br\/hm\/nucleo-de-comunicacao\/"]}]},{"@type":"BreadcrumbList","@id":"https:\/\/ww16.ce.gov.br\/hm\/nucleo-de-comunicacao\/#breadcrumb","itemListElement":[{"@type":"ListItem","position":1,"name":"In\u00edcio","item":"https:\/\/ww16.ce.gov.br\/hm\/"},{"@type":"ListItem","position":2,"name":"N\u00facleo de Comunica\u00e7\u00e3o"}]},{"@type":"WebSite","@id":"https:\/\/ww16.ce.gov.br\/hm\/#website","url":"https:\/\/ww16.ce.gov.br\/hm\/","name":"Hospital de Messejana","description":"Modelo Padr\u00e3o do Estado","potentialAction":[{"@type":"SearchAction","target":{"@type":"EntryPoint","urlTemplate":"https:\/\/ww16.ce.gov.br\/hm\/?s={search_term_string}"},"query-input":{"@type":"PropertyValueSpecification","valueRequired":true,"valueName":"search_term_string"}}],"inLanguage":"pt-BR"}]}},"_links":{"self":[{"href":"https:\/\/www.ce.gov.br\/hm\/wp-json\/wp\/v2\/pages\/4463","targetHints":{"allow":["GET"]}}],"collection":[{"href":"https:\/\/www.ce.gov.br\/hm\/wp-json\/wp\/v2\/pages"}],"about":[{"href":"https:\/\/www.ce.gov.br\/hm\/wp-json\/wp\/v2\/types\/page"}],"author":[{"embeddable":true,"href":"https:\/\/www.ce.gov.br\/hm\/wp-json\/wp\/v2\/users\/38"}],"replies":[{"embeddable":true,"href":"https:\/\/www.ce.gov.br\/hm\/wp-json\/wp\/v2\/comments?post=4463"}],"version-history":[{"count":1,"href":"https:\/\/www.ce.gov.br\/hm\/wp-json\/wp\/v2\/pages\/4463\/revisions"}],"predecessor-version":[{"id":4775,"href":"https:\/\/www.ce.gov.br\/hm\/wp-json\/wp\/v2\/pages\/4463\/revisions\/4775"}],"wp:attachment":[{"href":"https:\/\/www.ce.gov.br\/hm\/wp-json\/wp\/v2\/media?parent=4463"}],"curies":[{"name":"wp","href":"https:\/\/api.w.org\/{rel}","templated":true}]}}