{"id":4492,"date":"2026-02-04T13:19:50","date_gmt":"2026-02-04T16:19:50","guid":{"rendered":"http:\/\/ww16.ce.gov.br\/hm\/?page_id=4492"},"modified":"2026-02-04T13:43:53","modified_gmt":"2026-02-04T16:43:53","slug":"ramais","status":"publish","type":"page","link":"https:\/\/www.ce.gov.br\/hm\/ramais\/","title":{"rendered":"Ramais"},"content":{"rendered":"    <div class=\"wp-block-cegovbr-ramais\">\n                <form class=\"form-pesquisa-ramal ramais-search mb-4\" id=\"form-pesquisa-ramal\" role=\"search\" aria-label=\"Pesquisar ramais\">\n            <div class=\"ramais-search-row\">\n                <div class=\"ramais-search-input\">\n                    <label for=\"funcionario\" class=\"form-label visually-hidden\">Buscar ramal<\/label>\n                    <div class=\"ramais-input-wrapper\">\n                        <span class=\"material-symbols-outlined ramais-input-icon\" aria-hidden=\"true\">search<\/span>\n                        <input type=\"search\" class=\"form-control ramais-input\" name=\"funcionario\" id=\"funcionario\" placeholder=\"Busque ramal\" autocomplete=\"off\">\n                    <\/div>\n                <\/div>\n                <div class=\"ramais-search-button\">\n                    <button type=\"submit\" class=\"btn btn-ramal-buscar d-flex align-items-center justify-content-center\" title=\"Pesquisar ramal\">\n                        <span class=\"material-symbols-outlined ramais-btn-icon\" aria-hidden=\"true\">search<\/span>\n                        <span class=\"btn-ramal-text\" style=\"font-family: 'Kanit', sans-serif; font-weight: 400; font-style: normal; font-size: 1.25rem; line-height: 100%; letter-spacing: 0;\">Buscar<\/span>\n                    <\/button>\n                <\/div>\n            <\/div>\n        <\/form>\n                <div class=\"pgramais-header\">\n            <span>Setor<\/span>\n            <span>Ramal<\/span>\n            <span>Coordenador<\/span>\n            <span>Outros ramais<\/span>\n        <\/div>\n        <div class=\"ramais-cards-wrapper\">\n                            <div class=\"ramal-card\">\n                    <div class=\"ramal-card-row\">\n                        <div class=\"ramal-setor\">Assessoria de Comunica\u00e7\u00e3o e Imprensa<\/div>\n                        <div class=\"ramal-numero\">(85) 3125-9625<\/div>\n                        <div class=\"ramal-coordenador\">Jessica Fortes<\/div>\n                        <div class=\"ramal-mais\" data-outros-ramais=\"\">\n                                                        <button type=\"button\" class=\"ramal-ver-mais\" data-ramal-id=\"manual-0\" data-outros-ramais=\"\">Mais informa\u00e7\u00f5es<\/button>\n                                                    <\/div>\n                    <\/div>\n                <\/div>\n                            <div class=\"ramal-card\">\n                    <div class=\"ramal-card-row\">\n                        <div class=\"ramal-setor\">Centro de Estudos (CEAP)<\/div>\n                        <div class=\"ramal-numero\">(85) 3106-4276<\/div>\n                        <div class=\"ramal-coordenador\">Filadelfo Rodrigues<\/div>\n                        <div class=\"ramal-mais\" data-outros-ramais=\"(85) 3106-4277\n(85) 3125-9619\n(85) 3125-9616\n(85) 3125-9615\n\n\n\">\n                                                        <button type=\"button\" class=\"ramal-ver-mais\" data-ramal-id=\"manual-1\" data-outros-ramais=\"(85) 3106-4277\n(85) 3125-9619\n(85) 3125-9616\n(85) 3125-9615\n\n\n\">Mais informa\u00e7\u00f5es<\/button>\n                                                    <\/div>\n                    <\/div>\n                <\/div>\n                            <div class=\"ramal-card\">\n                    <div class=\"ramal-card-row\">\n                        <div class=\"ramal-setor\">Dire\u00e7\u00e3o Administrativa<\/div>\n                        <div class=\"ramal-numero\">(85) 3125-9726<\/div>\n                        <div class=\"ramal-coordenador\">Joel Dantas Miranda<\/div>\n                        <div class=\"ramal-mais\" data-outros-ramais=\"(85) 3125-9725\">\n                                                        <button type=\"button\" class=\"ramal-ver-mais\" data-ramal-id=\"manual-2\" data-outros-ramais=\"(85) 3125-9725\">Mais informa\u00e7\u00f5es<\/button>\n                                                    <\/div>\n                    <\/div>\n                <\/div>\n                            <div class=\"ramal-card\">\n                    <div class=\"ramal-card-row\">\n                        <div class=\"ramal-setor\">Dire\u00e7\u00e3o M\u00e9dica<\/div>\n                        <div class=\"ramal-numero\">(85) 3125-9723<\/div>\n                        <div class=\"ramal-coordenador\">Isabel Cristina Leite Maia<\/div>\n                        <div class=\"ramal-mais\" data-outros-ramais=\"\">\n                                                        <button type=\"button\" class=\"ramal-ver-mais\" data-ramal-id=\"manual-3\" data-outros-ramais=\"\">Mais informa\u00e7\u00f5es<\/button>\n                                                    <\/div>\n                    <\/div>\n                <\/div>\n                            <div class=\"ramal-card\">\n                    <div class=\"ramal-card-row\">\n                        <div class=\"ramal-setor\">Dire\u00e7\u00e3o T\u00e9cnica<\/div>\n                        <div class=\"ramal-numero\">(85) 3125-9724<\/div>\n                        <div class=\"ramal-coordenador\">\u00c2ngela Rocha Mapurunga<\/div>\n                        <div class=\"ramal-mais\" data-outros-ramais=\"\">\n                                                        <button type=\"button\" class=\"ramal-ver-mais\" data-ramal-id=\"manual-4\" data-outros-ramais=\"\">Mais informa\u00e7\u00f5es<\/button>\n                                                    <\/div>\n                    <\/div>\n                <\/div>\n                            <div class=\"ramal-card\">\n                    <div class=\"ramal-card-row\">\n                        <div class=\"ramal-setor\">N\u00facleo de Atendimento ao Cliente (NAC)<\/div>\n                        <div class=\"ramal-numero\">(85) 3125-9674<\/div>\n                        <div class=\"ramal-coordenador\">F\u00e1tima Cavalcante<\/div>\n                        <div class=\"ramal-mais\" data-outros-ramais=\"(85) 3125-9676\n(85) 3125-9675\">\n                                                        <button type=\"button\" class=\"ramal-ver-mais\" data-ramal-id=\"manual-5\" data-outros-ramais=\"(85) 3125-9676\n(85) 3125-9675\">Mais informa\u00e7\u00f5es<\/button>\n                                                    <\/div>\n                    <\/div>\n                <\/div>\n                    <\/div>\n    <\/div>\n    \n\n\n<p><\/p>\n","protected":false},"excerpt":{"rendered":"","protected":false},"author":38,"featured_media":0,"parent":0,"menu_order":0,"comment_status":"closed","ping_status":"closed","template":"page-model-padrao.php","meta":{"_acf_changed":false,"inline_featured_image":false,"footnotes":""},"class_list":["post-4492","page","type-page","status-publish","hentry"],"acf":[],"yoast_head":"<!-- This site is optimized with the Yoast SEO plugin v27.3 - https:\/\/yoast.com\/product\/yoast-seo-wordpress\/ -->\n<title>Ramais - Hospital de Messejana<\/title>\n<meta name=\"robots\" content=\"index, follow, max-snippet:-1, max-image-preview:large, max-video-preview:-1\" \/>\n<link rel=\"canonical\" href=\"https:\/\/ww16.ce.gov.br\/hm\/ramais\/\" \/>\n<meta property=\"og:locale\" content=\"pt_BR\" \/>\n<meta property=\"og:type\" content=\"article\" \/>\n<meta property=\"og:title\" content=\"Ramais - Hospital de Messejana\" \/>\n<meta property=\"og:url\" content=\"https:\/\/ww16.ce.gov.br\/hm\/ramais\/\" \/>\n<meta property=\"og:site_name\" content=\"Hospital de Messejana\" \/>\n<meta property=\"article:modified_time\" content=\"2026-02-04T16:43:53+00:00\" \/>\n<meta name=\"twitter:card\" content=\"summary_large_image\" \/>\n<script type=\"application\/ld+json\" class=\"yoast-schema-graph\">{\"@context\":\"https:\\\/\\\/schema.org\",\"@graph\":[{\"@type\":\"WebPage\",\"@id\":\"https:\\\/\\\/ww16.ce.gov.br\\\/hm\\\/ramais\\\/\",\"url\":\"https:\\\/\\\/ww16.ce.gov.br\\\/hm\\\/ramais\\\/\",\"name\":\"Ramais - Hospital de Messejana\",\"isPartOf\":{\"@id\":\"https:\\\/\\\/ww16.ce.gov.br\\\/hm\\\/#website\"},\"datePublished\":\"2026-02-04T16:19:50+00:00\",\"dateModified\":\"2026-02-04T16:43:53+00:00\",\"breadcrumb\":{\"@id\":\"https:\\\/\\\/ww16.ce.gov.br\\\/hm\\\/ramais\\\/#breadcrumb\"},\"inLanguage\":\"pt-BR\",\"potentialAction\":[{\"@type\":\"ReadAction\",\"target\":[\"https:\\\/\\\/ww16.ce.gov.br\\\/hm\\\/ramais\\\/\"]}]},{\"@type\":\"BreadcrumbList\",\"@id\":\"https:\\\/\\\/ww16.ce.gov.br\\\/hm\\\/ramais\\\/#breadcrumb\",\"itemListElement\":[{\"@type\":\"ListItem\",\"position\":1,\"name\":\"In\u00edcio\",\"item\":\"https:\\\/\\\/ww16.ce.gov.br\\\/hm\\\/\"},{\"@type\":\"ListItem\",\"position\":2,\"name\":\"Ramais\"}]},{\"@type\":\"WebSite\",\"@id\":\"https:\\\/\\\/ww16.ce.gov.br\\\/hm\\\/#website\",\"url\":\"https:\\\/\\\/ww16.ce.gov.br\\\/hm\\\/\",\"name\":\"Hospital de Messejana\",\"description\":\"Modelo Padr\u00e3o do Estado\",\"potentialAction\":[{\"@type\":\"SearchAction\",\"target\":{\"@type\":\"EntryPoint\",\"urlTemplate\":\"https:\\\/\\\/ww16.ce.gov.br\\\/hm\\\/?s={search_term_string}\"},\"query-input\":{\"@type\":\"PropertyValueSpecification\",\"valueRequired\":true,\"valueName\":\"search_term_string\"}}],\"inLanguage\":\"pt-BR\"}]}<\/script>\n<!-- \/ Yoast SEO plugin. -->","yoast_head_json":{"title":"Ramais - Hospital de Messejana","robots":{"index":"index","follow":"follow","max-snippet":"max-snippet:-1","max-image-preview":"max-image-preview:large","max-video-preview":"max-video-preview:-1"},"canonical":"https:\/\/ww16.ce.gov.br\/hm\/ramais\/","og_locale":"pt_BR","og_type":"article","og_title":"Ramais - Hospital de Messejana","og_url":"https:\/\/ww16.ce.gov.br\/hm\/ramais\/","og_site_name":"Hospital de Messejana","article_modified_time":"2026-02-04T16:43:53+00:00","twitter_card":"summary_large_image","schema":{"@context":"https:\/\/schema.org","@graph":[{"@type":"WebPage","@id":"https:\/\/ww16.ce.gov.br\/hm\/ramais\/","url":"https:\/\/ww16.ce.gov.br\/hm\/ramais\/","name":"Ramais - Hospital de Messejana","isPartOf":{"@id":"https:\/\/ww16.ce.gov.br\/hm\/#website"},"datePublished":"2026-02-04T16:19:50+00:00","dateModified":"2026-02-04T16:43:53+00:00","breadcrumb":{"@id":"https:\/\/ww16.ce.gov.br\/hm\/ramais\/#breadcrumb"},"inLanguage":"pt-BR","potentialAction":[{"@type":"ReadAction","target":["https:\/\/ww16.ce.gov.br\/hm\/ramais\/"]}]},{"@type":"BreadcrumbList","@id":"https:\/\/ww16.ce.gov.br\/hm\/ramais\/#breadcrumb","itemListElement":[{"@type":"ListItem","position":1,"name":"In\u00edcio","item":"https:\/\/ww16.ce.gov.br\/hm\/"},{"@type":"ListItem","position":2,"name":"Ramais"}]},{"@type":"WebSite","@id":"https:\/\/ww16.ce.gov.br\/hm\/#website","url":"https:\/\/ww16.ce.gov.br\/hm\/","name":"Hospital de Messejana","description":"Modelo Padr\u00e3o do Estado","potentialAction":[{"@type":"SearchAction","target":{"@type":"EntryPoint","urlTemplate":"https:\/\/ww16.ce.gov.br\/hm\/?s={search_term_string}"},"query-input":{"@type":"PropertyValueSpecification","valueRequired":true,"valueName":"search_term_string"}}],"inLanguage":"pt-BR"}]}},"_links":{"self":[{"href":"https:\/\/www.ce.gov.br\/hm\/wp-json\/wp\/v2\/pages\/4492","targetHints":{"allow":["GET"]}}],"collection":[{"href":"https:\/\/www.ce.gov.br\/hm\/wp-json\/wp\/v2\/pages"}],"about":[{"href":"https:\/\/www.ce.gov.br\/hm\/wp-json\/wp\/v2\/types\/page"}],"author":[{"embeddable":true,"href":"https:\/\/www.ce.gov.br\/hm\/wp-json\/wp\/v2\/users\/38"}],"replies":[{"embeddable":true,"href":"https:\/\/www.ce.gov.br\/hm\/wp-json\/wp\/v2\/comments?post=4492"}],"version-history":[{"count":13,"href":"https:\/\/www.ce.gov.br\/hm\/wp-json\/wp\/v2\/pages\/4492\/revisions"}],"predecessor-version":[{"id":4518,"href":"https:\/\/www.ce.gov.br\/hm\/wp-json\/wp\/v2\/pages\/4492\/revisions\/4518"}],"wp:attachment":[{"href":"https:\/\/www.ce.gov.br\/hm\/wp-json\/wp\/v2\/media?parent=4492"}],"curies":[{"name":"wp","href":"https:\/\/api.w.org\/{rel}","templated":true}]}}