{"id":4585,"date":"2026-02-04T16:15:35","date_gmt":"2026-02-04T19:15:35","guid":{"rendered":"http:\/\/ww16.ce.gov.br\/hm\/?page_id=4585"},"modified":"2026-02-04T16:15:59","modified_gmt":"2026-02-04T19:15:59","slug":"cardiologia-2","status":"publish","type":"page","link":"https:\/\/www.ce.gov.br\/hm\/cardiologia-2\/","title":{"rendered":"Cardiologia"},"content":{"rendered":"\n<p>O Hospital de Messejana Dr. Carlos Alberto Studart Gomes (HM) \u00e9 certificado pelos programas de <strong>Boas Pr\u00e1ticas Cl\u00ednicas em Cardiologia (BPC)<\/strong> e de <strong>Apoio ao Desenvolvimento Institucional do Sistema \u00danico de Sa\u00fade (Proadi-SUS)<\/strong> como <strong>Centro de Excel\u00eancia em Cardiologia (2020)<\/strong>.<\/p>\n\n\n\n<p>\u00c9 refer\u00eancia em Cardiologia Cl\u00ednica, Hemodin\u00e2mica e Cir\u00fargica, incluindo transplantes adultos e pedi\u00e1tricos, para todo o Cear\u00e1 e para v\u00e1rios estados das regi\u00f5es Norte e Nordeste. Os melhores profissionais da Cardiologia do Cear\u00e1 est\u00e3o no HM. A institui\u00e7\u00e3o tamb\u00e9m \u00e9 <strong>refer\u00eancia nacional no campo da educa\u00e7\u00e3o para m\u00e9dicos em forma\u00e7\u00e3o<\/strong>, dispondo de resid\u00eancia e cursos em diversas especialidades da Cardiologia.<\/p>\n\n\n\n<h3 class=\"wp-block-heading\"><strong>Cirurgia Cardiovascular<\/strong><\/h3>\n\n\n\n<p>O Hospital de Messejana disponibiliza aos usu\u00e1rios do SUS acesso aos mais complexos tratamentos para doen\u00e7as card\u00edacas e cardiovasculares. Possui, em seu corpo cl\u00ednico, m\u00e9dicos cirurgi\u00f5es que realizam diversos procedimentos de grande porte e outros menos invasivos. Dentre as cirurgias, est\u00e3o a revasculariza\u00e7\u00e3o do mioc\u00e1rdio e os transplantes card\u00edacos. S\u00e3o realizadas, ainda, interven\u00e7\u00f5es valvulares e tratamento de aneurismas, de mixomas e de condi\u00e7\u00f5es cong\u00eanitas.<\/p>\n\n\n\n<h3 class=\"wp-block-heading\"><strong>Hemodin\u00e2mica<\/strong><\/h3>\n\n\n\n<p>Na Unidade de Hemodin\u00e2mica, os pacientes t\u00eam acesso a procedimentos diagn\u00f3sticos e\/ou terap\u00eauticos na \u00e1rea cardiovascular, como implantes de marca-passo, cardioversor desfibrilador implant\u00e1vel (CDI), cateterismo, angioplastias com stent, dentre outros. S\u00e3o tratamentos menos invasivos que, muitas vezes, solucionam definitivamente a enfermidade card\u00edaca.<\/p>\n\n\n\n<p>Dentre os procedimentos ofertados, est\u00e3o: cateterismo card\u00edaco, angioplastia coron\u00e1ria e perif\u00e9rica, coloca\u00e7\u00e3o de endopr\u00f3teses, estudo eletrofisiol\u00f3gico e tratamento de arritmias; tratamento do infarto agudo do mioc\u00e1rdio, implante de marca-passo provis\u00f3rio, bi\u00f3psia mioc\u00e1rdica, estudo de resist\u00eancias vasculares e reatividade a drogas, estudo de tratamento de algumas cardiopatias cong\u00eanitas, tratamento de estenoses da v\u00e1lvula mitral e pulmonar, emboliza\u00e7\u00f5es vasculares pulmonares e arteriografias perif\u00e9ricas.<\/p>\n\n\n\n<h3 class=\"wp-block-heading\"><strong>Insufici\u00eancia Card\u00edaca e Transplante Adulto<\/strong><\/h3>\n\n\n\n<p>Refer\u00eancia nas regi\u00f5es Norte e Nordeste em transplante card\u00edaco, o Hospital de Messejana disp\u00f5e de uma equipe de excel\u00eancia na \u00e1rea. M\u00e9dicos, cirurgi\u00f5es, enfermeiros, fisioterapeutas, assistente social, psic\u00f3logo, dentista e nutricionista atuam na Unidade de Insufici\u00eancia Card\u00edaca e Transplante.<\/p>\n\n\n\n<h3 class=\"wp-block-heading\"><strong>Cardiologia e Transplante Pedi\u00e1trico<\/strong><\/h3>\n\n\n\n<p>O Hospital de Messejana se destaca como o <strong>segundo centro do Brasil na realiza\u00e7\u00e3o de transplante card\u00edaco infantil<\/strong>, posicionando-se logo ap\u00f3s o Instituto do Cora\u00e7\u00e3o de S\u00e3o Paulo (Incor-SP). Al\u00e9m deste, o Pa\u00eds conta ainda com o Incor Bras\u00edlia e o Incor de Porto Alegre.<\/p>\n\n\n\n<p>No Cear\u00e1, o transplante card\u00edaco infantil teve in\u00edcio em 2002. Os pacientes contam com a aten\u00e7\u00e3o de uma equipe multidisciplinar composta por profissionais dispon\u00edveis em tempo integral para atend\u00ea-los, t\u00eam acesso a tratamento diferenciado com consultas semanais em ambulat\u00f3rio, acesso priorit\u00e1rio na Unidade de Pediatria e na realiza\u00e7\u00e3o de exames de hemodin\u00e2mica, de laborat\u00f3rio e de imagem.<\/p>\n","protected":false},"excerpt":{"rendered":"<p>O Hospital de Messejana Dr. Carlos Alberto Studart Gomes (HM) \u00e9 certificado pelos programas de Boas Pr\u00e1ticas Cl\u00ednicas em Cardiologia (BPC) e de Apoio ao Desenvolvimento Institucional do Sistema \u00danico de Sa\u00fade (Proadi-SUS) como Centro de Excel\u00eancia em Cardiologia (2020). \u00c9 refer\u00eancia em Cardiologia Cl\u00ednica, Hemodin\u00e2mica e Cir\u00fargica, incluindo transplantes adultos e pedi\u00e1tricos, para todo [&hellip;]<\/p>\n","protected":false},"author":38,"featured_media":0,"parent":0,"menu_order":0,"comment_status":"closed","ping_status":"closed","template":"","meta":{"_acf_changed":false,"inline_featured_image":false,"footnotes":""},"class_list":["post-4585","page","type-page","status-publish","hentry"],"acf":[],"yoast_head":"<!-- This site is optimized with the Yoast SEO plugin v27.3 - https:\/\/yoast.com\/product\/yoast-seo-wordpress\/ -->\n<title>Cardiologia - Hospital de Messejana<\/title>\n<meta name=\"robots\" content=\"index, follow, max-snippet:-1, max-image-preview:large, max-video-preview:-1\" \/>\n<link rel=\"canonical\" href=\"https:\/\/ww16.ce.gov.br\/hm\/cardiologia-2\/\" \/>\n<meta property=\"og:locale\" content=\"pt_BR\" \/>\n<meta property=\"og:type\" content=\"article\" \/>\n<meta property=\"og:title\" content=\"Cardiologia - Hospital de Messejana\" \/>\n<meta property=\"og:description\" content=\"O Hospital de Messejana Dr. Carlos Alberto Studart Gomes (HM) \u00e9 certificado pelos programas de Boas Pr\u00e1ticas Cl\u00ednicas em Cardiologia (BPC) e de Apoio ao Desenvolvimento Institucional do Sistema \u00danico de Sa\u00fade (Proadi-SUS) como Centro de Excel\u00eancia em Cardiologia (2020). \u00c9 refer\u00eancia em Cardiologia Cl\u00ednica, Hemodin\u00e2mica e Cir\u00fargica, incluindo transplantes adultos e pedi\u00e1tricos, para todo [&hellip;]\" \/>\n<meta property=\"og:url\" content=\"https:\/\/ww16.ce.gov.br\/hm\/cardiologia-2\/\" \/>\n<meta property=\"og:site_name\" content=\"Hospital de Messejana\" \/>\n<meta property=\"article:modified_time\" content=\"2026-02-04T19:15:59+00:00\" \/>\n<meta name=\"twitter:card\" content=\"summary_large_image\" \/>\n<meta name=\"twitter:label1\" content=\"Est. reading time\" \/>\n\t<meta name=\"twitter:data1\" content=\"3 minutos\" \/>\n<script type=\"application\/ld+json\" class=\"yoast-schema-graph\">{\"@context\":\"https:\\\/\\\/schema.org\",\"@graph\":[{\"@type\":\"WebPage\",\"@id\":\"https:\\\/\\\/ww16.ce.gov.br\\\/hm\\\/cardiologia-2\\\/\",\"url\":\"https:\\\/\\\/ww16.ce.gov.br\\\/hm\\\/cardiologia-2\\\/\",\"name\":\"Cardiologia - Hospital de Messejana\",\"isPartOf\":{\"@id\":\"https:\\\/\\\/ww16.ce.gov.br\\\/hm\\\/#website\"},\"datePublished\":\"2026-02-04T19:15:35+00:00\",\"dateModified\":\"2026-02-04T19:15:59+00:00\",\"breadcrumb\":{\"@id\":\"https:\\\/\\\/ww16.ce.gov.br\\\/hm\\\/cardiologia-2\\\/#breadcrumb\"},\"inLanguage\":\"pt-BR\",\"potentialAction\":[{\"@type\":\"ReadAction\",\"target\":[\"https:\\\/\\\/ww16.ce.gov.br\\\/hm\\\/cardiologia-2\\\/\"]}]},{\"@type\":\"BreadcrumbList\",\"@id\":\"https:\\\/\\\/ww16.ce.gov.br\\\/hm\\\/cardiologia-2\\\/#breadcrumb\",\"itemListElement\":[{\"@type\":\"ListItem\",\"position\":1,\"name\":\"In\u00edcio\",\"item\":\"https:\\\/\\\/ww16.ce.gov.br\\\/hm\\\/\"},{\"@type\":\"ListItem\",\"position\":2,\"name\":\"Cardiologia\"}]},{\"@type\":\"WebSite\",\"@id\":\"https:\\\/\\\/ww16.ce.gov.br\\\/hm\\\/#website\",\"url\":\"https:\\\/\\\/ww16.ce.gov.br\\\/hm\\\/\",\"name\":\"Hospital de Messejana\",\"description\":\"Modelo Padr\u00e3o do Estado\",\"potentialAction\":[{\"@type\":\"SearchAction\",\"target\":{\"@type\":\"EntryPoint\",\"urlTemplate\":\"https:\\\/\\\/ww16.ce.gov.br\\\/hm\\\/?s={search_term_string}\"},\"query-input\":{\"@type\":\"PropertyValueSpecification\",\"valueRequired\":true,\"valueName\":\"search_term_string\"}}],\"inLanguage\":\"pt-BR\"}]}<\/script>\n<!-- \/ Yoast SEO plugin. -->","yoast_head_json":{"title":"Cardiologia - Hospital de Messejana","robots":{"index":"index","follow":"follow","max-snippet":"max-snippet:-1","max-image-preview":"max-image-preview:large","max-video-preview":"max-video-preview:-1"},"canonical":"https:\/\/ww16.ce.gov.br\/hm\/cardiologia-2\/","og_locale":"pt_BR","og_type":"article","og_title":"Cardiologia - Hospital de Messejana","og_description":"O Hospital de Messejana Dr. Carlos Alberto Studart Gomes (HM) \u00e9 certificado pelos programas de Boas Pr\u00e1ticas Cl\u00ednicas em Cardiologia (BPC) e de Apoio ao Desenvolvimento Institucional do Sistema \u00danico de Sa\u00fade (Proadi-SUS) como Centro de Excel\u00eancia em Cardiologia (2020). \u00c9 refer\u00eancia em Cardiologia Cl\u00ednica, Hemodin\u00e2mica e Cir\u00fargica, incluindo transplantes adultos e pedi\u00e1tricos, para todo [&hellip;]","og_url":"https:\/\/ww16.ce.gov.br\/hm\/cardiologia-2\/","og_site_name":"Hospital de Messejana","article_modified_time":"2026-02-04T19:15:59+00:00","twitter_card":"summary_large_image","twitter_misc":{"Est. reading time":"3 minutos"},"schema":{"@context":"https:\/\/schema.org","@graph":[{"@type":"WebPage","@id":"https:\/\/ww16.ce.gov.br\/hm\/cardiologia-2\/","url":"https:\/\/ww16.ce.gov.br\/hm\/cardiologia-2\/","name":"Cardiologia - Hospital de Messejana","isPartOf":{"@id":"https:\/\/ww16.ce.gov.br\/hm\/#website"},"datePublished":"2026-02-04T19:15:35+00:00","dateModified":"2026-02-04T19:15:59+00:00","breadcrumb":{"@id":"https:\/\/ww16.ce.gov.br\/hm\/cardiologia-2\/#breadcrumb"},"inLanguage":"pt-BR","potentialAction":[{"@type":"ReadAction","target":["https:\/\/ww16.ce.gov.br\/hm\/cardiologia-2\/"]}]},{"@type":"BreadcrumbList","@id":"https:\/\/ww16.ce.gov.br\/hm\/cardiologia-2\/#breadcrumb","itemListElement":[{"@type":"ListItem","position":1,"name":"In\u00edcio","item":"https:\/\/ww16.ce.gov.br\/hm\/"},{"@type":"ListItem","position":2,"name":"Cardiologia"}]},{"@type":"WebSite","@id":"https:\/\/ww16.ce.gov.br\/hm\/#website","url":"https:\/\/ww16.ce.gov.br\/hm\/","name":"Hospital de Messejana","description":"Modelo Padr\u00e3o do Estado","potentialAction":[{"@type":"SearchAction","target":{"@type":"EntryPoint","urlTemplate":"https:\/\/ww16.ce.gov.br\/hm\/?s={search_term_string}"},"query-input":{"@type":"PropertyValueSpecification","valueRequired":true,"valueName":"search_term_string"}}],"inLanguage":"pt-BR"}]}},"_links":{"self":[{"href":"https:\/\/www.ce.gov.br\/hm\/wp-json\/wp\/v2\/pages\/4585","targetHints":{"allow":["GET"]}}],"collection":[{"href":"https:\/\/www.ce.gov.br\/hm\/wp-json\/wp\/v2\/pages"}],"about":[{"href":"https:\/\/www.ce.gov.br\/hm\/wp-json\/wp\/v2\/types\/page"}],"author":[{"embeddable":true,"href":"https:\/\/www.ce.gov.br\/hm\/wp-json\/wp\/v2\/users\/38"}],"replies":[{"embeddable":true,"href":"https:\/\/www.ce.gov.br\/hm\/wp-json\/wp\/v2\/comments?post=4585"}],"version-history":[{"count":1,"href":"https:\/\/www.ce.gov.br\/hm\/wp-json\/wp\/v2\/pages\/4585\/revisions"}],"predecessor-version":[{"id":4587,"href":"https:\/\/www.ce.gov.br\/hm\/wp-json\/wp\/v2\/pages\/4585\/revisions\/4587"}],"wp:attachment":[{"href":"https:\/\/www.ce.gov.br\/hm\/wp-json\/wp\/v2\/media?parent=4585"}],"curies":[{"name":"wp","href":"https:\/\/api.w.org\/{rel}","templated":true}]}}