{"id":4590,"date":"2026-02-04T16:18:37","date_gmt":"2026-02-04T19:18:37","guid":{"rendered":"http:\/\/ww16.ce.gov.br\/hm\/?page_id=4590"},"modified":"2026-02-04T16:18:39","modified_gmt":"2026-02-04T19:18:39","slug":"pneumologia-2","status":"publish","type":"page","link":"https:\/\/www.ce.gov.br\/hm\/pneumologia-2\/","title":{"rendered":"Pneumologia"},"content":{"rendered":"\n<p>O Servi\u00e7o de Pneumologia oferece tratamento de qualidade, seguindo diretrizes e protocolos cl\u00ednicos. Doen\u00e7as graves, como c\u00e2ncer de pulm\u00e3o, pneumonia, doen\u00e7a pulmonar obstrutiva cr\u00f4nica (DPOC), asma, dentre outras, s\u00e3o tratadas com os mais modernos medicamentos e procedimentos dispon\u00edveis.<\/p>\n\n\n\n<p>Nessa \u00e1rea, o HM disp\u00f5e de Unidades de Terapia Intensiva (UTIs) espec\u00edficas para patologias respirat\u00f3rias, m\u00e9todos complementares diagn\u00f3sticos, como Laborat\u00f3rio Completo de Fun\u00e7\u00e3o Pulmonar, Servi\u00e7o de Broncoscopia, Laborat\u00f3rio de Patologia Cl\u00ednica, Servi\u00e7o de Imagem (raios-x, tomografia computadorizada e ultrassonografia), Servi\u00e7o de Assist\u00eancia Domiciliar, Unidade de Pesquisa Cl\u00ednica, curso anual de Ventila\u00e7\u00e3o Mec\u00e2nica, Sess\u00f5es Cient\u00edficas e Sess\u00e3o de Artigos Cient\u00edficos.<\/p>\n\n\n\n<p>Al\u00e9m da assist\u00eancia, o Servi\u00e7o tem a premissa do ensino e da pesquisa, com internato para alunos de Medicina e Resid\u00eancia M\u00e9dica na especialidade.<\/p>\n\n\n\n<h3 class=\"wp-block-heading -laranja\"><strong>Cirurgia Tor\u00e1cica<\/strong><\/h3>\n\n\n\n<p>O Hospital de Messejana disp\u00f5e de especialistas em Cirurgia Tor\u00e1cica que se destacam nacionalmente. A institui\u00e7\u00e3o realiza grande parte das cirurgias de t\u00f3rax do estado do Cear\u00e1. As doen\u00e7as cir\u00fargicas do t\u00f3rax envolvem o pulm\u00e3o, a pleura, o mediastino, a traqueia e a parede tor\u00e1cica. Dentre as patologias pleurais mais comuns, est\u00e3o o derrame pleural, o empiema e o pneumot\u00f3rax. Das doen\u00e7as que acometem o pulm\u00e3o, a mais frequente \u00e9 o c\u00e2ncer, seguida das inflamat\u00f3rias\/infecciosas, geralmente sequelas de pneumonias e da tuberculose, destacando-se as bronquiectasias, a bola f\u00fangica ou aspergiloma e o pulm\u00e3o destru\u00eddo. <strong>O Servi\u00e7o de Cirurgia Tor\u00e1cica tamb\u00e9m \u00e9 refer\u00eancia para o Norte e Nordeste no transplante de pulm\u00e3o, tendo realizado o primeiro em junho de 2011<\/strong>.<\/p>\n\n\n\n<h3 class=\"wp-block-heading -laranja\"><strong>Transplante Pulmonar<\/strong><\/h3>\n\n\n\n<p><strong>O HM \u00e9 o \u00fanico centro m\u00e9dico das regi\u00f5es Norte e Nordeste a realizar o transplante de pulm\u00e3o<\/strong>. O servi\u00e7o iniciou em 14 de junho de 2011 e conta com o profissionalismo de uma equipe formada por cirurgi\u00f5es tor\u00e1cicos, pneumologistas, anestesiologista, enfermeiras, fisioterapeutas, assistente social, psic\u00f3loga, nutricionista, dentista e terapeuta ocupacional. A primeira cirurgia foi um grande marco para o atendimento dos pacientes com graves problemas respirat\u00f3rios das referidas regi\u00f5es, que antes n\u00e3o tinham alternativa de tratamento local, sendo necess\u00e1rio o deslocamento at\u00e9 S\u00e3o Paulo.<\/p>\n\n\n\n<h3 class=\"wp-block-heading -laranja\"><strong>Unidade de Alta Complexidade em Oncologia<\/strong><\/h3>\n\n\n\n<p>Na <strong>Unidade de Alta Complexidade em Oncologia (Unacon)<\/strong> do Hospital de Messejana, os pacientes com c\u00e2ncer de pulm\u00e3o encontram aten\u00e7\u00e3o de uma <strong>equipe multiprofissional<\/strong> e t\u00eam acesso a medicamentos espec\u00edficos, ambulat\u00f3rios da especialidade e leitos cl\u00ednicos. O hospital realiza o <strong>diagn\u00f3stico de c\u00e2ncer<\/strong> em pessoas de todo o estado do Cear\u00e1, com <strong>exames<\/strong> mais complexos, servi\u00e7o de <strong>quimioterapia<\/strong> e <strong>cirurgias tor\u00e1cicas<\/strong> direcionadas ao tratamento da doen\u00e7a.<\/p>\n\n\n\n<p>Al\u00e9m disso, a Unacon, disp\u00f5e de uma equipe consultiva que fornece parecer t\u00e9cnico e acompanhamento no <strong>Servi\u00e7o de Cuidados Paliativos<\/strong>, durante a interna\u00e7\u00e3o de pacientes adultos e pedi\u00e1tricos. Bem como, ap\u00f3s alta hospitalar, quando estes pacientes passam a ser acompanhados pelo ambulat\u00f3rio de Cuidados Paliativos para o controle de sintomas.<\/p>\n\n\n\n<p>A unidade oferta, ainda, o <strong>Hospital-dia<\/strong>, uma modalidade de atendimento m\u00e9dico, voltado para pacientes que precisam fazer <strong>medica\u00e7\u00e3o endovenosa<\/strong>, mas n\u00e3o necessitam de interna\u00e7\u00e3o hospitalar. Diariamente os pacientes comparecem \u00e0 unidade, fazem a medica\u00e7\u00e3o e voltam para seus domic\u00edlios, diminuindo assim os riscos e os custos com a interna\u00e7\u00e3o e possibilitando a conviv\u00eancia familiar.<\/p>\n\n\n\n<h3 class=\"wp-block-heading -laranja\"><strong>Ambulat\u00f3rio de Fibrose C\u00edstica<\/strong><\/h3>\n\n\n\n<p>O ambulat\u00f3rio de Fibrose C\u00edstica do <strong>Hospital de Messejana <\/strong>\u00e9&nbsp;<strong>refer\u00eancia no tratamento de pacientes adultos. O servi\u00e7o funciona desde 2016 e recebe pacientes encaminhados do Hospital Infantil Albert Sabin (Hias) e de outras institui\u00e7\u00f5es.&nbsp;<\/strong><\/p>\n\n\n\n<p>No ambulat\u00f3rio, os usu\u00e1rios s\u00e3o acompanhados por uma equipe multiprofissional composta por pneumologista, nutricionista, gastroenterologista e psic\u00f3logo que monitoram a doen\u00e7a e realizam consultas e exames. Al\u00e9m disso, recebem orienta\u00e7\u00f5es sobre a administra\u00e7\u00e3o dos medicamentos, estimulando a ades\u00e3o ao tratamento e contribuindo para uma melhor sobrevida.<\/p>\n","protected":false},"excerpt":{"rendered":"<p>O Servi\u00e7o de Pneumologia oferece tratamento de qualidade, seguindo diretrizes e protocolos cl\u00ednicos. Doen\u00e7as graves, como c\u00e2ncer de pulm\u00e3o, pneumonia, doen\u00e7a pulmonar obstrutiva cr\u00f4nica (DPOC), asma, dentre outras, s\u00e3o tratadas com os mais modernos medicamentos e procedimentos dispon\u00edveis. Nessa \u00e1rea, o HM disp\u00f5e de Unidades de Terapia Intensiva (UTIs) espec\u00edficas para patologias respirat\u00f3rias, m\u00e9todos complementares [&hellip;]<\/p>\n","protected":false},"author":38,"featured_media":0,"parent":0,"menu_order":0,"comment_status":"closed","ping_status":"closed","template":"","meta":{"_acf_changed":false,"inline_featured_image":false,"footnotes":""},"class_list":["post-4590","page","type-page","status-publish","hentry"],"acf":[],"yoast_head":"<!-- This site is optimized with the Yoast SEO plugin v27.3 - https:\/\/yoast.com\/product\/yoast-seo-wordpress\/ -->\n<title>Pneumologia - Hospital de Messejana<\/title>\n<meta name=\"robots\" content=\"index, follow, max-snippet:-1, max-image-preview:large, max-video-preview:-1\" \/>\n<link rel=\"canonical\" href=\"https:\/\/ww16.ce.gov.br\/hm\/pneumologia-2\/\" \/>\n<meta property=\"og:locale\" content=\"pt_BR\" \/>\n<meta property=\"og:type\" content=\"article\" \/>\n<meta property=\"og:title\" content=\"Pneumologia - Hospital de Messejana\" \/>\n<meta property=\"og:description\" content=\"O Servi\u00e7o de Pneumologia oferece tratamento de qualidade, seguindo diretrizes e protocolos cl\u00ednicos. Doen\u00e7as graves, como c\u00e2ncer de pulm\u00e3o, pneumonia, doen\u00e7a pulmonar obstrutiva cr\u00f4nica (DPOC), asma, dentre outras, s\u00e3o tratadas com os mais modernos medicamentos e procedimentos dispon\u00edveis. Nessa \u00e1rea, o HM disp\u00f5e de Unidades de Terapia Intensiva (UTIs) espec\u00edficas para patologias respirat\u00f3rias, m\u00e9todos complementares [&hellip;]\" \/>\n<meta property=\"og:url\" content=\"https:\/\/ww16.ce.gov.br\/hm\/pneumologia-2\/\" \/>\n<meta property=\"og:site_name\" content=\"Hospital de Messejana\" \/>\n<meta property=\"article:modified_time\" content=\"2026-02-04T19:18:39+00:00\" \/>\n<meta name=\"twitter:card\" content=\"summary_large_image\" \/>\n<meta name=\"twitter:label1\" content=\"Est. reading time\" \/>\n\t<meta name=\"twitter:data1\" content=\"4 minutos\" \/>\n<script type=\"application\/ld+json\" class=\"yoast-schema-graph\">{\"@context\":\"https:\\\/\\\/schema.org\",\"@graph\":[{\"@type\":\"WebPage\",\"@id\":\"https:\\\/\\\/ww16.ce.gov.br\\\/hm\\\/pneumologia-2\\\/\",\"url\":\"https:\\\/\\\/ww16.ce.gov.br\\\/hm\\\/pneumologia-2\\\/\",\"name\":\"Pneumologia - Hospital de Messejana\",\"isPartOf\":{\"@id\":\"https:\\\/\\\/ww16.ce.gov.br\\\/hm\\\/#website\"},\"datePublished\":\"2026-02-04T19:18:37+00:00\",\"dateModified\":\"2026-02-04T19:18:39+00:00\",\"breadcrumb\":{\"@id\":\"https:\\\/\\\/ww16.ce.gov.br\\\/hm\\\/pneumologia-2\\\/#breadcrumb\"},\"inLanguage\":\"pt-BR\",\"potentialAction\":[{\"@type\":\"ReadAction\",\"target\":[\"https:\\\/\\\/ww16.ce.gov.br\\\/hm\\\/pneumologia-2\\\/\"]}]},{\"@type\":\"BreadcrumbList\",\"@id\":\"https:\\\/\\\/ww16.ce.gov.br\\\/hm\\\/pneumologia-2\\\/#breadcrumb\",\"itemListElement\":[{\"@type\":\"ListItem\",\"position\":1,\"name\":\"In\u00edcio\",\"item\":\"https:\\\/\\\/ww16.ce.gov.br\\\/hm\\\/\"},{\"@type\":\"ListItem\",\"position\":2,\"name\":\"Pneumologia\"}]},{\"@type\":\"WebSite\",\"@id\":\"https:\\\/\\\/ww16.ce.gov.br\\\/hm\\\/#website\",\"url\":\"https:\\\/\\\/ww16.ce.gov.br\\\/hm\\\/\",\"name\":\"Hospital de Messejana\",\"description\":\"Modelo Padr\u00e3o do Estado\",\"potentialAction\":[{\"@type\":\"SearchAction\",\"target\":{\"@type\":\"EntryPoint\",\"urlTemplate\":\"https:\\\/\\\/ww16.ce.gov.br\\\/hm\\\/?s={search_term_string}\"},\"query-input\":{\"@type\":\"PropertyValueSpecification\",\"valueRequired\":true,\"valueName\":\"search_term_string\"}}],\"inLanguage\":\"pt-BR\"}]}<\/script>\n<!-- \/ Yoast SEO plugin. -->","yoast_head_json":{"title":"Pneumologia - Hospital de Messejana","robots":{"index":"index","follow":"follow","max-snippet":"max-snippet:-1","max-image-preview":"max-image-preview:large","max-video-preview":"max-video-preview:-1"},"canonical":"https:\/\/ww16.ce.gov.br\/hm\/pneumologia-2\/","og_locale":"pt_BR","og_type":"article","og_title":"Pneumologia - Hospital de Messejana","og_description":"O Servi\u00e7o de Pneumologia oferece tratamento de qualidade, seguindo diretrizes e protocolos cl\u00ednicos. Doen\u00e7as graves, como c\u00e2ncer de pulm\u00e3o, pneumonia, doen\u00e7a pulmonar obstrutiva cr\u00f4nica (DPOC), asma, dentre outras, s\u00e3o tratadas com os mais modernos medicamentos e procedimentos dispon\u00edveis. Nessa \u00e1rea, o HM disp\u00f5e de Unidades de Terapia Intensiva (UTIs) espec\u00edficas para patologias respirat\u00f3rias, m\u00e9todos complementares [&hellip;]","og_url":"https:\/\/ww16.ce.gov.br\/hm\/pneumologia-2\/","og_site_name":"Hospital de Messejana","article_modified_time":"2026-02-04T19:18:39+00:00","twitter_card":"summary_large_image","twitter_misc":{"Est. reading time":"4 minutos"},"schema":{"@context":"https:\/\/schema.org","@graph":[{"@type":"WebPage","@id":"https:\/\/ww16.ce.gov.br\/hm\/pneumologia-2\/","url":"https:\/\/ww16.ce.gov.br\/hm\/pneumologia-2\/","name":"Pneumologia - Hospital de Messejana","isPartOf":{"@id":"https:\/\/ww16.ce.gov.br\/hm\/#website"},"datePublished":"2026-02-04T19:18:37+00:00","dateModified":"2026-02-04T19:18:39+00:00","breadcrumb":{"@id":"https:\/\/ww16.ce.gov.br\/hm\/pneumologia-2\/#breadcrumb"},"inLanguage":"pt-BR","potentialAction":[{"@type":"ReadAction","target":["https:\/\/ww16.ce.gov.br\/hm\/pneumologia-2\/"]}]},{"@type":"BreadcrumbList","@id":"https:\/\/ww16.ce.gov.br\/hm\/pneumologia-2\/#breadcrumb","itemListElement":[{"@type":"ListItem","position":1,"name":"In\u00edcio","item":"https:\/\/ww16.ce.gov.br\/hm\/"},{"@type":"ListItem","position":2,"name":"Pneumologia"}]},{"@type":"WebSite","@id":"https:\/\/ww16.ce.gov.br\/hm\/#website","url":"https:\/\/ww16.ce.gov.br\/hm\/","name":"Hospital de Messejana","description":"Modelo Padr\u00e3o do Estado","potentialAction":[{"@type":"SearchAction","target":{"@type":"EntryPoint","urlTemplate":"https:\/\/ww16.ce.gov.br\/hm\/?s={search_term_string}"},"query-input":{"@type":"PropertyValueSpecification","valueRequired":true,"valueName":"search_term_string"}}],"inLanguage":"pt-BR"}]}},"_links":{"self":[{"href":"https:\/\/www.ce.gov.br\/hm\/wp-json\/wp\/v2\/pages\/4590","targetHints":{"allow":["GET"]}}],"collection":[{"href":"https:\/\/www.ce.gov.br\/hm\/wp-json\/wp\/v2\/pages"}],"about":[{"href":"https:\/\/www.ce.gov.br\/hm\/wp-json\/wp\/v2\/types\/page"}],"author":[{"embeddable":true,"href":"https:\/\/www.ce.gov.br\/hm\/wp-json\/wp\/v2\/users\/38"}],"replies":[{"embeddable":true,"href":"https:\/\/www.ce.gov.br\/hm\/wp-json\/wp\/v2\/comments?post=4590"}],"version-history":[{"count":1,"href":"https:\/\/www.ce.gov.br\/hm\/wp-json\/wp\/v2\/pages\/4590\/revisions"}],"predecessor-version":[{"id":4592,"href":"https:\/\/www.ce.gov.br\/hm\/wp-json\/wp\/v2\/pages\/4590\/revisions\/4592"}],"wp:attachment":[{"href":"https:\/\/www.ce.gov.br\/hm\/wp-json\/wp\/v2\/media?parent=4590"}],"curies":[{"name":"wp","href":"https:\/\/api.w.org\/{rel}","templated":true}]}}