{"id":4594,"date":"2026-02-04T16:21:07","date_gmt":"2026-02-04T19:21:07","guid":{"rendered":"http:\/\/ww16.ce.gov.br\/hm\/?page_id=4594"},"modified":"2026-05-07T11:34:41","modified_gmt":"2026-05-07T14:34:41","slug":"programas-2","status":"publish","type":"page","link":"https:\/\/www.ce.gov.br\/hm\/programas-2\/","title":{"rendered":"Programas"},"content":{"rendered":"<div id=\"cegov-vt-6dc15ea6-ea6b-48a1-8d2c-3ca926da71ea\" class=\"cegov-politicas-incentivo cegov-vertical-tabs\"><div class=\"cegov-vt-wrapper\"><div class=\"cegov-vt-list\"><ul class=\"cegov-vt-menu\" role=\"tablist\"><li><button id=\"cegov-vt-6dc15ea6-ea6b-48a1-8d2c-3ca926da71ea-tab-1\" class=\"cegov-vt-aba is-active\" role=\"tab\" aria-controls=\"cegov-vt-6dc15ea6-ea6b-48a1-8d2c-3ca926da71ea-panel-1\" aria-selected=\"true\" tabindex=\"0\" data-target=\"#cegov-vt-6dc15ea6-ea6b-48a1-8d2c-3ca926da71ea-panel-1\"><span class=\"cegov-vt-aba-label\">Programa de Reabilita\u00e7\u00e3o Card\u00edaca<\/span><\/button><\/li><li><button id=\"cegov-vt-6dc15ea6-ea6b-48a1-8d2c-3ca926da71ea-tab-2\" class=\"cegov-vt-aba\" role=\"tab\" aria-controls=\"cegov-vt-6dc15ea6-ea6b-48a1-8d2c-3ca926da71ea-panel-2\" aria-selected=\"false\" tabindex=\"-1\" data-target=\"#cegov-vt-6dc15ea6-ea6b-48a1-8d2c-3ca926da71ea-panel-2\"><span class=\"cegov-vt-aba-label\">Reabilita\u00e7\u00e3o Pulmonar<\/span><\/button><\/li><li><button id=\"cegov-vt-6dc15ea6-ea6b-48a1-8d2c-3ca926da71ea-tab-3\" class=\"cegov-vt-aba\" role=\"tab\" aria-controls=\"cegov-vt-6dc15ea6-ea6b-48a1-8d2c-3ca926da71ea-panel-3\" aria-selected=\"false\" tabindex=\"-1\" data-target=\"#cegov-vt-6dc15ea6-ea6b-48a1-8d2c-3ca926da71ea-panel-3\"><span class=\"cegov-vt-aba-label\">Programa de Controle do Tabagismo<\/span><\/button><\/li><li><button id=\"cegov-vt-6dc15ea6-ea6b-48a1-8d2c-3ca926da71ea-tab-4\" class=\"cegov-vt-aba\" role=\"tab\" aria-controls=\"cegov-vt-6dc15ea6-ea6b-48a1-8d2c-3ca926da71ea-panel-4\" aria-selected=\"false\" tabindex=\"-1\" data-target=\"#cegov-vt-6dc15ea6-ea6b-48a1-8d2c-3ca926da71ea-panel-4\"><span class=\"cegov-vt-aba-label\">Programa de Atendimento Domiciliar<\/span><\/button><\/li><\/ul><\/div><div class=\"cegov-vt-panels\"><div id=\"cegov-vt-6dc15ea6-ea6b-48a1-8d2c-3ca926da71ea-panel-1\" class=\"cegov-vt-panel is-active\" role=\"tabpanel\" aria-hidden=\"false\">\n<figure class=\"wp-block-image size-full\"><img loading=\"lazy\" decoding=\"async\" width=\"1200\" height=\"866\" src=\"https:\/\/ww16.ce.gov.br\/hm\/wp-content\/uploads\/sites\/25\/2026\/02\/Savio-da-Silva_transplantado-2-1200x866-1.jpg\" alt=\"\" class=\"wp-image-4652\" srcset=\"https:\/\/www.ce.gov.br\/hm\/wp-content\/uploads\/sites\/25\/2026\/02\/Savio-da-Silva_transplantado-2-1200x866-1.jpg 1200w, https:\/\/www.ce.gov.br\/hm\/wp-content\/uploads\/sites\/25\/2026\/02\/Savio-da-Silva_transplantado-2-1200x866-1-600x433.jpg 600w, https:\/\/www.ce.gov.br\/hm\/wp-content\/uploads\/sites\/25\/2026\/02\/Savio-da-Silva_transplantado-2-1200x866-1-768x554.jpg 768w\" sizes=\"auto, (max-width: 1200px) 100vw, 1200px\" \/><\/figure>\n\n<p>O Programa de&nbsp;<strong>Reabilita\u00e7\u00e3o Card\u00edaca<\/strong>, do Hospital de Messejana, iniciou suas atividades em 2009. Destinada a pacientes com insufici\u00eancia card\u00edaca, doen\u00e7a arterial coronariana, valvopatias e p\u00f3s-transplante card\u00edaco, a Reabilita\u00e7\u00e3o Card\u00edaca inclui:<\/p>\n\n<p>\u2013 Avalia\u00e7\u00e3o funcional com Teste de Shuttle Walk<br>\u2013 Sess\u00f5es de alongamento, aquecimento, treino aer\u00f3bico e de for\u00e7a<br>\u2013 Avalia\u00e7\u00e3o de qualidade de vida e Escala DASI (Atividades di\u00e1rias do paciente)<br>\u2013 Acompanhamento multiprofissional com nutri\u00e7\u00e3o, psicologia e m\u00e9dicos<br>\u2013 Telemonitoramento para acompanhamento cont\u00ednuo<\/p>\n\n<p>O programa \u00e9 desenvolvido ao longo de 20 semanas, com foco na&nbsp;<strong>redu\u00e7\u00e3o de interna\u00e7\u00f5es, ganho funcional e retorno \u00e0s atividades laborais e sociais<\/strong>. O acesso ao programa se d\u00e1 mediante encaminhamento m\u00e9dico, especialmente cardiologistas, dos ambulat\u00f3rios do HM, ou de servi\u00e7os externos. No setor, o paciente recebe acolhimento e&nbsp;<strong>abordagem multiprofissional<\/strong>&nbsp;que envolve fisioterapeutas, psic\u00f3logos e nutricionistas.<\/p>\n\n<p><strong>Excel\u00eancia reconhecida internacionalmente<\/strong><\/p>\n\n<p>O Programa de Reabilita\u00e7\u00e3o Card\u00edaca integra uma&nbsp;<strong>rede colaborativa internacional<\/strong>&nbsp;e participa do&nbsp;<strong>Registro Internacional de Reabilita\u00e7\u00e3o Card\u00edaca<\/strong>, coordenado pelo Conselho Internacional de Preven\u00e7\u00e3o e Reabilita\u00e7\u00e3o Cardiovascular (Canad\u00e1), refer\u00eancia mundial em qualidade e inova\u00e7\u00e3o.<\/p>\n<\/div><div id=\"cegov-vt-6dc15ea6-ea6b-48a1-8d2c-3ca926da71ea-panel-2\" class=\"cegov-vt-panel\" role=\"tabpanel\" aria-hidden=\"true\">\n<figure class=\"wp-block-image size-full\"><img loading=\"lazy\" decoding=\"async\" width=\"1200\" height=\"800\" src=\"https:\/\/ww16.ce.gov.br\/hm\/wp-content\/uploads\/sites\/25\/2026\/02\/240221_HOSPITAL-DO-CORACAO-MESSEJANA_TS4743-1200x800-1.jpg\" alt=\"\" class=\"wp-image-4654\" srcset=\"https:\/\/www.ce.gov.br\/hm\/wp-content\/uploads\/sites\/25\/2026\/02\/240221_HOSPITAL-DO-CORACAO-MESSEJANA_TS4743-1200x800-1.jpg 1200w, https:\/\/www.ce.gov.br\/hm\/wp-content\/uploads\/sites\/25\/2026\/02\/240221_HOSPITAL-DO-CORACAO-MESSEJANA_TS4743-1200x800-1-600x400.jpg 600w, https:\/\/www.ce.gov.br\/hm\/wp-content\/uploads\/sites\/25\/2026\/02\/240221_HOSPITAL-DO-CORACAO-MESSEJANA_TS4743-1200x800-1-768x512.jpg 768w\" sizes=\"auto, (max-width: 1200px) 100vw, 1200px\" \/><\/figure>\n\n<p>O programa de&nbsp;<strong>Reabilita\u00e7\u00e3o Pulmonar<\/strong>&nbsp;do Hospital de Messejana, criado em 1999, \u00e9 voltado para pacientes com&nbsp;<strong>doen\u00e7as pulmonares cr\u00f4nicas<\/strong>. A iniciativa combina educa\u00e7\u00e3o terap\u00eautica e tratamento f\u00edsico, visando melhorar a qualidade de vida e a autonomia dos participantes.<\/p>\n\n<p>O ingresso no programa ocorre por indica\u00e7\u00e3o m\u00e9dica. Ap\u00f3s o encaminhamento, o paciente passa por uma triagem feita por uma equipe multiprofissional formada por m\u00e9dicos, fisioterapeutas, terapeutas ocupacionais, nutricionistas, psic\u00f3logos, enfermeiros e assistentes sociais. Essa abordagem integrada permite a adapta\u00e7\u00e3o personalizada das atividades conforme as necessidades de cada paciente.<\/p>\n\n<p>As a\u00e7\u00f5es do programa incluem:<\/p>\n\n<p>\u2013 Educa\u00e7\u00e3o para o uso correto de broncodilatadores<\/p>\n\n<p>\u2013 Teste de caminhada (6 minutos) e teste do degrau<\/p>\n\n<p>\u2013 Caminhadas terap\u00eauticas no Bosque dos Eucaliptos<\/p>\n\n<p>\u2013 Atendimentos individuais e em grupo<\/p>\n\n<p>\u2013 Manovacuometria (avalia\u00e7\u00e3o da for\u00e7a muscular respirat\u00f3ria)<\/p>\n\n<p>\u2013 Alongamento, aquecimento, treino aer\u00f3bico e de for\u00e7a<\/p>\n\n<p>\u2013 Treinamento muscular e respirat\u00f3rio<\/p>\n\n<p>\u2013 Telemonitoramento para acompanhamento cont\u00ednuo<\/p>\n\n<p>A combina\u00e7\u00e3o de&nbsp;<strong>atividades f\u00edsicas<\/strong>&nbsp;bem orientadas com o&nbsp;<strong>suporte informativo e psicol\u00f3gico<\/strong>&nbsp;contribui para o&nbsp;<strong>aumento da capacidade pulmonar e muscular<\/strong>,&nbsp;<strong>melhora o desempenho nas atividades di\u00e1rias<\/strong>, amplia as&nbsp;<strong>habilidades de autocuidado<\/strong>&nbsp;e eleva a&nbsp;<strong>expectativa e qualidade de vida<\/strong>&nbsp;dos pacientes.<\/p>\n<\/div><div id=\"cegov-vt-6dc15ea6-ea6b-48a1-8d2c-3ca926da71ea-panel-3\" class=\"cegov-vt-panel\" role=\"tabpanel\" aria-hidden=\"true\">\n<figure class=\"wp-block-image size-full\"><img loading=\"lazy\" decoding=\"async\" width=\"1200\" height=\"676\" src=\"https:\/\/ww16.ce.gov.br\/hm\/wp-content\/uploads\/sites\/25\/2026\/02\/programa-tabagismo-HM-1200x676-1.jpg\" alt=\"\" class=\"wp-image-4659\" srcset=\"https:\/\/www.ce.gov.br\/hm\/wp-content\/uploads\/sites\/25\/2026\/02\/programa-tabagismo-HM-1200x676-1.jpg 1200w, https:\/\/www.ce.gov.br\/hm\/wp-content\/uploads\/sites\/25\/2026\/02\/programa-tabagismo-HM-1200x676-1-600x338.jpg 600w, https:\/\/www.ce.gov.br\/hm\/wp-content\/uploads\/sites\/25\/2026\/02\/programa-tabagismo-HM-1200x676-1-768x433.jpg 768w\" sizes=\"auto, (max-width: 1200px) 100vw, 1200px\" \/><\/figure>\n\n<p>O Programa de Controle do Tabagismo do Hospital de Messejana j\u00e1 ajudou muitos homens e mulheres a largar o h\u00e1bito. Criado em maio de 2001, por ocasi\u00e3o do Dia Mundial de Combate ao Fumo, a iniciativa surgiu com o objetivo de atender pessoas que apresentam o desejo de parar de fumar.<\/p>\n\n<p>O ambulat\u00f3rio funciona desde outubro de 2002 e foi o <strong>primeiro servi\u00e7o p\u00fablico de Fortaleza voltado ao tratamento do fumante<\/strong>. Uma vez inscrito, o paciente passa por uma triagem m\u00e9dica, onde s\u00e3o colhidas informa\u00e7\u00f5es pessoais relativas ao estado psicol\u00f3gico e quanto \u00e0 motiva\u00e7\u00e3o para deixar o cigarro. Exames importantes s\u00e3o realizados para revelar como est\u00e1 a sa\u00fade e o grau de depend\u00eancia. Ap\u00f3s a avalia\u00e7\u00e3o inicial, o usu\u00e1rio passa a fazer parte do grupo de apoio, no qual \u00e9 realizado o tratamento padr\u00e3o baseado na abordagem cognitivo-comportamental, no uso de antidepressivos e na terapia de reposi\u00e7\u00e3o nicot\u00ednica.<\/p>\n<\/div><div id=\"cegov-vt-6dc15ea6-ea6b-48a1-8d2c-3ca926da71ea-panel-4\" class=\"cegov-vt-panel\" role=\"tabpanel\" aria-hidden=\"true\">\n<p>O Programa de Atendimento Domiciliar (PAD) leva assist\u00eancia \u00e0s resid\u00eancias de mais de 300 pacientes com doen\u00e7as card\u00edacas e pulmonares. O servi\u00e7o possibilita o retorno ao conv\u00edvio familiar e oferece um atendimento humanizado.<\/p>\n\n<p>Os cuidados s\u00e3o prestados por equipes multidisciplinares compostas por m\u00e9dicos cardiologistas e pneumologistas, enfermeiros, assistentes sociais, nutricionistas, psic\u00f3logos, fisioterapeutas e t\u00e9cnicos de laborat\u00f3rio, que realizam visitas domiciliares aos pacientes.<\/p>\n<\/div><\/div><\/div><\/div>\n\n\n<p><\/p>\n\n\n\n<p><\/p>\n\n\n\n<p><strong>Programa de Reabilita\u00e7\u00e3o Card\u00edaca<\/strong><\/p>\n\n\n\n<p>A Reabilita\u00e7\u00e3o Card\u00edaca, do Hospital de Messejana, iniciou suas atividades em 2009 atrav\u00e9s de um projeto piloto com foco na reabilita\u00e7\u00e3o de pacientes transplantados card\u00edacos. Os resultados fortaleceram a proposta de expandir o programa para outras categorias de pacientes, tais como: pacientes com insufici\u00eancia card\u00edaca, doen\u00e7a arterial coronariana e com valvopatias.<\/p>\n\n\n\n<p>O acesso ao programa se d\u00e1 atrav\u00e9s de encaminhamento m\u00e9dico diretamente. No setor, o paciente recebe acolhimento e abordagem multiprofissional que envolve fisioterapeutas, psic\u00f3logos e nutricionistas.<\/p>\n\n\n\n<p>Ao longo de 20 semanas de sess\u00f5es semanais, focadas no condicionamento f\u00edsico e combate aos fatores de risco, os participantes alcan\u00e7am resultados positivos da qualidade de vida, melhora funcional e retorno laboral. Os desfechos cl\u00ednicos s\u00e3o monitorados atrav\u00e9s de indicadores de resultados e indicadores de ades\u00e3o ao programa.<\/p>\n\n\n\n<p>Centenas de pacientes j\u00e1 foram reabilitados, no modelo contempor\u00e2neo de reabilita\u00e7\u00e3o, com a utiliza\u00e7\u00e3o de ferramentas de avalia\u00e7\u00e3o de baixo custo, que envolvem n\u00e3o somente o exerc\u00edcio f\u00edsico, mas tamb\u00e9m educa\u00e7\u00e3o em sa\u00fade. Atualmente, o Programa de Reabilita\u00e7\u00e3o do Hospital de Messejana faz parte de uma rede colaborativa internacional e participa de um Registro Internacional de Reabilita\u00e7\u00e3o Card\u00edaca, atrav\u00e9s do Conselho Internacional de Preven\u00e7\u00e3o e Reabilita\u00e7\u00e3o Cardiovascular (Canad\u00e1), com objetivo de melhorar seus desfechos e entrega \u00e0 popula\u00e7\u00e3o.<\/p>\n\n\n\n<p><strong>Programa de Controle do Tabagismo<\/strong><\/p>\n\n\n\n<p>O Programa de Controle do Tabagismo do Hospital de Messejana j\u00e1 ajudou muitos homens e mulheres a largar o h\u00e1bito. Criado em maio de 2001, por ocasi\u00e3o do Dia Mundial de Combate ao Fumo, a iniciativa surgiu com o objetivo de atender pessoas que apresentam o desejo de parar de fumar.<\/p>\n\n\n\n<p>O ambulat\u00f3rio funciona desde outubro de 2002 e foi o <strong>primeiro servi\u00e7o p\u00fablico de Fortaleza voltado ao tratamento do fumante<\/strong>. Uma vez inscrito, o paciente passa por uma triagem m\u00e9dica, onde s\u00e3o colhidas informa\u00e7\u00f5es pessoais relativas ao estado psicol\u00f3gico e quanto \u00e0 motiva\u00e7\u00e3o para deixar o cigarro. Exames importantes s\u00e3o realizados para revelar como est\u00e1 a sa\u00fade e o grau de depend\u00eancia. Ap\u00f3s a avalia\u00e7\u00e3o inicial, o usu\u00e1rio passa a fazer parte do grupo de apoio, no qual \u00e9 realizado o tratamento padr\u00e3o baseado na abordagem cognitivo-comportamental, no uso de antidepressivos e na terapia de reposi\u00e7\u00e3o nicot\u00ednica.<\/p>\n\n\n\n<p><strong>Programa de Controle da Asma Grave e de Dif\u00edcil Controle (Procan)<\/strong><\/p>\n\n\n\n<p>Com uma equipe de profissionais de sa\u00fade altamente capacitada para tratar pacientes com problemas mais complexos relacionados \u00e0 asma, o Programa de Controle da Asma Grave e de Dif\u00edcil Controle (Procan) tem como proposta oferecer mais qualidade de vida, mostrar que a doen\u00e7a pode ser administrada e que \u00e9 poss\u00edvel viver sem sofrer com as crises.<\/p>\n\n\n\n<p><strong>Programa de Reabilita\u00e7\u00e3o Pulmonar\/Caminhada no Bosque<\/strong><\/p>\n\n\n\n<p>O Programa de Reabilita\u00e7\u00e3o Pulmonar do Hospital de Messejana surgiu em 1999. Por meio da exposi\u00e7\u00e3o te\u00f3rica de car\u00e1ter informativo e educativo, com exerc\u00edcios adequados e adaptados a cada paciente, a iniciativa atua na reabilita\u00e7\u00e3o e no tratamento de doen\u00e7as pulmonares.<\/p>\n\n\n\n<p>O paciente ingressa no Programa por indica\u00e7\u00e3o do m\u00e9dico. Em seguida, passa por uma triagem realizada pela equipe multiprofissional composta por terapeuta ocupacional, fisioterapeuta, enfermeiro, assistente social, nutricionista e psic\u00f3loga.<\/p>\n\n\n\n<p>A Caminhada no Bosque \u00e9 uma atividade de extens\u00e3o para aqueles que foram assistidos na reabilita\u00e7\u00e3o. \u00c9 uma esp\u00e9cie de manuten\u00e7\u00e3o do tratamento. S\u00e3o realizadas caminhadas ao ar livre e gin\u00e1stica terap\u00eautica oriental sob supervis\u00e3o de um fisioterapeuta.<\/p>\n\n\n\n<p><strong>Programa de Atendimento Domiciliar<\/strong><\/p>\n\n\n\n<p>O Programa de Atendimento Domiciliar (PAD) leva atendimento \u00e0s resid\u00eancias de mais de 300 pacientes com doen\u00e7as card\u00edacas e pulmonares. O PAD possibilita o retorno ao conv\u00edvio familiar e oferece atendimento humanizado. Os cuidados s\u00e3o prestados por equipes multidisciplinares, compostas por m\u00e9dicos cardiologistas e pneumologistas, enfermeiros, assistentes sociais, nutricionistas, psic\u00f3logos, fisioterapeutas e t\u00e9cnicos de laborat\u00f3rios, que os visitam em suas resid\u00eancias.<\/p>\n\n\n\n<p><strong>Ambulat\u00f3rio de Tuberculose Multirresistente<\/strong><\/p>\n\n\n\n<p>O Ambulat\u00f3rio de Tuberculose Multirresistente do Hospital de Messejana funciona de segunda a sexta-feira, das 8h \u00e0s 16h. Para ser atendido, o paciente deve ser encaminhado por um posto de sa\u00fade.<\/p>\n\n\n\n<p>Os inscritos no ambulat\u00f3rio s\u00e3o atendidos por uma equipe multiprofissional com pneumologistas, enfermeiras, assistente social, farmac\u00eautica e t\u00e9cnica de Enfermagem. Eles recebem incentivos como vale-transporte e cesta b\u00e1sica, j\u00e1 que as condi\u00e7\u00f5es socioecon\u00f4micas da maioria s\u00e3o prec\u00e1rias e a doen\u00e7a os afasta do ambiente de trabalho. As cestas s\u00e3o doadas pela Associa\u00e7\u00e3o Hebert de Sousa, institui\u00e7\u00e3o filantr\u00f3pica.<\/p>\n\n\n\n<p><strong>Programa de Cirurgia Eletiva<\/strong><\/p>\n","protected":false},"excerpt":{"rendered":"<p>Programa de Reabilita\u00e7\u00e3o Card\u00edaca A Reabilita\u00e7\u00e3o Card\u00edaca, do Hospital de Messejana, iniciou suas atividades em 2009 atrav\u00e9s de um projeto piloto com foco na reabilita\u00e7\u00e3o de pacientes transplantados card\u00edacos. Os resultados fortaleceram a proposta de expandir o programa para outras categorias de pacientes, tais como: pacientes com insufici\u00eancia card\u00edaca, doen\u00e7a arterial coronariana e com valvopatias. [&hellip;]<\/p>\n","protected":false},"author":38,"featured_media":0,"parent":0,"menu_order":0,"comment_status":"closed","ping_status":"closed","template":"","meta":{"_acf_changed":false,"inline_featured_image":false,"footnotes":""},"class_list":["post-4594","page","type-page","status-publish","hentry"],"acf":[],"yoast_head":"<!-- This site is optimized with the Yoast SEO plugin v27.3 - https:\/\/yoast.com\/product\/yoast-seo-wordpress\/ -->\n<title>Programas - Hospital de Messejana<\/title>\n<meta name=\"robots\" content=\"index, follow, max-snippet:-1, max-image-preview:large, max-video-preview:-1\" \/>\n<link rel=\"canonical\" href=\"https:\/\/ww16.ce.gov.br\/hm\/programas-2\/\" \/>\n<meta property=\"og:locale\" content=\"pt_BR\" \/>\n<meta property=\"og:type\" content=\"article\" \/>\n<meta property=\"og:title\" content=\"Programas - Hospital de Messejana\" \/>\n<meta property=\"og:description\" content=\"Programa de Reabilita\u00e7\u00e3o Card\u00edaca A Reabilita\u00e7\u00e3o Card\u00edaca, do Hospital de Messejana, iniciou suas atividades em 2009 atrav\u00e9s de um projeto piloto com foco na reabilita\u00e7\u00e3o de pacientes transplantados card\u00edacos. Os resultados fortaleceram a proposta de expandir o programa para outras categorias de pacientes, tais como: pacientes com insufici\u00eancia card\u00edaca, doen\u00e7a arterial coronariana e com valvopatias. [&hellip;]\" \/>\n<meta property=\"og:url\" content=\"https:\/\/ww16.ce.gov.br\/hm\/programas-2\/\" \/>\n<meta property=\"og:site_name\" content=\"Hospital de Messejana\" \/>\n<meta property=\"article:modified_time\" content=\"2026-05-07T14:34:41+00:00\" \/>\n<meta property=\"og:image\" content=\"http:\/\/ww16.ce.gov.br\/hm\/wp-content\/uploads\/sites\/25\/2026\/02\/Savio-da-Silva_transplantado-2-1200x866-1.jpg\" \/>\n<meta name=\"twitter:card\" content=\"summary_large_image\" \/>\n<meta name=\"twitter:label1\" content=\"Est. reading time\" \/>\n\t<meta name=\"twitter:data1\" content=\"8 minutos\" \/>\n<script type=\"application\/ld+json\" class=\"yoast-schema-graph\">{\"@context\":\"https:\\\/\\\/schema.org\",\"@graph\":[{\"@type\":\"WebPage\",\"@id\":\"https:\\\/\\\/ww16.ce.gov.br\\\/hm\\\/programas-2\\\/\",\"url\":\"https:\\\/\\\/ww16.ce.gov.br\\\/hm\\\/programas-2\\\/\",\"name\":\"Programas - Hospital de Messejana\",\"isPartOf\":{\"@id\":\"https:\\\/\\\/ww16.ce.gov.br\\\/hm\\\/#website\"},\"primaryImageOfPage\":{\"@id\":\"https:\\\/\\\/ww16.ce.gov.br\\\/hm\\\/programas-2\\\/#primaryimage\"},\"image\":{\"@id\":\"https:\\\/\\\/ww16.ce.gov.br\\\/hm\\\/programas-2\\\/#primaryimage\"},\"thumbnailUrl\":\"http:\\\/\\\/ww16.ce.gov.br\\\/hm\\\/wp-content\\\/uploads\\\/sites\\\/25\\\/2026\\\/02\\\/Savio-da-Silva_transplantado-2-1200x866-1.jpg\",\"datePublished\":\"2026-02-04T19:21:07+00:00\",\"dateModified\":\"2026-05-07T14:34:41+00:00\",\"breadcrumb\":{\"@id\":\"https:\\\/\\\/ww16.ce.gov.br\\\/hm\\\/programas-2\\\/#breadcrumb\"},\"inLanguage\":\"pt-BR\",\"potentialAction\":[{\"@type\":\"ReadAction\",\"target\":[\"https:\\\/\\\/ww16.ce.gov.br\\\/hm\\\/programas-2\\\/\"]}]},{\"@type\":\"ImageObject\",\"inLanguage\":\"pt-BR\",\"@id\":\"https:\\\/\\\/ww16.ce.gov.br\\\/hm\\\/programas-2\\\/#primaryimage\",\"url\":\"http:\\\/\\\/ww16.ce.gov.br\\\/hm\\\/wp-content\\\/uploads\\\/sites\\\/25\\\/2026\\\/02\\\/Savio-da-Silva_transplantado-2-1200x866-1.jpg\",\"contentUrl\":\"http:\\\/\\\/ww16.ce.gov.br\\\/hm\\\/wp-content\\\/uploads\\\/sites\\\/25\\\/2026\\\/02\\\/Savio-da-Silva_transplantado-2-1200x866-1.jpg\"},{\"@type\":\"BreadcrumbList\",\"@id\":\"https:\\\/\\\/ww16.ce.gov.br\\\/hm\\\/programas-2\\\/#breadcrumb\",\"itemListElement\":[{\"@type\":\"ListItem\",\"position\":1,\"name\":\"In\u00edcio\",\"item\":\"https:\\\/\\\/ww16.ce.gov.br\\\/hm\\\/\"},{\"@type\":\"ListItem\",\"position\":2,\"name\":\"Programas\"}]},{\"@type\":\"WebSite\",\"@id\":\"https:\\\/\\\/ww16.ce.gov.br\\\/hm\\\/#website\",\"url\":\"https:\\\/\\\/ww16.ce.gov.br\\\/hm\\\/\",\"name\":\"Hospital de Messejana\",\"description\":\"Modelo Padr\u00e3o do Estado\",\"potentialAction\":[{\"@type\":\"SearchAction\",\"target\":{\"@type\":\"EntryPoint\",\"urlTemplate\":\"https:\\\/\\\/ww16.ce.gov.br\\\/hm\\\/?s={search_term_string}\"},\"query-input\":{\"@type\":\"PropertyValueSpecification\",\"valueRequired\":true,\"valueName\":\"search_term_string\"}}],\"inLanguage\":\"pt-BR\"}]}<\/script>\n<!-- \/ Yoast SEO plugin. -->","yoast_head_json":{"title":"Programas - Hospital de Messejana","robots":{"index":"index","follow":"follow","max-snippet":"max-snippet:-1","max-image-preview":"max-image-preview:large","max-video-preview":"max-video-preview:-1"},"canonical":"https:\/\/ww16.ce.gov.br\/hm\/programas-2\/","og_locale":"pt_BR","og_type":"article","og_title":"Programas - Hospital de Messejana","og_description":"Programa de Reabilita\u00e7\u00e3o Card\u00edaca A Reabilita\u00e7\u00e3o Card\u00edaca, do Hospital de Messejana, iniciou suas atividades em 2009 atrav\u00e9s de um projeto piloto com foco na reabilita\u00e7\u00e3o de pacientes transplantados card\u00edacos. Os resultados fortaleceram a proposta de expandir o programa para outras categorias de pacientes, tais como: pacientes com insufici\u00eancia card\u00edaca, doen\u00e7a arterial coronariana e com valvopatias. [&hellip;]","og_url":"https:\/\/ww16.ce.gov.br\/hm\/programas-2\/","og_site_name":"Hospital de Messejana","article_modified_time":"2026-05-07T14:34:41+00:00","og_image":[{"url":"http:\/\/ww16.ce.gov.br\/hm\/wp-content\/uploads\/sites\/25\/2026\/02\/Savio-da-Silva_transplantado-2-1200x866-1.jpg","type":"","width":"","height":""}],"twitter_card":"summary_large_image","twitter_misc":{"Est. reading time":"8 minutos"},"schema":{"@context":"https:\/\/schema.org","@graph":[{"@type":"WebPage","@id":"https:\/\/ww16.ce.gov.br\/hm\/programas-2\/","url":"https:\/\/ww16.ce.gov.br\/hm\/programas-2\/","name":"Programas - Hospital de Messejana","isPartOf":{"@id":"https:\/\/ww16.ce.gov.br\/hm\/#website"},"primaryImageOfPage":{"@id":"https:\/\/ww16.ce.gov.br\/hm\/programas-2\/#primaryimage"},"image":{"@id":"https:\/\/ww16.ce.gov.br\/hm\/programas-2\/#primaryimage"},"thumbnailUrl":"http:\/\/ww16.ce.gov.br\/hm\/wp-content\/uploads\/sites\/25\/2026\/02\/Savio-da-Silva_transplantado-2-1200x866-1.jpg","datePublished":"2026-02-04T19:21:07+00:00","dateModified":"2026-05-07T14:34:41+00:00","breadcrumb":{"@id":"https:\/\/ww16.ce.gov.br\/hm\/programas-2\/#breadcrumb"},"inLanguage":"pt-BR","potentialAction":[{"@type":"ReadAction","target":["https:\/\/ww16.ce.gov.br\/hm\/programas-2\/"]}]},{"@type":"ImageObject","inLanguage":"pt-BR","@id":"https:\/\/ww16.ce.gov.br\/hm\/programas-2\/#primaryimage","url":"http:\/\/ww16.ce.gov.br\/hm\/wp-content\/uploads\/sites\/25\/2026\/02\/Savio-da-Silva_transplantado-2-1200x866-1.jpg","contentUrl":"http:\/\/ww16.ce.gov.br\/hm\/wp-content\/uploads\/sites\/25\/2026\/02\/Savio-da-Silva_transplantado-2-1200x866-1.jpg"},{"@type":"BreadcrumbList","@id":"https:\/\/ww16.ce.gov.br\/hm\/programas-2\/#breadcrumb","itemListElement":[{"@type":"ListItem","position":1,"name":"In\u00edcio","item":"https:\/\/ww16.ce.gov.br\/hm\/"},{"@type":"ListItem","position":2,"name":"Programas"}]},{"@type":"WebSite","@id":"https:\/\/ww16.ce.gov.br\/hm\/#website","url":"https:\/\/ww16.ce.gov.br\/hm\/","name":"Hospital de Messejana","description":"Modelo Padr\u00e3o do Estado","potentialAction":[{"@type":"SearchAction","target":{"@type":"EntryPoint","urlTemplate":"https:\/\/ww16.ce.gov.br\/hm\/?s={search_term_string}"},"query-input":{"@type":"PropertyValueSpecification","valueRequired":true,"valueName":"search_term_string"}}],"inLanguage":"pt-BR"}]}},"_links":{"self":[{"href":"https:\/\/www.ce.gov.br\/hm\/wp-json\/wp\/v2\/pages\/4594","targetHints":{"allow":["GET"]}}],"collection":[{"href":"https:\/\/www.ce.gov.br\/hm\/wp-json\/wp\/v2\/pages"}],"about":[{"href":"https:\/\/www.ce.gov.br\/hm\/wp-json\/wp\/v2\/types\/page"}],"author":[{"embeddable":true,"href":"https:\/\/www.ce.gov.br\/hm\/wp-json\/wp\/v2\/users\/38"}],"replies":[{"embeddable":true,"href":"https:\/\/www.ce.gov.br\/hm\/wp-json\/wp\/v2\/comments?post=4594"}],"version-history":[{"count":5,"href":"https:\/\/www.ce.gov.br\/hm\/wp-json\/wp\/v2\/pages\/4594\/revisions"}],"predecessor-version":[{"id":4866,"href":"https:\/\/www.ce.gov.br\/hm\/wp-json\/wp\/v2\/pages\/4594\/revisions\/4866"}],"wp:attachment":[{"href":"https:\/\/www.ce.gov.br\/hm\/wp-json\/wp\/v2\/media?parent=4594"}],"curies":[{"name":"wp","href":"https:\/\/api.w.org\/{rel}","templated":true}]}}