{"id":4617,"date":"2026-02-05T13:20:27","date_gmt":"2026-02-05T16:20:27","guid":{"rendered":"http:\/\/ww16.ce.gov.br\/hm\/?page_id=4617"},"modified":"2026-02-05T13:20:30","modified_gmt":"2026-02-05T16:20:30","slug":"comite-de-etica-em-pesquisa-2","status":"publish","type":"page","link":"https:\/\/www.ce.gov.br\/hm\/comite-de-etica-em-pesquisa-2\/","title":{"rendered":"Comit\u00ea de \u00c9tica em Pesquisa"},"content":{"rendered":"\n<p>O Comit\u00ea de \u00c9tica em Pesquisa do Hospital de Messejana Dr. Carlos Alberto Studart Gomes (CEP-HM), credenciado pela Comiss\u00e3o Nacional de \u00c9tica em Pesquisa (Conep), do Conselho Nacional de Sa\u00fade (CNS) do Minist\u00e9rio da Sa\u00fade (MS), \u00e9 um \u00f3rg\u00e3o colegiado de natureza deliberativa para apreciar, analisar, revisar, autorizar, supervisionar e acompanhar protocolos de pesquisa, envolvendo seres humanos, a serem desenvolvidos no \u00e2mbito da institui\u00e7\u00e3o. Para tanto, s\u00e3o considerados os preceitos das Resolu\u00e7\u00f5es 466\/2012 e 510\/2016, do CNS-MS.<\/p>\n\n\n\n<p>Criado por ato diretor, por meio da Portaria N\u00ba 06\/1998-SSE\/HCEMJ\/CE, de 6 de agosto de 1998, o CEP \u00e9 composto por profissionais de sa\u00fade do HM e por um representante da comunidade. Cabe \u00e0 Comiss\u00e3o apreciar e aprovar todos os protocolos de pesquisa envolvendo seres humanos, inclusive os multic\u00eantricos, cabendo-lhe a responsabilidade prim\u00e1ria pelas decis\u00f5es sobre a \u00e9tica em pesquisa a ser desenvolvida na unidade, de modo a garantir e resguardar a integridade e os direitos das pessoas envolvidas nas referidas pesquisas em rela\u00e7\u00e3o aos poss\u00edveis danos f\u00edsicos e morais delas advindas. Assim, o CEP passa a ser correspons\u00e1vel pelas pesquisas aprovadas por ele. Essas valida\u00e7\u00f5es se d\u00e3o por meio de um protocolo que \u00e9 pr\u00e9-requisito para a realiza\u00e7\u00e3o de investiga\u00e7\u00f5es no \u00e2mbito do HM, bem como para publica\u00e7\u00f5es de artigos cient\u00edficos, monografias, disserta\u00e7\u00f5es e teses.<\/p>\n\n\n\n<p><strong>Telefone:<\/strong>&nbsp;(85) 3247-3342<br><strong>Email:<\/strong>&nbsp;cep.hm@hm.ce.gov.br<\/p>\n","protected":false},"excerpt":{"rendered":"<p>O Comit\u00ea de \u00c9tica em Pesquisa do Hospital de Messejana Dr. Carlos Alberto Studart Gomes (CEP-HM), credenciado pela Comiss\u00e3o Nacional de \u00c9tica em Pesquisa (Conep), do Conselho Nacional de Sa\u00fade (CNS) do Minist\u00e9rio da Sa\u00fade (MS), \u00e9 um \u00f3rg\u00e3o colegiado de natureza deliberativa para apreciar, analisar, revisar, autorizar, supervisionar e acompanhar protocolos de pesquisa, envolvendo [&hellip;]<\/p>\n","protected":false},"author":38,"featured_media":0,"parent":0,"menu_order":0,"comment_status":"closed","ping_status":"closed","template":"","meta":{"_acf_changed":false,"inline_featured_image":false,"footnotes":""},"class_list":["post-4617","page","type-page","status-publish","hentry"],"acf":[],"yoast_head":"<!-- This site is optimized with the Yoast SEO plugin v27.3 - https:\/\/yoast.com\/product\/yoast-seo-wordpress\/ -->\n<title>Comit\u00ea de \u00c9tica em Pesquisa - Hospital de Messejana<\/title>\n<meta name=\"robots\" content=\"index, follow, max-snippet:-1, max-image-preview:large, max-video-preview:-1\" \/>\n<link rel=\"canonical\" href=\"https:\/\/ww16.ce.gov.br\/hm\/comite-de-etica-em-pesquisa-2\/\" \/>\n<meta property=\"og:locale\" content=\"pt_BR\" \/>\n<meta property=\"og:type\" content=\"article\" \/>\n<meta property=\"og:title\" content=\"Comit\u00ea de \u00c9tica em Pesquisa - Hospital de Messejana\" \/>\n<meta property=\"og:description\" content=\"O Comit\u00ea de \u00c9tica em Pesquisa do Hospital de Messejana Dr. Carlos Alberto Studart Gomes (CEP-HM), credenciado pela Comiss\u00e3o Nacional de \u00c9tica em Pesquisa (Conep), do Conselho Nacional de Sa\u00fade (CNS) do Minist\u00e9rio da Sa\u00fade (MS), \u00e9 um \u00f3rg\u00e3o colegiado de natureza deliberativa para apreciar, analisar, revisar, autorizar, supervisionar e acompanhar protocolos de pesquisa, envolvendo [&hellip;]\" \/>\n<meta property=\"og:url\" content=\"https:\/\/ww16.ce.gov.br\/hm\/comite-de-etica-em-pesquisa-2\/\" \/>\n<meta property=\"og:site_name\" content=\"Hospital de Messejana\" \/>\n<meta property=\"article:modified_time\" content=\"2026-02-05T16:20:30+00:00\" \/>\n<meta name=\"twitter:card\" content=\"summary_large_image\" \/>\n<meta name=\"twitter:label1\" content=\"Est. reading time\" \/>\n\t<meta name=\"twitter:data1\" content=\"2 minutos\" \/>\n<script type=\"application\/ld+json\" class=\"yoast-schema-graph\">{\"@context\":\"https:\\\/\\\/schema.org\",\"@graph\":[{\"@type\":\"WebPage\",\"@id\":\"https:\\\/\\\/ww16.ce.gov.br\\\/hm\\\/comite-de-etica-em-pesquisa-2\\\/\",\"url\":\"https:\\\/\\\/ww16.ce.gov.br\\\/hm\\\/comite-de-etica-em-pesquisa-2\\\/\",\"name\":\"Comit\u00ea de \u00c9tica em Pesquisa - Hospital de Messejana\",\"isPartOf\":{\"@id\":\"https:\\\/\\\/ww16.ce.gov.br\\\/hm\\\/#website\"},\"datePublished\":\"2026-02-05T16:20:27+00:00\",\"dateModified\":\"2026-02-05T16:20:30+00:00\",\"breadcrumb\":{\"@id\":\"https:\\\/\\\/ww16.ce.gov.br\\\/hm\\\/comite-de-etica-em-pesquisa-2\\\/#breadcrumb\"},\"inLanguage\":\"pt-BR\",\"potentialAction\":[{\"@type\":\"ReadAction\",\"target\":[\"https:\\\/\\\/ww16.ce.gov.br\\\/hm\\\/comite-de-etica-em-pesquisa-2\\\/\"]}]},{\"@type\":\"BreadcrumbList\",\"@id\":\"https:\\\/\\\/ww16.ce.gov.br\\\/hm\\\/comite-de-etica-em-pesquisa-2\\\/#breadcrumb\",\"itemListElement\":[{\"@type\":\"ListItem\",\"position\":1,\"name\":\"In\u00edcio\",\"item\":\"https:\\\/\\\/ww16.ce.gov.br\\\/hm\\\/\"},{\"@type\":\"ListItem\",\"position\":2,\"name\":\"Comit\u00ea de \u00c9tica em Pesquisa\"}]},{\"@type\":\"WebSite\",\"@id\":\"https:\\\/\\\/ww16.ce.gov.br\\\/hm\\\/#website\",\"url\":\"https:\\\/\\\/ww16.ce.gov.br\\\/hm\\\/\",\"name\":\"Hospital de Messejana\",\"description\":\"Modelo Padr\u00e3o do Estado\",\"potentialAction\":[{\"@type\":\"SearchAction\",\"target\":{\"@type\":\"EntryPoint\",\"urlTemplate\":\"https:\\\/\\\/ww16.ce.gov.br\\\/hm\\\/?s={search_term_string}\"},\"query-input\":{\"@type\":\"PropertyValueSpecification\",\"valueRequired\":true,\"valueName\":\"search_term_string\"}}],\"inLanguage\":\"pt-BR\"}]}<\/script>\n<!-- \/ Yoast SEO plugin. -->","yoast_head_json":{"title":"Comit\u00ea de \u00c9tica em Pesquisa - Hospital de Messejana","robots":{"index":"index","follow":"follow","max-snippet":"max-snippet:-1","max-image-preview":"max-image-preview:large","max-video-preview":"max-video-preview:-1"},"canonical":"https:\/\/ww16.ce.gov.br\/hm\/comite-de-etica-em-pesquisa-2\/","og_locale":"pt_BR","og_type":"article","og_title":"Comit\u00ea de \u00c9tica em Pesquisa - Hospital de Messejana","og_description":"O Comit\u00ea de \u00c9tica em Pesquisa do Hospital de Messejana Dr. Carlos Alberto Studart Gomes (CEP-HM), credenciado pela Comiss\u00e3o Nacional de \u00c9tica em Pesquisa (Conep), do Conselho Nacional de Sa\u00fade (CNS) do Minist\u00e9rio da Sa\u00fade (MS), \u00e9 um \u00f3rg\u00e3o colegiado de natureza deliberativa para apreciar, analisar, revisar, autorizar, supervisionar e acompanhar protocolos de pesquisa, envolvendo [&hellip;]","og_url":"https:\/\/ww16.ce.gov.br\/hm\/comite-de-etica-em-pesquisa-2\/","og_site_name":"Hospital de Messejana","article_modified_time":"2026-02-05T16:20:30+00:00","twitter_card":"summary_large_image","twitter_misc":{"Est. reading time":"2 minutos"},"schema":{"@context":"https:\/\/schema.org","@graph":[{"@type":"WebPage","@id":"https:\/\/ww16.ce.gov.br\/hm\/comite-de-etica-em-pesquisa-2\/","url":"https:\/\/ww16.ce.gov.br\/hm\/comite-de-etica-em-pesquisa-2\/","name":"Comit\u00ea de \u00c9tica em Pesquisa - Hospital de Messejana","isPartOf":{"@id":"https:\/\/ww16.ce.gov.br\/hm\/#website"},"datePublished":"2026-02-05T16:20:27+00:00","dateModified":"2026-02-05T16:20:30+00:00","breadcrumb":{"@id":"https:\/\/ww16.ce.gov.br\/hm\/comite-de-etica-em-pesquisa-2\/#breadcrumb"},"inLanguage":"pt-BR","potentialAction":[{"@type":"ReadAction","target":["https:\/\/ww16.ce.gov.br\/hm\/comite-de-etica-em-pesquisa-2\/"]}]},{"@type":"BreadcrumbList","@id":"https:\/\/ww16.ce.gov.br\/hm\/comite-de-etica-em-pesquisa-2\/#breadcrumb","itemListElement":[{"@type":"ListItem","position":1,"name":"In\u00edcio","item":"https:\/\/ww16.ce.gov.br\/hm\/"},{"@type":"ListItem","position":2,"name":"Comit\u00ea de \u00c9tica em Pesquisa"}]},{"@type":"WebSite","@id":"https:\/\/ww16.ce.gov.br\/hm\/#website","url":"https:\/\/ww16.ce.gov.br\/hm\/","name":"Hospital de Messejana","description":"Modelo Padr\u00e3o do Estado","potentialAction":[{"@type":"SearchAction","target":{"@type":"EntryPoint","urlTemplate":"https:\/\/ww16.ce.gov.br\/hm\/?s={search_term_string}"},"query-input":{"@type":"PropertyValueSpecification","valueRequired":true,"valueName":"search_term_string"}}],"inLanguage":"pt-BR"}]}},"_links":{"self":[{"href":"https:\/\/www.ce.gov.br\/hm\/wp-json\/wp\/v2\/pages\/4617","targetHints":{"allow":["GET"]}}],"collection":[{"href":"https:\/\/www.ce.gov.br\/hm\/wp-json\/wp\/v2\/pages"}],"about":[{"href":"https:\/\/www.ce.gov.br\/hm\/wp-json\/wp\/v2\/types\/page"}],"author":[{"embeddable":true,"href":"https:\/\/www.ce.gov.br\/hm\/wp-json\/wp\/v2\/users\/38"}],"replies":[{"embeddable":true,"href":"https:\/\/www.ce.gov.br\/hm\/wp-json\/wp\/v2\/comments?post=4617"}],"version-history":[{"count":1,"href":"https:\/\/www.ce.gov.br\/hm\/wp-json\/wp\/v2\/pages\/4617\/revisions"}],"predecessor-version":[{"id":4619,"href":"https:\/\/www.ce.gov.br\/hm\/wp-json\/wp\/v2\/pages\/4617\/revisions\/4619"}],"wp:attachment":[{"href":"https:\/\/www.ce.gov.br\/hm\/wp-json\/wp\/v2\/media?parent=4617"}],"curies":[{"name":"wp","href":"https:\/\/api.w.org\/{rel}","templated":true}]}}