{"id":4622,"date":"2026-02-05T13:39:19","date_gmt":"2026-02-05T16:39:19","guid":{"rendered":"http:\/\/ww16.ce.gov.br\/hm\/?page_id=4622"},"modified":"2026-02-05T13:39:21","modified_gmt":"2026-02-05T16:39:21","slug":"educacao-permanente-2","status":"publish","type":"page","link":"https:\/\/www.ce.gov.br\/hm\/educacao-permanente-2\/","title":{"rendered":"Educa\u00e7\u00e3o Permanente"},"content":{"rendered":"\n<p>O setor de Educa\u00e7\u00e3o Continuada tem vincula\u00e7\u00e3o direta \u00e0 Unidade de Enfermagem do Hospital de Messejana com foco no desenvolvimento dos recursos humanos da \u00e1rea de assist\u00eancia, ensino e pesquisa. Congrega enfermeiros e t\u00e9cnicos em Enfermagem. \u00c9 uma se\u00e7\u00e3o de direito e autonomia profissional, de car\u00e1ter t\u00e9cnico-cient\u00edfico, dos membros da equipe.<\/p>\n\n\n\n<h3 class=\"wp-block-heading\"><strong>Objetivos<\/strong><\/h3>\n\n\n\n<p>\u2013 Integrar os enfermeiros da assist\u00eancia e do ensino, al\u00e9m de t\u00e9cnicos em Enfermagem, e incentiv\u00e1-los para o esp\u00edrito coletivo de trabalho, solidariedade e humaniza\u00e7\u00e3o hospitalar.<br>\u2013 Promover eventos t\u00e9cnico-cient\u00edficos e culturais envolvendo volunt\u00e1rios, estagi\u00e1rios, al\u00e9m de professores de institui\u00e7\u00f5es de ensino que mant\u00eam conv\u00eanio com o hospital, bem como os profissionais que integram a Unidade de Enfermagem.<br>\u2013 Promover integra\u00e7\u00e3o multiprofissional e interdisciplinar, buscando uma melhor qualidade da assist\u00eancia, do ensino e da pesquisa, na defesa dos interesses da profiss\u00e3o e dos pacientes assistidos pela Enfermagem.<br>\u2013 Manter articula\u00e7\u00e3o entre outras se\u00e7\u00f5es ou setores de sa\u00fade e trabalhadores de Enfermagem do HM, pensando mecanismos em defesa de uma pol\u00edtica de compet\u00eancia continuada, principalmente no que diz respeito \u00e0s quest\u00f5es de desenvolvimento profissional e cient\u00edfico da equipe.<br>\u2013 Proporcionar aos estudantes de Enfermagem treinamento como forma de adquirir experi\u00eancia para desenvolver a profiss\u00e3o com seguran\u00e7a e responsabilidade.<br>\u2013 Supervisionar, orientar e atualizar o processo de sistematiza\u00e7\u00e3o da assist\u00eancia de Enfermagem.<\/p>\n\n\n\n<p><strong>Telefone:&nbsp;<\/strong>(85) 3101-4073<\/p>\n","protected":false},"excerpt":{"rendered":"<p>O setor de Educa\u00e7\u00e3o Continuada tem vincula\u00e7\u00e3o direta \u00e0 Unidade de Enfermagem do Hospital de Messejana com foco no desenvolvimento dos recursos humanos da \u00e1rea de assist\u00eancia, ensino e pesquisa. Congrega enfermeiros e t\u00e9cnicos em Enfermagem. \u00c9 uma se\u00e7\u00e3o de direito e autonomia profissional, de car\u00e1ter t\u00e9cnico-cient\u00edfico, dos membros da equipe. Objetivos \u2013 Integrar os [&hellip;]<\/p>\n","protected":false},"author":38,"featured_media":0,"parent":0,"menu_order":0,"comment_status":"closed","ping_status":"closed","template":"","meta":{"_acf_changed":false,"inline_featured_image":false,"footnotes":""},"class_list":["post-4622","page","type-page","status-publish","hentry"],"acf":[],"yoast_head":"<!-- This site is optimized with the Yoast SEO plugin v27.3 - https:\/\/yoast.com\/product\/yoast-seo-wordpress\/ -->\n<title>Educa\u00e7\u00e3o Permanente - Hospital de Messejana<\/title>\n<meta name=\"robots\" content=\"index, follow, max-snippet:-1, max-image-preview:large, max-video-preview:-1\" \/>\n<link rel=\"canonical\" href=\"https:\/\/ww16.ce.gov.br\/hm\/educacao-permanente-2\/\" \/>\n<meta property=\"og:locale\" content=\"pt_BR\" \/>\n<meta property=\"og:type\" content=\"article\" \/>\n<meta property=\"og:title\" content=\"Educa\u00e7\u00e3o Permanente - Hospital de Messejana\" \/>\n<meta property=\"og:description\" content=\"O setor de Educa\u00e7\u00e3o Continuada tem vincula\u00e7\u00e3o direta \u00e0 Unidade de Enfermagem do Hospital de Messejana com foco no desenvolvimento dos recursos humanos da \u00e1rea de assist\u00eancia, ensino e pesquisa. Congrega enfermeiros e t\u00e9cnicos em Enfermagem. \u00c9 uma se\u00e7\u00e3o de direito e autonomia profissional, de car\u00e1ter t\u00e9cnico-cient\u00edfico, dos membros da equipe. Objetivos \u2013 Integrar os [&hellip;]\" \/>\n<meta property=\"og:url\" content=\"https:\/\/ww16.ce.gov.br\/hm\/educacao-permanente-2\/\" \/>\n<meta property=\"og:site_name\" content=\"Hospital de Messejana\" \/>\n<meta property=\"article:modified_time\" content=\"2026-02-05T16:39:21+00:00\" \/>\n<meta name=\"twitter:card\" content=\"summary_large_image\" \/>\n<meta name=\"twitter:label1\" content=\"Est. reading time\" \/>\n\t<meta name=\"twitter:data1\" content=\"2 minutos\" \/>\n<script type=\"application\/ld+json\" class=\"yoast-schema-graph\">{\"@context\":\"https:\\\/\\\/schema.org\",\"@graph\":[{\"@type\":\"WebPage\",\"@id\":\"https:\\\/\\\/ww16.ce.gov.br\\\/hm\\\/educacao-permanente-2\\\/\",\"url\":\"https:\\\/\\\/ww16.ce.gov.br\\\/hm\\\/educacao-permanente-2\\\/\",\"name\":\"Educa\u00e7\u00e3o Permanente - Hospital de Messejana\",\"isPartOf\":{\"@id\":\"https:\\\/\\\/ww16.ce.gov.br\\\/hm\\\/#website\"},\"datePublished\":\"2026-02-05T16:39:19+00:00\",\"dateModified\":\"2026-02-05T16:39:21+00:00\",\"breadcrumb\":{\"@id\":\"https:\\\/\\\/ww16.ce.gov.br\\\/hm\\\/educacao-permanente-2\\\/#breadcrumb\"},\"inLanguage\":\"pt-BR\",\"potentialAction\":[{\"@type\":\"ReadAction\",\"target\":[\"https:\\\/\\\/ww16.ce.gov.br\\\/hm\\\/educacao-permanente-2\\\/\"]}]},{\"@type\":\"BreadcrumbList\",\"@id\":\"https:\\\/\\\/ww16.ce.gov.br\\\/hm\\\/educacao-permanente-2\\\/#breadcrumb\",\"itemListElement\":[{\"@type\":\"ListItem\",\"position\":1,\"name\":\"In\u00edcio\",\"item\":\"https:\\\/\\\/ww16.ce.gov.br\\\/hm\\\/\"},{\"@type\":\"ListItem\",\"position\":2,\"name\":\"Educa\u00e7\u00e3o Permanente\"}]},{\"@type\":\"WebSite\",\"@id\":\"https:\\\/\\\/ww16.ce.gov.br\\\/hm\\\/#website\",\"url\":\"https:\\\/\\\/ww16.ce.gov.br\\\/hm\\\/\",\"name\":\"Hospital de Messejana\",\"description\":\"Modelo Padr\u00e3o do Estado\",\"potentialAction\":[{\"@type\":\"SearchAction\",\"target\":{\"@type\":\"EntryPoint\",\"urlTemplate\":\"https:\\\/\\\/ww16.ce.gov.br\\\/hm\\\/?s={search_term_string}\"},\"query-input\":{\"@type\":\"PropertyValueSpecification\",\"valueRequired\":true,\"valueName\":\"search_term_string\"}}],\"inLanguage\":\"pt-BR\"}]}<\/script>\n<!-- \/ Yoast SEO plugin. -->","yoast_head_json":{"title":"Educa\u00e7\u00e3o Permanente - Hospital de Messejana","robots":{"index":"index","follow":"follow","max-snippet":"max-snippet:-1","max-image-preview":"max-image-preview:large","max-video-preview":"max-video-preview:-1"},"canonical":"https:\/\/ww16.ce.gov.br\/hm\/educacao-permanente-2\/","og_locale":"pt_BR","og_type":"article","og_title":"Educa\u00e7\u00e3o Permanente - Hospital de Messejana","og_description":"O setor de Educa\u00e7\u00e3o Continuada tem vincula\u00e7\u00e3o direta \u00e0 Unidade de Enfermagem do Hospital de Messejana com foco no desenvolvimento dos recursos humanos da \u00e1rea de assist\u00eancia, ensino e pesquisa. Congrega enfermeiros e t\u00e9cnicos em Enfermagem. \u00c9 uma se\u00e7\u00e3o de direito e autonomia profissional, de car\u00e1ter t\u00e9cnico-cient\u00edfico, dos membros da equipe. Objetivos \u2013 Integrar os [&hellip;]","og_url":"https:\/\/ww16.ce.gov.br\/hm\/educacao-permanente-2\/","og_site_name":"Hospital de Messejana","article_modified_time":"2026-02-05T16:39:21+00:00","twitter_card":"summary_large_image","twitter_misc":{"Est. reading time":"2 minutos"},"schema":{"@context":"https:\/\/schema.org","@graph":[{"@type":"WebPage","@id":"https:\/\/ww16.ce.gov.br\/hm\/educacao-permanente-2\/","url":"https:\/\/ww16.ce.gov.br\/hm\/educacao-permanente-2\/","name":"Educa\u00e7\u00e3o Permanente - Hospital de Messejana","isPartOf":{"@id":"https:\/\/ww16.ce.gov.br\/hm\/#website"},"datePublished":"2026-02-05T16:39:19+00:00","dateModified":"2026-02-05T16:39:21+00:00","breadcrumb":{"@id":"https:\/\/ww16.ce.gov.br\/hm\/educacao-permanente-2\/#breadcrumb"},"inLanguage":"pt-BR","potentialAction":[{"@type":"ReadAction","target":["https:\/\/ww16.ce.gov.br\/hm\/educacao-permanente-2\/"]}]},{"@type":"BreadcrumbList","@id":"https:\/\/ww16.ce.gov.br\/hm\/educacao-permanente-2\/#breadcrumb","itemListElement":[{"@type":"ListItem","position":1,"name":"In\u00edcio","item":"https:\/\/ww16.ce.gov.br\/hm\/"},{"@type":"ListItem","position":2,"name":"Educa\u00e7\u00e3o Permanente"}]},{"@type":"WebSite","@id":"https:\/\/ww16.ce.gov.br\/hm\/#website","url":"https:\/\/ww16.ce.gov.br\/hm\/","name":"Hospital de Messejana","description":"Modelo Padr\u00e3o do Estado","potentialAction":[{"@type":"SearchAction","target":{"@type":"EntryPoint","urlTemplate":"https:\/\/ww16.ce.gov.br\/hm\/?s={search_term_string}"},"query-input":{"@type":"PropertyValueSpecification","valueRequired":true,"valueName":"search_term_string"}}],"inLanguage":"pt-BR"}]}},"_links":{"self":[{"href":"https:\/\/www.ce.gov.br\/hm\/wp-json\/wp\/v2\/pages\/4622","targetHints":{"allow":["GET"]}}],"collection":[{"href":"https:\/\/www.ce.gov.br\/hm\/wp-json\/wp\/v2\/pages"}],"about":[{"href":"https:\/\/www.ce.gov.br\/hm\/wp-json\/wp\/v2\/types\/page"}],"author":[{"embeddable":true,"href":"https:\/\/www.ce.gov.br\/hm\/wp-json\/wp\/v2\/users\/38"}],"replies":[{"embeddable":true,"href":"https:\/\/www.ce.gov.br\/hm\/wp-json\/wp\/v2\/comments?post=4622"}],"version-history":[{"count":1,"href":"https:\/\/www.ce.gov.br\/hm\/wp-json\/wp\/v2\/pages\/4622\/revisions"}],"predecessor-version":[{"id":4624,"href":"https:\/\/www.ce.gov.br\/hm\/wp-json\/wp\/v2\/pages\/4622\/revisions\/4624"}],"wp:attachment":[{"href":"https:\/\/www.ce.gov.br\/hm\/wp-json\/wp\/v2\/media?parent=4622"}],"curies":[{"name":"wp","href":"https:\/\/api.w.org\/{rel}","templated":true}]}}