{"id":4626,"date":"2026-02-05T13:41:05","date_gmt":"2026-02-05T16:41:05","guid":{"rendered":"http:\/\/ww16.ce.gov.br\/hm\/?page_id=4626"},"modified":"2026-02-05T13:41:07","modified_gmt":"2026-02-05T16:41:07","slug":"unidade-de-pesquisa-clinica-2","status":"publish","type":"page","link":"https:\/\/www.ce.gov.br\/hm\/unidade-de-pesquisa-clinica-2\/","title":{"rendered":"Unidade de Pesquisa Cl\u00ednica"},"content":{"rendered":"\n<p>A Unidade de Pesquisa Cl\u00ednica \u00e9 respons\u00e1vel pelo desenvolvimento e pelo apoio \u00e0 realiza\u00e7\u00e3o de pesquisas cl\u00ednicas no Hospital de Messejana Dr. Carlos Alberto Studart Gomes, sendo subordinada ao Centro de Estudos, Aperfei\u00e7oamento e Pesquisa (Ceap).<\/p>\n\n\n\n<h3 class=\"wp-block-heading\"><strong>Informativo aos pesquisadores<\/strong><\/h3>\n\n\n\n<p>Caros(as) pesquisadores(as),<\/p>\n\n\n\n<p>&nbsp;<br>Os trabalhos a serem desenvolvidos no Hospital de Messejana devem, obrigatoriamente, ser cadastrados na Unidade de Pesquisa Cl\u00ednica. Para se cadastrar, \u00e9 necess\u00e1rio preencher a ficha e o cadastro de pesquisador dispon\u00edveis na intranet e enviar por e-mail para&nbsp;<strong>unidadepesquisaclinica@gmail.com<\/strong>&nbsp;juntamente com o projeto de pesquisa.<\/p>\n\n\n\n<p>Ap\u00f3s receber toda a documenta\u00e7\u00e3o, a Unidade envia um comprovante a ser anexado na&nbsp;<a href=\"https:\/\/conselho.saude.gov.br\/plataforma-brasil-conep?view=default\" rel=\"noreferrer noopener\" target=\"_blank\"><strong>Plataforma Brasil<\/strong><\/a>. Caso esse tr\u00e2mite n\u00e3o ocorra, o Comit\u00ea de \u00c9tica pode recusar o recebimento.<\/p>\n","protected":false},"excerpt":{"rendered":"<p>A Unidade de Pesquisa Cl\u00ednica \u00e9 respons\u00e1vel pelo desenvolvimento e pelo apoio \u00e0 realiza\u00e7\u00e3o de pesquisas cl\u00ednicas no Hospital de Messejana Dr. Carlos Alberto Studart Gomes, sendo subordinada ao Centro de Estudos, Aperfei\u00e7oamento e Pesquisa (Ceap). Informativo aos pesquisadores Caros(as) pesquisadores(as), &nbsp;Os trabalhos a serem desenvolvidos no Hospital de Messejana devem, obrigatoriamente, ser cadastrados na [&hellip;]<\/p>\n","protected":false},"author":38,"featured_media":0,"parent":0,"menu_order":0,"comment_status":"closed","ping_status":"closed","template":"","meta":{"_acf_changed":false,"inline_featured_image":false,"footnotes":""},"class_list":["post-4626","page","type-page","status-publish","hentry"],"acf":[],"yoast_head":"<!-- This site is optimized with the Yoast SEO plugin v27.3 - https:\/\/yoast.com\/product\/yoast-seo-wordpress\/ -->\n<title>Unidade de Pesquisa Cl\u00ednica - Hospital de Messejana<\/title>\n<meta name=\"robots\" content=\"index, follow, max-snippet:-1, max-image-preview:large, max-video-preview:-1\" \/>\n<link rel=\"canonical\" href=\"https:\/\/ww16.ce.gov.br\/hm\/unidade-de-pesquisa-clinica-2\/\" \/>\n<meta property=\"og:locale\" content=\"pt_BR\" \/>\n<meta property=\"og:type\" content=\"article\" \/>\n<meta property=\"og:title\" content=\"Unidade de Pesquisa Cl\u00ednica - Hospital de Messejana\" \/>\n<meta property=\"og:description\" content=\"A Unidade de Pesquisa Cl\u00ednica \u00e9 respons\u00e1vel pelo desenvolvimento e pelo apoio \u00e0 realiza\u00e7\u00e3o de pesquisas cl\u00ednicas no Hospital de Messejana Dr. Carlos Alberto Studart Gomes, sendo subordinada ao Centro de Estudos, Aperfei\u00e7oamento e Pesquisa (Ceap). Informativo aos pesquisadores Caros(as) pesquisadores(as), &nbsp;Os trabalhos a serem desenvolvidos no Hospital de Messejana devem, obrigatoriamente, ser cadastrados na [&hellip;]\" \/>\n<meta property=\"og:url\" content=\"https:\/\/ww16.ce.gov.br\/hm\/unidade-de-pesquisa-clinica-2\/\" \/>\n<meta property=\"og:site_name\" content=\"Hospital de Messejana\" \/>\n<meta property=\"article:modified_time\" content=\"2026-02-05T16:41:07+00:00\" \/>\n<meta name=\"twitter:card\" content=\"summary_large_image\" \/>\n<meta name=\"twitter:label1\" content=\"Est. reading time\" \/>\n\t<meta name=\"twitter:data1\" content=\"1 minuto\" \/>\n<script type=\"application\/ld+json\" class=\"yoast-schema-graph\">{\"@context\":\"https:\\\/\\\/schema.org\",\"@graph\":[{\"@type\":\"WebPage\",\"@id\":\"https:\\\/\\\/ww16.ce.gov.br\\\/hm\\\/unidade-de-pesquisa-clinica-2\\\/\",\"url\":\"https:\\\/\\\/ww16.ce.gov.br\\\/hm\\\/unidade-de-pesquisa-clinica-2\\\/\",\"name\":\"Unidade de Pesquisa Cl\u00ednica - Hospital de Messejana\",\"isPartOf\":{\"@id\":\"https:\\\/\\\/ww16.ce.gov.br\\\/hm\\\/#website\"},\"datePublished\":\"2026-02-05T16:41:05+00:00\",\"dateModified\":\"2026-02-05T16:41:07+00:00\",\"breadcrumb\":{\"@id\":\"https:\\\/\\\/ww16.ce.gov.br\\\/hm\\\/unidade-de-pesquisa-clinica-2\\\/#breadcrumb\"},\"inLanguage\":\"pt-BR\",\"potentialAction\":[{\"@type\":\"ReadAction\",\"target\":[\"https:\\\/\\\/ww16.ce.gov.br\\\/hm\\\/unidade-de-pesquisa-clinica-2\\\/\"]}]},{\"@type\":\"BreadcrumbList\",\"@id\":\"https:\\\/\\\/ww16.ce.gov.br\\\/hm\\\/unidade-de-pesquisa-clinica-2\\\/#breadcrumb\",\"itemListElement\":[{\"@type\":\"ListItem\",\"position\":1,\"name\":\"In\u00edcio\",\"item\":\"https:\\\/\\\/ww16.ce.gov.br\\\/hm\\\/\"},{\"@type\":\"ListItem\",\"position\":2,\"name\":\"Unidade de Pesquisa Cl\u00ednica\"}]},{\"@type\":\"WebSite\",\"@id\":\"https:\\\/\\\/ww16.ce.gov.br\\\/hm\\\/#website\",\"url\":\"https:\\\/\\\/ww16.ce.gov.br\\\/hm\\\/\",\"name\":\"Hospital de Messejana\",\"description\":\"Modelo Padr\u00e3o do Estado\",\"potentialAction\":[{\"@type\":\"SearchAction\",\"target\":{\"@type\":\"EntryPoint\",\"urlTemplate\":\"https:\\\/\\\/ww16.ce.gov.br\\\/hm\\\/?s={search_term_string}\"},\"query-input\":{\"@type\":\"PropertyValueSpecification\",\"valueRequired\":true,\"valueName\":\"search_term_string\"}}],\"inLanguage\":\"pt-BR\"}]}<\/script>\n<!-- \/ Yoast SEO plugin. -->","yoast_head_json":{"title":"Unidade de Pesquisa Cl\u00ednica - Hospital de Messejana","robots":{"index":"index","follow":"follow","max-snippet":"max-snippet:-1","max-image-preview":"max-image-preview:large","max-video-preview":"max-video-preview:-1"},"canonical":"https:\/\/ww16.ce.gov.br\/hm\/unidade-de-pesquisa-clinica-2\/","og_locale":"pt_BR","og_type":"article","og_title":"Unidade de Pesquisa Cl\u00ednica - Hospital de Messejana","og_description":"A Unidade de Pesquisa Cl\u00ednica \u00e9 respons\u00e1vel pelo desenvolvimento e pelo apoio \u00e0 realiza\u00e7\u00e3o de pesquisas cl\u00ednicas no Hospital de Messejana Dr. Carlos Alberto Studart Gomes, sendo subordinada ao Centro de Estudos, Aperfei\u00e7oamento e Pesquisa (Ceap). Informativo aos pesquisadores Caros(as) pesquisadores(as), &nbsp;Os trabalhos a serem desenvolvidos no Hospital de Messejana devem, obrigatoriamente, ser cadastrados na [&hellip;]","og_url":"https:\/\/ww16.ce.gov.br\/hm\/unidade-de-pesquisa-clinica-2\/","og_site_name":"Hospital de Messejana","article_modified_time":"2026-02-05T16:41:07+00:00","twitter_card":"summary_large_image","twitter_misc":{"Est. reading time":"1 minuto"},"schema":{"@context":"https:\/\/schema.org","@graph":[{"@type":"WebPage","@id":"https:\/\/ww16.ce.gov.br\/hm\/unidade-de-pesquisa-clinica-2\/","url":"https:\/\/ww16.ce.gov.br\/hm\/unidade-de-pesquisa-clinica-2\/","name":"Unidade de Pesquisa Cl\u00ednica - Hospital de Messejana","isPartOf":{"@id":"https:\/\/ww16.ce.gov.br\/hm\/#website"},"datePublished":"2026-02-05T16:41:05+00:00","dateModified":"2026-02-05T16:41:07+00:00","breadcrumb":{"@id":"https:\/\/ww16.ce.gov.br\/hm\/unidade-de-pesquisa-clinica-2\/#breadcrumb"},"inLanguage":"pt-BR","potentialAction":[{"@type":"ReadAction","target":["https:\/\/ww16.ce.gov.br\/hm\/unidade-de-pesquisa-clinica-2\/"]}]},{"@type":"BreadcrumbList","@id":"https:\/\/ww16.ce.gov.br\/hm\/unidade-de-pesquisa-clinica-2\/#breadcrumb","itemListElement":[{"@type":"ListItem","position":1,"name":"In\u00edcio","item":"https:\/\/ww16.ce.gov.br\/hm\/"},{"@type":"ListItem","position":2,"name":"Unidade de Pesquisa Cl\u00ednica"}]},{"@type":"WebSite","@id":"https:\/\/ww16.ce.gov.br\/hm\/#website","url":"https:\/\/ww16.ce.gov.br\/hm\/","name":"Hospital de Messejana","description":"Modelo Padr\u00e3o do Estado","potentialAction":[{"@type":"SearchAction","target":{"@type":"EntryPoint","urlTemplate":"https:\/\/ww16.ce.gov.br\/hm\/?s={search_term_string}"},"query-input":{"@type":"PropertyValueSpecification","valueRequired":true,"valueName":"search_term_string"}}],"inLanguage":"pt-BR"}]}},"_links":{"self":[{"href":"https:\/\/www.ce.gov.br\/hm\/wp-json\/wp\/v2\/pages\/4626","targetHints":{"allow":["GET"]}}],"collection":[{"href":"https:\/\/www.ce.gov.br\/hm\/wp-json\/wp\/v2\/pages"}],"about":[{"href":"https:\/\/www.ce.gov.br\/hm\/wp-json\/wp\/v2\/types\/page"}],"author":[{"embeddable":true,"href":"https:\/\/www.ce.gov.br\/hm\/wp-json\/wp\/v2\/users\/38"}],"replies":[{"embeddable":true,"href":"https:\/\/www.ce.gov.br\/hm\/wp-json\/wp\/v2\/comments?post=4626"}],"version-history":[{"count":1,"href":"https:\/\/www.ce.gov.br\/hm\/wp-json\/wp\/v2\/pages\/4626\/revisions"}],"predecessor-version":[{"id":4628,"href":"https:\/\/www.ce.gov.br\/hm\/wp-json\/wp\/v2\/pages\/4626\/revisions\/4628"}],"wp:attachment":[{"href":"https:\/\/www.ce.gov.br\/hm\/wp-json\/wp\/v2\/media?parent=4626"}],"curies":[{"name":"wp","href":"https:\/\/api.w.org\/{rel}","templated":true}]}}