{"id":4633,"date":"2026-02-05T13:43:13","date_gmt":"2026-02-05T16:43:13","guid":{"rendered":"http:\/\/ww16.ce.gov.br\/hm\/?page_id=4633"},"modified":"2026-02-05T13:43:15","modified_gmt":"2026-02-05T16:43:15","slug":"escritorio-da-qualidade-2","status":"publish","type":"page","link":"https:\/\/www.ce.gov.br\/hm\/escritorio-da-qualidade-2\/","title":{"rendered":"Escrit\u00f3rio da Qualidade"},"content":{"rendered":"\n<p>O Escrit\u00f3rio da Qualidade \u00e9 respons\u00e1vel pela coordena\u00e7\u00e3o, implementa\u00e7\u00e3o e monitoramento cont\u00ednuo do Sistema de Gest\u00e3o da Qualidade no Hospital de Messejana Dr. Carlos Alberto Studart Gomes (HM), conforme as diretrizes da Pol\u00edtica Nacional de Gest\u00e3o da Qualidade em Servi\u00e7os de Sa\u00fade e as normativas vigentes para hospitais p\u00fablicos estaduais.<\/p>\n\n\n\n<p>Composto por uma equipe multiprofissional especializada, o Escrit\u00f3rio atua em n\u00edvel estrat\u00e9gico e operacional, promovendo a melhoria cont\u00ednua dos processos assistenciais, administrativos e de gest\u00e3o, com foco na excel\u00eancia do atendimento, na seguran\u00e7a do paciente e na efici\u00eancia institucional.<\/p>\n\n\n\n<p>A atual composi\u00e7\u00e3o do Escrit\u00f3rio da Qualidade foi institu\u00edda pela Dire\u00e7\u00e3o-Geral do hospital por meio da Portaria n\u00ba 36\/2024, de 13 de dezembro de 2024, visando promover, implementar e gerenciar a\u00e7\u00f5es de melhoria cont\u00ednua nos processos hospitalares.<\/p>\n\n\n\n<p><strong>Miss\u00e3o<\/strong><\/p>\n\n\n\n<p>Promover cultura de assist\u00eancia de qualidade e complexidade no Hospital de Messejana Dr Carlos Alberto Studart Gomes, com base no atendimento de forma segura e resolutiva e com foco nas \u00e1reas cardiovascular e pneumologia.<\/p>\n\n\n\n<p><strong>Vis\u00e3o<\/strong><\/p>\n\n\n\n<p>Disseminar a cultura de qualidade em todo o atendimento hospitalar de alta complexidade.<\/p>\n\n\n\n<p><strong>Atribui\u00e7\u00f5es do Escrit\u00f3rio da Qualidade<\/strong><\/p>\n\n\n\n<p>\u2013 Gest\u00e3o de documentos e protocolos institucionais<br>\u2013 Mapeamento e gerenciamento de processos<br>\u2013 Gest\u00e3o de performance, abrangendo os n\u00edveis operacional, t\u00e1tico e estrat\u00e9gico<br>\u2013 Realiza\u00e7\u00e3o de auditorias internas, cl\u00ednicas, de terceiros, al\u00e9m do acompanhamento das visitas de acredita\u00e7\u00e3o ou auditorias externas<br>\u2013 Interface essencial com comiss\u00f5es obrigat\u00f3rias e assistenciais, como a Comiss\u00e3o de \u00d3bitos, Comiss\u00e3o de Revis\u00e3o de Prontu\u00e1rio, Comiss\u00e3o de \u00c9tica de Enfermagem e Comiss\u00e3o de \u00c9tica em Pesquisa, entre outras<br>\u2013 Intera\u00e7\u00e3o com \u00d3rg\u00e3os externos, incluindo ag\u00eancias reguladoras, sociedades, associa\u00e7\u00f5es e institui\u00e7\u00f5es acreditadoras<br>\u2013 Alinhamento com o N\u00facleo de Seguran\u00e7a do Paciente para implementar a\u00e7\u00f5es focadas na seguran\u00e7a do paciente, como protocolos de preven\u00e7\u00e3o e tratamento, al\u00e9m do monitoramento e an\u00e1lise de eventos adversos.<\/p>\n\n\n\n<p>Atualizado em: Abril de 2025<br>Conforme Portaria n\u00ba 36\/2024 \u2013 Dire\u00e7\u00e3o-Geral do Hospital de Messejana<\/p>\n","protected":false},"excerpt":{"rendered":"<p>O Escrit\u00f3rio da Qualidade \u00e9 respons\u00e1vel pela coordena\u00e7\u00e3o, implementa\u00e7\u00e3o e monitoramento cont\u00ednuo do Sistema de Gest\u00e3o da Qualidade no Hospital de Messejana Dr. Carlos Alberto Studart Gomes (HM), conforme as diretrizes da Pol\u00edtica Nacional de Gest\u00e3o da Qualidade em Servi\u00e7os de Sa\u00fade e as normativas vigentes para hospitais p\u00fablicos estaduais. Composto por uma equipe multiprofissional [&hellip;]<\/p>\n","protected":false},"author":38,"featured_media":0,"parent":0,"menu_order":0,"comment_status":"closed","ping_status":"closed","template":"","meta":{"_acf_changed":false,"inline_featured_image":false,"footnotes":""},"class_list":["post-4633","page","type-page","status-publish","hentry"],"acf":[],"yoast_head":"<!-- This site is optimized with the Yoast SEO plugin v27.3 - https:\/\/yoast.com\/product\/yoast-seo-wordpress\/ -->\n<title>Escrit\u00f3rio da Qualidade - Hospital de Messejana<\/title>\n<meta name=\"robots\" content=\"index, follow, max-snippet:-1, max-image-preview:large, max-video-preview:-1\" \/>\n<link rel=\"canonical\" href=\"https:\/\/ww16.ce.gov.br\/hm\/escritorio-da-qualidade-2\/\" \/>\n<meta property=\"og:locale\" content=\"pt_BR\" \/>\n<meta property=\"og:type\" content=\"article\" \/>\n<meta property=\"og:title\" content=\"Escrit\u00f3rio da Qualidade - Hospital de Messejana\" \/>\n<meta property=\"og:description\" content=\"O Escrit\u00f3rio da Qualidade \u00e9 respons\u00e1vel pela coordena\u00e7\u00e3o, implementa\u00e7\u00e3o e monitoramento cont\u00ednuo do Sistema de Gest\u00e3o da Qualidade no Hospital de Messejana Dr. Carlos Alberto Studart Gomes (HM), conforme as diretrizes da Pol\u00edtica Nacional de Gest\u00e3o da Qualidade em Servi\u00e7os de Sa\u00fade e as normativas vigentes para hospitais p\u00fablicos estaduais. Composto por uma equipe multiprofissional [&hellip;]\" \/>\n<meta property=\"og:url\" content=\"https:\/\/ww16.ce.gov.br\/hm\/escritorio-da-qualidade-2\/\" \/>\n<meta property=\"og:site_name\" content=\"Hospital de Messejana\" \/>\n<meta property=\"article:modified_time\" content=\"2026-02-05T16:43:15+00:00\" \/>\n<meta name=\"twitter:card\" content=\"summary_large_image\" \/>\n<meta name=\"twitter:label1\" content=\"Est. reading time\" \/>\n\t<meta name=\"twitter:data1\" content=\"2 minutos\" \/>\n<script type=\"application\/ld+json\" class=\"yoast-schema-graph\">{\"@context\":\"https:\\\/\\\/schema.org\",\"@graph\":[{\"@type\":\"WebPage\",\"@id\":\"https:\\\/\\\/ww16.ce.gov.br\\\/hm\\\/escritorio-da-qualidade-2\\\/\",\"url\":\"https:\\\/\\\/ww16.ce.gov.br\\\/hm\\\/escritorio-da-qualidade-2\\\/\",\"name\":\"Escrit\u00f3rio da Qualidade - Hospital de Messejana\",\"isPartOf\":{\"@id\":\"https:\\\/\\\/ww16.ce.gov.br\\\/hm\\\/#website\"},\"datePublished\":\"2026-02-05T16:43:13+00:00\",\"dateModified\":\"2026-02-05T16:43:15+00:00\",\"breadcrumb\":{\"@id\":\"https:\\\/\\\/ww16.ce.gov.br\\\/hm\\\/escritorio-da-qualidade-2\\\/#breadcrumb\"},\"inLanguage\":\"pt-BR\",\"potentialAction\":[{\"@type\":\"ReadAction\",\"target\":[\"https:\\\/\\\/ww16.ce.gov.br\\\/hm\\\/escritorio-da-qualidade-2\\\/\"]}]},{\"@type\":\"BreadcrumbList\",\"@id\":\"https:\\\/\\\/ww16.ce.gov.br\\\/hm\\\/escritorio-da-qualidade-2\\\/#breadcrumb\",\"itemListElement\":[{\"@type\":\"ListItem\",\"position\":1,\"name\":\"In\u00edcio\",\"item\":\"https:\\\/\\\/ww16.ce.gov.br\\\/hm\\\/\"},{\"@type\":\"ListItem\",\"position\":2,\"name\":\"Escrit\u00f3rio da Qualidade\"}]},{\"@type\":\"WebSite\",\"@id\":\"https:\\\/\\\/ww16.ce.gov.br\\\/hm\\\/#website\",\"url\":\"https:\\\/\\\/ww16.ce.gov.br\\\/hm\\\/\",\"name\":\"Hospital de Messejana\",\"description\":\"Modelo Padr\u00e3o do Estado\",\"potentialAction\":[{\"@type\":\"SearchAction\",\"target\":{\"@type\":\"EntryPoint\",\"urlTemplate\":\"https:\\\/\\\/ww16.ce.gov.br\\\/hm\\\/?s={search_term_string}\"},\"query-input\":{\"@type\":\"PropertyValueSpecification\",\"valueRequired\":true,\"valueName\":\"search_term_string\"}}],\"inLanguage\":\"pt-BR\"}]}<\/script>\n<!-- \/ Yoast SEO plugin. -->","yoast_head_json":{"title":"Escrit\u00f3rio da Qualidade - Hospital de Messejana","robots":{"index":"index","follow":"follow","max-snippet":"max-snippet:-1","max-image-preview":"max-image-preview:large","max-video-preview":"max-video-preview:-1"},"canonical":"https:\/\/ww16.ce.gov.br\/hm\/escritorio-da-qualidade-2\/","og_locale":"pt_BR","og_type":"article","og_title":"Escrit\u00f3rio da Qualidade - Hospital de Messejana","og_description":"O Escrit\u00f3rio da Qualidade \u00e9 respons\u00e1vel pela coordena\u00e7\u00e3o, implementa\u00e7\u00e3o e monitoramento cont\u00ednuo do Sistema de Gest\u00e3o da Qualidade no Hospital de Messejana Dr. Carlos Alberto Studart Gomes (HM), conforme as diretrizes da Pol\u00edtica Nacional de Gest\u00e3o da Qualidade em Servi\u00e7os de Sa\u00fade e as normativas vigentes para hospitais p\u00fablicos estaduais. Composto por uma equipe multiprofissional [&hellip;]","og_url":"https:\/\/ww16.ce.gov.br\/hm\/escritorio-da-qualidade-2\/","og_site_name":"Hospital de Messejana","article_modified_time":"2026-02-05T16:43:15+00:00","twitter_card":"summary_large_image","twitter_misc":{"Est. reading time":"2 minutos"},"schema":{"@context":"https:\/\/schema.org","@graph":[{"@type":"WebPage","@id":"https:\/\/ww16.ce.gov.br\/hm\/escritorio-da-qualidade-2\/","url":"https:\/\/ww16.ce.gov.br\/hm\/escritorio-da-qualidade-2\/","name":"Escrit\u00f3rio da Qualidade - Hospital de Messejana","isPartOf":{"@id":"https:\/\/ww16.ce.gov.br\/hm\/#website"},"datePublished":"2026-02-05T16:43:13+00:00","dateModified":"2026-02-05T16:43:15+00:00","breadcrumb":{"@id":"https:\/\/ww16.ce.gov.br\/hm\/escritorio-da-qualidade-2\/#breadcrumb"},"inLanguage":"pt-BR","potentialAction":[{"@type":"ReadAction","target":["https:\/\/ww16.ce.gov.br\/hm\/escritorio-da-qualidade-2\/"]}]},{"@type":"BreadcrumbList","@id":"https:\/\/ww16.ce.gov.br\/hm\/escritorio-da-qualidade-2\/#breadcrumb","itemListElement":[{"@type":"ListItem","position":1,"name":"In\u00edcio","item":"https:\/\/ww16.ce.gov.br\/hm\/"},{"@type":"ListItem","position":2,"name":"Escrit\u00f3rio da Qualidade"}]},{"@type":"WebSite","@id":"https:\/\/ww16.ce.gov.br\/hm\/#website","url":"https:\/\/ww16.ce.gov.br\/hm\/","name":"Hospital de Messejana","description":"Modelo Padr\u00e3o do Estado","potentialAction":[{"@type":"SearchAction","target":{"@type":"EntryPoint","urlTemplate":"https:\/\/ww16.ce.gov.br\/hm\/?s={search_term_string}"},"query-input":{"@type":"PropertyValueSpecification","valueRequired":true,"valueName":"search_term_string"}}],"inLanguage":"pt-BR"}]}},"_links":{"self":[{"href":"https:\/\/www.ce.gov.br\/hm\/wp-json\/wp\/v2\/pages\/4633","targetHints":{"allow":["GET"]}}],"collection":[{"href":"https:\/\/www.ce.gov.br\/hm\/wp-json\/wp\/v2\/pages"}],"about":[{"href":"https:\/\/www.ce.gov.br\/hm\/wp-json\/wp\/v2\/types\/page"}],"author":[{"embeddable":true,"href":"https:\/\/www.ce.gov.br\/hm\/wp-json\/wp\/v2\/users\/38"}],"replies":[{"embeddable":true,"href":"https:\/\/www.ce.gov.br\/hm\/wp-json\/wp\/v2\/comments?post=4633"}],"version-history":[{"count":1,"href":"https:\/\/www.ce.gov.br\/hm\/wp-json\/wp\/v2\/pages\/4633\/revisions"}],"predecessor-version":[{"id":4635,"href":"https:\/\/www.ce.gov.br\/hm\/wp-json\/wp\/v2\/pages\/4633\/revisions\/4635"}],"wp:attachment":[{"href":"https:\/\/www.ce.gov.br\/hm\/wp-json\/wp\/v2\/media?parent=4633"}],"curies":[{"name":"wp","href":"https:\/\/api.w.org\/{rel}","templated":true}]}}