{"id":4638,"date":"2026-02-05T13:46:11","date_gmt":"2026-02-05T16:46:11","guid":{"rendered":"http:\/\/ww16.ce.gov.br\/hm\/?page_id=4638"},"modified":"2026-02-05T13:46:13","modified_gmt":"2026-02-05T16:46:13","slug":"gerencia-de-risco","status":"publish","type":"page","link":"https:\/\/www.ce.gov.br\/hm\/gerencia-de-risco\/","title":{"rendered":"Ger\u00eancia de Risco\u00a0"},"content":{"rendered":"\n<p>A Ger\u00eancia de Risco Sanit\u00e1rio Hospitalar do Hospital de Messejana, criada oficialmente em 2003, atua conforme diretrizes da Ag\u00eancia Nacional de Vigil\u00e2ncia Sanit\u00e1ria (Anvisa) e do Minist\u00e9rio da Sa\u00fade. Integrante da Rede Sentinela, tem como foco a seguran\u00e7a do paciente, a qualidade assistencial e a gest\u00e3o de riscos sanit\u00e1rios. Est\u00e1 vinculada \u00e0 Dire\u00e7\u00e3o-geral e trabalha em conjunto com o N\u00facleo de Seguran\u00e7a do Paciente e o Escrit\u00f3rio da Qualidade, seguindo normas como a RDC n.\u00ba 36\/2013.<\/p>\n\n\n\n<p>Suas a\u00e7\u00f5es abrangem \u00e1reas como hemovigil\u00e2ncia, tecnovigil\u00e2ncia, farmacovigil\u00e2ncia, biovigil\u00e2ncia, nutrivigil\u00e2ncia e saneantes. O planejamento \u00e9 voltado \u00e0 preven\u00e7\u00e3o e corre\u00e7\u00e3o de riscos, promovendo um ambiente seguro.<\/p>\n\n\n\n<p>A Ger\u00eancia realiza monitoramento cont\u00ednuo por meio de auditorias e ferramentas como FMEA, Diagrama de Ishikawa e Matriz de Risco, permitindo priorizar a\u00e7\u00f5es com base em criticidade.<\/p>\n\n\n\n<p>Elabora relat\u00f3rios t\u00e9cnicos peri\u00f3dicos que identificam e classificam riscos, com recomenda\u00e7\u00f5es baseadas em evid\u00eancias, auxiliando a gest\u00e3o hospitalar na tomada de decis\u00f5es. Sua fun\u00e7\u00e3o \u00e9 t\u00e9cnica e estrat\u00e9gica, n\u00e3o executando interven\u00e7\u00f5es diretas, mas articulando setores para melhoria cont\u00ednua dos processos.<\/p>\n\n\n\n<p><strong>Tecnovigil\u00e2ncia:<\/strong>&nbsp;Vigil\u00e2ncia de eventos adversos e de queixas t\u00e9cnicas de produtos e equipamentos para sa\u00fade.<br><strong>Farmacovigil\u00e2ncia:<\/strong>&nbsp;Identifica\u00e7\u00e3o e avalia\u00e7\u00e3o dos efeitos adversos de medicamentos em pacientes expostos a tratamentos espec\u00edficos.<br><strong>Hemovigil\u00e2ncia:<\/strong>&nbsp;Detec\u00e7\u00e3o, obten\u00e7\u00e3o de dados e an\u00e1lise dos efeitos indesej\u00e1veis de transfus\u00e3o de sangue em todo o seu processo.<br><strong>Biovigil\u00e2ncia:<\/strong>&nbsp;acompanhamento de eventos com transplantes de \u00f3rg\u00e3os.<br><strong>Nutrivigil\u00e2ncia:<\/strong>&nbsp;an\u00e1lise de eventos adversos relacionados \u00e0 terapia nutricional.<br><strong>Vigil\u00e2ncia de Saneantes:<\/strong>&nbsp;controle da seguran\u00e7a dos produtos de limpeza hospitalar.<\/p>\n","protected":false},"excerpt":{"rendered":"<p>A Ger\u00eancia de Risco Sanit\u00e1rio Hospitalar do Hospital de Messejana, criada oficialmente em 2003, atua conforme diretrizes da Ag\u00eancia Nacional de Vigil\u00e2ncia Sanit\u00e1ria (Anvisa) e do Minist\u00e9rio da Sa\u00fade. Integrante da Rede Sentinela, tem como foco a seguran\u00e7a do paciente, a qualidade assistencial e a gest\u00e3o de riscos sanit\u00e1rios. Est\u00e1 vinculada \u00e0 Dire\u00e7\u00e3o-geral e trabalha [&hellip;]<\/p>\n","protected":false},"author":38,"featured_media":0,"parent":0,"menu_order":0,"comment_status":"closed","ping_status":"closed","template":"","meta":{"_acf_changed":false,"inline_featured_image":false,"footnotes":""},"class_list":["post-4638","page","type-page","status-publish","hentry"],"acf":[],"yoast_head":"<!-- This site is optimized with the Yoast SEO plugin v27.3 - https:\/\/yoast.com\/product\/yoast-seo-wordpress\/ -->\n<title>Ger\u00eancia de Risco\u00a0 - Hospital de Messejana<\/title>\n<meta name=\"robots\" content=\"index, follow, max-snippet:-1, max-image-preview:large, max-video-preview:-1\" \/>\n<link rel=\"canonical\" href=\"https:\/\/ww16.ce.gov.br\/hm\/gerencia-de-risco\/\" \/>\n<meta property=\"og:locale\" content=\"pt_BR\" \/>\n<meta property=\"og:type\" content=\"article\" \/>\n<meta property=\"og:title\" content=\"Ger\u00eancia de Risco\u00a0 - Hospital de Messejana\" \/>\n<meta property=\"og:description\" content=\"A Ger\u00eancia de Risco Sanit\u00e1rio Hospitalar do Hospital de Messejana, criada oficialmente em 2003, atua conforme diretrizes da Ag\u00eancia Nacional de Vigil\u00e2ncia Sanit\u00e1ria (Anvisa) e do Minist\u00e9rio da Sa\u00fade. Integrante da Rede Sentinela, tem como foco a seguran\u00e7a do paciente, a qualidade assistencial e a gest\u00e3o de riscos sanit\u00e1rios. Est\u00e1 vinculada \u00e0 Dire\u00e7\u00e3o-geral e trabalha [&hellip;]\" \/>\n<meta property=\"og:url\" content=\"https:\/\/ww16.ce.gov.br\/hm\/gerencia-de-risco\/\" \/>\n<meta property=\"og:site_name\" content=\"Hospital de Messejana\" \/>\n<meta property=\"article:modified_time\" content=\"2026-02-05T16:46:13+00:00\" \/>\n<meta name=\"twitter:card\" content=\"summary_large_image\" \/>\n<meta name=\"twitter:label1\" content=\"Est. reading time\" \/>\n\t<meta name=\"twitter:data1\" content=\"2 minutos\" \/>\n<script type=\"application\/ld+json\" class=\"yoast-schema-graph\">{\"@context\":\"https:\\\/\\\/schema.org\",\"@graph\":[{\"@type\":\"WebPage\",\"@id\":\"https:\\\/\\\/ww16.ce.gov.br\\\/hm\\\/gerencia-de-risco\\\/\",\"url\":\"https:\\\/\\\/ww16.ce.gov.br\\\/hm\\\/gerencia-de-risco\\\/\",\"name\":\"Ger\u00eancia de Risco\u00a0 - Hospital de Messejana\",\"isPartOf\":{\"@id\":\"https:\\\/\\\/ww16.ce.gov.br\\\/hm\\\/#website\"},\"datePublished\":\"2026-02-05T16:46:11+00:00\",\"dateModified\":\"2026-02-05T16:46:13+00:00\",\"breadcrumb\":{\"@id\":\"https:\\\/\\\/ww16.ce.gov.br\\\/hm\\\/gerencia-de-risco\\\/#breadcrumb\"},\"inLanguage\":\"pt-BR\",\"potentialAction\":[{\"@type\":\"ReadAction\",\"target\":[\"https:\\\/\\\/ww16.ce.gov.br\\\/hm\\\/gerencia-de-risco\\\/\"]}]},{\"@type\":\"BreadcrumbList\",\"@id\":\"https:\\\/\\\/ww16.ce.gov.br\\\/hm\\\/gerencia-de-risco\\\/#breadcrumb\",\"itemListElement\":[{\"@type\":\"ListItem\",\"position\":1,\"name\":\"In\u00edcio\",\"item\":\"https:\\\/\\\/ww16.ce.gov.br\\\/hm\\\/\"},{\"@type\":\"ListItem\",\"position\":2,\"name\":\"Ger\u00eancia de Risco\u00a0\"}]},{\"@type\":\"WebSite\",\"@id\":\"https:\\\/\\\/ww16.ce.gov.br\\\/hm\\\/#website\",\"url\":\"https:\\\/\\\/ww16.ce.gov.br\\\/hm\\\/\",\"name\":\"Hospital de Messejana\",\"description\":\"Modelo Padr\u00e3o do Estado\",\"potentialAction\":[{\"@type\":\"SearchAction\",\"target\":{\"@type\":\"EntryPoint\",\"urlTemplate\":\"https:\\\/\\\/ww16.ce.gov.br\\\/hm\\\/?s={search_term_string}\"},\"query-input\":{\"@type\":\"PropertyValueSpecification\",\"valueRequired\":true,\"valueName\":\"search_term_string\"}}],\"inLanguage\":\"pt-BR\"}]}<\/script>\n<!-- \/ Yoast SEO plugin. -->","yoast_head_json":{"title":"Ger\u00eancia de Risco\u00a0 - Hospital de Messejana","robots":{"index":"index","follow":"follow","max-snippet":"max-snippet:-1","max-image-preview":"max-image-preview:large","max-video-preview":"max-video-preview:-1"},"canonical":"https:\/\/ww16.ce.gov.br\/hm\/gerencia-de-risco\/","og_locale":"pt_BR","og_type":"article","og_title":"Ger\u00eancia de Risco\u00a0 - Hospital de Messejana","og_description":"A Ger\u00eancia de Risco Sanit\u00e1rio Hospitalar do Hospital de Messejana, criada oficialmente em 2003, atua conforme diretrizes da Ag\u00eancia Nacional de Vigil\u00e2ncia Sanit\u00e1ria (Anvisa) e do Minist\u00e9rio da Sa\u00fade. Integrante da Rede Sentinela, tem como foco a seguran\u00e7a do paciente, a qualidade assistencial e a gest\u00e3o de riscos sanit\u00e1rios. Est\u00e1 vinculada \u00e0 Dire\u00e7\u00e3o-geral e trabalha [&hellip;]","og_url":"https:\/\/ww16.ce.gov.br\/hm\/gerencia-de-risco\/","og_site_name":"Hospital de Messejana","article_modified_time":"2026-02-05T16:46:13+00:00","twitter_card":"summary_large_image","twitter_misc":{"Est. reading time":"2 minutos"},"schema":{"@context":"https:\/\/schema.org","@graph":[{"@type":"WebPage","@id":"https:\/\/ww16.ce.gov.br\/hm\/gerencia-de-risco\/","url":"https:\/\/ww16.ce.gov.br\/hm\/gerencia-de-risco\/","name":"Ger\u00eancia de Risco\u00a0 - Hospital de Messejana","isPartOf":{"@id":"https:\/\/ww16.ce.gov.br\/hm\/#website"},"datePublished":"2026-02-05T16:46:11+00:00","dateModified":"2026-02-05T16:46:13+00:00","breadcrumb":{"@id":"https:\/\/ww16.ce.gov.br\/hm\/gerencia-de-risco\/#breadcrumb"},"inLanguage":"pt-BR","potentialAction":[{"@type":"ReadAction","target":["https:\/\/ww16.ce.gov.br\/hm\/gerencia-de-risco\/"]}]},{"@type":"BreadcrumbList","@id":"https:\/\/ww16.ce.gov.br\/hm\/gerencia-de-risco\/#breadcrumb","itemListElement":[{"@type":"ListItem","position":1,"name":"In\u00edcio","item":"https:\/\/ww16.ce.gov.br\/hm\/"},{"@type":"ListItem","position":2,"name":"Ger\u00eancia de Risco\u00a0"}]},{"@type":"WebSite","@id":"https:\/\/ww16.ce.gov.br\/hm\/#website","url":"https:\/\/ww16.ce.gov.br\/hm\/","name":"Hospital de Messejana","description":"Modelo Padr\u00e3o do Estado","potentialAction":[{"@type":"SearchAction","target":{"@type":"EntryPoint","urlTemplate":"https:\/\/ww16.ce.gov.br\/hm\/?s={search_term_string}"},"query-input":{"@type":"PropertyValueSpecification","valueRequired":true,"valueName":"search_term_string"}}],"inLanguage":"pt-BR"}]}},"_links":{"self":[{"href":"https:\/\/www.ce.gov.br\/hm\/wp-json\/wp\/v2\/pages\/4638","targetHints":{"allow":["GET"]}}],"collection":[{"href":"https:\/\/www.ce.gov.br\/hm\/wp-json\/wp\/v2\/pages"}],"about":[{"href":"https:\/\/www.ce.gov.br\/hm\/wp-json\/wp\/v2\/types\/page"}],"author":[{"embeddable":true,"href":"https:\/\/www.ce.gov.br\/hm\/wp-json\/wp\/v2\/users\/38"}],"replies":[{"embeddable":true,"href":"https:\/\/www.ce.gov.br\/hm\/wp-json\/wp\/v2\/comments?post=4638"}],"version-history":[{"count":1,"href":"https:\/\/www.ce.gov.br\/hm\/wp-json\/wp\/v2\/pages\/4638\/revisions"}],"predecessor-version":[{"id":4640,"href":"https:\/\/www.ce.gov.br\/hm\/wp-json\/wp\/v2\/pages\/4638\/revisions\/4640"}],"wp:attachment":[{"href":"https:\/\/www.ce.gov.br\/hm\/wp-json\/wp\/v2\/media?parent=4638"}],"curies":[{"name":"wp","href":"https:\/\/api.w.org\/{rel}","templated":true}]}}