{"id":4643,"date":"2026-02-05T13:48:52","date_gmt":"2026-02-05T16:48:52","guid":{"rendered":"http:\/\/ww16.ce.gov.br\/hm\/?page_id=4643"},"modified":"2026-02-05T13:48:54","modified_gmt":"2026-02-05T16:48:54","slug":"nucleo-de-seguranca-do-paciente-2","status":"publish","type":"page","link":"https:\/\/www.ce.gov.br\/hm\/nucleo-de-seguranca-do-paciente-2\/","title":{"rendered":"N\u00facleo de Seguran\u00e7a do Paciente"},"content":{"rendered":"\n<p>A Ag\u00eancia Nacional de Vigil\u00e2ncia Sanit\u00e1ria (Anvisa), de acordo com a Resolu\u00e7\u00e3o de Diretoria Colegiada (RDC) 36\/2013, orienta a notifica\u00e7\u00e3o de todos os incidentes com danos ou eventos adversos (EA) ocorridos em servi\u00e7os de sa\u00fade. O objetivo \u00e9 promover a melhoria da qualidade na assist\u00eancia prestada aos usu\u00e1rios por meio da identifica\u00e7\u00e3o dos fatores contribuintes para a falha, favorecendo a ado\u00e7\u00e3o de medidas que evitem a ocorr\u00eancia de novos problemas.<\/p>\n\n\n\n<p>O Comit\u00ea de Seguran\u00e7a do Paciente do Hospital de Messejana foi institu\u00eddo por portaria interna em julho de 2013, de acordo com a RDC 36\/2013, sendo um \u00f3rg\u00e3o de assessoramento \u00e0 Dire\u00e7\u00e3o Geral, com car\u00e1ter permanente, consultivo, deliberativo, articulador e incentivador. Possui agenda peri\u00f3dica com gestores das diversas \u00e1reas, tendo assento permanente na Ger\u00eancia de Risco, Escrit\u00f3rio da Qualidade, Comiss\u00e3o de Controle de Infec\u00e7\u00e3o Hospitalar (CCIH), Farm\u00e1cia, Centro Cir\u00fargico, Enfermagem, Vigil\u00e2ncia Epidemiol\u00f3gica e Educa\u00e7\u00e3o Permanente.<\/p>\n\n\n\n<p><\/p>\n","protected":false},"excerpt":{"rendered":"<p>A Ag\u00eancia Nacional de Vigil\u00e2ncia Sanit\u00e1ria (Anvisa), de acordo com a Resolu\u00e7\u00e3o de Diretoria Colegiada (RDC) 36\/2013, orienta a notifica\u00e7\u00e3o de todos os incidentes com danos ou eventos adversos (EA) ocorridos em servi\u00e7os de sa\u00fade. O objetivo \u00e9 promover a melhoria da qualidade na assist\u00eancia prestada aos usu\u00e1rios por meio da identifica\u00e7\u00e3o dos fatores contribuintes [&hellip;]<\/p>\n","protected":false},"author":38,"featured_media":0,"parent":0,"menu_order":0,"comment_status":"closed","ping_status":"closed","template":"","meta":{"_acf_changed":false,"inline_featured_image":false,"footnotes":""},"class_list":["post-4643","page","type-page","status-publish","hentry"],"acf":[],"yoast_head":"<!-- This site is optimized with the Yoast SEO plugin v27.3 - https:\/\/yoast.com\/product\/yoast-seo-wordpress\/ -->\n<title>N\u00facleo de Seguran\u00e7a do Paciente - Hospital de Messejana<\/title>\n<meta name=\"robots\" content=\"index, follow, max-snippet:-1, max-image-preview:large, max-video-preview:-1\" \/>\n<link rel=\"canonical\" href=\"https:\/\/ww16.ce.gov.br\/hm\/nucleo-de-seguranca-do-paciente-2\/\" \/>\n<meta property=\"og:locale\" content=\"pt_BR\" \/>\n<meta property=\"og:type\" content=\"article\" \/>\n<meta property=\"og:title\" content=\"N\u00facleo de Seguran\u00e7a do Paciente - Hospital de Messejana\" \/>\n<meta property=\"og:description\" content=\"A Ag\u00eancia Nacional de Vigil\u00e2ncia Sanit\u00e1ria (Anvisa), de acordo com a Resolu\u00e7\u00e3o de Diretoria Colegiada (RDC) 36\/2013, orienta a notifica\u00e7\u00e3o de todos os incidentes com danos ou eventos adversos (EA) ocorridos em servi\u00e7os de sa\u00fade. O objetivo \u00e9 promover a melhoria da qualidade na assist\u00eancia prestada aos usu\u00e1rios por meio da identifica\u00e7\u00e3o dos fatores contribuintes [&hellip;]\" \/>\n<meta property=\"og:url\" content=\"https:\/\/ww16.ce.gov.br\/hm\/nucleo-de-seguranca-do-paciente-2\/\" \/>\n<meta property=\"og:site_name\" content=\"Hospital de Messejana\" \/>\n<meta property=\"article:modified_time\" content=\"2026-02-05T16:48:54+00:00\" \/>\n<meta name=\"twitter:card\" content=\"summary_large_image\" \/>\n<meta name=\"twitter:label1\" content=\"Est. reading time\" \/>\n\t<meta name=\"twitter:data1\" content=\"1 minuto\" \/>\n<script type=\"application\/ld+json\" class=\"yoast-schema-graph\">{\"@context\":\"https:\\\/\\\/schema.org\",\"@graph\":[{\"@type\":\"WebPage\",\"@id\":\"https:\\\/\\\/ww16.ce.gov.br\\\/hm\\\/nucleo-de-seguranca-do-paciente-2\\\/\",\"url\":\"https:\\\/\\\/ww16.ce.gov.br\\\/hm\\\/nucleo-de-seguranca-do-paciente-2\\\/\",\"name\":\"N\u00facleo de Seguran\u00e7a do Paciente - Hospital de Messejana\",\"isPartOf\":{\"@id\":\"https:\\\/\\\/ww16.ce.gov.br\\\/hm\\\/#website\"},\"datePublished\":\"2026-02-05T16:48:52+00:00\",\"dateModified\":\"2026-02-05T16:48:54+00:00\",\"breadcrumb\":{\"@id\":\"https:\\\/\\\/ww16.ce.gov.br\\\/hm\\\/nucleo-de-seguranca-do-paciente-2\\\/#breadcrumb\"},\"inLanguage\":\"pt-BR\",\"potentialAction\":[{\"@type\":\"ReadAction\",\"target\":[\"https:\\\/\\\/ww16.ce.gov.br\\\/hm\\\/nucleo-de-seguranca-do-paciente-2\\\/\"]}]},{\"@type\":\"BreadcrumbList\",\"@id\":\"https:\\\/\\\/ww16.ce.gov.br\\\/hm\\\/nucleo-de-seguranca-do-paciente-2\\\/#breadcrumb\",\"itemListElement\":[{\"@type\":\"ListItem\",\"position\":1,\"name\":\"In\u00edcio\",\"item\":\"https:\\\/\\\/ww16.ce.gov.br\\\/hm\\\/\"},{\"@type\":\"ListItem\",\"position\":2,\"name\":\"N\u00facleo de Seguran\u00e7a do Paciente\"}]},{\"@type\":\"WebSite\",\"@id\":\"https:\\\/\\\/ww16.ce.gov.br\\\/hm\\\/#website\",\"url\":\"https:\\\/\\\/ww16.ce.gov.br\\\/hm\\\/\",\"name\":\"Hospital de Messejana\",\"description\":\"Modelo Padr\u00e3o do Estado\",\"potentialAction\":[{\"@type\":\"SearchAction\",\"target\":{\"@type\":\"EntryPoint\",\"urlTemplate\":\"https:\\\/\\\/ww16.ce.gov.br\\\/hm\\\/?s={search_term_string}\"},\"query-input\":{\"@type\":\"PropertyValueSpecification\",\"valueRequired\":true,\"valueName\":\"search_term_string\"}}],\"inLanguage\":\"pt-BR\"}]}<\/script>\n<!-- \/ Yoast SEO plugin. -->","yoast_head_json":{"title":"N\u00facleo de Seguran\u00e7a do Paciente - Hospital de Messejana","robots":{"index":"index","follow":"follow","max-snippet":"max-snippet:-1","max-image-preview":"max-image-preview:large","max-video-preview":"max-video-preview:-1"},"canonical":"https:\/\/ww16.ce.gov.br\/hm\/nucleo-de-seguranca-do-paciente-2\/","og_locale":"pt_BR","og_type":"article","og_title":"N\u00facleo de Seguran\u00e7a do Paciente - Hospital de Messejana","og_description":"A Ag\u00eancia Nacional de Vigil\u00e2ncia Sanit\u00e1ria (Anvisa), de acordo com a Resolu\u00e7\u00e3o de Diretoria Colegiada (RDC) 36\/2013, orienta a notifica\u00e7\u00e3o de todos os incidentes com danos ou eventos adversos (EA) ocorridos em servi\u00e7os de sa\u00fade. O objetivo \u00e9 promover a melhoria da qualidade na assist\u00eancia prestada aos usu\u00e1rios por meio da identifica\u00e7\u00e3o dos fatores contribuintes [&hellip;]","og_url":"https:\/\/ww16.ce.gov.br\/hm\/nucleo-de-seguranca-do-paciente-2\/","og_site_name":"Hospital de Messejana","article_modified_time":"2026-02-05T16:48:54+00:00","twitter_card":"summary_large_image","twitter_misc":{"Est. reading time":"1 minuto"},"schema":{"@context":"https:\/\/schema.org","@graph":[{"@type":"WebPage","@id":"https:\/\/ww16.ce.gov.br\/hm\/nucleo-de-seguranca-do-paciente-2\/","url":"https:\/\/ww16.ce.gov.br\/hm\/nucleo-de-seguranca-do-paciente-2\/","name":"N\u00facleo de Seguran\u00e7a do Paciente - Hospital de Messejana","isPartOf":{"@id":"https:\/\/ww16.ce.gov.br\/hm\/#website"},"datePublished":"2026-02-05T16:48:52+00:00","dateModified":"2026-02-05T16:48:54+00:00","breadcrumb":{"@id":"https:\/\/ww16.ce.gov.br\/hm\/nucleo-de-seguranca-do-paciente-2\/#breadcrumb"},"inLanguage":"pt-BR","potentialAction":[{"@type":"ReadAction","target":["https:\/\/ww16.ce.gov.br\/hm\/nucleo-de-seguranca-do-paciente-2\/"]}]},{"@type":"BreadcrumbList","@id":"https:\/\/ww16.ce.gov.br\/hm\/nucleo-de-seguranca-do-paciente-2\/#breadcrumb","itemListElement":[{"@type":"ListItem","position":1,"name":"In\u00edcio","item":"https:\/\/ww16.ce.gov.br\/hm\/"},{"@type":"ListItem","position":2,"name":"N\u00facleo de Seguran\u00e7a do Paciente"}]},{"@type":"WebSite","@id":"https:\/\/ww16.ce.gov.br\/hm\/#website","url":"https:\/\/ww16.ce.gov.br\/hm\/","name":"Hospital de Messejana","description":"Modelo Padr\u00e3o do Estado","potentialAction":[{"@type":"SearchAction","target":{"@type":"EntryPoint","urlTemplate":"https:\/\/ww16.ce.gov.br\/hm\/?s={search_term_string}"},"query-input":{"@type":"PropertyValueSpecification","valueRequired":true,"valueName":"search_term_string"}}],"inLanguage":"pt-BR"}]}},"_links":{"self":[{"href":"https:\/\/www.ce.gov.br\/hm\/wp-json\/wp\/v2\/pages\/4643","targetHints":{"allow":["GET"]}}],"collection":[{"href":"https:\/\/www.ce.gov.br\/hm\/wp-json\/wp\/v2\/pages"}],"about":[{"href":"https:\/\/www.ce.gov.br\/hm\/wp-json\/wp\/v2\/types\/page"}],"author":[{"embeddable":true,"href":"https:\/\/www.ce.gov.br\/hm\/wp-json\/wp\/v2\/users\/38"}],"replies":[{"embeddable":true,"href":"https:\/\/www.ce.gov.br\/hm\/wp-json\/wp\/v2\/comments?post=4643"}],"version-history":[{"count":1,"href":"https:\/\/www.ce.gov.br\/hm\/wp-json\/wp\/v2\/pages\/4643\/revisions"}],"predecessor-version":[{"id":4645,"href":"https:\/\/www.ce.gov.br\/hm\/wp-json\/wp\/v2\/pages\/4643\/revisions\/4645"}],"wp:attachment":[{"href":"https:\/\/www.ce.gov.br\/hm\/wp-json\/wp\/v2\/media?parent=4643"}],"curies":[{"name":"wp","href":"https:\/\/api.w.org\/{rel}","templated":true}]}}