{"id":4647,"date":"2026-02-05T13:50:08","date_gmt":"2026-02-05T16:50:08","guid":{"rendered":"http:\/\/ww16.ce.gov.br\/hm\/?page_id=4647"},"modified":"2026-02-05T13:50:10","modified_gmt":"2026-02-05T16:50:10","slug":"nucleo-hospitalar-de-epidemiologia-2","status":"publish","type":"page","link":"https:\/\/www.ce.gov.br\/hm\/nucleo-hospitalar-de-epidemiologia-2\/","title":{"rendered":"N\u00facleo Hospitalar de Epidemiologia"},"content":{"rendered":"\n<p>O&nbsp;<strong>N\u00facleo Hospitalar de Epidemiologia (NHE)<\/strong>&nbsp;\u00e9 o setor respons\u00e1vel pela coleta, an\u00e1lise, interpreta\u00e7\u00e3o e utiliza\u00e7\u00e3o das informa\u00e7\u00f5es de sa\u00fade voltadas \u00e0 Vigil\u00e2ncia Epidemiol\u00f3gica, com \u00eanfase nas Doen\u00e7as de Notifica\u00e7\u00e3o Compuls\u00f3ria (DNC) e em outros agravos relevantes para a sa\u00fade p\u00fablica. Em outras palavras, \u00e9 o servi\u00e7o encarregado de monitorar e acompanhar a ocorr\u00eancia de doen\u00e7as no ambiente hospitalar.<\/p>\n\n\n\n<p>O desempenho eficaz das atividades de vigil\u00e2ncia depende da qualidade e da disponibilidade das informa\u00e7\u00f5es, essenciais para subsidiar a formula\u00e7\u00e3o de estrat\u00e9gias de preven\u00e7\u00e3o e controle. Essa qualidade est\u00e1 diretamente ligada \u00e0 coleta adequada dos dados, realizada no local onde ocorre o evento de interesse sanit\u00e1rio.<\/p>\n\n\n\n<p><strong>O que \u00e9 Vigil\u00e2ncia Epidemiol\u00f3gica?<\/strong><\/p>\n\n\n\n<p>A Lei n\u00ba 8.080\/1990 define Vigil\u00e2ncia Epidemiol\u00f3gica como o \u201cconjunto de a\u00e7\u00f5es que proporcionam o conhecimento, a detec\u00e7\u00e3o ou a preven\u00e7\u00e3o de qualquer mudan\u00e7a nos fatores determinantes e condicionantes da sa\u00fade individual e coletiva, para recomendar e adotar medidas de preven\u00e7\u00e3o e controle de doen\u00e7as e agravos\u201d.<\/p>\n\n\n\n<p><strong>Qual o objetivo do NHE?<\/strong><\/p>\n\n\n\n<p>\u2013 Detectar, monitorar, notificar e investigar, de forma permanente e oportuna, os principais problemas e agravos que p\u00f5e em risco \u00e0 sa\u00fade da popula\u00e7\u00e3o, bem como recomendar e adotar as medidas de preven\u00e7\u00e3o e controle das doen\u00e7as, transmiss\u00edveis e n\u00e3o-transmiss\u00edveis, e agravos \u00e0 sa\u00fade.<\/p>\n\n\n\n<p>\u2013 Coletar, analisar, interpretar e divulgar oportunamente as informa\u00e7\u00f5es estrat\u00e9gicas para os gestores da institui\u00e7\u00e3o, com vistas a subsidiar o planejamento do servi\u00e7o hospitalar no manejo adequado de eventos de interesse \u00e0 sa\u00fade da popula\u00e7\u00e3o.<\/p>\n\n\n\n<p>\u2013 Recomendar e adotar as medidas de preven\u00e7\u00e3o e controle das doen\u00e7as.<\/p>\n\n\n\n<p>\u2013 Detectar \u00f3bitos de mulheres em idade f\u00e9rtil, \u00f3bitos maternos declarados, \u00f3bitos infantis e fetais, \u00f3bitos por doen\u00e7a infecciosa, por causa mal definida e por tuberculose.<\/p>\n\n\n\n<p>\u2013 Responder imediatamente \u00e0s potenciais emerg\u00eancias de sa\u00fade p\u00fablica no \u00e2mbito hospitalar, monitorar situa\u00e7\u00f5es espec\u00edficas, garantir um olhar cont\u00ednuo da situa\u00e7\u00e3o epidemiol\u00f3gica, incluindo as altera\u00e7\u00f5es no perfil de morbimortalidade.<\/p>\n\n\n\n<p>\u2013 Atuar na forma\u00e7\u00e3o dos profissionais de sa\u00fade, tanto na gradua\u00e7\u00e3o como na p\u00f3s-gradua\u00e7\u00e3o, para a qualifica\u00e7\u00e3o do cuidado em sa\u00fade e do manejo de potenciais emerg\u00eancias em sa\u00fade p\u00fablica.<\/p>\n\n\n\n<p>\u2013 Desenvolver as atividades do NHE de forma articulada com:<\/p>\n\n\n\n<p>I \u2013 N\u00facleo de Seguran\u00e7a do Paciente (NSP);<\/p>\n\n\n\n<p>II \u2013 Comiss\u00e3o de Controle e Infec\u00e7\u00e3o Hospitalar,<\/p>\n\n\n\n<p>III \u2013 Qualidade,<\/p>\n\n\n\n<p>IV \u2013 demais estruturas ou setores (Comiss\u00e3o de \u00f3bitos, Comiss\u00e3o de prontu\u00e1rios e outros), de interesse para a VIGIL\u00c2NCIA EM SA\u00daDE, e que visem contribuir para a qualifica\u00e7\u00e3o do cuidado em sa\u00fade ou manejo de&nbsp; &nbsp; &nbsp; &nbsp;potenciais emerg\u00eancias em sa\u00fade p\u00fablica.<\/p>\n\n\n\n<p><strong>O que s\u00e3o doen\u00e7as e agravos de notifica\u00e7\u00e3o compuls\u00f3ria?<\/strong><\/p>\n\n\n\n<p>S\u00e3o aquelas que, por lei, devem ser comunicadas \u00e0s autoridades de sa\u00fade p\u00fablica assim que s\u00e3o diagnosticadas ou suspeitas. Essa comunica\u00e7\u00e3o \u00e9 essencial para a vigil\u00e2ncia epidemiol\u00f3gica, permitindo o monitoramento e controle de doen\u00e7as, a identifica\u00e7\u00e3o de surtos e a ado\u00e7\u00e3o de medidas preventivas e de controle.<\/p>\n\n\n\n<p>A ocorr\u00eancia de suspeita ou confirma\u00e7\u00e3o de eventos de sa\u00fade p\u00fablica, doen\u00e7as e agravos listados na rela\u00e7\u00e3o das DNCs, atualmente composta por 48 categorias (de acordo com a portaria vigente n\u00ba 264, de 17 de fevereiro de 2020) e\/ou a notifica\u00e7\u00e3o de surto devem ser comunicados obrigatoriamente \u00e0 autoridade de sa\u00fade. \u00c9 facultado a estados e munic\u00edpios incluir outros problemas de sa\u00fade importantes em sua regi\u00e3o.<\/p>\n","protected":false},"excerpt":{"rendered":"<p>O&nbsp;N\u00facleo Hospitalar de Epidemiologia (NHE)&nbsp;\u00e9 o setor respons\u00e1vel pela coleta, an\u00e1lise, interpreta\u00e7\u00e3o e utiliza\u00e7\u00e3o das informa\u00e7\u00f5es de sa\u00fade voltadas \u00e0 Vigil\u00e2ncia Epidemiol\u00f3gica, com \u00eanfase nas Doen\u00e7as de Notifica\u00e7\u00e3o Compuls\u00f3ria (DNC) e em outros agravos relevantes para a sa\u00fade p\u00fablica. Em outras palavras, \u00e9 o servi\u00e7o encarregado de monitorar e acompanhar a ocorr\u00eancia de doen\u00e7as no [&hellip;]<\/p>\n","protected":false},"author":38,"featured_media":0,"parent":0,"menu_order":0,"comment_status":"closed","ping_status":"closed","template":"","meta":{"_acf_changed":false,"inline_featured_image":false,"footnotes":""},"class_list":["post-4647","page","type-page","status-publish","hentry"],"acf":[],"yoast_head":"<!-- This site is optimized with the Yoast SEO plugin v27.3 - https:\/\/yoast.com\/product\/yoast-seo-wordpress\/ -->\n<title>N\u00facleo Hospitalar de Epidemiologia - Hospital de Messejana<\/title>\n<meta name=\"robots\" content=\"index, follow, max-snippet:-1, max-image-preview:large, max-video-preview:-1\" \/>\n<link rel=\"canonical\" href=\"https:\/\/ww16.ce.gov.br\/hm\/nucleo-hospitalar-de-epidemiologia-2\/\" \/>\n<meta property=\"og:locale\" content=\"pt_BR\" \/>\n<meta property=\"og:type\" content=\"article\" \/>\n<meta property=\"og:title\" content=\"N\u00facleo Hospitalar de Epidemiologia - Hospital de Messejana\" \/>\n<meta property=\"og:description\" content=\"O&nbsp;N\u00facleo Hospitalar de Epidemiologia (NHE)&nbsp;\u00e9 o setor respons\u00e1vel pela coleta, an\u00e1lise, interpreta\u00e7\u00e3o e utiliza\u00e7\u00e3o das informa\u00e7\u00f5es de sa\u00fade voltadas \u00e0 Vigil\u00e2ncia Epidemiol\u00f3gica, com \u00eanfase nas Doen\u00e7as de Notifica\u00e7\u00e3o Compuls\u00f3ria (DNC) e em outros agravos relevantes para a sa\u00fade p\u00fablica. Em outras palavras, \u00e9 o servi\u00e7o encarregado de monitorar e acompanhar a ocorr\u00eancia de doen\u00e7as no [&hellip;]\" \/>\n<meta property=\"og:url\" content=\"https:\/\/ww16.ce.gov.br\/hm\/nucleo-hospitalar-de-epidemiologia-2\/\" \/>\n<meta property=\"og:site_name\" content=\"Hospital de Messejana\" \/>\n<meta property=\"article:modified_time\" content=\"2026-02-05T16:50:10+00:00\" \/>\n<meta name=\"twitter:card\" content=\"summary_large_image\" \/>\n<meta name=\"twitter:label1\" content=\"Est. reading time\" \/>\n\t<meta name=\"twitter:data1\" content=\"3 minutos\" \/>\n<script type=\"application\/ld+json\" class=\"yoast-schema-graph\">{\"@context\":\"https:\\\/\\\/schema.org\",\"@graph\":[{\"@type\":\"WebPage\",\"@id\":\"https:\\\/\\\/ww16.ce.gov.br\\\/hm\\\/nucleo-hospitalar-de-epidemiologia-2\\\/\",\"url\":\"https:\\\/\\\/ww16.ce.gov.br\\\/hm\\\/nucleo-hospitalar-de-epidemiologia-2\\\/\",\"name\":\"N\u00facleo Hospitalar de Epidemiologia - Hospital de Messejana\",\"isPartOf\":{\"@id\":\"https:\\\/\\\/ww16.ce.gov.br\\\/hm\\\/#website\"},\"datePublished\":\"2026-02-05T16:50:08+00:00\",\"dateModified\":\"2026-02-05T16:50:10+00:00\",\"breadcrumb\":{\"@id\":\"https:\\\/\\\/ww16.ce.gov.br\\\/hm\\\/nucleo-hospitalar-de-epidemiologia-2\\\/#breadcrumb\"},\"inLanguage\":\"pt-BR\",\"potentialAction\":[{\"@type\":\"ReadAction\",\"target\":[\"https:\\\/\\\/ww16.ce.gov.br\\\/hm\\\/nucleo-hospitalar-de-epidemiologia-2\\\/\"]}]},{\"@type\":\"BreadcrumbList\",\"@id\":\"https:\\\/\\\/ww16.ce.gov.br\\\/hm\\\/nucleo-hospitalar-de-epidemiologia-2\\\/#breadcrumb\",\"itemListElement\":[{\"@type\":\"ListItem\",\"position\":1,\"name\":\"In\u00edcio\",\"item\":\"https:\\\/\\\/ww16.ce.gov.br\\\/hm\\\/\"},{\"@type\":\"ListItem\",\"position\":2,\"name\":\"N\u00facleo Hospitalar de Epidemiologia\"}]},{\"@type\":\"WebSite\",\"@id\":\"https:\\\/\\\/ww16.ce.gov.br\\\/hm\\\/#website\",\"url\":\"https:\\\/\\\/ww16.ce.gov.br\\\/hm\\\/\",\"name\":\"Hospital de Messejana\",\"description\":\"Modelo Padr\u00e3o do Estado\",\"potentialAction\":[{\"@type\":\"SearchAction\",\"target\":{\"@type\":\"EntryPoint\",\"urlTemplate\":\"https:\\\/\\\/ww16.ce.gov.br\\\/hm\\\/?s={search_term_string}\"},\"query-input\":{\"@type\":\"PropertyValueSpecification\",\"valueRequired\":true,\"valueName\":\"search_term_string\"}}],\"inLanguage\":\"pt-BR\"}]}<\/script>\n<!-- \/ Yoast SEO plugin. -->","yoast_head_json":{"title":"N\u00facleo Hospitalar de Epidemiologia - Hospital de Messejana","robots":{"index":"index","follow":"follow","max-snippet":"max-snippet:-1","max-image-preview":"max-image-preview:large","max-video-preview":"max-video-preview:-1"},"canonical":"https:\/\/ww16.ce.gov.br\/hm\/nucleo-hospitalar-de-epidemiologia-2\/","og_locale":"pt_BR","og_type":"article","og_title":"N\u00facleo Hospitalar de Epidemiologia - Hospital de Messejana","og_description":"O&nbsp;N\u00facleo Hospitalar de Epidemiologia (NHE)&nbsp;\u00e9 o setor respons\u00e1vel pela coleta, an\u00e1lise, interpreta\u00e7\u00e3o e utiliza\u00e7\u00e3o das informa\u00e7\u00f5es de sa\u00fade voltadas \u00e0 Vigil\u00e2ncia Epidemiol\u00f3gica, com \u00eanfase nas Doen\u00e7as de Notifica\u00e7\u00e3o Compuls\u00f3ria (DNC) e em outros agravos relevantes para a sa\u00fade p\u00fablica. Em outras palavras, \u00e9 o servi\u00e7o encarregado de monitorar e acompanhar a ocorr\u00eancia de doen\u00e7as no [&hellip;]","og_url":"https:\/\/ww16.ce.gov.br\/hm\/nucleo-hospitalar-de-epidemiologia-2\/","og_site_name":"Hospital de Messejana","article_modified_time":"2026-02-05T16:50:10+00:00","twitter_card":"summary_large_image","twitter_misc":{"Est. reading time":"3 minutos"},"schema":{"@context":"https:\/\/schema.org","@graph":[{"@type":"WebPage","@id":"https:\/\/ww16.ce.gov.br\/hm\/nucleo-hospitalar-de-epidemiologia-2\/","url":"https:\/\/ww16.ce.gov.br\/hm\/nucleo-hospitalar-de-epidemiologia-2\/","name":"N\u00facleo Hospitalar de Epidemiologia - Hospital de Messejana","isPartOf":{"@id":"https:\/\/ww16.ce.gov.br\/hm\/#website"},"datePublished":"2026-02-05T16:50:08+00:00","dateModified":"2026-02-05T16:50:10+00:00","breadcrumb":{"@id":"https:\/\/ww16.ce.gov.br\/hm\/nucleo-hospitalar-de-epidemiologia-2\/#breadcrumb"},"inLanguage":"pt-BR","potentialAction":[{"@type":"ReadAction","target":["https:\/\/ww16.ce.gov.br\/hm\/nucleo-hospitalar-de-epidemiologia-2\/"]}]},{"@type":"BreadcrumbList","@id":"https:\/\/ww16.ce.gov.br\/hm\/nucleo-hospitalar-de-epidemiologia-2\/#breadcrumb","itemListElement":[{"@type":"ListItem","position":1,"name":"In\u00edcio","item":"https:\/\/ww16.ce.gov.br\/hm\/"},{"@type":"ListItem","position":2,"name":"N\u00facleo Hospitalar de Epidemiologia"}]},{"@type":"WebSite","@id":"https:\/\/ww16.ce.gov.br\/hm\/#website","url":"https:\/\/ww16.ce.gov.br\/hm\/","name":"Hospital de Messejana","description":"Modelo Padr\u00e3o do Estado","potentialAction":[{"@type":"SearchAction","target":{"@type":"EntryPoint","urlTemplate":"https:\/\/ww16.ce.gov.br\/hm\/?s={search_term_string}"},"query-input":{"@type":"PropertyValueSpecification","valueRequired":true,"valueName":"search_term_string"}}],"inLanguage":"pt-BR"}]}},"_links":{"self":[{"href":"https:\/\/www.ce.gov.br\/hm\/wp-json\/wp\/v2\/pages\/4647","targetHints":{"allow":["GET"]}}],"collection":[{"href":"https:\/\/www.ce.gov.br\/hm\/wp-json\/wp\/v2\/pages"}],"about":[{"href":"https:\/\/www.ce.gov.br\/hm\/wp-json\/wp\/v2\/types\/page"}],"author":[{"embeddable":true,"href":"https:\/\/www.ce.gov.br\/hm\/wp-json\/wp\/v2\/users\/38"}],"replies":[{"embeddable":true,"href":"https:\/\/www.ce.gov.br\/hm\/wp-json\/wp\/v2\/comments?post=4647"}],"version-history":[{"count":1,"href":"https:\/\/www.ce.gov.br\/hm\/wp-json\/wp\/v2\/pages\/4647\/revisions"}],"predecessor-version":[{"id":4649,"href":"https:\/\/www.ce.gov.br\/hm\/wp-json\/wp\/v2\/pages\/4647\/revisions\/4649"}],"wp:attachment":[{"href":"https:\/\/www.ce.gov.br\/hm\/wp-json\/wp\/v2\/media?parent=4647"}],"curies":[{"name":"wp","href":"https:\/\/api.w.org\/{rel}","templated":true}]}}